{"id":15652,"date":"2020-11-05T19:03:11","date_gmt":"2020-11-05T19:03:11","guid":{"rendered":"https:\/\/zaldionline.com\/?post_type=product&#038;p=15652"},"modified":"2023-04-24T14:57:35","modified_gmt":"2023-04-24T14:57:35","slug":"zaldi-trense-cabezadas-extra-joya-sencilla","status":"publish","type":"product","link":"https:\/\/www.zaldionline.com\/en\/product\/zaldi-trense-cabezadas-extra-joya-sencilla\/","title":{"rendered":"ZALDI TRENSE mit wei\u00df gl\u00e4nzenden Kristallen CABEZADAS EXTRA JOYA SENCILLA"},"content":{"rendered":"\t\t<div data-elementor-type=\"wp-post\" data-elementor-id=\"15652\" class=\"elementor elementor-15652\">\n\t\t\t\t\t\t<section class=\"elementor-section elementor-top-section elementor-element elementor-element-7f6a1932 elementor-section-boxed elementor-section-height-default elementor-section-height-default\" data-id=\"7f6a1932\" data-element_type=\"section\" data-e-type=\"section\">\n\t\t\t\t\t\t<div class=\"elementor-container elementor-column-gap-default\">\n\t\t\t\t\t<div class=\"elementor-column elementor-col-100 elementor-top-column elementor-element elementor-element-1b5579e5\" data-id=\"1b5579e5\" data-element_type=\"column\" data-e-type=\"column\">\n\t\t\t<div class=\"elementor-widget-wrap elementor-element-populated\">\n\t\t\t\t\t\t<div class=\"elementor-element elementor-element-7d912db9 elementor-widget elementor-widget-text-editor\" data-id=\"7d912db9\" data-element_type=\"widget\" data-e-type=\"widget\" data-widget_type=\"text-editor.default\">\n\t\t\t\t<div class=\"elementor-widget-container\">\n\t\t\t\t\t\t\t\t\t<p>Preis inkl. MwSt.: 246,49\u20ac<\/p><p>Zaldi Extra Trense aus schwarzem Leder mit schwarzem Knauf.<\/p><p>Lederz\u00fcgel mit Schnalle.<\/p><p>ANATOMISCHES ANTIDRUCK-KOPFST\u00dcCK.<\/p><p>Stirnband mit wei\u00df gl\u00e4nzenden Kristallen.<\/p><p>Anatomisches, breites und druckfestes Reithalfter.<\/p><p>Gepolstertes und unterlegtes Reithalfter und Stirnriemen.<\/p><p>Nasenriemen aus Lackleder.<\/p><p>Mit Nasenriemen.<\/p><p>Runde Backenst\u00fccke und Skorpionhaken.<\/p><p>Hergestellt aus hochwertigem Leder.<\/p><p>Schnalle aus Edelstahl.<\/p><p>Gr\u00f6\u00dfe: Cob (Medium), Full (Large).<br \/>Farben: Schwarz mit schwarzer Polsterung, Schwarz mit wei\u00dfer Polsterung.<\/p><p>Hergestellt von ZALDI. Tradition + Technologie.<\/p><p>Lieferzeit variabel<\/p><p>Ref.: 21019201<\/p>\t\t\t\t\t\t\t\t<\/div>\n\t\t\t\t<\/div>\n\t\t\t\t\t<\/div>\n\t\t<\/div>\n\t\t\t\t\t<\/div>\n\t\t<\/section>\n\t\t\t\t<\/div>\n\t\t","protected":false},"excerpt":{"rendered":"<p>Preis inkl. MwSt.: 246,49\u20ac Zaldi Extra Trense aus schwarzem Leder mit schwarzem Knauf. Lederz\u00fcgel mit Schnalle. ANATOMISCHES ANTIDRUCK-KOPFST\u00dcCK. Stirnband mit wei\u00df gl\u00e4nzenden Kristallen. Anatomisches, breites und druckfestes Reithalfter. Gepolstertes und unterlegtes Reithalfter und Stirnriemen. Nasenriemen aus Lackleder. Mit Nasenriemen. Runde Backenst\u00fccke und Skorpionhaken. Hergestellt aus hochwertigem Leder. Schnalle aus Edelstahl. Gr\u00f6\u00dfe: Cob (Medium), Full (Large). [&hellip;]<\/p>\n","protected":false},"featured_media":17380,"comment_status":"open","ping_status":"closed","template":"","meta":{"site-sidebar-layout":"default","site-content-layout":"default","ast-site-content-layout":"default","site-content-style":"default","site-sidebar-style":"default","ast-global-header-display":"","ast-banner-title-visibility":"","ast-main-header-display":"","ast-hfb-above-header-display":"","ast-hfb-below-header-display":"","ast-hfb-mobile-header-display":"","site-post-title":"","ast-breadcrumbs-content":"","ast-featured-img":"","footer-sml-layout":"","ast-disable-related-posts":"","theme-transparent-header-meta":"default","adv-header-id-meta":"","stick-header-meta":"","header-above-stick-meta":"","header-main-stick-meta":"","header-below-stick-meta":"","astra-migrate-meta-layouts":"default","ast-page-background-enabled":"default","ast-page-background-meta":{"desktop":{"background-color":"var(--ast-global-color-4)","background-image":"","background-repeat":"repeat","background-position":"center center","background-size":"auto","background-attachment":"scroll","background-type":"","background-media":"","overlay-type":"","overlay-color":"","overlay-opacity":"","overlay-gradient":""},"tablet":{"background-color":"","background-image":"","background-repeat":"repeat","background-position":"center center","background-size":"auto","background-attachment":"scroll","background-type":"","background-media":"","overlay-type":"","overlay-color":"","overlay-opacity":"","overlay-gradient":""},"mobile":{"background-color":"","background-image":"","background-repeat":"repeat","background-position":"center center","background-size":"auto","background-attachment":"scroll","background-type":"","background-media":"","overlay-type":"","overlay-color":"","overlay-opacity":"","overlay-gradient":""}},"ast-content-background-meta":{"desktop":{"background-color":"var(--ast-global-color-5)","background-image":"","background-repeat":"repeat","background-position":"center center","background-size":"auto","background-attachment":"scroll","background-type":"","background-media":"","overlay-type":"","overlay-color":"","overlay-opacity":"","overlay-gradient":""},"tablet":{"background-color":"var(--ast-global-color-5)","background-image":"","background-repeat":"repeat","background-position":"center center","background-size":"auto","background-attachment":"scroll","background-type":"","background-media":"","overlay-type":"","overlay-color":"","overlay-opacity":"","overlay-gradient":""},"mobile":{"background-color":"var(--ast-global-color-5)","background-image":"","background-repeat":"repeat","background-position":"center center","background-size":"auto","background-attachment":"scroll","background-type":"","background-media":"","overlay-type":"","overlay-color":"","overlay-opacity":"","overlay-gradient":""}},"ngg_post_thumbnail":0},"product_brand":[],"product_cat":[18,44],"product_tag":[953,955,956,954,337,338,339],"class_list":{"0":"post-15652","1":"product","2":"type-product","3":"status-publish","4":"has-post-thumbnail","6":"product_cat-accessories","7":"product_cat-bridles-accessories","8":"product_tag-anatomisches-antidruck-kopfstueck","9":"product_tag-hochwertiges-leder","10":"product_tag-lederzuegel","11":"product_tag-stirnband-mit-weiss-glaenzenden-kristallen","12":"product_tag-zaldi","13":"product_tag-zaldi-deutschland","14":"product_tag-zaldi-online-com","15":"desktop-align-left","16":"tablet-align-left","17":"mobile-align-left","19":"first","20":"instock","21":"taxable","22":"shipping-taxable","23":"purchasable","24":"product-type-variable"},"yoast_head":"<!-- This site is optimized with the Yoast SEO plugin v27.4 - https:\/\/yoast.com\/product\/yoast-seo-wordpress\/ -->\n<title>ZALDI TRENSE mit wei\u00df gl\u00e4nzenden Kristallen CABEZADAS EXTRA JOYA SENCILLA - Zaldi Online<\/title>\n<meta name=\"description\" content=\"Preis inkl. MwSt.: 246,49\u20ac Zaldi Extra Trense aus schwarzem Leder mit schwarzem Knauf. Lederz\u00fcgel mit Schnalle. ANATOMISCHES ANTIDRUCK-KOPFST\u00dcCK. Stirnband mit wei\u00df gl\u00e4nzenden Kristallen. Anatomisches, breites und druckfestes Reithalfter. Gepolstertes und unterlegtes Reithalfter und Stirnriemen. Nasenriemen aus Lackleder. Mit Nasenriemen. Runde Backenst\u00fccke und Skorpionhaken. Hergestellt aus hochwertigem Leder. Schnalle aus Edelstahl. Gr\u00f6\u00dfe: Cob (Medium), Full (Large).Farben: Schwarz mit schwarzer Polsterung, Schwarz mit wei\u00dfer Polsterung. Hergestellt von ZALDI. Tradition + Technologie. Lieferzeit variabel. Erh\u00e4ltlich \u00fcber Zaldionline.com Ref.: 21019201\" \/>\n<meta name=\"robots\" content=\"index, follow, max-snippet:-1, max-image-preview:large, max-video-preview:-1\" \/>\n<link rel=\"canonical\" href=\"https:\/\/www.zaldionline.com\/en\/product\/zaldi-trense-cabezadas-extra-joya-sencilla\/\" \/>\n<meta property=\"og:locale\" content=\"en_GB\" \/>\n<meta property=\"og:type\" content=\"article\" \/>\n<meta property=\"og:title\" content=\"ZALDI TRENSE mit wei\u00df gl\u00e4nzenden Kristallen CABEZADAS EXTRA JOYA SENCILLA - Zaldi Online\" \/>\n<meta property=\"og:description\" content=\"Preis inkl. MwSt.: 246,49\u20ac Zaldi Extra Trense aus schwarzem Leder mit schwarzem Knauf. Lederz\u00fcgel mit Schnalle. ANATOMISCHES ANTIDRUCK-KOPFST\u00dcCK. Stirnband mit wei\u00df gl\u00e4nzenden Kristallen. Anatomisches, breites und druckfestes Reithalfter. Gepolstertes und unterlegtes Reithalfter und Stirnriemen. Nasenriemen aus Lackleder. Mit Nasenriemen. Runde Backenst\u00fccke und Skorpionhaken. Hergestellt aus hochwertigem Leder. Schnalle aus Edelstahl. Gr\u00f6\u00dfe: Cob (Medium), Full (Large).Farben: Schwarz mit schwarzer Polsterung, Schwarz mit wei\u00dfer Polsterung. Hergestellt von ZALDI. Tradition + Technologie. Lieferzeit variabel. Erh\u00e4ltlich \u00fcber Zaldionline.com Ref.: 21019201\" \/>\n<meta property=\"og:url\" content=\"https:\/\/www.zaldionline.com\/en\/product\/zaldi-trense-cabezadas-extra-joya-sencilla\/\" \/>\n<meta property=\"og:site_name\" content=\"Zaldi Online\" \/>\n<meta property=\"article:modified_time\" content=\"2023-04-24T14:57:35+00:00\" \/>\n<meta property=\"og:image\" content=\"https:\/\/www.zaldionline.com\/en\/wp-content\/uploads\/sites\/3\/2020\/11\/Bild_2020-12-10_144919.png\" \/>\n\t<meta property=\"og:image:width\" content=\"514\" \/>\n\t<meta property=\"og:image:height\" content=\"510\" \/>\n\t<meta property=\"og:image:type\" content=\"image\/png\" \/>\n<meta name=\"twitter:card\" content=\"summary_large_image\" \/>\n<meta name=\"twitter:label1\" content=\"Estimated reading time\" \/>\n\t<meta name=\"twitter:data1\" content=\"1 minute\" \/>\n<script type=\"application\/ld+json\" class=\"yoast-schema-graph\">{\"@context\":\"https:\\\/\\\/schema.org\",\"@graph\":[{\"@type\":\"WebPage\",\"@id\":\"https:\\\/\\\/www.zaldionline.com\\\/en\\\/product\\\/zaldi-trense-cabezadas-extra-joya-sencilla\\\/\",\"url\":\"https:\\\/\\\/www.zaldionline.com\\\/en\\\/product\\\/zaldi-trense-cabezadas-extra-joya-sencilla\\\/\",\"name\":\"ZALDI TRENSE mit wei\u00df gl\u00e4nzenden Kristallen CABEZADAS EXTRA JOYA SENCILLA - Zaldi Online\",\"isPartOf\":{\"@id\":\"https:\\\/\\\/www.zaldionline.com\\\/en\\\/#website\"},\"primaryImageOfPage\":{\"@id\":\"https:\\\/\\\/www.zaldionline.com\\\/en\\\/product\\\/zaldi-trense-cabezadas-extra-joya-sencilla\\\/#primaryimage\"},\"image\":{\"@id\":\"https:\\\/\\\/www.zaldionline.com\\\/en\\\/product\\\/zaldi-trense-cabezadas-extra-joya-sencilla\\\/#primaryimage\"},\"thumbnailUrl\":\"https:\\\/\\\/www.zaldionline.com\\\/en\\\/wp-content\\\/uploads\\\/sites\\\/3\\\/2020\\\/11\\\/Bild_2020-12-10_144919.png\",\"datePublished\":\"2020-11-05T19:03:11+00:00\",\"dateModified\":\"2023-04-24T14:57:35+00:00\",\"description\":\"Preis inkl. MwSt.: 246,49\u20ac Zaldi Extra Trense aus schwarzem Leder mit schwarzem Knauf. Lederz\u00fcgel mit Schnalle. ANATOMISCHES ANTIDRUCK-KOPFST\u00dcCK. Stirnband mit wei\u00df gl\u00e4nzenden Kristallen. Anatomisches, breites und druckfestes Reithalfter. Gepolstertes und unterlegtes Reithalfter und Stirnriemen. Nasenriemen aus Lackleder. Mit Nasenriemen. Runde Backenst\u00fccke und Skorpionhaken. Hergestellt aus hochwertigem Leder. Schnalle aus Edelstahl. Gr\u00f6\u00dfe: Cob (Medium), Full (Large).Farben: Schwarz mit schwarzer Polsterung, Schwarz mit wei\u00dfer Polsterung. Hergestellt von ZALDI. Tradition + Technologie. Lieferzeit variabel. Erh\u00e4ltlich \u00fcber Zaldionline.com Ref.: 21019201\",\"breadcrumb\":{\"@id\":\"https:\\\/\\\/www.zaldionline.com\\\/en\\\/product\\\/zaldi-trense-cabezadas-extra-joya-sencilla\\\/#breadcrumb\"},\"inLanguage\":\"en-GB\",\"potentialAction\":[{\"@type\":\"ReadAction\",\"target\":[\"https:\\\/\\\/www.zaldionline.com\\\/en\\\/product\\\/zaldi-trense-cabezadas-extra-joya-sencilla\\\/\"]}]},{\"@type\":\"ImageObject\",\"inLanguage\":\"en-GB\",\"@id\":\"https:\\\/\\\/www.zaldionline.com\\\/en\\\/product\\\/zaldi-trense-cabezadas-extra-joya-sencilla\\\/#primaryimage\",\"url\":\"https:\\\/\\\/www.zaldionline.com\\\/en\\\/wp-content\\\/uploads\\\/sites\\\/3\\\/2020\\\/11\\\/Bild_2020-12-10_144919.png\",\"contentUrl\":\"https:\\\/\\\/www.zaldionline.com\\\/en\\\/wp-content\\\/uploads\\\/sites\\\/3\\\/2020\\\/11\\\/Bild_2020-12-10_144919.png\",\"width\":514,\"height\":510},{\"@type\":\"BreadcrumbList\",\"@id\":\"https:\\\/\\\/www.zaldionline.com\\\/en\\\/product\\\/zaldi-trense-cabezadas-extra-joya-sencilla\\\/#breadcrumb\",\"itemListElement\":[{\"@type\":\"ListItem\",\"position\":1,\"name\":\"Portada\",\"item\":\"https:\\\/\\\/www.zaldionline.com\\\/en\\\/\"},{\"@type\":\"ListItem\",\"position\":2,\"name\":\"Saddles &#038; Accessories\",\"item\":\"https:\\\/\\\/www.zaldionline.com\\\/en\\\/saddles-and-accessories\\\/\"},{\"@type\":\"ListItem\",\"position\":3,\"name\":\"ZALDI TRENSE mit wei\u00df gl\u00e4nzenden Kristallen CABEZADAS EXTRA JOYA SENCILLA\"}]},{\"@type\":\"WebSite\",\"@id\":\"https:\\\/\\\/www.zaldionline.com\\\/en\\\/#website\",\"url\":\"https:\\\/\\\/www.zaldionline.com\\\/en\\\/\",\"name\":\"Zaldi Online\",\"description\":\"The best products for horses\",\"potentialAction\":[{\"@type\":\"SearchAction\",\"target\":{\"@type\":\"EntryPoint\",\"urlTemplate\":\"https:\\\/\\\/www.zaldionline.com\\\/en\\\/?s={search_term_string}\"},\"query-input\":{\"@type\":\"PropertyValueSpecification\",\"valueRequired\":true,\"valueName\":\"search_term_string\"}}],\"inLanguage\":\"en-GB\"}]}<\/script>\n<!-- \/ Yoast SEO plugin. -->","yoast_head_json":{"title":"ZALDI TRENSE mit wei\u00df gl\u00e4nzenden Kristallen CABEZADAS EXTRA JOYA SENCILLA - Zaldi Online","description":"Preis inkl. MwSt.: 246,49\u20ac Zaldi Extra Trense aus schwarzem Leder mit schwarzem Knauf. Lederz\u00fcgel mit Schnalle. ANATOMISCHES ANTIDRUCK-KOPFST\u00dcCK. Stirnband mit wei\u00df gl\u00e4nzenden Kristallen. Anatomisches, breites und druckfestes Reithalfter. Gepolstertes und unterlegtes Reithalfter und Stirnriemen. Nasenriemen aus Lackleder. Mit Nasenriemen. Runde Backenst\u00fccke und Skorpionhaken. Hergestellt aus hochwertigem Leder. Schnalle aus Edelstahl. Gr\u00f6\u00dfe: Cob (Medium), Full (Large).Farben: Schwarz mit schwarzer Polsterung, Schwarz mit wei\u00dfer Polsterung. Hergestellt von ZALDI. Tradition + Technologie. Lieferzeit variabel. Erh\u00e4ltlich \u00fcber Zaldionline.com Ref.: 21019201","robots":{"index":"index","follow":"follow","max-snippet":"max-snippet:-1","max-image-preview":"max-image-preview:large","max-video-preview":"max-video-preview:-1"},"canonical":"https:\/\/www.zaldionline.com\/en\/product\/zaldi-trense-cabezadas-extra-joya-sencilla\/","og_locale":"en_GB","og_type":"article","og_title":"ZALDI TRENSE mit wei\u00df gl\u00e4nzenden Kristallen CABEZADAS EXTRA JOYA SENCILLA - Zaldi Online","og_description":"Preis inkl. MwSt.: 246,49\u20ac Zaldi Extra Trense aus schwarzem Leder mit schwarzem Knauf. Lederz\u00fcgel mit Schnalle. ANATOMISCHES ANTIDRUCK-KOPFST\u00dcCK. Stirnband mit wei\u00df gl\u00e4nzenden Kristallen. Anatomisches, breites und druckfestes Reithalfter. Gepolstertes und unterlegtes Reithalfter und Stirnriemen. Nasenriemen aus Lackleder. Mit Nasenriemen. Runde Backenst\u00fccke und Skorpionhaken. Hergestellt aus hochwertigem Leder. Schnalle aus Edelstahl. Gr\u00f6\u00dfe: Cob (Medium), Full (Large).Farben: Schwarz mit schwarzer Polsterung, Schwarz mit wei\u00dfer Polsterung. Hergestellt von ZALDI. Tradition + Technologie. Lieferzeit variabel. Erh\u00e4ltlich \u00fcber Zaldionline.com Ref.: 21019201","og_url":"https:\/\/www.zaldionline.com\/en\/product\/zaldi-trense-cabezadas-extra-joya-sencilla\/","og_site_name":"Zaldi Online","article_modified_time":"2023-04-24T14:57:35+00:00","og_image":[{"width":514,"height":510,"url":"https:\/\/www.zaldionline.com\/en\/wp-content\/uploads\/sites\/3\/2020\/11\/Bild_2020-12-10_144919.png","type":"image\/png"}],"twitter_card":"summary_large_image","twitter_misc":{"Estimated reading time":"1 minute"},"schema":{"@context":"https:\/\/schema.org","@graph":[{"@type":"WebPage","@id":"https:\/\/www.zaldionline.com\/en\/product\/zaldi-trense-cabezadas-extra-joya-sencilla\/","url":"https:\/\/www.zaldionline.com\/en\/product\/zaldi-trense-cabezadas-extra-joya-sencilla\/","name":"ZALDI TRENSE mit wei\u00df gl\u00e4nzenden Kristallen CABEZADAS EXTRA JOYA SENCILLA - Zaldi Online","isPartOf":{"@id":"https:\/\/www.zaldionline.com\/en\/#website"},"primaryImageOfPage":{"@id":"https:\/\/www.zaldionline.com\/en\/product\/zaldi-trense-cabezadas-extra-joya-sencilla\/#primaryimage"},"image":{"@id":"https:\/\/www.zaldionline.com\/en\/product\/zaldi-trense-cabezadas-extra-joya-sencilla\/#primaryimage"},"thumbnailUrl":"https:\/\/www.zaldionline.com\/en\/wp-content\/uploads\/sites\/3\/2020\/11\/Bild_2020-12-10_144919.png","datePublished":"2020-11-05T19:03:11+00:00","dateModified":"2023-04-24T14:57:35+00:00","description":"Preis inkl. MwSt.: 246,49\u20ac Zaldi Extra Trense aus schwarzem Leder mit schwarzem Knauf. Lederz\u00fcgel mit Schnalle. ANATOMISCHES ANTIDRUCK-KOPFST\u00dcCK. Stirnband mit wei\u00df gl\u00e4nzenden Kristallen. Anatomisches, breites und druckfestes Reithalfter. Gepolstertes und unterlegtes Reithalfter und Stirnriemen. Nasenriemen aus Lackleder. Mit Nasenriemen. Runde Backenst\u00fccke und Skorpionhaken. Hergestellt aus hochwertigem Leder. Schnalle aus Edelstahl. Gr\u00f6\u00dfe: Cob (Medium), Full (Large).Farben: Schwarz mit schwarzer Polsterung, Schwarz mit wei\u00dfer Polsterung. Hergestellt von ZALDI. Tradition + Technologie. Lieferzeit variabel. Erh\u00e4ltlich \u00fcber Zaldionline.com Ref.: 21019201","breadcrumb":{"@id":"https:\/\/www.zaldionline.com\/en\/product\/zaldi-trense-cabezadas-extra-joya-sencilla\/#breadcrumb"},"inLanguage":"en-GB","potentialAction":[{"@type":"ReadAction","target":["https:\/\/www.zaldionline.com\/en\/product\/zaldi-trense-cabezadas-extra-joya-sencilla\/"]}]},{"@type":"ImageObject","inLanguage":"en-GB","@id":"https:\/\/www.zaldionline.com\/en\/product\/zaldi-trense-cabezadas-extra-joya-sencilla\/#primaryimage","url":"https:\/\/www.zaldionline.com\/en\/wp-content\/uploads\/sites\/3\/2020\/11\/Bild_2020-12-10_144919.png","contentUrl":"https:\/\/www.zaldionline.com\/en\/wp-content\/uploads\/sites\/3\/2020\/11\/Bild_2020-12-10_144919.png","width":514,"height":510},{"@type":"BreadcrumbList","@id":"https:\/\/www.zaldionline.com\/en\/product\/zaldi-trense-cabezadas-extra-joya-sencilla\/#breadcrumb","itemListElement":[{"@type":"ListItem","position":1,"name":"Portada","item":"https:\/\/www.zaldionline.com\/en\/"},{"@type":"ListItem","position":2,"name":"Saddles &#038; Accessories","item":"https:\/\/www.zaldionline.com\/en\/saddles-and-accessories\/"},{"@type":"ListItem","position":3,"name":"ZALDI TRENSE mit wei\u00df gl\u00e4nzenden Kristallen CABEZADAS EXTRA JOYA SENCILLA"}]},{"@type":"WebSite","@id":"https:\/\/www.zaldionline.com\/en\/#website","url":"https:\/\/www.zaldionline.com\/en\/","name":"Zaldi Online","description":"The best products for horses","potentialAction":[{"@type":"SearchAction","target":{"@type":"EntryPoint","urlTemplate":"https:\/\/www.zaldionline.com\/en\/?s={search_term_string}"},"query-input":{"@type":"PropertyValueSpecification","valueRequired":true,"valueName":"search_term_string"}}],"inLanguage":"en-GB"}]}},"_links":{"self":[{"href":"https:\/\/www.zaldionline.com\/en\/wp-json\/wp\/v2\/product\/15652","targetHints":{"allow":["GET"]}}],"collection":[{"href":"https:\/\/www.zaldionline.com\/en\/wp-json\/wp\/v2\/product"}],"about":[{"href":"https:\/\/www.zaldionline.com\/en\/wp-json\/wp\/v2\/types\/product"}],"replies":[{"embeddable":true,"href":"https:\/\/www.zaldionline.com\/en\/wp-json\/wp\/v2\/comments?post=15652"}],"version-history":[{"count":6,"href":"https:\/\/www.zaldionline.com\/en\/wp-json\/wp\/v2\/product\/15652\/revisions"}],"predecessor-version":[{"id":23683,"href":"https:\/\/www.zaldionline.com\/en\/wp-json\/wp\/v2\/product\/15652\/revisions\/23683"}],"wp:featuredmedia":[{"embeddable":true,"href":"https:\/\/www.zaldionline.com\/en\/wp-json\/wp\/v2\/media\/17380"}],"wp:attachment":[{"href":"https:\/\/www.zaldionline.com\/en\/wp-json\/wp\/v2\/media?parent=15652"}],"wp:term":[{"taxonomy":"product_brand","embeddable":true,"href":"https:\/\/www.zaldionline.com\/en\/wp-json\/wp\/v2\/product_brand?post=15652"},{"taxonomy":"product_cat","embeddable":true,"href":"https:\/\/www.zaldionline.com\/en\/wp-json\/wp\/v2\/product_cat?post=15652"},{"taxonomy":"product_tag","embeddable":true,"href":"https:\/\/www.zaldionline.com\/en\/wp-json\/wp\/v2\/product_tag?post=15652"}],"curies":[{"name":"wp","href":"https:\/\/api.w.org\/{rel}","templated":true}]}}