{"id":15944,"date":"2020-11-07T13:24:44","date_gmt":"2020-11-07T13:24:44","guid":{"rendered":"https:\/\/zaldionline.com\/?post_type=product&#038;p=15944"},"modified":"2023-04-23T13:15:05","modified_gmt":"2023-04-23T13:15:05","slug":"cuadra-reit-u-stallhalfter-montar-y-cuero-mit-lederzugel-2","status":"publish","type":"product","link":"https:\/\/www.zaldionline.com\/en\/product\/cuadra-reit-u-stallhalfter-montar-y-cuero-mit-lederzugel-2\/","title":{"rendered":"REIT- u. STALLHALFTER MONTAR Y CUERO MIT LEDERZ\u00dcGELN"},"content":{"rendered":"\t\t<div data-elementor-type=\"wp-post\" data-elementor-id=\"15944\" class=\"elementor elementor-15944\">\n\t\t\t\t\t\t<section class=\"elementor-section elementor-top-section elementor-element elementor-element-6f435249 elementor-section-boxed elementor-section-height-default elementor-section-height-default\" data-id=\"6f435249\" data-element_type=\"section\" data-e-type=\"section\">\n\t\t\t\t\t\t<div class=\"elementor-container elementor-column-gap-default\">\n\t\t\t\t\t<div class=\"elementor-column elementor-col-100 elementor-top-column elementor-element elementor-element-391645b8\" data-id=\"391645b8\" data-element_type=\"column\" data-e-type=\"column\">\n\t\t\t<div class=\"elementor-widget-wrap elementor-element-populated\">\n\t\t\t\t\t\t<div class=\"elementor-element elementor-element-13a511e1 elementor-widget elementor-widget-text-editor\" data-id=\"13a511e1\" data-element_type=\"widget\" data-e-type=\"widget\" data-widget_type=\"text-editor.default\">\n\t\t\t\t<div class=\"elementor-widget-container\">\n\t\t\t\t\t\t\t\t\t<p>Preis inkl. MwSt.: 72,61\u20ac<\/p><p>Stabiles Reit- und Stallhalfter aus Leder<\/p><p>Goldfarbene Schnalle<\/p><p>Mit Karabinerhaken<\/p><p>Ohne Mundverschluss<\/p><p>Z\u00fcgel aus Leder<\/p><p>Gr\u00f6\u00dfen: Cob (Medium), Full (Large)<\/p><p>Farben: Schwarz, Braun, Haselnuss<\/p><p><span style=\"font-size: 14px;\"><a href=\"https:\/\/www.youtube.com\/watch?v=3XK4O5UgrKg\">KLICK HIER F\u00dcR EIN VIDEO DES REITHALFTERS<\/a><\/span><\/p><p>Ref. 21019145<\/p>\t\t\t\t\t\t\t\t<\/div>\n\t\t\t\t<\/div>\n\t\t\t\t\t<\/div>\n\t\t<\/div>\n\t\t\t\t\t<\/div>\n\t\t<\/section>\n\t\t\t\t<\/div>\n\t\t","protected":false},"excerpt":{"rendered":"<p>Preis inkl. MwSt.: 72,61\u20ac Stabiles Reit- und Stallhalfter aus Leder Goldfarbene Schnalle Mit Karabinerhaken Ohne Mundverschluss Z\u00fcgel aus Leder Gr\u00f6\u00dfen: Cob (Medium), Full (Large) Farben: Schwarz, Braun, Haselnuss KLICK HIER F\u00dcR EIN VIDEO DES REITHALFTERS Ref. 21019145<\/p>\n","protected":false},"featured_media":17396,"comment_status":"open","ping_status":"closed","template":"","meta":{"site-sidebar-layout":"default","site-content-layout":"default","ast-site-content-layout":"default","site-content-style":"default","site-sidebar-style":"default","ast-global-header-display":"","ast-banner-title-visibility":"","ast-main-header-display":"","ast-hfb-above-header-display":"","ast-hfb-below-header-display":"","ast-hfb-mobile-header-display":"","site-post-title":"","ast-breadcrumbs-content":"","ast-featured-img":"","footer-sml-layout":"","ast-disable-related-posts":"","theme-transparent-header-meta":"default","adv-header-id-meta":"","stick-header-meta":"","header-above-stick-meta":"","header-main-stick-meta":"","header-below-stick-meta":"","astra-migrate-meta-layouts":"default","ast-page-background-enabled":"default","ast-page-background-meta":{"desktop":{"background-color":"var(--ast-global-color-4)","background-image":"","background-repeat":"repeat","background-position":"center center","background-size":"auto","background-attachment":"scroll","background-type":"","background-media":"","overlay-type":"","overlay-color":"","overlay-opacity":"","overlay-gradient":""},"tablet":{"background-color":"","background-image":"","background-repeat":"repeat","background-position":"center center","background-size":"auto","background-attachment":"scroll","background-type":"","background-media":"","overlay-type":"","overlay-color":"","overlay-opacity":"","overlay-gradient":""},"mobile":{"background-color":"","background-image":"","background-repeat":"repeat","background-position":"center center","background-size":"auto","background-attachment":"scroll","background-type":"","background-media":"","overlay-type":"","overlay-color":"","overlay-opacity":"","overlay-gradient":""}},"ast-content-background-meta":{"desktop":{"background-color":"var(--ast-global-color-5)","background-image":"","background-repeat":"repeat","background-position":"center center","background-size":"auto","background-attachment":"scroll","background-type":"","background-media":"","overlay-type":"","overlay-color":"","overlay-opacity":"","overlay-gradient":""},"tablet":{"background-color":"var(--ast-global-color-5)","background-image":"","background-repeat":"repeat","background-position":"center center","background-size":"auto","background-attachment":"scroll","background-type":"","background-media":"","overlay-type":"","overlay-color":"","overlay-opacity":"","overlay-gradient":""},"mobile":{"background-color":"var(--ast-global-color-5)","background-image":"","background-repeat":"repeat","background-position":"center center","background-size":"auto","background-attachment":"scroll","background-type":"","background-media":"","overlay-type":"","overlay-color":"","overlay-opacity":"","overlay-gradient":""}},"ngg_post_thumbnail":0},"product_brand":[],"product_cat":[18,44],"product_tag":[926,925,923,924,337,338,339],"class_list":{"0":"post-15944","1":"product","2":"type-product","3":"status-publish","4":"has-post-thumbnail","6":"product_cat-accessories","7":"product_cat-bridles-accessories","8":"product_tag-halfter-aus-leder","9":"product_tag-lederhalfter","10":"product_tag-reit-stallhalfter","11":"product_tag-reit-stallhalfter-mit-lederzuegel","12":"product_tag-zaldi","13":"product_tag-zaldi-deutschland","14":"product_tag-zaldi-online-com","15":"desktop-align-left","16":"tablet-align-left","17":"mobile-align-left","19":"first","20":"instock","21":"taxable","22":"shipping-taxable","23":"purchasable","24":"product-type-variable"},"yoast_head":"<!-- This site is optimized with the Yoast SEO plugin v27.4 - https:\/\/yoast.com\/product\/yoast-seo-wordpress\/ -->\n<title>REIT- u. STALLHALFTER MONTAR Y CUERO MIT LEDERZ\u00dcGELN - Zaldi Online<\/title>\n<meta name=\"description\" content=\"Preis inkl. MwSt.: 72,61\u20ac Stabiles Reit- und Stallhalfter aus Leder. Goldfarbene Schnalle. Mit Karabinerhaken. Ohne Mundverschluss. Z\u00fcgel aus Leder. Gr\u00f6\u00dfen: Cob (Medium), Full (Large)Farben: Schwarz, Braun, Haselnuss. Erh\u00e4ltlich \u00fcber Zaldionline.com Ref. 21019145\" \/>\n<meta name=\"robots\" content=\"index, follow, max-snippet:-1, max-image-preview:large, max-video-preview:-1\" \/>\n<link rel=\"canonical\" href=\"https:\/\/www.zaldionline.com\/en\/product\/cuadra-reit-u-stallhalfter-montar-y-cuero-mit-lederzugel-2\/\" \/>\n<meta property=\"og:locale\" content=\"en_GB\" \/>\n<meta property=\"og:type\" content=\"article\" \/>\n<meta property=\"og:title\" content=\"REIT- u. STALLHALFTER MONTAR Y CUERO MIT LEDERZ\u00dcGELN - Zaldi Online\" \/>\n<meta property=\"og:description\" content=\"Preis inkl. MwSt.: 72,61\u20ac Stabiles Reit- und Stallhalfter aus Leder. Goldfarbene Schnalle. Mit Karabinerhaken. Ohne Mundverschluss. Z\u00fcgel aus Leder. Gr\u00f6\u00dfen: Cob (Medium), Full (Large)Farben: Schwarz, Braun, Haselnuss. Erh\u00e4ltlich \u00fcber Zaldionline.com Ref. 21019145\" \/>\n<meta property=\"og:url\" content=\"https:\/\/www.zaldionline.com\/en\/product\/cuadra-reit-u-stallhalfter-montar-y-cuero-mit-lederzugel-2\/\" \/>\n<meta property=\"og:site_name\" content=\"Zaldi Online\" \/>\n<meta property=\"article:modified_time\" content=\"2023-04-23T13:15:05+00:00\" \/>\n<meta property=\"og:image\" content=\"https:\/\/www.zaldionline.com\/en\/wp-content\/uploads\/sites\/3\/2020\/11\/Bild_2020-12-10_151350.png\" \/>\n\t<meta property=\"og:image:width\" content=\"512\" \/>\n\t<meta property=\"og:image:height\" content=\"505\" \/>\n\t<meta property=\"og:image:type\" content=\"image\/png\" \/>\n<meta name=\"twitter:card\" content=\"summary_large_image\" \/>\n<meta name=\"twitter:label1\" content=\"Estimated reading time\" \/>\n\t<meta name=\"twitter:data1\" content=\"1 minute\" \/>\n<script type=\"application\/ld+json\" class=\"yoast-schema-graph\">{\"@context\":\"https:\\\/\\\/schema.org\",\"@graph\":[{\"@type\":\"WebPage\",\"@id\":\"https:\\\/\\\/www.zaldionline.com\\\/en\\\/product\\\/cuadra-reit-u-stallhalfter-montar-y-cuero-mit-lederzugel-2\\\/\",\"url\":\"https:\\\/\\\/www.zaldionline.com\\\/en\\\/product\\\/cuadra-reit-u-stallhalfter-montar-y-cuero-mit-lederzugel-2\\\/\",\"name\":\"REIT- u. STALLHALFTER MONTAR Y CUERO MIT LEDERZ\u00dcGELN - Zaldi Online\",\"isPartOf\":{\"@id\":\"https:\\\/\\\/www.zaldionline.com\\\/en\\\/#website\"},\"primaryImageOfPage\":{\"@id\":\"https:\\\/\\\/www.zaldionline.com\\\/en\\\/product\\\/cuadra-reit-u-stallhalfter-montar-y-cuero-mit-lederzugel-2\\\/#primaryimage\"},\"image\":{\"@id\":\"https:\\\/\\\/www.zaldionline.com\\\/en\\\/product\\\/cuadra-reit-u-stallhalfter-montar-y-cuero-mit-lederzugel-2\\\/#primaryimage\"},\"thumbnailUrl\":\"https:\\\/\\\/www.zaldionline.com\\\/en\\\/wp-content\\\/uploads\\\/sites\\\/3\\\/2020\\\/11\\\/Bild_2020-12-10_151350.png\",\"datePublished\":\"2020-11-07T13:24:44+00:00\",\"dateModified\":\"2023-04-23T13:15:05+00:00\",\"description\":\"Preis inkl. MwSt.: 72,61\u20ac Stabiles Reit- und Stallhalfter aus Leder. Goldfarbene Schnalle. Mit Karabinerhaken. Ohne Mundverschluss. Z\u00fcgel aus Leder. Gr\u00f6\u00dfen: Cob (Medium), Full (Large)Farben: Schwarz, Braun, Haselnuss. Erh\u00e4ltlich \u00fcber Zaldionline.com Ref. 21019145\",\"breadcrumb\":{\"@id\":\"https:\\\/\\\/www.zaldionline.com\\\/en\\\/product\\\/cuadra-reit-u-stallhalfter-montar-y-cuero-mit-lederzugel-2\\\/#breadcrumb\"},\"inLanguage\":\"en-GB\",\"potentialAction\":[{\"@type\":\"ReadAction\",\"target\":[\"https:\\\/\\\/www.zaldionline.com\\\/en\\\/product\\\/cuadra-reit-u-stallhalfter-montar-y-cuero-mit-lederzugel-2\\\/\"]}]},{\"@type\":\"ImageObject\",\"inLanguage\":\"en-GB\",\"@id\":\"https:\\\/\\\/www.zaldionline.com\\\/en\\\/product\\\/cuadra-reit-u-stallhalfter-montar-y-cuero-mit-lederzugel-2\\\/#primaryimage\",\"url\":\"https:\\\/\\\/www.zaldionline.com\\\/en\\\/wp-content\\\/uploads\\\/sites\\\/3\\\/2020\\\/11\\\/Bild_2020-12-10_151350.png\",\"contentUrl\":\"https:\\\/\\\/www.zaldionline.com\\\/en\\\/wp-content\\\/uploads\\\/sites\\\/3\\\/2020\\\/11\\\/Bild_2020-12-10_151350.png\",\"width\":512,\"height\":505},{\"@type\":\"BreadcrumbList\",\"@id\":\"https:\\\/\\\/www.zaldionline.com\\\/en\\\/product\\\/cuadra-reit-u-stallhalfter-montar-y-cuero-mit-lederzugel-2\\\/#breadcrumb\",\"itemListElement\":[{\"@type\":\"ListItem\",\"position\":1,\"name\":\"Portada\",\"item\":\"https:\\\/\\\/www.zaldionline.com\\\/en\\\/\"},{\"@type\":\"ListItem\",\"position\":2,\"name\":\"Saddles &#038; Accessories\",\"item\":\"https:\\\/\\\/www.zaldionline.com\\\/en\\\/saddles-and-accessories\\\/\"},{\"@type\":\"ListItem\",\"position\":3,\"name\":\"REIT- u. STALLHALFTER MONTAR Y CUERO MIT LEDERZ\u00dcGELN\"}]},{\"@type\":\"WebSite\",\"@id\":\"https:\\\/\\\/www.zaldionline.com\\\/en\\\/#website\",\"url\":\"https:\\\/\\\/www.zaldionline.com\\\/en\\\/\",\"name\":\"Zaldi Online\",\"description\":\"The best products for horses\",\"potentialAction\":[{\"@type\":\"SearchAction\",\"target\":{\"@type\":\"EntryPoint\",\"urlTemplate\":\"https:\\\/\\\/www.zaldionline.com\\\/en\\\/?s={search_term_string}\"},\"query-input\":{\"@type\":\"PropertyValueSpecification\",\"valueRequired\":true,\"valueName\":\"search_term_string\"}}],\"inLanguage\":\"en-GB\"}]}<\/script>\n<!-- \/ Yoast SEO plugin. -->","yoast_head_json":{"title":"REIT- u. STALLHALFTER MONTAR Y CUERO MIT LEDERZ\u00dcGELN - Zaldi Online","description":"Preis inkl. MwSt.: 72,61\u20ac Stabiles Reit- und Stallhalfter aus Leder. Goldfarbene Schnalle. Mit Karabinerhaken. Ohne Mundverschluss. Z\u00fcgel aus Leder. Gr\u00f6\u00dfen: Cob (Medium), Full (Large)Farben: Schwarz, Braun, Haselnuss. Erh\u00e4ltlich \u00fcber Zaldionline.com Ref. 21019145","robots":{"index":"index","follow":"follow","max-snippet":"max-snippet:-1","max-image-preview":"max-image-preview:large","max-video-preview":"max-video-preview:-1"},"canonical":"https:\/\/www.zaldionline.com\/en\/product\/cuadra-reit-u-stallhalfter-montar-y-cuero-mit-lederzugel-2\/","og_locale":"en_GB","og_type":"article","og_title":"REIT- u. STALLHALFTER MONTAR Y CUERO MIT LEDERZ\u00dcGELN - Zaldi Online","og_description":"Preis inkl. MwSt.: 72,61\u20ac Stabiles Reit- und Stallhalfter aus Leder. Goldfarbene Schnalle. Mit Karabinerhaken. Ohne Mundverschluss. Z\u00fcgel aus Leder. Gr\u00f6\u00dfen: Cob (Medium), Full (Large)Farben: Schwarz, Braun, Haselnuss. Erh\u00e4ltlich \u00fcber Zaldionline.com Ref. 21019145","og_url":"https:\/\/www.zaldionline.com\/en\/product\/cuadra-reit-u-stallhalfter-montar-y-cuero-mit-lederzugel-2\/","og_site_name":"Zaldi Online","article_modified_time":"2023-04-23T13:15:05+00:00","og_image":[{"width":512,"height":505,"url":"https:\/\/www.zaldionline.com\/en\/wp-content\/uploads\/sites\/3\/2020\/11\/Bild_2020-12-10_151350.png","type":"image\/png"}],"twitter_card":"summary_large_image","twitter_misc":{"Estimated reading time":"1 minute"},"schema":{"@context":"https:\/\/schema.org","@graph":[{"@type":"WebPage","@id":"https:\/\/www.zaldionline.com\/en\/product\/cuadra-reit-u-stallhalfter-montar-y-cuero-mit-lederzugel-2\/","url":"https:\/\/www.zaldionline.com\/en\/product\/cuadra-reit-u-stallhalfter-montar-y-cuero-mit-lederzugel-2\/","name":"REIT- u. STALLHALFTER MONTAR Y CUERO MIT LEDERZ\u00dcGELN - Zaldi Online","isPartOf":{"@id":"https:\/\/www.zaldionline.com\/en\/#website"},"primaryImageOfPage":{"@id":"https:\/\/www.zaldionline.com\/en\/product\/cuadra-reit-u-stallhalfter-montar-y-cuero-mit-lederzugel-2\/#primaryimage"},"image":{"@id":"https:\/\/www.zaldionline.com\/en\/product\/cuadra-reit-u-stallhalfter-montar-y-cuero-mit-lederzugel-2\/#primaryimage"},"thumbnailUrl":"https:\/\/www.zaldionline.com\/en\/wp-content\/uploads\/sites\/3\/2020\/11\/Bild_2020-12-10_151350.png","datePublished":"2020-11-07T13:24:44+00:00","dateModified":"2023-04-23T13:15:05+00:00","description":"Preis inkl. MwSt.: 72,61\u20ac Stabiles Reit- und Stallhalfter aus Leder. Goldfarbene Schnalle. Mit Karabinerhaken. Ohne Mundverschluss. Z\u00fcgel aus Leder. Gr\u00f6\u00dfen: Cob (Medium), Full (Large)Farben: Schwarz, Braun, Haselnuss. Erh\u00e4ltlich \u00fcber Zaldionline.com Ref. 21019145","breadcrumb":{"@id":"https:\/\/www.zaldionline.com\/en\/product\/cuadra-reit-u-stallhalfter-montar-y-cuero-mit-lederzugel-2\/#breadcrumb"},"inLanguage":"en-GB","potentialAction":[{"@type":"ReadAction","target":["https:\/\/www.zaldionline.com\/en\/product\/cuadra-reit-u-stallhalfter-montar-y-cuero-mit-lederzugel-2\/"]}]},{"@type":"ImageObject","inLanguage":"en-GB","@id":"https:\/\/www.zaldionline.com\/en\/product\/cuadra-reit-u-stallhalfter-montar-y-cuero-mit-lederzugel-2\/#primaryimage","url":"https:\/\/www.zaldionline.com\/en\/wp-content\/uploads\/sites\/3\/2020\/11\/Bild_2020-12-10_151350.png","contentUrl":"https:\/\/www.zaldionline.com\/en\/wp-content\/uploads\/sites\/3\/2020\/11\/Bild_2020-12-10_151350.png","width":512,"height":505},{"@type":"BreadcrumbList","@id":"https:\/\/www.zaldionline.com\/en\/product\/cuadra-reit-u-stallhalfter-montar-y-cuero-mit-lederzugel-2\/#breadcrumb","itemListElement":[{"@type":"ListItem","position":1,"name":"Portada","item":"https:\/\/www.zaldionline.com\/en\/"},{"@type":"ListItem","position":2,"name":"Saddles &#038; Accessories","item":"https:\/\/www.zaldionline.com\/en\/saddles-and-accessories\/"},{"@type":"ListItem","position":3,"name":"REIT- u. STALLHALFTER MONTAR Y CUERO MIT LEDERZ\u00dcGELN"}]},{"@type":"WebSite","@id":"https:\/\/www.zaldionline.com\/en\/#website","url":"https:\/\/www.zaldionline.com\/en\/","name":"Zaldi Online","description":"The best products for horses","potentialAction":[{"@type":"SearchAction","target":{"@type":"EntryPoint","urlTemplate":"https:\/\/www.zaldionline.com\/en\/?s={search_term_string}"},"query-input":{"@type":"PropertyValueSpecification","valueRequired":true,"valueName":"search_term_string"}}],"inLanguage":"en-GB"}]}},"_links":{"self":[{"href":"https:\/\/www.zaldionline.com\/en\/wp-json\/wp\/v2\/product\/15944","targetHints":{"allow":["GET"]}}],"collection":[{"href":"https:\/\/www.zaldionline.com\/en\/wp-json\/wp\/v2\/product"}],"about":[{"href":"https:\/\/www.zaldionline.com\/en\/wp-json\/wp\/v2\/types\/product"}],"replies":[{"embeddable":true,"href":"https:\/\/www.zaldionline.com\/en\/wp-json\/wp\/v2\/comments?post=15944"}],"version-history":[{"count":7,"href":"https:\/\/www.zaldionline.com\/en\/wp-json\/wp\/v2\/product\/15944\/revisions"}],"predecessor-version":[{"id":23591,"href":"https:\/\/www.zaldionline.com\/en\/wp-json\/wp\/v2\/product\/15944\/revisions\/23591"}],"wp:featuredmedia":[{"embeddable":true,"href":"https:\/\/www.zaldionline.com\/en\/wp-json\/wp\/v2\/media\/17396"}],"wp:attachment":[{"href":"https:\/\/www.zaldionline.com\/en\/wp-json\/wp\/v2\/media?parent=15944"}],"wp:term":[{"taxonomy":"product_brand","embeddable":true,"href":"https:\/\/www.zaldionline.com\/en\/wp-json\/wp\/v2\/product_brand?post=15944"},{"taxonomy":"product_cat","embeddable":true,"href":"https:\/\/www.zaldionline.com\/en\/wp-json\/wp\/v2\/product_cat?post=15944"},{"taxonomy":"product_tag","embeddable":true,"href":"https:\/\/www.zaldionline.com\/en\/wp-json\/wp\/v2\/product_tag?post=15944"}],"curies":[{"name":"wp","href":"https:\/\/api.w.org\/{rel}","templated":true}]}}