{"id":16335,"date":"2020-11-13T15:05:58","date_gmt":"2020-11-13T15:05:58","guid":{"rendered":"https:\/\/zaldionline.com\/?post_type=product&#038;p=16335"},"modified":"2023-04-22T13:50:32","modified_gmt":"2023-04-22T13:50:32","slug":"bocado-cyprium-pelham-21250cy-125-cm","status":"publish","type":"product","link":"https:\/\/www.zaldionline.com\/en\/product\/bocado-cyprium-pelham-21250cy-125-cm\/","title":{"rendered":"PELHAM  21250CY 12,5 cm"},"content":{"rendered":"<p>Preis inkl. MwSt.: 92,86\u20ac<\/p>\n<p>Schenkelma\u00df: 7 cm<\/p>\n<p>Griffhalter: 5 cm<\/p>\n<p>Mundst\u00e4rke: 15 mm<\/p>\n<p>Mit Bart<\/p>\n<p>Goldfarben<\/p>\n<p>Ref. 21013118<\/p>\n","protected":false},"excerpt":{"rendered":"<p>Preis inkl. MwSt.: 92,86\u20ac Schenkelma\u00df: 7 cm Griffhalter: 5 cm Mundst\u00e4rke: 15 mm Mit Bart Goldfarben Ref. 21013118<\/p>\n","protected":false},"featured_media":17437,"comment_status":"open","ping_status":"closed","template":"","meta":{"site-sidebar-layout":"default","site-content-layout":"default","ast-site-content-layout":"default","site-content-style":"default","site-sidebar-style":"default","ast-global-header-display":"","ast-banner-title-visibility":"","ast-main-header-display":"","ast-hfb-above-header-display":"","ast-hfb-below-header-display":"","ast-hfb-mobile-header-display":"","site-post-title":"","ast-breadcrumbs-content":"","ast-featured-img":"","footer-sml-layout":"","ast-disable-related-posts":"","theme-transparent-header-meta":"default","adv-header-id-meta":"","stick-header-meta":"","header-above-stick-meta":"","header-main-stick-meta":"","header-below-stick-meta":"","astra-migrate-meta-layouts":"default","ast-page-background-enabled":"default","ast-page-background-meta":{"desktop":{"background-color":"var(--ast-global-color-4)","background-image":"","background-repeat":"repeat","background-position":"center center","background-size":"auto","background-attachment":"scroll","background-type":"","background-media":"","overlay-type":"","overlay-color":"","overlay-opacity":"","overlay-gradient":""},"tablet":{"background-color":"","background-image":"","background-repeat":"repeat","background-position":"center center","background-size":"auto","background-attachment":"scroll","background-type":"","background-media":"","overlay-type":"","overlay-color":"","overlay-opacity":"","overlay-gradient":""},"mobile":{"background-color":"","background-image":"","background-repeat":"repeat","background-position":"center center","background-size":"auto","background-attachment":"scroll","background-type":"","background-media":"","overlay-type":"","overlay-color":"","overlay-opacity":"","overlay-gradient":""}},"ast-content-background-meta":{"desktop":{"background-color":"var(--ast-global-color-5)","background-image":"","background-repeat":"repeat","background-position":"center center","background-size":"auto","background-attachment":"scroll","background-type":"","background-media":"","overlay-type":"","overlay-color":"","overlay-opacity":"","overlay-gradient":""},"tablet":{"background-color":"var(--ast-global-color-5)","background-image":"","background-repeat":"repeat","background-position":"center center","background-size":"auto","background-attachment":"scroll","background-type":"","background-media":"","overlay-type":"","overlay-color":"","overlay-opacity":"","overlay-gradient":""},"mobile":{"background-color":"var(--ast-global-color-5)","background-image":"","background-repeat":"repeat","background-position":"center center","background-size":"auto","background-attachment":"scroll","background-type":"","background-media":"","overlay-type":"","overlay-color":"","overlay-opacity":"","overlay-gradient":""}},"ngg_post_thumbnail":0},"product_brand":[],"product_cat":[18,42],"product_tag":[868,846,753,862,872,340,337,338,339,401],"class_list":{"0":"post-16335","1":"product","2":"type-product","3":"status-publish","4":"has-post-thumbnail","6":"product_cat-accessories","7":"product_cat-bips-accessories","8":"product_tag-bocado","9":"product_tag-gebiss","10":"product_tag-gebisse","11":"product_tag-kandare","12":"product_tag-palham","13":"product_tag-susanne-nagel","14":"product_tag-zaldi","15":"product_tag-zaldi-deutschland","16":"product_tag-zaldi-online-com","17":"product_tag-zaldionline","18":"desktop-align-left","19":"tablet-align-left","20":"mobile-align-left","22":"first","23":"instock","24":"taxable","25":"shipping-taxable","26":"purchasable","27":"product-type-simple"},"yoast_head":"<!-- This site is optimized with the Yoast SEO plugin v27.4 - https:\/\/yoast.com\/product\/yoast-seo-wordpress\/ -->\n<title>PELHAM 21250CY 12,5 cm - Zaldi Online<\/title>\n<meta name=\"description\" content=\"Preis inkl. MwSt.: 92,86\u20ac. Schenkelma\u00df: 7 cm; Griffhalter: 5 cm; Mundst\u00e4rke: 15 mm. Mit Bart. Goldfarben. Erh\u00e4ltlich \u00fcber Zaldionline.com Ref. 21013118\" \/>\n<meta name=\"robots\" content=\"index, follow, max-snippet:-1, max-image-preview:large, max-video-preview:-1\" \/>\n<link rel=\"canonical\" href=\"https:\/\/www.zaldionline.com\/en\/product\/bocado-cyprium-pelham-21250cy-125-cm\/\" \/>\n<meta property=\"og:locale\" content=\"en_GB\" \/>\n<meta property=\"og:type\" content=\"article\" \/>\n<meta property=\"og:title\" content=\"PELHAM 21250CY 12,5 cm - Zaldi Online\" \/>\n<meta property=\"og:description\" content=\"Preis inkl. MwSt.: 92,86\u20ac. Schenkelma\u00df: 7 cm; Griffhalter: 5 cm; Mundst\u00e4rke: 15 mm. Mit Bart. Goldfarben. Erh\u00e4ltlich \u00fcber Zaldionline.com Ref. 21013118\" \/>\n<meta property=\"og:url\" content=\"https:\/\/www.zaldionline.com\/en\/product\/bocado-cyprium-pelham-21250cy-125-cm\/\" \/>\n<meta property=\"og:site_name\" content=\"Zaldi Online\" \/>\n<meta property=\"article:modified_time\" content=\"2023-04-22T13:50:32+00:00\" \/>\n<meta property=\"og:image\" content=\"https:\/\/www.zaldionline.com\/en\/wp-content\/uploads\/sites\/3\/2020\/11\/Bild_2020-12-10_160651.png\" \/>\n\t<meta property=\"og:image:width\" content=\"513\" \/>\n\t<meta property=\"og:image:height\" content=\"498\" \/>\n\t<meta property=\"og:image:type\" content=\"image\/png\" \/>\n<meta name=\"twitter:card\" content=\"summary_large_image\" \/>\n<meta name=\"twitter:label1\" content=\"Estimated reading time\" \/>\n\t<meta name=\"twitter:data1\" content=\"1 minute\" \/>\n<script type=\"application\/ld+json\" class=\"yoast-schema-graph\">{\"@context\":\"https:\\\/\\\/schema.org\",\"@graph\":[{\"@type\":\"WebPage\",\"@id\":\"https:\\\/\\\/www.zaldionline.com\\\/en\\\/product\\\/bocado-cyprium-pelham-21250cy-125-cm\\\/\",\"url\":\"https:\\\/\\\/www.zaldionline.com\\\/en\\\/product\\\/bocado-cyprium-pelham-21250cy-125-cm\\\/\",\"name\":\"PELHAM 21250CY 12,5 cm - Zaldi Online\",\"isPartOf\":{\"@id\":\"https:\\\/\\\/www.zaldionline.com\\\/en\\\/#website\"},\"primaryImageOfPage\":{\"@id\":\"https:\\\/\\\/www.zaldionline.com\\\/en\\\/product\\\/bocado-cyprium-pelham-21250cy-125-cm\\\/#primaryimage\"},\"image\":{\"@id\":\"https:\\\/\\\/www.zaldionline.com\\\/en\\\/product\\\/bocado-cyprium-pelham-21250cy-125-cm\\\/#primaryimage\"},\"thumbnailUrl\":\"https:\\\/\\\/www.zaldionline.com\\\/en\\\/wp-content\\\/uploads\\\/sites\\\/3\\\/2020\\\/11\\\/Bild_2020-12-10_160651.png\",\"datePublished\":\"2020-11-13T15:05:58+00:00\",\"dateModified\":\"2023-04-22T13:50:32+00:00\",\"description\":\"Preis inkl. MwSt.: 92,86\u20ac. Schenkelma\u00df: 7 cm; Griffhalter: 5 cm; Mundst\u00e4rke: 15 mm. Mit Bart. Goldfarben. Erh\u00e4ltlich \u00fcber Zaldionline.com Ref. 21013118\",\"breadcrumb\":{\"@id\":\"https:\\\/\\\/www.zaldionline.com\\\/en\\\/product\\\/bocado-cyprium-pelham-21250cy-125-cm\\\/#breadcrumb\"},\"inLanguage\":\"en-GB\",\"potentialAction\":[{\"@type\":\"ReadAction\",\"target\":[\"https:\\\/\\\/www.zaldionline.com\\\/en\\\/product\\\/bocado-cyprium-pelham-21250cy-125-cm\\\/\"]}]},{\"@type\":\"ImageObject\",\"inLanguage\":\"en-GB\",\"@id\":\"https:\\\/\\\/www.zaldionline.com\\\/en\\\/product\\\/bocado-cyprium-pelham-21250cy-125-cm\\\/#primaryimage\",\"url\":\"https:\\\/\\\/www.zaldionline.com\\\/en\\\/wp-content\\\/uploads\\\/sites\\\/3\\\/2020\\\/11\\\/Bild_2020-12-10_160651.png\",\"contentUrl\":\"https:\\\/\\\/www.zaldionline.com\\\/en\\\/wp-content\\\/uploads\\\/sites\\\/3\\\/2020\\\/11\\\/Bild_2020-12-10_160651.png\",\"width\":513,\"height\":498},{\"@type\":\"BreadcrumbList\",\"@id\":\"https:\\\/\\\/www.zaldionline.com\\\/en\\\/product\\\/bocado-cyprium-pelham-21250cy-125-cm\\\/#breadcrumb\",\"itemListElement\":[{\"@type\":\"ListItem\",\"position\":1,\"name\":\"Portada\",\"item\":\"https:\\\/\\\/www.zaldionline.com\\\/en\\\/\"},{\"@type\":\"ListItem\",\"position\":2,\"name\":\"Saddles &#038; Accessories\",\"item\":\"https:\\\/\\\/www.zaldionline.com\\\/en\\\/saddles-and-accessories\\\/\"},{\"@type\":\"ListItem\",\"position\":3,\"name\":\"PELHAM 21250CY 12,5 cm\"}]},{\"@type\":\"WebSite\",\"@id\":\"https:\\\/\\\/www.zaldionline.com\\\/en\\\/#website\",\"url\":\"https:\\\/\\\/www.zaldionline.com\\\/en\\\/\",\"name\":\"Zaldi Online\",\"description\":\"The best products for horses\",\"potentialAction\":[{\"@type\":\"SearchAction\",\"target\":{\"@type\":\"EntryPoint\",\"urlTemplate\":\"https:\\\/\\\/www.zaldionline.com\\\/en\\\/?s={search_term_string}\"},\"query-input\":{\"@type\":\"PropertyValueSpecification\",\"valueRequired\":true,\"valueName\":\"search_term_string\"}}],\"inLanguage\":\"en-GB\"}]}<\/script>\n<!-- \/ Yoast SEO plugin. -->","yoast_head_json":{"title":"PELHAM 21250CY 12,5 cm - Zaldi Online","description":"Preis inkl. MwSt.: 92,86\u20ac. Schenkelma\u00df: 7 cm; Griffhalter: 5 cm; Mundst\u00e4rke: 15 mm. Mit Bart. Goldfarben. Erh\u00e4ltlich \u00fcber Zaldionline.com Ref. 21013118","robots":{"index":"index","follow":"follow","max-snippet":"max-snippet:-1","max-image-preview":"max-image-preview:large","max-video-preview":"max-video-preview:-1"},"canonical":"https:\/\/www.zaldionline.com\/en\/product\/bocado-cyprium-pelham-21250cy-125-cm\/","og_locale":"en_GB","og_type":"article","og_title":"PELHAM 21250CY 12,5 cm - Zaldi Online","og_description":"Preis inkl. MwSt.: 92,86\u20ac. Schenkelma\u00df: 7 cm; Griffhalter: 5 cm; Mundst\u00e4rke: 15 mm. Mit Bart. Goldfarben. Erh\u00e4ltlich \u00fcber Zaldionline.com Ref. 21013118","og_url":"https:\/\/www.zaldionline.com\/en\/product\/bocado-cyprium-pelham-21250cy-125-cm\/","og_site_name":"Zaldi Online","article_modified_time":"2023-04-22T13:50:32+00:00","og_image":[{"width":513,"height":498,"url":"https:\/\/www.zaldionline.com\/en\/wp-content\/uploads\/sites\/3\/2020\/11\/Bild_2020-12-10_160651.png","type":"image\/png"}],"twitter_card":"summary_large_image","twitter_misc":{"Estimated reading time":"1 minute"},"schema":{"@context":"https:\/\/schema.org","@graph":[{"@type":"WebPage","@id":"https:\/\/www.zaldionline.com\/en\/product\/bocado-cyprium-pelham-21250cy-125-cm\/","url":"https:\/\/www.zaldionline.com\/en\/product\/bocado-cyprium-pelham-21250cy-125-cm\/","name":"PELHAM 21250CY 12,5 cm - Zaldi Online","isPartOf":{"@id":"https:\/\/www.zaldionline.com\/en\/#website"},"primaryImageOfPage":{"@id":"https:\/\/www.zaldionline.com\/en\/product\/bocado-cyprium-pelham-21250cy-125-cm\/#primaryimage"},"image":{"@id":"https:\/\/www.zaldionline.com\/en\/product\/bocado-cyprium-pelham-21250cy-125-cm\/#primaryimage"},"thumbnailUrl":"https:\/\/www.zaldionline.com\/en\/wp-content\/uploads\/sites\/3\/2020\/11\/Bild_2020-12-10_160651.png","datePublished":"2020-11-13T15:05:58+00:00","dateModified":"2023-04-22T13:50:32+00:00","description":"Preis inkl. MwSt.: 92,86\u20ac. Schenkelma\u00df: 7 cm; Griffhalter: 5 cm; Mundst\u00e4rke: 15 mm. Mit Bart. Goldfarben. Erh\u00e4ltlich \u00fcber Zaldionline.com Ref. 21013118","breadcrumb":{"@id":"https:\/\/www.zaldionline.com\/en\/product\/bocado-cyprium-pelham-21250cy-125-cm\/#breadcrumb"},"inLanguage":"en-GB","potentialAction":[{"@type":"ReadAction","target":["https:\/\/www.zaldionline.com\/en\/product\/bocado-cyprium-pelham-21250cy-125-cm\/"]}]},{"@type":"ImageObject","inLanguage":"en-GB","@id":"https:\/\/www.zaldionline.com\/en\/product\/bocado-cyprium-pelham-21250cy-125-cm\/#primaryimage","url":"https:\/\/www.zaldionline.com\/en\/wp-content\/uploads\/sites\/3\/2020\/11\/Bild_2020-12-10_160651.png","contentUrl":"https:\/\/www.zaldionline.com\/en\/wp-content\/uploads\/sites\/3\/2020\/11\/Bild_2020-12-10_160651.png","width":513,"height":498},{"@type":"BreadcrumbList","@id":"https:\/\/www.zaldionline.com\/en\/product\/bocado-cyprium-pelham-21250cy-125-cm\/#breadcrumb","itemListElement":[{"@type":"ListItem","position":1,"name":"Portada","item":"https:\/\/www.zaldionline.com\/en\/"},{"@type":"ListItem","position":2,"name":"Saddles &#038; Accessories","item":"https:\/\/www.zaldionline.com\/en\/saddles-and-accessories\/"},{"@type":"ListItem","position":3,"name":"PELHAM 21250CY 12,5 cm"}]},{"@type":"WebSite","@id":"https:\/\/www.zaldionline.com\/en\/#website","url":"https:\/\/www.zaldionline.com\/en\/","name":"Zaldi Online","description":"The best products for horses","potentialAction":[{"@type":"SearchAction","target":{"@type":"EntryPoint","urlTemplate":"https:\/\/www.zaldionline.com\/en\/?s={search_term_string}"},"query-input":{"@type":"PropertyValueSpecification","valueRequired":true,"valueName":"search_term_string"}}],"inLanguage":"en-GB"}]}},"_links":{"self":[{"href":"https:\/\/www.zaldionline.com\/en\/wp-json\/wp\/v2\/product\/16335","targetHints":{"allow":["GET"]}}],"collection":[{"href":"https:\/\/www.zaldionline.com\/en\/wp-json\/wp\/v2\/product"}],"about":[{"href":"https:\/\/www.zaldionline.com\/en\/wp-json\/wp\/v2\/types\/product"}],"replies":[{"embeddable":true,"href":"https:\/\/www.zaldionline.com\/en\/wp-json\/wp\/v2\/comments?post=16335"}],"version-history":[{"count":2,"href":"https:\/\/www.zaldionline.com\/en\/wp-json\/wp\/v2\/product\/16335\/revisions"}],"predecessor-version":[{"id":23493,"href":"https:\/\/www.zaldionline.com\/en\/wp-json\/wp\/v2\/product\/16335\/revisions\/23493"}],"wp:featuredmedia":[{"embeddable":true,"href":"https:\/\/www.zaldionline.com\/en\/wp-json\/wp\/v2\/media\/17437"}],"wp:attachment":[{"href":"https:\/\/www.zaldionline.com\/en\/wp-json\/wp\/v2\/media?parent=16335"}],"wp:term":[{"taxonomy":"product_brand","embeddable":true,"href":"https:\/\/www.zaldionline.com\/en\/wp-json\/wp\/v2\/product_brand?post=16335"},{"taxonomy":"product_cat","embeddable":true,"href":"https:\/\/www.zaldionline.com\/en\/wp-json\/wp\/v2\/product_cat?post=16335"},{"taxonomy":"product_tag","embeddable":true,"href":"https:\/\/www.zaldionline.com\/en\/wp-json\/wp\/v2\/product_tag?post=16335"}],"curies":[{"name":"wp","href":"https:\/\/api.w.org\/{rel}","templated":true}]}}