{"id":16451,"date":"2020-11-14T09:31:24","date_gmt":"2020-11-14T09:31:24","guid":{"rendered":"https:\/\/zaldionline.com\/?post_type=product&#038;p=16451"},"modified":"2025-02-13T09:40:05","modified_gmt":"2025-02-13T09:40:05","slug":"zaldi-competition-pechopetral-martingala-vorderzeug-mit-martingala","status":"publish","type":"product","link":"https:\/\/www.zaldionline.com\/en\/product\/zaldi-competition-pechopetral-martingala-vorderzeug-mit-martingala\/","title":{"rendered":"ZALDI-COMPETITION PECHOPETRAL MARTINGALLA VORDERZEUG MIT MARTINGAL"},"content":{"rendered":"\t\t<div data-elementor-type=\"wp-post\" data-elementor-id=\"16451\" class=\"elementor elementor-16451\">\n\t\t\t\t\t\t<section class=\"elementor-section elementor-top-section elementor-element elementor-element-6505ba80 elementor-section-boxed elementor-section-height-default elementor-section-height-default\" data-id=\"6505ba80\" data-element_type=\"section\" data-e-type=\"section\">\n\t\t\t\t\t\t<div class=\"elementor-container elementor-column-gap-default\">\n\t\t\t\t\t<div class=\"elementor-column elementor-col-100 elementor-top-column elementor-element elementor-element-4242a786\" data-id=\"4242a786\" data-element_type=\"column\" data-e-type=\"column\">\n\t\t\t<div class=\"elementor-widget-wrap elementor-element-populated\">\n\t\t\t\t\t\t<div class=\"elementor-element elementor-element-7a57a6e0 elementor-widget elementor-widget-text-editor\" data-id=\"7a57a6e0\" data-element_type=\"widget\" data-e-type=\"widget\" data-widget_type=\"text-editor.default\">\n\t\t\t\t<div class=\"elementor-widget-container\">\n\t\t\t\t\t\t\t\t\t<p>Preis inkl. MwSt.: 214.00\u20ac<\/p><p>Brustriemen kombiniert mit Martingal<\/p><p>Die Gurte, die zum Sattel gehen, sind elastisch<\/p><p>Goldfarbene Schnalle<\/p><p>Besch\u00fctzer am Ring<\/p><p>Farben: Wei\u00df, Schwarz, Havanna, Braun, Haselnuss<\/p><p>Hergestellt von<em> ZALDI<\/em><\/p><p>Lieferzeit variabel<\/p><p>Ref. 2107111<\/p><p><strong>Wenn Du hier nicht gefunden hast wonach Du suchst,<\/strong><\/p><p>schau bitte auf der\u00a0<a href=\"http:\/\/tienda.zaldi.com\/en\/103-martingales-breastplates-accessories\">http:\/\/tienda.zaldi.com\/en\/103-martingales-breastplates-accessories<\/a> Seite. Dort sind noch weitere Artikel aufgef\u00fchrt.<\/p><p>Suche die entsprechende Referenznummer und Beschreibung heraus und<\/p><p>sende uns Deinen gesamten Auftrag per E-Mail zu.<\/p>\t\t\t\t\t\t\t\t<\/div>\n\t\t\t\t<\/div>\n\t\t\t\t\t<\/div>\n\t\t<\/div>\n\t\t\t\t\t<\/div>\n\t\t<\/section>\n\t\t\t\t<\/div>\n\t\t","protected":false},"excerpt":{"rendered":"<p>Preis inkl. MwSt.: 214.00\u20ac Brustriemen kombiniert mit Martingal Die Gurte, die zum Sattel gehen, sind elastisch Goldfarbene Schnalle Besch\u00fctzer am Ring Farben: Wei\u00df, Schwarz, Havanna, Braun, Haselnuss Hergestellt von ZALDI Lieferzeit variabel Ref. 2107111 Wenn Du hier nicht gefunden hast wonach Du suchst, schau bitte auf der&nbsp;http:\/\/tienda.zaldi.com\/en\/103-martingales-breastplates-accessories Seite. Dort sind noch weitere Artikel aufgef\u00fchrt. Suche [&hellip;]<\/p>\n","protected":false},"featured_media":17461,"comment_status":"open","ping_status":"closed","template":"","meta":{"site-sidebar-layout":"default","site-content-layout":"default","ast-site-content-layout":"default","site-content-style":"default","site-sidebar-style":"default","ast-global-header-display":"","ast-banner-title-visibility":"","ast-main-header-display":"","ast-hfb-above-header-display":"","ast-hfb-below-header-display":"","ast-hfb-mobile-header-display":"","site-post-title":"","ast-breadcrumbs-content":"","ast-featured-img":"","footer-sml-layout":"","ast-disable-related-posts":"","theme-transparent-header-meta":"default","adv-header-id-meta":"","stick-header-meta":"","header-above-stick-meta":"","header-main-stick-meta":"","header-below-stick-meta":"","astra-migrate-meta-layouts":"set","ast-page-background-enabled":"default","ast-page-background-meta":{"desktop":{"background-color":"var(--ast-global-color-4)","background-image":"","background-repeat":"repeat","background-position":"center center","background-size":"auto","background-attachment":"scroll","background-type":"","background-media":"","overlay-type":"","overlay-color":"","overlay-opacity":"","overlay-gradient":""},"tablet":{"background-color":"","background-image":"","background-repeat":"repeat","background-position":"center center","background-size":"auto","background-attachment":"scroll","background-type":"","background-media":"","overlay-type":"","overlay-color":"","overlay-opacity":"","overlay-gradient":""},"mobile":{"background-color":"","background-image":"","background-repeat":"repeat","background-position":"center center","background-size":"auto","background-attachment":"scroll","background-type":"","background-media":"","overlay-type":"","overlay-color":"","overlay-opacity":"","overlay-gradient":""}},"ast-content-background-meta":{"desktop":{"background-color":"var(--ast-global-color-5)","background-image":"","background-repeat":"repeat","background-position":"center center","background-size":"auto","background-attachment":"scroll","background-type":"","background-media":"","overlay-type":"","overlay-color":"","overlay-opacity":"","overlay-gradient":""},"tablet":{"background-color":"var(--ast-global-color-5)","background-image":"","background-repeat":"repeat","background-position":"center center","background-size":"auto","background-attachment":"scroll","background-type":"","background-media":"","overlay-type":"","overlay-color":"","overlay-opacity":"","overlay-gradient":""},"mobile":{"background-color":"var(--ast-global-color-5)","background-image":"","background-repeat":"repeat","background-position":"center center","background-size":"auto","background-attachment":"scroll","background-type":"","background-media":"","overlay-type":"","overlay-color":"","overlay-opacity":"","overlay-gradient":""}},"ngg_post_thumbnail":0},"product_brand":[],"product_cat":[18,57],"product_tag":[340,521,841,337,338,339],"class_list":{"0":"post-16451","1":"product","2":"type-product","3":"status-publish","4":"has-post-thumbnail","6":"product_cat-accessories","7":"product_cat-martingales-breastplates-reins","8":"product_tag-susanne-nagel","9":"product_tag-vorderzeug","10":"product_tag-vorderzeug-mit-martingall","11":"product_tag-zaldi","12":"product_tag-zaldi-deutschland","13":"product_tag-zaldi-online-com","14":"desktop-align-left","15":"tablet-align-left","16":"mobile-align-left","18":"first","19":"instock","20":"taxable","21":"shipping-taxable","22":"purchasable","23":"product-type-simple"},"yoast_head":"<!-- This site is optimized with the Yoast SEO plugin v27.5 - https:\/\/yoast.com\/product\/yoast-seo-wordpress\/ -->\n<title>ZALDI-COMPETITION PECHOPETRAL MARTINGALLA VORDERZEUG MIT MARTINGAL - Zaldi Online<\/title>\n<meta name=\"description\" content=\"Preis inkl. MwSt.: 214.00\u20ac Brustriemen kombiniert mit Martingall. Die Gurte, die zum Sattel gehen, sind elastisch. Goldfarbene Schnalle. Schutz am Ring. Farben: Wei\u00df, Schwarz, Havanna, Braun, Haselnuss. Hergestellt von ZALDI. Lieferzeit variabel. Erh\u00e4ltlich \u00fcber Zaldionline.com Ref. 2107111\" \/>\n<meta name=\"robots\" content=\"index, follow, max-snippet:-1, max-image-preview:large, max-video-preview:-1\" \/>\n<link rel=\"canonical\" href=\"https:\/\/www.zaldionline.com\/en\/product\/zaldi-competition-pechopetral-martingala-vorderzeug-mit-martingala\/\" \/>\n<meta property=\"og:locale\" content=\"en_GB\" \/>\n<meta property=\"og:type\" content=\"article\" \/>\n<meta property=\"og:title\" content=\"ZALDI-COMPETITION PECHOPETRAL MARTINGALLA VORDERZEUG MIT MARTINGAL - Zaldi Online\" \/>\n<meta property=\"og:description\" content=\"Preis inkl. MwSt.: 214.00\u20ac Brustriemen kombiniert mit Martingall. Die Gurte, die zum Sattel gehen, sind elastisch. Goldfarbene Schnalle. Schutz am Ring. Farben: Wei\u00df, Schwarz, Havanna, Braun, Haselnuss. Hergestellt von ZALDI. Lieferzeit variabel. Erh\u00e4ltlich \u00fcber Zaldionline.com Ref. 2107111\" \/>\n<meta property=\"og:url\" content=\"https:\/\/www.zaldionline.com\/en\/product\/zaldi-competition-pechopetral-martingala-vorderzeug-mit-martingala\/\" \/>\n<meta property=\"og:site_name\" content=\"Zaldi Online\" \/>\n<meta property=\"article:modified_time\" content=\"2025-02-13T09:40:05+00:00\" \/>\n<meta property=\"og:image\" content=\"https:\/\/www.zaldionline.com\/en\/wp-content\/uploads\/sites\/3\/2020\/11\/Bild_2020-12-10_163216.png\" \/>\n\t<meta property=\"og:image:width\" content=\"513\" \/>\n\t<meta property=\"og:image:height\" content=\"510\" \/>\n\t<meta property=\"og:image:type\" content=\"image\/png\" \/>\n<meta name=\"twitter:card\" content=\"summary_large_image\" \/>\n<meta name=\"twitter:label1\" content=\"Estimated reading time\" \/>\n\t<meta name=\"twitter:data1\" content=\"1 minute\" \/>\n<script type=\"application\/ld+json\" class=\"yoast-schema-graph\">{\"@context\":\"https:\\\/\\\/schema.org\",\"@graph\":[{\"@type\":\"WebPage\",\"@id\":\"https:\\\/\\\/www.zaldionline.com\\\/en\\\/product\\\/zaldi-competition-pechopetral-martingala-vorderzeug-mit-martingala\\\/\",\"url\":\"https:\\\/\\\/www.zaldionline.com\\\/en\\\/product\\\/zaldi-competition-pechopetral-martingala-vorderzeug-mit-martingala\\\/\",\"name\":\"ZALDI-COMPETITION PECHOPETRAL MARTINGALLA VORDERZEUG MIT MARTINGAL - Zaldi Online\",\"isPartOf\":{\"@id\":\"https:\\\/\\\/www.zaldionline.com\\\/en\\\/#website\"},\"primaryImageOfPage\":{\"@id\":\"https:\\\/\\\/www.zaldionline.com\\\/en\\\/product\\\/zaldi-competition-pechopetral-martingala-vorderzeug-mit-martingala\\\/#primaryimage\"},\"image\":{\"@id\":\"https:\\\/\\\/www.zaldionline.com\\\/en\\\/product\\\/zaldi-competition-pechopetral-martingala-vorderzeug-mit-martingala\\\/#primaryimage\"},\"thumbnailUrl\":\"https:\\\/\\\/www.zaldionline.com\\\/en\\\/wp-content\\\/uploads\\\/sites\\\/3\\\/2020\\\/11\\\/Bild_2020-12-10_163216.png\",\"datePublished\":\"2020-11-14T09:31:24+00:00\",\"dateModified\":\"2025-02-13T09:40:05+00:00\",\"description\":\"Preis inkl. MwSt.: 214.00\u20ac Brustriemen kombiniert mit Martingall. Die Gurte, die zum Sattel gehen, sind elastisch. Goldfarbene Schnalle. Schutz am Ring. Farben: Wei\u00df, Schwarz, Havanna, Braun, Haselnuss. Hergestellt von ZALDI. Lieferzeit variabel. Erh\u00e4ltlich \u00fcber Zaldionline.com Ref. 2107111\",\"breadcrumb\":{\"@id\":\"https:\\\/\\\/www.zaldionline.com\\\/en\\\/product\\\/zaldi-competition-pechopetral-martingala-vorderzeug-mit-martingala\\\/#breadcrumb\"},\"inLanguage\":\"en-GB\",\"potentialAction\":[{\"@type\":\"ReadAction\",\"target\":[\"https:\\\/\\\/www.zaldionline.com\\\/en\\\/product\\\/zaldi-competition-pechopetral-martingala-vorderzeug-mit-martingala\\\/\"]}]},{\"@type\":\"ImageObject\",\"inLanguage\":\"en-GB\",\"@id\":\"https:\\\/\\\/www.zaldionline.com\\\/en\\\/product\\\/zaldi-competition-pechopetral-martingala-vorderzeug-mit-martingala\\\/#primaryimage\",\"url\":\"https:\\\/\\\/www.zaldionline.com\\\/en\\\/wp-content\\\/uploads\\\/sites\\\/3\\\/2020\\\/11\\\/Bild_2020-12-10_163216.png\",\"contentUrl\":\"https:\\\/\\\/www.zaldionline.com\\\/en\\\/wp-content\\\/uploads\\\/sites\\\/3\\\/2020\\\/11\\\/Bild_2020-12-10_163216.png\",\"width\":513,\"height\":510},{\"@type\":\"BreadcrumbList\",\"@id\":\"https:\\\/\\\/www.zaldionline.com\\\/en\\\/product\\\/zaldi-competition-pechopetral-martingala-vorderzeug-mit-martingala\\\/#breadcrumb\",\"itemListElement\":[{\"@type\":\"ListItem\",\"position\":1,\"name\":\"Portada\",\"item\":\"https:\\\/\\\/www.zaldionline.com\\\/en\\\/\"},{\"@type\":\"ListItem\",\"position\":2,\"name\":\"Saddles &#038; Accessories\",\"item\":\"https:\\\/\\\/www.zaldionline.com\\\/en\\\/saddles-and-accessories\\\/\"},{\"@type\":\"ListItem\",\"position\":3,\"name\":\"ZALDI-COMPETITION PECHOPETRAL MARTINGALLA VORDERZEUG MIT MARTINGAL\"}]},{\"@type\":\"WebSite\",\"@id\":\"https:\\\/\\\/www.zaldionline.com\\\/en\\\/#website\",\"url\":\"https:\\\/\\\/www.zaldionline.com\\\/en\\\/\",\"name\":\"Zaldi Online\",\"description\":\"The best products for horses\",\"potentialAction\":[{\"@type\":\"SearchAction\",\"target\":{\"@type\":\"EntryPoint\",\"urlTemplate\":\"https:\\\/\\\/www.zaldionline.com\\\/en\\\/?s={search_term_string}\"},\"query-input\":{\"@type\":\"PropertyValueSpecification\",\"valueRequired\":true,\"valueName\":\"search_term_string\"}}],\"inLanguage\":\"en-GB\"}]}<\/script>\n<!-- \/ Yoast SEO plugin. -->","yoast_head_json":{"title":"ZALDI-COMPETITION PECHOPETRAL MARTINGALLA VORDERZEUG MIT MARTINGAL - Zaldi Online","description":"Preis inkl. MwSt.: 214.00\u20ac Brustriemen kombiniert mit Martingall. Die Gurte, die zum Sattel gehen, sind elastisch. Goldfarbene Schnalle. Schutz am Ring. Farben: Wei\u00df, Schwarz, Havanna, Braun, Haselnuss. Hergestellt von ZALDI. Lieferzeit variabel. Erh\u00e4ltlich \u00fcber Zaldionline.com Ref. 2107111","robots":{"index":"index","follow":"follow","max-snippet":"max-snippet:-1","max-image-preview":"max-image-preview:large","max-video-preview":"max-video-preview:-1"},"canonical":"https:\/\/www.zaldionline.com\/en\/product\/zaldi-competition-pechopetral-martingala-vorderzeug-mit-martingala\/","og_locale":"en_GB","og_type":"article","og_title":"ZALDI-COMPETITION PECHOPETRAL MARTINGALLA VORDERZEUG MIT MARTINGAL - Zaldi Online","og_description":"Preis inkl. MwSt.: 214.00\u20ac Brustriemen kombiniert mit Martingall. Die Gurte, die zum Sattel gehen, sind elastisch. Goldfarbene Schnalle. Schutz am Ring. Farben: Wei\u00df, Schwarz, Havanna, Braun, Haselnuss. Hergestellt von ZALDI. Lieferzeit variabel. Erh\u00e4ltlich \u00fcber Zaldionline.com Ref. 2107111","og_url":"https:\/\/www.zaldionline.com\/en\/product\/zaldi-competition-pechopetral-martingala-vorderzeug-mit-martingala\/","og_site_name":"Zaldi Online","article_modified_time":"2025-02-13T09:40:05+00:00","og_image":[{"width":513,"height":510,"url":"https:\/\/www.zaldionline.com\/en\/wp-content\/uploads\/sites\/3\/2020\/11\/Bild_2020-12-10_163216.png","type":"image\/png"}],"twitter_card":"summary_large_image","twitter_misc":{"Estimated reading time":"1 minute"},"schema":{"@context":"https:\/\/schema.org","@graph":[{"@type":"WebPage","@id":"https:\/\/www.zaldionline.com\/en\/product\/zaldi-competition-pechopetral-martingala-vorderzeug-mit-martingala\/","url":"https:\/\/www.zaldionline.com\/en\/product\/zaldi-competition-pechopetral-martingala-vorderzeug-mit-martingala\/","name":"ZALDI-COMPETITION PECHOPETRAL MARTINGALLA VORDERZEUG MIT MARTINGAL - Zaldi Online","isPartOf":{"@id":"https:\/\/www.zaldionline.com\/en\/#website"},"primaryImageOfPage":{"@id":"https:\/\/www.zaldionline.com\/en\/product\/zaldi-competition-pechopetral-martingala-vorderzeug-mit-martingala\/#primaryimage"},"image":{"@id":"https:\/\/www.zaldionline.com\/en\/product\/zaldi-competition-pechopetral-martingala-vorderzeug-mit-martingala\/#primaryimage"},"thumbnailUrl":"https:\/\/www.zaldionline.com\/en\/wp-content\/uploads\/sites\/3\/2020\/11\/Bild_2020-12-10_163216.png","datePublished":"2020-11-14T09:31:24+00:00","dateModified":"2025-02-13T09:40:05+00:00","description":"Preis inkl. MwSt.: 214.00\u20ac Brustriemen kombiniert mit Martingall. Die Gurte, die zum Sattel gehen, sind elastisch. Goldfarbene Schnalle. Schutz am Ring. Farben: Wei\u00df, Schwarz, Havanna, Braun, Haselnuss. Hergestellt von ZALDI. Lieferzeit variabel. Erh\u00e4ltlich \u00fcber Zaldionline.com Ref. 2107111","breadcrumb":{"@id":"https:\/\/www.zaldionline.com\/en\/product\/zaldi-competition-pechopetral-martingala-vorderzeug-mit-martingala\/#breadcrumb"},"inLanguage":"en-GB","potentialAction":[{"@type":"ReadAction","target":["https:\/\/www.zaldionline.com\/en\/product\/zaldi-competition-pechopetral-martingala-vorderzeug-mit-martingala\/"]}]},{"@type":"ImageObject","inLanguage":"en-GB","@id":"https:\/\/www.zaldionline.com\/en\/product\/zaldi-competition-pechopetral-martingala-vorderzeug-mit-martingala\/#primaryimage","url":"https:\/\/www.zaldionline.com\/en\/wp-content\/uploads\/sites\/3\/2020\/11\/Bild_2020-12-10_163216.png","contentUrl":"https:\/\/www.zaldionline.com\/en\/wp-content\/uploads\/sites\/3\/2020\/11\/Bild_2020-12-10_163216.png","width":513,"height":510},{"@type":"BreadcrumbList","@id":"https:\/\/www.zaldionline.com\/en\/product\/zaldi-competition-pechopetral-martingala-vorderzeug-mit-martingala\/#breadcrumb","itemListElement":[{"@type":"ListItem","position":1,"name":"Portada","item":"https:\/\/www.zaldionline.com\/en\/"},{"@type":"ListItem","position":2,"name":"Saddles &#038; Accessories","item":"https:\/\/www.zaldionline.com\/en\/saddles-and-accessories\/"},{"@type":"ListItem","position":3,"name":"ZALDI-COMPETITION PECHOPETRAL MARTINGALLA VORDERZEUG MIT MARTINGAL"}]},{"@type":"WebSite","@id":"https:\/\/www.zaldionline.com\/en\/#website","url":"https:\/\/www.zaldionline.com\/en\/","name":"Zaldi Online","description":"The best products for horses","potentialAction":[{"@type":"SearchAction","target":{"@type":"EntryPoint","urlTemplate":"https:\/\/www.zaldionline.com\/en\/?s={search_term_string}"},"query-input":{"@type":"PropertyValueSpecification","valueRequired":true,"valueName":"search_term_string"}}],"inLanguage":"en-GB"}]}},"_links":{"self":[{"href":"https:\/\/www.zaldionline.com\/en\/wp-json\/wp\/v2\/product\/16451","targetHints":{"allow":["GET"]}}],"collection":[{"href":"https:\/\/www.zaldionline.com\/en\/wp-json\/wp\/v2\/product"}],"about":[{"href":"https:\/\/www.zaldionline.com\/en\/wp-json\/wp\/v2\/types\/product"}],"replies":[{"embeddable":true,"href":"https:\/\/www.zaldionline.com\/en\/wp-json\/wp\/v2\/comments?post=16451"}],"version-history":[{"count":14,"href":"https:\/\/www.zaldionline.com\/en\/wp-json\/wp\/v2\/product\/16451\/revisions"}],"predecessor-version":[{"id":25652,"href":"https:\/\/www.zaldionline.com\/en\/wp-json\/wp\/v2\/product\/16451\/revisions\/25652"}],"wp:featuredmedia":[{"embeddable":true,"href":"https:\/\/www.zaldionline.com\/en\/wp-json\/wp\/v2\/media\/17461"}],"wp:attachment":[{"href":"https:\/\/www.zaldionline.com\/en\/wp-json\/wp\/v2\/media?parent=16451"}],"wp:term":[{"taxonomy":"product_brand","embeddable":true,"href":"https:\/\/www.zaldionline.com\/en\/wp-json\/wp\/v2\/product_brand?post=16451"},{"taxonomy":"product_cat","embeddable":true,"href":"https:\/\/www.zaldionline.com\/en\/wp-json\/wp\/v2\/product_cat?post=16451"},{"taxonomy":"product_tag","embeddable":true,"href":"https:\/\/www.zaldionline.com\/en\/wp-json\/wp\/v2\/product_tag?post=16451"}],"curies":[{"name":"wp","href":"https:\/\/api.w.org\/{rel}","templated":true}]}}