{"id":16472,"date":"2020-11-14T10:11:12","date_gmt":"2020-11-14T10:11:12","guid":{"rendered":"https:\/\/zaldionline.com\/?post_type=product&#038;p=16472"},"modified":"2023-04-22T12:24:10","modified_gmt":"2023-04-22T12:24:10","slug":"zaldi-extra-leder-fleece-protector-gamaschen-vorne","status":"publish","type":"product","link":"https:\/\/www.zaldionline.com\/en\/product\/zaldi-extra-leder-fleece-protector-gamaschen-vorne\/","title":{"rendered":"ZALDI EXTRA LEDER FLEECE PROTECTOR GAMASCHEN VORNE"},"content":{"rendered":"\t\t<div data-elementor-type=\"wp-post\" data-elementor-id=\"16472\" class=\"elementor elementor-16472\">\n\t\t\t\t\t\t<section class=\"elementor-section elementor-top-section elementor-element elementor-element-bbc94df elementor-section-boxed elementor-section-height-default elementor-section-height-default\" data-id=\"bbc94df\" data-element_type=\"section\" data-e-type=\"section\">\n\t\t\t\t\t\t<div class=\"elementor-container elementor-column-gap-default\">\n\t\t\t\t\t<div class=\"elementor-column elementor-col-100 elementor-top-column elementor-element elementor-element-2ed7f122\" data-id=\"2ed7f122\" data-element_type=\"column\" data-e-type=\"column\">\n\t\t\t<div class=\"elementor-widget-wrap elementor-element-populated\">\n\t\t\t\t\t\t<div class=\"elementor-element elementor-element-75ddc649 elementor-widget elementor-widget-text-editor\" data-id=\"75ddc649\" data-element_type=\"widget\" data-e-type=\"widget\" data-widget_type=\"text-editor.default\">\n\t\t\t\t<div class=\"elementor-widget-container\">\n\t\t\t\t\t\t\t\t\t<p>Preis inkl. MwSt.: 92,39\u20ac<\/p><p><em>ZALDI<\/em>-Extra Lederschutz vorne mit hochwertigem synthetischem Lammfell<\/p><p>Die Bewegungen werden nicht beeintr\u00e4chtigt.<\/p><p>Dank des Schaffells vermeiden sie Verletzungen, indem sie die Temperatur der Sehne aufrechterhalten und Scheuern vermeiden<\/p><p>Denken Sie daran, dass es f\u00fcr die Sicherheit Ihres Pferdes ist. Vorbeugen ist besser als heilen.<\/p><p>Verkauf paarweise<\/p><p>Farben: Wei\u00df, Schwarz, Havanna, Braun, Hellbraun<\/p><p>Hergestellt von <em>ZALDI<\/em><\/p><p>Lieferzeit variabel<\/p><p>* Gr\u00f6\u00dfe M: 25 cm breit und 25 cm hoch<\/p><p>* Gr\u00f6\u00dfe L: 27 cm breit und 25 cm hoch<\/p><p>* Gr\u00f6\u00dfe XL: 29 cm breit und 25 cm hoch<\/p><p><span data-language-for-alternatives=\"de\" data-language-to-translate-into=\"es\" data-phrase-index=\"8\">Ref. 21077243<\/span><\/p><p>Kann mit den hinteren Gamaschen kombiniert werden, Ref. 21077244<\/p><p><strong>Wenn Du hier nicht gefunden hast wonach Du suchst,<\/strong><\/p><p>schau bitte auf der\u00a0<a href=\"https:\/\/zaldionline.com\/en\/104-bell-boots-bandages-leg-boots\">https:\/\/zaldionline.com\/en\/104-bell-boots-bandages-leg-boots<\/a> Seite.<\/p><p>Dort sind noch weitere Artikel aufgef\u00fchrt.<\/p><p>Suche die entsprechende Referenznummer und Beschreibung heraus und<\/p><p>sende uns Deinen gesamten Auftrag per E-Mail zu.<\/p>\t\t\t\t\t\t\t\t<\/div>\n\t\t\t\t<\/div>\n\t\t\t\t\t<\/div>\n\t\t<\/div>\n\t\t\t\t\t<\/div>\n\t\t<\/section>\n\t\t\t\t<\/div>\n\t\t","protected":false},"excerpt":{"rendered":"<p>Preis inkl. MwSt.: 92,39\u20ac ZALDI-Extra Lederschutz vorne mit hochwertigem synthetischem Lammfell Die Bewegungen werden nicht beeintr\u00e4chtigt. Dank des Schaffells vermeiden sie Verletzungen, indem sie die Temperatur der Sehne aufrechterhalten und Scheuern vermeiden Denken Sie daran, dass es f\u00fcr die Sicherheit Ihres Pferdes ist. Vorbeugen ist besser als heilen. Verkauf paarweise Farben: Wei\u00df, Schwarz, Havanna, Braun, [&hellip;]<\/p>\n","protected":false},"featured_media":17459,"comment_status":"open","ping_status":"closed","template":"","meta":{"site-sidebar-layout":"default","site-content-layout":"default","ast-site-content-layout":"default","site-content-style":"default","site-sidebar-style":"default","ast-global-header-display":"","ast-banner-title-visibility":"","ast-main-header-display":"","ast-hfb-above-header-display":"","ast-hfb-below-header-display":"","ast-hfb-mobile-header-display":"","site-post-title":"","ast-breadcrumbs-content":"","ast-featured-img":"","footer-sml-layout":"","ast-disable-related-posts":"","theme-transparent-header-meta":"default","adv-header-id-meta":"","stick-header-meta":"","header-above-stick-meta":"","header-main-stick-meta":"","header-below-stick-meta":"","astra-migrate-meta-layouts":"default","ast-page-background-enabled":"default","ast-page-background-meta":{"desktop":{"background-color":"var(--ast-global-color-4)","background-image":"","background-repeat":"repeat","background-position":"center center","background-size":"auto","background-attachment":"scroll","background-type":"","background-media":"","overlay-type":"","overlay-color":"","overlay-opacity":"","overlay-gradient":""},"tablet":{"background-color":"","background-image":"","background-repeat":"repeat","background-position":"center center","background-size":"auto","background-attachment":"scroll","background-type":"","background-media":"","overlay-type":"","overlay-color":"","overlay-opacity":"","overlay-gradient":""},"mobile":{"background-color":"","background-image":"","background-repeat":"repeat","background-position":"center center","background-size":"auto","background-attachment":"scroll","background-type":"","background-media":"","overlay-type":"","overlay-color":"","overlay-opacity":"","overlay-gradient":""}},"ast-content-background-meta":{"desktop":{"background-color":"var(--ast-global-color-5)","background-image":"","background-repeat":"repeat","background-position":"center center","background-size":"auto","background-attachment":"scroll","background-type":"","background-media":"","overlay-type":"","overlay-color":"","overlay-opacity":"","overlay-gradient":""},"tablet":{"background-color":"var(--ast-global-color-5)","background-image":"","background-repeat":"repeat","background-position":"center center","background-size":"auto","background-attachment":"scroll","background-type":"","background-media":"","overlay-type":"","overlay-color":"","overlay-opacity":"","overlay-gradient":""},"mobile":{"background-color":"var(--ast-global-color-5)","background-image":"","background-repeat":"repeat","background-position":"center center","background-size":"auto","background-attachment":"scroll","background-type":"","background-media":"","overlay-type":"","overlay-color":"","overlay-opacity":"","overlay-gradient":""}},"ngg_post_thumbnail":0},"product_brand":[],"product_cat":[18,58],"product_tag":[608,837,838,340,337,338,339],"class_list":{"0":"post-16472","1":"product","2":"type-product","3":"status-publish","4":"has-post-thumbnail","6":"product_cat-accessories","7":"product_cat-horseboots-leg-protection","8":"product_tag-gamaschen","9":"product_tag-protektoren","10":"product_tag-protektoren-aus-leder","11":"product_tag-susanne-nagel","12":"product_tag-zaldi","13":"product_tag-zaldi-deutschland","14":"product_tag-zaldi-online-com","15":"desktop-align-left","16":"tablet-align-left","17":"mobile-align-left","19":"first","20":"instock","21":"taxable","22":"shipping-taxable","23":"purchasable","24":"product-type-variable"},"yoast_head":"<!-- This site is optimized with the Yoast SEO plugin v27.3 - https:\/\/yoast.com\/product\/yoast-seo-wordpress\/ -->\n<title>ZALDI EXTRA LEDER FLEECE PROTECTOR GAMASCHEN VORNE - Zaldi Online<\/title>\n<meta name=\"description\" content=\"Preis inkl. MwSt.: 92,39\u20ac ZALDI-Extra. Lederschutz vorne mit hochwertigem synthetischem Lammfell. Die Bewegungen werden nicht beeintr\u00e4chtigt. Dank des Schaffells vermeiden sie Verletzungen, indem sie die Temperatur der Sehne aufrechterhalten und Scheuern vermeiden. Denken Sie daran, dass es f\u00fcr die Sicherheit Ihres Pferdes ist. Vorbeugen ist besser als heilen. Verkauf paarweise. Farben: Wei\u00df, Schwarz, Havanna, Braun, Hellbraun. Hergestellt von ZALDI. Lieferzeit variabel * Gr\u00f6\u00dfe M: 25 cm breit und 25 cm hoch* Gr\u00f6\u00dfe L: 27 cm breit und 25 cm hoch* Gr\u00f6\u00dfe XL: 29 cm breit und 25 cm hoch. Erh\u00e4ltlich \u00fcber Zaldionline.com Ref. 21077243\" \/>\n<meta name=\"robots\" content=\"index, follow, max-snippet:-1, max-image-preview:large, max-video-preview:-1\" \/>\n<link rel=\"canonical\" href=\"https:\/\/www.zaldionline.com\/en\/product\/zaldi-extra-leder-fleece-protector-gamaschen-vorne\/\" \/>\n<meta property=\"og:locale\" content=\"en_GB\" \/>\n<meta property=\"og:type\" content=\"article\" \/>\n<meta property=\"og:title\" content=\"ZALDI EXTRA LEDER FLEECE PROTECTOR GAMASCHEN VORNE - Zaldi Online\" \/>\n<meta property=\"og:description\" content=\"Preis inkl. MwSt.: 92,39\u20ac ZALDI-Extra. Lederschutz vorne mit hochwertigem synthetischem Lammfell. Die Bewegungen werden nicht beeintr\u00e4chtigt. Dank des Schaffells vermeiden sie Verletzungen, indem sie die Temperatur der Sehne aufrechterhalten und Scheuern vermeiden. Denken Sie daran, dass es f\u00fcr die Sicherheit Ihres Pferdes ist. Vorbeugen ist besser als heilen. Verkauf paarweise. Farben: Wei\u00df, Schwarz, Havanna, Braun, Hellbraun. Hergestellt von ZALDI. Lieferzeit variabel * Gr\u00f6\u00dfe M: 25 cm breit und 25 cm hoch* Gr\u00f6\u00dfe L: 27 cm breit und 25 cm hoch* Gr\u00f6\u00dfe XL: 29 cm breit und 25 cm hoch. Erh\u00e4ltlich \u00fcber Zaldionline.com Ref. 21077243\" \/>\n<meta property=\"og:url\" content=\"https:\/\/www.zaldionline.com\/en\/product\/zaldi-extra-leder-fleece-protector-gamaschen-vorne\/\" \/>\n<meta property=\"og:site_name\" content=\"Zaldi Online\" \/>\n<meta property=\"article:modified_time\" content=\"2023-04-22T12:24:10+00:00\" \/>\n<meta property=\"og:image\" content=\"https:\/\/www.zaldionline.com\/en\/wp-content\/uploads\/sites\/3\/2020\/11\/Bild_2020-12-10_163014.png\" \/>\n\t<meta property=\"og:image:width\" content=\"517\" \/>\n\t<meta property=\"og:image:height\" content=\"506\" \/>\n\t<meta property=\"og:image:type\" content=\"image\/png\" \/>\n<meta name=\"twitter:card\" content=\"summary_large_image\" \/>\n<meta name=\"twitter:label1\" content=\"Estimated reading time\" \/>\n\t<meta name=\"twitter:data1\" content=\"1 minute\" \/>\n<script type=\"application\/ld+json\" class=\"yoast-schema-graph\">{\"@context\":\"https:\\\/\\\/schema.org\",\"@graph\":[{\"@type\":\"WebPage\",\"@id\":\"https:\\\/\\\/www.zaldionline.com\\\/en\\\/product\\\/zaldi-extra-leder-fleece-protector-gamaschen-vorne\\\/\",\"url\":\"https:\\\/\\\/www.zaldionline.com\\\/en\\\/product\\\/zaldi-extra-leder-fleece-protector-gamaschen-vorne\\\/\",\"name\":\"ZALDI EXTRA LEDER FLEECE PROTECTOR GAMASCHEN VORNE - Zaldi Online\",\"isPartOf\":{\"@id\":\"https:\\\/\\\/www.zaldionline.com\\\/en\\\/#website\"},\"primaryImageOfPage\":{\"@id\":\"https:\\\/\\\/www.zaldionline.com\\\/en\\\/product\\\/zaldi-extra-leder-fleece-protector-gamaschen-vorne\\\/#primaryimage\"},\"image\":{\"@id\":\"https:\\\/\\\/www.zaldionline.com\\\/en\\\/product\\\/zaldi-extra-leder-fleece-protector-gamaschen-vorne\\\/#primaryimage\"},\"thumbnailUrl\":\"https:\\\/\\\/www.zaldionline.com\\\/en\\\/wp-content\\\/uploads\\\/sites\\\/3\\\/2020\\\/11\\\/Bild_2020-12-10_163014.png\",\"datePublished\":\"2020-11-14T10:11:12+00:00\",\"dateModified\":\"2023-04-22T12:24:10+00:00\",\"description\":\"Preis inkl. MwSt.: 92,39\u20ac ZALDI-Extra. Lederschutz vorne mit hochwertigem synthetischem Lammfell. Die Bewegungen werden nicht beeintr\u00e4chtigt. Dank des Schaffells vermeiden sie Verletzungen, indem sie die Temperatur der Sehne aufrechterhalten und Scheuern vermeiden. Denken Sie daran, dass es f\u00fcr die Sicherheit Ihres Pferdes ist. Vorbeugen ist besser als heilen. Verkauf paarweise. Farben: Wei\u00df, Schwarz, Havanna, Braun, Hellbraun. Hergestellt von ZALDI. Lieferzeit variabel * Gr\u00f6\u00dfe M: 25 cm breit und 25 cm hoch* Gr\u00f6\u00dfe L: 27 cm breit und 25 cm hoch* Gr\u00f6\u00dfe XL: 29 cm breit und 25 cm hoch. Erh\u00e4ltlich \u00fcber Zaldionline.com Ref. 21077243\",\"breadcrumb\":{\"@id\":\"https:\\\/\\\/www.zaldionline.com\\\/en\\\/product\\\/zaldi-extra-leder-fleece-protector-gamaschen-vorne\\\/#breadcrumb\"},\"inLanguage\":\"en-GB\",\"potentialAction\":[{\"@type\":\"ReadAction\",\"target\":[\"https:\\\/\\\/www.zaldionline.com\\\/en\\\/product\\\/zaldi-extra-leder-fleece-protector-gamaschen-vorne\\\/\"]}]},{\"@type\":\"ImageObject\",\"inLanguage\":\"en-GB\",\"@id\":\"https:\\\/\\\/www.zaldionline.com\\\/en\\\/product\\\/zaldi-extra-leder-fleece-protector-gamaschen-vorne\\\/#primaryimage\",\"url\":\"https:\\\/\\\/www.zaldionline.com\\\/en\\\/wp-content\\\/uploads\\\/sites\\\/3\\\/2020\\\/11\\\/Bild_2020-12-10_163014.png\",\"contentUrl\":\"https:\\\/\\\/www.zaldionline.com\\\/en\\\/wp-content\\\/uploads\\\/sites\\\/3\\\/2020\\\/11\\\/Bild_2020-12-10_163014.png\",\"width\":517,\"height\":506},{\"@type\":\"BreadcrumbList\",\"@id\":\"https:\\\/\\\/www.zaldionline.com\\\/en\\\/product\\\/zaldi-extra-leder-fleece-protector-gamaschen-vorne\\\/#breadcrumb\",\"itemListElement\":[{\"@type\":\"ListItem\",\"position\":1,\"name\":\"Portada\",\"item\":\"https:\\\/\\\/www.zaldionline.com\\\/en\\\/\"},{\"@type\":\"ListItem\",\"position\":2,\"name\":\"Saddles &#038; Accessories\",\"item\":\"https:\\\/\\\/www.zaldionline.com\\\/en\\\/saddles-and-accessories\\\/\"},{\"@type\":\"ListItem\",\"position\":3,\"name\":\"ZALDI EXTRA LEDER FLEECE PROTECTOR GAMASCHEN VORNE\"}]},{\"@type\":\"WebSite\",\"@id\":\"https:\\\/\\\/www.zaldionline.com\\\/en\\\/#website\",\"url\":\"https:\\\/\\\/www.zaldionline.com\\\/en\\\/\",\"name\":\"Zaldi Online\",\"description\":\"The best products for horses\",\"potentialAction\":[{\"@type\":\"SearchAction\",\"target\":{\"@type\":\"EntryPoint\",\"urlTemplate\":\"https:\\\/\\\/www.zaldionline.com\\\/en\\\/?s={search_term_string}\"},\"query-input\":{\"@type\":\"PropertyValueSpecification\",\"valueRequired\":true,\"valueName\":\"search_term_string\"}}],\"inLanguage\":\"en-GB\"}]}<\/script>\n<!-- \/ Yoast SEO plugin. -->","yoast_head_json":{"title":"ZALDI EXTRA LEDER FLEECE PROTECTOR GAMASCHEN VORNE - Zaldi Online","description":"Preis inkl. MwSt.: 92,39\u20ac ZALDI-Extra. Lederschutz vorne mit hochwertigem synthetischem Lammfell. Die Bewegungen werden nicht beeintr\u00e4chtigt. Dank des Schaffells vermeiden sie Verletzungen, indem sie die Temperatur der Sehne aufrechterhalten und Scheuern vermeiden. Denken Sie daran, dass es f\u00fcr die Sicherheit Ihres Pferdes ist. Vorbeugen ist besser als heilen. Verkauf paarweise. Farben: Wei\u00df, Schwarz, Havanna, Braun, Hellbraun. Hergestellt von ZALDI. Lieferzeit variabel * Gr\u00f6\u00dfe M: 25 cm breit und 25 cm hoch* Gr\u00f6\u00dfe L: 27 cm breit und 25 cm hoch* Gr\u00f6\u00dfe XL: 29 cm breit und 25 cm hoch. Erh\u00e4ltlich \u00fcber Zaldionline.com Ref. 21077243","robots":{"index":"index","follow":"follow","max-snippet":"max-snippet:-1","max-image-preview":"max-image-preview:large","max-video-preview":"max-video-preview:-1"},"canonical":"https:\/\/www.zaldionline.com\/en\/product\/zaldi-extra-leder-fleece-protector-gamaschen-vorne\/","og_locale":"en_GB","og_type":"article","og_title":"ZALDI EXTRA LEDER FLEECE PROTECTOR GAMASCHEN VORNE - Zaldi Online","og_description":"Preis inkl. MwSt.: 92,39\u20ac ZALDI-Extra. Lederschutz vorne mit hochwertigem synthetischem Lammfell. Die Bewegungen werden nicht beeintr\u00e4chtigt. Dank des Schaffells vermeiden sie Verletzungen, indem sie die Temperatur der Sehne aufrechterhalten und Scheuern vermeiden. Denken Sie daran, dass es f\u00fcr die Sicherheit Ihres Pferdes ist. Vorbeugen ist besser als heilen. Verkauf paarweise. Farben: Wei\u00df, Schwarz, Havanna, Braun, Hellbraun. Hergestellt von ZALDI. Lieferzeit variabel * Gr\u00f6\u00dfe M: 25 cm breit und 25 cm hoch* Gr\u00f6\u00dfe L: 27 cm breit und 25 cm hoch* Gr\u00f6\u00dfe XL: 29 cm breit und 25 cm hoch. Erh\u00e4ltlich \u00fcber Zaldionline.com Ref. 21077243","og_url":"https:\/\/www.zaldionline.com\/en\/product\/zaldi-extra-leder-fleece-protector-gamaschen-vorne\/","og_site_name":"Zaldi Online","article_modified_time":"2023-04-22T12:24:10+00:00","og_image":[{"width":517,"height":506,"url":"https:\/\/www.zaldionline.com\/en\/wp-content\/uploads\/sites\/3\/2020\/11\/Bild_2020-12-10_163014.png","type":"image\/png"}],"twitter_card":"summary_large_image","twitter_misc":{"Estimated reading time":"1 minute"},"schema":{"@context":"https:\/\/schema.org","@graph":[{"@type":"WebPage","@id":"https:\/\/www.zaldionline.com\/en\/product\/zaldi-extra-leder-fleece-protector-gamaschen-vorne\/","url":"https:\/\/www.zaldionline.com\/en\/product\/zaldi-extra-leder-fleece-protector-gamaschen-vorne\/","name":"ZALDI EXTRA LEDER FLEECE PROTECTOR GAMASCHEN VORNE - Zaldi Online","isPartOf":{"@id":"https:\/\/www.zaldionline.com\/en\/#website"},"primaryImageOfPage":{"@id":"https:\/\/www.zaldionline.com\/en\/product\/zaldi-extra-leder-fleece-protector-gamaschen-vorne\/#primaryimage"},"image":{"@id":"https:\/\/www.zaldionline.com\/en\/product\/zaldi-extra-leder-fleece-protector-gamaschen-vorne\/#primaryimage"},"thumbnailUrl":"https:\/\/www.zaldionline.com\/en\/wp-content\/uploads\/sites\/3\/2020\/11\/Bild_2020-12-10_163014.png","datePublished":"2020-11-14T10:11:12+00:00","dateModified":"2023-04-22T12:24:10+00:00","description":"Preis inkl. MwSt.: 92,39\u20ac ZALDI-Extra. Lederschutz vorne mit hochwertigem synthetischem Lammfell. Die Bewegungen werden nicht beeintr\u00e4chtigt. Dank des Schaffells vermeiden sie Verletzungen, indem sie die Temperatur der Sehne aufrechterhalten und Scheuern vermeiden. Denken Sie daran, dass es f\u00fcr die Sicherheit Ihres Pferdes ist. Vorbeugen ist besser als heilen. Verkauf paarweise. Farben: Wei\u00df, Schwarz, Havanna, Braun, Hellbraun. Hergestellt von ZALDI. Lieferzeit variabel * Gr\u00f6\u00dfe M: 25 cm breit und 25 cm hoch* Gr\u00f6\u00dfe L: 27 cm breit und 25 cm hoch* Gr\u00f6\u00dfe XL: 29 cm breit und 25 cm hoch. Erh\u00e4ltlich \u00fcber Zaldionline.com Ref. 21077243","breadcrumb":{"@id":"https:\/\/www.zaldionline.com\/en\/product\/zaldi-extra-leder-fleece-protector-gamaschen-vorne\/#breadcrumb"},"inLanguage":"en-GB","potentialAction":[{"@type":"ReadAction","target":["https:\/\/www.zaldionline.com\/en\/product\/zaldi-extra-leder-fleece-protector-gamaschen-vorne\/"]}]},{"@type":"ImageObject","inLanguage":"en-GB","@id":"https:\/\/www.zaldionline.com\/en\/product\/zaldi-extra-leder-fleece-protector-gamaschen-vorne\/#primaryimage","url":"https:\/\/www.zaldionline.com\/en\/wp-content\/uploads\/sites\/3\/2020\/11\/Bild_2020-12-10_163014.png","contentUrl":"https:\/\/www.zaldionline.com\/en\/wp-content\/uploads\/sites\/3\/2020\/11\/Bild_2020-12-10_163014.png","width":517,"height":506},{"@type":"BreadcrumbList","@id":"https:\/\/www.zaldionline.com\/en\/product\/zaldi-extra-leder-fleece-protector-gamaschen-vorne\/#breadcrumb","itemListElement":[{"@type":"ListItem","position":1,"name":"Portada","item":"https:\/\/www.zaldionline.com\/en\/"},{"@type":"ListItem","position":2,"name":"Saddles &#038; Accessories","item":"https:\/\/www.zaldionline.com\/en\/saddles-and-accessories\/"},{"@type":"ListItem","position":3,"name":"ZALDI EXTRA LEDER FLEECE PROTECTOR GAMASCHEN VORNE"}]},{"@type":"WebSite","@id":"https:\/\/www.zaldionline.com\/en\/#website","url":"https:\/\/www.zaldionline.com\/en\/","name":"Zaldi Online","description":"The best products for horses","potentialAction":[{"@type":"SearchAction","target":{"@type":"EntryPoint","urlTemplate":"https:\/\/www.zaldionline.com\/en\/?s={search_term_string}"},"query-input":{"@type":"PropertyValueSpecification","valueRequired":true,"valueName":"search_term_string"}}],"inLanguage":"en-GB"}]}},"_links":{"self":[{"href":"https:\/\/www.zaldionline.com\/en\/wp-json\/wp\/v2\/product\/16472","targetHints":{"allow":["GET"]}}],"collection":[{"href":"https:\/\/www.zaldionline.com\/en\/wp-json\/wp\/v2\/product"}],"about":[{"href":"https:\/\/www.zaldionline.com\/en\/wp-json\/wp\/v2\/types\/product"}],"replies":[{"embeddable":true,"href":"https:\/\/www.zaldionline.com\/en\/wp-json\/wp\/v2\/comments?post=16472"}],"version-history":[{"count":1,"href":"https:\/\/www.zaldionline.com\/en\/wp-json\/wp\/v2\/product\/16472\/revisions"}],"predecessor-version":[{"id":23459,"href":"https:\/\/www.zaldionline.com\/en\/wp-json\/wp\/v2\/product\/16472\/revisions\/23459"}],"wp:featuredmedia":[{"embeddable":true,"href":"https:\/\/www.zaldionline.com\/en\/wp-json\/wp\/v2\/media\/17459"}],"wp:attachment":[{"href":"https:\/\/www.zaldionline.com\/en\/wp-json\/wp\/v2\/media?parent=16472"}],"wp:term":[{"taxonomy":"product_brand","embeddable":true,"href":"https:\/\/www.zaldionline.com\/en\/wp-json\/wp\/v2\/product_brand?post=16472"},{"taxonomy":"product_cat","embeddable":true,"href":"https:\/\/www.zaldionline.com\/en\/wp-json\/wp\/v2\/product_cat?post=16472"},{"taxonomy":"product_tag","embeddable":true,"href":"https:\/\/www.zaldionline.com\/en\/wp-json\/wp\/v2\/product_tag?post=16472"}],"curies":[{"name":"wp","href":"https:\/\/api.w.org\/{rel}","templated":true}]}}