{"id":16509,"date":"2020-11-14T11:08:03","date_gmt":"2020-11-14T11:08:03","guid":{"rendered":"https:\/\/zaldionline.com\/?post_type=product&#038;p=16509"},"modified":"2023-04-22T12:07:43","modified_gmt":"2023-04-22T12:07:43","slug":"protector-dressage-boot-synthetisches-lammfell-equestro","status":"publish","type":"product","link":"https:\/\/www.zaldionline.com\/en\/product\/protector-dressage-boot-synthetisches-lammfell-equestro\/","title":{"rendered":"PROTECTOR DRESSAGE BOOT SYNTHETISCHES  LAMMFELL EQUESTRO"},"content":{"rendered":"<p>Preis inkl. MwSt.: 95,38\u20ac<\/p>\n<p>Komfortabler und warmer Frontschutz Evolution Modell, italienisches Design.<\/p>\n<p>Ergonomisch f\u00fcr eine perfekte Anpassung an die Sehnen des Pferdes.<\/p>\n<p>Das Innere besteht aus synthetischem Lammfell in einer nat\u00fcrlichen Farbe, die maximalen Komfort garantiert. Es polstert Schl\u00e4ge und bewahrt gleichzeitig die Bewegungsfreiheit des Pferdes.<\/p>\n<p>Es hat eine halbstarre Au\u00dfenschale aus thermoplastischem Polyurethan, die einen vollst\u00e4ndigen Schutz gegen Reibung und Schl\u00e4ge garantiert und so Sch\u00e4den am Pferd vermeidet.<\/p>\n<p>Optimale Atmungsaktivit\u00e4t &#8211; mehrere atmungsaktiv &#8211; dank Maschenl\u00f6chern, die einen gr\u00f6\u00dferen Luftdurchgang erm\u00f6glichen und den Innenraum immer k\u00fchl und trocken halten.<\/p>\n<p>Mit doppelt verstellbarem Sicherheitsverschluss durch zwei selbstklebende Klettb\u00e4nder f\u00fcr einen engeren Verschluss und mehr Komfort.<\/p>\n<p>Mit Zungen- und Gummiverst\u00e4rkung, die das \u00d6ffnen und Schlie\u00dfen erleichtert.<\/p>\n<p>Waschbar bei 30\u00baC<\/p>\n<p>Halten Sie den Klettverschluss geschlossen und sauber. B\u00fcrsten Sie den Klettverschluss zur Reinigung. An der Luft trocknen lassen.<\/p>\n<p>Ungef\u00e4hres Gewicht: 800 Gramm<\/p>\n<p>Im 2er-Pack<\/p>\n<p>Gr\u00f6\u00dfen: COB, FULL<\/p>\n<p>Farben: Schwarz, Braun<\/p>\n<p>Re. 2107727<\/p>\n<p><strong>Wenn Du hier nicht gefunden hast wonach Du suchst,<\/strong><\/p>\n<p>schau bitte auf der&nbsp;<a href=\"https:\/\/zaldionline.com\/en\/104-bell-boots-bandages-leg-boots\">https:\/\/zaldionline.com\/en\/104-bell-boots-bandages-leg-boots<\/a> Seite.<\/p>\n<p>Dort sind noch weitere Artikel aufgef\u00fchrt.<\/p>\n<p>Suche die entsprechende Referenznummer und Beschreibung heraus und<\/p>\n<p>sende uns Deinen gesamten Auftrag per E-Mail zu.<\/p>\n","protected":false},"excerpt":{"rendered":"<p>Preis inkl. MwSt.: 95,38\u20ac Komfortabler und warmer Frontschutz Evolution Modell, italienisches Design. Ergonomisch f\u00fcr eine perfekte Anpassung an die Sehnen des Pferdes. Das Innere besteht aus synthetischem Lammfell in einer nat\u00fcrlichen Farbe, die maximalen Komfort garantiert. Es polstert Schl\u00e4ge und bewahrt gleichzeitig die Bewegungsfreiheit des Pferdes. Es hat eine halbstarre Au\u00dfenschale aus thermoplastischem Polyurethan, die [&hellip;]<\/p>\n","protected":false},"featured_media":17456,"comment_status":"open","ping_status":"closed","template":"","meta":{"site-sidebar-layout":"default","site-content-layout":"default","ast-site-content-layout":"default","site-content-style":"default","site-sidebar-style":"default","ast-global-header-display":"","ast-banner-title-visibility":"","ast-main-header-display":"","ast-hfb-above-header-display":"","ast-hfb-below-header-display":"","ast-hfb-mobile-header-display":"","site-post-title":"","ast-breadcrumbs-content":"","ast-featured-img":"","footer-sml-layout":"","ast-disable-related-posts":"","theme-transparent-header-meta":"default","adv-header-id-meta":"","stick-header-meta":"","header-above-stick-meta":"","header-main-stick-meta":"","header-below-stick-meta":"","astra-migrate-meta-layouts":"default","ast-page-background-enabled":"default","ast-page-background-meta":{"desktop":{"background-color":"var(--ast-global-color-4)","background-image":"","background-repeat":"repeat","background-position":"center center","background-size":"auto","background-attachment":"scroll","background-type":"","background-media":"","overlay-type":"","overlay-color":"","overlay-opacity":"","overlay-gradient":""},"tablet":{"background-color":"","background-image":"","background-repeat":"repeat","background-position":"center center","background-size":"auto","background-attachment":"scroll","background-type":"","background-media":"","overlay-type":"","overlay-color":"","overlay-opacity":"","overlay-gradient":""},"mobile":{"background-color":"","background-image":"","background-repeat":"repeat","background-position":"center center","background-size":"auto","background-attachment":"scroll","background-type":"","background-media":"","overlay-type":"","overlay-color":"","overlay-opacity":"","overlay-gradient":""}},"ast-content-background-meta":{"desktop":{"background-color":"var(--ast-global-color-5)","background-image":"","background-repeat":"repeat","background-position":"center center","background-size":"auto","background-attachment":"scroll","background-type":"","background-media":"","overlay-type":"","overlay-color":"","overlay-opacity":"","overlay-gradient":""},"tablet":{"background-color":"var(--ast-global-color-5)","background-image":"","background-repeat":"repeat","background-position":"center center","background-size":"auto","background-attachment":"scroll","background-type":"","background-media":"","overlay-type":"","overlay-color":"","overlay-opacity":"","overlay-gradient":""},"mobile":{"background-color":"var(--ast-global-color-5)","background-image":"","background-repeat":"repeat","background-position":"center center","background-size":"auto","background-attachment":"scroll","background-type":"","background-media":"","overlay-type":"","overlay-color":"","overlay-opacity":"","overlay-gradient":""}},"ngg_post_thumbnail":0},"product_brand":[],"product_cat":[18,58],"product_tag":[612,608,611,610,340,337,338,339],"class_list":{"0":"post-16509","1":"product","2":"type-product","3":"status-publish","4":"has-post-thumbnail","6":"product_cat-accessories","7":"product_cat-horseboots-leg-protection","8":"product_tag-bandagen","9":"product_tag-gamaschen","10":"product_tag-hufglocken","11":"product_tag-protector","12":"product_tag-susanne-nagel","13":"product_tag-zaldi","14":"product_tag-zaldi-deutschland","15":"product_tag-zaldi-online-com","16":"desktop-align-left","17":"tablet-align-left","18":"mobile-align-left","20":"first","21":"instock","22":"taxable","23":"shipping-taxable","24":"purchasable","25":"product-type-variable"},"yoast_head":"<!-- This site is optimized with the Yoast SEO plugin v27.4 - https:\/\/yoast.com\/product\/yoast-seo-wordpress\/ -->\n<title>PROTECTOR DRESSAGE BOOT SYNTHETISCHES LAMMFELL EQUESTRO - Zaldi Online<\/title>\n<meta name=\"description\" content=\"Preis inkl. MwSt.: 95,38\u20ac. Komfortabler und warmer Frontschutz Evolution Modell, italienisches Design. Ergonomisch f\u00fcr eine perfekte Anpassung an die Sehnen des Pferdes. Das Innere besteht aus synthetischem Lammfell in einer nat\u00fcrlichen Farbe, die maximalen Komfort garantiert. Es polstert Schl\u00e4ge und bewahrt gleichzeitig die Bewegungsfreiheit des Pferdes. Es hat eine halbstarre Au\u00dfenschale aus thermoplastischem Polyurethan, die einen vollst\u00e4ndigen Schutz gegen Reibung und Schl\u00e4ge garantiert und so Sch\u00e4den am Pferd vermeidet. Optimale Atmungsaktivit\u00e4t - mehrere atmungsaktiv - dank Maschenl\u00f6chern, die einen gr\u00f6\u00dferen Luftdurchgang erm\u00f6glichen und den Innenraum immer k\u00fchl und trocken halten. Mit doppelt verstellbarem Sicherheitsverschluss durch zwei selbstklebende Klettb\u00e4nder f\u00fcr einen engeren Verschluss und mehr Komfort. Mit Zungen- und Gummiverst\u00e4rkung, die das \u00d6ffnen und Schlie\u00dfen erleichtert. Waschbar bei 30\u00baC. Halten Sie den Klettverschluss geschlossen und sauber. B\u00fcrsten Sie den Klettverschluss zur Reinigung. An der Luft trocknen lassen. Ungef\u00e4hres Gewicht: 800 Gramm. Im 2er-Pack. Gr\u00f6\u00dfen: COB, FULL. Farben: Schwarz, Braun. Erh\u00e4ltlich \u00fcber Zaldionline.com Re. 2107727\" \/>\n<meta name=\"robots\" content=\"index, follow, max-snippet:-1, max-image-preview:large, max-video-preview:-1\" \/>\n<link rel=\"canonical\" href=\"https:\/\/www.zaldionline.com\/en\/product\/protector-dressage-boot-synthetisches-lammfell-equestro\/\" \/>\n<meta property=\"og:locale\" content=\"en_GB\" \/>\n<meta property=\"og:type\" content=\"article\" \/>\n<meta property=\"og:title\" content=\"PROTECTOR DRESSAGE BOOT SYNTHETISCHES LAMMFELL EQUESTRO - Zaldi Online\" \/>\n<meta property=\"og:description\" content=\"Preis inkl. MwSt.: 95,38\u20ac. Komfortabler und warmer Frontschutz Evolution Modell, italienisches Design. Ergonomisch f\u00fcr eine perfekte Anpassung an die Sehnen des Pferdes. Das Innere besteht aus synthetischem Lammfell in einer nat\u00fcrlichen Farbe, die maximalen Komfort garantiert. Es polstert Schl\u00e4ge und bewahrt gleichzeitig die Bewegungsfreiheit des Pferdes. Es hat eine halbstarre Au\u00dfenschale aus thermoplastischem Polyurethan, die einen vollst\u00e4ndigen Schutz gegen Reibung und Schl\u00e4ge garantiert und so Sch\u00e4den am Pferd vermeidet. Optimale Atmungsaktivit\u00e4t - mehrere atmungsaktiv - dank Maschenl\u00f6chern, die einen gr\u00f6\u00dferen Luftdurchgang erm\u00f6glichen und den Innenraum immer k\u00fchl und trocken halten. Mit doppelt verstellbarem Sicherheitsverschluss durch zwei selbstklebende Klettb\u00e4nder f\u00fcr einen engeren Verschluss und mehr Komfort. Mit Zungen- und Gummiverst\u00e4rkung, die das \u00d6ffnen und Schlie\u00dfen erleichtert. Waschbar bei 30\u00baC. Halten Sie den Klettverschluss geschlossen und sauber. B\u00fcrsten Sie den Klettverschluss zur Reinigung. An der Luft trocknen lassen. Ungef\u00e4hres Gewicht: 800 Gramm. Im 2er-Pack. Gr\u00f6\u00dfen: COB, FULL. Farben: Schwarz, Braun. Erh\u00e4ltlich \u00fcber Zaldionline.com Re. 2107727\" \/>\n<meta property=\"og:url\" content=\"https:\/\/www.zaldionline.com\/en\/product\/protector-dressage-boot-synthetisches-lammfell-equestro\/\" \/>\n<meta property=\"og:site_name\" content=\"Zaldi Online\" \/>\n<meta property=\"article:modified_time\" content=\"2023-04-22T12:07:43+00:00\" \/>\n<meta property=\"og:image\" content=\"https:\/\/www.zaldionline.com\/en\/wp-content\/uploads\/sites\/3\/2020\/11\/Bild_2020-12-10_162641.png\" \/>\n\t<meta property=\"og:image:width\" content=\"520\" \/>\n\t<meta property=\"og:image:height\" content=\"507\" \/>\n\t<meta property=\"og:image:type\" content=\"image\/png\" \/>\n<meta name=\"twitter:card\" content=\"summary_large_image\" \/>\n<meta name=\"twitter:label1\" content=\"Estimated reading time\" \/>\n\t<meta name=\"twitter:data1\" content=\"2 minutes\" \/>\n<script type=\"application\/ld+json\" class=\"yoast-schema-graph\">{\"@context\":\"https:\\\/\\\/schema.org\",\"@graph\":[{\"@type\":\"WebPage\",\"@id\":\"https:\\\/\\\/www.zaldionline.com\\\/en\\\/product\\\/protector-dressage-boot-synthetisches-lammfell-equestro\\\/\",\"url\":\"https:\\\/\\\/www.zaldionline.com\\\/en\\\/product\\\/protector-dressage-boot-synthetisches-lammfell-equestro\\\/\",\"name\":\"PROTECTOR DRESSAGE BOOT SYNTHETISCHES LAMMFELL EQUESTRO - Zaldi Online\",\"isPartOf\":{\"@id\":\"https:\\\/\\\/www.zaldionline.com\\\/en\\\/#website\"},\"primaryImageOfPage\":{\"@id\":\"https:\\\/\\\/www.zaldionline.com\\\/en\\\/product\\\/protector-dressage-boot-synthetisches-lammfell-equestro\\\/#primaryimage\"},\"image\":{\"@id\":\"https:\\\/\\\/www.zaldionline.com\\\/en\\\/product\\\/protector-dressage-boot-synthetisches-lammfell-equestro\\\/#primaryimage\"},\"thumbnailUrl\":\"https:\\\/\\\/www.zaldionline.com\\\/en\\\/wp-content\\\/uploads\\\/sites\\\/3\\\/2020\\\/11\\\/Bild_2020-12-10_162641.png\",\"datePublished\":\"2020-11-14T11:08:03+00:00\",\"dateModified\":\"2023-04-22T12:07:43+00:00\",\"description\":\"Preis inkl. MwSt.: 95,38\u20ac. Komfortabler und warmer Frontschutz Evolution Modell, italienisches Design. Ergonomisch f\u00fcr eine perfekte Anpassung an die Sehnen des Pferdes. Das Innere besteht aus synthetischem Lammfell in einer nat\u00fcrlichen Farbe, die maximalen Komfort garantiert. Es polstert Schl\u00e4ge und bewahrt gleichzeitig die Bewegungsfreiheit des Pferdes. Es hat eine halbstarre Au\u00dfenschale aus thermoplastischem Polyurethan, die einen vollst\u00e4ndigen Schutz gegen Reibung und Schl\u00e4ge garantiert und so Sch\u00e4den am Pferd vermeidet. Optimale Atmungsaktivit\u00e4t - mehrere atmungsaktiv - dank Maschenl\u00f6chern, die einen gr\u00f6\u00dferen Luftdurchgang erm\u00f6glichen und den Innenraum immer k\u00fchl und trocken halten. Mit doppelt verstellbarem Sicherheitsverschluss durch zwei selbstklebende Klettb\u00e4nder f\u00fcr einen engeren Verschluss und mehr Komfort. Mit Zungen- und Gummiverst\u00e4rkung, die das \u00d6ffnen und Schlie\u00dfen erleichtert. Waschbar bei 30\u00baC. Halten Sie den Klettverschluss geschlossen und sauber. B\u00fcrsten Sie den Klettverschluss zur Reinigung. An der Luft trocknen lassen. Ungef\u00e4hres Gewicht: 800 Gramm. Im 2er-Pack. Gr\u00f6\u00dfen: COB, FULL. Farben: Schwarz, Braun. Erh\u00e4ltlich \u00fcber Zaldionline.com Re. 2107727\",\"breadcrumb\":{\"@id\":\"https:\\\/\\\/www.zaldionline.com\\\/en\\\/product\\\/protector-dressage-boot-synthetisches-lammfell-equestro\\\/#breadcrumb\"},\"inLanguage\":\"en-GB\",\"potentialAction\":[{\"@type\":\"ReadAction\",\"target\":[\"https:\\\/\\\/www.zaldionline.com\\\/en\\\/product\\\/protector-dressage-boot-synthetisches-lammfell-equestro\\\/\"]}]},{\"@type\":\"ImageObject\",\"inLanguage\":\"en-GB\",\"@id\":\"https:\\\/\\\/www.zaldionline.com\\\/en\\\/product\\\/protector-dressage-boot-synthetisches-lammfell-equestro\\\/#primaryimage\",\"url\":\"https:\\\/\\\/www.zaldionline.com\\\/en\\\/wp-content\\\/uploads\\\/sites\\\/3\\\/2020\\\/11\\\/Bild_2020-12-10_162641.png\",\"contentUrl\":\"https:\\\/\\\/www.zaldionline.com\\\/en\\\/wp-content\\\/uploads\\\/sites\\\/3\\\/2020\\\/11\\\/Bild_2020-12-10_162641.png\",\"width\":520,\"height\":507},{\"@type\":\"BreadcrumbList\",\"@id\":\"https:\\\/\\\/www.zaldionline.com\\\/en\\\/product\\\/protector-dressage-boot-synthetisches-lammfell-equestro\\\/#breadcrumb\",\"itemListElement\":[{\"@type\":\"ListItem\",\"position\":1,\"name\":\"Portada\",\"item\":\"https:\\\/\\\/www.zaldionline.com\\\/en\\\/\"},{\"@type\":\"ListItem\",\"position\":2,\"name\":\"Saddles &#038; Accessories\",\"item\":\"https:\\\/\\\/www.zaldionline.com\\\/en\\\/saddles-and-accessories\\\/\"},{\"@type\":\"ListItem\",\"position\":3,\"name\":\"PROTECTOR DRESSAGE BOOT SYNTHETISCHES LAMMFELL EQUESTRO\"}]},{\"@type\":\"WebSite\",\"@id\":\"https:\\\/\\\/www.zaldionline.com\\\/en\\\/#website\",\"url\":\"https:\\\/\\\/www.zaldionline.com\\\/en\\\/\",\"name\":\"Zaldi Online\",\"description\":\"The best products for horses\",\"potentialAction\":[{\"@type\":\"SearchAction\",\"target\":{\"@type\":\"EntryPoint\",\"urlTemplate\":\"https:\\\/\\\/www.zaldionline.com\\\/en\\\/?s={search_term_string}\"},\"query-input\":{\"@type\":\"PropertyValueSpecification\",\"valueRequired\":true,\"valueName\":\"search_term_string\"}}],\"inLanguage\":\"en-GB\"}]}<\/script>\n<!-- \/ Yoast SEO plugin. -->","yoast_head_json":{"title":"PROTECTOR DRESSAGE BOOT SYNTHETISCHES LAMMFELL EQUESTRO - Zaldi Online","description":"Preis inkl. MwSt.: 95,38\u20ac. Komfortabler und warmer Frontschutz Evolution Modell, italienisches Design. Ergonomisch f\u00fcr eine perfekte Anpassung an die Sehnen des Pferdes. Das Innere besteht aus synthetischem Lammfell in einer nat\u00fcrlichen Farbe, die maximalen Komfort garantiert. Es polstert Schl\u00e4ge und bewahrt gleichzeitig die Bewegungsfreiheit des Pferdes. Es hat eine halbstarre Au\u00dfenschale aus thermoplastischem Polyurethan, die einen vollst\u00e4ndigen Schutz gegen Reibung und Schl\u00e4ge garantiert und so Sch\u00e4den am Pferd vermeidet. Optimale Atmungsaktivit\u00e4t - mehrere atmungsaktiv - dank Maschenl\u00f6chern, die einen gr\u00f6\u00dferen Luftdurchgang erm\u00f6glichen und den Innenraum immer k\u00fchl und trocken halten. Mit doppelt verstellbarem Sicherheitsverschluss durch zwei selbstklebende Klettb\u00e4nder f\u00fcr einen engeren Verschluss und mehr Komfort. Mit Zungen- und Gummiverst\u00e4rkung, die das \u00d6ffnen und Schlie\u00dfen erleichtert. Waschbar bei 30\u00baC. Halten Sie den Klettverschluss geschlossen und sauber. B\u00fcrsten Sie den Klettverschluss zur Reinigung. An der Luft trocknen lassen. Ungef\u00e4hres Gewicht: 800 Gramm. Im 2er-Pack. Gr\u00f6\u00dfen: COB, FULL. Farben: Schwarz, Braun. Erh\u00e4ltlich \u00fcber Zaldionline.com Re. 2107727","robots":{"index":"index","follow":"follow","max-snippet":"max-snippet:-1","max-image-preview":"max-image-preview:large","max-video-preview":"max-video-preview:-1"},"canonical":"https:\/\/www.zaldionline.com\/en\/product\/protector-dressage-boot-synthetisches-lammfell-equestro\/","og_locale":"en_GB","og_type":"article","og_title":"PROTECTOR DRESSAGE BOOT SYNTHETISCHES LAMMFELL EQUESTRO - Zaldi Online","og_description":"Preis inkl. MwSt.: 95,38\u20ac. Komfortabler und warmer Frontschutz Evolution Modell, italienisches Design. Ergonomisch f\u00fcr eine perfekte Anpassung an die Sehnen des Pferdes. Das Innere besteht aus synthetischem Lammfell in einer nat\u00fcrlichen Farbe, die maximalen Komfort garantiert. Es polstert Schl\u00e4ge und bewahrt gleichzeitig die Bewegungsfreiheit des Pferdes. Es hat eine halbstarre Au\u00dfenschale aus thermoplastischem Polyurethan, die einen vollst\u00e4ndigen Schutz gegen Reibung und Schl\u00e4ge garantiert und so Sch\u00e4den am Pferd vermeidet. Optimale Atmungsaktivit\u00e4t - mehrere atmungsaktiv - dank Maschenl\u00f6chern, die einen gr\u00f6\u00dferen Luftdurchgang erm\u00f6glichen und den Innenraum immer k\u00fchl und trocken halten. Mit doppelt verstellbarem Sicherheitsverschluss durch zwei selbstklebende Klettb\u00e4nder f\u00fcr einen engeren Verschluss und mehr Komfort. Mit Zungen- und Gummiverst\u00e4rkung, die das \u00d6ffnen und Schlie\u00dfen erleichtert. Waschbar bei 30\u00baC. Halten Sie den Klettverschluss geschlossen und sauber. B\u00fcrsten Sie den Klettverschluss zur Reinigung. An der Luft trocknen lassen. Ungef\u00e4hres Gewicht: 800 Gramm. Im 2er-Pack. Gr\u00f6\u00dfen: COB, FULL. Farben: Schwarz, Braun. Erh\u00e4ltlich \u00fcber Zaldionline.com Re. 2107727","og_url":"https:\/\/www.zaldionline.com\/en\/product\/protector-dressage-boot-synthetisches-lammfell-equestro\/","og_site_name":"Zaldi Online","article_modified_time":"2023-04-22T12:07:43+00:00","og_image":[{"width":520,"height":507,"url":"https:\/\/www.zaldionline.com\/en\/wp-content\/uploads\/sites\/3\/2020\/11\/Bild_2020-12-10_162641.png","type":"image\/png"}],"twitter_card":"summary_large_image","twitter_misc":{"Estimated reading time":"2 minutes"},"schema":{"@context":"https:\/\/schema.org","@graph":[{"@type":"WebPage","@id":"https:\/\/www.zaldionline.com\/en\/product\/protector-dressage-boot-synthetisches-lammfell-equestro\/","url":"https:\/\/www.zaldionline.com\/en\/product\/protector-dressage-boot-synthetisches-lammfell-equestro\/","name":"PROTECTOR DRESSAGE BOOT SYNTHETISCHES LAMMFELL EQUESTRO - Zaldi Online","isPartOf":{"@id":"https:\/\/www.zaldionline.com\/en\/#website"},"primaryImageOfPage":{"@id":"https:\/\/www.zaldionline.com\/en\/product\/protector-dressage-boot-synthetisches-lammfell-equestro\/#primaryimage"},"image":{"@id":"https:\/\/www.zaldionline.com\/en\/product\/protector-dressage-boot-synthetisches-lammfell-equestro\/#primaryimage"},"thumbnailUrl":"https:\/\/www.zaldionline.com\/en\/wp-content\/uploads\/sites\/3\/2020\/11\/Bild_2020-12-10_162641.png","datePublished":"2020-11-14T11:08:03+00:00","dateModified":"2023-04-22T12:07:43+00:00","description":"Preis inkl. MwSt.: 95,38\u20ac. Komfortabler und warmer Frontschutz Evolution Modell, italienisches Design. Ergonomisch f\u00fcr eine perfekte Anpassung an die Sehnen des Pferdes. Das Innere besteht aus synthetischem Lammfell in einer nat\u00fcrlichen Farbe, die maximalen Komfort garantiert. Es polstert Schl\u00e4ge und bewahrt gleichzeitig die Bewegungsfreiheit des Pferdes. Es hat eine halbstarre Au\u00dfenschale aus thermoplastischem Polyurethan, die einen vollst\u00e4ndigen Schutz gegen Reibung und Schl\u00e4ge garantiert und so Sch\u00e4den am Pferd vermeidet. Optimale Atmungsaktivit\u00e4t - mehrere atmungsaktiv - dank Maschenl\u00f6chern, die einen gr\u00f6\u00dferen Luftdurchgang erm\u00f6glichen und den Innenraum immer k\u00fchl und trocken halten. Mit doppelt verstellbarem Sicherheitsverschluss durch zwei selbstklebende Klettb\u00e4nder f\u00fcr einen engeren Verschluss und mehr Komfort. Mit Zungen- und Gummiverst\u00e4rkung, die das \u00d6ffnen und Schlie\u00dfen erleichtert. Waschbar bei 30\u00baC. Halten Sie den Klettverschluss geschlossen und sauber. B\u00fcrsten Sie den Klettverschluss zur Reinigung. An der Luft trocknen lassen. Ungef\u00e4hres Gewicht: 800 Gramm. Im 2er-Pack. Gr\u00f6\u00dfen: COB, FULL. Farben: Schwarz, Braun. Erh\u00e4ltlich \u00fcber Zaldionline.com Re. 2107727","breadcrumb":{"@id":"https:\/\/www.zaldionline.com\/en\/product\/protector-dressage-boot-synthetisches-lammfell-equestro\/#breadcrumb"},"inLanguage":"en-GB","potentialAction":[{"@type":"ReadAction","target":["https:\/\/www.zaldionline.com\/en\/product\/protector-dressage-boot-synthetisches-lammfell-equestro\/"]}]},{"@type":"ImageObject","inLanguage":"en-GB","@id":"https:\/\/www.zaldionline.com\/en\/product\/protector-dressage-boot-synthetisches-lammfell-equestro\/#primaryimage","url":"https:\/\/www.zaldionline.com\/en\/wp-content\/uploads\/sites\/3\/2020\/11\/Bild_2020-12-10_162641.png","contentUrl":"https:\/\/www.zaldionline.com\/en\/wp-content\/uploads\/sites\/3\/2020\/11\/Bild_2020-12-10_162641.png","width":520,"height":507},{"@type":"BreadcrumbList","@id":"https:\/\/www.zaldionline.com\/en\/product\/protector-dressage-boot-synthetisches-lammfell-equestro\/#breadcrumb","itemListElement":[{"@type":"ListItem","position":1,"name":"Portada","item":"https:\/\/www.zaldionline.com\/en\/"},{"@type":"ListItem","position":2,"name":"Saddles &#038; Accessories","item":"https:\/\/www.zaldionline.com\/en\/saddles-and-accessories\/"},{"@type":"ListItem","position":3,"name":"PROTECTOR DRESSAGE BOOT SYNTHETISCHES LAMMFELL EQUESTRO"}]},{"@type":"WebSite","@id":"https:\/\/www.zaldionline.com\/en\/#website","url":"https:\/\/www.zaldionline.com\/en\/","name":"Zaldi Online","description":"The best products for horses","potentialAction":[{"@type":"SearchAction","target":{"@type":"EntryPoint","urlTemplate":"https:\/\/www.zaldionline.com\/en\/?s={search_term_string}"},"query-input":{"@type":"PropertyValueSpecification","valueRequired":true,"valueName":"search_term_string"}}],"inLanguage":"en-GB"}]}},"_links":{"self":[{"href":"https:\/\/www.zaldionline.com\/en\/wp-json\/wp\/v2\/product\/16509","targetHints":{"allow":["GET"]}}],"collection":[{"href":"https:\/\/www.zaldionline.com\/en\/wp-json\/wp\/v2\/product"}],"about":[{"href":"https:\/\/www.zaldionline.com\/en\/wp-json\/wp\/v2\/types\/product"}],"replies":[{"embeddable":true,"href":"https:\/\/www.zaldionline.com\/en\/wp-json\/wp\/v2\/comments?post=16509"}],"version-history":[{"count":2,"href":"https:\/\/www.zaldionline.com\/en\/wp-json\/wp\/v2\/product\/16509\/revisions"}],"predecessor-version":[{"id":23456,"href":"https:\/\/www.zaldionline.com\/en\/wp-json\/wp\/v2\/product\/16509\/revisions\/23456"}],"wp:featuredmedia":[{"embeddable":true,"href":"https:\/\/www.zaldionline.com\/en\/wp-json\/wp\/v2\/media\/17456"}],"wp:attachment":[{"href":"https:\/\/www.zaldionline.com\/en\/wp-json\/wp\/v2\/media?parent=16509"}],"wp:term":[{"taxonomy":"product_brand","embeddable":true,"href":"https:\/\/www.zaldionline.com\/en\/wp-json\/wp\/v2\/product_brand?post=16509"},{"taxonomy":"product_cat","embeddable":true,"href":"https:\/\/www.zaldionline.com\/en\/wp-json\/wp\/v2\/product_cat?post=16509"},{"taxonomy":"product_tag","embeddable":true,"href":"https:\/\/www.zaldionline.com\/en\/wp-json\/wp\/v2\/product_tag?post=16509"}],"curies":[{"name":"wp","href":"https:\/\/api.w.org\/{rel}","templated":true}]}}