{"id":16647,"date":"2020-11-14T13:58:32","date_gmt":"2020-11-14T13:58:32","guid":{"rendered":"https:\/\/zaldionline.com\/?post_type=product&#038;p=16647"},"modified":"2023-04-20T10:11:56","modified_gmt":"2023-04-20T10:11:56","slug":"sudadero-satteldecke-uso-general-vielseitigkeit-mit-schurwolle","status":"publish","type":"product","link":"https:\/\/www.zaldionline.com\/en\/product\/sudadero-satteldecke-uso-general-vielseitigkeit-mit-schurwolle\/","title":{"rendered":"SCHABRACKE VIELSEITIGKEITSSATTEL  MIT SCHURWOLLE UND BAUMWOLLE"},"content":{"rendered":"<p>Preis inkl. MwSt.: 108,93 \u20ac<\/p>\n<p>Allzweck-Decke<\/p>\n<p>Aus Baumwolle und reiner Schurwolle<\/p>\n<p>Der Innenteil und die Verkleidung der Querstange bestehen aus reiner Schurwolle<\/p>\n<p>Der Rest der Decke besteht aus Baumwolle<\/p>\n<p>Einheitsgr\u00f6\u00dfe<\/p>\n<p>Farbe schwarz<\/p>\n<p>Ref. 2109844<\/p>\n","protected":false},"excerpt":{"rendered":"<p>Preis inkl. MwSt.: 108,93 \u20ac Allzweck-Decke Aus Baumwolle und reiner Schurwolle Der Innenteil und die Verkleidung der Querstange bestehen aus reiner Schurwolle Der Rest der Decke besteht aus Baumwolle Einheitsgr\u00f6\u00dfe Farbe schwarz Ref. 2109844<\/p>\n","protected":false},"featured_media":17479,"comment_status":"open","ping_status":"closed","template":"","meta":{"site-sidebar-layout":"default","site-content-layout":"default","ast-site-content-layout":"default","site-content-style":"default","site-sidebar-style":"default","ast-global-header-display":"","ast-banner-title-visibility":"","ast-main-header-display":"","ast-hfb-above-header-display":"","ast-hfb-below-header-display":"","ast-hfb-mobile-header-display":"","site-post-title":"","ast-breadcrumbs-content":"","ast-featured-img":"","footer-sml-layout":"","ast-disable-related-posts":"","theme-transparent-header-meta":"default","adv-header-id-meta":"","stick-header-meta":"","header-above-stick-meta":"","header-main-stick-meta":"","header-below-stick-meta":"","astra-migrate-meta-layouts":"default","ast-page-background-enabled":"default","ast-page-background-meta":{"desktop":{"background-color":"var(--ast-global-color-4)","background-image":"","background-repeat":"repeat","background-position":"center center","background-size":"auto","background-attachment":"scroll","background-type":"","background-media":"","overlay-type":"","overlay-color":"","overlay-opacity":"","overlay-gradient":""},"tablet":{"background-color":"","background-image":"","background-repeat":"repeat","background-position":"center center","background-size":"auto","background-attachment":"scroll","background-type":"","background-media":"","overlay-type":"","overlay-color":"","overlay-opacity":"","overlay-gradient":""},"mobile":{"background-color":"","background-image":"","background-repeat":"repeat","background-position":"center center","background-size":"auto","background-attachment":"scroll","background-type":"","background-media":"","overlay-type":"","overlay-color":"","overlay-opacity":"","overlay-gradient":""}},"ast-content-background-meta":{"desktop":{"background-color":"var(--ast-global-color-5)","background-image":"","background-repeat":"repeat","background-position":"center center","background-size":"auto","background-attachment":"scroll","background-type":"","background-media":"","overlay-type":"","overlay-color":"","overlay-opacity":"","overlay-gradient":""},"tablet":{"background-color":"var(--ast-global-color-5)","background-image":"","background-repeat":"repeat","background-position":"center center","background-size":"auto","background-attachment":"scroll","background-type":"","background-media":"","overlay-type":"","overlay-color":"","overlay-opacity":"","overlay-gradient":""},"mobile":{"background-color":"var(--ast-global-color-5)","background-image":"","background-repeat":"repeat","background-position":"center center","background-size":"auto","background-attachment":"scroll","background-type":"","background-media":"","overlay-type":"","overlay-color":"","overlay-opacity":"","overlay-gradient":""}},"ngg_post_thumbnail":0},"product_brand":[],"product_cat":[18,61],"product_tag":[806,638,641,340,393,337,338,339],"class_list":{"0":"post-16647","1":"product","2":"type-product","3":"status-publish","4":"has-post-thumbnail","6":"product_cat-accessories","7":"product_cat-saddle-cloth-blanket","8":"product_tag-allzweckdecke-fuer-pferde","9":"product_tag-satteldecke","10":"product_tag-schabracke","11":"product_tag-susanne-nagel","12":"product_tag-vielseitigkeitssattel","13":"product_tag-zaldi","14":"product_tag-zaldi-deutschland","15":"product_tag-zaldi-online-com","16":"desktop-align-left","17":"tablet-align-left","18":"mobile-align-left","20":"first","21":"instock","22":"taxable","23":"shipping-taxable","24":"purchasable","25":"product-type-simple"},"yoast_head":"<!-- This site is optimized with the Yoast SEO plugin v27.4 - https:\/\/yoast.com\/product\/yoast-seo-wordpress\/ -->\n<title>SCHABRACKE VIELSEITIGKEITSSATTEL MIT SCHURWOLLE UND BAUMWOLLE - Zaldi Online<\/title>\n<meta name=\"description\" content=\"Preis inkl. MwSt.: 108,93\u20ac Allzweck-Decke aus Baumwolle und reiner Schurwolle. Der Innenteil und die Verkleidung der Querstange bestehen aus reiner Schurwolle. Der Rest der Decke besteht aus Baumwolle. Einheitsgr\u00f6\u00dfe. Farbe: schwarz. Erh\u00e4ltlich \u00fcber Zaldionline.com Ref. 2109844\" \/>\n<meta name=\"robots\" content=\"index, follow, max-snippet:-1, max-image-preview:large, max-video-preview:-1\" \/>\n<link rel=\"canonical\" href=\"https:\/\/www.zaldionline.com\/en\/product\/sudadero-satteldecke-uso-general-vielseitigkeit-mit-schurwolle\/\" \/>\n<meta property=\"og:locale\" content=\"en_GB\" \/>\n<meta property=\"og:type\" content=\"article\" \/>\n<meta property=\"og:title\" content=\"SCHABRACKE VIELSEITIGKEITSSATTEL MIT SCHURWOLLE UND BAUMWOLLE - Zaldi Online\" \/>\n<meta property=\"og:description\" content=\"Preis inkl. MwSt.: 108,93\u20ac Allzweck-Decke aus Baumwolle und reiner Schurwolle. Der Innenteil und die Verkleidung der Querstange bestehen aus reiner Schurwolle. Der Rest der Decke besteht aus Baumwolle. Einheitsgr\u00f6\u00dfe. Farbe: schwarz. Erh\u00e4ltlich \u00fcber Zaldionline.com Ref. 2109844\" \/>\n<meta property=\"og:url\" content=\"https:\/\/www.zaldionline.com\/en\/product\/sudadero-satteldecke-uso-general-vielseitigkeit-mit-schurwolle\/\" \/>\n<meta property=\"og:site_name\" content=\"Zaldi Online\" \/>\n<meta property=\"article:modified_time\" content=\"2023-04-20T10:11:56+00:00\" \/>\n<meta property=\"og:image\" content=\"https:\/\/www.zaldionline.com\/en\/wp-content\/uploads\/sites\/3\/2020\/11\/Bild_2020-12-10_165455.png\" \/>\n\t<meta property=\"og:image:width\" content=\"521\" \/>\n\t<meta property=\"og:image:height\" content=\"503\" \/>\n\t<meta property=\"og:image:type\" content=\"image\/png\" \/>\n<meta name=\"twitter:card\" content=\"summary_large_image\" \/>\n<meta name=\"twitter:label1\" content=\"Estimated reading time\" \/>\n\t<meta name=\"twitter:data1\" content=\"1 minute\" \/>\n<script type=\"application\/ld+json\" class=\"yoast-schema-graph\">{\"@context\":\"https:\\\/\\\/schema.org\",\"@graph\":[{\"@type\":\"WebPage\",\"@id\":\"https:\\\/\\\/www.zaldionline.com\\\/en\\\/product\\\/sudadero-satteldecke-uso-general-vielseitigkeit-mit-schurwolle\\\/\",\"url\":\"https:\\\/\\\/www.zaldionline.com\\\/en\\\/product\\\/sudadero-satteldecke-uso-general-vielseitigkeit-mit-schurwolle\\\/\",\"name\":\"SCHABRACKE VIELSEITIGKEITSSATTEL MIT SCHURWOLLE UND BAUMWOLLE - Zaldi Online\",\"isPartOf\":{\"@id\":\"https:\\\/\\\/www.zaldionline.com\\\/en\\\/#website\"},\"primaryImageOfPage\":{\"@id\":\"https:\\\/\\\/www.zaldionline.com\\\/en\\\/product\\\/sudadero-satteldecke-uso-general-vielseitigkeit-mit-schurwolle\\\/#primaryimage\"},\"image\":{\"@id\":\"https:\\\/\\\/www.zaldionline.com\\\/en\\\/product\\\/sudadero-satteldecke-uso-general-vielseitigkeit-mit-schurwolle\\\/#primaryimage\"},\"thumbnailUrl\":\"https:\\\/\\\/www.zaldionline.com\\\/en\\\/wp-content\\\/uploads\\\/sites\\\/3\\\/2020\\\/11\\\/Bild_2020-12-10_165455.png\",\"datePublished\":\"2020-11-14T13:58:32+00:00\",\"dateModified\":\"2023-04-20T10:11:56+00:00\",\"description\":\"Preis inkl. MwSt.: 108,93\u20ac Allzweck-Decke aus Baumwolle und reiner Schurwolle. Der Innenteil und die Verkleidung der Querstange bestehen aus reiner Schurwolle. Der Rest der Decke besteht aus Baumwolle. Einheitsgr\u00f6\u00dfe. Farbe: schwarz. Erh\u00e4ltlich \u00fcber Zaldionline.com Ref. 2109844\",\"breadcrumb\":{\"@id\":\"https:\\\/\\\/www.zaldionline.com\\\/en\\\/product\\\/sudadero-satteldecke-uso-general-vielseitigkeit-mit-schurwolle\\\/#breadcrumb\"},\"inLanguage\":\"en-GB\",\"potentialAction\":[{\"@type\":\"ReadAction\",\"target\":[\"https:\\\/\\\/www.zaldionline.com\\\/en\\\/product\\\/sudadero-satteldecke-uso-general-vielseitigkeit-mit-schurwolle\\\/\"]}]},{\"@type\":\"ImageObject\",\"inLanguage\":\"en-GB\",\"@id\":\"https:\\\/\\\/www.zaldionline.com\\\/en\\\/product\\\/sudadero-satteldecke-uso-general-vielseitigkeit-mit-schurwolle\\\/#primaryimage\",\"url\":\"https:\\\/\\\/www.zaldionline.com\\\/en\\\/wp-content\\\/uploads\\\/sites\\\/3\\\/2020\\\/11\\\/Bild_2020-12-10_165455.png\",\"contentUrl\":\"https:\\\/\\\/www.zaldionline.com\\\/en\\\/wp-content\\\/uploads\\\/sites\\\/3\\\/2020\\\/11\\\/Bild_2020-12-10_165455.png\",\"width\":521,\"height\":503},{\"@type\":\"BreadcrumbList\",\"@id\":\"https:\\\/\\\/www.zaldionline.com\\\/en\\\/product\\\/sudadero-satteldecke-uso-general-vielseitigkeit-mit-schurwolle\\\/#breadcrumb\",\"itemListElement\":[{\"@type\":\"ListItem\",\"position\":1,\"name\":\"Portada\",\"item\":\"https:\\\/\\\/www.zaldionline.com\\\/en\\\/\"},{\"@type\":\"ListItem\",\"position\":2,\"name\":\"Saddles &#038; Accessories\",\"item\":\"https:\\\/\\\/www.zaldionline.com\\\/en\\\/saddles-and-accessories\\\/\"},{\"@type\":\"ListItem\",\"position\":3,\"name\":\"SCHABRACKE VIELSEITIGKEITSSATTEL MIT SCHURWOLLE UND BAUMWOLLE\"}]},{\"@type\":\"WebSite\",\"@id\":\"https:\\\/\\\/www.zaldionline.com\\\/en\\\/#website\",\"url\":\"https:\\\/\\\/www.zaldionline.com\\\/en\\\/\",\"name\":\"Zaldi Online\",\"description\":\"The best products for horses\",\"potentialAction\":[{\"@type\":\"SearchAction\",\"target\":{\"@type\":\"EntryPoint\",\"urlTemplate\":\"https:\\\/\\\/www.zaldionline.com\\\/en\\\/?s={search_term_string}\"},\"query-input\":{\"@type\":\"PropertyValueSpecification\",\"valueRequired\":true,\"valueName\":\"search_term_string\"}}],\"inLanguage\":\"en-GB\"}]}<\/script>\n<!-- \/ Yoast SEO plugin. -->","yoast_head_json":{"title":"SCHABRACKE VIELSEITIGKEITSSATTEL MIT SCHURWOLLE UND BAUMWOLLE - Zaldi Online","description":"Preis inkl. MwSt.: 108,93\u20ac Allzweck-Decke aus Baumwolle und reiner Schurwolle. Der Innenteil und die Verkleidung der Querstange bestehen aus reiner Schurwolle. Der Rest der Decke besteht aus Baumwolle. Einheitsgr\u00f6\u00dfe. Farbe: schwarz. Erh\u00e4ltlich \u00fcber Zaldionline.com Ref. 2109844","robots":{"index":"index","follow":"follow","max-snippet":"max-snippet:-1","max-image-preview":"max-image-preview:large","max-video-preview":"max-video-preview:-1"},"canonical":"https:\/\/www.zaldionline.com\/en\/product\/sudadero-satteldecke-uso-general-vielseitigkeit-mit-schurwolle\/","og_locale":"en_GB","og_type":"article","og_title":"SCHABRACKE VIELSEITIGKEITSSATTEL MIT SCHURWOLLE UND BAUMWOLLE - Zaldi Online","og_description":"Preis inkl. MwSt.: 108,93\u20ac Allzweck-Decke aus Baumwolle und reiner Schurwolle. Der Innenteil und die Verkleidung der Querstange bestehen aus reiner Schurwolle. Der Rest der Decke besteht aus Baumwolle. Einheitsgr\u00f6\u00dfe. Farbe: schwarz. Erh\u00e4ltlich \u00fcber Zaldionline.com Ref. 2109844","og_url":"https:\/\/www.zaldionline.com\/en\/product\/sudadero-satteldecke-uso-general-vielseitigkeit-mit-schurwolle\/","og_site_name":"Zaldi Online","article_modified_time":"2023-04-20T10:11:56+00:00","og_image":[{"width":521,"height":503,"url":"https:\/\/www.zaldionline.com\/en\/wp-content\/uploads\/sites\/3\/2020\/11\/Bild_2020-12-10_165455.png","type":"image\/png"}],"twitter_card":"summary_large_image","twitter_misc":{"Estimated reading time":"1 minute"},"schema":{"@context":"https:\/\/schema.org","@graph":[{"@type":"WebPage","@id":"https:\/\/www.zaldionline.com\/en\/product\/sudadero-satteldecke-uso-general-vielseitigkeit-mit-schurwolle\/","url":"https:\/\/www.zaldionline.com\/en\/product\/sudadero-satteldecke-uso-general-vielseitigkeit-mit-schurwolle\/","name":"SCHABRACKE VIELSEITIGKEITSSATTEL MIT SCHURWOLLE UND BAUMWOLLE - Zaldi Online","isPartOf":{"@id":"https:\/\/www.zaldionline.com\/en\/#website"},"primaryImageOfPage":{"@id":"https:\/\/www.zaldionline.com\/en\/product\/sudadero-satteldecke-uso-general-vielseitigkeit-mit-schurwolle\/#primaryimage"},"image":{"@id":"https:\/\/www.zaldionline.com\/en\/product\/sudadero-satteldecke-uso-general-vielseitigkeit-mit-schurwolle\/#primaryimage"},"thumbnailUrl":"https:\/\/www.zaldionline.com\/en\/wp-content\/uploads\/sites\/3\/2020\/11\/Bild_2020-12-10_165455.png","datePublished":"2020-11-14T13:58:32+00:00","dateModified":"2023-04-20T10:11:56+00:00","description":"Preis inkl. MwSt.: 108,93\u20ac Allzweck-Decke aus Baumwolle und reiner Schurwolle. Der Innenteil und die Verkleidung der Querstange bestehen aus reiner Schurwolle. Der Rest der Decke besteht aus Baumwolle. Einheitsgr\u00f6\u00dfe. Farbe: schwarz. Erh\u00e4ltlich \u00fcber Zaldionline.com Ref. 2109844","breadcrumb":{"@id":"https:\/\/www.zaldionline.com\/en\/product\/sudadero-satteldecke-uso-general-vielseitigkeit-mit-schurwolle\/#breadcrumb"},"inLanguage":"en-GB","potentialAction":[{"@type":"ReadAction","target":["https:\/\/www.zaldionline.com\/en\/product\/sudadero-satteldecke-uso-general-vielseitigkeit-mit-schurwolle\/"]}]},{"@type":"ImageObject","inLanguage":"en-GB","@id":"https:\/\/www.zaldionline.com\/en\/product\/sudadero-satteldecke-uso-general-vielseitigkeit-mit-schurwolle\/#primaryimage","url":"https:\/\/www.zaldionline.com\/en\/wp-content\/uploads\/sites\/3\/2020\/11\/Bild_2020-12-10_165455.png","contentUrl":"https:\/\/www.zaldionline.com\/en\/wp-content\/uploads\/sites\/3\/2020\/11\/Bild_2020-12-10_165455.png","width":521,"height":503},{"@type":"BreadcrumbList","@id":"https:\/\/www.zaldionline.com\/en\/product\/sudadero-satteldecke-uso-general-vielseitigkeit-mit-schurwolle\/#breadcrumb","itemListElement":[{"@type":"ListItem","position":1,"name":"Portada","item":"https:\/\/www.zaldionline.com\/en\/"},{"@type":"ListItem","position":2,"name":"Saddles &#038; Accessories","item":"https:\/\/www.zaldionline.com\/en\/saddles-and-accessories\/"},{"@type":"ListItem","position":3,"name":"SCHABRACKE VIELSEITIGKEITSSATTEL MIT SCHURWOLLE UND BAUMWOLLE"}]},{"@type":"WebSite","@id":"https:\/\/www.zaldionline.com\/en\/#website","url":"https:\/\/www.zaldionline.com\/en\/","name":"Zaldi Online","description":"The best products for horses","potentialAction":[{"@type":"SearchAction","target":{"@type":"EntryPoint","urlTemplate":"https:\/\/www.zaldionline.com\/en\/?s={search_term_string}"},"query-input":{"@type":"PropertyValueSpecification","valueRequired":true,"valueName":"search_term_string"}}],"inLanguage":"en-GB"}]}},"_links":{"self":[{"href":"https:\/\/www.zaldionline.com\/en\/wp-json\/wp\/v2\/product\/16647","targetHints":{"allow":["GET"]}}],"collection":[{"href":"https:\/\/www.zaldionline.com\/en\/wp-json\/wp\/v2\/product"}],"about":[{"href":"https:\/\/www.zaldionline.com\/en\/wp-json\/wp\/v2\/types\/product"}],"replies":[{"embeddable":true,"href":"https:\/\/www.zaldionline.com\/en\/wp-json\/wp\/v2\/comments?post=16647"}],"version-history":[{"count":1,"href":"https:\/\/www.zaldionline.com\/en\/wp-json\/wp\/v2\/product\/16647\/revisions"}],"predecessor-version":[{"id":23434,"href":"https:\/\/www.zaldionline.com\/en\/wp-json\/wp\/v2\/product\/16647\/revisions\/23434"}],"wp:featuredmedia":[{"embeddable":true,"href":"https:\/\/www.zaldionline.com\/en\/wp-json\/wp\/v2\/media\/17479"}],"wp:attachment":[{"href":"https:\/\/www.zaldionline.com\/en\/wp-json\/wp\/v2\/media?parent=16647"}],"wp:term":[{"taxonomy":"product_brand","embeddable":true,"href":"https:\/\/www.zaldionline.com\/en\/wp-json\/wp\/v2\/product_brand?post=16647"},{"taxonomy":"product_cat","embeddable":true,"href":"https:\/\/www.zaldionline.com\/en\/wp-json\/wp\/v2\/product_cat?post=16647"},{"taxonomy":"product_tag","embeddable":true,"href":"https:\/\/www.zaldionline.com\/en\/wp-json\/wp\/v2\/product_tag?post=16647"}],"curies":[{"name":"wp","href":"https:\/\/api.w.org\/{rel}","templated":true}]}}