{"id":16655,"date":"2020-11-14T14:10:38","date_gmt":"2020-11-14T14:10:38","guid":{"rendered":"https:\/\/zaldionline.com\/?post_type=product&#038;p=16655"},"modified":"2023-04-20T10:07:30","modified_gmt":"2023-04-20T10:07:30","slug":"hexagon-sattel-pad-mit-gel-uso-general-vielseitigkeit-313131-schwarz","status":"publish","type":"product","link":"https:\/\/www.zaldionline.com\/en\/product\/hexagon-sattel-pad-mit-gel-uso-general-vielseitigkeit-313131-schwarz\/","title":{"rendered":"HEXAGON SATTEL PAD F\u00dcR VIELSEITIGKEITSSATTEL MIT GEL UND GRIP SCHWARZ"},"content":{"rendered":"<p>Preis inkl. MwSt.: 93,59 \u20ac<\/p>\n<p>HEXAGON Allzweck-Sattel Pad mit Gel-Fadenkreuz.<\/p>\n<p>Das Schwei\u00dfpolster mit integriertem Kreuzpolster erleichtert dem Reiter die Handhabung und Platzierung.<\/p>\n<p>Zus\u00e4tzlicher KOMFORT f\u00fcr Sie und Ihr Pferd dank des Gels der neuesten Generation mit gro\u00dfer Kapazit\u00e4t zur ABSORPTION VON MIKRO-AUSWIRKUNGEN, die beim Reiten entstehen.<\/p>\n<p>Neue Zelle mit erprobten sechseckigem Design, das ein wabenf\u00f6rmiges Gewebe der letzten Generation bildet, das eine perfekte Atmungsaktivit\u00e4t des Pferder\u00fcckens erm\u00f6glicht und die Ansammlung von W\u00e4rme und Feuchtigkeit unter dem Sattel verringert.<\/p>\n<p>Innenausstattung: Beschichtung des abriebfesten Gewebes mit Grip, der mehr Halt oder Halt f\u00f6rdert.<\/p>\n<p>Au\u00dfen: Hochbest\u00e4ndige Stoffh\u00fclle<\/p>\n<p>Polsterdicke: 2 cm<\/p>\n<p>Einheitsgr\u00f6\u00dfe: <span data-language-for-alternatives=\"de\" data-language-to-translate-into=\"es\" data-phrase-index=\"15\">Ma\u00dfe: 60 x 49 cm<\/span><\/p>\n<p>Farbe schwarz.<\/p>\n<p>Auch f\u00fcr Dressursattel erh\u00e4ltlich (Ref. 2109845)<\/p>\n<p>Ref. 2109846<\/p>\n","protected":false},"excerpt":{"rendered":"<p>Preis inkl. MwSt.: 93,59 \u20ac HEXAGON Allzweck-Sattel Pad mit Gel-Fadenkreuz. Das Schwei\u00dfpolster mit integriertem Kreuzpolster erleichtert dem Reiter die Handhabung und Platzierung. Zus\u00e4tzlicher KOMFORT f\u00fcr Sie und Ihr Pferd dank des Gels der neuesten Generation mit gro\u00dfer Kapazit\u00e4t zur ABSORPTION VON MIKRO-AUSWIRKUNGEN, die beim Reiten entstehen. Neue Zelle mit erprobten sechseckigem Design, das ein wabenf\u00f6rmiges [&hellip;]<\/p>\n","protected":false},"featured_media":17478,"comment_status":"open","ping_status":"closed","template":"","meta":{"site-sidebar-layout":"default","site-content-layout":"default","ast-site-content-layout":"default","site-content-style":"default","site-sidebar-style":"default","ast-global-header-display":"","ast-banner-title-visibility":"","ast-main-header-display":"","ast-hfb-above-header-display":"","ast-hfb-below-header-display":"","ast-hfb-mobile-header-display":"","site-post-title":"","ast-breadcrumbs-content":"","ast-featured-img":"","footer-sml-layout":"","ast-disable-related-posts":"","theme-transparent-header-meta":"default","adv-header-id-meta":"","stick-header-meta":"","header-above-stick-meta":"","header-main-stick-meta":"","header-below-stick-meta":"","astra-migrate-meta-layouts":"default","ast-page-background-enabled":"default","ast-page-background-meta":{"desktop":{"background-color":"var(--ast-global-color-4)","background-image":"","background-repeat":"repeat","background-position":"center center","background-size":"auto","background-attachment":"scroll","background-type":"","background-media":"","overlay-type":"","overlay-color":"","overlay-opacity":"","overlay-gradient":""},"tablet":{"background-color":"","background-image":"","background-repeat":"repeat","background-position":"center center","background-size":"auto","background-attachment":"scroll","background-type":"","background-media":"","overlay-type":"","overlay-color":"","overlay-opacity":"","overlay-gradient":""},"mobile":{"background-color":"","background-image":"","background-repeat":"repeat","background-position":"center center","background-size":"auto","background-attachment":"scroll","background-type":"","background-media":"","overlay-type":"","overlay-color":"","overlay-opacity":"","overlay-gradient":""}},"ast-content-background-meta":{"desktop":{"background-color":"var(--ast-global-color-5)","background-image":"","background-repeat":"repeat","background-position":"center center","background-size":"auto","background-attachment":"scroll","background-type":"","background-media":"","overlay-type":"","overlay-color":"","overlay-opacity":"","overlay-gradient":""},"tablet":{"background-color":"var(--ast-global-color-5)","background-image":"","background-repeat":"repeat","background-position":"center center","background-size":"auto","background-attachment":"scroll","background-type":"","background-media":"","overlay-type":"","overlay-color":"","overlay-opacity":"","overlay-gradient":""},"mobile":{"background-color":"var(--ast-global-color-5)","background-image":"","background-repeat":"repeat","background-position":"center center","background-size":"auto","background-attachment":"scroll","background-type":"","background-media":"","overlay-type":"","overlay-color":"","overlay-opacity":"","overlay-gradient":""}},"ngg_post_thumbnail":0},"product_brand":[],"product_cat":[18,61],"product_tag":[776,805,804,340,337,338,339],"class_list":{"0":"post-16655","1":"product","2":"type-product","3":"status-publish","4":"has-post-thumbnail","6":"product_cat-accessories","7":"product_cat-saddle-cloth-blanket","8":"product_tag-gelpad","9":"product_tag-gelpad-pferd","10":"product_tag-sattelpad-fuer-vielseitigkeitssaettel","11":"product_tag-susanne-nagel","12":"product_tag-zaldi","13":"product_tag-zaldi-deutschland","14":"product_tag-zaldi-online-com","15":"desktop-align-left","16":"tablet-align-left","17":"mobile-align-left","19":"first","20":"instock","21":"taxable","22":"shipping-taxable","23":"purchasable","24":"product-type-simple"},"yoast_head":"<!-- This site is optimized with the Yoast SEO plugin v27.5 - https:\/\/yoast.com\/product\/yoast-seo-wordpress\/ -->\n<title>HEXAGON SATTEL PAD F\u00dcR VIELSEITIGKEITSSATTEL MIT GEL UND GRIP SCHWARZ - Zaldi Online<\/title>\n<meta name=\"description\" content=\"Preis inkl. MwSt.: 93,59\u20ac HEXAGON Allzweck-Sattel Pad mit Gel-Fadenkreuz. Das Schwei\u00dfpolster mit integriertem Kreuzpolster erleichtert dem Reiter die Handhabung und Platzierung. Zus\u00e4tzlicher KOMFORT f\u00fcr Sie und Ihr Pferd, dank des Gels der neuesten Generation mit gro\u00dfer Kapazit\u00e4t zur ABSORPTION VON MIKRO-AUSWIRKUNGEN, die beim Reiten entstehen. Neue Zelle mit erprobten sechseckigem Design, das ein wabenf\u00f6rmiges Gewebe der letzten Generation bildet, das eine perfekte Atmungsaktivit\u00e4t des Pferder\u00fcckens erm\u00f6glicht und die Ansammlung von W\u00e4rme und Feuchtigkeit unter dem Sattel verringert. Innenausstattung: Beschichtung des abriebfesten Gewebes mit Grip, der mehr Halt oder Halt f\u00f6rdert. Au\u00dfen: Hochbest\u00e4ndige Stoffh\u00fclle. Polsterdicke: 2 cm. Einheitsgr\u00f6\u00dfe: Ma\u00dfe: 60 x 49 cm. Farbe schwarz. Auch f\u00fcr Dressursattel erh\u00e4ltlich (Ref. 2109845) Erh\u00e4ltlich \u00fcber Zaldionlicne.com Ref. 2109846\" \/>\n<meta name=\"robots\" content=\"index, follow, max-snippet:-1, max-image-preview:large, max-video-preview:-1\" \/>\n<link rel=\"canonical\" href=\"https:\/\/www.zaldionline.com\/en\/product\/hexagon-sattel-pad-mit-gel-uso-general-vielseitigkeit-313131-schwarz\/\" \/>\n<meta property=\"og:locale\" content=\"en_GB\" \/>\n<meta property=\"og:type\" content=\"article\" \/>\n<meta property=\"og:title\" content=\"HEXAGON SATTEL PAD F\u00dcR VIELSEITIGKEITSSATTEL MIT GEL UND GRIP SCHWARZ - Zaldi Online\" \/>\n<meta property=\"og:description\" content=\"Preis inkl. MwSt.: 93,59\u20ac HEXAGON Allzweck-Sattel Pad mit Gel-Fadenkreuz. Das Schwei\u00dfpolster mit integriertem Kreuzpolster erleichtert dem Reiter die Handhabung und Platzierung. Zus\u00e4tzlicher KOMFORT f\u00fcr Sie und Ihr Pferd, dank des Gels der neuesten Generation mit gro\u00dfer Kapazit\u00e4t zur ABSORPTION VON MIKRO-AUSWIRKUNGEN, die beim Reiten entstehen. Neue Zelle mit erprobten sechseckigem Design, das ein wabenf\u00f6rmiges Gewebe der letzten Generation bildet, das eine perfekte Atmungsaktivit\u00e4t des Pferder\u00fcckens erm\u00f6glicht und die Ansammlung von W\u00e4rme und Feuchtigkeit unter dem Sattel verringert. Innenausstattung: Beschichtung des abriebfesten Gewebes mit Grip, der mehr Halt oder Halt f\u00f6rdert. Au\u00dfen: Hochbest\u00e4ndige Stoffh\u00fclle. Polsterdicke: 2 cm. Einheitsgr\u00f6\u00dfe: Ma\u00dfe: 60 x 49 cm. Farbe schwarz. Auch f\u00fcr Dressursattel erh\u00e4ltlich (Ref. 2109845) Erh\u00e4ltlich \u00fcber Zaldionlicne.com Ref. 2109846\" \/>\n<meta property=\"og:url\" content=\"https:\/\/www.zaldionline.com\/en\/product\/hexagon-sattel-pad-mit-gel-uso-general-vielseitigkeit-313131-schwarz\/\" \/>\n<meta property=\"og:site_name\" content=\"Zaldi Online\" \/>\n<meta property=\"article:modified_time\" content=\"2023-04-20T10:07:30+00:00\" \/>\n<meta property=\"og:image\" content=\"https:\/\/www.zaldionline.com\/en\/wp-content\/uploads\/sites\/3\/2020\/11\/Bild_2020-12-10_165401.png\" \/>\n\t<meta property=\"og:image:width\" content=\"519\" \/>\n\t<meta property=\"og:image:height\" content=\"503\" \/>\n\t<meta property=\"og:image:type\" content=\"image\/png\" \/>\n<meta name=\"twitter:card\" content=\"summary_large_image\" \/>\n<meta name=\"twitter:label1\" content=\"Estimated reading time\" \/>\n\t<meta name=\"twitter:data1\" content=\"1 minute\" \/>\n<script type=\"application\/ld+json\" class=\"yoast-schema-graph\">{\"@context\":\"https:\\\/\\\/schema.org\",\"@graph\":[{\"@type\":\"WebPage\",\"@id\":\"https:\\\/\\\/www.zaldionline.com\\\/en\\\/product\\\/hexagon-sattel-pad-mit-gel-uso-general-vielseitigkeit-313131-schwarz\\\/\",\"url\":\"https:\\\/\\\/www.zaldionline.com\\\/en\\\/product\\\/hexagon-sattel-pad-mit-gel-uso-general-vielseitigkeit-313131-schwarz\\\/\",\"name\":\"HEXAGON SATTEL PAD F\u00dcR VIELSEITIGKEITSSATTEL MIT GEL UND GRIP SCHWARZ - Zaldi Online\",\"isPartOf\":{\"@id\":\"https:\\\/\\\/www.zaldionline.com\\\/en\\\/#website\"},\"primaryImageOfPage\":{\"@id\":\"https:\\\/\\\/www.zaldionline.com\\\/en\\\/product\\\/hexagon-sattel-pad-mit-gel-uso-general-vielseitigkeit-313131-schwarz\\\/#primaryimage\"},\"image\":{\"@id\":\"https:\\\/\\\/www.zaldionline.com\\\/en\\\/product\\\/hexagon-sattel-pad-mit-gel-uso-general-vielseitigkeit-313131-schwarz\\\/#primaryimage\"},\"thumbnailUrl\":\"https:\\\/\\\/www.zaldionline.com\\\/en\\\/wp-content\\\/uploads\\\/sites\\\/3\\\/2020\\\/11\\\/Bild_2020-12-10_165401.png\",\"datePublished\":\"2020-11-14T14:10:38+00:00\",\"dateModified\":\"2023-04-20T10:07:30+00:00\",\"description\":\"Preis inkl. MwSt.: 93,59\u20ac HEXAGON Allzweck-Sattel Pad mit Gel-Fadenkreuz. Das Schwei\u00dfpolster mit integriertem Kreuzpolster erleichtert dem Reiter die Handhabung und Platzierung. Zus\u00e4tzlicher KOMFORT f\u00fcr Sie und Ihr Pferd, dank des Gels der neuesten Generation mit gro\u00dfer Kapazit\u00e4t zur ABSORPTION VON MIKRO-AUSWIRKUNGEN, die beim Reiten entstehen. Neue Zelle mit erprobten sechseckigem Design, das ein wabenf\u00f6rmiges Gewebe der letzten Generation bildet, das eine perfekte Atmungsaktivit\u00e4t des Pferder\u00fcckens erm\u00f6glicht und die Ansammlung von W\u00e4rme und Feuchtigkeit unter dem Sattel verringert. Innenausstattung: Beschichtung des abriebfesten Gewebes mit Grip, der mehr Halt oder Halt f\u00f6rdert. Au\u00dfen: Hochbest\u00e4ndige Stoffh\u00fclle. Polsterdicke: 2 cm. Einheitsgr\u00f6\u00dfe: Ma\u00dfe: 60 x 49 cm. Farbe schwarz. Auch f\u00fcr Dressursattel erh\u00e4ltlich (Ref. 2109845) Erh\u00e4ltlich \u00fcber Zaldionlicne.com Ref. 2109846\",\"breadcrumb\":{\"@id\":\"https:\\\/\\\/www.zaldionline.com\\\/en\\\/product\\\/hexagon-sattel-pad-mit-gel-uso-general-vielseitigkeit-313131-schwarz\\\/#breadcrumb\"},\"inLanguage\":\"en-GB\",\"potentialAction\":[{\"@type\":\"ReadAction\",\"target\":[\"https:\\\/\\\/www.zaldionline.com\\\/en\\\/product\\\/hexagon-sattel-pad-mit-gel-uso-general-vielseitigkeit-313131-schwarz\\\/\"]}]},{\"@type\":\"ImageObject\",\"inLanguage\":\"en-GB\",\"@id\":\"https:\\\/\\\/www.zaldionline.com\\\/en\\\/product\\\/hexagon-sattel-pad-mit-gel-uso-general-vielseitigkeit-313131-schwarz\\\/#primaryimage\",\"url\":\"https:\\\/\\\/www.zaldionline.com\\\/en\\\/wp-content\\\/uploads\\\/sites\\\/3\\\/2020\\\/11\\\/Bild_2020-12-10_165401.png\",\"contentUrl\":\"https:\\\/\\\/www.zaldionline.com\\\/en\\\/wp-content\\\/uploads\\\/sites\\\/3\\\/2020\\\/11\\\/Bild_2020-12-10_165401.png\",\"width\":519,\"height\":503},{\"@type\":\"BreadcrumbList\",\"@id\":\"https:\\\/\\\/www.zaldionline.com\\\/en\\\/product\\\/hexagon-sattel-pad-mit-gel-uso-general-vielseitigkeit-313131-schwarz\\\/#breadcrumb\",\"itemListElement\":[{\"@type\":\"ListItem\",\"position\":1,\"name\":\"Portada\",\"item\":\"https:\\\/\\\/www.zaldionline.com\\\/en\\\/\"},{\"@type\":\"ListItem\",\"position\":2,\"name\":\"Saddles &#038; Accessories\",\"item\":\"https:\\\/\\\/www.zaldionline.com\\\/en\\\/saddles-and-accessories\\\/\"},{\"@type\":\"ListItem\",\"position\":3,\"name\":\"HEXAGON SATTEL PAD F\u00dcR VIELSEITIGKEITSSATTEL MIT GEL UND GRIP SCHWARZ\"}]},{\"@type\":\"WebSite\",\"@id\":\"https:\\\/\\\/www.zaldionline.com\\\/en\\\/#website\",\"url\":\"https:\\\/\\\/www.zaldionline.com\\\/en\\\/\",\"name\":\"Zaldi Online\",\"description\":\"The best products for horses\",\"potentialAction\":[{\"@type\":\"SearchAction\",\"target\":{\"@type\":\"EntryPoint\",\"urlTemplate\":\"https:\\\/\\\/www.zaldionline.com\\\/en\\\/?s={search_term_string}\"},\"query-input\":{\"@type\":\"PropertyValueSpecification\",\"valueRequired\":true,\"valueName\":\"search_term_string\"}}],\"inLanguage\":\"en-GB\"}]}<\/script>\n<!-- \/ Yoast SEO plugin. -->","yoast_head_json":{"title":"HEXAGON SATTEL PAD F\u00dcR VIELSEITIGKEITSSATTEL MIT GEL UND GRIP SCHWARZ - Zaldi Online","description":"Preis inkl. MwSt.: 93,59\u20ac HEXAGON Allzweck-Sattel Pad mit Gel-Fadenkreuz. Das Schwei\u00dfpolster mit integriertem Kreuzpolster erleichtert dem Reiter die Handhabung und Platzierung. Zus\u00e4tzlicher KOMFORT f\u00fcr Sie und Ihr Pferd, dank des Gels der neuesten Generation mit gro\u00dfer Kapazit\u00e4t zur ABSORPTION VON MIKRO-AUSWIRKUNGEN, die beim Reiten entstehen. Neue Zelle mit erprobten sechseckigem Design, das ein wabenf\u00f6rmiges Gewebe der letzten Generation bildet, das eine perfekte Atmungsaktivit\u00e4t des Pferder\u00fcckens erm\u00f6glicht und die Ansammlung von W\u00e4rme und Feuchtigkeit unter dem Sattel verringert. Innenausstattung: Beschichtung des abriebfesten Gewebes mit Grip, der mehr Halt oder Halt f\u00f6rdert. Au\u00dfen: Hochbest\u00e4ndige Stoffh\u00fclle. Polsterdicke: 2 cm. Einheitsgr\u00f6\u00dfe: Ma\u00dfe: 60 x 49 cm. Farbe schwarz. Auch f\u00fcr Dressursattel erh\u00e4ltlich (Ref. 2109845) Erh\u00e4ltlich \u00fcber Zaldionlicne.com Ref. 2109846","robots":{"index":"index","follow":"follow","max-snippet":"max-snippet:-1","max-image-preview":"max-image-preview:large","max-video-preview":"max-video-preview:-1"},"canonical":"https:\/\/www.zaldionline.com\/en\/product\/hexagon-sattel-pad-mit-gel-uso-general-vielseitigkeit-313131-schwarz\/","og_locale":"en_GB","og_type":"article","og_title":"HEXAGON SATTEL PAD F\u00dcR VIELSEITIGKEITSSATTEL MIT GEL UND GRIP SCHWARZ - Zaldi Online","og_description":"Preis inkl. MwSt.: 93,59\u20ac HEXAGON Allzweck-Sattel Pad mit Gel-Fadenkreuz. Das Schwei\u00dfpolster mit integriertem Kreuzpolster erleichtert dem Reiter die Handhabung und Platzierung. Zus\u00e4tzlicher KOMFORT f\u00fcr Sie und Ihr Pferd, dank des Gels der neuesten Generation mit gro\u00dfer Kapazit\u00e4t zur ABSORPTION VON MIKRO-AUSWIRKUNGEN, die beim Reiten entstehen. Neue Zelle mit erprobten sechseckigem Design, das ein wabenf\u00f6rmiges Gewebe der letzten Generation bildet, das eine perfekte Atmungsaktivit\u00e4t des Pferder\u00fcckens erm\u00f6glicht und die Ansammlung von W\u00e4rme und Feuchtigkeit unter dem Sattel verringert. Innenausstattung: Beschichtung des abriebfesten Gewebes mit Grip, der mehr Halt oder Halt f\u00f6rdert. Au\u00dfen: Hochbest\u00e4ndige Stoffh\u00fclle. Polsterdicke: 2 cm. Einheitsgr\u00f6\u00dfe: Ma\u00dfe: 60 x 49 cm. Farbe schwarz. Auch f\u00fcr Dressursattel erh\u00e4ltlich (Ref. 2109845) Erh\u00e4ltlich \u00fcber Zaldionlicne.com Ref. 2109846","og_url":"https:\/\/www.zaldionline.com\/en\/product\/hexagon-sattel-pad-mit-gel-uso-general-vielseitigkeit-313131-schwarz\/","og_site_name":"Zaldi Online","article_modified_time":"2023-04-20T10:07:30+00:00","og_image":[{"width":519,"height":503,"url":"https:\/\/www.zaldionline.com\/en\/wp-content\/uploads\/sites\/3\/2020\/11\/Bild_2020-12-10_165401.png","type":"image\/png"}],"twitter_card":"summary_large_image","twitter_misc":{"Estimated reading time":"1 minute"},"schema":{"@context":"https:\/\/schema.org","@graph":[{"@type":"WebPage","@id":"https:\/\/www.zaldionline.com\/en\/product\/hexagon-sattel-pad-mit-gel-uso-general-vielseitigkeit-313131-schwarz\/","url":"https:\/\/www.zaldionline.com\/en\/product\/hexagon-sattel-pad-mit-gel-uso-general-vielseitigkeit-313131-schwarz\/","name":"HEXAGON SATTEL PAD F\u00dcR VIELSEITIGKEITSSATTEL MIT GEL UND GRIP SCHWARZ - Zaldi Online","isPartOf":{"@id":"https:\/\/www.zaldionline.com\/en\/#website"},"primaryImageOfPage":{"@id":"https:\/\/www.zaldionline.com\/en\/product\/hexagon-sattel-pad-mit-gel-uso-general-vielseitigkeit-313131-schwarz\/#primaryimage"},"image":{"@id":"https:\/\/www.zaldionline.com\/en\/product\/hexagon-sattel-pad-mit-gel-uso-general-vielseitigkeit-313131-schwarz\/#primaryimage"},"thumbnailUrl":"https:\/\/www.zaldionline.com\/en\/wp-content\/uploads\/sites\/3\/2020\/11\/Bild_2020-12-10_165401.png","datePublished":"2020-11-14T14:10:38+00:00","dateModified":"2023-04-20T10:07:30+00:00","description":"Preis inkl. MwSt.: 93,59\u20ac HEXAGON Allzweck-Sattel Pad mit Gel-Fadenkreuz. Das Schwei\u00dfpolster mit integriertem Kreuzpolster erleichtert dem Reiter die Handhabung und Platzierung. Zus\u00e4tzlicher KOMFORT f\u00fcr Sie und Ihr Pferd, dank des Gels der neuesten Generation mit gro\u00dfer Kapazit\u00e4t zur ABSORPTION VON MIKRO-AUSWIRKUNGEN, die beim Reiten entstehen. Neue Zelle mit erprobten sechseckigem Design, das ein wabenf\u00f6rmiges Gewebe der letzten Generation bildet, das eine perfekte Atmungsaktivit\u00e4t des Pferder\u00fcckens erm\u00f6glicht und die Ansammlung von W\u00e4rme und Feuchtigkeit unter dem Sattel verringert. Innenausstattung: Beschichtung des abriebfesten Gewebes mit Grip, der mehr Halt oder Halt f\u00f6rdert. Au\u00dfen: Hochbest\u00e4ndige Stoffh\u00fclle. Polsterdicke: 2 cm. Einheitsgr\u00f6\u00dfe: Ma\u00dfe: 60 x 49 cm. Farbe schwarz. Auch f\u00fcr Dressursattel erh\u00e4ltlich (Ref. 2109845) Erh\u00e4ltlich \u00fcber Zaldionlicne.com Ref. 2109846","breadcrumb":{"@id":"https:\/\/www.zaldionline.com\/en\/product\/hexagon-sattel-pad-mit-gel-uso-general-vielseitigkeit-313131-schwarz\/#breadcrumb"},"inLanguage":"en-GB","potentialAction":[{"@type":"ReadAction","target":["https:\/\/www.zaldionline.com\/en\/product\/hexagon-sattel-pad-mit-gel-uso-general-vielseitigkeit-313131-schwarz\/"]}]},{"@type":"ImageObject","inLanguage":"en-GB","@id":"https:\/\/www.zaldionline.com\/en\/product\/hexagon-sattel-pad-mit-gel-uso-general-vielseitigkeit-313131-schwarz\/#primaryimage","url":"https:\/\/www.zaldionline.com\/en\/wp-content\/uploads\/sites\/3\/2020\/11\/Bild_2020-12-10_165401.png","contentUrl":"https:\/\/www.zaldionline.com\/en\/wp-content\/uploads\/sites\/3\/2020\/11\/Bild_2020-12-10_165401.png","width":519,"height":503},{"@type":"BreadcrumbList","@id":"https:\/\/www.zaldionline.com\/en\/product\/hexagon-sattel-pad-mit-gel-uso-general-vielseitigkeit-313131-schwarz\/#breadcrumb","itemListElement":[{"@type":"ListItem","position":1,"name":"Portada","item":"https:\/\/www.zaldionline.com\/en\/"},{"@type":"ListItem","position":2,"name":"Saddles &#038; Accessories","item":"https:\/\/www.zaldionline.com\/en\/saddles-and-accessories\/"},{"@type":"ListItem","position":3,"name":"HEXAGON SATTEL PAD F\u00dcR VIELSEITIGKEITSSATTEL MIT GEL UND GRIP SCHWARZ"}]},{"@type":"WebSite","@id":"https:\/\/www.zaldionline.com\/en\/#website","url":"https:\/\/www.zaldionline.com\/en\/","name":"Zaldi Online","description":"The best products for horses","potentialAction":[{"@type":"SearchAction","target":{"@type":"EntryPoint","urlTemplate":"https:\/\/www.zaldionline.com\/en\/?s={search_term_string}"},"query-input":{"@type":"PropertyValueSpecification","valueRequired":true,"valueName":"search_term_string"}}],"inLanguage":"en-GB"}]}},"_links":{"self":[{"href":"https:\/\/www.zaldionline.com\/en\/wp-json\/wp\/v2\/product\/16655","targetHints":{"allow":["GET"]}}],"collection":[{"href":"https:\/\/www.zaldionline.com\/en\/wp-json\/wp\/v2\/product"}],"about":[{"href":"https:\/\/www.zaldionline.com\/en\/wp-json\/wp\/v2\/types\/product"}],"replies":[{"embeddable":true,"href":"https:\/\/www.zaldionline.com\/en\/wp-json\/wp\/v2\/comments?post=16655"}],"version-history":[{"count":2,"href":"https:\/\/www.zaldionline.com\/en\/wp-json\/wp\/v2\/product\/16655\/revisions"}],"predecessor-version":[{"id":23433,"href":"https:\/\/www.zaldionline.com\/en\/wp-json\/wp\/v2\/product\/16655\/revisions\/23433"}],"wp:featuredmedia":[{"embeddable":true,"href":"https:\/\/www.zaldionline.com\/en\/wp-json\/wp\/v2\/media\/17478"}],"wp:attachment":[{"href":"https:\/\/www.zaldionline.com\/en\/wp-json\/wp\/v2\/media?parent=16655"}],"wp:term":[{"taxonomy":"product_brand","embeddable":true,"href":"https:\/\/www.zaldionline.com\/en\/wp-json\/wp\/v2\/product_brand?post=16655"},{"taxonomy":"product_cat","embeddable":true,"href":"https:\/\/www.zaldionline.com\/en\/wp-json\/wp\/v2\/product_cat?post=16655"},{"taxonomy":"product_tag","embeddable":true,"href":"https:\/\/www.zaldionline.com\/en\/wp-json\/wp\/v2\/product_tag?post=16655"}],"curies":[{"name":"wp","href":"https:\/\/api.w.org\/{rel}","templated":true}]}}