{"id":16686,"date":"2020-11-15T10:16:20","date_gmt":"2020-11-15T10:16:20","guid":{"rendered":"https:\/\/zaldionline.com\/?post_type=product&#038;p=16686"},"modified":"2023-04-19T13:19:02","modified_gmt":"2023-04-19T13:19:02","slug":"zaleas-fur-campera-sattel-satteluberzug-lammfell-leder","status":"publish","type":"product","link":"https:\/\/www.zaldionline.com\/en\/product\/zaleas-fur-campera-sattel-satteluberzug-lammfell-leder\/","title":{"rendered":"ZALEAS F\u00dcR ZALDI CAMPERA S\u00c4TTEL SATTEL\u00dcBERZUG LAMMFELL LEDER"},"content":{"rendered":"\t\t<div data-elementor-type=\"wp-post\" data-elementor-id=\"16686\" class=\"elementor elementor-16686\">\n\t\t\t\t\t\t<section class=\"elementor-section elementor-top-section elementor-element elementor-element-51bd1d0b elementor-section-boxed elementor-section-height-default elementor-section-height-default\" data-id=\"51bd1d0b\" data-element_type=\"section\" data-e-type=\"section\">\n\t\t\t\t\t\t<div class=\"elementor-container elementor-column-gap-default\">\n\t\t\t\t\t<div class=\"elementor-column elementor-col-100 elementor-top-column elementor-element elementor-element-309c0feb\" data-id=\"309c0feb\" data-element_type=\"column\" data-e-type=\"column\">\n\t\t\t<div class=\"elementor-widget-wrap elementor-element-populated\">\n\t\t\t\t\t\t<div class=\"elementor-element elementor-element-2a3444af elementor-widget elementor-widget-text-editor\" data-id=\"2a3444af\" data-element_type=\"widget\" data-e-type=\"widget\" data-widget_type=\"text-editor.default\">\n\t\t\t\t<div class=\"elementor-widget-container\">\n\t\t\t\t\t\t\t\t\t<p><img fetchpriority=\"high\" decoding=\"async\" class=\"alignnone size-medium wp-image-17567\" src=\"https:\/\/zaldionline.com\/wp-content\/uploads\/2020\/11\/Zaldi-Zalea-hell-mit-hellbraun-fuer-Campera-Ronda-169x300.jpg\" alt=\"\" width=\"169\" height=\"300\" srcset=\"https:\/\/www.zaldionline.com\/en\/wp-content\/uploads\/sites\/3\/2020\/11\/Zaldi-Zalea-hell-mit-hellbraun-fuer-Campera-Ronda-169x300.jpg 169w, https:\/\/www.zaldionline.com\/en\/wp-content\/uploads\/sites\/3\/2020\/11\/Zaldi-Zalea-hell-mit-hellbraun-fuer-Campera-Ronda-600x1067.jpg 600w, https:\/\/www.zaldionline.com\/en\/wp-content\/uploads\/sites\/3\/2020\/11\/Zaldi-Zalea-hell-mit-hellbraun-fuer-Campera-Ronda-576x1024.jpg 576w, https:\/\/www.zaldionline.com\/en\/wp-content\/uploads\/sites\/3\/2020\/11\/Zaldi-Zalea-hell-mit-hellbraun-fuer-Campera-Ronda-768x1365.jpg 768w, https:\/\/www.zaldionline.com\/en\/wp-content\/uploads\/sites\/3\/2020\/11\/Zaldi-Zalea-hell-mit-hellbraun-fuer-Campera-Ronda-864x1536.jpg 864w, https:\/\/www.zaldionline.com\/en\/wp-content\/uploads\/sites\/3\/2020\/11\/Zaldi-Zalea-hell-mit-hellbraun-fuer-Campera-Ronda-1152x2048.jpg 1152w, https:\/\/www.zaldionline.com\/en\/wp-content\/uploads\/sites\/3\/2020\/11\/Zaldi-Zalea-hell-mit-hellbraun-fuer-Campera-Ronda-1170x2080.jpg 1170w, https:\/\/www.zaldionline.com\/en\/wp-content\/uploads\/sites\/3\/2020\/11\/Zaldi-Zalea-hell-mit-hellbraun-fuer-Campera-Ronda-scaled.jpg 1440w\" sizes=\"(max-width: 169px) 100vw, 169px\" \/><img decoding=\"async\" class=\"alignnone size-medium wp-image-17566\" src=\"https:\/\/zaldionline.com\/wp-content\/uploads\/2020\/11\/Zaldi-Zalea-hell-mit-Havanna-fuer-Relvas-mit-TM-System-169x300.jpeg\" alt=\"\" width=\"169\" height=\"300\" srcset=\"https:\/\/www.zaldionline.com\/en\/wp-content\/uploads\/sites\/3\/2020\/11\/Zaldi-Zalea-hell-mit-Havanna-fuer-Relvas-mit-TM-System-169x300.jpeg 169w, https:\/\/www.zaldionline.com\/en\/wp-content\/uploads\/sites\/3\/2020\/11\/Zaldi-Zalea-hell-mit-Havanna-fuer-Relvas-mit-TM-System-600x1067.jpeg 600w, https:\/\/www.zaldionline.com\/en\/wp-content\/uploads\/sites\/3\/2020\/11\/Zaldi-Zalea-hell-mit-Havanna-fuer-Relvas-mit-TM-System-576x1024.jpeg 576w, https:\/\/www.zaldionline.com\/en\/wp-content\/uploads\/sites\/3\/2020\/11\/Zaldi-Zalea-hell-mit-Havanna-fuer-Relvas-mit-TM-System-768x1365.jpeg 768w, https:\/\/www.zaldionline.com\/en\/wp-content\/uploads\/sites\/3\/2020\/11\/Zaldi-Zalea-hell-mit-Havanna-fuer-Relvas-mit-TM-System-864x1536.jpeg 864w, https:\/\/www.zaldionline.com\/en\/wp-content\/uploads\/sites\/3\/2020\/11\/Zaldi-Zalea-hell-mit-Havanna-fuer-Relvas-mit-TM-System.jpeg 1152w\" sizes=\"(max-width: 169px) 100vw, 169px\" \/><\/p><p><span style=\"color: #ff6600;\">ACHTUNG: EXKLUSIV F\u00dcR ZALDI S\u00c4TTEL, NICHT F\u00dcR ANDERE MARKEN!<\/span><\/p><p>Preis inkl. MwSt.: 296,98\u20ac<\/p><p>Bezug passend f\u00fcr den <em>ZALDI<\/em> Sattel<\/p><p>Hergestellt aus nat\u00fcrlichem Lammfell<\/p><p>Sch\u00fctzen Sie den Sattel<\/p><p>Bietet Komfort und handwerkliche \u00c4sthetik<\/p><p>Fell: Hell oder Schwarz,<\/p><p>Wildlederfarbe Beinlage und Randfarben: Schwarz, Braun, Havanna und\u00a0 Haselnuss<\/p><p>Hergestellt von <em>ZALDI<\/em><\/p><p>Ref: 011100(3)<\/p><p><span style=\"font-size: 14px; color: #ff0000;\"><a style=\"color: #ff0000;\" href=\"https:\/\/www.youtube.com\/watch?v=1ImQcn4-_Q8&amp;t=7s\">KLICK HIER F\u00dcR EIN VIDEO<\/a><\/span><\/p><p><strong>ZALEAS (\u00dcberzug f\u00fcr den Sattel aus Lammfell und Leder) werden nach Ma\u00df und in der gew\u00fcnschten Farbe (hell oder schwarz), sowie der gew\u00fcnschten Lederfarbe hergestellt.<\/strong><\/p><p><span style=\"color: #ff0000; font-size: 14px;\"><strong>Bitte nennen Sie uns das Modell, Sitzgr\u00f6\u00dfe und die Sattelnummer (steht unter dem Sattelblatt) in den &#8220;Anmerkungen&#8221; bei der online Bestellung.<\/strong><\/span><\/p><p>\u00a0<\/p><p>\u00a0<\/p>\t\t\t\t\t\t\t\t<\/div>\n\t\t\t\t<\/div>\n\t\t\t\t\t<\/div>\n\t\t<\/div>\n\t\t\t\t\t<\/div>\n\t\t<\/section>\n\t\t\t\t<\/div>\n\t\t","protected":false},"excerpt":{"rendered":"<p>ACHTUNG: EXKLUSIV F\u00dcR ZALDI S\u00c4TTEL, NICHT F\u00dcR ANDERE MARKEN! Preis inkl. MwSt.: 296,98\u20ac Bezug passend f\u00fcr den ZALDI Sattel Hergestellt aus nat\u00fcrlichem Lammfell Sch\u00fctzen Sie den Sattel Bietet Komfort und handwerkliche \u00c4sthetik Fell: Hell oder Schwarz, Wildlederfarbe Beinlage und Randfarben: Schwarz, Braun, Havanna und&nbsp; Haselnuss Hergestellt von ZALDI Ref: 011100(3) KLICK HIER F\u00dcR EIN VIDEO [&hellip;]<\/p>\n","protected":false},"featured_media":17475,"comment_status":"open","ping_status":"closed","template":"","meta":{"site-sidebar-layout":"default","site-content-layout":"default","ast-site-content-layout":"default","site-content-style":"default","site-sidebar-style":"default","ast-global-header-display":"","ast-banner-title-visibility":"","ast-main-header-display":"","ast-hfb-above-header-display":"","ast-hfb-below-header-display":"","ast-hfb-mobile-header-display":"","site-post-title":"","ast-breadcrumbs-content":"","ast-featured-img":"","footer-sml-layout":"","ast-disable-related-posts":"","theme-transparent-header-meta":"default","adv-header-id-meta":"","stick-header-meta":"","header-above-stick-meta":"","header-main-stick-meta":"","header-below-stick-meta":"","astra-migrate-meta-layouts":"default","ast-page-background-enabled":"default","ast-page-background-meta":{"desktop":{"background-color":"var(--ast-global-color-4)","background-image":"","background-repeat":"repeat","background-position":"center center","background-size":"auto","background-attachment":"scroll","background-type":"","background-media":"","overlay-type":"","overlay-color":"","overlay-opacity":"","overlay-gradient":""},"tablet":{"background-color":"","background-image":"","background-repeat":"repeat","background-position":"center center","background-size":"auto","background-attachment":"scroll","background-type":"","background-media":"","overlay-type":"","overlay-color":"","overlay-opacity":"","overlay-gradient":""},"mobile":{"background-color":"","background-image":"","background-repeat":"repeat","background-position":"center center","background-size":"auto","background-attachment":"scroll","background-type":"","background-media":"","overlay-type":"","overlay-color":"","overlay-opacity":"","overlay-gradient":""}},"ast-content-background-meta":{"desktop":{"background-color":"var(--ast-global-color-5)","background-image":"","background-repeat":"repeat","background-position":"center center","background-size":"auto","background-attachment":"scroll","background-type":"","background-media":"","overlay-type":"","overlay-color":"","overlay-opacity":"","overlay-gradient":""},"tablet":{"background-color":"var(--ast-global-color-5)","background-image":"","background-repeat":"repeat","background-position":"center center","background-size":"auto","background-attachment":"scroll","background-type":"","background-media":"","overlay-type":"","overlay-color":"","overlay-opacity":"","overlay-gradient":""},"mobile":{"background-color":"var(--ast-global-color-5)","background-image":"","background-repeat":"repeat","background-position":"center center","background-size":"auto","background-attachment":"scroll","background-type":"","background-media":"","overlay-type":"","overlay-color":"","overlay-opacity":"","overlay-gradient":""}},"ngg_post_thumbnail":0},"product_brand":[],"product_cat":[18,63],"product_tag":[657,409,301,802,709,340,337,338,339,649],"class_list":{"0":"post-16686","1":"product","2":"type-product","3":"status-publish","4":"has-post-thumbnail","6":"product_cat-accessories","7":"product_cat-saddle-cover-sheepskin-cover","8":"product_tag-camperasattel","9":"product_tag-custom-sattel","10":"product_tag-masssattel","11":"product_tag-sattelschutz","12":"product_tag-sattelueberzug","13":"product_tag-susanne-nagel","14":"product_tag-zaldi","15":"product_tag-zaldi-deutschland","16":"product_tag-zaldi-online-com","17":"product_tag-zalea","18":"desktop-align-left","19":"tablet-align-left","20":"mobile-align-left","22":"first","23":"instock","24":"taxable","25":"shipping-taxable","26":"purchasable","27":"product-type-simple"},"yoast_head":"<!-- This site is optimized with the Yoast SEO plugin v27.3 - https:\/\/yoast.com\/product\/yoast-seo-wordpress\/ -->\n<title>ZALEAS F\u00dcR ZALDI CAMPERA S\u00c4TTEL SATTEL\u00dcBERZUG LAMMFELL LEDER - Zaldi Online<\/title>\n<meta name=\"description\" content=\"Preis inkl. MwSt.: 296,98\u20ac. Bezug ausschlie\u00dflich passend f\u00fcr den ZALDI Sattel. Hergestellt aus nat\u00fcrlichem Lammfell. Sch\u00fctzen Sie Ihren Sattel. Bietet Komfort und handwerkliche \u00c4sthetik. Fell: Hell oder Schwarz, Wildlederfarbe Beinlage und Randfarben: Schwarz, Braun, Havanna und\u00a0 Haselnuss. Hergestellt von ZALDI. ZALEAS (\u00dcberzug f\u00fcr den Sattel aus Lammfell und Leder) werden nach Ma\u00df und in der gew\u00fcnschten Farbe (hell oder schwarz), sowie der gew\u00fcnschten Lederfarbe hergestellt. Bitte nennen Sie uns das Modell, Sitzgr\u00f6\u00dfe und die Sattelnummer (unter dem Sattelblatt) in den &quot;Anmerkungen&quot; bei Ihrer Online-Bestellung. Erh\u00e4ltlich \u00fcber Zaldionline.com . Ref: 011100(3)\" \/>\n<meta name=\"robots\" content=\"index, follow, max-snippet:-1, max-image-preview:large, max-video-preview:-1\" \/>\n<link rel=\"canonical\" href=\"https:\/\/www.zaldionline.com\/en\/product\/zaleas-fur-campera-sattel-satteluberzug-lammfell-leder\/\" \/>\n<meta property=\"og:locale\" content=\"en_GB\" \/>\n<meta property=\"og:type\" content=\"article\" \/>\n<meta property=\"og:title\" content=\"ZALEAS F\u00dcR ZALDI CAMPERA S\u00c4TTEL SATTEL\u00dcBERZUG LAMMFELL LEDER - Zaldi Online\" \/>\n<meta property=\"og:description\" content=\"Preis inkl. MwSt.: 296,98\u20ac. Bezug ausschlie\u00dflich passend f\u00fcr den ZALDI Sattel. Hergestellt aus nat\u00fcrlichem Lammfell. Sch\u00fctzen Sie Ihren Sattel. Bietet Komfort und handwerkliche \u00c4sthetik. Fell: Hell oder Schwarz, Wildlederfarbe Beinlage und Randfarben: Schwarz, Braun, Havanna und\u00a0 Haselnuss. Hergestellt von ZALDI. ZALEAS (\u00dcberzug f\u00fcr den Sattel aus Lammfell und Leder) werden nach Ma\u00df und in der gew\u00fcnschten Farbe (hell oder schwarz), sowie der gew\u00fcnschten Lederfarbe hergestellt. Bitte nennen Sie uns das Modell, Sitzgr\u00f6\u00dfe und die Sattelnummer (unter dem Sattelblatt) in den &quot;Anmerkungen&quot; bei Ihrer Online-Bestellung. Erh\u00e4ltlich \u00fcber Zaldionline.com . Ref: 011100(3)\" \/>\n<meta property=\"og:url\" content=\"https:\/\/www.zaldionline.com\/en\/product\/zaleas-fur-campera-sattel-satteluberzug-lammfell-leder\/\" \/>\n<meta property=\"og:site_name\" content=\"Zaldi Online\" \/>\n<meta property=\"article:modified_time\" content=\"2023-04-19T13:19:02+00:00\" \/>\n<meta property=\"og:image\" content=\"https:\/\/www.zaldionline.com\/en\/wp-content\/uploads\/sites\/3\/2020\/11\/Bild_2020-12-10_165001.png\" \/>\n\t<meta property=\"og:image:width\" content=\"524\" \/>\n\t<meta property=\"og:image:height\" content=\"502\" \/>\n\t<meta property=\"og:image:type\" content=\"image\/png\" \/>\n<meta name=\"twitter:card\" content=\"summary_large_image\" \/>\n<meta name=\"twitter:label1\" content=\"Estimated reading time\" \/>\n\t<meta name=\"twitter:data1\" content=\"1 minute\" \/>\n<script type=\"application\/ld+json\" class=\"yoast-schema-graph\">{\"@context\":\"https:\\\/\\\/schema.org\",\"@graph\":[{\"@type\":\"WebPage\",\"@id\":\"https:\\\/\\\/www.zaldionline.com\\\/en\\\/product\\\/zaleas-fur-campera-sattel-satteluberzug-lammfell-leder\\\/\",\"url\":\"https:\\\/\\\/www.zaldionline.com\\\/en\\\/product\\\/zaleas-fur-campera-sattel-satteluberzug-lammfell-leder\\\/\",\"name\":\"ZALEAS F\u00dcR ZALDI CAMPERA S\u00c4TTEL SATTEL\u00dcBERZUG LAMMFELL LEDER - Zaldi Online\",\"isPartOf\":{\"@id\":\"https:\\\/\\\/www.zaldionline.com\\\/en\\\/#website\"},\"primaryImageOfPage\":{\"@id\":\"https:\\\/\\\/www.zaldionline.com\\\/en\\\/product\\\/zaleas-fur-campera-sattel-satteluberzug-lammfell-leder\\\/#primaryimage\"},\"image\":{\"@id\":\"https:\\\/\\\/www.zaldionline.com\\\/en\\\/product\\\/zaleas-fur-campera-sattel-satteluberzug-lammfell-leder\\\/#primaryimage\"},\"thumbnailUrl\":\"https:\\\/\\\/www.zaldionline.com\\\/en\\\/wp-content\\\/uploads\\\/sites\\\/3\\\/2020\\\/11\\\/Bild_2020-12-10_165001.png\",\"datePublished\":\"2020-11-15T10:16:20+00:00\",\"dateModified\":\"2023-04-19T13:19:02+00:00\",\"description\":\"Preis inkl. MwSt.: 296,98\u20ac. Bezug ausschlie\u00dflich passend f\u00fcr den ZALDI Sattel. Hergestellt aus nat\u00fcrlichem Lammfell. Sch\u00fctzen Sie Ihren Sattel. Bietet Komfort und handwerkliche \u00c4sthetik. Fell: Hell oder Schwarz, Wildlederfarbe Beinlage und Randfarben: Schwarz, Braun, Havanna und\u00a0 Haselnuss. Hergestellt von ZALDI. ZALEAS (\u00dcberzug f\u00fcr den Sattel aus Lammfell und Leder) werden nach Ma\u00df und in der gew\u00fcnschten Farbe (hell oder schwarz), sowie der gew\u00fcnschten Lederfarbe hergestellt. Bitte nennen Sie uns das Modell, Sitzgr\u00f6\u00dfe und die Sattelnummer (unter dem Sattelblatt) in den \\\"Anmerkungen\\\" bei Ihrer Online-Bestellung. Erh\u00e4ltlich \u00fcber Zaldionline.com . Ref: 011100(3)\",\"breadcrumb\":{\"@id\":\"https:\\\/\\\/www.zaldionline.com\\\/en\\\/product\\\/zaleas-fur-campera-sattel-satteluberzug-lammfell-leder\\\/#breadcrumb\"},\"inLanguage\":\"en-GB\",\"potentialAction\":[{\"@type\":\"ReadAction\",\"target\":[\"https:\\\/\\\/www.zaldionline.com\\\/en\\\/product\\\/zaleas-fur-campera-sattel-satteluberzug-lammfell-leder\\\/\"]}]},{\"@type\":\"ImageObject\",\"inLanguage\":\"en-GB\",\"@id\":\"https:\\\/\\\/www.zaldionline.com\\\/en\\\/product\\\/zaleas-fur-campera-sattel-satteluberzug-lammfell-leder\\\/#primaryimage\",\"url\":\"https:\\\/\\\/www.zaldionline.com\\\/en\\\/wp-content\\\/uploads\\\/sites\\\/3\\\/2020\\\/11\\\/Bild_2020-12-10_165001.png\",\"contentUrl\":\"https:\\\/\\\/www.zaldionline.com\\\/en\\\/wp-content\\\/uploads\\\/sites\\\/3\\\/2020\\\/11\\\/Bild_2020-12-10_165001.png\",\"width\":524,\"height\":502},{\"@type\":\"BreadcrumbList\",\"@id\":\"https:\\\/\\\/www.zaldionline.com\\\/en\\\/product\\\/zaleas-fur-campera-sattel-satteluberzug-lammfell-leder\\\/#breadcrumb\",\"itemListElement\":[{\"@type\":\"ListItem\",\"position\":1,\"name\":\"Portada\",\"item\":\"https:\\\/\\\/www.zaldionline.com\\\/en\\\/\"},{\"@type\":\"ListItem\",\"position\":2,\"name\":\"Saddles &#038; Accessories\",\"item\":\"https:\\\/\\\/www.zaldionline.com\\\/en\\\/saddles-and-accessories\\\/\"},{\"@type\":\"ListItem\",\"position\":3,\"name\":\"ZALEAS F\u00dcR ZALDI CAMPERA S\u00c4TTEL SATTEL\u00dcBERZUG LAMMFELL LEDER\"}]},{\"@type\":\"WebSite\",\"@id\":\"https:\\\/\\\/www.zaldionline.com\\\/en\\\/#website\",\"url\":\"https:\\\/\\\/www.zaldionline.com\\\/en\\\/\",\"name\":\"Zaldi Online\",\"description\":\"The best products for horses\",\"potentialAction\":[{\"@type\":\"SearchAction\",\"target\":{\"@type\":\"EntryPoint\",\"urlTemplate\":\"https:\\\/\\\/www.zaldionline.com\\\/en\\\/?s={search_term_string}\"},\"query-input\":{\"@type\":\"PropertyValueSpecification\",\"valueRequired\":true,\"valueName\":\"search_term_string\"}}],\"inLanguage\":\"en-GB\"}]}<\/script>\n<!-- \/ Yoast SEO plugin. -->","yoast_head_json":{"title":"ZALEAS F\u00dcR ZALDI CAMPERA S\u00c4TTEL SATTEL\u00dcBERZUG LAMMFELL LEDER - Zaldi Online","description":"Preis inkl. MwSt.: 296,98\u20ac. Bezug ausschlie\u00dflich passend f\u00fcr den ZALDI Sattel. Hergestellt aus nat\u00fcrlichem Lammfell. Sch\u00fctzen Sie Ihren Sattel. Bietet Komfort und handwerkliche \u00c4sthetik. Fell: Hell oder Schwarz, Wildlederfarbe Beinlage und Randfarben: Schwarz, Braun, Havanna und\u00a0 Haselnuss. Hergestellt von ZALDI. ZALEAS (\u00dcberzug f\u00fcr den Sattel aus Lammfell und Leder) werden nach Ma\u00df und in der gew\u00fcnschten Farbe (hell oder schwarz), sowie der gew\u00fcnschten Lederfarbe hergestellt. Bitte nennen Sie uns das Modell, Sitzgr\u00f6\u00dfe und die Sattelnummer (unter dem Sattelblatt) in den \"Anmerkungen\" bei Ihrer Online-Bestellung. Erh\u00e4ltlich \u00fcber Zaldionline.com . Ref: 011100(3)","robots":{"index":"index","follow":"follow","max-snippet":"max-snippet:-1","max-image-preview":"max-image-preview:large","max-video-preview":"max-video-preview:-1"},"canonical":"https:\/\/www.zaldionline.com\/en\/product\/zaleas-fur-campera-sattel-satteluberzug-lammfell-leder\/","og_locale":"en_GB","og_type":"article","og_title":"ZALEAS F\u00dcR ZALDI CAMPERA S\u00c4TTEL SATTEL\u00dcBERZUG LAMMFELL LEDER - Zaldi Online","og_description":"Preis inkl. MwSt.: 296,98\u20ac. Bezug ausschlie\u00dflich passend f\u00fcr den ZALDI Sattel. Hergestellt aus nat\u00fcrlichem Lammfell. Sch\u00fctzen Sie Ihren Sattel. Bietet Komfort und handwerkliche \u00c4sthetik. Fell: Hell oder Schwarz, Wildlederfarbe Beinlage und Randfarben: Schwarz, Braun, Havanna und\u00a0 Haselnuss. Hergestellt von ZALDI. ZALEAS (\u00dcberzug f\u00fcr den Sattel aus Lammfell und Leder) werden nach Ma\u00df und in der gew\u00fcnschten Farbe (hell oder schwarz), sowie der gew\u00fcnschten Lederfarbe hergestellt. Bitte nennen Sie uns das Modell, Sitzgr\u00f6\u00dfe und die Sattelnummer (unter dem Sattelblatt) in den \"Anmerkungen\" bei Ihrer Online-Bestellung. Erh\u00e4ltlich \u00fcber Zaldionline.com . Ref: 011100(3)","og_url":"https:\/\/www.zaldionline.com\/en\/product\/zaleas-fur-campera-sattel-satteluberzug-lammfell-leder\/","og_site_name":"Zaldi Online","article_modified_time":"2023-04-19T13:19:02+00:00","og_image":[{"width":524,"height":502,"url":"https:\/\/www.zaldionline.com\/en\/wp-content\/uploads\/sites\/3\/2020\/11\/Bild_2020-12-10_165001.png","type":"image\/png"}],"twitter_card":"summary_large_image","twitter_misc":{"Estimated reading time":"1 minute"},"schema":{"@context":"https:\/\/schema.org","@graph":[{"@type":"WebPage","@id":"https:\/\/www.zaldionline.com\/en\/product\/zaleas-fur-campera-sattel-satteluberzug-lammfell-leder\/","url":"https:\/\/www.zaldionline.com\/en\/product\/zaleas-fur-campera-sattel-satteluberzug-lammfell-leder\/","name":"ZALEAS F\u00dcR ZALDI CAMPERA S\u00c4TTEL SATTEL\u00dcBERZUG LAMMFELL LEDER - Zaldi Online","isPartOf":{"@id":"https:\/\/www.zaldionline.com\/en\/#website"},"primaryImageOfPage":{"@id":"https:\/\/www.zaldionline.com\/en\/product\/zaleas-fur-campera-sattel-satteluberzug-lammfell-leder\/#primaryimage"},"image":{"@id":"https:\/\/www.zaldionline.com\/en\/product\/zaleas-fur-campera-sattel-satteluberzug-lammfell-leder\/#primaryimage"},"thumbnailUrl":"https:\/\/www.zaldionline.com\/en\/wp-content\/uploads\/sites\/3\/2020\/11\/Bild_2020-12-10_165001.png","datePublished":"2020-11-15T10:16:20+00:00","dateModified":"2023-04-19T13:19:02+00:00","description":"Preis inkl. MwSt.: 296,98\u20ac. Bezug ausschlie\u00dflich passend f\u00fcr den ZALDI Sattel. Hergestellt aus nat\u00fcrlichem Lammfell. Sch\u00fctzen Sie Ihren Sattel. Bietet Komfort und handwerkliche \u00c4sthetik. Fell: Hell oder Schwarz, Wildlederfarbe Beinlage und Randfarben: Schwarz, Braun, Havanna und\u00a0 Haselnuss. Hergestellt von ZALDI. ZALEAS (\u00dcberzug f\u00fcr den Sattel aus Lammfell und Leder) werden nach Ma\u00df und in der gew\u00fcnschten Farbe (hell oder schwarz), sowie der gew\u00fcnschten Lederfarbe hergestellt. Bitte nennen Sie uns das Modell, Sitzgr\u00f6\u00dfe und die Sattelnummer (unter dem Sattelblatt) in den \"Anmerkungen\" bei Ihrer Online-Bestellung. Erh\u00e4ltlich \u00fcber Zaldionline.com . Ref: 011100(3)","breadcrumb":{"@id":"https:\/\/www.zaldionline.com\/en\/product\/zaleas-fur-campera-sattel-satteluberzug-lammfell-leder\/#breadcrumb"},"inLanguage":"en-GB","potentialAction":[{"@type":"ReadAction","target":["https:\/\/www.zaldionline.com\/en\/product\/zaleas-fur-campera-sattel-satteluberzug-lammfell-leder\/"]}]},{"@type":"ImageObject","inLanguage":"en-GB","@id":"https:\/\/www.zaldionline.com\/en\/product\/zaleas-fur-campera-sattel-satteluberzug-lammfell-leder\/#primaryimage","url":"https:\/\/www.zaldionline.com\/en\/wp-content\/uploads\/sites\/3\/2020\/11\/Bild_2020-12-10_165001.png","contentUrl":"https:\/\/www.zaldionline.com\/en\/wp-content\/uploads\/sites\/3\/2020\/11\/Bild_2020-12-10_165001.png","width":524,"height":502},{"@type":"BreadcrumbList","@id":"https:\/\/www.zaldionline.com\/en\/product\/zaleas-fur-campera-sattel-satteluberzug-lammfell-leder\/#breadcrumb","itemListElement":[{"@type":"ListItem","position":1,"name":"Portada","item":"https:\/\/www.zaldionline.com\/en\/"},{"@type":"ListItem","position":2,"name":"Saddles &#038; Accessories","item":"https:\/\/www.zaldionline.com\/en\/saddles-and-accessories\/"},{"@type":"ListItem","position":3,"name":"ZALEAS F\u00dcR ZALDI CAMPERA S\u00c4TTEL SATTEL\u00dcBERZUG LAMMFELL LEDER"}]},{"@type":"WebSite","@id":"https:\/\/www.zaldionline.com\/en\/#website","url":"https:\/\/www.zaldionline.com\/en\/","name":"Zaldi Online","description":"The best products for horses","potentialAction":[{"@type":"SearchAction","target":{"@type":"EntryPoint","urlTemplate":"https:\/\/www.zaldionline.com\/en\/?s={search_term_string}"},"query-input":{"@type":"PropertyValueSpecification","valueRequired":true,"valueName":"search_term_string"}}],"inLanguage":"en-GB"}]}},"_links":{"self":[{"href":"https:\/\/www.zaldionline.com\/en\/wp-json\/wp\/v2\/product\/16686","targetHints":{"allow":["GET"]}}],"collection":[{"href":"https:\/\/www.zaldionline.com\/en\/wp-json\/wp\/v2\/product"}],"about":[{"href":"https:\/\/www.zaldionline.com\/en\/wp-json\/wp\/v2\/types\/product"}],"replies":[{"embeddable":true,"href":"https:\/\/www.zaldionline.com\/en\/wp-json\/wp\/v2\/comments?post=16686"}],"version-history":[{"count":1,"href":"https:\/\/www.zaldionline.com\/en\/wp-json\/wp\/v2\/product\/16686\/revisions"}],"predecessor-version":[{"id":23429,"href":"https:\/\/www.zaldionline.com\/en\/wp-json\/wp\/v2\/product\/16686\/revisions\/23429"}],"wp:featuredmedia":[{"embeddable":true,"href":"https:\/\/www.zaldionline.com\/en\/wp-json\/wp\/v2\/media\/17475"}],"wp:attachment":[{"href":"https:\/\/www.zaldionline.com\/en\/wp-json\/wp\/v2\/media?parent=16686"}],"wp:term":[{"taxonomy":"product_brand","embeddable":true,"href":"https:\/\/www.zaldionline.com\/en\/wp-json\/wp\/v2\/product_brand?post=16686"},{"taxonomy":"product_cat","embeddable":true,"href":"https:\/\/www.zaldionline.com\/en\/wp-json\/wp\/v2\/product_cat?post=16686"},{"taxonomy":"product_tag","embeddable":true,"href":"https:\/\/www.zaldionline.com\/en\/wp-json\/wp\/v2\/product_tag?post=16686"}],"curies":[{"name":"wp","href":"https:\/\/api.w.org\/{rel}","templated":true}]}}