{"id":17110,"date":"2020-11-28T18:33:48","date_gmt":"2020-11-28T18:33:48","guid":{"rendered":"https:\/\/zaldionline.com\/?post_type=product&#038;p=17110"},"modified":"2023-04-17T14:19:55","modified_gmt":"2023-04-17T14:19:55","slug":"gamaschen-creole-atmungsaktiv","status":"publish","type":"product","link":"https:\/\/www.zaldionline.com\/en\/product\/gamaschen-creole-atmungsaktiv\/","title":{"rendered":"GAMASCHEN CREOLE ATMUNGSAKTIV"},"content":{"rendered":"<p>Preis inkl. MwSt.: 39,68\u20ac<\/p>\n<p>ATEMUNGSAKTIVE Gamasche in Rot.<\/p>\n<p>LEICHT und anatomisch, hergestellt aus Netzgewebe.<\/p>\n<p>Verstellbar mit Lederverschl\u00fcssen an drei Klettb\u00e4ndern und einem zus\u00e4tzlichen, um dem Pferd eine bessere Passform und Komfort zu bieten. <span data-language-for-alternatives=\"de\" data-language-to-translate-into=\"es\" data-phrase-index=\"6\">Ungef\u00e4hres Gewicht des Paares: 300 Gramm<\/span><\/p>\n<p>2er-Pack<\/p>\n<p>Gr\u00f6\u00dfen: S &#8211; M \u2013 L<\/p>\n<p>Farbe: Schwarz\/ Rot<\/p>\n<p>Der leichteste und atmungsaktivste Protektor auf dem Markt!<\/p>\n<p>Ref. 21077204<\/p>\n<p><strong>Wenn Du hier nicht gefunden hast wonach Du suchst,<\/strong><\/p>\n<p>schau bitte auf der&nbsp;<a href=\"https:\/\/zaldionline.com\/en\/104-bell-boots-bandages-leg-boots\">https:\/\/zaldionline.com\/en\/104-bell-boots-bandages-leg-boots<\/a> Seite.<\/p>\n<p>Dort sind noch weitere Artikel aufgef\u00fchrt.<\/p>\n<p>Suche die entsprechende Referenznummer und Beschreibung heraus und<\/p>\n<p>sende uns Deinen gesamten Auftrag per E-Mail zu.<\/p>\n","protected":false},"excerpt":{"rendered":"<p>Preis inkl. MwSt.: 39,68\u20ac ATEMUNGSAKTIVE Gamasche in Rot. LEICHT und anatomisch, hergestellt aus Netzgewebe. Verstellbar mit Lederverschl\u00fcssen an drei Klettb\u00e4ndern und einem zus\u00e4tzlichen, um dem Pferd eine bessere Passform und Komfort zu bieten. Ungef\u00e4hres Gewicht des Paares: 300 Gramm 2er-Pack Gr\u00f6\u00dfen: S &#8211; M \u2013 L Farbe: Schwarz\/ Rot Der leichteste und atmungsaktivste Protektor auf [&hellip;]<\/p>\n","protected":false},"featured_media":17506,"comment_status":"open","ping_status":"closed","template":"","meta":{"site-sidebar-layout":"default","site-content-layout":"default","ast-site-content-layout":"default","site-content-style":"default","site-sidebar-style":"default","ast-global-header-display":"","ast-banner-title-visibility":"","ast-main-header-display":"","ast-hfb-above-header-display":"","ast-hfb-below-header-display":"","ast-hfb-mobile-header-display":"","site-post-title":"","ast-breadcrumbs-content":"","ast-featured-img":"","footer-sml-layout":"","ast-disable-related-posts":"","theme-transparent-header-meta":"default","adv-header-id-meta":"","stick-header-meta":"","header-above-stick-meta":"","header-main-stick-meta":"","header-below-stick-meta":"","astra-migrate-meta-layouts":"default","ast-page-background-enabled":"default","ast-page-background-meta":{"desktop":{"background-color":"var(--ast-global-color-4)","background-image":"","background-repeat":"repeat","background-position":"center center","background-size":"auto","background-attachment":"scroll","background-type":"","background-media":"","overlay-type":"","overlay-color":"","overlay-opacity":"","overlay-gradient":""},"tablet":{"background-color":"","background-image":"","background-repeat":"repeat","background-position":"center center","background-size":"auto","background-attachment":"scroll","background-type":"","background-media":"","overlay-type":"","overlay-color":"","overlay-opacity":"","overlay-gradient":""},"mobile":{"background-color":"","background-image":"","background-repeat":"repeat","background-position":"center center","background-size":"auto","background-attachment":"scroll","background-type":"","background-media":"","overlay-type":"","overlay-color":"","overlay-opacity":"","overlay-gradient":""}},"ast-content-background-meta":{"desktop":{"background-color":"var(--ast-global-color-5)","background-image":"","background-repeat":"repeat","background-position":"center center","background-size":"auto","background-attachment":"scroll","background-type":"","background-media":"","overlay-type":"","overlay-color":"","overlay-opacity":"","overlay-gradient":""},"tablet":{"background-color":"var(--ast-global-color-5)","background-image":"","background-repeat":"repeat","background-position":"center center","background-size":"auto","background-attachment":"scroll","background-type":"","background-media":"","overlay-type":"","overlay-color":"","overlay-opacity":"","overlay-gradient":""},"mobile":{"background-color":"var(--ast-global-color-5)","background-image":"","background-repeat":"repeat","background-position":"center center","background-size":"auto","background-attachment":"scroll","background-type":"","background-media":"","overlay-type":"","overlay-color":"","overlay-opacity":"","overlay-gradient":""}},"ngg_post_thumbnail":0},"product_brand":[],"product_cat":[18,58],"product_tag":[612,341,608,611,609,340,337,338,339],"class_list":{"0":"post-17110","1":"product","2":"type-product","3":"status-publish","4":"has-post-thumbnail","6":"product_cat-accessories","7":"product_cat-horseboots-leg-protection","8":"product_tag-bandagen","9":"product_tag-bienestarcaballo","10":"product_tag-gamaschen","11":"product_tag-hufglocken","12":"product_tag-protektor","13":"product_tag-susanne-nagel","14":"product_tag-zaldi","15":"product_tag-zaldi-deutschland","16":"product_tag-zaldi-online-com","17":"desktop-align-left","18":"tablet-align-left","19":"mobile-align-left","21":"first","22":"instock","23":"taxable","24":"shipping-taxable","25":"purchasable","26":"product-type-variable"},"yoast_head":"<!-- This site is optimized with the Yoast SEO plugin v27.3 - https:\/\/yoast.com\/product\/yoast-seo-wordpress\/ -->\n<title>GAMASCHEN CREOLE ATMUNGSAKTIV - Zaldi Online<\/title>\n<meta name=\"description\" content=\"Preis inkl. MwSt.: 39,68\u20ac ATEMUNGSAKTIVE Gamasche in Rot. LEICHT und anatomisch, hergestellt aus Netzgewebe. Verstellbar mit Lederverschl\u00fcssen an drei Klettb\u00e4ndern und einem zus\u00e4tzlichen, um dem Pferd eine bessere Passform und Komfort zu bieten. Ungef\u00e4hres Gewicht des Paares: 300 Gramm 2er-Pack Gr\u00f6\u00dfen: S - M \u2013 L Farbe: Schwarz\/ Rot Der leichteste und atmungsaktivste Protektor auf dem Markt! Erh\u00e4ltlich \u00fcber Zaldionline.com Ref. 21077204\" \/>\n<meta name=\"robots\" content=\"index, follow, max-snippet:-1, max-image-preview:large, max-video-preview:-1\" \/>\n<link rel=\"canonical\" href=\"https:\/\/www.zaldionline.com\/en\/product\/gamaschen-creole-atmungsaktiv\/\" \/>\n<meta property=\"og:locale\" content=\"en_GB\" \/>\n<meta property=\"og:type\" content=\"article\" \/>\n<meta property=\"og:title\" content=\"GAMASCHEN CREOLE ATMUNGSAKTIV - Zaldi Online\" \/>\n<meta property=\"og:description\" content=\"Preis inkl. MwSt.: 39,68\u20ac ATEMUNGSAKTIVE Gamasche in Rot. LEICHT und anatomisch, hergestellt aus Netzgewebe. Verstellbar mit Lederverschl\u00fcssen an drei Klettb\u00e4ndern und einem zus\u00e4tzlichen, um dem Pferd eine bessere Passform und Komfort zu bieten. Ungef\u00e4hres Gewicht des Paares: 300 Gramm 2er-Pack Gr\u00f6\u00dfen: S - M \u2013 L Farbe: Schwarz\/ Rot Der leichteste und atmungsaktivste Protektor auf dem Markt! Erh\u00e4ltlich \u00fcber Zaldionline.com Ref. 21077204\" \/>\n<meta property=\"og:url\" content=\"https:\/\/www.zaldionline.com\/en\/product\/gamaschen-creole-atmungsaktiv\/\" \/>\n<meta property=\"og:site_name\" content=\"Zaldi Online\" \/>\n<meta property=\"article:modified_time\" content=\"2023-04-17T14:19:55+00:00\" \/>\n<meta property=\"og:image\" content=\"https:\/\/www.zaldionline.com\/en\/wp-content\/uploads\/sites\/3\/2020\/11\/Bild_2020-12-10_180400.png\" \/>\n\t<meta property=\"og:image:width\" content=\"509\" \/>\n\t<meta property=\"og:image:height\" content=\"500\" \/>\n\t<meta property=\"og:image:type\" content=\"image\/png\" \/>\n<meta name=\"twitter:card\" content=\"summary_large_image\" \/>\n<meta name=\"twitter:label1\" content=\"Estimated reading time\" \/>\n\t<meta name=\"twitter:data1\" content=\"1 minute\" \/>\n<script type=\"application\/ld+json\" class=\"yoast-schema-graph\">{\"@context\":\"https:\\\/\\\/schema.org\",\"@graph\":[{\"@type\":\"WebPage\",\"@id\":\"https:\\\/\\\/www.zaldionline.com\\\/en\\\/product\\\/gamaschen-creole-atmungsaktiv\\\/\",\"url\":\"https:\\\/\\\/www.zaldionline.com\\\/en\\\/product\\\/gamaschen-creole-atmungsaktiv\\\/\",\"name\":\"GAMASCHEN CREOLE ATMUNGSAKTIV - Zaldi Online\",\"isPartOf\":{\"@id\":\"https:\\\/\\\/www.zaldionline.com\\\/en\\\/#website\"},\"primaryImageOfPage\":{\"@id\":\"https:\\\/\\\/www.zaldionline.com\\\/en\\\/product\\\/gamaschen-creole-atmungsaktiv\\\/#primaryimage\"},\"image\":{\"@id\":\"https:\\\/\\\/www.zaldionline.com\\\/en\\\/product\\\/gamaschen-creole-atmungsaktiv\\\/#primaryimage\"},\"thumbnailUrl\":\"https:\\\/\\\/www.zaldionline.com\\\/en\\\/wp-content\\\/uploads\\\/sites\\\/3\\\/2020\\\/11\\\/Bild_2020-12-10_180400.png\",\"datePublished\":\"2020-11-28T18:33:48+00:00\",\"dateModified\":\"2023-04-17T14:19:55+00:00\",\"description\":\"Preis inkl. MwSt.: 39,68\u20ac ATEMUNGSAKTIVE Gamasche in Rot. LEICHT und anatomisch, hergestellt aus Netzgewebe. Verstellbar mit Lederverschl\u00fcssen an drei Klettb\u00e4ndern und einem zus\u00e4tzlichen, um dem Pferd eine bessere Passform und Komfort zu bieten. Ungef\u00e4hres Gewicht des Paares: 300 Gramm 2er-Pack Gr\u00f6\u00dfen: S - M \u2013 L Farbe: Schwarz\\\/ Rot Der leichteste und atmungsaktivste Protektor auf dem Markt! Erh\u00e4ltlich \u00fcber Zaldionline.com Ref. 21077204\",\"breadcrumb\":{\"@id\":\"https:\\\/\\\/www.zaldionline.com\\\/en\\\/product\\\/gamaschen-creole-atmungsaktiv\\\/#breadcrumb\"},\"inLanguage\":\"en-GB\",\"potentialAction\":[{\"@type\":\"ReadAction\",\"target\":[\"https:\\\/\\\/www.zaldionline.com\\\/en\\\/product\\\/gamaschen-creole-atmungsaktiv\\\/\"]}]},{\"@type\":\"ImageObject\",\"inLanguage\":\"en-GB\",\"@id\":\"https:\\\/\\\/www.zaldionline.com\\\/en\\\/product\\\/gamaschen-creole-atmungsaktiv\\\/#primaryimage\",\"url\":\"https:\\\/\\\/www.zaldionline.com\\\/en\\\/wp-content\\\/uploads\\\/sites\\\/3\\\/2020\\\/11\\\/Bild_2020-12-10_180400.png\",\"contentUrl\":\"https:\\\/\\\/www.zaldionline.com\\\/en\\\/wp-content\\\/uploads\\\/sites\\\/3\\\/2020\\\/11\\\/Bild_2020-12-10_180400.png\",\"width\":509,\"height\":500},{\"@type\":\"BreadcrumbList\",\"@id\":\"https:\\\/\\\/www.zaldionline.com\\\/en\\\/product\\\/gamaschen-creole-atmungsaktiv\\\/#breadcrumb\",\"itemListElement\":[{\"@type\":\"ListItem\",\"position\":1,\"name\":\"Portada\",\"item\":\"https:\\\/\\\/www.zaldionline.com\\\/en\\\/\"},{\"@type\":\"ListItem\",\"position\":2,\"name\":\"Saddles &#038; Accessories\",\"item\":\"https:\\\/\\\/www.zaldionline.com\\\/en\\\/saddles-and-accessories\\\/\"},{\"@type\":\"ListItem\",\"position\":3,\"name\":\"GAMASCHEN CREOLE ATMUNGSAKTIV\"}]},{\"@type\":\"WebSite\",\"@id\":\"https:\\\/\\\/www.zaldionline.com\\\/en\\\/#website\",\"url\":\"https:\\\/\\\/www.zaldionline.com\\\/en\\\/\",\"name\":\"Zaldi Online\",\"description\":\"The best products for horses\",\"potentialAction\":[{\"@type\":\"SearchAction\",\"target\":{\"@type\":\"EntryPoint\",\"urlTemplate\":\"https:\\\/\\\/www.zaldionline.com\\\/en\\\/?s={search_term_string}\"},\"query-input\":{\"@type\":\"PropertyValueSpecification\",\"valueRequired\":true,\"valueName\":\"search_term_string\"}}],\"inLanguage\":\"en-GB\"}]}<\/script>\n<!-- \/ Yoast SEO plugin. -->","yoast_head_json":{"title":"GAMASCHEN CREOLE ATMUNGSAKTIV - Zaldi Online","description":"Preis inkl. MwSt.: 39,68\u20ac ATEMUNGSAKTIVE Gamasche in Rot. LEICHT und anatomisch, hergestellt aus Netzgewebe. Verstellbar mit Lederverschl\u00fcssen an drei Klettb\u00e4ndern und einem zus\u00e4tzlichen, um dem Pferd eine bessere Passform und Komfort zu bieten. Ungef\u00e4hres Gewicht des Paares: 300 Gramm 2er-Pack Gr\u00f6\u00dfen: S - M \u2013 L Farbe: Schwarz\/ Rot Der leichteste und atmungsaktivste Protektor auf dem Markt! Erh\u00e4ltlich \u00fcber Zaldionline.com Ref. 21077204","robots":{"index":"index","follow":"follow","max-snippet":"max-snippet:-1","max-image-preview":"max-image-preview:large","max-video-preview":"max-video-preview:-1"},"canonical":"https:\/\/www.zaldionline.com\/en\/product\/gamaschen-creole-atmungsaktiv\/","og_locale":"en_GB","og_type":"article","og_title":"GAMASCHEN CREOLE ATMUNGSAKTIV - Zaldi Online","og_description":"Preis inkl. MwSt.: 39,68\u20ac ATEMUNGSAKTIVE Gamasche in Rot. LEICHT und anatomisch, hergestellt aus Netzgewebe. Verstellbar mit Lederverschl\u00fcssen an drei Klettb\u00e4ndern und einem zus\u00e4tzlichen, um dem Pferd eine bessere Passform und Komfort zu bieten. Ungef\u00e4hres Gewicht des Paares: 300 Gramm 2er-Pack Gr\u00f6\u00dfen: S - M \u2013 L Farbe: Schwarz\/ Rot Der leichteste und atmungsaktivste Protektor auf dem Markt! Erh\u00e4ltlich \u00fcber Zaldionline.com Ref. 21077204","og_url":"https:\/\/www.zaldionline.com\/en\/product\/gamaschen-creole-atmungsaktiv\/","og_site_name":"Zaldi Online","article_modified_time":"2023-04-17T14:19:55+00:00","og_image":[{"width":509,"height":500,"url":"https:\/\/www.zaldionline.com\/en\/wp-content\/uploads\/sites\/3\/2020\/11\/Bild_2020-12-10_180400.png","type":"image\/png"}],"twitter_card":"summary_large_image","twitter_misc":{"Estimated reading time":"1 minute"},"schema":{"@context":"https:\/\/schema.org","@graph":[{"@type":"WebPage","@id":"https:\/\/www.zaldionline.com\/en\/product\/gamaschen-creole-atmungsaktiv\/","url":"https:\/\/www.zaldionline.com\/en\/product\/gamaschen-creole-atmungsaktiv\/","name":"GAMASCHEN CREOLE ATMUNGSAKTIV - Zaldi Online","isPartOf":{"@id":"https:\/\/www.zaldionline.com\/en\/#website"},"primaryImageOfPage":{"@id":"https:\/\/www.zaldionline.com\/en\/product\/gamaschen-creole-atmungsaktiv\/#primaryimage"},"image":{"@id":"https:\/\/www.zaldionline.com\/en\/product\/gamaschen-creole-atmungsaktiv\/#primaryimage"},"thumbnailUrl":"https:\/\/www.zaldionline.com\/en\/wp-content\/uploads\/sites\/3\/2020\/11\/Bild_2020-12-10_180400.png","datePublished":"2020-11-28T18:33:48+00:00","dateModified":"2023-04-17T14:19:55+00:00","description":"Preis inkl. MwSt.: 39,68\u20ac ATEMUNGSAKTIVE Gamasche in Rot. LEICHT und anatomisch, hergestellt aus Netzgewebe. Verstellbar mit Lederverschl\u00fcssen an drei Klettb\u00e4ndern und einem zus\u00e4tzlichen, um dem Pferd eine bessere Passform und Komfort zu bieten. Ungef\u00e4hres Gewicht des Paares: 300 Gramm 2er-Pack Gr\u00f6\u00dfen: S - M \u2013 L Farbe: Schwarz\/ Rot Der leichteste und atmungsaktivste Protektor auf dem Markt! Erh\u00e4ltlich \u00fcber Zaldionline.com Ref. 21077204","breadcrumb":{"@id":"https:\/\/www.zaldionline.com\/en\/product\/gamaschen-creole-atmungsaktiv\/#breadcrumb"},"inLanguage":"en-GB","potentialAction":[{"@type":"ReadAction","target":["https:\/\/www.zaldionline.com\/en\/product\/gamaschen-creole-atmungsaktiv\/"]}]},{"@type":"ImageObject","inLanguage":"en-GB","@id":"https:\/\/www.zaldionline.com\/en\/product\/gamaschen-creole-atmungsaktiv\/#primaryimage","url":"https:\/\/www.zaldionline.com\/en\/wp-content\/uploads\/sites\/3\/2020\/11\/Bild_2020-12-10_180400.png","contentUrl":"https:\/\/www.zaldionline.com\/en\/wp-content\/uploads\/sites\/3\/2020\/11\/Bild_2020-12-10_180400.png","width":509,"height":500},{"@type":"BreadcrumbList","@id":"https:\/\/www.zaldionline.com\/en\/product\/gamaschen-creole-atmungsaktiv\/#breadcrumb","itemListElement":[{"@type":"ListItem","position":1,"name":"Portada","item":"https:\/\/www.zaldionline.com\/en\/"},{"@type":"ListItem","position":2,"name":"Saddles &#038; Accessories","item":"https:\/\/www.zaldionline.com\/en\/saddles-and-accessories\/"},{"@type":"ListItem","position":3,"name":"GAMASCHEN CREOLE ATMUNGSAKTIV"}]},{"@type":"WebSite","@id":"https:\/\/www.zaldionline.com\/en\/#website","url":"https:\/\/www.zaldionline.com\/en\/","name":"Zaldi Online","description":"The best products for horses","potentialAction":[{"@type":"SearchAction","target":{"@type":"EntryPoint","urlTemplate":"https:\/\/www.zaldionline.com\/en\/?s={search_term_string}"},"query-input":{"@type":"PropertyValueSpecification","valueRequired":true,"valueName":"search_term_string"}}],"inLanguage":"en-GB"}]}},"_links":{"self":[{"href":"https:\/\/www.zaldionline.com\/en\/wp-json\/wp\/v2\/product\/17110","targetHints":{"allow":["GET"]}}],"collection":[{"href":"https:\/\/www.zaldionline.com\/en\/wp-json\/wp\/v2\/product"}],"about":[{"href":"https:\/\/www.zaldionline.com\/en\/wp-json\/wp\/v2\/types\/product"}],"replies":[{"embeddable":true,"href":"https:\/\/www.zaldionline.com\/en\/wp-json\/wp\/v2\/comments?post=17110"}],"version-history":[{"count":2,"href":"https:\/\/www.zaldionline.com\/en\/wp-json\/wp\/v2\/product\/17110\/revisions"}],"predecessor-version":[{"id":23300,"href":"https:\/\/www.zaldionline.com\/en\/wp-json\/wp\/v2\/product\/17110\/revisions\/23300"}],"wp:featuredmedia":[{"embeddable":true,"href":"https:\/\/www.zaldionline.com\/en\/wp-json\/wp\/v2\/media\/17506"}],"wp:attachment":[{"href":"https:\/\/www.zaldionline.com\/en\/wp-json\/wp\/v2\/media?parent=17110"}],"wp:term":[{"taxonomy":"product_brand","embeddable":true,"href":"https:\/\/www.zaldionline.com\/en\/wp-json\/wp\/v2\/product_brand?post=17110"},{"taxonomy":"product_cat","embeddable":true,"href":"https:\/\/www.zaldionline.com\/en\/wp-json\/wp\/v2\/product_cat?post=17110"},{"taxonomy":"product_tag","embeddable":true,"href":"https:\/\/www.zaldionline.com\/en\/wp-json\/wp\/v2\/product_tag?post=17110"}],"curies":[{"name":"wp","href":"https:\/\/api.w.org\/{rel}","templated":true}]}}