{"id":17172,"date":"2020-11-28T19:32:43","date_gmt":"2020-11-28T19:32:43","guid":{"rendered":"https:\/\/zaldionline.com\/?post_type=product&#038;p=17172"},"modified":"2023-04-17T13:27:20","modified_gmt":"2023-04-17T13:27:20","slug":"weitere-artikel-distanz-und-raid-saettel","status":"publish","type":"product","link":"https:\/\/www.zaldionline.com\/en\/product\/weitere-artikel-distanz-und-raid-saettel\/","title":{"rendered":"WEITERE ARTIKEL DISTANZ UND RAID S\u00c4TTEL"},"content":{"rendered":"<p><span style=\"font-size: 14pt;\">Unsere Firmenphilosophie ist das <em>Wohlbefinden des Pferdes<\/em>, weshalb wir grunds\u00e4tzlich f\u00fcr das Pferd und den Reiter ma\u00dfangefertigte S\u00e4ttel empfehlen.<\/span><\/p>\n<p><span style=\"font-size: 14pt;\">Alle nach Ma\u00df herstellbaren S\u00e4ttel sind einzeln in unserer Web aufgef\u00fchrt.<\/span><\/p>\n<p><span style=\"font-size: 14pt;\">Falls Sie aus verschiedenen Gr\u00fcnden einen nicht nach Ma\u00df angefertigten Sattel erwerben m\u00f6chten (die meisten sind jedoch nach der Sitzgr\u00f6\u00dfe w\u00e4hlbar), klicken Sie bitte <a href=\"https:\/\/tienda.zaldi.com\/en\/82-raid-endurance\">HIER<\/a>&nbsp; f\u00fcr die zus\u00e4tzliche Auswahl der unserer Web genannten Artikel und kontaktieren Sie uns mit Ihren W\u00fcnschen per E-Mail: info@zaldionline.com<\/span><\/p>\n<p><span style=\"font-size: 14pt;\">Diese S\u00e4ttel sind vom Umtausch oder der R\u00fcckgabe, au\u00dfer im Falle einer Produktgarantie, ausgeschlossen.<\/span><\/p>\n","protected":false},"excerpt":{"rendered":"<p>Unsere Firmenphilosophie ist das Wohlbefinden des Pferdes, weshalb wir grunds\u00e4tzlich f\u00fcr das Pferd und den Reiter ma\u00dfangefertigte S\u00e4ttel empfehlen. Alle nach Ma\u00df herstellbaren S\u00e4ttel sind einzeln in unserer Web aufgef\u00fchrt. Falls Sie aus verschiedenen Gr\u00fcnden einen nicht nach Ma\u00df angefertigten Sattel erwerben m\u00f6chten (die meisten sind jedoch nach der Sitzgr\u00f6\u00dfe w\u00e4hlbar), klicken Sie bitte HIER&nbsp; [&hellip;]<\/p>\n","protected":false},"featured_media":17038,"comment_status":"open","ping_status":"closed","template":"","meta":{"site-sidebar-layout":"default","site-content-layout":"default","ast-site-content-layout":"default","site-content-style":"default","site-sidebar-style":"default","ast-global-header-display":"","ast-banner-title-visibility":"","ast-main-header-display":"","ast-hfb-above-header-display":"","ast-hfb-below-header-display":"","ast-hfb-mobile-header-display":"","site-post-title":"","ast-breadcrumbs-content":"","ast-featured-img":"","footer-sml-layout":"","ast-disable-related-posts":"","theme-transparent-header-meta":"default","adv-header-id-meta":"","stick-header-meta":"","header-above-stick-meta":"","header-main-stick-meta":"","header-below-stick-meta":"","astra-migrate-meta-layouts":"default","ast-page-background-enabled":"default","ast-page-background-meta":{"desktop":{"background-color":"var(--ast-global-color-4)","background-image":"","background-repeat":"repeat","background-position":"center center","background-size":"auto","background-attachment":"scroll","background-type":"","background-media":"","overlay-type":"","overlay-color":"","overlay-opacity":"","overlay-gradient":""},"tablet":{"background-color":"","background-image":"","background-repeat":"repeat","background-position":"center center","background-size":"auto","background-attachment":"scroll","background-type":"","background-media":"","overlay-type":"","overlay-color":"","overlay-opacity":"","overlay-gradient":""},"mobile":{"background-color":"","background-image":"","background-repeat":"repeat","background-position":"center center","background-size":"auto","background-attachment":"scroll","background-type":"","background-media":"","overlay-type":"","overlay-color":"","overlay-opacity":"","overlay-gradient":""}},"ast-content-background-meta":{"desktop":{"background-color":"var(--ast-global-color-5)","background-image":"","background-repeat":"repeat","background-position":"center center","background-size":"auto","background-attachment":"scroll","background-type":"","background-media":"","overlay-type":"","overlay-color":"","overlay-opacity":"","overlay-gradient":""},"tablet":{"background-color":"var(--ast-global-color-5)","background-image":"","background-repeat":"repeat","background-position":"center center","background-size":"auto","background-attachment":"scroll","background-type":"","background-media":"","overlay-type":"","overlay-color":"","overlay-opacity":"","overlay-gradient":""},"mobile":{"background-color":"var(--ast-global-color-5)","background-image":"","background-repeat":"repeat","background-position":"center center","background-size":"auto","background-attachment":"scroll","background-type":"","background-media":"","overlay-type":"","overlay-color":"","overlay-opacity":"","overlay-gradient":""}},"ngg_post_thumbnail":0},"product_brand":[],"product_cat":[29,17,15],"product_tag":[341,758,759,340,337,338,339],"class_list":{"0":"post-17172","1":"product","2":"type-product","3":"status-publish","4":"has-post-thumbnail","6":"product_cat-raid-endurance","7":"product_cat-saddle","8":"product_cat-nicht-kategoriert","9":"product_tag-bienestarcaballo","10":"product_tag-distanzsattel","11":"product_tag-raidsattel","12":"product_tag-susanne-nagel","13":"product_tag-zaldi","14":"product_tag-zaldi-deutschland","15":"product_tag-zaldi-online-com","16":"desktop-align-left","17":"tablet-align-left","18":"mobile-align-left","20":"first","21":"instock","22":"taxable","23":"shipping-taxable","24":"product-type-simple"},"yoast_head":"<!-- This site is optimized with the Yoast SEO plugin v27.3 - https:\/\/yoast.com\/product\/yoast-seo-wordpress\/ -->\n<title>WEITERE ARTIKEL DISTANZ UND RAID S\u00c4TTEL - Zaldi Online<\/title>\n<meta name=\"description\" content=\"Unsere Firmenphilosophie ist das Wohlbefinden des Pferdes, weshalb wir grunds\u00e4tzlich f\u00fcr das Pferd und den Reiter ma\u00dfangefertigte S\u00e4ttel empfehlen. Alle nach Ma\u00df herstellbaren S\u00e4ttel sind einzeln in unserem Webshop aufgef\u00fchrt. F\u00fcr weitere Informationen, Fragen oder W\u00fcnsche kontaktieren Sie uns per E-Mail: info@zaldionline.com oder unter Zaldionline.com.\" \/>\n<meta name=\"robots\" content=\"index, follow, max-snippet:-1, max-image-preview:large, max-video-preview:-1\" \/>\n<link rel=\"canonical\" href=\"https:\/\/www.zaldionline.com\/en\/product\/weitere-artikel-distanz-und-raid-saettel\/\" \/>\n<meta property=\"og:locale\" content=\"en_GB\" \/>\n<meta property=\"og:type\" content=\"article\" \/>\n<meta property=\"og:title\" content=\"WEITERE ARTIKEL DISTANZ UND RAID S\u00c4TTEL - Zaldi Online\" \/>\n<meta property=\"og:description\" content=\"Unsere Firmenphilosophie ist das Wohlbefinden des Pferdes, weshalb wir grunds\u00e4tzlich f\u00fcr das Pferd und den Reiter ma\u00dfangefertigte S\u00e4ttel empfehlen. Alle nach Ma\u00df herstellbaren S\u00e4ttel sind einzeln in unserem Webshop aufgef\u00fchrt. F\u00fcr weitere Informationen, Fragen oder W\u00fcnsche kontaktieren Sie uns per E-Mail: info@zaldionline.com oder unter Zaldionline.com.\" \/>\n<meta property=\"og:url\" content=\"https:\/\/www.zaldionline.com\/en\/product\/weitere-artikel-distanz-und-raid-saettel\/\" \/>\n<meta property=\"og:site_name\" content=\"Zaldi Online\" \/>\n<meta property=\"article:modified_time\" content=\"2023-04-17T13:27:20+00:00\" \/>\n<meta property=\"og:image\" content=\"https:\/\/www.zaldionline.com\/en\/wp-content\/uploads\/sites\/3\/2020\/11\/WEITERE-ARTIKEL.jpg\" \/>\n\t<meta property=\"og:image:width\" content=\"916\" \/>\n\t<meta property=\"og:image:height\" content=\"751\" \/>\n\t<meta property=\"og:image:type\" content=\"image\/jpeg\" \/>\n<meta name=\"twitter:card\" content=\"summary_large_image\" \/>\n<meta name=\"twitter:label1\" content=\"Estimated reading time\" \/>\n\t<meta name=\"twitter:data1\" content=\"1 minute\" \/>\n<script type=\"application\/ld+json\" class=\"yoast-schema-graph\">{\"@context\":\"https:\\\/\\\/schema.org\",\"@graph\":[{\"@type\":\"WebPage\",\"@id\":\"https:\\\/\\\/www.zaldionline.com\\\/en\\\/product\\\/weitere-artikel-distanz-und-raid-saettel\\\/\",\"url\":\"https:\\\/\\\/www.zaldionline.com\\\/en\\\/product\\\/weitere-artikel-distanz-und-raid-saettel\\\/\",\"name\":\"WEITERE ARTIKEL DISTANZ UND RAID S\u00c4TTEL - Zaldi Online\",\"isPartOf\":{\"@id\":\"https:\\\/\\\/www.zaldionline.com\\\/en\\\/#website\"},\"primaryImageOfPage\":{\"@id\":\"https:\\\/\\\/www.zaldionline.com\\\/en\\\/product\\\/weitere-artikel-distanz-und-raid-saettel\\\/#primaryimage\"},\"image\":{\"@id\":\"https:\\\/\\\/www.zaldionline.com\\\/en\\\/product\\\/weitere-artikel-distanz-und-raid-saettel\\\/#primaryimage\"},\"thumbnailUrl\":\"https:\\\/\\\/www.zaldionline.com\\\/en\\\/wp-content\\\/uploads\\\/sites\\\/3\\\/2020\\\/11\\\/WEITERE-ARTIKEL.jpg\",\"datePublished\":\"2020-11-28T19:32:43+00:00\",\"dateModified\":\"2023-04-17T13:27:20+00:00\",\"description\":\"Unsere Firmenphilosophie ist das Wohlbefinden des Pferdes, weshalb wir grunds\u00e4tzlich f\u00fcr das Pferd und den Reiter ma\u00dfangefertigte S\u00e4ttel empfehlen. Alle nach Ma\u00df herstellbaren S\u00e4ttel sind einzeln in unserem Webshop aufgef\u00fchrt. F\u00fcr weitere Informationen, Fragen oder W\u00fcnsche kontaktieren Sie uns per E-Mail: info@zaldionline.com oder unter Zaldionline.com.\",\"breadcrumb\":{\"@id\":\"https:\\\/\\\/www.zaldionline.com\\\/en\\\/product\\\/weitere-artikel-distanz-und-raid-saettel\\\/#breadcrumb\"},\"inLanguage\":\"en-GB\",\"potentialAction\":[{\"@type\":\"ReadAction\",\"target\":[\"https:\\\/\\\/www.zaldionline.com\\\/en\\\/product\\\/weitere-artikel-distanz-und-raid-saettel\\\/\"]}]},{\"@type\":\"ImageObject\",\"inLanguage\":\"en-GB\",\"@id\":\"https:\\\/\\\/www.zaldionline.com\\\/en\\\/product\\\/weitere-artikel-distanz-und-raid-saettel\\\/#primaryimage\",\"url\":\"https:\\\/\\\/www.zaldionline.com\\\/en\\\/wp-content\\\/uploads\\\/sites\\\/3\\\/2020\\\/11\\\/WEITERE-ARTIKEL.jpg\",\"contentUrl\":\"https:\\\/\\\/www.zaldionline.com\\\/en\\\/wp-content\\\/uploads\\\/sites\\\/3\\\/2020\\\/11\\\/WEITERE-ARTIKEL.jpg\",\"width\":916,\"height\":751},{\"@type\":\"BreadcrumbList\",\"@id\":\"https:\\\/\\\/www.zaldionline.com\\\/en\\\/product\\\/weitere-artikel-distanz-und-raid-saettel\\\/#breadcrumb\",\"itemListElement\":[{\"@type\":\"ListItem\",\"position\":1,\"name\":\"Portada\",\"item\":\"https:\\\/\\\/www.zaldionline.com\\\/en\\\/\"},{\"@type\":\"ListItem\",\"position\":2,\"name\":\"Saddles &#038; Accessories\",\"item\":\"https:\\\/\\\/www.zaldionline.com\\\/en\\\/saddles-and-accessories\\\/\"},{\"@type\":\"ListItem\",\"position\":3,\"name\":\"WEITERE ARTIKEL DISTANZ UND RAID S\u00c4TTEL\"}]},{\"@type\":\"WebSite\",\"@id\":\"https:\\\/\\\/www.zaldionline.com\\\/en\\\/#website\",\"url\":\"https:\\\/\\\/www.zaldionline.com\\\/en\\\/\",\"name\":\"Zaldi Online\",\"description\":\"The best products for horses\",\"potentialAction\":[{\"@type\":\"SearchAction\",\"target\":{\"@type\":\"EntryPoint\",\"urlTemplate\":\"https:\\\/\\\/www.zaldionline.com\\\/en\\\/?s={search_term_string}\"},\"query-input\":{\"@type\":\"PropertyValueSpecification\",\"valueRequired\":true,\"valueName\":\"search_term_string\"}}],\"inLanguage\":\"en-GB\"}]}<\/script>\n<!-- \/ Yoast SEO plugin. -->","yoast_head_json":{"title":"WEITERE ARTIKEL DISTANZ UND RAID S\u00c4TTEL - Zaldi Online","description":"Unsere Firmenphilosophie ist das Wohlbefinden des Pferdes, weshalb wir grunds\u00e4tzlich f\u00fcr das Pferd und den Reiter ma\u00dfangefertigte S\u00e4ttel empfehlen. Alle nach Ma\u00df herstellbaren S\u00e4ttel sind einzeln in unserem Webshop aufgef\u00fchrt. F\u00fcr weitere Informationen, Fragen oder W\u00fcnsche kontaktieren Sie uns per E-Mail: info@zaldionline.com oder unter Zaldionline.com.","robots":{"index":"index","follow":"follow","max-snippet":"max-snippet:-1","max-image-preview":"max-image-preview:large","max-video-preview":"max-video-preview:-1"},"canonical":"https:\/\/www.zaldionline.com\/en\/product\/weitere-artikel-distanz-und-raid-saettel\/","og_locale":"en_GB","og_type":"article","og_title":"WEITERE ARTIKEL DISTANZ UND RAID S\u00c4TTEL - Zaldi Online","og_description":"Unsere Firmenphilosophie ist das Wohlbefinden des Pferdes, weshalb wir grunds\u00e4tzlich f\u00fcr das Pferd und den Reiter ma\u00dfangefertigte S\u00e4ttel empfehlen. Alle nach Ma\u00df herstellbaren S\u00e4ttel sind einzeln in unserem Webshop aufgef\u00fchrt. F\u00fcr weitere Informationen, Fragen oder W\u00fcnsche kontaktieren Sie uns per E-Mail: info@zaldionline.com oder unter Zaldionline.com.","og_url":"https:\/\/www.zaldionline.com\/en\/product\/weitere-artikel-distanz-und-raid-saettel\/","og_site_name":"Zaldi Online","article_modified_time":"2023-04-17T13:27:20+00:00","og_image":[{"width":916,"height":751,"url":"https:\/\/www.zaldionline.com\/en\/wp-content\/uploads\/sites\/3\/2020\/11\/WEITERE-ARTIKEL.jpg","type":"image\/jpeg"}],"twitter_card":"summary_large_image","twitter_misc":{"Estimated reading time":"1 minute"},"schema":{"@context":"https:\/\/schema.org","@graph":[{"@type":"WebPage","@id":"https:\/\/www.zaldionline.com\/en\/product\/weitere-artikel-distanz-und-raid-saettel\/","url":"https:\/\/www.zaldionline.com\/en\/product\/weitere-artikel-distanz-und-raid-saettel\/","name":"WEITERE ARTIKEL DISTANZ UND RAID S\u00c4TTEL - Zaldi Online","isPartOf":{"@id":"https:\/\/www.zaldionline.com\/en\/#website"},"primaryImageOfPage":{"@id":"https:\/\/www.zaldionline.com\/en\/product\/weitere-artikel-distanz-und-raid-saettel\/#primaryimage"},"image":{"@id":"https:\/\/www.zaldionline.com\/en\/product\/weitere-artikel-distanz-und-raid-saettel\/#primaryimage"},"thumbnailUrl":"https:\/\/www.zaldionline.com\/en\/wp-content\/uploads\/sites\/3\/2020\/11\/WEITERE-ARTIKEL.jpg","datePublished":"2020-11-28T19:32:43+00:00","dateModified":"2023-04-17T13:27:20+00:00","description":"Unsere Firmenphilosophie ist das Wohlbefinden des Pferdes, weshalb wir grunds\u00e4tzlich f\u00fcr das Pferd und den Reiter ma\u00dfangefertigte S\u00e4ttel empfehlen. Alle nach Ma\u00df herstellbaren S\u00e4ttel sind einzeln in unserem Webshop aufgef\u00fchrt. F\u00fcr weitere Informationen, Fragen oder W\u00fcnsche kontaktieren Sie uns per E-Mail: info@zaldionline.com oder unter Zaldionline.com.","breadcrumb":{"@id":"https:\/\/www.zaldionline.com\/en\/product\/weitere-artikel-distanz-und-raid-saettel\/#breadcrumb"},"inLanguage":"en-GB","potentialAction":[{"@type":"ReadAction","target":["https:\/\/www.zaldionline.com\/en\/product\/weitere-artikel-distanz-und-raid-saettel\/"]}]},{"@type":"ImageObject","inLanguage":"en-GB","@id":"https:\/\/www.zaldionline.com\/en\/product\/weitere-artikel-distanz-und-raid-saettel\/#primaryimage","url":"https:\/\/www.zaldionline.com\/en\/wp-content\/uploads\/sites\/3\/2020\/11\/WEITERE-ARTIKEL.jpg","contentUrl":"https:\/\/www.zaldionline.com\/en\/wp-content\/uploads\/sites\/3\/2020\/11\/WEITERE-ARTIKEL.jpg","width":916,"height":751},{"@type":"BreadcrumbList","@id":"https:\/\/www.zaldionline.com\/en\/product\/weitere-artikel-distanz-und-raid-saettel\/#breadcrumb","itemListElement":[{"@type":"ListItem","position":1,"name":"Portada","item":"https:\/\/www.zaldionline.com\/en\/"},{"@type":"ListItem","position":2,"name":"Saddles &#038; Accessories","item":"https:\/\/www.zaldionline.com\/en\/saddles-and-accessories\/"},{"@type":"ListItem","position":3,"name":"WEITERE ARTIKEL DISTANZ UND RAID S\u00c4TTEL"}]},{"@type":"WebSite","@id":"https:\/\/www.zaldionline.com\/en\/#website","url":"https:\/\/www.zaldionline.com\/en\/","name":"Zaldi Online","description":"The best products for horses","potentialAction":[{"@type":"SearchAction","target":{"@type":"EntryPoint","urlTemplate":"https:\/\/www.zaldionline.com\/en\/?s={search_term_string}"},"query-input":{"@type":"PropertyValueSpecification","valueRequired":true,"valueName":"search_term_string"}}],"inLanguage":"en-GB"}]}},"_links":{"self":[{"href":"https:\/\/www.zaldionline.com\/en\/wp-json\/wp\/v2\/product\/17172","targetHints":{"allow":["GET"]}}],"collection":[{"href":"https:\/\/www.zaldionline.com\/en\/wp-json\/wp\/v2\/product"}],"about":[{"href":"https:\/\/www.zaldionline.com\/en\/wp-json\/wp\/v2\/types\/product"}],"replies":[{"embeddable":true,"href":"https:\/\/www.zaldionline.com\/en\/wp-json\/wp\/v2\/comments?post=17172"}],"version-history":[{"count":1,"href":"https:\/\/www.zaldionline.com\/en\/wp-json\/wp\/v2\/product\/17172\/revisions"}],"predecessor-version":[{"id":23281,"href":"https:\/\/www.zaldionline.com\/en\/wp-json\/wp\/v2\/product\/17172\/revisions\/23281"}],"wp:featuredmedia":[{"embeddable":true,"href":"https:\/\/www.zaldionline.com\/en\/wp-json\/wp\/v2\/media\/17038"}],"wp:attachment":[{"href":"https:\/\/www.zaldionline.com\/en\/wp-json\/wp\/v2\/media?parent=17172"}],"wp:term":[{"taxonomy":"product_brand","embeddable":true,"href":"https:\/\/www.zaldionline.com\/en\/wp-json\/wp\/v2\/product_brand?post=17172"},{"taxonomy":"product_cat","embeddable":true,"href":"https:\/\/www.zaldionline.com\/en\/wp-json\/wp\/v2\/product_cat?post=17172"},{"taxonomy":"product_tag","embeddable":true,"href":"https:\/\/www.zaldionline.com\/en\/wp-json\/wp\/v2\/product_tag?post=17172"}],"curies":[{"name":"wp","href":"https:\/\/api.w.org\/{rel}","templated":true}]}}