{"id":17200,"date":"2020-11-28T21:37:48","date_gmt":"2020-11-28T21:37:48","guid":{"rendered":"https:\/\/zaldionline.com\/?post_type=product&#038;p=17200"},"modified":"2023-04-12T13:54:53","modified_gmt":"2023-04-12T13:54:53","slug":"weitere-produkte-stallhalfter","status":"publish","type":"product","link":"https:\/\/www.zaldionline.com\/en\/product\/weitere-produkte-stallhalfter\/","title":{"rendered":"WEITERE PRODUKTE STALLHALFTER"},"content":{"rendered":"<p><span style=\"font-size: 14pt;\">Aufgrund der Nachfrage erweitern wir st\u00e4ndig unser Angebot in unserem Webshop. Wenn Sie hier nicht gefunden haben, wonach Sie suchen, klicken Sie bitte <a href=\"https:\/\/tienda.zaldi.com\/en\/93-bridleshalters-and-accessories\">HIER<\/a> f\u00fcr mehr Auswahl und kontaktieren Sie uns mit Ihren W\u00fcnschen per E-Mail: info@zaldionline.com<\/span><\/p>\n","protected":false},"excerpt":{"rendered":"<p>Aufgrund der Nachfrage erweitern wir st\u00e4ndig unser Angebot in unserem Webshop. Wenn Sie hier nicht gefunden haben, wonach Sie suchen, klicken Sie bitte HIER f\u00fcr mehr Auswahl und kontaktieren Sie uns mit Ihren W\u00fcnschen per E-Mail: info@zaldionline.com<\/p>\n","protected":false},"featured_media":17038,"comment_status":"open","ping_status":"closed","template":"","meta":{"site-sidebar-layout":"default","site-content-layout":"default","ast-site-content-layout":"default","site-content-style":"default","site-sidebar-style":"default","ast-global-header-display":"","ast-banner-title-visibility":"","ast-main-header-display":"","ast-hfb-above-header-display":"","ast-hfb-below-header-display":"","ast-hfb-mobile-header-display":"","site-post-title":"","ast-breadcrumbs-content":"","ast-featured-img":"","footer-sml-layout":"","ast-disable-related-posts":"","theme-transparent-header-meta":"default","adv-header-id-meta":"","stick-header-meta":"","header-above-stick-meta":"","header-main-stick-meta":"","header-below-stick-meta":"","astra-migrate-meta-layouts":"default","ast-page-background-enabled":"default","ast-page-background-meta":{"desktop":{"background-color":"var(--ast-global-color-4)","background-image":"","background-repeat":"repeat","background-position":"center center","background-size":"auto","background-attachment":"scroll","background-type":"","background-media":"","overlay-type":"","overlay-color":"","overlay-opacity":"","overlay-gradient":""},"tablet":{"background-color":"","background-image":"","background-repeat":"repeat","background-position":"center center","background-size":"auto","background-attachment":"scroll","background-type":"","background-media":"","overlay-type":"","overlay-color":"","overlay-opacity":"","overlay-gradient":""},"mobile":{"background-color":"","background-image":"","background-repeat":"repeat","background-position":"center center","background-size":"auto","background-attachment":"scroll","background-type":"","background-media":"","overlay-type":"","overlay-color":"","overlay-opacity":"","overlay-gradient":""}},"ast-content-background-meta":{"desktop":{"background-color":"var(--ast-global-color-5)","background-image":"","background-repeat":"repeat","background-position":"center center","background-size":"auto","background-attachment":"scroll","background-type":"","background-media":"","overlay-type":"","overlay-color":"","overlay-opacity":"","overlay-gradient":""},"tablet":{"background-color":"var(--ast-global-color-5)","background-image":"","background-repeat":"repeat","background-position":"center center","background-size":"auto","background-attachment":"scroll","background-type":"","background-media":"","overlay-type":"","overlay-color":"","overlay-opacity":"","overlay-gradient":""},"mobile":{"background-color":"var(--ast-global-color-5)","background-image":"","background-repeat":"repeat","background-position":"center center","background-size":"auto","background-attachment":"scroll","background-type":"","background-media":"","overlay-type":"","overlay-color":"","overlay-opacity":"","overlay-gradient":""}},"ngg_post_thumbnail":0},"product_brand":[],"product_cat":[302],"product_tag":[553,343,554,340,337,338,339],"class_list":{"0":"post-17200","1":"product","2":"type-product","3":"status-publish","4":"has-post-thumbnail","6":"product_cat-stallhalfter","7":"product_tag-halfter","8":"product_tag-sattel-guenstig","9":"product_tag-stallhalfter","10":"product_tag-susanne-nagel","11":"product_tag-zaldi","12":"product_tag-zaldi-deutschland","13":"product_tag-zaldi-online-com","14":"desktop-align-left","15":"tablet-align-left","16":"mobile-align-left","18":"first","19":"instock","20":"taxable","21":"shipping-taxable","22":"product-type-simple"},"yoast_head":"<!-- This site is optimized with the Yoast SEO plugin v27.4 - https:\/\/yoast.com\/product\/yoast-seo-wordpress\/ -->\n<title>WEITERE PRODUKTE STALLHALFTER - Zaldi Online<\/title>\n<meta name=\"description\" content=\"Aufgrund der Nachfrage erweitern wir st\u00e4ndig unser Angebot in unserem Webshop. Wenn Sie hier nicht gefunden haben, wonach Sie suchen, kontaktieren Sie uns mit Ihren W\u00fcnschen per E-Mail: info@zaldionline.com\" \/>\n<meta name=\"robots\" content=\"index, follow, max-snippet:-1, max-image-preview:large, max-video-preview:-1\" \/>\n<link rel=\"canonical\" href=\"https:\/\/www.zaldionline.com\/en\/product\/weitere-produkte-stallhalfter\/\" \/>\n<meta property=\"og:locale\" content=\"en_GB\" \/>\n<meta property=\"og:type\" content=\"article\" \/>\n<meta property=\"og:title\" content=\"WEITERE PRODUKTE STALLHALFTER - Zaldi Online\" \/>\n<meta property=\"og:description\" content=\"Aufgrund der Nachfrage erweitern wir st\u00e4ndig unser Angebot in unserem Webshop. Wenn Sie hier nicht gefunden haben, wonach Sie suchen, kontaktieren Sie uns mit Ihren W\u00fcnschen per E-Mail: info@zaldionline.com\" \/>\n<meta property=\"og:url\" content=\"https:\/\/www.zaldionline.com\/en\/product\/weitere-produkte-stallhalfter\/\" \/>\n<meta property=\"og:site_name\" content=\"Zaldi Online\" \/>\n<meta property=\"article:modified_time\" content=\"2023-04-12T13:54:53+00:00\" \/>\n<meta property=\"og:image\" content=\"https:\/\/www.zaldionline.com\/en\/wp-content\/uploads\/sites\/3\/2020\/11\/WEITERE-ARTIKEL.jpg\" \/>\n\t<meta property=\"og:image:width\" content=\"916\" \/>\n\t<meta property=\"og:image:height\" content=\"751\" \/>\n\t<meta property=\"og:image:type\" content=\"image\/jpeg\" \/>\n<meta name=\"twitter:card\" content=\"summary_large_image\" \/>\n<meta name=\"twitter:label1\" content=\"Estimated reading time\" \/>\n\t<meta name=\"twitter:data1\" content=\"1 minute\" \/>\n<script type=\"application\/ld+json\" class=\"yoast-schema-graph\">{\"@context\":\"https:\\\/\\\/schema.org\",\"@graph\":[{\"@type\":\"WebPage\",\"@id\":\"https:\\\/\\\/www.zaldionline.com\\\/en\\\/product\\\/weitere-produkte-stallhalfter\\\/\",\"url\":\"https:\\\/\\\/www.zaldionline.com\\\/en\\\/product\\\/weitere-produkte-stallhalfter\\\/\",\"name\":\"WEITERE PRODUKTE STALLHALFTER - Zaldi Online\",\"isPartOf\":{\"@id\":\"https:\\\/\\\/www.zaldionline.com\\\/en\\\/#website\"},\"primaryImageOfPage\":{\"@id\":\"https:\\\/\\\/www.zaldionline.com\\\/en\\\/product\\\/weitere-produkte-stallhalfter\\\/#primaryimage\"},\"image\":{\"@id\":\"https:\\\/\\\/www.zaldionline.com\\\/en\\\/product\\\/weitere-produkte-stallhalfter\\\/#primaryimage\"},\"thumbnailUrl\":\"https:\\\/\\\/www.zaldionline.com\\\/en\\\/wp-content\\\/uploads\\\/sites\\\/3\\\/2020\\\/11\\\/WEITERE-ARTIKEL.jpg\",\"datePublished\":\"2020-11-28T21:37:48+00:00\",\"dateModified\":\"2023-04-12T13:54:53+00:00\",\"description\":\"Aufgrund der Nachfrage erweitern wir st\u00e4ndig unser Angebot in unserem Webshop. Wenn Sie hier nicht gefunden haben, wonach Sie suchen, kontaktieren Sie uns mit Ihren W\u00fcnschen per E-Mail: info@zaldionline.com\",\"breadcrumb\":{\"@id\":\"https:\\\/\\\/www.zaldionline.com\\\/en\\\/product\\\/weitere-produkte-stallhalfter\\\/#breadcrumb\"},\"inLanguage\":\"en-GB\",\"potentialAction\":[{\"@type\":\"ReadAction\",\"target\":[\"https:\\\/\\\/www.zaldionline.com\\\/en\\\/product\\\/weitere-produkte-stallhalfter\\\/\"]}]},{\"@type\":\"ImageObject\",\"inLanguage\":\"en-GB\",\"@id\":\"https:\\\/\\\/www.zaldionline.com\\\/en\\\/product\\\/weitere-produkte-stallhalfter\\\/#primaryimage\",\"url\":\"https:\\\/\\\/www.zaldionline.com\\\/en\\\/wp-content\\\/uploads\\\/sites\\\/3\\\/2020\\\/11\\\/WEITERE-ARTIKEL.jpg\",\"contentUrl\":\"https:\\\/\\\/www.zaldionline.com\\\/en\\\/wp-content\\\/uploads\\\/sites\\\/3\\\/2020\\\/11\\\/WEITERE-ARTIKEL.jpg\",\"width\":916,\"height\":751},{\"@type\":\"BreadcrumbList\",\"@id\":\"https:\\\/\\\/www.zaldionline.com\\\/en\\\/product\\\/weitere-produkte-stallhalfter\\\/#breadcrumb\",\"itemListElement\":[{\"@type\":\"ListItem\",\"position\":1,\"name\":\"Portada\",\"item\":\"https:\\\/\\\/www.zaldionline.com\\\/en\\\/\"},{\"@type\":\"ListItem\",\"position\":2,\"name\":\"Saddles &#038; Accessories\",\"item\":\"https:\\\/\\\/www.zaldionline.com\\\/en\\\/saddles-and-accessories\\\/\"},{\"@type\":\"ListItem\",\"position\":3,\"name\":\"WEITERE PRODUKTE STALLHALFTER\"}]},{\"@type\":\"WebSite\",\"@id\":\"https:\\\/\\\/www.zaldionline.com\\\/en\\\/#website\",\"url\":\"https:\\\/\\\/www.zaldionline.com\\\/en\\\/\",\"name\":\"Zaldi Online\",\"description\":\"The best products for horses\",\"potentialAction\":[{\"@type\":\"SearchAction\",\"target\":{\"@type\":\"EntryPoint\",\"urlTemplate\":\"https:\\\/\\\/www.zaldionline.com\\\/en\\\/?s={search_term_string}\"},\"query-input\":{\"@type\":\"PropertyValueSpecification\",\"valueRequired\":true,\"valueName\":\"search_term_string\"}}],\"inLanguage\":\"en-GB\"}]}<\/script>\n<!-- \/ Yoast SEO plugin. -->","yoast_head_json":{"title":"WEITERE PRODUKTE STALLHALFTER - Zaldi Online","description":"Aufgrund der Nachfrage erweitern wir st\u00e4ndig unser Angebot in unserem Webshop. Wenn Sie hier nicht gefunden haben, wonach Sie suchen, kontaktieren Sie uns mit Ihren W\u00fcnschen per E-Mail: info@zaldionline.com","robots":{"index":"index","follow":"follow","max-snippet":"max-snippet:-1","max-image-preview":"max-image-preview:large","max-video-preview":"max-video-preview:-1"},"canonical":"https:\/\/www.zaldionline.com\/en\/product\/weitere-produkte-stallhalfter\/","og_locale":"en_GB","og_type":"article","og_title":"WEITERE PRODUKTE STALLHALFTER - Zaldi Online","og_description":"Aufgrund der Nachfrage erweitern wir st\u00e4ndig unser Angebot in unserem Webshop. Wenn Sie hier nicht gefunden haben, wonach Sie suchen, kontaktieren Sie uns mit Ihren W\u00fcnschen per E-Mail: info@zaldionline.com","og_url":"https:\/\/www.zaldionline.com\/en\/product\/weitere-produkte-stallhalfter\/","og_site_name":"Zaldi Online","article_modified_time":"2023-04-12T13:54:53+00:00","og_image":[{"width":916,"height":751,"url":"https:\/\/www.zaldionline.com\/en\/wp-content\/uploads\/sites\/3\/2020\/11\/WEITERE-ARTIKEL.jpg","type":"image\/jpeg"}],"twitter_card":"summary_large_image","twitter_misc":{"Estimated reading time":"1 minute"},"schema":{"@context":"https:\/\/schema.org","@graph":[{"@type":"WebPage","@id":"https:\/\/www.zaldionline.com\/en\/product\/weitere-produkte-stallhalfter\/","url":"https:\/\/www.zaldionline.com\/en\/product\/weitere-produkte-stallhalfter\/","name":"WEITERE PRODUKTE STALLHALFTER - Zaldi Online","isPartOf":{"@id":"https:\/\/www.zaldionline.com\/en\/#website"},"primaryImageOfPage":{"@id":"https:\/\/www.zaldionline.com\/en\/product\/weitere-produkte-stallhalfter\/#primaryimage"},"image":{"@id":"https:\/\/www.zaldionline.com\/en\/product\/weitere-produkte-stallhalfter\/#primaryimage"},"thumbnailUrl":"https:\/\/www.zaldionline.com\/en\/wp-content\/uploads\/sites\/3\/2020\/11\/WEITERE-ARTIKEL.jpg","datePublished":"2020-11-28T21:37:48+00:00","dateModified":"2023-04-12T13:54:53+00:00","description":"Aufgrund der Nachfrage erweitern wir st\u00e4ndig unser Angebot in unserem Webshop. Wenn Sie hier nicht gefunden haben, wonach Sie suchen, kontaktieren Sie uns mit Ihren W\u00fcnschen per E-Mail: info@zaldionline.com","breadcrumb":{"@id":"https:\/\/www.zaldionline.com\/en\/product\/weitere-produkte-stallhalfter\/#breadcrumb"},"inLanguage":"en-GB","potentialAction":[{"@type":"ReadAction","target":["https:\/\/www.zaldionline.com\/en\/product\/weitere-produkte-stallhalfter\/"]}]},{"@type":"ImageObject","inLanguage":"en-GB","@id":"https:\/\/www.zaldionline.com\/en\/product\/weitere-produkte-stallhalfter\/#primaryimage","url":"https:\/\/www.zaldionline.com\/en\/wp-content\/uploads\/sites\/3\/2020\/11\/WEITERE-ARTIKEL.jpg","contentUrl":"https:\/\/www.zaldionline.com\/en\/wp-content\/uploads\/sites\/3\/2020\/11\/WEITERE-ARTIKEL.jpg","width":916,"height":751},{"@type":"BreadcrumbList","@id":"https:\/\/www.zaldionline.com\/en\/product\/weitere-produkte-stallhalfter\/#breadcrumb","itemListElement":[{"@type":"ListItem","position":1,"name":"Portada","item":"https:\/\/www.zaldionline.com\/en\/"},{"@type":"ListItem","position":2,"name":"Saddles &#038; Accessories","item":"https:\/\/www.zaldionline.com\/en\/saddles-and-accessories\/"},{"@type":"ListItem","position":3,"name":"WEITERE PRODUKTE STALLHALFTER"}]},{"@type":"WebSite","@id":"https:\/\/www.zaldionline.com\/en\/#website","url":"https:\/\/www.zaldionline.com\/en\/","name":"Zaldi Online","description":"The best products for horses","potentialAction":[{"@type":"SearchAction","target":{"@type":"EntryPoint","urlTemplate":"https:\/\/www.zaldionline.com\/en\/?s={search_term_string}"},"query-input":{"@type":"PropertyValueSpecification","valueRequired":true,"valueName":"search_term_string"}}],"inLanguage":"en-GB"}]}},"_links":{"self":[{"href":"https:\/\/www.zaldionline.com\/en\/wp-json\/wp\/v2\/product\/17200","targetHints":{"allow":["GET"]}}],"collection":[{"href":"https:\/\/www.zaldionline.com\/en\/wp-json\/wp\/v2\/product"}],"about":[{"href":"https:\/\/www.zaldionline.com\/en\/wp-json\/wp\/v2\/types\/product"}],"replies":[{"embeddable":true,"href":"https:\/\/www.zaldionline.com\/en\/wp-json\/wp\/v2\/comments?post=17200"}],"version-history":[{"count":1,"href":"https:\/\/www.zaldionline.com\/en\/wp-json\/wp\/v2\/product\/17200\/revisions"}],"predecessor-version":[{"id":23219,"href":"https:\/\/www.zaldionline.com\/en\/wp-json\/wp\/v2\/product\/17200\/revisions\/23219"}],"wp:featuredmedia":[{"embeddable":true,"href":"https:\/\/www.zaldionline.com\/en\/wp-json\/wp\/v2\/media\/17038"}],"wp:attachment":[{"href":"https:\/\/www.zaldionline.com\/en\/wp-json\/wp\/v2\/media?parent=17200"}],"wp:term":[{"taxonomy":"product_brand","embeddable":true,"href":"https:\/\/www.zaldionline.com\/en\/wp-json\/wp\/v2\/product_brand?post=17200"},{"taxonomy":"product_cat","embeddable":true,"href":"https:\/\/www.zaldionline.com\/en\/wp-json\/wp\/v2\/product_cat?post=17200"},{"taxonomy":"product_tag","embeddable":true,"href":"https:\/\/www.zaldionline.com\/en\/wp-json\/wp\/v2\/product_tag?post=17200"}],"curies":[{"name":"wp","href":"https:\/\/api.w.org\/{rel}","templated":true}]}}