{"id":17289,"date":"2020-12-09T16:48:28","date_gmt":"2020-12-09T16:48:28","guid":{"rendered":"https:\/\/zaldionline.com\/?post_type=product&#038;p=17289"},"modified":"2023-04-12T12:55:01","modified_gmt":"2023-04-12T12:55:01","slug":"anbinderiemen-elastisch-mit-sicherheitshaken","status":"publish","type":"product","link":"https:\/\/www.zaldionline.com\/en\/product\/anbinderiemen-elastisch-mit-sicherheitshaken\/","title":{"rendered":"ELASTISCHER ANBINDERIEMEN SCHWARZ 60 cm"},"content":{"rendered":"<p>Preis inkl. MwSt: 11,09 \u20ac<\/p>\n<p>Starker elastischer Gummigurt in schwarz. Gef\u00fcttert mit wei\u00df.<\/p>\n<p>Der Gurt hat einen Abzugskarabiner an einem Ende und ein Panik-Sicherheitsschloss am anderen Ende, um das Pferd zu binden.<\/p>\n<p>Karabiner aus Edelstahl<\/p>\n<p>Einheitsgr\u00f6\u00dfe<\/p>\n<p>Ma\u00dfe: 60 cm lang mit einem Durchmesser von ca. 15 mm<\/p>\n<p>Farbe schwarz<\/p>\n<p><span data-language-for-alternatives=\"de\" data-language-to-translate-into=\"es\" data-phrase-index=\"3\">Ref. 2109128<\/span><\/p>\n<p>Es gibt noch viel mehr Neuigkeiten!<\/p>\n<p>Aufgrund der Nachfrage erweitern wir st\u00e4ndig unser Angebot in unserem Webshop. Wenn Sie hier nicht gefunden haben, wonach Sie suchen, klicken Sie bitte&nbsp;<a href=\"https:\/\/tienda.zaldi.com\/en\/nuevos-productos\">HIER<\/a>&nbsp; f\u00fcr mehr Auswahl und kontaktieren Sie uns mit Ihren W\u00fcnschen.<\/p>\n","protected":false},"excerpt":{"rendered":"<p>Preis inkl. MwSt: 11,09 \u20ac Starker elastischer Gummigurt in schwarz. Gef\u00fcttert mit wei\u00df. Der Gurt hat einen Abzugskarabiner an einem Ende und ein Panik-Sicherheitsschloss am anderen Ende, um das Pferd zu binden. Karabiner aus Edelstahl Einheitsgr\u00f6\u00dfe Ma\u00dfe: 60 cm lang mit einem Durchmesser von ca. 15 mm Farbe schwarz Ref. 2109128 Es gibt noch viel [&hellip;]<\/p>\n","protected":false},"featured_media":17290,"comment_status":"open","ping_status":"closed","template":"","meta":{"site-sidebar-layout":"default","site-content-layout":"default","ast-site-content-layout":"default","site-content-style":"default","site-sidebar-style":"default","ast-global-header-display":"","ast-banner-title-visibility":"","ast-main-header-display":"","ast-hfb-above-header-display":"","ast-hfb-below-header-display":"","ast-hfb-mobile-header-display":"","site-post-title":"","ast-breadcrumbs-content":"","ast-featured-img":"","footer-sml-layout":"","ast-disable-related-posts":"","theme-transparent-header-meta":"default","adv-header-id-meta":"","stick-header-meta":"","header-above-stick-meta":"","header-main-stick-meta":"","header-below-stick-meta":"","astra-migrate-meta-layouts":"default","ast-page-background-enabled":"default","ast-page-background-meta":{"desktop":{"background-color":"var(--ast-global-color-4)","background-image":"","background-repeat":"repeat","background-position":"center center","background-size":"auto","background-attachment":"scroll","background-type":"","background-media":"","overlay-type":"","overlay-color":"","overlay-opacity":"","overlay-gradient":""},"tablet":{"background-color":"","background-image":"","background-repeat":"repeat","background-position":"center center","background-size":"auto","background-attachment":"scroll","background-type":"","background-media":"","overlay-type":"","overlay-color":"","overlay-opacity":"","overlay-gradient":""},"mobile":{"background-color":"","background-image":"","background-repeat":"repeat","background-position":"center center","background-size":"auto","background-attachment":"scroll","background-type":"","background-media":"","overlay-type":"","overlay-color":"","overlay-opacity":"","overlay-gradient":""}},"ast-content-background-meta":{"desktop":{"background-color":"var(--ast-global-color-5)","background-image":"","background-repeat":"repeat","background-position":"center center","background-size":"auto","background-attachment":"scroll","background-type":"","background-media":"","overlay-type":"","overlay-color":"","overlay-opacity":"","overlay-gradient":""},"tablet":{"background-color":"var(--ast-global-color-5)","background-image":"","background-repeat":"repeat","background-position":"center center","background-size":"auto","background-attachment":"scroll","background-type":"","background-media":"","overlay-type":"","overlay-color":"","overlay-opacity":"","overlay-gradient":""},"mobile":{"background-color":"var(--ast-global-color-5)","background-image":"","background-repeat":"repeat","background-position":"center center","background-size":"auto","background-attachment":"scroll","background-type":"","background-media":"","overlay-type":"","overlay-color":"","overlay-opacity":"","overlay-gradient":""}},"ngg_post_thumbnail":0},"product_brand":[],"product_cat":[21,302],"product_tag":[717,718,719,553,343,554,340,337,338,339],"class_list":{"0":"post-17289","1":"product","2":"type-product","3":"status-publish","4":"has-post-thumbnail","6":"product_cat-stable-tack-room-track","7":"product_cat-stallhalfter","8":"product_tag-anbinderiemen","9":"product_tag-elastischer-anbinderiemen","10":"product_tag-elastischer-gummigurt","11":"product_tag-halfter","12":"product_tag-sattel-guenstig","13":"product_tag-stallhalfter","14":"product_tag-susanne-nagel","15":"product_tag-zaldi","16":"product_tag-zaldi-deutschland","17":"product_tag-zaldi-online-com","18":"desktop-align-left","19":"tablet-align-left","20":"mobile-align-left","22":"first","23":"instock","24":"taxable","25":"shipping-taxable","26":"purchasable","27":"product-type-simple"},"yoast_head":"<!-- This site is optimized with the Yoast SEO plugin v27.3 - https:\/\/yoast.com\/product\/yoast-seo-wordpress\/ -->\n<title>ELASTISCHER ANBINDERIEMEN SCHWARZ 60 cm - Zaldi Online<\/title>\n<meta name=\"description\" content=\"Starker elastischer Gummigurt in schwarz. Gef\u00fcttert mit wei\u00df. Der Gurt hat einen Abzugskarabiner an einem Ende und ein Panik-Sicherheitsschloss am anderen Ende, um das Pferd zu binden. Karabiner aus Edelstahl. Einheitsgr\u00f6\u00dfe. Ma\u00dfe: 60 cm lang mit einem Durchmesser von ca. 15 mm. Farbe: schwarz. Erh\u00e4ltlich \u00fcber Zaldionline.com Ref. 2109128\" \/>\n<meta name=\"robots\" content=\"index, follow, max-snippet:-1, max-image-preview:large, max-video-preview:-1\" \/>\n<link rel=\"canonical\" href=\"https:\/\/www.zaldionline.com\/en\/product\/anbinderiemen-elastisch-mit-sicherheitshaken\/\" \/>\n<meta property=\"og:locale\" content=\"en_GB\" \/>\n<meta property=\"og:type\" content=\"article\" \/>\n<meta property=\"og:title\" content=\"ELASTISCHER ANBINDERIEMEN SCHWARZ 60 cm - Zaldi Online\" \/>\n<meta property=\"og:description\" content=\"Starker elastischer Gummigurt in schwarz. Gef\u00fcttert mit wei\u00df. Der Gurt hat einen Abzugskarabiner an einem Ende und ein Panik-Sicherheitsschloss am anderen Ende, um das Pferd zu binden. Karabiner aus Edelstahl. Einheitsgr\u00f6\u00dfe. Ma\u00dfe: 60 cm lang mit einem Durchmesser von ca. 15 mm. Farbe: schwarz. Erh\u00e4ltlich \u00fcber Zaldionline.com Ref. 2109128\" \/>\n<meta property=\"og:url\" content=\"https:\/\/www.zaldionline.com\/en\/product\/anbinderiemen-elastisch-mit-sicherheitshaken\/\" \/>\n<meta property=\"og:site_name\" content=\"Zaldi Online\" \/>\n<meta property=\"article:modified_time\" content=\"2023-04-12T12:55:01+00:00\" \/>\n<meta property=\"og:image\" content=\"https:\/\/www.zaldionline.com\/en\/wp-content\/uploads\/sites\/3\/2020\/12\/RAMAL-GOMA-ELASTICO-CON-MOSQUETONES-52982-NEGRO-60cm.jpg\" \/>\n\t<meta property=\"og:image:width\" content=\"740\" \/>\n\t<meta property=\"og:image:height\" content=\"720\" \/>\n\t<meta property=\"og:image:type\" content=\"image\/jpeg\" \/>\n<meta name=\"twitter:card\" content=\"summary_large_image\" \/>\n<meta name=\"twitter:label1\" content=\"Estimated reading time\" \/>\n\t<meta name=\"twitter:data1\" content=\"1 minute\" \/>\n<script type=\"application\/ld+json\" class=\"yoast-schema-graph\">{\"@context\":\"https:\\\/\\\/schema.org\",\"@graph\":[{\"@type\":\"WebPage\",\"@id\":\"https:\\\/\\\/www.zaldionline.com\\\/en\\\/product\\\/anbinderiemen-elastisch-mit-sicherheitshaken\\\/\",\"url\":\"https:\\\/\\\/www.zaldionline.com\\\/en\\\/product\\\/anbinderiemen-elastisch-mit-sicherheitshaken\\\/\",\"name\":\"ELASTISCHER ANBINDERIEMEN SCHWARZ 60 cm - Zaldi Online\",\"isPartOf\":{\"@id\":\"https:\\\/\\\/www.zaldionline.com\\\/en\\\/#website\"},\"primaryImageOfPage\":{\"@id\":\"https:\\\/\\\/www.zaldionline.com\\\/en\\\/product\\\/anbinderiemen-elastisch-mit-sicherheitshaken\\\/#primaryimage\"},\"image\":{\"@id\":\"https:\\\/\\\/www.zaldionline.com\\\/en\\\/product\\\/anbinderiemen-elastisch-mit-sicherheitshaken\\\/#primaryimage\"},\"thumbnailUrl\":\"https:\\\/\\\/www.zaldionline.com\\\/en\\\/wp-content\\\/uploads\\\/sites\\\/3\\\/2020\\\/12\\\/RAMAL-GOMA-ELASTICO-CON-MOSQUETONES-52982-NEGRO-60cm.jpg\",\"datePublished\":\"2020-12-09T16:48:28+00:00\",\"dateModified\":\"2023-04-12T12:55:01+00:00\",\"description\":\"Starker elastischer Gummigurt in schwarz. Gef\u00fcttert mit wei\u00df. Der Gurt hat einen Abzugskarabiner an einem Ende und ein Panik-Sicherheitsschloss am anderen Ende, um das Pferd zu binden. Karabiner aus Edelstahl. Einheitsgr\u00f6\u00dfe. Ma\u00dfe: 60 cm lang mit einem Durchmesser von ca. 15 mm. Farbe: schwarz. Erh\u00e4ltlich \u00fcber Zaldionline.com Ref. 2109128\",\"breadcrumb\":{\"@id\":\"https:\\\/\\\/www.zaldionline.com\\\/en\\\/product\\\/anbinderiemen-elastisch-mit-sicherheitshaken\\\/#breadcrumb\"},\"inLanguage\":\"en-GB\",\"potentialAction\":[{\"@type\":\"ReadAction\",\"target\":[\"https:\\\/\\\/www.zaldionline.com\\\/en\\\/product\\\/anbinderiemen-elastisch-mit-sicherheitshaken\\\/\"]}]},{\"@type\":\"ImageObject\",\"inLanguage\":\"en-GB\",\"@id\":\"https:\\\/\\\/www.zaldionline.com\\\/en\\\/product\\\/anbinderiemen-elastisch-mit-sicherheitshaken\\\/#primaryimage\",\"url\":\"https:\\\/\\\/www.zaldionline.com\\\/en\\\/wp-content\\\/uploads\\\/sites\\\/3\\\/2020\\\/12\\\/RAMAL-GOMA-ELASTICO-CON-MOSQUETONES-52982-NEGRO-60cm.jpg\",\"contentUrl\":\"https:\\\/\\\/www.zaldionline.com\\\/en\\\/wp-content\\\/uploads\\\/sites\\\/3\\\/2020\\\/12\\\/RAMAL-GOMA-ELASTICO-CON-MOSQUETONES-52982-NEGRO-60cm.jpg\",\"width\":740,\"height\":720},{\"@type\":\"BreadcrumbList\",\"@id\":\"https:\\\/\\\/www.zaldionline.com\\\/en\\\/product\\\/anbinderiemen-elastisch-mit-sicherheitshaken\\\/#breadcrumb\",\"itemListElement\":[{\"@type\":\"ListItem\",\"position\":1,\"name\":\"Portada\",\"item\":\"https:\\\/\\\/www.zaldionline.com\\\/en\\\/\"},{\"@type\":\"ListItem\",\"position\":2,\"name\":\"Saddles &#038; Accessories\",\"item\":\"https:\\\/\\\/www.zaldionline.com\\\/en\\\/saddles-and-accessories\\\/\"},{\"@type\":\"ListItem\",\"position\":3,\"name\":\"ELASTISCHER ANBINDERIEMEN SCHWARZ 60 cm\"}]},{\"@type\":\"WebSite\",\"@id\":\"https:\\\/\\\/www.zaldionline.com\\\/en\\\/#website\",\"url\":\"https:\\\/\\\/www.zaldionline.com\\\/en\\\/\",\"name\":\"Zaldi Online\",\"description\":\"The best products for horses\",\"potentialAction\":[{\"@type\":\"SearchAction\",\"target\":{\"@type\":\"EntryPoint\",\"urlTemplate\":\"https:\\\/\\\/www.zaldionline.com\\\/en\\\/?s={search_term_string}\"},\"query-input\":{\"@type\":\"PropertyValueSpecification\",\"valueRequired\":true,\"valueName\":\"search_term_string\"}}],\"inLanguage\":\"en-GB\"}]}<\/script>\n<!-- \/ Yoast SEO plugin. -->","yoast_head_json":{"title":"ELASTISCHER ANBINDERIEMEN SCHWARZ 60 cm - Zaldi Online","description":"Starker elastischer Gummigurt in schwarz. Gef\u00fcttert mit wei\u00df. Der Gurt hat einen Abzugskarabiner an einem Ende und ein Panik-Sicherheitsschloss am anderen Ende, um das Pferd zu binden. Karabiner aus Edelstahl. Einheitsgr\u00f6\u00dfe. Ma\u00dfe: 60 cm lang mit einem Durchmesser von ca. 15 mm. Farbe: schwarz. Erh\u00e4ltlich \u00fcber Zaldionline.com Ref. 2109128","robots":{"index":"index","follow":"follow","max-snippet":"max-snippet:-1","max-image-preview":"max-image-preview:large","max-video-preview":"max-video-preview:-1"},"canonical":"https:\/\/www.zaldionline.com\/en\/product\/anbinderiemen-elastisch-mit-sicherheitshaken\/","og_locale":"en_GB","og_type":"article","og_title":"ELASTISCHER ANBINDERIEMEN SCHWARZ 60 cm - Zaldi Online","og_description":"Starker elastischer Gummigurt in schwarz. Gef\u00fcttert mit wei\u00df. Der Gurt hat einen Abzugskarabiner an einem Ende und ein Panik-Sicherheitsschloss am anderen Ende, um das Pferd zu binden. Karabiner aus Edelstahl. Einheitsgr\u00f6\u00dfe. Ma\u00dfe: 60 cm lang mit einem Durchmesser von ca. 15 mm. Farbe: schwarz. Erh\u00e4ltlich \u00fcber Zaldionline.com Ref. 2109128","og_url":"https:\/\/www.zaldionline.com\/en\/product\/anbinderiemen-elastisch-mit-sicherheitshaken\/","og_site_name":"Zaldi Online","article_modified_time":"2023-04-12T12:55:01+00:00","og_image":[{"width":740,"height":720,"url":"https:\/\/www.zaldionline.com\/en\/wp-content\/uploads\/sites\/3\/2020\/12\/RAMAL-GOMA-ELASTICO-CON-MOSQUETONES-52982-NEGRO-60cm.jpg","type":"image\/jpeg"}],"twitter_card":"summary_large_image","twitter_misc":{"Estimated reading time":"1 minute"},"schema":{"@context":"https:\/\/schema.org","@graph":[{"@type":"WebPage","@id":"https:\/\/www.zaldionline.com\/en\/product\/anbinderiemen-elastisch-mit-sicherheitshaken\/","url":"https:\/\/www.zaldionline.com\/en\/product\/anbinderiemen-elastisch-mit-sicherheitshaken\/","name":"ELASTISCHER ANBINDERIEMEN SCHWARZ 60 cm - Zaldi Online","isPartOf":{"@id":"https:\/\/www.zaldionline.com\/en\/#website"},"primaryImageOfPage":{"@id":"https:\/\/www.zaldionline.com\/en\/product\/anbinderiemen-elastisch-mit-sicherheitshaken\/#primaryimage"},"image":{"@id":"https:\/\/www.zaldionline.com\/en\/product\/anbinderiemen-elastisch-mit-sicherheitshaken\/#primaryimage"},"thumbnailUrl":"https:\/\/www.zaldionline.com\/en\/wp-content\/uploads\/sites\/3\/2020\/12\/RAMAL-GOMA-ELASTICO-CON-MOSQUETONES-52982-NEGRO-60cm.jpg","datePublished":"2020-12-09T16:48:28+00:00","dateModified":"2023-04-12T12:55:01+00:00","description":"Starker elastischer Gummigurt in schwarz. Gef\u00fcttert mit wei\u00df. Der Gurt hat einen Abzugskarabiner an einem Ende und ein Panik-Sicherheitsschloss am anderen Ende, um das Pferd zu binden. Karabiner aus Edelstahl. Einheitsgr\u00f6\u00dfe. Ma\u00dfe: 60 cm lang mit einem Durchmesser von ca. 15 mm. Farbe: schwarz. Erh\u00e4ltlich \u00fcber Zaldionline.com Ref. 2109128","breadcrumb":{"@id":"https:\/\/www.zaldionline.com\/en\/product\/anbinderiemen-elastisch-mit-sicherheitshaken\/#breadcrumb"},"inLanguage":"en-GB","potentialAction":[{"@type":"ReadAction","target":["https:\/\/www.zaldionline.com\/en\/product\/anbinderiemen-elastisch-mit-sicherheitshaken\/"]}]},{"@type":"ImageObject","inLanguage":"en-GB","@id":"https:\/\/www.zaldionline.com\/en\/product\/anbinderiemen-elastisch-mit-sicherheitshaken\/#primaryimage","url":"https:\/\/www.zaldionline.com\/en\/wp-content\/uploads\/sites\/3\/2020\/12\/RAMAL-GOMA-ELASTICO-CON-MOSQUETONES-52982-NEGRO-60cm.jpg","contentUrl":"https:\/\/www.zaldionline.com\/en\/wp-content\/uploads\/sites\/3\/2020\/12\/RAMAL-GOMA-ELASTICO-CON-MOSQUETONES-52982-NEGRO-60cm.jpg","width":740,"height":720},{"@type":"BreadcrumbList","@id":"https:\/\/www.zaldionline.com\/en\/product\/anbinderiemen-elastisch-mit-sicherheitshaken\/#breadcrumb","itemListElement":[{"@type":"ListItem","position":1,"name":"Portada","item":"https:\/\/www.zaldionline.com\/en\/"},{"@type":"ListItem","position":2,"name":"Saddles &#038; Accessories","item":"https:\/\/www.zaldionline.com\/en\/saddles-and-accessories\/"},{"@type":"ListItem","position":3,"name":"ELASTISCHER ANBINDERIEMEN SCHWARZ 60 cm"}]},{"@type":"WebSite","@id":"https:\/\/www.zaldionline.com\/en\/#website","url":"https:\/\/www.zaldionline.com\/en\/","name":"Zaldi Online","description":"The best products for horses","potentialAction":[{"@type":"SearchAction","target":{"@type":"EntryPoint","urlTemplate":"https:\/\/www.zaldionline.com\/en\/?s={search_term_string}"},"query-input":{"@type":"PropertyValueSpecification","valueRequired":true,"valueName":"search_term_string"}}],"inLanguage":"en-GB"}]}},"_links":{"self":[{"href":"https:\/\/www.zaldionline.com\/en\/wp-json\/wp\/v2\/product\/17289","targetHints":{"allow":["GET"]}}],"collection":[{"href":"https:\/\/www.zaldionline.com\/en\/wp-json\/wp\/v2\/product"}],"about":[{"href":"https:\/\/www.zaldionline.com\/en\/wp-json\/wp\/v2\/types\/product"}],"replies":[{"embeddable":true,"href":"https:\/\/www.zaldionline.com\/en\/wp-json\/wp\/v2\/comments?post=17289"}],"version-history":[{"count":2,"href":"https:\/\/www.zaldionline.com\/en\/wp-json\/wp\/v2\/product\/17289\/revisions"}],"predecessor-version":[{"id":23199,"href":"https:\/\/www.zaldionline.com\/en\/wp-json\/wp\/v2\/product\/17289\/revisions\/23199"}],"wp:featuredmedia":[{"embeddable":true,"href":"https:\/\/www.zaldionline.com\/en\/wp-json\/wp\/v2\/media\/17290"}],"wp:attachment":[{"href":"https:\/\/www.zaldionline.com\/en\/wp-json\/wp\/v2\/media?parent=17289"}],"wp:term":[{"taxonomy":"product_brand","embeddable":true,"href":"https:\/\/www.zaldionline.com\/en\/wp-json\/wp\/v2\/product_brand?post=17289"},{"taxonomy":"product_cat","embeddable":true,"href":"https:\/\/www.zaldionline.com\/en\/wp-json\/wp\/v2\/product_cat?post=17289"},{"taxonomy":"product_tag","embeddable":true,"href":"https:\/\/www.zaldionline.com\/en\/wp-json\/wp\/v2\/product_tag?post=17289"}],"curies":[{"name":"wp","href":"https:\/\/api.w.org\/{rel}","templated":true}]}}