{"id":18064,"date":"2021-07-27T11:29:43","date_gmt":"2021-07-27T11:29:43","guid":{"rendered":"https:\/\/zaldionline.com\/?post_type=product&#038;p=18064"},"modified":"2023-04-08T15:35:12","modified_gmt":"2023-04-08T15:35:12","slug":"steigbuegel-aus-aluminium-mit-carbonfiber-optik-zaldi","status":"publish","type":"product","link":"https:\/\/www.zaldionline.com\/en\/product\/steigbuegel-aus-aluminium-mit-carbonfiber-optik-zaldi\/","title":{"rendered":"ZALDI STEIGB\u00dcGEL AUS ALUMINIUM IN CARBONFIBER-OPTIK"},"content":{"rendered":"<p>Preis inkl. MwSt.: 73,61 \u20ac<\/p>\n<p>Aluminium Steigb\u00fcgel mit Carbon Fiber Optik und sehr breiter anti-rutsch Auflage.<\/p>\n<p>Leicht und optisch sehr stilvoll<\/p>\n<p>Ref. 21039590001<\/p>\n","protected":false},"excerpt":{"rendered":"<p>Preis inkl. MwSt.: 73,61 \u20ac Aluminium Steigb\u00fcgel mit Carbon Fiber Optik und sehr breiter anti-rutsch Auflage. Leicht und optisch sehr stilvoll Ref. 21039590001<\/p>\n","protected":false},"featured_media":18068,"comment_status":"open","ping_status":"closed","template":"","meta":{"site-sidebar-layout":"default","site-content-layout":"default","ast-site-content-layout":"default","site-content-style":"default","site-sidebar-style":"default","ast-global-header-display":"","ast-banner-title-visibility":"","ast-main-header-display":"","ast-hfb-above-header-display":"","ast-hfb-below-header-display":"","ast-hfb-mobile-header-display":"","site-post-title":"","ast-breadcrumbs-content":"","ast-featured-img":"","footer-sml-layout":"","ast-disable-related-posts":"","theme-transparent-header-meta":"default","adv-header-id-meta":"","stick-header-meta":"","header-above-stick-meta":"","header-main-stick-meta":"","header-below-stick-meta":"","astra-migrate-meta-layouts":"default","ast-page-background-enabled":"default","ast-page-background-meta":{"desktop":{"background-color":"var(--ast-global-color-4)","background-image":"","background-repeat":"repeat","background-position":"center center","background-size":"auto","background-attachment":"scroll","background-type":"","background-media":"","overlay-type":"","overlay-color":"","overlay-opacity":"","overlay-gradient":""},"tablet":{"background-color":"","background-image":"","background-repeat":"repeat","background-position":"center center","background-size":"auto","background-attachment":"scroll","background-type":"","background-media":"","overlay-type":"","overlay-color":"","overlay-opacity":"","overlay-gradient":""},"mobile":{"background-color":"","background-image":"","background-repeat":"repeat","background-position":"center center","background-size":"auto","background-attachment":"scroll","background-type":"","background-media":"","overlay-type":"","overlay-color":"","overlay-opacity":"","overlay-gradient":""}},"ast-content-background-meta":{"desktop":{"background-color":"var(--ast-global-color-5)","background-image":"","background-repeat":"repeat","background-position":"center center","background-size":"auto","background-attachment":"scroll","background-type":"","background-media":"","overlay-type":"","overlay-color":"","overlay-opacity":"","overlay-gradient":""},"tablet":{"background-color":"var(--ast-global-color-5)","background-image":"","background-repeat":"repeat","background-position":"center center","background-size":"auto","background-attachment":"scroll","background-type":"","background-media":"","overlay-type":"","overlay-color":"","overlay-opacity":"","overlay-gradient":""},"mobile":{"background-color":"var(--ast-global-color-5)","background-image":"","background-repeat":"repeat","background-position":"center center","background-size":"auto","background-attachment":"scroll","background-type":"","background-media":"","overlay-type":"","overlay-color":"","overlay-opacity":"","overlay-gradient":""}},"ngg_post_thumbnail":0},"product_brand":[],"product_cat":[18,51],"product_tag":[664,665,669,668,341,667,634,666,633,340,337,338,339],"class_list":{"0":"post-18064","1":"product","2":"type-product","3":"status-publish","4":"has-post-thumbnail","6":"product_cat-accessories","7":"product_cat-steigbugel-und-zubehor","8":"product_tag-aluminium-steigbuegel","9":"product_tag-alusteigbuegel","10":"product_tag-anti-rutsch-auflage","11":"product_tag-anti-rutschauflage-steigbuegel","12":"product_tag-bienestarcaballo","13":"product_tag-carbon-fiber-optik-steigbuegel","14":"product_tag-steigbuegel","15":"product_tag-steigbuegel-mit-fiber-optik","16":"product_tag-steigbuegelriemen","17":"product_tag-susanne-nagel","18":"product_tag-zaldi","19":"product_tag-zaldi-deutschland","20":"product_tag-zaldi-online-com","21":"desktop-align-left","22":"tablet-align-left","23":"mobile-align-left","25":"first","26":"instock","27":"taxable","28":"shipping-taxable","29":"purchasable","30":"product-type-simple"},"yoast_head":"<!-- This site is optimized with the Yoast SEO plugin v27.3 - https:\/\/yoast.com\/product\/yoast-seo-wordpress\/ -->\n<title>ZALDI STEIGB\u00dcGEL AUS ALUMINIUM IN CARBONFIBER-OPTIK - Zaldi Online<\/title>\n<meta name=\"description\" content=\"Aluminium Steigb\u00fcgel mit Carbon Fiber Optik und sehr breiter anti-rutsch Auflage.Leicht und optisch sehr stilvoll. Erh\u00e4ltlich \u00fcber Zaldionline.com Ref. 21039590001\" \/>\n<meta name=\"robots\" content=\"index, follow, max-snippet:-1, max-image-preview:large, max-video-preview:-1\" \/>\n<link rel=\"canonical\" href=\"https:\/\/www.zaldionline.com\/en\/product\/steigbuegel-aus-aluminium-mit-carbonfiber-optik-zaldi\/\" \/>\n<meta property=\"og:locale\" content=\"en_GB\" \/>\n<meta property=\"og:type\" content=\"article\" \/>\n<meta property=\"og:title\" content=\"ZALDI STEIGB\u00dcGEL AUS ALUMINIUM IN CARBONFIBER-OPTIK - Zaldi Online\" \/>\n<meta property=\"og:description\" content=\"Aluminium Steigb\u00fcgel mit Carbon Fiber Optik und sehr breiter anti-rutsch Auflage.Leicht und optisch sehr stilvoll. Erh\u00e4ltlich \u00fcber Zaldionline.com Ref. 21039590001\" \/>\n<meta property=\"og:url\" content=\"https:\/\/www.zaldionline.com\/en\/product\/steigbuegel-aus-aluminium-mit-carbonfiber-optik-zaldi\/\" \/>\n<meta property=\"og:site_name\" content=\"Zaldi Online\" \/>\n<meta property=\"article:modified_time\" content=\"2023-04-08T15:35:12+00:00\" \/>\n<meta property=\"og:image\" content=\"https:\/\/www.zaldionline.com\/en\/wp-content\/uploads\/sites\/3\/2021\/07\/Carbon-finished-Steigbuegel-von-zaldionline.com-3.jpg\" \/>\n\t<meta property=\"og:image:width\" content=\"724\" \/>\n\t<meta property=\"og:image:height\" content=\"723\" \/>\n\t<meta property=\"og:image:type\" content=\"image\/jpeg\" \/>\n<meta name=\"twitter:card\" content=\"summary_large_image\" \/>\n<meta name=\"twitter:label1\" content=\"Estimated reading time\" \/>\n\t<meta name=\"twitter:data1\" content=\"1 minute\" \/>\n<script type=\"application\/ld+json\" class=\"yoast-schema-graph\">{\"@context\":\"https:\\\/\\\/schema.org\",\"@graph\":[{\"@type\":\"WebPage\",\"@id\":\"https:\\\/\\\/www.zaldionline.com\\\/en\\\/product\\\/steigbuegel-aus-aluminium-mit-carbonfiber-optik-zaldi\\\/\",\"url\":\"https:\\\/\\\/www.zaldionline.com\\\/en\\\/product\\\/steigbuegel-aus-aluminium-mit-carbonfiber-optik-zaldi\\\/\",\"name\":\"ZALDI STEIGB\u00dcGEL AUS ALUMINIUM IN CARBONFIBER-OPTIK - Zaldi Online\",\"isPartOf\":{\"@id\":\"https:\\\/\\\/www.zaldionline.com\\\/en\\\/#website\"},\"primaryImageOfPage\":{\"@id\":\"https:\\\/\\\/www.zaldionline.com\\\/en\\\/product\\\/steigbuegel-aus-aluminium-mit-carbonfiber-optik-zaldi\\\/#primaryimage\"},\"image\":{\"@id\":\"https:\\\/\\\/www.zaldionline.com\\\/en\\\/product\\\/steigbuegel-aus-aluminium-mit-carbonfiber-optik-zaldi\\\/#primaryimage\"},\"thumbnailUrl\":\"https:\\\/\\\/www.zaldionline.com\\\/en\\\/wp-content\\\/uploads\\\/sites\\\/3\\\/2021\\\/07\\\/Carbon-finished-Steigbuegel-von-zaldionline.com-3.jpg\",\"datePublished\":\"2021-07-27T11:29:43+00:00\",\"dateModified\":\"2023-04-08T15:35:12+00:00\",\"description\":\"Aluminium Steigb\u00fcgel mit Carbon Fiber Optik und sehr breiter anti-rutsch Auflage.Leicht und optisch sehr stilvoll. Erh\u00e4ltlich \u00fcber Zaldionline.com Ref. 21039590001\",\"breadcrumb\":{\"@id\":\"https:\\\/\\\/www.zaldionline.com\\\/en\\\/product\\\/steigbuegel-aus-aluminium-mit-carbonfiber-optik-zaldi\\\/#breadcrumb\"},\"inLanguage\":\"en-GB\",\"potentialAction\":[{\"@type\":\"ReadAction\",\"target\":[\"https:\\\/\\\/www.zaldionline.com\\\/en\\\/product\\\/steigbuegel-aus-aluminium-mit-carbonfiber-optik-zaldi\\\/\"]}]},{\"@type\":\"ImageObject\",\"inLanguage\":\"en-GB\",\"@id\":\"https:\\\/\\\/www.zaldionline.com\\\/en\\\/product\\\/steigbuegel-aus-aluminium-mit-carbonfiber-optik-zaldi\\\/#primaryimage\",\"url\":\"https:\\\/\\\/www.zaldionline.com\\\/en\\\/wp-content\\\/uploads\\\/sites\\\/3\\\/2021\\\/07\\\/Carbon-finished-Steigbuegel-von-zaldionline.com-3.jpg\",\"contentUrl\":\"https:\\\/\\\/www.zaldionline.com\\\/en\\\/wp-content\\\/uploads\\\/sites\\\/3\\\/2021\\\/07\\\/Carbon-finished-Steigbuegel-von-zaldionline.com-3.jpg\",\"width\":724,\"height\":723},{\"@type\":\"BreadcrumbList\",\"@id\":\"https:\\\/\\\/www.zaldionline.com\\\/en\\\/product\\\/steigbuegel-aus-aluminium-mit-carbonfiber-optik-zaldi\\\/#breadcrumb\",\"itemListElement\":[{\"@type\":\"ListItem\",\"position\":1,\"name\":\"Portada\",\"item\":\"https:\\\/\\\/www.zaldionline.com\\\/en\\\/\"},{\"@type\":\"ListItem\",\"position\":2,\"name\":\"Saddles &#038; Accessories\",\"item\":\"https:\\\/\\\/www.zaldionline.com\\\/en\\\/saddles-and-accessories\\\/\"},{\"@type\":\"ListItem\",\"position\":3,\"name\":\"ZALDI STEIGB\u00dcGEL AUS ALUMINIUM IN CARBONFIBER-OPTIK\"}]},{\"@type\":\"WebSite\",\"@id\":\"https:\\\/\\\/www.zaldionline.com\\\/en\\\/#website\",\"url\":\"https:\\\/\\\/www.zaldionline.com\\\/en\\\/\",\"name\":\"Zaldi Online\",\"description\":\"The best products for horses\",\"potentialAction\":[{\"@type\":\"SearchAction\",\"target\":{\"@type\":\"EntryPoint\",\"urlTemplate\":\"https:\\\/\\\/www.zaldionline.com\\\/en\\\/?s={search_term_string}\"},\"query-input\":{\"@type\":\"PropertyValueSpecification\",\"valueRequired\":true,\"valueName\":\"search_term_string\"}}],\"inLanguage\":\"en-GB\"}]}<\/script>\n<!-- \/ Yoast SEO plugin. -->","yoast_head_json":{"title":"ZALDI STEIGB\u00dcGEL AUS ALUMINIUM IN CARBONFIBER-OPTIK - Zaldi Online","description":"Aluminium Steigb\u00fcgel mit Carbon Fiber Optik und sehr breiter anti-rutsch Auflage.Leicht und optisch sehr stilvoll. Erh\u00e4ltlich \u00fcber Zaldionline.com Ref. 21039590001","robots":{"index":"index","follow":"follow","max-snippet":"max-snippet:-1","max-image-preview":"max-image-preview:large","max-video-preview":"max-video-preview:-1"},"canonical":"https:\/\/www.zaldionline.com\/en\/product\/steigbuegel-aus-aluminium-mit-carbonfiber-optik-zaldi\/","og_locale":"en_GB","og_type":"article","og_title":"ZALDI STEIGB\u00dcGEL AUS ALUMINIUM IN CARBONFIBER-OPTIK - Zaldi Online","og_description":"Aluminium Steigb\u00fcgel mit Carbon Fiber Optik und sehr breiter anti-rutsch Auflage.Leicht und optisch sehr stilvoll. Erh\u00e4ltlich \u00fcber Zaldionline.com Ref. 21039590001","og_url":"https:\/\/www.zaldionline.com\/en\/product\/steigbuegel-aus-aluminium-mit-carbonfiber-optik-zaldi\/","og_site_name":"Zaldi Online","article_modified_time":"2023-04-08T15:35:12+00:00","og_image":[{"width":724,"height":723,"url":"https:\/\/www.zaldionline.com\/en\/wp-content\/uploads\/sites\/3\/2021\/07\/Carbon-finished-Steigbuegel-von-zaldionline.com-3.jpg","type":"image\/jpeg"}],"twitter_card":"summary_large_image","twitter_misc":{"Estimated reading time":"1 minute"},"schema":{"@context":"https:\/\/schema.org","@graph":[{"@type":"WebPage","@id":"https:\/\/www.zaldionline.com\/en\/product\/steigbuegel-aus-aluminium-mit-carbonfiber-optik-zaldi\/","url":"https:\/\/www.zaldionline.com\/en\/product\/steigbuegel-aus-aluminium-mit-carbonfiber-optik-zaldi\/","name":"ZALDI STEIGB\u00dcGEL AUS ALUMINIUM IN CARBONFIBER-OPTIK - Zaldi Online","isPartOf":{"@id":"https:\/\/www.zaldionline.com\/en\/#website"},"primaryImageOfPage":{"@id":"https:\/\/www.zaldionline.com\/en\/product\/steigbuegel-aus-aluminium-mit-carbonfiber-optik-zaldi\/#primaryimage"},"image":{"@id":"https:\/\/www.zaldionline.com\/en\/product\/steigbuegel-aus-aluminium-mit-carbonfiber-optik-zaldi\/#primaryimage"},"thumbnailUrl":"https:\/\/www.zaldionline.com\/en\/wp-content\/uploads\/sites\/3\/2021\/07\/Carbon-finished-Steigbuegel-von-zaldionline.com-3.jpg","datePublished":"2021-07-27T11:29:43+00:00","dateModified":"2023-04-08T15:35:12+00:00","description":"Aluminium Steigb\u00fcgel mit Carbon Fiber Optik und sehr breiter anti-rutsch Auflage.Leicht und optisch sehr stilvoll. Erh\u00e4ltlich \u00fcber Zaldionline.com Ref. 21039590001","breadcrumb":{"@id":"https:\/\/www.zaldionline.com\/en\/product\/steigbuegel-aus-aluminium-mit-carbonfiber-optik-zaldi\/#breadcrumb"},"inLanguage":"en-GB","potentialAction":[{"@type":"ReadAction","target":["https:\/\/www.zaldionline.com\/en\/product\/steigbuegel-aus-aluminium-mit-carbonfiber-optik-zaldi\/"]}]},{"@type":"ImageObject","inLanguage":"en-GB","@id":"https:\/\/www.zaldionline.com\/en\/product\/steigbuegel-aus-aluminium-mit-carbonfiber-optik-zaldi\/#primaryimage","url":"https:\/\/www.zaldionline.com\/en\/wp-content\/uploads\/sites\/3\/2021\/07\/Carbon-finished-Steigbuegel-von-zaldionline.com-3.jpg","contentUrl":"https:\/\/www.zaldionline.com\/en\/wp-content\/uploads\/sites\/3\/2021\/07\/Carbon-finished-Steigbuegel-von-zaldionline.com-3.jpg","width":724,"height":723},{"@type":"BreadcrumbList","@id":"https:\/\/www.zaldionline.com\/en\/product\/steigbuegel-aus-aluminium-mit-carbonfiber-optik-zaldi\/#breadcrumb","itemListElement":[{"@type":"ListItem","position":1,"name":"Portada","item":"https:\/\/www.zaldionline.com\/en\/"},{"@type":"ListItem","position":2,"name":"Saddles &#038; Accessories","item":"https:\/\/www.zaldionline.com\/en\/saddles-and-accessories\/"},{"@type":"ListItem","position":3,"name":"ZALDI STEIGB\u00dcGEL AUS ALUMINIUM IN CARBONFIBER-OPTIK"}]},{"@type":"WebSite","@id":"https:\/\/www.zaldionline.com\/en\/#website","url":"https:\/\/www.zaldionline.com\/en\/","name":"Zaldi Online","description":"The best products for horses","potentialAction":[{"@type":"SearchAction","target":{"@type":"EntryPoint","urlTemplate":"https:\/\/www.zaldionline.com\/en\/?s={search_term_string}"},"query-input":{"@type":"PropertyValueSpecification","valueRequired":true,"valueName":"search_term_string"}}],"inLanguage":"en-GB"}]}},"_links":{"self":[{"href":"https:\/\/www.zaldionline.com\/en\/wp-json\/wp\/v2\/product\/18064","targetHints":{"allow":["GET"]}}],"collection":[{"href":"https:\/\/www.zaldionline.com\/en\/wp-json\/wp\/v2\/product"}],"about":[{"href":"https:\/\/www.zaldionline.com\/en\/wp-json\/wp\/v2\/types\/product"}],"replies":[{"embeddable":true,"href":"https:\/\/www.zaldionline.com\/en\/wp-json\/wp\/v2\/comments?post=18064"}],"version-history":[{"count":3,"href":"https:\/\/www.zaldionline.com\/en\/wp-json\/wp\/v2\/product\/18064\/revisions"}],"predecessor-version":[{"id":22391,"href":"https:\/\/www.zaldionline.com\/en\/wp-json\/wp\/v2\/product\/18064\/revisions\/22391"}],"wp:featuredmedia":[{"embeddable":true,"href":"https:\/\/www.zaldionline.com\/en\/wp-json\/wp\/v2\/media\/18068"}],"wp:attachment":[{"href":"https:\/\/www.zaldionline.com\/en\/wp-json\/wp\/v2\/media?parent=18064"}],"wp:term":[{"taxonomy":"product_brand","embeddable":true,"href":"https:\/\/www.zaldionline.com\/en\/wp-json\/wp\/v2\/product_brand?post=18064"},{"taxonomy":"product_cat","embeddable":true,"href":"https:\/\/www.zaldionline.com\/en\/wp-json\/wp\/v2\/product_cat?post=18064"},{"taxonomy":"product_tag","embeddable":true,"href":"https:\/\/www.zaldionline.com\/en\/wp-json\/wp\/v2\/product_tag?post=18064"}],"curies":[{"name":"wp","href":"https:\/\/api.w.org\/{rel}","templated":true}]}}