{"id":18150,"date":"2021-10-24T09:30:29","date_gmt":"2021-10-24T09:30:29","guid":{"rendered":"https:\/\/zaldionline.com\/?post_type=product&#038;p=18150"},"modified":"2023-04-08T15:02:15","modified_gmt":"2023-04-08T15:02:15","slug":"gel-sitzpolster-fuer-dressur-oder-vielseitigkeitssaettel","status":"publish","type":"product","link":"https:\/\/www.zaldionline.com\/en\/product\/gel-sitzpolster-fuer-dressur-oder-vielseitigkeitssaettel\/","title":{"rendered":"GEL SITZPOLSTER F\u00dcR DRESSUR ODER VIELSEITIGKEITSS\u00c4TTEL"},"content":{"rendered":"<p>Preis inkl. MwSt.: 112,25 \u20ac<\/p>\n<p><span class=\"VIiyi\" lang=\"de\"><span class=\"JLqJ4b ChMk0b\" data-language-for-alternatives=\"de\" data-language-to-translate-into=\"es\" data-phrase-index=\"0\" data-number-of-phrases=\"9\">Sitzbezug mit Gel Innen- und Au\u00dfenseite in Dri-Lex-Oberfl\u00e4che f\u00fcr Dressurs\u00e4ttel oder den allgemeinen Gebrauch<\/span><\/span><\/p>\n<p><span class=\"VIiyi\" lang=\"de\"><span class=\"JLqJ4b ChMk0b\" data-language-for-alternatives=\"de\" data-language-to-translate-into=\"es\" data-phrase-index=\"2\" data-number-of-phrases=\"9\">Reduziert Beschwerden und Unebenheiten im unteren R\u00fcckenbereich<\/span><\/span><\/p>\n<p><span class=\"VIiyi\" lang=\"de\"><span class=\"JLqJ4b ChMk0b\" data-language-for-alternatives=\"de\" data-language-to-translate-into=\"es\" data-phrase-index=\"4\" data-number-of-phrases=\"9\">Maximaler Komfort und Atmungsaktivit\u00e4t<\/span><\/span><\/p>\n<p><span class=\"VIiyi\" lang=\"de\"><span class=\"JLqJ4b ChMk0b\" data-language-for-alternatives=\"de\" data-language-to-translate-into=\"es\" data-phrase-index=\"6\" data-number-of-phrases=\"9\">Diskret und einfach auf jeden Dressur- oder Vielseitigkeitssattel zu montieren<\/span><\/span><\/p>\n<p><span class=\"VIiyi\" lang=\"de\"><span class=\"JLqJ4b ChMk0b\" data-language-for-alternatives=\"de\" data-language-to-translate-into=\"es\" data-phrase-index=\"8\" data-number-of-phrases=\"9\">Farben: Schwarz, Braun.<\/span><\/span><\/p>\n<p>Einheitsgr\u00f6\u00dfe: <span data-language-for-alternatives=\"de\" data-language-to-translate-into=\"es\" data-phrase-index=\"15\">Ma\u00dfe: 48&#215;50 cm<\/span><\/p>\n<p><strong>ARTIKEL IST VOM UMTAUSCH ODER DER R\u00dcCKGABE AUSGESCHLOSSEN<\/strong><\/p>\n<p>Farbe: schwarz, braun<\/p>\n<p>Ref. 21045290301<\/p>\n","protected":false},"excerpt":{"rendered":"<p>Preis inkl. MwSt.: 112,25 \u20ac Sitzbezug mit Gel Innen- und Au\u00dfenseite in Dri-Lex-Oberfl\u00e4che f\u00fcr Dressurs\u00e4ttel oder den allgemeinen Gebrauch Reduziert Beschwerden und Unebenheiten im unteren R\u00fcckenbereich Maximaler Komfort und Atmungsaktivit\u00e4t Diskret und einfach auf jeden Dressur- oder Vielseitigkeitssattel zu montieren Farben: Schwarz, Braun. Einheitsgr\u00f6\u00dfe: Ma\u00dfe: 48&#215;50 cm ARTIKEL IST VOM UMTAUSCH ODER DER R\u00dcCKGABE AUSGESCHLOSSEN [&hellip;]<\/p>\n","protected":false},"featured_media":18151,"comment_status":"open","ping_status":"closed","template":"","meta":{"site-sidebar-layout":"default","site-content-layout":"default","ast-site-content-layout":"default","site-content-style":"default","site-sidebar-style":"default","ast-global-header-display":"","ast-banner-title-visibility":"","ast-main-header-display":"","ast-hfb-above-header-display":"","ast-hfb-below-header-display":"","ast-hfb-mobile-header-display":"","site-post-title":"","ast-breadcrumbs-content":"","ast-featured-img":"","footer-sml-layout":"","ast-disable-related-posts":"","theme-transparent-header-meta":"default","adv-header-id-meta":"","stick-header-meta":"","header-above-stick-meta":"","header-main-stick-meta":"","header-below-stick-meta":"","astra-migrate-meta-layouts":"default","ast-page-background-enabled":"default","ast-page-background-meta":{"desktop":{"background-color":"var(--ast-global-color-4)","background-image":"","background-repeat":"repeat","background-position":"center center","background-size":"auto","background-attachment":"scroll","background-type":"","background-media":"","overlay-type":"","overlay-color":"","overlay-opacity":"","overlay-gradient":""},"tablet":{"background-color":"","background-image":"","background-repeat":"repeat","background-position":"center center","background-size":"auto","background-attachment":"scroll","background-type":"","background-media":"","overlay-type":"","overlay-color":"","overlay-opacity":"","overlay-gradient":""},"mobile":{"background-color":"","background-image":"","background-repeat":"repeat","background-position":"center center","background-size":"auto","background-attachment":"scroll","background-type":"","background-media":"","overlay-type":"","overlay-color":"","overlay-opacity":"","overlay-gradient":""}},"ast-content-background-meta":{"desktop":{"background-color":"var(--ast-global-color-5)","background-image":"","background-repeat":"repeat","background-position":"center center","background-size":"auto","background-attachment":"scroll","background-type":"","background-media":"","overlay-type":"","overlay-color":"","overlay-opacity":"","overlay-gradient":""},"tablet":{"background-color":"var(--ast-global-color-5)","background-image":"","background-repeat":"repeat","background-position":"center center","background-size":"auto","background-attachment":"scroll","background-type":"","background-media":"","overlay-type":"","overlay-color":"","overlay-opacity":"","overlay-gradient":""},"mobile":{"background-color":"var(--ast-global-color-5)","background-image":"","background-repeat":"repeat","background-position":"center center","background-size":"auto","background-attachment":"scroll","background-type":"","background-media":"","overlay-type":"","overlay-color":"","overlay-opacity":"","overlay-gradient":""}},"ngg_post_thumbnail":0},"product_brand":[],"product_cat":[18,61],"product_tag":[644,645,647,341,646,382,637,642,643,638,639,641,640,202,340,393,337,338,339],"class_list":{"0":"post-18150","1":"product","2":"type-product","3":"status-publish","4":"has-post-thumbnail","6":"product_cat-accessories","7":"product_cat-saddle-cloth-blanket","8":"product_tag-asiento-gel","9":"product_tag-asiento-gel-doma","10":"product_tag-asiento-gel-uso-general","11":"product_tag-bienestarcaballo","12":"product_tag-doma","13":"product_tag-dressursattel","14":"product_tag-gel-sitzpolster","15":"product_tag-gelpolster","16":"product_tag-gelpolster-fuer-sattel","17":"product_tag-satteldecke","18":"product_tag-satteldecken","19":"product_tag-schabracke","20":"product_tag-schabracken","21":"product_tag-sillas","22":"product_tag-susanne-nagel","23":"product_tag-vielseitigkeitssattel","24":"product_tag-zaldi","25":"product_tag-zaldi-deutschland","26":"product_tag-zaldi-online-com","27":"desktop-align-left","28":"tablet-align-left","29":"mobile-align-left","31":"first","32":"instock","33":"taxable","34":"shipping-taxable","35":"purchasable","36":"product-type-variable"},"yoast_head":"<!-- This site is optimized with the Yoast SEO plugin v27.4 - https:\/\/yoast.com\/product\/yoast-seo-wordpress\/ -->\n<title>GEL SITZPOLSTER F\u00dcR DRESSUR ODER VIELSEITIGKEITSS\u00c4TTEL - Zaldi Online<\/title>\n<meta name=\"description\" content=\"Sitzbezug mit Gel Innen- und Au\u00dfenseite in Dri-Lex-Oberfl\u00e4che f\u00fcr Dressurs\u00e4ttel oder den allgemeinen Gebrauch. Reduziert Beschwerden und Unebenheiten im unteren R\u00fcckenbereich. Maximaler Komfort und Atmungsaktivit\u00e4t. Diskret und einfach auf jeden Dressur- oder Vielseitigkeitssattel zu montieren. Farben: Schwarz, Braun. Einheitsgr\u00f6\u00dfe: Ma\u00dfe: 48x50 cm. Farbe: schwarz, braun. Erh\u00e4ltlich \u00fcber Zadionline.com Ref. 21045290301\" \/>\n<meta name=\"robots\" content=\"index, follow, max-snippet:-1, max-image-preview:large, max-video-preview:-1\" \/>\n<link rel=\"canonical\" href=\"https:\/\/www.zaldionline.com\/en\/product\/gel-sitzpolster-fuer-dressur-oder-vielseitigkeitssaettel\/\" \/>\n<meta property=\"og:locale\" content=\"en_GB\" \/>\n<meta property=\"og:type\" content=\"article\" \/>\n<meta property=\"og:title\" content=\"GEL SITZPOLSTER F\u00dcR DRESSUR ODER VIELSEITIGKEITSS\u00c4TTEL - Zaldi Online\" \/>\n<meta property=\"og:description\" content=\"Sitzbezug mit Gel Innen- und Au\u00dfenseite in Dri-Lex-Oberfl\u00e4che f\u00fcr Dressurs\u00e4ttel oder den allgemeinen Gebrauch. Reduziert Beschwerden und Unebenheiten im unteren R\u00fcckenbereich. Maximaler Komfort und Atmungsaktivit\u00e4t. Diskret und einfach auf jeden Dressur- oder Vielseitigkeitssattel zu montieren. Farben: Schwarz, Braun. Einheitsgr\u00f6\u00dfe: Ma\u00dfe: 48x50 cm. Farbe: schwarz, braun. Erh\u00e4ltlich \u00fcber Zadionline.com Ref. 21045290301\" \/>\n<meta property=\"og:url\" content=\"https:\/\/www.zaldionline.com\/en\/product\/gel-sitzpolster-fuer-dressur-oder-vielseitigkeitssaettel\/\" \/>\n<meta property=\"og:site_name\" content=\"Zaldi Online\" \/>\n<meta property=\"article:modified_time\" content=\"2023-04-08T15:02:15+00:00\" \/>\n<meta property=\"og:image\" content=\"https:\/\/www.zaldionline.com\/en\/wp-content\/uploads\/sites\/3\/2021\/10\/Bild_2021-10-24_114345.png\" \/>\n\t<meta property=\"og:image:width\" content=\"755\" \/>\n\t<meta property=\"og:image:height\" content=\"787\" \/>\n\t<meta property=\"og:image:type\" content=\"image\/png\" \/>\n<meta name=\"twitter:card\" content=\"summary_large_image\" \/>\n<meta name=\"twitter:label1\" content=\"Estimated reading time\" \/>\n\t<meta name=\"twitter:data1\" content=\"1 minute\" \/>\n<script type=\"application\/ld+json\" class=\"yoast-schema-graph\">{\"@context\":\"https:\\\/\\\/schema.org\",\"@graph\":[{\"@type\":\"WebPage\",\"@id\":\"https:\\\/\\\/www.zaldionline.com\\\/en\\\/product\\\/gel-sitzpolster-fuer-dressur-oder-vielseitigkeitssaettel\\\/\",\"url\":\"https:\\\/\\\/www.zaldionline.com\\\/en\\\/product\\\/gel-sitzpolster-fuer-dressur-oder-vielseitigkeitssaettel\\\/\",\"name\":\"GEL SITZPOLSTER F\u00dcR DRESSUR ODER VIELSEITIGKEITSS\u00c4TTEL - Zaldi Online\",\"isPartOf\":{\"@id\":\"https:\\\/\\\/www.zaldionline.com\\\/en\\\/#website\"},\"primaryImageOfPage\":{\"@id\":\"https:\\\/\\\/www.zaldionline.com\\\/en\\\/product\\\/gel-sitzpolster-fuer-dressur-oder-vielseitigkeitssaettel\\\/#primaryimage\"},\"image\":{\"@id\":\"https:\\\/\\\/www.zaldionline.com\\\/en\\\/product\\\/gel-sitzpolster-fuer-dressur-oder-vielseitigkeitssaettel\\\/#primaryimage\"},\"thumbnailUrl\":\"https:\\\/\\\/www.zaldionline.com\\\/en\\\/wp-content\\\/uploads\\\/sites\\\/3\\\/2021\\\/10\\\/Bild_2021-10-24_114345.png\",\"datePublished\":\"2021-10-24T09:30:29+00:00\",\"dateModified\":\"2023-04-08T15:02:15+00:00\",\"description\":\"Sitzbezug mit Gel Innen- und Au\u00dfenseite in Dri-Lex-Oberfl\u00e4che f\u00fcr Dressurs\u00e4ttel oder den allgemeinen Gebrauch. Reduziert Beschwerden und Unebenheiten im unteren R\u00fcckenbereich. Maximaler Komfort und Atmungsaktivit\u00e4t. Diskret und einfach auf jeden Dressur- oder Vielseitigkeitssattel zu montieren. Farben: Schwarz, Braun. Einheitsgr\u00f6\u00dfe: Ma\u00dfe: 48x50 cm. Farbe: schwarz, braun. Erh\u00e4ltlich \u00fcber Zadionline.com Ref. 21045290301\",\"breadcrumb\":{\"@id\":\"https:\\\/\\\/www.zaldionline.com\\\/en\\\/product\\\/gel-sitzpolster-fuer-dressur-oder-vielseitigkeitssaettel\\\/#breadcrumb\"},\"inLanguage\":\"en-GB\",\"potentialAction\":[{\"@type\":\"ReadAction\",\"target\":[\"https:\\\/\\\/www.zaldionline.com\\\/en\\\/product\\\/gel-sitzpolster-fuer-dressur-oder-vielseitigkeitssaettel\\\/\"]}]},{\"@type\":\"ImageObject\",\"inLanguage\":\"en-GB\",\"@id\":\"https:\\\/\\\/www.zaldionline.com\\\/en\\\/product\\\/gel-sitzpolster-fuer-dressur-oder-vielseitigkeitssaettel\\\/#primaryimage\",\"url\":\"https:\\\/\\\/www.zaldionline.com\\\/en\\\/wp-content\\\/uploads\\\/sites\\\/3\\\/2021\\\/10\\\/Bild_2021-10-24_114345.png\",\"contentUrl\":\"https:\\\/\\\/www.zaldionline.com\\\/en\\\/wp-content\\\/uploads\\\/sites\\\/3\\\/2021\\\/10\\\/Bild_2021-10-24_114345.png\",\"width\":755,\"height\":787},{\"@type\":\"BreadcrumbList\",\"@id\":\"https:\\\/\\\/www.zaldionline.com\\\/en\\\/product\\\/gel-sitzpolster-fuer-dressur-oder-vielseitigkeitssaettel\\\/#breadcrumb\",\"itemListElement\":[{\"@type\":\"ListItem\",\"position\":1,\"name\":\"Portada\",\"item\":\"https:\\\/\\\/www.zaldionline.com\\\/en\\\/\"},{\"@type\":\"ListItem\",\"position\":2,\"name\":\"Saddles &#038; Accessories\",\"item\":\"https:\\\/\\\/www.zaldionline.com\\\/en\\\/saddles-and-accessories\\\/\"},{\"@type\":\"ListItem\",\"position\":3,\"name\":\"GEL SITZPOLSTER F\u00dcR DRESSUR ODER VIELSEITIGKEITSS\u00c4TTEL\"}]},{\"@type\":\"WebSite\",\"@id\":\"https:\\\/\\\/www.zaldionline.com\\\/en\\\/#website\",\"url\":\"https:\\\/\\\/www.zaldionline.com\\\/en\\\/\",\"name\":\"Zaldi Online\",\"description\":\"The best products for horses\",\"potentialAction\":[{\"@type\":\"SearchAction\",\"target\":{\"@type\":\"EntryPoint\",\"urlTemplate\":\"https:\\\/\\\/www.zaldionline.com\\\/en\\\/?s={search_term_string}\"},\"query-input\":{\"@type\":\"PropertyValueSpecification\",\"valueRequired\":true,\"valueName\":\"search_term_string\"}}],\"inLanguage\":\"en-GB\"}]}<\/script>\n<!-- \/ Yoast SEO plugin. -->","yoast_head_json":{"title":"GEL SITZPOLSTER F\u00dcR DRESSUR ODER VIELSEITIGKEITSS\u00c4TTEL - Zaldi Online","description":"Sitzbezug mit Gel Innen- und Au\u00dfenseite in Dri-Lex-Oberfl\u00e4che f\u00fcr Dressurs\u00e4ttel oder den allgemeinen Gebrauch. Reduziert Beschwerden und Unebenheiten im unteren R\u00fcckenbereich. Maximaler Komfort und Atmungsaktivit\u00e4t. Diskret und einfach auf jeden Dressur- oder Vielseitigkeitssattel zu montieren. Farben: Schwarz, Braun. Einheitsgr\u00f6\u00dfe: Ma\u00dfe: 48x50 cm. Farbe: schwarz, braun. Erh\u00e4ltlich \u00fcber Zadionline.com Ref. 21045290301","robots":{"index":"index","follow":"follow","max-snippet":"max-snippet:-1","max-image-preview":"max-image-preview:large","max-video-preview":"max-video-preview:-1"},"canonical":"https:\/\/www.zaldionline.com\/en\/product\/gel-sitzpolster-fuer-dressur-oder-vielseitigkeitssaettel\/","og_locale":"en_GB","og_type":"article","og_title":"GEL SITZPOLSTER F\u00dcR DRESSUR ODER VIELSEITIGKEITSS\u00c4TTEL - Zaldi Online","og_description":"Sitzbezug mit Gel Innen- und Au\u00dfenseite in Dri-Lex-Oberfl\u00e4che f\u00fcr Dressurs\u00e4ttel oder den allgemeinen Gebrauch. Reduziert Beschwerden und Unebenheiten im unteren R\u00fcckenbereich. Maximaler Komfort und Atmungsaktivit\u00e4t. Diskret und einfach auf jeden Dressur- oder Vielseitigkeitssattel zu montieren. Farben: Schwarz, Braun. Einheitsgr\u00f6\u00dfe: Ma\u00dfe: 48x50 cm. Farbe: schwarz, braun. Erh\u00e4ltlich \u00fcber Zadionline.com Ref. 21045290301","og_url":"https:\/\/www.zaldionline.com\/en\/product\/gel-sitzpolster-fuer-dressur-oder-vielseitigkeitssaettel\/","og_site_name":"Zaldi Online","article_modified_time":"2023-04-08T15:02:15+00:00","og_image":[{"width":755,"height":787,"url":"https:\/\/www.zaldionline.com\/en\/wp-content\/uploads\/sites\/3\/2021\/10\/Bild_2021-10-24_114345.png","type":"image\/png"}],"twitter_card":"summary_large_image","twitter_misc":{"Estimated reading time":"1 minute"},"schema":{"@context":"https:\/\/schema.org","@graph":[{"@type":"WebPage","@id":"https:\/\/www.zaldionline.com\/en\/product\/gel-sitzpolster-fuer-dressur-oder-vielseitigkeitssaettel\/","url":"https:\/\/www.zaldionline.com\/en\/product\/gel-sitzpolster-fuer-dressur-oder-vielseitigkeitssaettel\/","name":"GEL SITZPOLSTER F\u00dcR DRESSUR ODER VIELSEITIGKEITSS\u00c4TTEL - Zaldi Online","isPartOf":{"@id":"https:\/\/www.zaldionline.com\/en\/#website"},"primaryImageOfPage":{"@id":"https:\/\/www.zaldionline.com\/en\/product\/gel-sitzpolster-fuer-dressur-oder-vielseitigkeitssaettel\/#primaryimage"},"image":{"@id":"https:\/\/www.zaldionline.com\/en\/product\/gel-sitzpolster-fuer-dressur-oder-vielseitigkeitssaettel\/#primaryimage"},"thumbnailUrl":"https:\/\/www.zaldionline.com\/en\/wp-content\/uploads\/sites\/3\/2021\/10\/Bild_2021-10-24_114345.png","datePublished":"2021-10-24T09:30:29+00:00","dateModified":"2023-04-08T15:02:15+00:00","description":"Sitzbezug mit Gel Innen- und Au\u00dfenseite in Dri-Lex-Oberfl\u00e4che f\u00fcr Dressurs\u00e4ttel oder den allgemeinen Gebrauch. Reduziert Beschwerden und Unebenheiten im unteren R\u00fcckenbereich. Maximaler Komfort und Atmungsaktivit\u00e4t. Diskret und einfach auf jeden Dressur- oder Vielseitigkeitssattel zu montieren. Farben: Schwarz, Braun. Einheitsgr\u00f6\u00dfe: Ma\u00dfe: 48x50 cm. Farbe: schwarz, braun. Erh\u00e4ltlich \u00fcber Zadionline.com Ref. 21045290301","breadcrumb":{"@id":"https:\/\/www.zaldionline.com\/en\/product\/gel-sitzpolster-fuer-dressur-oder-vielseitigkeitssaettel\/#breadcrumb"},"inLanguage":"en-GB","potentialAction":[{"@type":"ReadAction","target":["https:\/\/www.zaldionline.com\/en\/product\/gel-sitzpolster-fuer-dressur-oder-vielseitigkeitssaettel\/"]}]},{"@type":"ImageObject","inLanguage":"en-GB","@id":"https:\/\/www.zaldionline.com\/en\/product\/gel-sitzpolster-fuer-dressur-oder-vielseitigkeitssaettel\/#primaryimage","url":"https:\/\/www.zaldionline.com\/en\/wp-content\/uploads\/sites\/3\/2021\/10\/Bild_2021-10-24_114345.png","contentUrl":"https:\/\/www.zaldionline.com\/en\/wp-content\/uploads\/sites\/3\/2021\/10\/Bild_2021-10-24_114345.png","width":755,"height":787},{"@type":"BreadcrumbList","@id":"https:\/\/www.zaldionline.com\/en\/product\/gel-sitzpolster-fuer-dressur-oder-vielseitigkeitssaettel\/#breadcrumb","itemListElement":[{"@type":"ListItem","position":1,"name":"Portada","item":"https:\/\/www.zaldionline.com\/en\/"},{"@type":"ListItem","position":2,"name":"Saddles &#038; Accessories","item":"https:\/\/www.zaldionline.com\/en\/saddles-and-accessories\/"},{"@type":"ListItem","position":3,"name":"GEL SITZPOLSTER F\u00dcR DRESSUR ODER VIELSEITIGKEITSS\u00c4TTEL"}]},{"@type":"WebSite","@id":"https:\/\/www.zaldionline.com\/en\/#website","url":"https:\/\/www.zaldionline.com\/en\/","name":"Zaldi Online","description":"The best products for horses","potentialAction":[{"@type":"SearchAction","target":{"@type":"EntryPoint","urlTemplate":"https:\/\/www.zaldionline.com\/en\/?s={search_term_string}"},"query-input":{"@type":"PropertyValueSpecification","valueRequired":true,"valueName":"search_term_string"}}],"inLanguage":"en-GB"}]}},"_links":{"self":[{"href":"https:\/\/www.zaldionline.com\/en\/wp-json\/wp\/v2\/product\/18150","targetHints":{"allow":["GET"]}}],"collection":[{"href":"https:\/\/www.zaldionline.com\/en\/wp-json\/wp\/v2\/product"}],"about":[{"href":"https:\/\/www.zaldionline.com\/en\/wp-json\/wp\/v2\/types\/product"}],"replies":[{"embeddable":true,"href":"https:\/\/www.zaldionline.com\/en\/wp-json\/wp\/v2\/comments?post=18150"}],"version-history":[{"count":1,"href":"https:\/\/www.zaldionline.com\/en\/wp-json\/wp\/v2\/product\/18150\/revisions"}],"predecessor-version":[{"id":23170,"href":"https:\/\/www.zaldionline.com\/en\/wp-json\/wp\/v2\/product\/18150\/revisions\/23170"}],"wp:featuredmedia":[{"embeddable":true,"href":"https:\/\/www.zaldionline.com\/en\/wp-json\/wp\/v2\/media\/18151"}],"wp:attachment":[{"href":"https:\/\/www.zaldionline.com\/en\/wp-json\/wp\/v2\/media?parent=18150"}],"wp:term":[{"taxonomy":"product_brand","embeddable":true,"href":"https:\/\/www.zaldionline.com\/en\/wp-json\/wp\/v2\/product_brand?post=18150"},{"taxonomy":"product_cat","embeddable":true,"href":"https:\/\/www.zaldionline.com\/en\/wp-json\/wp\/v2\/product_cat?post=18150"},{"taxonomy":"product_tag","embeddable":true,"href":"https:\/\/www.zaldionline.com\/en\/wp-json\/wp\/v2\/product_tag?post=18150"}],"curies":[{"name":"wp","href":"https:\/\/api.w.org\/{rel}","templated":true}]}}