{"id":20616,"date":"2022-11-17T09:51:02","date_gmt":"2022-11-17T09:51:02","guid":{"rendered":"https:\/\/www.zaldionline.com\/?post_type=product&#038;p=20616"},"modified":"2023-02-13T09:56:18","modified_gmt":"2023-02-13T09:56:18","slug":"vs-zaldi-europa-2g-einzelstueck","status":"publish","type":"product","link":"https:\/\/www.zaldionline.com\/en\/product\/vs-zaldi-europa-2g-einzelstueck\/","title":{"rendered":"VS ZALDI EUROPA 2G &#8211; EINZELST\u00dcCK- 17,5&#8242;"},"content":{"rendered":"\t\t<div data-elementor-type=\"wp-post\" data-elementor-id=\"20616\" class=\"elementor elementor-20616\">\n\t\t\t\t\t\t<section class=\"elementor-section elementor-top-section elementor-element elementor-element-69bfe68 elementor-section-boxed elementor-section-height-default elementor-section-height-default\" data-id=\"69bfe68\" data-element_type=\"section\" data-e-type=\"section\">\n\t\t\t\t\t\t<div class=\"elementor-container elementor-column-gap-default\">\n\t\t\t\t\t<div class=\"elementor-column elementor-col-100 elementor-top-column elementor-element elementor-element-36ac12e4\" data-id=\"36ac12e4\" data-element_type=\"column\" data-e-type=\"column\">\n\t\t\t<div class=\"elementor-widget-wrap elementor-element-populated\">\n\t\t\t\t\t\t<div class=\"elementor-element elementor-element-15ab4a9 elementor-widget elementor-widget-text-editor\" data-id=\"15ab4a9\" data-element_type=\"widget\" data-e-type=\"widget\" data-widget_type=\"text-editor.default\">\n\t\t\t\t<div class=\"elementor-widget-container\">\n\t\t\t\t\t\t\t\t\t<p>Verkaufe neuen ZALDI Vielseitigkeitssattel Europa 2G, selbst ver\u00e4nderbar.<\/p><p>Mit allem Zubeh\u00f6r kostet dieser regul\u00e4r 1.930,00\u20ac.<\/p><p>Nun aber <strong>zum Sonderpreis von 1.530,00\u20ac. Spare somit 400,00\u20ac <\/strong>zum Originalpreis.<\/p><p>Sofort lieferbar:<\/p><p>Dieser vielseitige Sattel (f\u00fcr Dressur, Ausreiten oder Springen) verf\u00fcgt \u00fcber folgende Eigenschaften und Extras:<\/p><ol><li>Austauschbares Kopfeisen (eingebaut 29cm, zus\u00e4tzliche Kopfeisen erh\u00e4ltlich)<\/li><li>Kanalbreite zwischen den Kissen 9cm (ver\u00e4nderbar)<\/li><li>Multi-Positionskissen zum leichten auff\u00fcllen\/anpassen<\/li><li>Extra gepolsteter Sitz f\u00fcr den absoluten Sitzkomfort<\/li><li>Vorgurtstrippe mit zwei Positionen zum Position \u00e4ndern<\/li><li>Frauenversion (vorne etwas schmaler, im Sitzh\u00f6ckerbereich etwas breiter)<\/li><li>Dunkelbraun mit Keder, Vorst\u00f6\u00dfen und N\u00e4hten in tostado (Cognac)<\/li><li>Doubliertes Taschenleder<\/li><li>Silberne Beschl\u00e4ge<\/li><li>Zaldi Steigb\u00fcgelriemen Competici\u00f3n braun mit tostado N\u00e4hten<\/li><li>Steigb\u00fcgel Acavallo Opera Braun<\/li><li>Sattelgr\u00f6\u00dfe: 17,5&#8242;<\/li><\/ol><p>Es ist unser Probesattel, aber er wurde nur einmal ausprobiert und hat somit keine Gebrauchsspuren. Wird verkauft, da wir ein anderes Model als Probesattel mit aufnehmen m\u00f6chten.<\/p><p>Wird f\u00fcr 400,00\u20ac weniger verkauft, 1.530,00\u20ac.<\/p><p>F\u00fcr Infos und Videos des Sattels und des Zubeh\u00f6rs: <a href=\"http:\/\/www.zaldionline.com\">www.zaldionline.com<\/a><\/p><p>F\u00fcr ein Video genau dieses Sattels: <a href=\"https:\/\/www.youtube.com\/watch?v=9FlrJy-DeUM&amp;t=14s&amp;ab_channel=BIENESTARCABALLO%28bySusanneNagel%29\">https:\/\/www.youtube.com\/watch?v=9FlrJy-DeUM&amp;t=14s&amp;ab_channel=BIENESTARCABALLO%28bySusanneNagel%29<\/a><\/p><p>Dieser Sattel kann auch neu, nach Deinen W\u00fcnschen hergestellt werden. Auf Wunsch mit festem (kalt verstellbaren Kopfeisen) und nach EQUIscan\u00ae Ma\u00dfen.<\/p>\t\t\t\t\t\t\t\t<\/div>\n\t\t\t\t<\/div>\n\t\t\t\t\t<\/div>\n\t\t<\/div>\n\t\t\t\t\t<\/div>\n\t\t<\/section>\n\t\t\t\t<\/div>\n\t\t","protected":false},"excerpt":{"rendered":"<p>Verkaufe neuen ZALDI Vielseitigkeitssattel Europa 2G, selbst ver\u00e4nderbar. Mit allem Zubeh\u00f6r kostet dieser regul\u00e4r 1.930,00\u20ac. Nun aber zum Sonderpreis von 1.530,00\u20ac. Spare somit 400,00\u20ac zum Originalpreis. Sofort lieferbar: Dieser vielseitige Sattel (f\u00fcr Dressur, Ausreiten oder Springen) verf\u00fcgt \u00fcber folgende Eigenschaften und Extras: Austauschbares Kopfeisen (eingebaut 29cm, zus\u00e4tzliche Kopfeisen erh\u00e4ltlich) Kanalbreite zwischen den Kissen 9cm (ver\u00e4nderbar) [&hellip;]<\/p>\n","protected":false},"featured_media":20618,"comment_status":"open","ping_status":"closed","template":"","meta":{"site-sidebar-layout":"default","site-content-layout":"","ast-site-content-layout":"default","site-content-style":"default","site-sidebar-style":"default","ast-global-header-display":"","ast-banner-title-visibility":"","ast-main-header-display":"","ast-hfb-above-header-display":"","ast-hfb-below-header-display":"","ast-hfb-mobile-header-display":"","site-post-title":"","ast-breadcrumbs-content":"","ast-featured-img":"","footer-sml-layout":"","ast-disable-related-posts":"","theme-transparent-header-meta":"","adv-header-id-meta":"","stick-header-meta":"","header-above-stick-meta":"","header-main-stick-meta":"","header-below-stick-meta":"","astra-migrate-meta-layouts":"default","ast-page-background-enabled":"default","ast-page-background-meta":{"desktop":{"background-color":"var(--ast-global-color-4)","background-image":"","background-repeat":"repeat","background-position":"center center","background-size":"auto","background-attachment":"scroll","background-type":"","background-media":"","overlay-type":"","overlay-color":"","overlay-opacity":"","overlay-gradient":""},"tablet":{"background-color":"","background-image":"","background-repeat":"repeat","background-position":"center center","background-size":"auto","background-attachment":"scroll","background-type":"","background-media":"","overlay-type":"","overlay-color":"","overlay-opacity":"","overlay-gradient":""},"mobile":{"background-color":"","background-image":"","background-repeat":"repeat","background-position":"center center","background-size":"auto","background-attachment":"scroll","background-type":"","background-media":"","overlay-type":"","overlay-color":"","overlay-opacity":"","overlay-gradient":""}},"ast-content-background-meta":{"desktop":{"background-color":"var(--ast-global-color-5)","background-image":"","background-repeat":"repeat","background-position":"center center","background-size":"auto","background-attachment":"scroll","background-type":"","background-media":"","overlay-type":"","overlay-color":"","overlay-opacity":"","overlay-gradient":""},"tablet":{"background-color":"var(--ast-global-color-5)","background-image":"","background-repeat":"repeat","background-position":"center center","background-size":"auto","background-attachment":"scroll","background-type":"","background-media":"","overlay-type":"","overlay-color":"","overlay-opacity":"","overlay-gradient":""},"mobile":{"background-color":"var(--ast-global-color-5)","background-image":"","background-repeat":"repeat","background-position":"center center","background-size":"auto","background-attachment":"scroll","background-type":"","background-media":"","overlay-type":"","overlay-color":"","overlay-opacity":"","overlay-gradient":""}},"ngg_post_thumbnail":0},"product_brand":[],"product_cat":[15],"product_tag":[341,424,409,346,415,406,301,343,410,202,391,340,413,416,412,337,338,389,443,339,390],"class_list":{"0":"post-20616","1":"product","2":"type-product","3":"status-publish","4":"has-post-thumbnail","6":"product_cat-nicht-kategoriert","7":"product_tag-bienestarcaballo","8":"product_tag-custom-saddle-veganer-sattel","9":"product_tag-custom-sattel","10":"product_tag-equiscan-zaldi","11":"product_tag-lederfreie-saettel","12":"product_tag-lederfreier-sattel","13":"product_tag-masssattel","14":"product_tag-sattel-guenstig","15":"product_tag-silla-custom","16":"product_tag-sillas","17":"product_tag-springsattel","18":"product_tag-susanne-nagel","19":"product_tag-vegan","20":"product_tag-vegane-saettel","21":"product_tag-verstellbare-saettel","22":"product_tag-zaldi","23":"product_tag-zaldi-deutschland","24":"product_tag-zaldi-masssaettel","25":"product_tag-zaldi-masssattel","26":"product_tag-zaldi-online-com","27":"product_tag-zaldi-springsattel","28":"desktop-align-left","29":"tablet-align-left","30":"mobile-align-left","32":"first","33":"instock","34":"taxable","35":"shipping-taxable","36":"purchasable","37":"product-type-simple"},"yoast_head":"<!-- This site is optimized with the Yoast SEO plugin v27.4 - https:\/\/yoast.com\/product\/yoast-seo-wordpress\/ -->\n<title>VS ZALDI EUROPA 2G - EINZELST\u00dcCK- 17,5&#039; - Zaldi Online<\/title>\n<meta name=\"robots\" content=\"index, follow, max-snippet:-1, max-image-preview:large, max-video-preview:-1\" \/>\n<link rel=\"canonical\" href=\"https:\/\/www.zaldionline.com\/en\/product\/vs-zaldi-europa-2g-einzelstueck\/\" \/>\n<meta property=\"og:locale\" content=\"en_GB\" \/>\n<meta property=\"og:type\" content=\"article\" \/>\n<meta property=\"og:title\" content=\"VS ZALDI EUROPA 2G - EINZELST\u00dcCK- 17,5&#039; - Zaldi Online\" \/>\n<meta property=\"og:description\" content=\"Verkaufe neuen ZALDI Vielseitigkeitssattel Europa 2G, selbst ver\u00e4nderbar. Mit allem Zubeh\u00f6r kostet dieser regul\u00e4r 1.930,00\u20ac. Nun aber zum Sonderpreis von 1.530,00\u20ac. Spare somit 400,00\u20ac zum Originalpreis. Sofort lieferbar: Dieser vielseitige Sattel (f\u00fcr Dressur, Ausreiten oder Springen) verf\u00fcgt \u00fcber folgende Eigenschaften und Extras: Austauschbares Kopfeisen (eingebaut 29cm, zus\u00e4tzliche Kopfeisen erh\u00e4ltlich) Kanalbreite zwischen den Kissen 9cm (ver\u00e4nderbar) [&hellip;]\" \/>\n<meta property=\"og:url\" content=\"https:\/\/www.zaldionline.com\/en\/product\/vs-zaldi-europa-2g-einzelstueck\/\" \/>\n<meta property=\"og:site_name\" content=\"Zaldi Online\" \/>\n<meta property=\"article:modified_time\" content=\"2023-02-13T09:56:18+00:00\" \/>\n<meta property=\"og:image\" content=\"https:\/\/www.zaldionline.com\/en\/wp-content\/uploads\/sites\/3\/2022\/11\/ZALDI-VS-Sattel-Europa-2G-von-ZALDIONLINE-1.jpg\" \/>\n\t<meta property=\"og:image:width\" content=\"555\" \/>\n\t<meta property=\"og:image:height\" content=\"556\" \/>\n\t<meta property=\"og:image:type\" content=\"image\/jpeg\" \/>\n<meta name=\"twitter:card\" content=\"summary_large_image\" \/>\n<meta name=\"twitter:label1\" content=\"Estimated reading time\" \/>\n\t<meta name=\"twitter:data1\" content=\"1 minute\" \/>\n<script type=\"application\/ld+json\" class=\"yoast-schema-graph\">{\"@context\":\"https:\\\/\\\/schema.org\",\"@graph\":[{\"@type\":\"WebPage\",\"@id\":\"https:\\\/\\\/www.zaldionline.com\\\/en\\\/product\\\/vs-zaldi-europa-2g-einzelstueck\\\/\",\"url\":\"https:\\\/\\\/www.zaldionline.com\\\/en\\\/product\\\/vs-zaldi-europa-2g-einzelstueck\\\/\",\"name\":\"VS ZALDI EUROPA 2G - EINZELST\u00dcCK- 17,5' - Zaldi Online\",\"isPartOf\":{\"@id\":\"https:\\\/\\\/www.zaldionline.com\\\/en\\\/#website\"},\"primaryImageOfPage\":{\"@id\":\"https:\\\/\\\/www.zaldionline.com\\\/en\\\/product\\\/vs-zaldi-europa-2g-einzelstueck\\\/#primaryimage\"},\"image\":{\"@id\":\"https:\\\/\\\/www.zaldionline.com\\\/en\\\/product\\\/vs-zaldi-europa-2g-einzelstueck\\\/#primaryimage\"},\"thumbnailUrl\":\"https:\\\/\\\/www.zaldionline.com\\\/en\\\/wp-content\\\/uploads\\\/sites\\\/3\\\/2022\\\/11\\\/ZALDI-VS-Sattel-Europa-2G-von-ZALDIONLINE-1.jpg\",\"datePublished\":\"2022-11-17T09:51:02+00:00\",\"dateModified\":\"2023-02-13T09:56:18+00:00\",\"breadcrumb\":{\"@id\":\"https:\\\/\\\/www.zaldionline.com\\\/en\\\/product\\\/vs-zaldi-europa-2g-einzelstueck\\\/#breadcrumb\"},\"inLanguage\":\"en-GB\",\"potentialAction\":[{\"@type\":\"ReadAction\",\"target\":[\"https:\\\/\\\/www.zaldionline.com\\\/en\\\/product\\\/vs-zaldi-europa-2g-einzelstueck\\\/\"]}]},{\"@type\":\"ImageObject\",\"inLanguage\":\"en-GB\",\"@id\":\"https:\\\/\\\/www.zaldionline.com\\\/en\\\/product\\\/vs-zaldi-europa-2g-einzelstueck\\\/#primaryimage\",\"url\":\"https:\\\/\\\/www.zaldionline.com\\\/en\\\/wp-content\\\/uploads\\\/sites\\\/3\\\/2022\\\/11\\\/ZALDI-VS-Sattel-Europa-2G-von-ZALDIONLINE-1.jpg\",\"contentUrl\":\"https:\\\/\\\/www.zaldionline.com\\\/en\\\/wp-content\\\/uploads\\\/sites\\\/3\\\/2022\\\/11\\\/ZALDI-VS-Sattel-Europa-2G-von-ZALDIONLINE-1.jpg\",\"width\":555,\"height\":556},{\"@type\":\"BreadcrumbList\",\"@id\":\"https:\\\/\\\/www.zaldionline.com\\\/en\\\/product\\\/vs-zaldi-europa-2g-einzelstueck\\\/#breadcrumb\",\"itemListElement\":[{\"@type\":\"ListItem\",\"position\":1,\"name\":\"Portada\",\"item\":\"https:\\\/\\\/www.zaldionline.com\\\/en\\\/\"},{\"@type\":\"ListItem\",\"position\":2,\"name\":\"Saddles &#038; Accessories\",\"item\":\"https:\\\/\\\/www.zaldionline.com\\\/en\\\/saddles-and-accessories\\\/\"},{\"@type\":\"ListItem\",\"position\":3,\"name\":\"VS ZALDI EUROPA 2G &#8211; EINZELST\u00dcCK- 17,5&#8242;\"}]},{\"@type\":\"WebSite\",\"@id\":\"https:\\\/\\\/www.zaldionline.com\\\/en\\\/#website\",\"url\":\"https:\\\/\\\/www.zaldionline.com\\\/en\\\/\",\"name\":\"Zaldi Online\",\"description\":\"The best products for horses\",\"potentialAction\":[{\"@type\":\"SearchAction\",\"target\":{\"@type\":\"EntryPoint\",\"urlTemplate\":\"https:\\\/\\\/www.zaldionline.com\\\/en\\\/?s={search_term_string}\"},\"query-input\":{\"@type\":\"PropertyValueSpecification\",\"valueRequired\":true,\"valueName\":\"search_term_string\"}}],\"inLanguage\":\"en-GB\"}]}<\/script>\n<!-- \/ Yoast SEO plugin. -->","yoast_head_json":{"title":"VS ZALDI EUROPA 2G - EINZELST\u00dcCK- 17,5' - Zaldi Online","robots":{"index":"index","follow":"follow","max-snippet":"max-snippet:-1","max-image-preview":"max-image-preview:large","max-video-preview":"max-video-preview:-1"},"canonical":"https:\/\/www.zaldionline.com\/en\/product\/vs-zaldi-europa-2g-einzelstueck\/","og_locale":"en_GB","og_type":"article","og_title":"VS ZALDI EUROPA 2G - EINZELST\u00dcCK- 17,5' - Zaldi Online","og_description":"Verkaufe neuen ZALDI Vielseitigkeitssattel Europa 2G, selbst ver\u00e4nderbar. Mit allem Zubeh\u00f6r kostet dieser regul\u00e4r 1.930,00\u20ac. Nun aber zum Sonderpreis von 1.530,00\u20ac. Spare somit 400,00\u20ac zum Originalpreis. Sofort lieferbar: Dieser vielseitige Sattel (f\u00fcr Dressur, Ausreiten oder Springen) verf\u00fcgt \u00fcber folgende Eigenschaften und Extras: Austauschbares Kopfeisen (eingebaut 29cm, zus\u00e4tzliche Kopfeisen erh\u00e4ltlich) Kanalbreite zwischen den Kissen 9cm (ver\u00e4nderbar) [&hellip;]","og_url":"https:\/\/www.zaldionline.com\/en\/product\/vs-zaldi-europa-2g-einzelstueck\/","og_site_name":"Zaldi Online","article_modified_time":"2023-02-13T09:56:18+00:00","og_image":[{"width":555,"height":556,"url":"https:\/\/www.zaldionline.com\/en\/wp-content\/uploads\/sites\/3\/2022\/11\/ZALDI-VS-Sattel-Europa-2G-von-ZALDIONLINE-1.jpg","type":"image\/jpeg"}],"twitter_card":"summary_large_image","twitter_misc":{"Estimated reading time":"1 minute"},"schema":{"@context":"https:\/\/schema.org","@graph":[{"@type":"WebPage","@id":"https:\/\/www.zaldionline.com\/en\/product\/vs-zaldi-europa-2g-einzelstueck\/","url":"https:\/\/www.zaldionline.com\/en\/product\/vs-zaldi-europa-2g-einzelstueck\/","name":"VS ZALDI EUROPA 2G - EINZELST\u00dcCK- 17,5' - Zaldi Online","isPartOf":{"@id":"https:\/\/www.zaldionline.com\/en\/#website"},"primaryImageOfPage":{"@id":"https:\/\/www.zaldionline.com\/en\/product\/vs-zaldi-europa-2g-einzelstueck\/#primaryimage"},"image":{"@id":"https:\/\/www.zaldionline.com\/en\/product\/vs-zaldi-europa-2g-einzelstueck\/#primaryimage"},"thumbnailUrl":"https:\/\/www.zaldionline.com\/en\/wp-content\/uploads\/sites\/3\/2022\/11\/ZALDI-VS-Sattel-Europa-2G-von-ZALDIONLINE-1.jpg","datePublished":"2022-11-17T09:51:02+00:00","dateModified":"2023-02-13T09:56:18+00:00","breadcrumb":{"@id":"https:\/\/www.zaldionline.com\/en\/product\/vs-zaldi-europa-2g-einzelstueck\/#breadcrumb"},"inLanguage":"en-GB","potentialAction":[{"@type":"ReadAction","target":["https:\/\/www.zaldionline.com\/en\/product\/vs-zaldi-europa-2g-einzelstueck\/"]}]},{"@type":"ImageObject","inLanguage":"en-GB","@id":"https:\/\/www.zaldionline.com\/en\/product\/vs-zaldi-europa-2g-einzelstueck\/#primaryimage","url":"https:\/\/www.zaldionline.com\/en\/wp-content\/uploads\/sites\/3\/2022\/11\/ZALDI-VS-Sattel-Europa-2G-von-ZALDIONLINE-1.jpg","contentUrl":"https:\/\/www.zaldionline.com\/en\/wp-content\/uploads\/sites\/3\/2022\/11\/ZALDI-VS-Sattel-Europa-2G-von-ZALDIONLINE-1.jpg","width":555,"height":556},{"@type":"BreadcrumbList","@id":"https:\/\/www.zaldionline.com\/en\/product\/vs-zaldi-europa-2g-einzelstueck\/#breadcrumb","itemListElement":[{"@type":"ListItem","position":1,"name":"Portada","item":"https:\/\/www.zaldionline.com\/en\/"},{"@type":"ListItem","position":2,"name":"Saddles &#038; Accessories","item":"https:\/\/www.zaldionline.com\/en\/saddles-and-accessories\/"},{"@type":"ListItem","position":3,"name":"VS ZALDI EUROPA 2G &#8211; EINZELST\u00dcCK- 17,5&#8242;"}]},{"@type":"WebSite","@id":"https:\/\/www.zaldionline.com\/en\/#website","url":"https:\/\/www.zaldionline.com\/en\/","name":"Zaldi Online","description":"The best products for horses","potentialAction":[{"@type":"SearchAction","target":{"@type":"EntryPoint","urlTemplate":"https:\/\/www.zaldionline.com\/en\/?s={search_term_string}"},"query-input":{"@type":"PropertyValueSpecification","valueRequired":true,"valueName":"search_term_string"}}],"inLanguage":"en-GB"}]}},"_links":{"self":[{"href":"https:\/\/www.zaldionline.com\/en\/wp-json\/wp\/v2\/product\/20616","targetHints":{"allow":["GET"]}}],"collection":[{"href":"https:\/\/www.zaldionline.com\/en\/wp-json\/wp\/v2\/product"}],"about":[{"href":"https:\/\/www.zaldionline.com\/en\/wp-json\/wp\/v2\/types\/product"}],"replies":[{"embeddable":true,"href":"https:\/\/www.zaldionline.com\/en\/wp-json\/wp\/v2\/comments?post=20616"}],"version-history":[{"count":0,"href":"https:\/\/www.zaldionline.com\/en\/wp-json\/wp\/v2\/product\/20616\/revisions"}],"wp:featuredmedia":[{"embeddable":true,"href":"https:\/\/www.zaldionline.com\/en\/wp-json\/wp\/v2\/media\/20618"}],"wp:attachment":[{"href":"https:\/\/www.zaldionline.com\/en\/wp-json\/wp\/v2\/media?parent=20616"}],"wp:term":[{"taxonomy":"product_brand","embeddable":true,"href":"https:\/\/www.zaldionline.com\/en\/wp-json\/wp\/v2\/product_brand?post=20616"},{"taxonomy":"product_cat","embeddable":true,"href":"https:\/\/www.zaldionline.com\/en\/wp-json\/wp\/v2\/product_cat?post=20616"},{"taxonomy":"product_tag","embeddable":true,"href":"https:\/\/www.zaldionline.com\/en\/wp-json\/wp\/v2\/product_tag?post=20616"}],"curies":[{"name":"wp","href":"https:\/\/api.w.org\/{rel}","templated":true}]}}