{"id":20712,"date":"2022-12-21T10:20:23","date_gmt":"2022-12-21T10:20:23","guid":{"rendered":"https:\/\/www.zaldionline.com\/?post_type=product&#038;p=20712"},"modified":"2023-03-29T10:53:38","modified_gmt":"2023-03-29T10:53:38","slug":"selbstvermessung-auto-medicion","status":"publish","type":"product","link":"https:\/\/www.zaldionline.com\/en\/product\/selbstvermessung-auto-medicion\/","title":{"rendered":"HILFE BEI SELBSTVERMESSUNG &#038; BERATUNG\/Ayuda para la Auto-medici\u00f3n &#038; asesoramiento"},"content":{"rendered":"\t\t<div data-elementor-type=\"wp-post\" data-elementor-id=\"20712\" class=\"elementor elementor-20712\">\n\t\t\t\t\t\t<section class=\"elementor-section elementor-top-section elementor-element elementor-element-ed9d6cf elementor-section-boxed elementor-section-height-default elementor-section-height-default\" data-id=\"ed9d6cf\" data-element_type=\"section\" data-e-type=\"section\">\n\t\t\t\t\t\t<div class=\"elementor-container elementor-column-gap-default\">\n\t\t\t\t\t<div class=\"elementor-column elementor-col-100 elementor-top-column elementor-element elementor-element-cb9f2b8\" data-id=\"cb9f2b8\" data-element_type=\"column\" data-e-type=\"column\">\n\t\t\t<div class=\"elementor-widget-wrap elementor-element-populated\">\n\t\t\t\t\t\t<div class=\"elementor-element elementor-element-8de6251 elementor-widget elementor-widget-text-editor\" data-id=\"8de6251\" data-element_type=\"widget\" data-e-type=\"widget\" data-widget_type=\"text-editor.default\">\n\t\t\t\t<div class=\"elementor-widget-container\">\n\t\t\t\t\t\t\t\t\t<p>DEUTSCH:<\/p><p>Du erh\u00e4ltst eine <em>ZALDI-<\/em> Ma\u00dfschablone, Zugang zu einem Erkl\u00e4rvideo und ein auszuf\u00fcllendes Formular (auf Deutsch) und vermisst Dein Pferd selbst. Wir beraten Dich, werten die Vermessung aus und erstellen (bei der Bestellung \u00fcber uns) einen Messbericht f\u00fcr <em>Zaldi<\/em>. Die 90,00\u20ac werden im Voraus f\u00e4llig. Bei der Bestellung eines Sattels \u00fcber uns, werden Dir 40,00\u20ac zur\u00fcckerstattet. Wir \u00fcbernehmen keine Passformgarantie, bieten aber eine evtl. erforderliche Nachbesserung bei <em>ZALDI<\/em> an. Diese kannen auch bei einem deutschen Sattler vorgenommen werden. Die Anpassung geschieht \u00fcber die Einstellung des Kopfeisens und\/oder die \u00c4nderung\/Anpassung der Kissen.<\/p><p>ESPA\u00d1OL:<\/p><p>Tu recibes un medidor Zaldi, acceso al video tutorial, un formulario para rellenar y mides a tu caballo. Nosotros te asesoramos, evaluamos la medici\u00f3n y creamos (en el caso de un pedido de una silla a trav\u00e9s de nosotros) un informe con los detalles de la medici\u00f3n, para Zaldi. Los 90\u20ac se pagan de antemano, pero se descontar\u00e1n 40\u20ac de la factura en el pedido de la silla a nosotros. No damos una garant\u00eda del correcto ajuste de la silla, pero s\u00ed, ofrecemos cambios del a silla en Zaldi si fueran necesarios, a cargo del cliente.<\/p>\t\t\t\t\t\t\t\t<\/div>\n\t\t\t\t<\/div>\n\t\t\t\t\t<\/div>\n\t\t<\/div>\n\t\t\t\t\t<\/div>\n\t\t<\/section>\n\t\t\t\t<\/div>\n\t\t","protected":false},"excerpt":{"rendered":"<p>DEUTSCH: Du erh\u00e4ltst eine ZALDI- Ma\u00dfschablone, Zugang zu einem Erkl\u00e4rvideo und ein auszuf\u00fcllendes Formular (auf Deutsch) und vermisst Dein Pferd selbst. Wir beraten Dich, werten die Vermessung aus und erstellen (bei der Bestellung \u00fcber uns) einen Messbericht f\u00fcr Zaldi. Die 90,00\u20ac werden im Voraus f\u00e4llig. Bei der Bestellung eines Sattels \u00fcber uns, werden Dir 40,00\u20ac [&hellip;]<\/p>\n","protected":false},"featured_media":20714,"comment_status":"open","ping_status":"closed","template":"","meta":{"site-sidebar-layout":"default","site-content-layout":"default","ast-site-content-layout":"default","site-content-style":"default","site-sidebar-style":"default","ast-global-header-display":"","ast-banner-title-visibility":"","ast-main-header-display":"","ast-hfb-above-header-display":"","ast-hfb-below-header-display":"","ast-hfb-mobile-header-display":"","site-post-title":"","ast-breadcrumbs-content":"","ast-featured-img":"","footer-sml-layout":"","ast-disable-related-posts":"","theme-transparent-header-meta":"default","adv-header-id-meta":"","stick-header-meta":"","header-above-stick-meta":"","header-main-stick-meta":"","header-below-stick-meta":"","astra-migrate-meta-layouts":"default","ast-page-background-enabled":"default","ast-page-background-meta":{"desktop":{"background-color":"var(--ast-global-color-4)","background-image":"","background-repeat":"repeat","background-position":"center center","background-size":"auto","background-attachment":"scroll","background-type":"","background-media":"","overlay-type":"","overlay-color":"","overlay-opacity":"","overlay-gradient":""},"tablet":{"background-color":"","background-image":"","background-repeat":"repeat","background-position":"center center","background-size":"auto","background-attachment":"scroll","background-type":"","background-media":"","overlay-type":"","overlay-color":"","overlay-opacity":"","overlay-gradient":""},"mobile":{"background-color":"","background-image":"","background-repeat":"repeat","background-position":"center center","background-size":"auto","background-attachment":"scroll","background-type":"","background-media":"","overlay-type":"","overlay-color":"","overlay-opacity":"","overlay-gradient":""}},"ast-content-background-meta":{"desktop":{"background-color":"var(--ast-global-color-5)","background-image":"","background-repeat":"repeat","background-position":"center center","background-size":"auto","background-attachment":"scroll","background-type":"","background-media":"","overlay-type":"","overlay-color":"","overlay-opacity":"","overlay-gradient":""},"tablet":{"background-color":"var(--ast-global-color-5)","background-image":"","background-repeat":"repeat","background-position":"center center","background-size":"auto","background-attachment":"scroll","background-type":"","background-media":"","overlay-type":"","overlay-color":"","overlay-opacity":"","overlay-gradient":""},"mobile":{"background-color":"var(--ast-global-color-5)","background-image":"","background-repeat":"repeat","background-position":"center center","background-size":"auto","background-attachment":"scroll","background-type":"","background-media":"","overlay-type":"","overlay-color":"","overlay-opacity":"","overlay-gradient":""}},"ngg_post_thumbnail":0},"product_brand":[],"product_cat":[15],"product_tag":[301,483,337,482,401,481],"class_list":{"0":"post-20712","1":"product","2":"type-product","3":"status-publish","4":"has-post-thumbnail","6":"product_cat-nicht-kategoriert","7":"product_tag-masssattel","8":"product_tag-selbtvermessung","9":"product_tag-zaldi","10":"product_tag-zaldinachmass","11":"product_tag-zaldionline","12":"product_tag-zaldisattel","13":"desktop-align-left","14":"tablet-align-left","15":"mobile-align-left","17":"first","18":"instock","19":"virtual","20":"taxable","21":"purchasable","22":"product-type-simple"},"yoast_head":"<!-- This site is optimized with the Yoast SEO plugin v27.4 - https:\/\/yoast.com\/product\/yoast-seo-wordpress\/ -->\n<title>HILFE BEI SELBSTVERMESSUNG &amp; BERATUNG\/Ayuda para la Auto-medici\u00f3n &amp; asesoramiento - Zaldi Online<\/title>\n<meta name=\"robots\" content=\"index, follow, max-snippet:-1, max-image-preview:large, max-video-preview:-1\" \/>\n<link rel=\"canonical\" href=\"https:\/\/www.zaldionline.com\/en\/product\/selbstvermessung-auto-medicion\/\" \/>\n<meta property=\"og:locale\" content=\"en_GB\" \/>\n<meta property=\"og:type\" content=\"article\" \/>\n<meta property=\"og:title\" content=\"HILFE BEI SELBSTVERMESSUNG &amp; BERATUNG\/Ayuda para la Auto-medici\u00f3n &amp; asesoramiento - Zaldi Online\" \/>\n<meta property=\"og:description\" content=\"DEUTSCH: Du erh\u00e4ltst eine ZALDI- Ma\u00dfschablone, Zugang zu einem Erkl\u00e4rvideo und ein auszuf\u00fcllendes Formular (auf Deutsch) und vermisst Dein Pferd selbst. Wir beraten Dich, werten die Vermessung aus und erstellen (bei der Bestellung \u00fcber uns) einen Messbericht f\u00fcr Zaldi. Die 90,00\u20ac werden im Voraus f\u00e4llig. Bei der Bestellung eines Sattels \u00fcber uns, werden Dir 40,00\u20ac [&hellip;]\" \/>\n<meta property=\"og:url\" content=\"https:\/\/www.zaldionline.com\/en\/product\/selbstvermessung-auto-medicion\/\" \/>\n<meta property=\"og:site_name\" content=\"Zaldi Online\" \/>\n<meta property=\"article:modified_time\" content=\"2023-03-29T10:53:38+00:00\" \/>\n<meta property=\"og:image\" content=\"https:\/\/www.zaldionline.com\/en\/wp-content\/uploads\/sites\/3\/2022\/12\/Zaldi-Sattel-Selbstvermessung-mit-ZALDIONLINE-klein-1.jpg\" \/>\n\t<meta property=\"og:image:width\" content=\"700\" \/>\n\t<meta property=\"og:image:height\" content=\"916\" \/>\n\t<meta property=\"og:image:type\" content=\"image\/jpeg\" \/>\n<meta name=\"twitter:card\" content=\"summary_large_image\" \/>\n<meta name=\"twitter:label1\" content=\"Estimated reading time\" \/>\n\t<meta name=\"twitter:data1\" content=\"2 minutes\" \/>\n<script type=\"application\/ld+json\" class=\"yoast-schema-graph\">{\"@context\":\"https:\\\/\\\/schema.org\",\"@graph\":[{\"@type\":\"WebPage\",\"@id\":\"https:\\\/\\\/www.zaldionline.com\\\/en\\\/product\\\/selbstvermessung-auto-medicion\\\/\",\"url\":\"https:\\\/\\\/www.zaldionline.com\\\/en\\\/product\\\/selbstvermessung-auto-medicion\\\/\",\"name\":\"HILFE BEI SELBSTVERMESSUNG & BERATUNG\\\/Ayuda para la Auto-medici\u00f3n & asesoramiento - Zaldi Online\",\"isPartOf\":{\"@id\":\"https:\\\/\\\/www.zaldionline.com\\\/en\\\/#website\"},\"primaryImageOfPage\":{\"@id\":\"https:\\\/\\\/www.zaldionline.com\\\/en\\\/product\\\/selbstvermessung-auto-medicion\\\/#primaryimage\"},\"image\":{\"@id\":\"https:\\\/\\\/www.zaldionline.com\\\/en\\\/product\\\/selbstvermessung-auto-medicion\\\/#primaryimage\"},\"thumbnailUrl\":\"https:\\\/\\\/www.zaldionline.com\\\/en\\\/wp-content\\\/uploads\\\/sites\\\/3\\\/2022\\\/12\\\/Zaldi-Sattel-Selbstvermessung-mit-ZALDIONLINE-klein-1.jpg\",\"datePublished\":\"2022-12-21T10:20:23+00:00\",\"dateModified\":\"2023-03-29T10:53:38+00:00\",\"breadcrumb\":{\"@id\":\"https:\\\/\\\/www.zaldionline.com\\\/en\\\/product\\\/selbstvermessung-auto-medicion\\\/#breadcrumb\"},\"inLanguage\":\"en-GB\",\"potentialAction\":[{\"@type\":\"ReadAction\",\"target\":[\"https:\\\/\\\/www.zaldionline.com\\\/en\\\/product\\\/selbstvermessung-auto-medicion\\\/\"]}]},{\"@type\":\"ImageObject\",\"inLanguage\":\"en-GB\",\"@id\":\"https:\\\/\\\/www.zaldionline.com\\\/en\\\/product\\\/selbstvermessung-auto-medicion\\\/#primaryimage\",\"url\":\"https:\\\/\\\/www.zaldionline.com\\\/en\\\/wp-content\\\/uploads\\\/sites\\\/3\\\/2022\\\/12\\\/Zaldi-Sattel-Selbstvermessung-mit-ZALDIONLINE-klein-1.jpg\",\"contentUrl\":\"https:\\\/\\\/www.zaldionline.com\\\/en\\\/wp-content\\\/uploads\\\/sites\\\/3\\\/2022\\\/12\\\/Zaldi-Sattel-Selbstvermessung-mit-ZALDIONLINE-klein-1.jpg\",\"width\":700,\"height\":916},{\"@type\":\"BreadcrumbList\",\"@id\":\"https:\\\/\\\/www.zaldionline.com\\\/en\\\/product\\\/selbstvermessung-auto-medicion\\\/#breadcrumb\",\"itemListElement\":[{\"@type\":\"ListItem\",\"position\":1,\"name\":\"Portada\",\"item\":\"https:\\\/\\\/www.zaldionline.com\\\/en\\\/\"},{\"@type\":\"ListItem\",\"position\":2,\"name\":\"Saddles &#038; Accessories\",\"item\":\"https:\\\/\\\/www.zaldionline.com\\\/en\\\/saddles-and-accessories\\\/\"},{\"@type\":\"ListItem\",\"position\":3,\"name\":\"HILFE BEI SELBSTVERMESSUNG &#038; BERATUNG\\\/Ayuda para la Auto-medici\u00f3n &#038; asesoramiento\"}]},{\"@type\":\"WebSite\",\"@id\":\"https:\\\/\\\/www.zaldionline.com\\\/en\\\/#website\",\"url\":\"https:\\\/\\\/www.zaldionline.com\\\/en\\\/\",\"name\":\"Zaldi Online\",\"description\":\"The best products for horses\",\"potentialAction\":[{\"@type\":\"SearchAction\",\"target\":{\"@type\":\"EntryPoint\",\"urlTemplate\":\"https:\\\/\\\/www.zaldionline.com\\\/en\\\/?s={search_term_string}\"},\"query-input\":{\"@type\":\"PropertyValueSpecification\",\"valueRequired\":true,\"valueName\":\"search_term_string\"}}],\"inLanguage\":\"en-GB\"}]}<\/script>\n<!-- \/ Yoast SEO plugin. -->","yoast_head_json":{"title":"HILFE BEI SELBSTVERMESSUNG & BERATUNG\/Ayuda para la Auto-medici\u00f3n & asesoramiento - Zaldi Online","robots":{"index":"index","follow":"follow","max-snippet":"max-snippet:-1","max-image-preview":"max-image-preview:large","max-video-preview":"max-video-preview:-1"},"canonical":"https:\/\/www.zaldionline.com\/en\/product\/selbstvermessung-auto-medicion\/","og_locale":"en_GB","og_type":"article","og_title":"HILFE BEI SELBSTVERMESSUNG & BERATUNG\/Ayuda para la Auto-medici\u00f3n & asesoramiento - Zaldi Online","og_description":"DEUTSCH: Du erh\u00e4ltst eine ZALDI- Ma\u00dfschablone, Zugang zu einem Erkl\u00e4rvideo und ein auszuf\u00fcllendes Formular (auf Deutsch) und vermisst Dein Pferd selbst. Wir beraten Dich, werten die Vermessung aus und erstellen (bei der Bestellung \u00fcber uns) einen Messbericht f\u00fcr Zaldi. Die 90,00\u20ac werden im Voraus f\u00e4llig. Bei der Bestellung eines Sattels \u00fcber uns, werden Dir 40,00\u20ac [&hellip;]","og_url":"https:\/\/www.zaldionline.com\/en\/product\/selbstvermessung-auto-medicion\/","og_site_name":"Zaldi Online","article_modified_time":"2023-03-29T10:53:38+00:00","og_image":[{"width":700,"height":916,"url":"https:\/\/www.zaldionline.com\/en\/wp-content\/uploads\/sites\/3\/2022\/12\/Zaldi-Sattel-Selbstvermessung-mit-ZALDIONLINE-klein-1.jpg","type":"image\/jpeg"}],"twitter_card":"summary_large_image","twitter_misc":{"Estimated reading time":"2 minutes"},"schema":{"@context":"https:\/\/schema.org","@graph":[{"@type":"WebPage","@id":"https:\/\/www.zaldionline.com\/en\/product\/selbstvermessung-auto-medicion\/","url":"https:\/\/www.zaldionline.com\/en\/product\/selbstvermessung-auto-medicion\/","name":"HILFE BEI SELBSTVERMESSUNG & BERATUNG\/Ayuda para la Auto-medici\u00f3n & asesoramiento - Zaldi Online","isPartOf":{"@id":"https:\/\/www.zaldionline.com\/en\/#website"},"primaryImageOfPage":{"@id":"https:\/\/www.zaldionline.com\/en\/product\/selbstvermessung-auto-medicion\/#primaryimage"},"image":{"@id":"https:\/\/www.zaldionline.com\/en\/product\/selbstvermessung-auto-medicion\/#primaryimage"},"thumbnailUrl":"https:\/\/www.zaldionline.com\/en\/wp-content\/uploads\/sites\/3\/2022\/12\/Zaldi-Sattel-Selbstvermessung-mit-ZALDIONLINE-klein-1.jpg","datePublished":"2022-12-21T10:20:23+00:00","dateModified":"2023-03-29T10:53:38+00:00","breadcrumb":{"@id":"https:\/\/www.zaldionline.com\/en\/product\/selbstvermessung-auto-medicion\/#breadcrumb"},"inLanguage":"en-GB","potentialAction":[{"@type":"ReadAction","target":["https:\/\/www.zaldionline.com\/en\/product\/selbstvermessung-auto-medicion\/"]}]},{"@type":"ImageObject","inLanguage":"en-GB","@id":"https:\/\/www.zaldionline.com\/en\/product\/selbstvermessung-auto-medicion\/#primaryimage","url":"https:\/\/www.zaldionline.com\/en\/wp-content\/uploads\/sites\/3\/2022\/12\/Zaldi-Sattel-Selbstvermessung-mit-ZALDIONLINE-klein-1.jpg","contentUrl":"https:\/\/www.zaldionline.com\/en\/wp-content\/uploads\/sites\/3\/2022\/12\/Zaldi-Sattel-Selbstvermessung-mit-ZALDIONLINE-klein-1.jpg","width":700,"height":916},{"@type":"BreadcrumbList","@id":"https:\/\/www.zaldionline.com\/en\/product\/selbstvermessung-auto-medicion\/#breadcrumb","itemListElement":[{"@type":"ListItem","position":1,"name":"Portada","item":"https:\/\/www.zaldionline.com\/en\/"},{"@type":"ListItem","position":2,"name":"Saddles &#038; Accessories","item":"https:\/\/www.zaldionline.com\/en\/saddles-and-accessories\/"},{"@type":"ListItem","position":3,"name":"HILFE BEI SELBSTVERMESSUNG &#038; BERATUNG\/Ayuda para la Auto-medici\u00f3n &#038; asesoramiento"}]},{"@type":"WebSite","@id":"https:\/\/www.zaldionline.com\/en\/#website","url":"https:\/\/www.zaldionline.com\/en\/","name":"Zaldi Online","description":"The best products for horses","potentialAction":[{"@type":"SearchAction","target":{"@type":"EntryPoint","urlTemplate":"https:\/\/www.zaldionline.com\/en\/?s={search_term_string}"},"query-input":{"@type":"PropertyValueSpecification","valueRequired":true,"valueName":"search_term_string"}}],"inLanguage":"en-GB"}]}},"_links":{"self":[{"href":"https:\/\/www.zaldionline.com\/en\/wp-json\/wp\/v2\/product\/20712","targetHints":{"allow":["GET"]}}],"collection":[{"href":"https:\/\/www.zaldionline.com\/en\/wp-json\/wp\/v2\/product"}],"about":[{"href":"https:\/\/www.zaldionline.com\/en\/wp-json\/wp\/v2\/types\/product"}],"replies":[{"embeddable":true,"href":"https:\/\/www.zaldionline.com\/en\/wp-json\/wp\/v2\/comments?post=20712"}],"version-history":[{"count":1,"href":"https:\/\/www.zaldionline.com\/en\/wp-json\/wp\/v2\/product\/20712\/revisions"}],"predecessor-version":[{"id":22459,"href":"https:\/\/www.zaldionline.com\/en\/wp-json\/wp\/v2\/product\/20712\/revisions\/22459"}],"wp:featuredmedia":[{"embeddable":true,"href":"https:\/\/www.zaldionline.com\/en\/wp-json\/wp\/v2\/media\/20714"}],"wp:attachment":[{"href":"https:\/\/www.zaldionline.com\/en\/wp-json\/wp\/v2\/media?parent=20712"}],"wp:term":[{"taxonomy":"product_brand","embeddable":true,"href":"https:\/\/www.zaldionline.com\/en\/wp-json\/wp\/v2\/product_brand?post=20712"},{"taxonomy":"product_cat","embeddable":true,"href":"https:\/\/www.zaldionline.com\/en\/wp-json\/wp\/v2\/product_cat?post=20712"},{"taxonomy":"product_tag","embeddable":true,"href":"https:\/\/www.zaldionline.com\/en\/wp-json\/wp\/v2\/product_tag?post=20712"}],"curies":[{"name":"wp","href":"https:\/\/api.w.org\/{rel}","templated":true}]}}