{"id":20788,"date":"2023-01-27T15:24:18","date_gmt":"2023-01-27T15:24:18","guid":{"rendered":"https:\/\/www.zaldionline.com\/?post_type=product&#038;p=20788"},"modified":"2023-04-07T15:01:38","modified_gmt":"2023-04-07T15:01:38","slug":"dressursattelgurt-aus-neopren","status":"publish","type":"product","link":"https:\/\/www.zaldionline.com\/en\/product\/dressursattelgurt-aus-neopren\/","title":{"rendered":"DRESSURSATTELGURT AUS NEOPREN"},"content":{"rendered":"\t\t<div data-elementor-type=\"wp-post\" data-elementor-id=\"20788\" class=\"elementor elementor-20788\">\n\t\t\t\t\t\t<section class=\"elementor-section elementor-top-section elementor-element elementor-element-52d4ff35 elementor-section-boxed elementor-section-height-default elementor-section-height-default\" data-id=\"52d4ff35\" data-element_type=\"section\" data-e-type=\"section\">\n\t\t\t\t\t\t<div class=\"elementor-container elementor-column-gap-default\">\n\t\t\t\t\t<div class=\"elementor-column elementor-col-100 elementor-top-column elementor-element elementor-element-40aa80ad\" data-id=\"40aa80ad\" data-element_type=\"column\" data-e-type=\"column\">\n\t\t\t<div class=\"elementor-widget-wrap elementor-element-populated\">\n\t\t\t\t\t\t<div class=\"elementor-element elementor-element-3e2a9689 elementor-widget elementor-widget-text-editor\" data-id=\"3e2a9689\" data-element_type=\"widget\" data-e-type=\"widget\" data-widget_type=\"text-editor.default\">\n\t\t\t\t<div class=\"elementor-widget-container\">\n\t\t\t\t\t\t\t\t\t<p>Preis inkl. MwSt.: 31,43 \u20ac<\/p><p>Gurt aus Neopren.<\/p><p>Verchromte Schnallen mit Riffelung.<\/p><p>Gr\u00f6\u00dfen: 50cm, 60cm, 70cm.<span class=\"VIiyi\" lang=\"de\"><span class=\"JLqJ4b ChMk0b\" data-language-for-alternatives=\"de\" data-language-to-translate-into=\"es\" data-phrase-index=\"6\">\u00a0<strong>\/ BITTE GEBEN SIE DIE GR\u00d6SSE IN &#8220;BEMERKUNGEN&#8221; AUF DER LETZTEN SEITE IHRES AUFTRAGS AN<\/strong><\/span><\/span><\/p><p><span class=\"VIiyi\" lang=\"de\"><span class=\"JLqJ4b ChMk0b\" data-language-for-alternatives=\"de\" data-language-to-translate-into=\"es\" data-phrase-index=\"8\">Farben: Schwarz<\/span><\/span><\/p><p>Ref.: 21024395001<\/p>\t\t\t\t\t\t\t\t<\/div>\n\t\t\t\t<\/div>\n\t\t\t\t\t<\/div>\n\t\t<\/div>\n\t\t\t\t\t<\/div>\n\t\t<\/section>\n\t\t\t\t<\/div>\n\t\t","protected":false},"excerpt":{"rendered":"<p>Preis inkl. MwSt.: 31,43 \u20ac Gurt aus Neopren. Verchromte Schnallen mit Riffelung. Gr\u00f6\u00dfen: 50cm, 60cm, 70cm.&nbsp;\/ BITTE GEBEN SIE DIE GR\u00d6SSE IN &#8220;BEMERKUNGEN&#8221; AUF DER LETZTEN SEITE IHRES AUFTRAGS AN Farben: Schwarz Ref.: 21024395001<\/p>\n","protected":false},"featured_media":20792,"comment_status":"open","ping_status":"closed","template":"","meta":{"site-sidebar-layout":"default","site-content-layout":"default","ast-site-content-layout":"default","site-content-style":"default","site-sidebar-style":"default","ast-global-header-display":"","ast-banner-title-visibility":"","ast-main-header-display":"","ast-hfb-above-header-display":"","ast-hfb-below-header-display":"","ast-hfb-mobile-header-display":"","site-post-title":"","ast-breadcrumbs-content":"","ast-featured-img":"","footer-sml-layout":"","ast-disable-related-posts":"","theme-transparent-header-meta":"default","adv-header-id-meta":"","stick-header-meta":"","header-above-stick-meta":"","header-main-stick-meta":"","header-below-stick-meta":"","astra-migrate-meta-layouts":"default","ast-page-background-enabled":"default","ast-page-background-meta":{"desktop":{"background-color":"var(--ast-global-color-4)","background-image":"","background-repeat":"repeat","background-position":"center center","background-size":"auto","background-attachment":"scroll","background-type":"","background-media":"","overlay-type":"","overlay-color":"","overlay-opacity":"","overlay-gradient":""},"tablet":{"background-color":"","background-image":"","background-repeat":"repeat","background-position":"center center","background-size":"auto","background-attachment":"scroll","background-type":"","background-media":"","overlay-type":"","overlay-color":"","overlay-opacity":"","overlay-gradient":""},"mobile":{"background-color":"","background-image":"","background-repeat":"repeat","background-position":"center center","background-size":"auto","background-attachment":"scroll","background-type":"","background-media":"","overlay-type":"","overlay-color":"","overlay-opacity":"","overlay-gradient":""}},"ast-content-background-meta":{"desktop":{"background-color":"var(--ast-global-color-5)","background-image":"","background-repeat":"repeat","background-position":"center center","background-size":"auto","background-attachment":"scroll","background-type":"","background-media":"","overlay-type":"","overlay-color":"","overlay-opacity":"","overlay-gradient":""},"tablet":{"background-color":"var(--ast-global-color-5)","background-image":"","background-repeat":"repeat","background-position":"center center","background-size":"auto","background-attachment":"scroll","background-type":"","background-media":"","overlay-type":"","overlay-color":"","overlay-opacity":"","overlay-gradient":""},"mobile":{"background-color":"var(--ast-global-color-5)","background-image":"","background-repeat":"repeat","background-position":"center center","background-size":"auto","background-attachment":"scroll","background-type":"","background-media":"","overlay-type":"","overlay-color":"","overlay-opacity":"","overlay-gradient":""}},"ngg_post_thumbnail":0},"product_brand":[],"product_cat":[18,46],"product_tag":[602,603,605,607,606,604,340,337,338,339],"class_list":{"0":"post-20788","1":"product","2":"type-product","3":"status-publish","4":"has-post-thumbnail","6":"product_cat-accessories","7":"product_cat-girths-accessories","8":"product_tag-dressursattelgurt-aus-neopren","9":"product_tag-gurt-aus-neopren","10":"product_tag-neopren","11":"product_tag-pferd","12":"product_tag-pferd-und-zubehoer","13":"product_tag-sattelgurt-aus-neopren","14":"product_tag-susanne-nagel","15":"product_tag-zaldi","16":"product_tag-zaldi-deutschland","17":"product_tag-zaldi-online-com","18":"desktop-align-left","19":"tablet-align-left","20":"mobile-align-left","22":"first","23":"instock","24":"taxable","25":"shipping-taxable","26":"purchasable","27":"product-type-variable"},"yoast_head":"<!-- This site is optimized with the Yoast SEO plugin v27.4 - https:\/\/yoast.com\/product\/yoast-seo-wordpress\/ -->\n<title>DRESSURSATTELGURT AUS NEOPREN - Zaldi Online<\/title>\n<meta name=\"description\" content=\"Gurt aus Neopren. Verchromte Schnallen mit Riffelung. Gr\u00f6\u00dfen: 50cm, 60cm, 70cm. Farben: Schwarz. Erh\u00e4ltlich \u00fcber Zaldionline.com Ref.: 21024395001\" \/>\n<meta name=\"robots\" content=\"index, follow, max-snippet:-1, max-image-preview:large, max-video-preview:-1\" \/>\n<link rel=\"canonical\" href=\"https:\/\/www.zaldionline.com\/en\/product\/dressursattelgurt-aus-neopren\/\" \/>\n<meta property=\"og:locale\" content=\"en_GB\" \/>\n<meta property=\"og:type\" content=\"article\" \/>\n<meta property=\"og:title\" content=\"DRESSURSATTELGURT AUS NEOPREN - Zaldi Online\" \/>\n<meta property=\"og:description\" content=\"Gurt aus Neopren. Verchromte Schnallen mit Riffelung. Gr\u00f6\u00dfen: 50cm, 60cm, 70cm. Farben: Schwarz. Erh\u00e4ltlich \u00fcber Zaldionline.com Ref.: 21024395001\" \/>\n<meta property=\"og:url\" content=\"https:\/\/www.zaldionline.com\/en\/product\/dressursattelgurt-aus-neopren\/\" \/>\n<meta property=\"og:site_name\" content=\"Zaldi Online\" \/>\n<meta property=\"article:modified_time\" content=\"2023-04-07T15:01:38+00:00\" \/>\n<meta property=\"og:image\" content=\"https:\/\/www.zaldionline.com\/en\/wp-content\/uploads\/sites\/3\/2023\/01\/Bild_2023-01-27_163023903.png\" \/>\n\t<meta property=\"og:image:width\" content=\"507\" \/>\n\t<meta property=\"og:image:height\" content=\"511\" \/>\n\t<meta property=\"og:image:type\" content=\"image\/png\" \/>\n<meta name=\"twitter:card\" content=\"summary_large_image\" \/>\n<meta name=\"twitter:label1\" content=\"Estimated reading time\" \/>\n\t<meta name=\"twitter:data1\" content=\"1 minute\" \/>\n<script type=\"application\/ld+json\" class=\"yoast-schema-graph\">{\"@context\":\"https:\\\/\\\/schema.org\",\"@graph\":[{\"@type\":\"WebPage\",\"@id\":\"https:\\\/\\\/www.zaldionline.com\\\/en\\\/product\\\/dressursattelgurt-aus-neopren\\\/\",\"url\":\"https:\\\/\\\/www.zaldionline.com\\\/en\\\/product\\\/dressursattelgurt-aus-neopren\\\/\",\"name\":\"DRESSURSATTELGURT AUS NEOPREN - Zaldi Online\",\"isPartOf\":{\"@id\":\"https:\\\/\\\/www.zaldionline.com\\\/en\\\/#website\"},\"primaryImageOfPage\":{\"@id\":\"https:\\\/\\\/www.zaldionline.com\\\/en\\\/product\\\/dressursattelgurt-aus-neopren\\\/#primaryimage\"},\"image\":{\"@id\":\"https:\\\/\\\/www.zaldionline.com\\\/en\\\/product\\\/dressursattelgurt-aus-neopren\\\/#primaryimage\"},\"thumbnailUrl\":\"https:\\\/\\\/www.zaldionline.com\\\/en\\\/wp-content\\\/uploads\\\/sites\\\/3\\\/2023\\\/01\\\/Bild_2023-01-27_163023903.png\",\"datePublished\":\"2023-01-27T15:24:18+00:00\",\"dateModified\":\"2023-04-07T15:01:38+00:00\",\"description\":\"Gurt aus Neopren. Verchromte Schnallen mit Riffelung. Gr\u00f6\u00dfen: 50cm, 60cm, 70cm. Farben: Schwarz. Erh\u00e4ltlich \u00fcber Zaldionline.com Ref.: 21024395001\",\"breadcrumb\":{\"@id\":\"https:\\\/\\\/www.zaldionline.com\\\/en\\\/product\\\/dressursattelgurt-aus-neopren\\\/#breadcrumb\"},\"inLanguage\":\"en-GB\",\"potentialAction\":[{\"@type\":\"ReadAction\",\"target\":[\"https:\\\/\\\/www.zaldionline.com\\\/en\\\/product\\\/dressursattelgurt-aus-neopren\\\/\"]}]},{\"@type\":\"ImageObject\",\"inLanguage\":\"en-GB\",\"@id\":\"https:\\\/\\\/www.zaldionline.com\\\/en\\\/product\\\/dressursattelgurt-aus-neopren\\\/#primaryimage\",\"url\":\"https:\\\/\\\/www.zaldionline.com\\\/en\\\/wp-content\\\/uploads\\\/sites\\\/3\\\/2023\\\/01\\\/Bild_2023-01-27_163023903.png\",\"contentUrl\":\"https:\\\/\\\/www.zaldionline.com\\\/en\\\/wp-content\\\/uploads\\\/sites\\\/3\\\/2023\\\/01\\\/Bild_2023-01-27_163023903.png\",\"width\":507,\"height\":511},{\"@type\":\"BreadcrumbList\",\"@id\":\"https:\\\/\\\/www.zaldionline.com\\\/en\\\/product\\\/dressursattelgurt-aus-neopren\\\/#breadcrumb\",\"itemListElement\":[{\"@type\":\"ListItem\",\"position\":1,\"name\":\"Portada\",\"item\":\"https:\\\/\\\/www.zaldionline.com\\\/en\\\/\"},{\"@type\":\"ListItem\",\"position\":2,\"name\":\"Saddles &#038; Accessories\",\"item\":\"https:\\\/\\\/www.zaldionline.com\\\/en\\\/saddles-and-accessories\\\/\"},{\"@type\":\"ListItem\",\"position\":3,\"name\":\"DRESSURSATTELGURT AUS NEOPREN\"}]},{\"@type\":\"WebSite\",\"@id\":\"https:\\\/\\\/www.zaldionline.com\\\/en\\\/#website\",\"url\":\"https:\\\/\\\/www.zaldionline.com\\\/en\\\/\",\"name\":\"Zaldi Online\",\"description\":\"The best products for horses\",\"potentialAction\":[{\"@type\":\"SearchAction\",\"target\":{\"@type\":\"EntryPoint\",\"urlTemplate\":\"https:\\\/\\\/www.zaldionline.com\\\/en\\\/?s={search_term_string}\"},\"query-input\":{\"@type\":\"PropertyValueSpecification\",\"valueRequired\":true,\"valueName\":\"search_term_string\"}}],\"inLanguage\":\"en-GB\"}]}<\/script>\n<!-- \/ Yoast SEO plugin. -->","yoast_head_json":{"title":"DRESSURSATTELGURT AUS NEOPREN - Zaldi Online","description":"Gurt aus Neopren. Verchromte Schnallen mit Riffelung. Gr\u00f6\u00dfen: 50cm, 60cm, 70cm. Farben: Schwarz. Erh\u00e4ltlich \u00fcber Zaldionline.com Ref.: 21024395001","robots":{"index":"index","follow":"follow","max-snippet":"max-snippet:-1","max-image-preview":"max-image-preview:large","max-video-preview":"max-video-preview:-1"},"canonical":"https:\/\/www.zaldionline.com\/en\/product\/dressursattelgurt-aus-neopren\/","og_locale":"en_GB","og_type":"article","og_title":"DRESSURSATTELGURT AUS NEOPREN - Zaldi Online","og_description":"Gurt aus Neopren. Verchromte Schnallen mit Riffelung. Gr\u00f6\u00dfen: 50cm, 60cm, 70cm. Farben: Schwarz. Erh\u00e4ltlich \u00fcber Zaldionline.com Ref.: 21024395001","og_url":"https:\/\/www.zaldionline.com\/en\/product\/dressursattelgurt-aus-neopren\/","og_site_name":"Zaldi Online","article_modified_time":"2023-04-07T15:01:38+00:00","og_image":[{"width":507,"height":511,"url":"https:\/\/www.zaldionline.com\/en\/wp-content\/uploads\/sites\/3\/2023\/01\/Bild_2023-01-27_163023903.png","type":"image\/png"}],"twitter_card":"summary_large_image","twitter_misc":{"Estimated reading time":"1 minute"},"schema":{"@context":"https:\/\/schema.org","@graph":[{"@type":"WebPage","@id":"https:\/\/www.zaldionline.com\/en\/product\/dressursattelgurt-aus-neopren\/","url":"https:\/\/www.zaldionline.com\/en\/product\/dressursattelgurt-aus-neopren\/","name":"DRESSURSATTELGURT AUS NEOPREN - Zaldi Online","isPartOf":{"@id":"https:\/\/www.zaldionline.com\/en\/#website"},"primaryImageOfPage":{"@id":"https:\/\/www.zaldionline.com\/en\/product\/dressursattelgurt-aus-neopren\/#primaryimage"},"image":{"@id":"https:\/\/www.zaldionline.com\/en\/product\/dressursattelgurt-aus-neopren\/#primaryimage"},"thumbnailUrl":"https:\/\/www.zaldionline.com\/en\/wp-content\/uploads\/sites\/3\/2023\/01\/Bild_2023-01-27_163023903.png","datePublished":"2023-01-27T15:24:18+00:00","dateModified":"2023-04-07T15:01:38+00:00","description":"Gurt aus Neopren. Verchromte Schnallen mit Riffelung. Gr\u00f6\u00dfen: 50cm, 60cm, 70cm. Farben: Schwarz. Erh\u00e4ltlich \u00fcber Zaldionline.com Ref.: 21024395001","breadcrumb":{"@id":"https:\/\/www.zaldionline.com\/en\/product\/dressursattelgurt-aus-neopren\/#breadcrumb"},"inLanguage":"en-GB","potentialAction":[{"@type":"ReadAction","target":["https:\/\/www.zaldionline.com\/en\/product\/dressursattelgurt-aus-neopren\/"]}]},{"@type":"ImageObject","inLanguage":"en-GB","@id":"https:\/\/www.zaldionline.com\/en\/product\/dressursattelgurt-aus-neopren\/#primaryimage","url":"https:\/\/www.zaldionline.com\/en\/wp-content\/uploads\/sites\/3\/2023\/01\/Bild_2023-01-27_163023903.png","contentUrl":"https:\/\/www.zaldionline.com\/en\/wp-content\/uploads\/sites\/3\/2023\/01\/Bild_2023-01-27_163023903.png","width":507,"height":511},{"@type":"BreadcrumbList","@id":"https:\/\/www.zaldionline.com\/en\/product\/dressursattelgurt-aus-neopren\/#breadcrumb","itemListElement":[{"@type":"ListItem","position":1,"name":"Portada","item":"https:\/\/www.zaldionline.com\/en\/"},{"@type":"ListItem","position":2,"name":"Saddles &#038; Accessories","item":"https:\/\/www.zaldionline.com\/en\/saddles-and-accessories\/"},{"@type":"ListItem","position":3,"name":"DRESSURSATTELGURT AUS NEOPREN"}]},{"@type":"WebSite","@id":"https:\/\/www.zaldionline.com\/en\/#website","url":"https:\/\/www.zaldionline.com\/en\/","name":"Zaldi Online","description":"The best products for horses","potentialAction":[{"@type":"SearchAction","target":{"@type":"EntryPoint","urlTemplate":"https:\/\/www.zaldionline.com\/en\/?s={search_term_string}"},"query-input":{"@type":"PropertyValueSpecification","valueRequired":true,"valueName":"search_term_string"}}],"inLanguage":"en-GB"}]}},"_links":{"self":[{"href":"https:\/\/www.zaldionline.com\/en\/wp-json\/wp\/v2\/product\/20788","targetHints":{"allow":["GET"]}}],"collection":[{"href":"https:\/\/www.zaldionline.com\/en\/wp-json\/wp\/v2\/product"}],"about":[{"href":"https:\/\/www.zaldionline.com\/en\/wp-json\/wp\/v2\/types\/product"}],"replies":[{"embeddable":true,"href":"https:\/\/www.zaldionline.com\/en\/wp-json\/wp\/v2\/comments?post=20788"}],"version-history":[{"count":1,"href":"https:\/\/www.zaldionline.com\/en\/wp-json\/wp\/v2\/product\/20788\/revisions"}],"predecessor-version":[{"id":23152,"href":"https:\/\/www.zaldionline.com\/en\/wp-json\/wp\/v2\/product\/20788\/revisions\/23152"}],"wp:featuredmedia":[{"embeddable":true,"href":"https:\/\/www.zaldionline.com\/en\/wp-json\/wp\/v2\/media\/20792"}],"wp:attachment":[{"href":"https:\/\/www.zaldionline.com\/en\/wp-json\/wp\/v2\/media?parent=20788"}],"wp:term":[{"taxonomy":"product_brand","embeddable":true,"href":"https:\/\/www.zaldionline.com\/en\/wp-json\/wp\/v2\/product_brand?post=20788"},{"taxonomy":"product_cat","embeddable":true,"href":"https:\/\/www.zaldionline.com\/en\/wp-json\/wp\/v2\/product_cat?post=20788"},{"taxonomy":"product_tag","embeddable":true,"href":"https:\/\/www.zaldionline.com\/en\/wp-json\/wp\/v2\/product_tag?post=20788"}],"curies":[{"name":"wp","href":"https:\/\/api.w.org\/{rel}","templated":true}]}}