{"id":22793,"date":"2023-04-03T15:01:09","date_gmt":"2023-04-03T15:01:09","guid":{"rendered":"https:\/\/www.zaldionline.com\/?post_type=product&#038;p=22793"},"modified":"2023-04-05T16:40:56","modified_gmt":"2023-04-05T16:40:56","slug":"zaldi-konfigurierbares-vorderes-kopfband-frontalera-kristalle-2","status":"publish","type":"product","link":"https:\/\/www.zaldionline.com\/en\/product\/zaldi-konfigurierbares-vorderes-kopfband-frontalera-kristalle-2\/","title":{"rendered":"ZALDI KONFIGURIERBARES STRINBAND  KRISTALLE FRONTALERA CABEZADA"},"content":{"rendered":"\t\t<div data-elementor-type=\"wp-post\" data-elementor-id=\"22793\" class=\"elementor elementor-22793\">\n\t\t\t\t\t\t<section class=\"elementor-section elementor-top-section elementor-element elementor-element-1f3110fd elementor-section-boxed elementor-section-height-default elementor-section-height-default\" data-id=\"1f3110fd\" data-element_type=\"section\" data-e-type=\"section\">\n\t\t\t\t\t\t<div class=\"elementor-container elementor-column-gap-default\">\n\t\t\t\t\t<div class=\"elementor-column elementor-col-100 elementor-top-column elementor-element elementor-element-e2bbddc\" data-id=\"e2bbddc\" data-element_type=\"column\" data-e-type=\"column\">\n\t\t\t<div class=\"elementor-widget-wrap elementor-element-populated\">\n\t\t\t\t\t\t<div class=\"elementor-element elementor-element-19ce51a6 elementor-widget elementor-widget-text-editor\" data-id=\"19ce51a6\" data-element_type=\"widget\" data-e-type=\"widget\" data-widget_type=\"text-editor.default\">\n\t\t\t\t<div class=\"elementor-widget-container\">\n\t\t\t\t\t\t\t\t\t<p>Preis ink. MwSt.: 25,71\u20ac<\/p><p>Ma\u00dfgefertigte Z\u00e4ume<\/p><p><em>Zaldi<\/em> erm\u00f6glicht es Ihnen, Ihren Reitzaum nach Ihren W\u00fcnschen zu gestalten.<\/p><p>W\u00e4hlen, konfigurieren und kombinieren Sie die verschiedenen Elemente, um Ihren Traumzaum zu kreieren.<\/p><p>W\u00e4hlen Sie zuerst das Kopfst\u00fcck, dann den Stirnriemen, die Sattelst\u00fctze,\u00a0 den Nasenriemen und schlie\u00dflich die Z\u00fcgel.<\/p><p>Englischer geschwungener Stirnriemen mit gro\u00dfer fuchsia-pinkfarbener Kristallkette und Metallkr\u00e4uselung.<\/p><p>Hergestellt aus Leder.<br \/>Farbe: Schwarz, Braun.<br \/>Ma\u00dfe: 41 cm x 1 cm<\/p><p>Ref. 21999110001<\/p>\t\t\t\t\t\t\t\t<\/div>\n\t\t\t\t<\/div>\n\t\t\t\t\t<\/div>\n\t\t<\/div>\n\t\t\t\t\t<\/div>\n\t\t<\/section>\n\t\t\t\t<\/div>\n\t\t","protected":false},"excerpt":{"rendered":"<p>Preis ink. MwSt.: 25,71\u20ac Ma\u00dfgefertigte Z\u00e4ume Zaldi erm\u00f6glicht es Ihnen, Ihren Reitzaum nach Ihren W\u00fcnschen zu gestalten. W\u00e4hlen, konfigurieren und kombinieren Sie die verschiedenen Elemente, um Ihren Traumzaum zu kreieren. W\u00e4hlen Sie zuerst das Kopfst\u00fcck, dann den Stirnriemen, die Sattelst\u00fctze,&nbsp; den Nasenriemen und schlie\u00dflich die Z\u00fcgel. Englischer geschwungener Stirnriemen mit gro\u00dfer fuchsia-pinkfarbener Kristallkette und Metallkr\u00e4uselung. [&hellip;]<\/p>\n","protected":false},"featured_media":22784,"comment_status":"open","ping_status":"closed","template":"","meta":{"site-sidebar-layout":"default","site-content-layout":"default","ast-site-content-layout":"default","site-content-style":"default","site-sidebar-style":"default","ast-global-header-display":"","ast-banner-title-visibility":"","ast-main-header-display":"","ast-hfb-above-header-display":"","ast-hfb-below-header-display":"","ast-hfb-mobile-header-display":"","site-post-title":"","ast-breadcrumbs-content":"","ast-featured-img":"","footer-sml-layout":"","ast-disable-related-posts":"","theme-transparent-header-meta":"default","adv-header-id-meta":"","stick-header-meta":"","header-above-stick-meta":"","header-main-stick-meta":"","header-below-stick-meta":"","astra-migrate-meta-layouts":"default","ast-page-background-enabled":"default","ast-page-background-meta":{"desktop":{"background-color":"var(--ast-global-color-4)","background-image":"","background-repeat":"repeat","background-position":"center center","background-size":"auto","background-attachment":"scroll","background-type":"","background-media":"","overlay-type":"","overlay-color":"","overlay-opacity":"","overlay-gradient":""},"tablet":{"background-color":"","background-image":"","background-repeat":"repeat","background-position":"center center","background-size":"auto","background-attachment":"scroll","background-type":"","background-media":"","overlay-type":"","overlay-color":"","overlay-opacity":"","overlay-gradient":""},"mobile":{"background-color":"","background-image":"","background-repeat":"repeat","background-position":"center center","background-size":"auto","background-attachment":"scroll","background-type":"","background-media":"","overlay-type":"","overlay-color":"","overlay-opacity":"","overlay-gradient":""}},"ast-content-background-meta":{"desktop":{"background-color":"var(--ast-global-color-5)","background-image":"","background-repeat":"repeat","background-position":"center center","background-size":"auto","background-attachment":"scroll","background-type":"","background-media":"","overlay-type":"","overlay-color":"","overlay-opacity":"","overlay-gradient":""},"tablet":{"background-color":"var(--ast-global-color-5)","background-image":"","background-repeat":"repeat","background-position":"center center","background-size":"auto","background-attachment":"scroll","background-type":"","background-media":"","overlay-type":"","overlay-color":"","overlay-opacity":"","overlay-gradient":""},"mobile":{"background-color":"var(--ast-global-color-5)","background-image":"","background-repeat":"repeat","background-position":"center center","background-size":"auto","background-attachment":"scroll","background-type":"","background-media":"","overlay-type":"","overlay-color":"","overlay-opacity":"","overlay-gradient":""}},"ngg_post_thumbnail":0},"product_brand":[],"product_cat":[18,44],"product_tag":[341,534,533,552,539,528,529,541,531,518,340,400,513,521,337,338,339,514,535],"class_list":{"0":"post-22793","1":"product","2":"type-product","3":"status-publish","4":"has-post-thumbnail","6":"product_cat-accessories","7":"product_cat-bridles-accessories","8":"product_tag-bienestarcaballo","9":"product_tag-cabezada","10":"product_tag-frontalera","11":"product_tag-konfigurierbares-strinband","12":"product_tag-kristall","13":"product_tag-kristalle","14":"product_tag-kristallsteine","15":"product_tag-stiernriemen","16":"product_tag-stirnband","17":"product_tag-stirngurt","18":"product_tag-susanne-nagel","19":"product_tag-trense","20":"product_tag-trensen","21":"product_tag-vorderzeug","22":"product_tag-zaldi","23":"product_tag-zaldi-deutschland","24":"product_tag-zaldi-online-com","25":"product_tag-zaumzeug","26":"product_tag-zaumzeug-nach-mass","27":"desktop-align-left","28":"tablet-align-left","29":"mobile-align-left","31":"first","32":"instock","33":"taxable","34":"shipping-taxable","35":"purchasable","36":"product-type-variable"},"yoast_head":"<!-- This site is optimized with the Yoast SEO plugin v27.3 - https:\/\/yoast.com\/product\/yoast-seo-wordpress\/ -->\n<title>ZALDI KONFIGURIERBARES STRINBAND KRISTALLE FRONTALERA CABEZADA - Zaldi Online<\/title>\n<meta name=\"description\" content=\"Ma\u00dfgefertigte Z\u00e4ume. Zaldi erm\u00f6glicht es Ihnen, Ihren Reitzaum nach Ihren W\u00fcnschen zu gestalten. W\u00e4hlen, konfigurieren und kombinieren Sie die verschiedenen Elemente, um Ihren Traumzaum zu kreieren. Englischer geschwungener Stirnriemen mit gro\u00dfer fuchsia-pinkfarbener Kristallkette und Metallkr\u00e4uselung. Hergestellt aus Leder. Farbe: Schwarz, Braun. Ma\u00dfe: 41 cm x 1 cm. Erh\u00e4ltlich \u00fcber Zaldionline.com\" \/>\n<meta name=\"robots\" content=\"index, follow, max-snippet:-1, max-image-preview:large, max-video-preview:-1\" \/>\n<link rel=\"canonical\" href=\"https:\/\/www.zaldionline.com\/en\/product\/zaldi-konfigurierbares-vorderes-kopfband-frontalera-kristalle-2\/\" \/>\n<meta property=\"og:locale\" content=\"en_GB\" \/>\n<meta property=\"og:type\" content=\"article\" \/>\n<meta property=\"og:title\" content=\"ZALDI KONFIGURIERBARES STRINBAND KRISTALLE FRONTALERA CABEZADA - Zaldi Online\" \/>\n<meta property=\"og:description\" content=\"Ma\u00dfgefertigte Z\u00e4ume. Zaldi erm\u00f6glicht es Ihnen, Ihren Reitzaum nach Ihren W\u00fcnschen zu gestalten. W\u00e4hlen, konfigurieren und kombinieren Sie die verschiedenen Elemente, um Ihren Traumzaum zu kreieren. Englischer geschwungener Stirnriemen mit gro\u00dfer fuchsia-pinkfarbener Kristallkette und Metallkr\u00e4uselung. Hergestellt aus Leder. Farbe: Schwarz, Braun. Ma\u00dfe: 41 cm x 1 cm. Erh\u00e4ltlich \u00fcber Zaldionline.com\" \/>\n<meta property=\"og:url\" content=\"https:\/\/www.zaldionline.com\/en\/product\/zaldi-konfigurierbares-vorderes-kopfband-frontalera-kristalle-2\/\" \/>\n<meta property=\"og:site_name\" content=\"Zaldi Online\" \/>\n<meta property=\"article:modified_time\" content=\"2023-04-05T16:40:56+00:00\" \/>\n<meta property=\"og:image\" content=\"https:\/\/www.zaldionline.com\/en\/wp-content\/uploads\/sites\/3\/2023\/04\/Bild_2023-04-03_165043402.png\" \/>\n\t<meta property=\"og:image:width\" content=\"511\" \/>\n\t<meta property=\"og:image:height\" content=\"496\" \/>\n\t<meta property=\"og:image:type\" content=\"image\/png\" \/>\n<meta name=\"twitter:card\" content=\"summary_large_image\" \/>\n<meta name=\"twitter:label1\" content=\"Estimated reading time\" \/>\n\t<meta name=\"twitter:data1\" content=\"1 minute\" \/>\n<script type=\"application\/ld+json\" class=\"yoast-schema-graph\">{\"@context\":\"https:\\\/\\\/schema.org\",\"@graph\":[{\"@type\":\"WebPage\",\"@id\":\"https:\\\/\\\/www.zaldionline.com\\\/en\\\/product\\\/zaldi-konfigurierbares-vorderes-kopfband-frontalera-kristalle-2\\\/\",\"url\":\"https:\\\/\\\/www.zaldionline.com\\\/en\\\/product\\\/zaldi-konfigurierbares-vorderes-kopfband-frontalera-kristalle-2\\\/\",\"name\":\"ZALDI KONFIGURIERBARES STRINBAND KRISTALLE FRONTALERA CABEZADA - Zaldi Online\",\"isPartOf\":{\"@id\":\"https:\\\/\\\/www.zaldionline.com\\\/en\\\/#website\"},\"primaryImageOfPage\":{\"@id\":\"https:\\\/\\\/www.zaldionline.com\\\/en\\\/product\\\/zaldi-konfigurierbares-vorderes-kopfband-frontalera-kristalle-2\\\/#primaryimage\"},\"image\":{\"@id\":\"https:\\\/\\\/www.zaldionline.com\\\/en\\\/product\\\/zaldi-konfigurierbares-vorderes-kopfband-frontalera-kristalle-2\\\/#primaryimage\"},\"thumbnailUrl\":\"https:\\\/\\\/www.zaldionline.com\\\/en\\\/wp-content\\\/uploads\\\/sites\\\/3\\\/2023\\\/04\\\/Bild_2023-04-03_165043402.png\",\"datePublished\":\"2023-04-03T15:01:09+00:00\",\"dateModified\":\"2023-04-05T16:40:56+00:00\",\"description\":\"Ma\u00dfgefertigte Z\u00e4ume. Zaldi erm\u00f6glicht es Ihnen, Ihren Reitzaum nach Ihren W\u00fcnschen zu gestalten. W\u00e4hlen, konfigurieren und kombinieren Sie die verschiedenen Elemente, um Ihren Traumzaum zu kreieren. Englischer geschwungener Stirnriemen mit gro\u00dfer fuchsia-pinkfarbener Kristallkette und Metallkr\u00e4uselung. Hergestellt aus Leder. Farbe: Schwarz, Braun. Ma\u00dfe: 41 cm x 1 cm. Erh\u00e4ltlich \u00fcber Zaldionline.com\",\"breadcrumb\":{\"@id\":\"https:\\\/\\\/www.zaldionline.com\\\/en\\\/product\\\/zaldi-konfigurierbares-vorderes-kopfband-frontalera-kristalle-2\\\/#breadcrumb\"},\"inLanguage\":\"en-GB\",\"potentialAction\":[{\"@type\":\"ReadAction\",\"target\":[\"https:\\\/\\\/www.zaldionline.com\\\/en\\\/product\\\/zaldi-konfigurierbares-vorderes-kopfband-frontalera-kristalle-2\\\/\"]}]},{\"@type\":\"ImageObject\",\"inLanguage\":\"en-GB\",\"@id\":\"https:\\\/\\\/www.zaldionline.com\\\/en\\\/product\\\/zaldi-konfigurierbares-vorderes-kopfband-frontalera-kristalle-2\\\/#primaryimage\",\"url\":\"https:\\\/\\\/www.zaldionline.com\\\/en\\\/wp-content\\\/uploads\\\/sites\\\/3\\\/2023\\\/04\\\/Bild_2023-04-03_165043402.png\",\"contentUrl\":\"https:\\\/\\\/www.zaldionline.com\\\/en\\\/wp-content\\\/uploads\\\/sites\\\/3\\\/2023\\\/04\\\/Bild_2023-04-03_165043402.png\",\"width\":511,\"height\":496},{\"@type\":\"BreadcrumbList\",\"@id\":\"https:\\\/\\\/www.zaldionline.com\\\/en\\\/product\\\/zaldi-konfigurierbares-vorderes-kopfband-frontalera-kristalle-2\\\/#breadcrumb\",\"itemListElement\":[{\"@type\":\"ListItem\",\"position\":1,\"name\":\"Portada\",\"item\":\"https:\\\/\\\/www.zaldionline.com\\\/en\\\/\"},{\"@type\":\"ListItem\",\"position\":2,\"name\":\"Saddles &#038; Accessories\",\"item\":\"https:\\\/\\\/www.zaldionline.com\\\/en\\\/saddles-and-accessories\\\/\"},{\"@type\":\"ListItem\",\"position\":3,\"name\":\"ZALDI KONFIGURIERBARES STRINBAND KRISTALLE FRONTALERA CABEZADA\"}]},{\"@type\":\"WebSite\",\"@id\":\"https:\\\/\\\/www.zaldionline.com\\\/en\\\/#website\",\"url\":\"https:\\\/\\\/www.zaldionline.com\\\/en\\\/\",\"name\":\"Zaldi Online\",\"description\":\"The best products for horses\",\"potentialAction\":[{\"@type\":\"SearchAction\",\"target\":{\"@type\":\"EntryPoint\",\"urlTemplate\":\"https:\\\/\\\/www.zaldionline.com\\\/en\\\/?s={search_term_string}\"},\"query-input\":{\"@type\":\"PropertyValueSpecification\",\"valueRequired\":true,\"valueName\":\"search_term_string\"}}],\"inLanguage\":\"en-GB\"}]}<\/script>\n<!-- \/ Yoast SEO plugin. -->","yoast_head_json":{"title":"ZALDI KONFIGURIERBARES STRINBAND KRISTALLE FRONTALERA CABEZADA - Zaldi Online","description":"Ma\u00dfgefertigte Z\u00e4ume. Zaldi erm\u00f6glicht es Ihnen, Ihren Reitzaum nach Ihren W\u00fcnschen zu gestalten. W\u00e4hlen, konfigurieren und kombinieren Sie die verschiedenen Elemente, um Ihren Traumzaum zu kreieren. Englischer geschwungener Stirnriemen mit gro\u00dfer fuchsia-pinkfarbener Kristallkette und Metallkr\u00e4uselung. Hergestellt aus Leder. Farbe: Schwarz, Braun. Ma\u00dfe: 41 cm x 1 cm. Erh\u00e4ltlich \u00fcber Zaldionline.com","robots":{"index":"index","follow":"follow","max-snippet":"max-snippet:-1","max-image-preview":"max-image-preview:large","max-video-preview":"max-video-preview:-1"},"canonical":"https:\/\/www.zaldionline.com\/en\/product\/zaldi-konfigurierbares-vorderes-kopfband-frontalera-kristalle-2\/","og_locale":"en_GB","og_type":"article","og_title":"ZALDI KONFIGURIERBARES STRINBAND KRISTALLE FRONTALERA CABEZADA - Zaldi Online","og_description":"Ma\u00dfgefertigte Z\u00e4ume. Zaldi erm\u00f6glicht es Ihnen, Ihren Reitzaum nach Ihren W\u00fcnschen zu gestalten. W\u00e4hlen, konfigurieren und kombinieren Sie die verschiedenen Elemente, um Ihren Traumzaum zu kreieren. Englischer geschwungener Stirnriemen mit gro\u00dfer fuchsia-pinkfarbener Kristallkette und Metallkr\u00e4uselung. Hergestellt aus Leder. Farbe: Schwarz, Braun. Ma\u00dfe: 41 cm x 1 cm. Erh\u00e4ltlich \u00fcber Zaldionline.com","og_url":"https:\/\/www.zaldionline.com\/en\/product\/zaldi-konfigurierbares-vorderes-kopfband-frontalera-kristalle-2\/","og_site_name":"Zaldi Online","article_modified_time":"2023-04-05T16:40:56+00:00","og_image":[{"width":511,"height":496,"url":"https:\/\/www.zaldionline.com\/en\/wp-content\/uploads\/sites\/3\/2023\/04\/Bild_2023-04-03_165043402.png","type":"image\/png"}],"twitter_card":"summary_large_image","twitter_misc":{"Estimated reading time":"1 minute"},"schema":{"@context":"https:\/\/schema.org","@graph":[{"@type":"WebPage","@id":"https:\/\/www.zaldionline.com\/en\/product\/zaldi-konfigurierbares-vorderes-kopfband-frontalera-kristalle-2\/","url":"https:\/\/www.zaldionline.com\/en\/product\/zaldi-konfigurierbares-vorderes-kopfband-frontalera-kristalle-2\/","name":"ZALDI KONFIGURIERBARES STRINBAND KRISTALLE FRONTALERA CABEZADA - Zaldi Online","isPartOf":{"@id":"https:\/\/www.zaldionline.com\/en\/#website"},"primaryImageOfPage":{"@id":"https:\/\/www.zaldionline.com\/en\/product\/zaldi-konfigurierbares-vorderes-kopfband-frontalera-kristalle-2\/#primaryimage"},"image":{"@id":"https:\/\/www.zaldionline.com\/en\/product\/zaldi-konfigurierbares-vorderes-kopfband-frontalera-kristalle-2\/#primaryimage"},"thumbnailUrl":"https:\/\/www.zaldionline.com\/en\/wp-content\/uploads\/sites\/3\/2023\/04\/Bild_2023-04-03_165043402.png","datePublished":"2023-04-03T15:01:09+00:00","dateModified":"2023-04-05T16:40:56+00:00","description":"Ma\u00dfgefertigte Z\u00e4ume. Zaldi erm\u00f6glicht es Ihnen, Ihren Reitzaum nach Ihren W\u00fcnschen zu gestalten. W\u00e4hlen, konfigurieren und kombinieren Sie die verschiedenen Elemente, um Ihren Traumzaum zu kreieren. Englischer geschwungener Stirnriemen mit gro\u00dfer fuchsia-pinkfarbener Kristallkette und Metallkr\u00e4uselung. Hergestellt aus Leder. Farbe: Schwarz, Braun. Ma\u00dfe: 41 cm x 1 cm. Erh\u00e4ltlich \u00fcber Zaldionline.com","breadcrumb":{"@id":"https:\/\/www.zaldionline.com\/en\/product\/zaldi-konfigurierbares-vorderes-kopfband-frontalera-kristalle-2\/#breadcrumb"},"inLanguage":"en-GB","potentialAction":[{"@type":"ReadAction","target":["https:\/\/www.zaldionline.com\/en\/product\/zaldi-konfigurierbares-vorderes-kopfband-frontalera-kristalle-2\/"]}]},{"@type":"ImageObject","inLanguage":"en-GB","@id":"https:\/\/www.zaldionline.com\/en\/product\/zaldi-konfigurierbares-vorderes-kopfband-frontalera-kristalle-2\/#primaryimage","url":"https:\/\/www.zaldionline.com\/en\/wp-content\/uploads\/sites\/3\/2023\/04\/Bild_2023-04-03_165043402.png","contentUrl":"https:\/\/www.zaldionline.com\/en\/wp-content\/uploads\/sites\/3\/2023\/04\/Bild_2023-04-03_165043402.png","width":511,"height":496},{"@type":"BreadcrumbList","@id":"https:\/\/www.zaldionline.com\/en\/product\/zaldi-konfigurierbares-vorderes-kopfband-frontalera-kristalle-2\/#breadcrumb","itemListElement":[{"@type":"ListItem","position":1,"name":"Portada","item":"https:\/\/www.zaldionline.com\/en\/"},{"@type":"ListItem","position":2,"name":"Saddles &#038; Accessories","item":"https:\/\/www.zaldionline.com\/en\/saddles-and-accessories\/"},{"@type":"ListItem","position":3,"name":"ZALDI KONFIGURIERBARES STRINBAND KRISTALLE FRONTALERA CABEZADA"}]},{"@type":"WebSite","@id":"https:\/\/www.zaldionline.com\/en\/#website","url":"https:\/\/www.zaldionline.com\/en\/","name":"Zaldi Online","description":"The best products for horses","potentialAction":[{"@type":"SearchAction","target":{"@type":"EntryPoint","urlTemplate":"https:\/\/www.zaldionline.com\/en\/?s={search_term_string}"},"query-input":{"@type":"PropertyValueSpecification","valueRequired":true,"valueName":"search_term_string"}}],"inLanguage":"en-GB"}]}},"_links":{"self":[{"href":"https:\/\/www.zaldionline.com\/en\/wp-json\/wp\/v2\/product\/22793","targetHints":{"allow":["GET"]}}],"collection":[{"href":"https:\/\/www.zaldionline.com\/en\/wp-json\/wp\/v2\/product"}],"about":[{"href":"https:\/\/www.zaldionline.com\/en\/wp-json\/wp\/v2\/types\/product"}],"replies":[{"embeddable":true,"href":"https:\/\/www.zaldionline.com\/en\/wp-json\/wp\/v2\/comments?post=22793"}],"version-history":[{"count":7,"href":"https:\/\/www.zaldionline.com\/en\/wp-json\/wp\/v2\/product\/22793\/revisions"}],"predecessor-version":[{"id":23079,"href":"https:\/\/www.zaldionline.com\/en\/wp-json\/wp\/v2\/product\/22793\/revisions\/23079"}],"wp:featuredmedia":[{"embeddable":true,"href":"https:\/\/www.zaldionline.com\/en\/wp-json\/wp\/v2\/media\/22784"}],"wp:attachment":[{"href":"https:\/\/www.zaldionline.com\/en\/wp-json\/wp\/v2\/media?parent=22793"}],"wp:term":[{"taxonomy":"product_brand","embeddable":true,"href":"https:\/\/www.zaldionline.com\/en\/wp-json\/wp\/v2\/product_brand?post=22793"},{"taxonomy":"product_cat","embeddable":true,"href":"https:\/\/www.zaldionline.com\/en\/wp-json\/wp\/v2\/product_cat?post=22793"},{"taxonomy":"product_tag","embeddable":true,"href":"https:\/\/www.zaldionline.com\/en\/wp-json\/wp\/v2\/product_tag?post=22793"}],"curies":[{"name":"wp","href":"https:\/\/api.w.org\/{rel}","templated":true}]}}