{"id":22797,"date":"2023-04-03T15:04:35","date_gmt":"2023-04-03T15:04:35","guid":{"rendered":"https:\/\/www.zaldionline.com\/?post_type=product&#038;p=22797"},"modified":"2023-04-05T16:35:54","modified_gmt":"2023-04-05T16:35:54","slug":"zaldi-konfigurierbares-vorderes-kopfband-frontalera-kristalle-strass-cabezada","status":"publish","type":"product","link":"https:\/\/www.zaldionline.com\/en\/product\/zaldi-konfigurierbares-vorderes-kopfband-frontalera-kristalle-strass-cabezada\/","title":{"rendered":"ZALDI KONFIGURIERBARES STIRNBAND  KRISTALLE STRASS FRONTALERA CABEZADA"},"content":{"rendered":"\t\t<div data-elementor-type=\"wp-post\" data-elementor-id=\"22797\" class=\"elementor elementor-22797\">\n\t\t\t\t\t\t<section class=\"elementor-section elementor-top-section elementor-element elementor-element-1f3110fd elementor-section-boxed elementor-section-height-default elementor-section-height-default\" data-id=\"1f3110fd\" data-element_type=\"section\" data-e-type=\"section\">\n\t\t\t\t\t\t<div class=\"elementor-container elementor-column-gap-default\">\n\t\t\t\t\t<div class=\"elementor-column elementor-col-100 elementor-top-column elementor-element elementor-element-e2bbddc\" data-id=\"e2bbddc\" data-element_type=\"column\" data-e-type=\"column\">\n\t\t\t<div class=\"elementor-widget-wrap elementor-element-populated\">\n\t\t\t\t\t\t<div class=\"elementor-element elementor-element-19ce51a6 elementor-widget elementor-widget-text-editor\" data-id=\"19ce51a6\" data-element_type=\"widget\" data-e-type=\"widget\" data-widget_type=\"text-editor.default\">\n\t\t\t\t<div class=\"elementor-widget-container\">\n\t\t\t\t\t\t\t\t\t<p>Preis ink. MwSt.: 25,71\u20ac<\/p><p>Zaumzeug nach Ma\u00df<\/p><p>Mit <em>Zaldi<\/em> k\u00f6nnen Sie Ihr eigenes Zaumzeug nach Ma\u00df entwerfen.<\/p><p>W\u00e4hlen, konfigurieren und kombinieren Sie die verschiedenen Elemente, um Ihr Traumzaumzeug zu kreieren.<\/p><p>W\u00e4hlen Sie zuerst das Kopfst\u00fcck, dann den Stirnriemen, das Reithalfter, den Nasenriemen und schlie\u00dflich die Z\u00fcgel.<\/p><p>Lederstirnriemen f\u00fcr englisches Zaumzeug mit mehreren V-f\u00f6rmig angeordneten Kristallreihen, einer Kombination aus kleinen wei\u00dfen Strasssteinen und einer mittleren Reihe gro\u00dfer brauner Kristalle in Metallfassung.<\/p><p>Hergestellt aus Leder.<br \/>Farbe: Schwarz, Braun.<br \/>Gr\u00f6\u00dfe: 41 cm x 2 cm<\/p><p>Ref. 21999130001<\/p>\t\t\t\t\t\t\t\t<\/div>\n\t\t\t\t<\/div>\n\t\t\t\t\t<\/div>\n\t\t<\/div>\n\t\t\t\t\t<\/div>\n\t\t<\/section>\n\t\t\t\t<\/div>\n\t\t","protected":false},"excerpt":{"rendered":"<p>Preis ink. MwSt.: 25,71\u20ac Zaumzeug nach Ma\u00df Mit Zaldi k\u00f6nnen Sie Ihr eigenes Zaumzeug nach Ma\u00df entwerfen. W\u00e4hlen, konfigurieren und kombinieren Sie die verschiedenen Elemente, um Ihr Traumzaumzeug zu kreieren. W\u00e4hlen Sie zuerst das Kopfst\u00fcck, dann den Stirnriemen, das Reithalfter, den Nasenriemen und schlie\u00dflich die Z\u00fcgel. Lederstirnriemen f\u00fcr englisches Zaumzeug mit mehreren V-f\u00f6rmig angeordneten Kristallreihen, [&hellip;]<\/p>\n","protected":false},"featured_media":22800,"comment_status":"open","ping_status":"closed","template":"","meta":{"site-sidebar-layout":"default","site-content-layout":"default","ast-site-content-layout":"default","site-content-style":"default","site-sidebar-style":"default","ast-global-header-display":"","ast-banner-title-visibility":"","ast-main-header-display":"","ast-hfb-above-header-display":"","ast-hfb-below-header-display":"","ast-hfb-mobile-header-display":"","site-post-title":"","ast-breadcrumbs-content":"","ast-featured-img":"","footer-sml-layout":"","ast-disable-related-posts":"","theme-transparent-header-meta":"default","adv-header-id-meta":"","stick-header-meta":"","header-above-stick-meta":"","header-main-stick-meta":"","header-below-stick-meta":"","astra-migrate-meta-layouts":"default","ast-page-background-enabled":"default","ast-page-background-meta":{"desktop":{"background-color":"var(--ast-global-color-4)","background-image":"","background-repeat":"repeat","background-position":"center center","background-size":"auto","background-attachment":"scroll","background-type":"","background-media":"","overlay-type":"","overlay-color":"","overlay-opacity":"","overlay-gradient":""},"tablet":{"background-color":"","background-image":"","background-repeat":"repeat","background-position":"center center","background-size":"auto","background-attachment":"scroll","background-type":"","background-media":"","overlay-type":"","overlay-color":"","overlay-opacity":"","overlay-gradient":""},"mobile":{"background-color":"","background-image":"","background-repeat":"repeat","background-position":"center center","background-size":"auto","background-attachment":"scroll","background-type":"","background-media":"","overlay-type":"","overlay-color":"","overlay-opacity":"","overlay-gradient":""}},"ast-content-background-meta":{"desktop":{"background-color":"var(--ast-global-color-5)","background-image":"","background-repeat":"repeat","background-position":"center center","background-size":"auto","background-attachment":"scroll","background-type":"","background-media":"","overlay-type":"","overlay-color":"","overlay-opacity":"","overlay-gradient":""},"tablet":{"background-color":"var(--ast-global-color-5)","background-image":"","background-repeat":"repeat","background-position":"center center","background-size":"auto","background-attachment":"scroll","background-type":"","background-media":"","overlay-type":"","overlay-color":"","overlay-opacity":"","overlay-gradient":""},"mobile":{"background-color":"var(--ast-global-color-5)","background-image":"","background-repeat":"repeat","background-position":"center center","background-size":"auto","background-attachment":"scroll","background-type":"","background-media":"","overlay-type":"","overlay-color":"","overlay-opacity":"","overlay-gradient":""}},"ngg_post_thumbnail":0},"product_brand":[],"product_cat":[277],"product_tag":[341,534,533,536,539,528,529,551,550,531,517,527,340,400,513,521,337,338,339,514,535],"class_list":{"0":"post-22797","1":"product","2":"type-product","3":"status-publish","4":"has-post-thumbnail","6":"product_cat-neuigkeiten","7":"product_tag-bienestarcaballo","8":"product_tag-cabezada","9":"product_tag-frontalera","10":"product_tag-konfigurierbares-stirnband","11":"product_tag-kristall","12":"product_tag-kristalle","13":"product_tag-kristallsteine","14":"product_tag-starss","15":"product_tag-stiernburt","16":"product_tag-stirnband","17":"product_tag-stirnriemen","18":"product_tag-strasssteine","19":"product_tag-susanne-nagel","20":"product_tag-trense","21":"product_tag-trensen","22":"product_tag-vorderzeug","23":"product_tag-zaldi","24":"product_tag-zaldi-deutschland","25":"product_tag-zaldi-online-com","26":"product_tag-zaumzeug","27":"product_tag-zaumzeug-nach-mass","28":"desktop-align-left","29":"tablet-align-left","30":"mobile-align-left","32":"first","33":"instock","34":"taxable","35":"shipping-taxable","36":"purchasable","37":"product-type-variable"},"yoast_head":"<!-- This site is optimized with the Yoast SEO plugin v27.4 - https:\/\/yoast.com\/product\/yoast-seo-wordpress\/ -->\n<title>ZALDI KONFIGURIERBARES STIRNBAND KRISTALLE STRASS FRONTALERA CABEZADA - Zaldi Online<\/title>\n<meta name=\"description\" content=\"Zaumzeug nach Ma\u00df. Mit Zaldi k\u00f6nnen Sie Ihr eigenes Zaumzeug nach Ma\u00df entwerfen. W\u00e4hlen, konfigurieren und kombinieren Sie die verschiedenen Elemente, um Ihr Traumzaumzeug zu kreieren. Lederstirnriemen f\u00fcr englisches Zaumzeug mit mehreren V-f\u00f6rmig angeordneten Kristallreihen, einer Kombination aus kleinen wei\u00dfen Strasssteinen und einer mittleren Reihe gro\u00dfer brauner Kristalle in Metallfassung. Hergestellt aus Leder. Farbe: Schwarz, Braun. Gr\u00f6\u00dfe: 41 cm x 2 cm. Erh\u00e4ltlich \u00fcber Zaldionline.com\" \/>\n<meta name=\"robots\" content=\"index, follow, max-snippet:-1, max-image-preview:large, max-video-preview:-1\" \/>\n<link rel=\"canonical\" href=\"https:\/\/www.zaldionline.com\/en\/product\/zaldi-konfigurierbares-vorderes-kopfband-frontalera-kristalle-strass-cabezada\/\" \/>\n<meta property=\"og:locale\" content=\"en_GB\" \/>\n<meta property=\"og:type\" content=\"article\" \/>\n<meta property=\"og:title\" content=\"ZALDI KONFIGURIERBARES STIRNBAND KRISTALLE STRASS FRONTALERA CABEZADA - Zaldi Online\" \/>\n<meta property=\"og:description\" content=\"Zaumzeug nach Ma\u00df. Mit Zaldi k\u00f6nnen Sie Ihr eigenes Zaumzeug nach Ma\u00df entwerfen. W\u00e4hlen, konfigurieren und kombinieren Sie die verschiedenen Elemente, um Ihr Traumzaumzeug zu kreieren. Lederstirnriemen f\u00fcr englisches Zaumzeug mit mehreren V-f\u00f6rmig angeordneten Kristallreihen, einer Kombination aus kleinen wei\u00dfen Strasssteinen und einer mittleren Reihe gro\u00dfer brauner Kristalle in Metallfassung. Hergestellt aus Leder. Farbe: Schwarz, Braun. Gr\u00f6\u00dfe: 41 cm x 2 cm. Erh\u00e4ltlich \u00fcber Zaldionline.com\" \/>\n<meta property=\"og:url\" content=\"https:\/\/www.zaldionline.com\/en\/product\/zaldi-konfigurierbares-vorderes-kopfband-frontalera-kristalle-strass-cabezada\/\" \/>\n<meta property=\"og:site_name\" content=\"Zaldi Online\" \/>\n<meta property=\"article:modified_time\" content=\"2023-04-05T16:35:54+00:00\" \/>\n<meta property=\"og:image\" content=\"https:\/\/www.zaldionline.com\/en\/wp-content\/uploads\/sites\/3\/2023\/04\/Bild_2023-04-03_170638794.png\" \/>\n\t<meta property=\"og:image:width\" content=\"514\" \/>\n\t<meta property=\"og:image:height\" content=\"503\" \/>\n\t<meta property=\"og:image:type\" content=\"image\/png\" \/>\n<meta name=\"twitter:card\" content=\"summary_large_image\" \/>\n<meta name=\"twitter:label1\" content=\"Estimated reading time\" \/>\n\t<meta name=\"twitter:data1\" content=\"1 minute\" \/>\n<script type=\"application\/ld+json\" class=\"yoast-schema-graph\">{\"@context\":\"https:\\\/\\\/schema.org\",\"@graph\":[{\"@type\":\"WebPage\",\"@id\":\"https:\\\/\\\/www.zaldionline.com\\\/en\\\/product\\\/zaldi-konfigurierbares-vorderes-kopfband-frontalera-kristalle-strass-cabezada\\\/\",\"url\":\"https:\\\/\\\/www.zaldionline.com\\\/en\\\/product\\\/zaldi-konfigurierbares-vorderes-kopfband-frontalera-kristalle-strass-cabezada\\\/\",\"name\":\"ZALDI KONFIGURIERBARES STIRNBAND KRISTALLE STRASS FRONTALERA CABEZADA - Zaldi Online\",\"isPartOf\":{\"@id\":\"https:\\\/\\\/www.zaldionline.com\\\/en\\\/#website\"},\"primaryImageOfPage\":{\"@id\":\"https:\\\/\\\/www.zaldionline.com\\\/en\\\/product\\\/zaldi-konfigurierbares-vorderes-kopfband-frontalera-kristalle-strass-cabezada\\\/#primaryimage\"},\"image\":{\"@id\":\"https:\\\/\\\/www.zaldionline.com\\\/en\\\/product\\\/zaldi-konfigurierbares-vorderes-kopfband-frontalera-kristalle-strass-cabezada\\\/#primaryimage\"},\"thumbnailUrl\":\"https:\\\/\\\/www.zaldionline.com\\\/en\\\/wp-content\\\/uploads\\\/sites\\\/3\\\/2023\\\/04\\\/Bild_2023-04-03_170638794.png\",\"datePublished\":\"2023-04-03T15:04:35+00:00\",\"dateModified\":\"2023-04-05T16:35:54+00:00\",\"description\":\"Zaumzeug nach Ma\u00df. Mit Zaldi k\u00f6nnen Sie Ihr eigenes Zaumzeug nach Ma\u00df entwerfen. W\u00e4hlen, konfigurieren und kombinieren Sie die verschiedenen Elemente, um Ihr Traumzaumzeug zu kreieren. Lederstirnriemen f\u00fcr englisches Zaumzeug mit mehreren V-f\u00f6rmig angeordneten Kristallreihen, einer Kombination aus kleinen wei\u00dfen Strasssteinen und einer mittleren Reihe gro\u00dfer brauner Kristalle in Metallfassung. Hergestellt aus Leder. Farbe: Schwarz, Braun. Gr\u00f6\u00dfe: 41 cm x 2 cm. Erh\u00e4ltlich \u00fcber Zaldionline.com\",\"breadcrumb\":{\"@id\":\"https:\\\/\\\/www.zaldionline.com\\\/en\\\/product\\\/zaldi-konfigurierbares-vorderes-kopfband-frontalera-kristalle-strass-cabezada\\\/#breadcrumb\"},\"inLanguage\":\"en-GB\",\"potentialAction\":[{\"@type\":\"ReadAction\",\"target\":[\"https:\\\/\\\/www.zaldionline.com\\\/en\\\/product\\\/zaldi-konfigurierbares-vorderes-kopfband-frontalera-kristalle-strass-cabezada\\\/\"]}]},{\"@type\":\"ImageObject\",\"inLanguage\":\"en-GB\",\"@id\":\"https:\\\/\\\/www.zaldionline.com\\\/en\\\/product\\\/zaldi-konfigurierbares-vorderes-kopfband-frontalera-kristalle-strass-cabezada\\\/#primaryimage\",\"url\":\"https:\\\/\\\/www.zaldionline.com\\\/en\\\/wp-content\\\/uploads\\\/sites\\\/3\\\/2023\\\/04\\\/Bild_2023-04-03_170638794.png\",\"contentUrl\":\"https:\\\/\\\/www.zaldionline.com\\\/en\\\/wp-content\\\/uploads\\\/sites\\\/3\\\/2023\\\/04\\\/Bild_2023-04-03_170638794.png\",\"width\":514,\"height\":503},{\"@type\":\"BreadcrumbList\",\"@id\":\"https:\\\/\\\/www.zaldionline.com\\\/en\\\/product\\\/zaldi-konfigurierbares-vorderes-kopfband-frontalera-kristalle-strass-cabezada\\\/#breadcrumb\",\"itemListElement\":[{\"@type\":\"ListItem\",\"position\":1,\"name\":\"Portada\",\"item\":\"https:\\\/\\\/www.zaldionline.com\\\/en\\\/\"},{\"@type\":\"ListItem\",\"position\":2,\"name\":\"Saddles &#038; Accessories\",\"item\":\"https:\\\/\\\/www.zaldionline.com\\\/en\\\/saddles-and-accessories\\\/\"},{\"@type\":\"ListItem\",\"position\":3,\"name\":\"ZALDI KONFIGURIERBARES STIRNBAND KRISTALLE STRASS FRONTALERA CABEZADA\"}]},{\"@type\":\"WebSite\",\"@id\":\"https:\\\/\\\/www.zaldionline.com\\\/en\\\/#website\",\"url\":\"https:\\\/\\\/www.zaldionline.com\\\/en\\\/\",\"name\":\"Zaldi Online\",\"description\":\"The best products for horses\",\"potentialAction\":[{\"@type\":\"SearchAction\",\"target\":{\"@type\":\"EntryPoint\",\"urlTemplate\":\"https:\\\/\\\/www.zaldionline.com\\\/en\\\/?s={search_term_string}\"},\"query-input\":{\"@type\":\"PropertyValueSpecification\",\"valueRequired\":true,\"valueName\":\"search_term_string\"}}],\"inLanguage\":\"en-GB\"}]}<\/script>\n<!-- \/ Yoast SEO plugin. -->","yoast_head_json":{"title":"ZALDI KONFIGURIERBARES STIRNBAND KRISTALLE STRASS FRONTALERA CABEZADA - Zaldi Online","description":"Zaumzeug nach Ma\u00df. Mit Zaldi k\u00f6nnen Sie Ihr eigenes Zaumzeug nach Ma\u00df entwerfen. W\u00e4hlen, konfigurieren und kombinieren Sie die verschiedenen Elemente, um Ihr Traumzaumzeug zu kreieren. Lederstirnriemen f\u00fcr englisches Zaumzeug mit mehreren V-f\u00f6rmig angeordneten Kristallreihen, einer Kombination aus kleinen wei\u00dfen Strasssteinen und einer mittleren Reihe gro\u00dfer brauner Kristalle in Metallfassung. Hergestellt aus Leder. Farbe: Schwarz, Braun. Gr\u00f6\u00dfe: 41 cm x 2 cm. Erh\u00e4ltlich \u00fcber Zaldionline.com","robots":{"index":"index","follow":"follow","max-snippet":"max-snippet:-1","max-image-preview":"max-image-preview:large","max-video-preview":"max-video-preview:-1"},"canonical":"https:\/\/www.zaldionline.com\/en\/product\/zaldi-konfigurierbares-vorderes-kopfband-frontalera-kristalle-strass-cabezada\/","og_locale":"en_GB","og_type":"article","og_title":"ZALDI KONFIGURIERBARES STIRNBAND KRISTALLE STRASS FRONTALERA CABEZADA - Zaldi Online","og_description":"Zaumzeug nach Ma\u00df. Mit Zaldi k\u00f6nnen Sie Ihr eigenes Zaumzeug nach Ma\u00df entwerfen. W\u00e4hlen, konfigurieren und kombinieren Sie die verschiedenen Elemente, um Ihr Traumzaumzeug zu kreieren. Lederstirnriemen f\u00fcr englisches Zaumzeug mit mehreren V-f\u00f6rmig angeordneten Kristallreihen, einer Kombination aus kleinen wei\u00dfen Strasssteinen und einer mittleren Reihe gro\u00dfer brauner Kristalle in Metallfassung. Hergestellt aus Leder. Farbe: Schwarz, Braun. Gr\u00f6\u00dfe: 41 cm x 2 cm. Erh\u00e4ltlich \u00fcber Zaldionline.com","og_url":"https:\/\/www.zaldionline.com\/en\/product\/zaldi-konfigurierbares-vorderes-kopfband-frontalera-kristalle-strass-cabezada\/","og_site_name":"Zaldi Online","article_modified_time":"2023-04-05T16:35:54+00:00","og_image":[{"width":514,"height":503,"url":"https:\/\/www.zaldionline.com\/en\/wp-content\/uploads\/sites\/3\/2023\/04\/Bild_2023-04-03_170638794.png","type":"image\/png"}],"twitter_card":"summary_large_image","twitter_misc":{"Estimated reading time":"1 minute"},"schema":{"@context":"https:\/\/schema.org","@graph":[{"@type":"WebPage","@id":"https:\/\/www.zaldionline.com\/en\/product\/zaldi-konfigurierbares-vorderes-kopfband-frontalera-kristalle-strass-cabezada\/","url":"https:\/\/www.zaldionline.com\/en\/product\/zaldi-konfigurierbares-vorderes-kopfband-frontalera-kristalle-strass-cabezada\/","name":"ZALDI KONFIGURIERBARES STIRNBAND KRISTALLE STRASS FRONTALERA CABEZADA - Zaldi Online","isPartOf":{"@id":"https:\/\/www.zaldionline.com\/en\/#website"},"primaryImageOfPage":{"@id":"https:\/\/www.zaldionline.com\/en\/product\/zaldi-konfigurierbares-vorderes-kopfband-frontalera-kristalle-strass-cabezada\/#primaryimage"},"image":{"@id":"https:\/\/www.zaldionline.com\/en\/product\/zaldi-konfigurierbares-vorderes-kopfband-frontalera-kristalle-strass-cabezada\/#primaryimage"},"thumbnailUrl":"https:\/\/www.zaldionline.com\/en\/wp-content\/uploads\/sites\/3\/2023\/04\/Bild_2023-04-03_170638794.png","datePublished":"2023-04-03T15:04:35+00:00","dateModified":"2023-04-05T16:35:54+00:00","description":"Zaumzeug nach Ma\u00df. Mit Zaldi k\u00f6nnen Sie Ihr eigenes Zaumzeug nach Ma\u00df entwerfen. W\u00e4hlen, konfigurieren und kombinieren Sie die verschiedenen Elemente, um Ihr Traumzaumzeug zu kreieren. Lederstirnriemen f\u00fcr englisches Zaumzeug mit mehreren V-f\u00f6rmig angeordneten Kristallreihen, einer Kombination aus kleinen wei\u00dfen Strasssteinen und einer mittleren Reihe gro\u00dfer brauner Kristalle in Metallfassung. Hergestellt aus Leder. Farbe: Schwarz, Braun. Gr\u00f6\u00dfe: 41 cm x 2 cm. Erh\u00e4ltlich \u00fcber Zaldionline.com","breadcrumb":{"@id":"https:\/\/www.zaldionline.com\/en\/product\/zaldi-konfigurierbares-vorderes-kopfband-frontalera-kristalle-strass-cabezada\/#breadcrumb"},"inLanguage":"en-GB","potentialAction":[{"@type":"ReadAction","target":["https:\/\/www.zaldionline.com\/en\/product\/zaldi-konfigurierbares-vorderes-kopfband-frontalera-kristalle-strass-cabezada\/"]}]},{"@type":"ImageObject","inLanguage":"en-GB","@id":"https:\/\/www.zaldionline.com\/en\/product\/zaldi-konfigurierbares-vorderes-kopfband-frontalera-kristalle-strass-cabezada\/#primaryimage","url":"https:\/\/www.zaldionline.com\/en\/wp-content\/uploads\/sites\/3\/2023\/04\/Bild_2023-04-03_170638794.png","contentUrl":"https:\/\/www.zaldionline.com\/en\/wp-content\/uploads\/sites\/3\/2023\/04\/Bild_2023-04-03_170638794.png","width":514,"height":503},{"@type":"BreadcrumbList","@id":"https:\/\/www.zaldionline.com\/en\/product\/zaldi-konfigurierbares-vorderes-kopfband-frontalera-kristalle-strass-cabezada\/#breadcrumb","itemListElement":[{"@type":"ListItem","position":1,"name":"Portada","item":"https:\/\/www.zaldionline.com\/en\/"},{"@type":"ListItem","position":2,"name":"Saddles &#038; Accessories","item":"https:\/\/www.zaldionline.com\/en\/saddles-and-accessories\/"},{"@type":"ListItem","position":3,"name":"ZALDI KONFIGURIERBARES STIRNBAND KRISTALLE STRASS FRONTALERA CABEZADA"}]},{"@type":"WebSite","@id":"https:\/\/www.zaldionline.com\/en\/#website","url":"https:\/\/www.zaldionline.com\/en\/","name":"Zaldi Online","description":"The best products for horses","potentialAction":[{"@type":"SearchAction","target":{"@type":"EntryPoint","urlTemplate":"https:\/\/www.zaldionline.com\/en\/?s={search_term_string}"},"query-input":{"@type":"PropertyValueSpecification","valueRequired":true,"valueName":"search_term_string"}}],"inLanguage":"en-GB"}]}},"_links":{"self":[{"href":"https:\/\/www.zaldionline.com\/en\/wp-json\/wp\/v2\/product\/22797","targetHints":{"allow":["GET"]}}],"collection":[{"href":"https:\/\/www.zaldionline.com\/en\/wp-json\/wp\/v2\/product"}],"about":[{"href":"https:\/\/www.zaldionline.com\/en\/wp-json\/wp\/v2\/types\/product"}],"replies":[{"embeddable":true,"href":"https:\/\/www.zaldionline.com\/en\/wp-json\/wp\/v2\/comments?post=22797"}],"version-history":[{"count":11,"href":"https:\/\/www.zaldionline.com\/en\/wp-json\/wp\/v2\/product\/22797\/revisions"}],"predecessor-version":[{"id":23075,"href":"https:\/\/www.zaldionline.com\/en\/wp-json\/wp\/v2\/product\/22797\/revisions\/23075"}],"wp:featuredmedia":[{"embeddable":true,"href":"https:\/\/www.zaldionline.com\/en\/wp-json\/wp\/v2\/media\/22800"}],"wp:attachment":[{"href":"https:\/\/www.zaldionline.com\/en\/wp-json\/wp\/v2\/media?parent=22797"}],"wp:term":[{"taxonomy":"product_brand","embeddable":true,"href":"https:\/\/www.zaldionline.com\/en\/wp-json\/wp\/v2\/product_brand?post=22797"},{"taxonomy":"product_cat","embeddable":true,"href":"https:\/\/www.zaldionline.com\/en\/wp-json\/wp\/v2\/product_cat?post=22797"},{"taxonomy":"product_tag","embeddable":true,"href":"https:\/\/www.zaldionline.com\/en\/wp-json\/wp\/v2\/product_tag?post=22797"}],"curies":[{"name":"wp","href":"https:\/\/api.w.org\/{rel}","templated":true}]}}