{"id":22952,"date":"2023-04-03T16:43:33","date_gmt":"2023-04-03T16:43:33","guid":{"rendered":"https:\/\/www.zaldionline.com\/?post_type=product&#038;p=22952"},"modified":"2023-04-05T13:35:13","modified_gmt":"2023-04-05T13:35:13","slug":"zaldi-konfigurierbares-stirnband-kristalle-frontalera-cabezada-15","status":"publish","type":"product","link":"https:\/\/www.zaldionline.com\/en\/product\/zaldi-konfigurierbares-stirnband-kristalle-frontalera-cabezada-15\/","title":{"rendered":"ZALDI KONFIGURIERBARES STIRNBAND KRISTALLE FRONTALERA CABEZADA"},"content":{"rendered":"\t\t<div data-elementor-type=\"wp-post\" data-elementor-id=\"22952\" class=\"elementor elementor-22952\">\n\t\t\t\t\t\t<section class=\"elementor-section elementor-top-section elementor-element elementor-element-1f3110fd elementor-section-boxed elementor-section-height-default elementor-section-height-default\" data-id=\"1f3110fd\" data-element_type=\"section\" data-e-type=\"section\">\n\t\t\t\t\t\t<div class=\"elementor-container elementor-column-gap-default\">\n\t\t\t\t\t<div class=\"elementor-column elementor-col-100 elementor-top-column elementor-element elementor-element-e2bbddc\" data-id=\"e2bbddc\" data-element_type=\"column\" data-e-type=\"column\">\n\t\t\t<div class=\"elementor-widget-wrap elementor-element-populated\">\n\t\t\t\t\t\t<div class=\"elementor-element elementor-element-19ce51a6 elementor-widget elementor-widget-text-editor\" data-id=\"19ce51a6\" data-element_type=\"widget\" data-e-type=\"widget\" data-widget_type=\"text-editor.default\">\n\t\t\t\t<div class=\"elementor-widget-container\">\n\t\t\t\t\t\t\t\t\t<p>Preis ink. MwSt.: 25.71\u20ac<\/p><p>Zaumzeug nach Ma\u00df<br \/>Mit <em>Zaldi<\/em> k\u00f6nnen Sie Ihr eigenes Zaumzeug nach Ma\u00df entwerfen.<\/p><p>W\u00e4hlen, konfigurieren und kombinieren Sie die verschiedenen Elemente, um Ihre Traumz\u00e4umung zu kreieren.<\/p><p>W\u00e4hlen Sie zuerst das Kopfst\u00fcck, dann den Stirnriemen, dann das Reithalfter, dann den Nasenriemen und schlie\u00dflich die Z\u00fcgel.<\/p><p>Englisches Kopfst\u00fcck mit gro\u00dfen blauen Kristallen und Metallkette.<\/p><p>Hergestellt aus Leder.<br \/>Farbe: Schwarz, Braun.<br \/>Ma\u00dfe: 42 cm x 1 cm<\/p><p>Ref. 21999100003<\/p>\t\t\t\t\t\t\t\t<\/div>\n\t\t\t\t<\/div>\n\t\t\t\t\t<\/div>\n\t\t<\/div>\n\t\t\t\t\t<\/div>\n\t\t<\/section>\n\t\t\t\t<\/div>\n\t\t","protected":false},"excerpt":{"rendered":"<p>Preis ink. MwSt.: 25.71\u20ac Zaumzeug nach Ma\u00df Mit Zaldi k\u00f6nnen Sie Ihr eigenes Zaumzeug nach Ma\u00df entwerfen. W\u00e4hlen, konfigurieren und kombinieren Sie die verschiedenen Elemente, um Ihre Traumz\u00e4umung zu kreieren. W\u00e4hlen Sie zuerst das Kopfst\u00fcck, dann den Stirnriemen, dann das Reithalfter, dann den Nasenriemen und schlie\u00dflich die Z\u00fcgel. Englisches Kopfst\u00fcck mit gro\u00dfen blauen Kristallen und [&hellip;]<\/p>\n","protected":false},"featured_media":22939,"comment_status":"open","ping_status":"closed","template":"","meta":{"site-sidebar-layout":"default","site-content-layout":"default","ast-site-content-layout":"default","site-content-style":"default","site-sidebar-style":"default","ast-global-header-display":"","ast-banner-title-visibility":"","ast-main-header-display":"","ast-hfb-above-header-display":"","ast-hfb-below-header-display":"","ast-hfb-mobile-header-display":"","site-post-title":"","ast-breadcrumbs-content":"","ast-featured-img":"","footer-sml-layout":"","ast-disable-related-posts":"","theme-transparent-header-meta":"default","adv-header-id-meta":"","stick-header-meta":"","header-above-stick-meta":"","header-main-stick-meta":"","header-below-stick-meta":"","astra-migrate-meta-layouts":"default","ast-page-background-enabled":"default","ast-page-background-meta":{"desktop":{"background-color":"var(--ast-global-color-4)","background-image":"","background-repeat":"repeat","background-position":"center center","background-size":"auto","background-attachment":"scroll","background-type":"","background-media":"","overlay-type":"","overlay-color":"","overlay-opacity":"","overlay-gradient":""},"tablet":{"background-color":"","background-image":"","background-repeat":"repeat","background-position":"center center","background-size":"auto","background-attachment":"scroll","background-type":"","background-media":"","overlay-type":"","overlay-color":"","overlay-opacity":"","overlay-gradient":""},"mobile":{"background-color":"","background-image":"","background-repeat":"repeat","background-position":"center center","background-size":"auto","background-attachment":"scroll","background-type":"","background-media":"","overlay-type":"","overlay-color":"","overlay-opacity":"","overlay-gradient":""}},"ast-content-background-meta":{"desktop":{"background-color":"var(--ast-global-color-5)","background-image":"","background-repeat":"repeat","background-position":"center center","background-size":"auto","background-attachment":"scroll","background-type":"","background-media":"","overlay-type":"","overlay-color":"","overlay-opacity":"","overlay-gradient":""},"tablet":{"background-color":"var(--ast-global-color-5)","background-image":"","background-repeat":"repeat","background-position":"center center","background-size":"auto","background-attachment":"scroll","background-type":"","background-media":"","overlay-type":"","overlay-color":"","overlay-opacity":"","overlay-gradient":""},"mobile":{"background-color":"var(--ast-global-color-5)","background-image":"","background-repeat":"repeat","background-position":"center center","background-size":"auto","background-attachment":"scroll","background-type":"","background-media":"","overlay-type":"","overlay-color":"","overlay-opacity":"","overlay-gradient":""}},"ngg_post_thumbnail":0},"product_brand":[],"product_cat":[18,44],"product_tag":[534,533,536,539,528,537,518,538,340,337,338,339,535,516],"class_list":{"0":"post-22952","1":"product","2":"type-product","3":"status-publish","4":"has-post-thumbnail","6":"product_cat-accessories","7":"product_cat-bridles-accessories","8":"product_tag-cabezada","9":"product_tag-frontalera","10":"product_tag-konfigurierbares-stirnband","11":"product_tag-kristall","12":"product_tag-kristalle","13":"product_tag-stiernband","14":"product_tag-stirngurt","15":"product_tag-stirnreimen","16":"product_tag-susanne-nagel","17":"product_tag-zaldi","18":"product_tag-zaldi-deutschland","19":"product_tag-zaldi-online-com","20":"product_tag-zaumzeug-nach-mass","21":"product_tag-zuegel","22":"desktop-align-left","23":"tablet-align-left","24":"mobile-align-left","26":"first","27":"instock","28":"taxable","29":"shipping-taxable","30":"purchasable","31":"product-type-variable"},"yoast_head":"<!-- This site is optimized with the Yoast SEO plugin v27.4 - https:\/\/yoast.com\/product\/yoast-seo-wordpress\/ -->\n<title>ZALDI KONFIGURIERBARES STIRNBAND KRISTALLE FRONTALERA CABEZADA - Zaldi Online<\/title>\n<meta name=\"description\" content=\"Zaumzeug nach Ma\u00df. Mit Zaldi k\u00f6nnen Sie Ihr eigenes Zaumzeug nach Ma\u00df entwerfen. W\u00e4hlen, konfigurieren und kombinieren Sie die verschiedenen Elemente, um Ihre Traumz\u00e4umung zu kreieren. Englisches Kopfst\u00fcck mit gro\u00dfen blauen Kristallen und Metallkette. Hergestellt aus Leder. Farbe: Schwarz, Braun. Ma\u00dfe: 42 cm x 1 cm. Erh\u00e4ltlich \u00fcber Zaldionlin.com\" \/>\n<meta name=\"robots\" content=\"index, follow, max-snippet:-1, max-image-preview:large, max-video-preview:-1\" \/>\n<link rel=\"canonical\" href=\"https:\/\/www.zaldionline.com\/en\/product\/zaldi-konfigurierbares-stirnband-kristalle-frontalera-cabezada-15\/\" \/>\n<meta property=\"og:locale\" content=\"en_GB\" \/>\n<meta property=\"og:type\" content=\"article\" \/>\n<meta property=\"og:title\" content=\"ZALDI KONFIGURIERBARES STIRNBAND KRISTALLE FRONTALERA CABEZADA - Zaldi Online\" \/>\n<meta property=\"og:description\" content=\"Zaumzeug nach Ma\u00df. Mit Zaldi k\u00f6nnen Sie Ihr eigenes Zaumzeug nach Ma\u00df entwerfen. W\u00e4hlen, konfigurieren und kombinieren Sie die verschiedenen Elemente, um Ihre Traumz\u00e4umung zu kreieren. Englisches Kopfst\u00fcck mit gro\u00dfen blauen Kristallen und Metallkette. Hergestellt aus Leder. Farbe: Schwarz, Braun. Ma\u00dfe: 42 cm x 1 cm. Erh\u00e4ltlich \u00fcber Zaldionlin.com\" \/>\n<meta property=\"og:url\" content=\"https:\/\/www.zaldionline.com\/en\/product\/zaldi-konfigurierbares-stirnband-kristalle-frontalera-cabezada-15\/\" \/>\n<meta property=\"og:site_name\" content=\"Zaldi Online\" \/>\n<meta property=\"article:modified_time\" content=\"2023-04-05T13:35:13+00:00\" \/>\n<meta property=\"og:image\" content=\"https:\/\/www.zaldionline.com\/en\/wp-content\/uploads\/sites\/3\/2023\/04\/Bild_2023-04-03_183143369.png\" \/>\n\t<meta property=\"og:image:width\" content=\"517\" \/>\n\t<meta property=\"og:image:height\" content=\"502\" \/>\n\t<meta property=\"og:image:type\" content=\"image\/png\" \/>\n<meta name=\"twitter:card\" content=\"summary_large_image\" \/>\n<meta name=\"twitter:label1\" content=\"Estimated reading time\" \/>\n\t<meta name=\"twitter:data1\" content=\"1 minute\" \/>\n<script type=\"application\/ld+json\" class=\"yoast-schema-graph\">{\"@context\":\"https:\\\/\\\/schema.org\",\"@graph\":[{\"@type\":\"WebPage\",\"@id\":\"https:\\\/\\\/www.zaldionline.com\\\/en\\\/product\\\/zaldi-konfigurierbares-stirnband-kristalle-frontalera-cabezada-15\\\/\",\"url\":\"https:\\\/\\\/www.zaldionline.com\\\/en\\\/product\\\/zaldi-konfigurierbares-stirnband-kristalle-frontalera-cabezada-15\\\/\",\"name\":\"ZALDI KONFIGURIERBARES STIRNBAND KRISTALLE FRONTALERA CABEZADA - Zaldi Online\",\"isPartOf\":{\"@id\":\"https:\\\/\\\/www.zaldionline.com\\\/en\\\/#website\"},\"primaryImageOfPage\":{\"@id\":\"https:\\\/\\\/www.zaldionline.com\\\/en\\\/product\\\/zaldi-konfigurierbares-stirnband-kristalle-frontalera-cabezada-15\\\/#primaryimage\"},\"image\":{\"@id\":\"https:\\\/\\\/www.zaldionline.com\\\/en\\\/product\\\/zaldi-konfigurierbares-stirnband-kristalle-frontalera-cabezada-15\\\/#primaryimage\"},\"thumbnailUrl\":\"https:\\\/\\\/www.zaldionline.com\\\/en\\\/wp-content\\\/uploads\\\/sites\\\/3\\\/2023\\\/04\\\/Bild_2023-04-03_183143369.png\",\"datePublished\":\"2023-04-03T16:43:33+00:00\",\"dateModified\":\"2023-04-05T13:35:13+00:00\",\"description\":\"Zaumzeug nach Ma\u00df. Mit Zaldi k\u00f6nnen Sie Ihr eigenes Zaumzeug nach Ma\u00df entwerfen. W\u00e4hlen, konfigurieren und kombinieren Sie die verschiedenen Elemente, um Ihre Traumz\u00e4umung zu kreieren. Englisches Kopfst\u00fcck mit gro\u00dfen blauen Kristallen und Metallkette. Hergestellt aus Leder. Farbe: Schwarz, Braun. Ma\u00dfe: 42 cm x 1 cm. Erh\u00e4ltlich \u00fcber Zaldionlin.com\",\"breadcrumb\":{\"@id\":\"https:\\\/\\\/www.zaldionline.com\\\/en\\\/product\\\/zaldi-konfigurierbares-stirnband-kristalle-frontalera-cabezada-15\\\/#breadcrumb\"},\"inLanguage\":\"en-GB\",\"potentialAction\":[{\"@type\":\"ReadAction\",\"target\":[\"https:\\\/\\\/www.zaldionline.com\\\/en\\\/product\\\/zaldi-konfigurierbares-stirnband-kristalle-frontalera-cabezada-15\\\/\"]}]},{\"@type\":\"ImageObject\",\"inLanguage\":\"en-GB\",\"@id\":\"https:\\\/\\\/www.zaldionline.com\\\/en\\\/product\\\/zaldi-konfigurierbares-stirnband-kristalle-frontalera-cabezada-15\\\/#primaryimage\",\"url\":\"https:\\\/\\\/www.zaldionline.com\\\/en\\\/wp-content\\\/uploads\\\/sites\\\/3\\\/2023\\\/04\\\/Bild_2023-04-03_183143369.png\",\"contentUrl\":\"https:\\\/\\\/www.zaldionline.com\\\/en\\\/wp-content\\\/uploads\\\/sites\\\/3\\\/2023\\\/04\\\/Bild_2023-04-03_183143369.png\",\"width\":517,\"height\":502},{\"@type\":\"BreadcrumbList\",\"@id\":\"https:\\\/\\\/www.zaldionline.com\\\/en\\\/product\\\/zaldi-konfigurierbares-stirnband-kristalle-frontalera-cabezada-15\\\/#breadcrumb\",\"itemListElement\":[{\"@type\":\"ListItem\",\"position\":1,\"name\":\"Portada\",\"item\":\"https:\\\/\\\/www.zaldionline.com\\\/en\\\/\"},{\"@type\":\"ListItem\",\"position\":2,\"name\":\"Saddles &#038; Accessories\",\"item\":\"https:\\\/\\\/www.zaldionline.com\\\/en\\\/saddles-and-accessories\\\/\"},{\"@type\":\"ListItem\",\"position\":3,\"name\":\"ZALDI KONFIGURIERBARES STIRNBAND KRISTALLE FRONTALERA CABEZADA\"}]},{\"@type\":\"WebSite\",\"@id\":\"https:\\\/\\\/www.zaldionline.com\\\/en\\\/#website\",\"url\":\"https:\\\/\\\/www.zaldionline.com\\\/en\\\/\",\"name\":\"Zaldi Online\",\"description\":\"The best products for horses\",\"potentialAction\":[{\"@type\":\"SearchAction\",\"target\":{\"@type\":\"EntryPoint\",\"urlTemplate\":\"https:\\\/\\\/www.zaldionline.com\\\/en\\\/?s={search_term_string}\"},\"query-input\":{\"@type\":\"PropertyValueSpecification\",\"valueRequired\":true,\"valueName\":\"search_term_string\"}}],\"inLanguage\":\"en-GB\"}]}<\/script>\n<!-- \/ Yoast SEO plugin. -->","yoast_head_json":{"title":"ZALDI KONFIGURIERBARES STIRNBAND KRISTALLE FRONTALERA CABEZADA - Zaldi Online","description":"Zaumzeug nach Ma\u00df. Mit Zaldi k\u00f6nnen Sie Ihr eigenes Zaumzeug nach Ma\u00df entwerfen. W\u00e4hlen, konfigurieren und kombinieren Sie die verschiedenen Elemente, um Ihre Traumz\u00e4umung zu kreieren. Englisches Kopfst\u00fcck mit gro\u00dfen blauen Kristallen und Metallkette. Hergestellt aus Leder. Farbe: Schwarz, Braun. Ma\u00dfe: 42 cm x 1 cm. Erh\u00e4ltlich \u00fcber Zaldionlin.com","robots":{"index":"index","follow":"follow","max-snippet":"max-snippet:-1","max-image-preview":"max-image-preview:large","max-video-preview":"max-video-preview:-1"},"canonical":"https:\/\/www.zaldionline.com\/en\/product\/zaldi-konfigurierbares-stirnband-kristalle-frontalera-cabezada-15\/","og_locale":"en_GB","og_type":"article","og_title":"ZALDI KONFIGURIERBARES STIRNBAND KRISTALLE FRONTALERA CABEZADA - Zaldi Online","og_description":"Zaumzeug nach Ma\u00df. Mit Zaldi k\u00f6nnen Sie Ihr eigenes Zaumzeug nach Ma\u00df entwerfen. W\u00e4hlen, konfigurieren und kombinieren Sie die verschiedenen Elemente, um Ihre Traumz\u00e4umung zu kreieren. Englisches Kopfst\u00fcck mit gro\u00dfen blauen Kristallen und Metallkette. Hergestellt aus Leder. Farbe: Schwarz, Braun. Ma\u00dfe: 42 cm x 1 cm. Erh\u00e4ltlich \u00fcber Zaldionlin.com","og_url":"https:\/\/www.zaldionline.com\/en\/product\/zaldi-konfigurierbares-stirnband-kristalle-frontalera-cabezada-15\/","og_site_name":"Zaldi Online","article_modified_time":"2023-04-05T13:35:13+00:00","og_image":[{"width":517,"height":502,"url":"https:\/\/www.zaldionline.com\/en\/wp-content\/uploads\/sites\/3\/2023\/04\/Bild_2023-04-03_183143369.png","type":"image\/png"}],"twitter_card":"summary_large_image","twitter_misc":{"Estimated reading time":"1 minute"},"schema":{"@context":"https:\/\/schema.org","@graph":[{"@type":"WebPage","@id":"https:\/\/www.zaldionline.com\/en\/product\/zaldi-konfigurierbares-stirnband-kristalle-frontalera-cabezada-15\/","url":"https:\/\/www.zaldionline.com\/en\/product\/zaldi-konfigurierbares-stirnband-kristalle-frontalera-cabezada-15\/","name":"ZALDI KONFIGURIERBARES STIRNBAND KRISTALLE FRONTALERA CABEZADA - Zaldi Online","isPartOf":{"@id":"https:\/\/www.zaldionline.com\/en\/#website"},"primaryImageOfPage":{"@id":"https:\/\/www.zaldionline.com\/en\/product\/zaldi-konfigurierbares-stirnband-kristalle-frontalera-cabezada-15\/#primaryimage"},"image":{"@id":"https:\/\/www.zaldionline.com\/en\/product\/zaldi-konfigurierbares-stirnband-kristalle-frontalera-cabezada-15\/#primaryimage"},"thumbnailUrl":"https:\/\/www.zaldionline.com\/en\/wp-content\/uploads\/sites\/3\/2023\/04\/Bild_2023-04-03_183143369.png","datePublished":"2023-04-03T16:43:33+00:00","dateModified":"2023-04-05T13:35:13+00:00","description":"Zaumzeug nach Ma\u00df. Mit Zaldi k\u00f6nnen Sie Ihr eigenes Zaumzeug nach Ma\u00df entwerfen. W\u00e4hlen, konfigurieren und kombinieren Sie die verschiedenen Elemente, um Ihre Traumz\u00e4umung zu kreieren. Englisches Kopfst\u00fcck mit gro\u00dfen blauen Kristallen und Metallkette. Hergestellt aus Leder. Farbe: Schwarz, Braun. Ma\u00dfe: 42 cm x 1 cm. Erh\u00e4ltlich \u00fcber Zaldionlin.com","breadcrumb":{"@id":"https:\/\/www.zaldionline.com\/en\/product\/zaldi-konfigurierbares-stirnband-kristalle-frontalera-cabezada-15\/#breadcrumb"},"inLanguage":"en-GB","potentialAction":[{"@type":"ReadAction","target":["https:\/\/www.zaldionline.com\/en\/product\/zaldi-konfigurierbares-stirnband-kristalle-frontalera-cabezada-15\/"]}]},{"@type":"ImageObject","inLanguage":"en-GB","@id":"https:\/\/www.zaldionline.com\/en\/product\/zaldi-konfigurierbares-stirnband-kristalle-frontalera-cabezada-15\/#primaryimage","url":"https:\/\/www.zaldionline.com\/en\/wp-content\/uploads\/sites\/3\/2023\/04\/Bild_2023-04-03_183143369.png","contentUrl":"https:\/\/www.zaldionline.com\/en\/wp-content\/uploads\/sites\/3\/2023\/04\/Bild_2023-04-03_183143369.png","width":517,"height":502},{"@type":"BreadcrumbList","@id":"https:\/\/www.zaldionline.com\/en\/product\/zaldi-konfigurierbares-stirnband-kristalle-frontalera-cabezada-15\/#breadcrumb","itemListElement":[{"@type":"ListItem","position":1,"name":"Portada","item":"https:\/\/www.zaldionline.com\/en\/"},{"@type":"ListItem","position":2,"name":"Saddles &#038; Accessories","item":"https:\/\/www.zaldionline.com\/en\/saddles-and-accessories\/"},{"@type":"ListItem","position":3,"name":"ZALDI KONFIGURIERBARES STIRNBAND KRISTALLE FRONTALERA CABEZADA"}]},{"@type":"WebSite","@id":"https:\/\/www.zaldionline.com\/en\/#website","url":"https:\/\/www.zaldionline.com\/en\/","name":"Zaldi Online","description":"The best products for horses","potentialAction":[{"@type":"SearchAction","target":{"@type":"EntryPoint","urlTemplate":"https:\/\/www.zaldionline.com\/en\/?s={search_term_string}"},"query-input":{"@type":"PropertyValueSpecification","valueRequired":true,"valueName":"search_term_string"}}],"inLanguage":"en-GB"}]}},"_links":{"self":[{"href":"https:\/\/www.zaldionline.com\/en\/wp-json\/wp\/v2\/product\/22952","targetHints":{"allow":["GET"]}}],"collection":[{"href":"https:\/\/www.zaldionline.com\/en\/wp-json\/wp\/v2\/product"}],"about":[{"href":"https:\/\/www.zaldionline.com\/en\/wp-json\/wp\/v2\/types\/product"}],"replies":[{"embeddable":true,"href":"https:\/\/www.zaldionline.com\/en\/wp-json\/wp\/v2\/comments?post=22952"}],"version-history":[{"count":1,"href":"https:\/\/www.zaldionline.com\/en\/wp-json\/wp\/v2\/product\/22952\/revisions"}],"predecessor-version":[{"id":22955,"href":"https:\/\/www.zaldionline.com\/en\/wp-json\/wp\/v2\/product\/22952\/revisions\/22955"}],"wp:featuredmedia":[{"embeddable":true,"href":"https:\/\/www.zaldionline.com\/en\/wp-json\/wp\/v2\/media\/22939"}],"wp:attachment":[{"href":"https:\/\/www.zaldionline.com\/en\/wp-json\/wp\/v2\/media?parent=22952"}],"wp:term":[{"taxonomy":"product_brand","embeddable":true,"href":"https:\/\/www.zaldionline.com\/en\/wp-json\/wp\/v2\/product_brand?post=22952"},{"taxonomy":"product_cat","embeddable":true,"href":"https:\/\/www.zaldionline.com\/en\/wp-json\/wp\/v2\/product_cat?post=22952"},{"taxonomy":"product_tag","embeddable":true,"href":"https:\/\/www.zaldionline.com\/en\/wp-json\/wp\/v2\/product_tag?post=22952"}],"curies":[{"name":"wp","href":"https:\/\/api.w.org\/{rel}","templated":true}]}}