{"id":12497,"date":"2020-10-20T11:36:15","date_gmt":"2020-10-20T11:36:15","guid":{"rendered":"https:\/\/zaldionline.com\/?post_type=product&#038;p=12497"},"modified":"2022-04-12T17:33:35","modified_gmt":"2022-04-12T17:33:35","slug":"silla-master-vielseitigkeit-uso-general","status":"publish","type":"product","link":"https:\/\/www.zaldionline.com\/es\/producto\/silla-master-vielseitigkeit-uso-general\/","title":{"rendered":"SILLA M\u00c1STER Vielseitigkeit\/Uso general"},"content":{"rendered":"\t\t<div data-elementor-type=\"wp-post\" data-elementor-id=\"12497\" class=\"elementor elementor-12497\">\n\t\t\t\t\t\t<section class=\"elementor-section elementor-top-section elementor-element elementor-element-4b8cf7ec elementor-section-boxed elementor-section-height-default elementor-section-height-default\" data-id=\"4b8cf7ec\" data-element_type=\"section\" data-e-type=\"section\">\n\t\t\t\t\t\t<div class=\"elementor-container elementor-column-gap-default\">\n\t\t\t\t\t<div class=\"elementor-column elementor-col-100 elementor-top-column elementor-element elementor-element-5a1b303b\" data-id=\"5a1b303b\" data-element_type=\"column\" data-e-type=\"column\">\n\t\t\t<div class=\"elementor-widget-wrap elementor-element-populated\">\n\t\t\t\t\t\t<div class=\"elementor-element elementor-element-4f981784 elementor-widget elementor-widget-text-editor\" data-id=\"4f981784\" data-element_type=\"widget\" data-e-type=\"widget\" data-widget_type=\"text-editor.default\">\n\t\t\t\t<div class=\"elementor-widget-container\">\n\t\t\t\t\t\t\t\t\t<p><span style=\"font-size: 14pt;\"><strong><u>Wichtige Information:<\/u><\/strong><\/span><\/p><p>Zum Wohle des Pferdes sollte jeder Sattel nach den Ma\u00dfen des Pferder\u00fcckens, sowie nach den Ma\u00dfen des Reiters, hergestellt werden.<\/p><p>Wir, <em>BIENESTARCABALLO\u00ae<\/em>, bieten die Vermessung Deines Pferdes mit dem <em>EQUIscan\u00ae<\/em> System an. <a href=\"https:\/\/www.youtube.com\/watch?v=oUsQNwcYdec&amp;feature=emb_logo\">KLICK HIER F\u00dcR EIN VIDEO<\/a> wie es funktioniert.<\/p><p>Du kannst uns auch die entsprechenden Ma\u00dfe zukommen lassen.<\/p><p>Dieser Sattel ist ver\u00e4nderbar: Das Kopfeisen ist kalt verstellbar und Wollkissen k\u00f6nnen angepasst\/ aufgef\u00fcllt werden.<\/p><p>Au\u00dferdem kann der Sattel nach Deinen W\u00fcnschen konfiguriert werden:<\/p><p>Nicht nur verschiedene Farben oder Farbkombinationen sind erh\u00e4ltlich, sondern auch viele verschiedene Extras mit und ohne Aufpreis.<\/p><p>Das von <em>ZALDI<\/em> patentierte, verstellbare <em>TM\u00ae<\/em> Pauschensystem ist f\u00fcr fast alle <em>ZALDI<\/em> S\u00e4ttel verf\u00fcgbar. <a href=\"https:\/\/www.youtube.com\/watch?v=mzGw-izXBiY\">KLICK HIER F\u00dcR EIN VIDEO<\/a> wie es funktioniert.<\/p><p>Auf unserer <a href=\"https:\/\/www.facebook.com\/bienestarcaballo\/\">FACEBOOK\/BIENESTARCABALLO<\/a> Seite findest Du Videopr\u00e4sentationen von verschiedenen Modellen in Standard oder Sonderausf\u00fchrungen.\u00a0<\/p><p>Alle S\u00e4ttel auf unserer Web k\u00f6nnen auch in der veganen, lederfreien Version hergestellt werden. Das Z-Plus Material ist ein Velourskunstleder mit samtiger Oberfl\u00e4che auf der Basis eines Microfaser-Fleecestoffs aus Polyester und Polyurethan. Es ist sehr robust und ben\u00f6tigt, im Gegensatz zu Leder, das oft mit speziellen Produkten ges\u00e4ubert und eingefettet oder einge\u00f6lt werden muss, keine besondere Pflege. Z-Plusmaterial braucht lediglich mit einem feuchten Tuch abwischt werden.<\/p><p>Ein weiterer Vorteil des Sattels ist, dass er insgesamt leichter als ein herk\u00f6mmlicher Ledersattel ist. <a href=\"https:\/\/www.youtube.com\/watch?v=oSGbtL6hEIY&amp;t=42s&amp;ab_channel=BIENESTARCABALLO%28bySusanneNagel%29\">Klick hier f\u00fcr ein Video<\/a>\u00a0<\/p><p>Wichtige Information bez\u00fcglich der Lederqualit\u00e4ten und Farben:<\/p><p>Bitte lesen Sie hierzu die Information auf der Startseite dieser Web.\u00a0<a href=\"https:\/\/www.youtube.com\/watch?v=FBEGymHtO68&amp;t=8s&amp;ab_channel=BIENESTARCABALLO%28bySusanneNagel%29\">Hier ein Video zum Thema<\/a>\u00a0<\/p><p>Achtung: Die N\u00e4hte auf dem Sitz sind nur bei der Wahl eines extra gepolsterten Sitzes vorhanden.\u00a0<a href=\"https:\/\/zaldionline.com\/producto\/extra-gepolsteter-sitz-innen\/\">Link zum Angebot<\/a>\u00a0<\/p><p>Was muss ich bei meinem Pferd ber\u00fccksichtigen? Braucht mein Pferd spezielle Eigenschaften f\u00fcr unseren neuen Sattel? Tiefer oder halbtiefer Sitz: Das beeinflusst nicht die Form der Sattelauflage auf dem Pferd, sondern ausschlie\u00dflich die Sitzfl\u00e4che bzw. die Form der Sitzschale f\u00fcr den Reiter.\u00a0<a href=\"https:\/\/www.youtube.com\/shorts\/IXqBPDqMgYs\">Hier ein kurzes Video<\/a>\u00a0<\/p><p>F\u00fcr alle anderen spezifischen Extras, die f\u00fcr dein Pferd und dich wichtig sein k\u00f6nnten, schau die Sektion \u201eEXTRAS\u201c auf unserer Web an:\u00a0<a href=\"https:\/\/zaldionline.com\/categoria-producto\/sattel\/extras-tm-pauschen-und-reparatur\/\">Link zum Angebot<\/a>\u00a0<\/p><p>F\u00fcr weitere Informationen oder bei Anfragen zur Lieferdauer kontaktiere uns bitte<\/p><p>Wir beraten Dich gerne!<\/p>\t\t\t\t\t\t\t\t<\/div>\n\t\t\t\t<\/div>\n\t\t\t\t\t<\/div>\n\t\t<\/div>\n\t\t\t\t\t<\/div>\n\t\t<\/section>\n\t\t\t\t<\/div>\n\t\t","protected":false},"excerpt":{"rendered":"<p>Wichtige Information: Zum Wohle des Pferdes sollte jeder Sattel nach den Ma\u00dfen des Pferder\u00fcckens, sowie nach den Ma\u00dfen des Reiters, hergestellt werden. Wir, BIENESTARCABALLO\u00ae, bieten die Vermessung Deines Pferdes mit dem EQUIscan\u00ae System an. KLICK HIER F\u00dcR EIN VIDEO wie es funktioniert. Du kannst uns auch die entsprechenden Ma\u00dfe zukommen lassen. Dieser Sattel ist ver\u00e4nderbar: [&hellip;]<\/p>\n","protected":false},"featured_media":12311,"comment_status":"open","ping_status":"closed","template":"","meta":{"site-sidebar-layout":"default","site-content-layout":"","ast-site-content-layout":"default","site-content-style":"default","site-sidebar-style":"default","ast-global-header-display":"","ast-banner-title-visibility":"","ast-main-header-display":"","ast-hfb-above-header-display":"","ast-hfb-below-header-display":"","ast-hfb-mobile-header-display":"","site-post-title":"","ast-breadcrumbs-content":"","ast-featured-img":"","footer-sml-layout":"","ast-disable-related-posts":"","theme-transparent-header-meta":"","adv-header-id-meta":"","stick-header-meta":"","header-above-stick-meta":"","header-main-stick-meta":"","header-below-stick-meta":"","astra-migrate-meta-layouts":"default","ast-page-background-enabled":"default","ast-page-background-meta":{"desktop":{"background-color":"var(--ast-global-color-4)","background-image":"","background-repeat":"repeat","background-position":"center center","background-size":"auto","background-attachment":"scroll","background-type":"","background-media":"","overlay-type":"","overlay-color":"","overlay-opacity":"","overlay-gradient":""},"tablet":{"background-color":"","background-image":"","background-repeat":"repeat","background-position":"center center","background-size":"auto","background-attachment":"scroll","background-type":"","background-media":"","overlay-type":"","overlay-color":"","overlay-opacity":"","overlay-gradient":""},"mobile":{"background-color":"","background-image":"","background-repeat":"repeat","background-position":"center center","background-size":"auto","background-attachment":"scroll","background-type":"","background-media":"","overlay-type":"","overlay-color":"","overlay-opacity":"","overlay-gradient":""}},"ast-content-background-meta":{"desktop":{"background-color":"var(--ast-global-color-5)","background-image":"","background-repeat":"repeat","background-position":"center center","background-size":"auto","background-attachment":"scroll","background-type":"","background-media":"","overlay-type":"","overlay-color":"","overlay-opacity":"","overlay-gradient":""},"tablet":{"background-color":"var(--ast-global-color-5)","background-image":"","background-repeat":"repeat","background-position":"center center","background-size":"auto","background-attachment":"scroll","background-type":"","background-media":"","overlay-type":"","overlay-color":"","overlay-opacity":"","overlay-gradient":""},"mobile":{"background-color":"var(--ast-global-color-5)","background-image":"","background-repeat":"repeat","background-position":"center center","background-size":"auto","background-attachment":"scroll","background-type":"","background-media":"","overlay-type":"","overlay-color":"","overlay-opacity":"","overlay-gradient":""}},"ngg_post_thumbnail":0},"product_brand":[],"product_cat":[17,31],"product_tag":[341,411,409,346,415,406,343,410,202,340,413,416,404,412,459,337,338,443,339],"class_list":{"0":"post-12497","1":"product","2":"type-product","3":"status-publish","4":"has-post-thumbnail","6":"product_cat-sillas","7":"product_cat-uso-general","8":"product_tag-bienestarcaballo","9":"product_tag-custom-saddle","10":"product_tag-custom-sattel","11":"product_tag-equiscan-zaldi","12":"product_tag-lederfreie-saettel","13":"product_tag-lederfreier-sattel","14":"product_tag-sattel-guenstig","15":"product_tag-silla-custom","16":"product_tag-sillas","17":"product_tag-susanne-nagel","18":"product_tag-vegan","19":"product_tag-vegane-saettel","20":"product_tag-veganer-sattel","21":"product_tag-verstellbare-saettel","22":"product_tag-vielseitigkeits-sattel","23":"product_tag-zaldi","24":"product_tag-zaldi-deutschland","25":"product_tag-zaldi-masssattel","26":"product_tag-zaldi-online-com","27":"desktop-align-left","28":"tablet-align-left","29":"mobile-align-left","31":"first","32":"instock","33":"taxable","34":"shipping-taxable","35":"purchasable","36":"product-type-variable"},"yoast_head":"<!-- This site is optimized with the Yoast SEO plugin v27.3 - https:\/\/yoast.com\/product\/yoast-seo-wordpress\/ -->\n<title>SILLA M\u00c1STER Vielseitigkeit\/Uso general - Zaldionline.com<\/title>\n<meta name=\"robots\" content=\"noindex, follow, max-snippet:-1, max-image-preview:large, max-video-preview:-1\" \/>\n<meta property=\"og:locale\" content=\"es_ES\" \/>\n<meta property=\"og:type\" content=\"article\" \/>\n<meta property=\"og:title\" content=\"SILLA M\u00c1STER Vielseitigkeit\/Uso general - Zaldionline.com\" \/>\n<meta property=\"og:description\" content=\"Wichtige Information: Zum Wohle des Pferdes sollte jeder Sattel nach den Ma\u00dfen des Pferder\u00fcckens, sowie nach den Ma\u00dfen des Reiters, hergestellt werden. Wir, BIENESTARCABALLO\u00ae, bieten die Vermessung Deines Pferdes mit dem EQUIscan\u00ae System an. KLICK HIER F\u00dcR EIN VIDEO wie es funktioniert. Du kannst uns auch die entsprechenden Ma\u00dfe zukommen lassen. Dieser Sattel ist ver\u00e4nderbar: [&hellip;]\" \/>\n<meta property=\"og:url\" content=\"https:\/\/www.zaldionline.com\/es\/producto\/silla-master-vielseitigkeit-uso-general\/\" \/>\n<meta property=\"og:site_name\" content=\"Zaldionline.com\" \/>\n<meta property=\"article:modified_time\" content=\"2022-04-12T17:33:35+00:00\" \/>\n<meta property=\"og:image\" content=\"https:\/\/www.zaldionline.com\/es\/wp-content\/uploads\/sites\/2\/2020\/09\/camperadrimlusitanus.jpg\" \/>\n\t<meta property=\"og:image:width\" content=\"800\" \/>\n\t<meta property=\"og:image:height\" content=\"800\" \/>\n\t<meta property=\"og:image:type\" content=\"image\/jpeg\" \/>\n<meta name=\"twitter:card\" content=\"summary_large_image\" \/>\n<meta name=\"twitter:label1\" content=\"Tiempo de lectura\" \/>\n\t<meta name=\"twitter:data1\" content=\"2 minutos\" \/>\n<script type=\"application\/ld+json\" class=\"yoast-schema-graph\">{\"@context\":\"https:\\\/\\\/schema.org\",\"@graph\":[{\"@type\":\"WebPage\",\"@id\":\"https:\\\/\\\/www.zaldionline.com\\\/es\\\/producto\\\/silla-master-vielseitigkeit-uso-general\\\/\",\"url\":\"https:\\\/\\\/www.zaldionline.com\\\/es\\\/producto\\\/silla-master-vielseitigkeit-uso-general\\\/\",\"name\":\"SILLA M\u00c1STER Vielseitigkeit\\\/Uso general - Zaldionline.com\",\"isPartOf\":{\"@id\":\"https:\\\/\\\/www.zaldionline.com\\\/es\\\/#website\"},\"primaryImageOfPage\":{\"@id\":\"https:\\\/\\\/www.zaldionline.com\\\/es\\\/producto\\\/silla-master-vielseitigkeit-uso-general\\\/#primaryimage\"},\"image\":{\"@id\":\"https:\\\/\\\/www.zaldionline.com\\\/es\\\/producto\\\/silla-master-vielseitigkeit-uso-general\\\/#primaryimage\"},\"thumbnailUrl\":\"https:\\\/\\\/www.zaldionline.com\\\/es\\\/wp-content\\\/uploads\\\/sites\\\/2\\\/2020\\\/09\\\/camperadrimlusitanus.jpg\",\"datePublished\":\"2020-10-20T11:36:15+00:00\",\"dateModified\":\"2022-04-12T17:33:35+00:00\",\"breadcrumb\":{\"@id\":\"https:\\\/\\\/www.zaldionline.com\\\/es\\\/producto\\\/silla-master-vielseitigkeit-uso-general\\\/#breadcrumb\"},\"inLanguage\":\"es\",\"potentialAction\":[{\"@type\":\"ReadAction\",\"target\":[\"https:\\\/\\\/www.zaldionline.com\\\/es\\\/producto\\\/silla-master-vielseitigkeit-uso-general\\\/\"]}]},{\"@type\":\"ImageObject\",\"inLanguage\":\"es\",\"@id\":\"https:\\\/\\\/www.zaldionline.com\\\/es\\\/producto\\\/silla-master-vielseitigkeit-uso-general\\\/#primaryimage\",\"url\":\"https:\\\/\\\/www.zaldionline.com\\\/es\\\/wp-content\\\/uploads\\\/sites\\\/2\\\/2020\\\/09\\\/camperadrimlusitanus.jpg\",\"contentUrl\":\"https:\\\/\\\/www.zaldionline.com\\\/es\\\/wp-content\\\/uploads\\\/sites\\\/2\\\/2020\\\/09\\\/camperadrimlusitanus.jpg\",\"width\":800,\"height\":800},{\"@type\":\"BreadcrumbList\",\"@id\":\"https:\\\/\\\/www.zaldionline.com\\\/es\\\/producto\\\/silla-master-vielseitigkeit-uso-general\\\/#breadcrumb\",\"itemListElement\":[{\"@type\":\"ListItem\",\"position\":1,\"name\":\"Portada\",\"item\":\"https:\\\/\\\/www.zaldionline.com\\\/es\\\/\"},{\"@type\":\"ListItem\",\"position\":2,\"name\":\"Sillas y accesorios\",\"item\":\"https:\\\/\\\/www.zaldionline.com\\\/es\\\/sillas-y-accesorios\\\/\"},{\"@type\":\"ListItem\",\"position\":3,\"name\":\"SILLA M\u00c1STER Vielseitigkeit\\\/Uso general\"}]},{\"@type\":\"WebSite\",\"@id\":\"https:\\\/\\\/www.zaldionline.com\\\/es\\\/#website\",\"url\":\"https:\\\/\\\/www.zaldionline.com\\\/es\\\/\",\"name\":\"Zaldionline.com\",\"description\":\"Los mejores productos para usted y su caballo\",\"potentialAction\":[{\"@type\":\"SearchAction\",\"target\":{\"@type\":\"EntryPoint\",\"urlTemplate\":\"https:\\\/\\\/www.zaldionline.com\\\/es\\\/?s={search_term_string}\"},\"query-input\":{\"@type\":\"PropertyValueSpecification\",\"valueRequired\":true,\"valueName\":\"search_term_string\"}}],\"inLanguage\":\"es\"}]}<\/script>\n<!-- \/ Yoast SEO plugin. -->","yoast_head_json":{"title":"SILLA M\u00c1STER Vielseitigkeit\/Uso general - Zaldionline.com","robots":{"index":"noindex","follow":"follow","max-snippet":"max-snippet:-1","max-image-preview":"max-image-preview:large","max-video-preview":"max-video-preview:-1"},"og_locale":"es_ES","og_type":"article","og_title":"SILLA M\u00c1STER Vielseitigkeit\/Uso general - Zaldionline.com","og_description":"Wichtige Information: Zum Wohle des Pferdes sollte jeder Sattel nach den Ma\u00dfen des Pferder\u00fcckens, sowie nach den Ma\u00dfen des Reiters, hergestellt werden. Wir, BIENESTARCABALLO\u00ae, bieten die Vermessung Deines Pferdes mit dem EQUIscan\u00ae System an. KLICK HIER F\u00dcR EIN VIDEO wie es funktioniert. Du kannst uns auch die entsprechenden Ma\u00dfe zukommen lassen. Dieser Sattel ist ver\u00e4nderbar: [&hellip;]","og_url":"https:\/\/www.zaldionline.com\/es\/producto\/silla-master-vielseitigkeit-uso-general\/","og_site_name":"Zaldionline.com","article_modified_time":"2022-04-12T17:33:35+00:00","og_image":[{"width":800,"height":800,"url":"https:\/\/www.zaldionline.com\/es\/wp-content\/uploads\/sites\/2\/2020\/09\/camperadrimlusitanus.jpg","type":"image\/jpeg"}],"twitter_card":"summary_large_image","twitter_misc":{"Tiempo de lectura":"2 minutos"},"schema":{"@context":"https:\/\/schema.org","@graph":[{"@type":"WebPage","@id":"https:\/\/www.zaldionline.com\/es\/producto\/silla-master-vielseitigkeit-uso-general\/","url":"https:\/\/www.zaldionline.com\/es\/producto\/silla-master-vielseitigkeit-uso-general\/","name":"SILLA M\u00c1STER Vielseitigkeit\/Uso general - Zaldionline.com","isPartOf":{"@id":"https:\/\/www.zaldionline.com\/es\/#website"},"primaryImageOfPage":{"@id":"https:\/\/www.zaldionline.com\/es\/producto\/silla-master-vielseitigkeit-uso-general\/#primaryimage"},"image":{"@id":"https:\/\/www.zaldionline.com\/es\/producto\/silla-master-vielseitigkeit-uso-general\/#primaryimage"},"thumbnailUrl":"https:\/\/www.zaldionline.com\/es\/wp-content\/uploads\/sites\/2\/2020\/09\/camperadrimlusitanus.jpg","datePublished":"2020-10-20T11:36:15+00:00","dateModified":"2022-04-12T17:33:35+00:00","breadcrumb":{"@id":"https:\/\/www.zaldionline.com\/es\/producto\/silla-master-vielseitigkeit-uso-general\/#breadcrumb"},"inLanguage":"es","potentialAction":[{"@type":"ReadAction","target":["https:\/\/www.zaldionline.com\/es\/producto\/silla-master-vielseitigkeit-uso-general\/"]}]},{"@type":"ImageObject","inLanguage":"es","@id":"https:\/\/www.zaldionline.com\/es\/producto\/silla-master-vielseitigkeit-uso-general\/#primaryimage","url":"https:\/\/www.zaldionline.com\/es\/wp-content\/uploads\/sites\/2\/2020\/09\/camperadrimlusitanus.jpg","contentUrl":"https:\/\/www.zaldionline.com\/es\/wp-content\/uploads\/sites\/2\/2020\/09\/camperadrimlusitanus.jpg","width":800,"height":800},{"@type":"BreadcrumbList","@id":"https:\/\/www.zaldionline.com\/es\/producto\/silla-master-vielseitigkeit-uso-general\/#breadcrumb","itemListElement":[{"@type":"ListItem","position":1,"name":"Portada","item":"https:\/\/www.zaldionline.com\/es\/"},{"@type":"ListItem","position":2,"name":"Sillas y accesorios","item":"https:\/\/www.zaldionline.com\/es\/sillas-y-accesorios\/"},{"@type":"ListItem","position":3,"name":"SILLA M\u00c1STER Vielseitigkeit\/Uso general"}]},{"@type":"WebSite","@id":"https:\/\/www.zaldionline.com\/es\/#website","url":"https:\/\/www.zaldionline.com\/es\/","name":"Zaldionline.com","description":"Los mejores productos para usted y su caballo","potentialAction":[{"@type":"SearchAction","target":{"@type":"EntryPoint","urlTemplate":"https:\/\/www.zaldionline.com\/es\/?s={search_term_string}"},"query-input":{"@type":"PropertyValueSpecification","valueRequired":true,"valueName":"search_term_string"}}],"inLanguage":"es"}]}},"_links":{"self":[{"href":"https:\/\/www.zaldionline.com\/es\/wp-json\/wp\/v2\/product\/12497","targetHints":{"allow":["GET"]}}],"collection":[{"href":"https:\/\/www.zaldionline.com\/es\/wp-json\/wp\/v2\/product"}],"about":[{"href":"https:\/\/www.zaldionline.com\/es\/wp-json\/wp\/v2\/types\/product"}],"replies":[{"embeddable":true,"href":"https:\/\/www.zaldionline.com\/es\/wp-json\/wp\/v2\/comments?post=12497"}],"version-history":[{"count":0,"href":"https:\/\/www.zaldionline.com\/es\/wp-json\/wp\/v2\/product\/12497\/revisions"}],"wp:featuredmedia":[{"embeddable":true,"href":"https:\/\/www.zaldionline.com\/es\/wp-json\/wp\/v2\/media\/12311"}],"wp:attachment":[{"href":"https:\/\/www.zaldionline.com\/es\/wp-json\/wp\/v2\/media?parent=12497"}],"wp:term":[{"taxonomy":"product_brand","embeddable":true,"href":"https:\/\/www.zaldionline.com\/es\/wp-json\/wp\/v2\/product_brand?post=12497"},{"taxonomy":"product_cat","embeddable":true,"href":"https:\/\/www.zaldionline.com\/es\/wp-json\/wp\/v2\/product_cat?post=12497"},{"taxonomy":"product_tag","embeddable":true,"href":"https:\/\/www.zaldionline.com\/es\/wp-json\/wp\/v2\/product_tag?post=12497"}],"curies":[{"name":"wp","href":"https:\/\/api.w.org\/{rel}","templated":true}]}}