{"id":12610,"date":"2020-10-21T13:44:35","date_gmt":"2020-10-21T13:44:35","guid":{"rendered":"https:\/\/zaldionline.com\/?post_type=product&#038;p=12610"},"modified":"2024-10-29T14:04:59","modified_gmt":"2024-10-29T14:04:59","slug":"silla-zaldi-doma-drim-atlanta","status":"publish","type":"product","link":"https:\/\/www.zaldionline.com\/es\/producto\/silla-zaldi-doma-drim-atlanta\/","title":{"rendered":"SILLA ZALDI DOMA DRIM ATLANTA"},"content":{"rendered":"\t\t<div data-elementor-type=\"wp-post\" data-elementor-id=\"12610\" class=\"elementor elementor-12610\">\n\t\t\t\t\t\t<section class=\"elementor-section elementor-top-section elementor-element elementor-element-270d9668 elementor-section-boxed elementor-section-height-default elementor-section-height-default\" data-id=\"270d9668\" data-element_type=\"section\" data-e-type=\"section\">\n\t\t\t\t\t\t<div class=\"elementor-container elementor-column-gap-default\">\n\t\t\t\t\t<div class=\"elementor-column elementor-col-100 elementor-top-column elementor-element elementor-element-635544e8\" data-id=\"635544e8\" data-element_type=\"column\" data-e-type=\"column\">\n\t\t\t<div class=\"elementor-widget-wrap elementor-element-populated\">\n\t\t\t\t\t\t<div class=\"elementor-element elementor-element-7b38d929 elementor-widget elementor-widget-text-editor\" data-id=\"7b38d929\" data-element_type=\"widget\" data-e-type=\"widget\" data-widget_type=\"text-editor.default\">\n\t\t\t\t<div class=\"elementor-widget-container\">\n\t\t\t\t\t\t\t\t\t<p>Precio IVA incl.<\/p><p>#WeThinkSaddles<\/p><p>Pensando sillas de montar, en Zaldi entendemos la silla de montar como el elemento de uni\u00f3n entre caballo y jinete.<\/p><p>Siguiendo la l\u00ednea de nuestro eslogan, Tradici\u00f3n y Tecnolog\u00eda T+T, hemos incorporado a esta innovadora y atractiva colecci\u00f3n los \u00faltimos desarrollos tecnol\u00f3gicos junto a los m\u00e1s avanzados estudios veterinarios y m\u00e9dicos. Aplicando, adem\u00e1s, las directrices de grandes saddlefitters de gran prestigio internacional. Todo ello, unido a los 50 a\u00f1os de experiencia como guarnicioneros y a disponer de f\u00e1brica propia, nos permite lanzar esta nueva l\u00ednea de sillas de montar completamente configurables a medida\u00a0<\/p><p>\u00a0<\/p><p><a href=\"https:\/\/youtu.be\/9pmWbgCbz3g?si=1poQcoe9SN6MAEvw\">CLICK AQUI PARA VER EL VIDEO DE LA ZALDI DRIM ATLANTA DE ZALDIONLINE.COM<\/a><\/p><p>Innovadora silla de doma Zaldi completamente configurable a medida de caballo y jinete. Elige tipo de armadura, talla (jinete y caballo), estriberas, asiento, profundidad del asiento, cuero del fald\u00f3n, ancho del canal, tipo de baste (largo-corto-multiposici\u00f3n rellenable), opciones de baste (est\u00e1ndar-anat\u00f3mico-extra ancho), sistema de fijaci\u00f3n de la rodillera (TMSytem-velcro-cosida), tipos de rodillera, configuraci\u00f3n de los latiguillos largos de doma (en V &#8211; paralelo &#8211; multiposici\u00f3n), color e incluso opci\u00f3n de ancho especial mujer. Ver costes a\u00f1adidos seg\u00fan configuraci\u00f3n.<\/p><p>La silla de doma DRIM ATLANTA de la imagen est\u00e1 fabricada sobre una armadura CHANGE (puentes intercambiables) de doma profunda en material de alta tecnolog\u00eda (polipropileno EPDM) con garant\u00eda de 10 a\u00f1os. Anat\u00f3mica TWO DENSITY de doble densidad (jinete +caballo), permite combinar caracter\u00edsticas de rigidez, deformaci\u00f3n y absorci\u00f3n de energ\u00eda en varias superficies. La densidad Modo Caballo es utilizada en la zona inferior de la armadura que est\u00e1 en contacto con el dorso del caballo. Reparte la presi\u00f3n del peso del jinete de forma homog\u00e9nea por toda la musculatura dorsal del caballo. En la parte superior est\u00e1 la densidad Modo Jinete (de 0,5 cm de grosor) muy el\u00e1stica, absorbe el impacto del jinete y evita que afecte al caballo. La zona del contacto con el jinete se ha dise\u00f1ado de forma ergon\u00f3mica elevando las zonas laterales, que permiten liberar de presi\u00f3n la zona uretral del jinete, evitando problemas de salud posteriores, disminuye la presi\u00f3n permitiendo el correcto riego sangu\u00edneo de la zona.<\/p><p>Porta la opci\u00f3n de estribera de seguridad con 5 posiciones. Se configur\u00f3 con un asiento extraconfortable con vivo e hilo blanco y adorno trasero tambi\u00e9n en cuero blanco.<\/p><p>Realizada en cuero boxcalf, con baste corto sistema inteligente, dise\u00f1o conformado por una capa de 1cm de goma l\u00e1tex inteligente que act\u00faa como salvacruces, interior con relleno de lana antihumedad para evitar el apelmazamiento. Tiene aplicada la opci\u00f3n de baste anat\u00f3mico y primer latiguillo el\u00e1stico.<\/p><p>Los latiguillos son largos de doma, habi\u00e9ndose configurado con la opci\u00f3n multiposici\u00f3n y de f\u00e1cil recambio gracias a ello.<\/p><p>Esta silla de la imagen en concreto, est\u00e1 configurada en este caso especial para mujer, ya que se ha fabricado con un ancho de +1cm entre vivos adaptado espec\u00edficamente para no da\u00f1ar la zona p\u00e9lvica de la mujer.<\/p><p>Disponible este modelo tambi\u00e9n en ancho est\u00e1ndar para hombre.<\/p><p>La silla de la imagen tiene incorporado el TM-System o taco muslera pero existen todos estos tipos de rodillera a elegir.<\/p><p>Medidas: 17&#8243; &#8211; 17,5&#8243; &#8211; 18&#8243; &#8230; (posibilidad de fabricar m\u00e1s medidas).<br \/>Colores disponibles: Negro, Habana, Marr\u00f3n, Tostado &#8230; (posibilidad de fabricar m\u00e1s colores).<\/p><p>De serie tiene las caracter\u00edsticas parecidas a los modelos ZALDI Drim \/ Kira Klass (Ref: 00166 \/ 00163).<\/p><p>MEDIDAS:<br \/>* Jinete 17.5&#8243; (largo de 44.5 cm desde el borr\u00e9n trasero de la silla al clavo Zaldi).<br \/>* Cruz del caballo: de 28 cm a 34 cm.<br \/>* Peso: 8.000 Kg.<br \/>* Largo del fald\u00f3n desde la estribera: 41 cm.<br \/>* Largo del baste por debajo: 49 cm.<br \/>* \u00c1rea de apoyo del baste sobre el lomo del caballo: 44 cm.<br \/>* Taco-Muslera: 20 cm x 8.5 cm x 9 cm.<\/p><p><strong>AVISO: Es fundamental que complete el configurador de manera precisa y lo env\u00ede al realizar el pedido de su silla de montar. La imagen publicitaria vinculada a esta referencia en nuestro sitio web muestra una silla configurada con las opciones detalladas en las im\u00e1genes siguientes. Le recomendamos ampliar las im\u00e1genes para una visualizaci\u00f3n m\u00e1s detallada. Esto garantizar\u00e1 que su silla se ajuste perfectamente a sus preferencias y necesidades.<\/strong><\/p><p><strong>\u00a1AVISO IMPORTANTE!<\/strong><\/p><p><strong>COLORES DEL CUERO<\/strong><\/p><p><strong>Es \u201cIMPOSIBLE\u201d conseguir que dos art\u00edculos en cuero de color avellana, tostado, marr\u00f3n o habana sean exactamente iguales.<\/strong><\/p><p>Ref. 00183<\/p>\t\t\t\t\t\t\t\t<\/div>\n\t\t\t\t<\/div>\n\t\t\t\t\t<\/div>\n\t\t<\/div>\n\t\t\t\t\t<\/div>\n\t\t<\/section>\n\t\t\t\t<\/div>\n\t\t","protected":false},"excerpt":{"rendered":"<p>Precio IVA incl. #WeThinkSaddles Pensando sillas de montar, en Zaldi entendemos la silla de montar como el elemento de uni\u00f3n entre caballo y jinete. Siguiendo la l\u00ednea de nuestro eslogan, Tradici\u00f3n y Tecnolog\u00eda T+T, hemos incorporado a esta innovadora y atractiva colecci\u00f3n los \u00faltimos desarrollos tecnol\u00f3gicos junto a los m\u00e1s avanzados estudios veterinarios y m\u00e9dicos. [&hellip;]<\/p>\n","protected":false},"featured_media":17308,"comment_status":"open","ping_status":"closed","template":"","meta":{"site-sidebar-layout":"default","site-content-layout":"default","ast-site-content-layout":"default","site-content-style":"default","site-sidebar-style":"default","ast-global-header-display":"","ast-banner-title-visibility":"","ast-main-header-display":"","ast-hfb-above-header-display":"","ast-hfb-below-header-display":"","ast-hfb-mobile-header-display":"","site-post-title":"","ast-breadcrumbs-content":"","ast-featured-img":"","footer-sml-layout":"","ast-disable-related-posts":"","theme-transparent-header-meta":"default","adv-header-id-meta":"","stick-header-meta":"","header-above-stick-meta":"","header-main-stick-meta":"","header-below-stick-meta":"","astra-migrate-meta-layouts":"set","ast-page-background-enabled":"default","ast-page-background-meta":{"desktop":{"background-color":"var(--ast-global-color-4)","background-image":"","background-repeat":"repeat","background-position":"center center","background-size":"auto","background-attachment":"scroll","background-type":"","background-media":"","overlay-type":"","overlay-color":"","overlay-opacity":"","overlay-gradient":""},"tablet":{"background-color":"","background-image":"","background-repeat":"repeat","background-position":"center center","background-size":"auto","background-attachment":"scroll","background-type":"","background-media":"","overlay-type":"","overlay-color":"","overlay-opacity":"","overlay-gradient":""},"mobile":{"background-color":"","background-image":"","background-repeat":"repeat","background-position":"center center","background-size":"auto","background-attachment":"scroll","background-type":"","background-media":"","overlay-type":"","overlay-color":"","overlay-opacity":"","overlay-gradient":""}},"ast-content-background-meta":{"desktop":{"background-color":"var(--ast-global-color-5)","background-image":"","background-repeat":"repeat","background-position":"center center","background-size":"auto","background-attachment":"scroll","background-type":"","background-media":"","overlay-type":"","overlay-color":"","overlay-opacity":"","overlay-gradient":""},"tablet":{"background-color":"var(--ast-global-color-5)","background-image":"","background-repeat":"repeat","background-position":"center center","background-size":"auto","background-attachment":"scroll","background-type":"","background-media":"","overlay-type":"","overlay-color":"","overlay-opacity":"","overlay-gradient":""},"mobile":{"background-color":"var(--ast-global-color-5)","background-image":"","background-repeat":"repeat","background-position":"center center","background-size":"auto","background-attachment":"scroll","background-type":"","background-media":"","overlay-type":"","overlay-color":"","overlay-opacity":"","overlay-gradient":""}},"ngg_post_thumbnail":0},"product_brand":[],"product_cat":[26,17],"product_tag":[349,341,346,440,410,1088,202,340,337,991,338,339],"class_list":{"0":"post-12610","1":"product","2":"type-product","3":"status-publish","4":"has-post-thumbnail","6":"product_cat-doma","7":"product_cat-sillas","8":"product_tag-atlanta","9":"product_tag-bienestarcaballo","10":"product_tag-equiscan-zaldi","11":"product_tag-silla","12":"product_tag-silla-custom","13":"product_tag-silla-de-doma","14":"product_tag-sillas","15":"product_tag-susanne-nagel","16":"product_tag-zaldi","17":"product_tag-zaldi-alemania","18":"product_tag-zaldi-deutschland","19":"product_tag-zaldi-online-com","20":"desktop-align-left","21":"tablet-align-left","22":"mobile-align-left","24":"first","25":"instock","26":"taxable","27":"shipping-taxable","28":"purchasable","29":"product-type-variable"},"yoast_head":"<!-- This site is optimized with the Yoast SEO plugin v27.3 - https:\/\/yoast.com\/product\/yoast-seo-wordpress\/ -->\n<title>SILLA ZALDI DOMA DRIM ATLANTA - Zaldionline.com<\/title>\n<meta name=\"description\" content=\"Precio IVA incl.: 2988.00\u20ac Medidas: 17&quot; - 17,5&quot; - 18&quot; ... (posibilidad de fabricar m\u00e1s medidas). Colores disponibles: Negro, Habana, Marr\u00f3n, Tostado ... (posibilidad de fabricar m\u00e1s colores). De serie tiene las caracter\u00edsticas parecidas a los modelos ZALDI Drim \/ Kira Klass (Ref: 00166 \/ 00163). MEDIDAS:* Jinete 17.5&quot; (largo de 44.5 cm desde el borr\u00e9n trasero de la silla al clavo Zaldi).* Cruz del caballo: de 28 cm a 34 cm.* Peso: 8.000 Kg.* Largo del fald\u00f3n desde la estribera: 41 cm.* Largo del baste por debajo: 49 cm.* \u00c1rea de apoyo del baste sobre el lomo del caballo: 44 cm.* Taco-Muslera: 20 cm x 8.5 cm x 9 cm. \u00a1AVISO IMPORTANTE! COLORES DEL CUERO Es \u201cIMPOSIBLE\u201d conseguir que dos art\u00edculos en cuero de color avellana, tostado, marr\u00f3n o habana sean exactamente iguales. Ref. 00183\" \/>\n<meta name=\"robots\" content=\"noindex, follow, max-snippet:-1, max-image-preview:large, max-video-preview:-1\" \/>\n<meta property=\"og:locale\" content=\"es_ES\" \/>\n<meta property=\"og:type\" content=\"article\" \/>\n<meta property=\"og:title\" content=\"SILLA ZALDI DOMA DRIM ATLANTA - Zaldionline.com\" \/>\n<meta property=\"og:description\" content=\"Precio IVA incl.: 2988.00\u20ac Medidas: 17&quot; - 17,5&quot; - 18&quot; ... (posibilidad de fabricar m\u00e1s medidas). Colores disponibles: Negro, Habana, Marr\u00f3n, Tostado ... (posibilidad de fabricar m\u00e1s colores). De serie tiene las caracter\u00edsticas parecidas a los modelos ZALDI Drim \/ Kira Klass (Ref: 00166 \/ 00163). MEDIDAS:* Jinete 17.5&quot; (largo de 44.5 cm desde el borr\u00e9n trasero de la silla al clavo Zaldi).* Cruz del caballo: de 28 cm a 34 cm.* Peso: 8.000 Kg.* Largo del fald\u00f3n desde la estribera: 41 cm.* Largo del baste por debajo: 49 cm.* \u00c1rea de apoyo del baste sobre el lomo del caballo: 44 cm.* Taco-Muslera: 20 cm x 8.5 cm x 9 cm. \u00a1AVISO IMPORTANTE! COLORES DEL CUERO Es \u201cIMPOSIBLE\u201d conseguir que dos art\u00edculos en cuero de color avellana, tostado, marr\u00f3n o habana sean exactamente iguales. Ref. 00183\" \/>\n<meta property=\"og:url\" content=\"https:\/\/www.zaldionline.com\/es\/producto\/silla-zaldi-doma-drim-atlanta\/\" \/>\n<meta property=\"og:site_name\" content=\"Zaldionline.com\" \/>\n<meta property=\"article:modified_time\" content=\"2024-10-29T14:04:59+00:00\" \/>\n<meta property=\"og:image\" content=\"https:\/\/www.zaldionline.com\/es\/wp-content\/uploads\/sites\/2\/2020\/10\/Bild_2020-12-10_132326.png\" \/>\n\t<meta property=\"og:image:width\" content=\"500\" \/>\n\t<meta property=\"og:image:height\" content=\"499\" \/>\n\t<meta property=\"og:image:type\" content=\"image\/png\" \/>\n<meta name=\"twitter:card\" content=\"summary_large_image\" \/>\n<meta name=\"twitter:label1\" content=\"Tiempo de lectura\" \/>\n\t<meta name=\"twitter:data1\" content=\"4 minutos\" \/>\n<script type=\"application\/ld+json\" class=\"yoast-schema-graph\">{\"@context\":\"https:\\\/\\\/schema.org\",\"@graph\":[{\"@type\":\"WebPage\",\"@id\":\"https:\\\/\\\/www.zaldionline.com\\\/es\\\/producto\\\/silla-zaldi-doma-drim-atlanta\\\/\",\"url\":\"https:\\\/\\\/www.zaldionline.com\\\/es\\\/producto\\\/silla-zaldi-doma-drim-atlanta\\\/\",\"name\":\"SILLA ZALDI DOMA DRIM ATLANTA - Zaldionline.com\",\"isPartOf\":{\"@id\":\"https:\\\/\\\/www.zaldionline.com\\\/es\\\/#website\"},\"primaryImageOfPage\":{\"@id\":\"https:\\\/\\\/www.zaldionline.com\\\/es\\\/producto\\\/silla-zaldi-doma-drim-atlanta\\\/#primaryimage\"},\"image\":{\"@id\":\"https:\\\/\\\/www.zaldionline.com\\\/es\\\/producto\\\/silla-zaldi-doma-drim-atlanta\\\/#primaryimage\"},\"thumbnailUrl\":\"https:\\\/\\\/www.zaldionline.com\\\/es\\\/wp-content\\\/uploads\\\/sites\\\/2\\\/2020\\\/10\\\/Bild_2020-12-10_132326.png\",\"datePublished\":\"2020-10-21T13:44:35+00:00\",\"dateModified\":\"2024-10-29T14:04:59+00:00\",\"description\":\"Precio IVA incl.: 2988.00\u20ac Medidas: 17\\\" - 17,5\\\" - 18\\\" ... (posibilidad de fabricar m\u00e1s medidas). Colores disponibles: Negro, Habana, Marr\u00f3n, Tostado ... (posibilidad de fabricar m\u00e1s colores). De serie tiene las caracter\u00edsticas parecidas a los modelos ZALDI Drim \\\/ Kira Klass (Ref: 00166 \\\/ 00163). MEDIDAS:* Jinete 17.5\\\" (largo de 44.5 cm desde el borr\u00e9n trasero de la silla al clavo Zaldi).* Cruz del caballo: de 28 cm a 34 cm.* Peso: 8.000 Kg.* Largo del fald\u00f3n desde la estribera: 41 cm.* Largo del baste por debajo: 49 cm.* \u00c1rea de apoyo del baste sobre el lomo del caballo: 44 cm.* Taco-Muslera: 20 cm x 8.5 cm x 9 cm. \u00a1AVISO IMPORTANTE! COLORES DEL CUERO Es \u201cIMPOSIBLE\u201d conseguir que dos art\u00edculos en cuero de color avellana, tostado, marr\u00f3n o habana sean exactamente iguales. Ref. 00183\",\"breadcrumb\":{\"@id\":\"https:\\\/\\\/www.zaldionline.com\\\/es\\\/producto\\\/silla-zaldi-doma-drim-atlanta\\\/#breadcrumb\"},\"inLanguage\":\"es\",\"potentialAction\":[{\"@type\":\"ReadAction\",\"target\":[\"https:\\\/\\\/www.zaldionline.com\\\/es\\\/producto\\\/silla-zaldi-doma-drim-atlanta\\\/\"]}]},{\"@type\":\"ImageObject\",\"inLanguage\":\"es\",\"@id\":\"https:\\\/\\\/www.zaldionline.com\\\/es\\\/producto\\\/silla-zaldi-doma-drim-atlanta\\\/#primaryimage\",\"url\":\"https:\\\/\\\/www.zaldionline.com\\\/es\\\/wp-content\\\/uploads\\\/sites\\\/2\\\/2020\\\/10\\\/Bild_2020-12-10_132326.png\",\"contentUrl\":\"https:\\\/\\\/www.zaldionline.com\\\/es\\\/wp-content\\\/uploads\\\/sites\\\/2\\\/2020\\\/10\\\/Bild_2020-12-10_132326.png\",\"width\":500,\"height\":499},{\"@type\":\"BreadcrumbList\",\"@id\":\"https:\\\/\\\/www.zaldionline.com\\\/es\\\/producto\\\/silla-zaldi-doma-drim-atlanta\\\/#breadcrumb\",\"itemListElement\":[{\"@type\":\"ListItem\",\"position\":1,\"name\":\"Portada\",\"item\":\"https:\\\/\\\/www.zaldionline.com\\\/es\\\/\"},{\"@type\":\"ListItem\",\"position\":2,\"name\":\"Sillas y accesorios\",\"item\":\"https:\\\/\\\/www.zaldionline.com\\\/es\\\/sillas-y-accesorios\\\/\"},{\"@type\":\"ListItem\",\"position\":3,\"name\":\"SILLA ZALDI DOMA DRIM ATLANTA\"}]},{\"@type\":\"WebSite\",\"@id\":\"https:\\\/\\\/www.zaldionline.com\\\/es\\\/#website\",\"url\":\"https:\\\/\\\/www.zaldionline.com\\\/es\\\/\",\"name\":\"Zaldionline.com\",\"description\":\"Los mejores productos para usted y su caballo\",\"potentialAction\":[{\"@type\":\"SearchAction\",\"target\":{\"@type\":\"EntryPoint\",\"urlTemplate\":\"https:\\\/\\\/www.zaldionline.com\\\/es\\\/?s={search_term_string}\"},\"query-input\":{\"@type\":\"PropertyValueSpecification\",\"valueRequired\":true,\"valueName\":\"search_term_string\"}}],\"inLanguage\":\"es\"}]}<\/script>\n<!-- \/ Yoast SEO plugin. -->","yoast_head_json":{"title":"SILLA ZALDI DOMA DRIM ATLANTA - Zaldionline.com","description":"Precio IVA incl.: 2988.00\u20ac Medidas: 17\" - 17,5\" - 18\" ... (posibilidad de fabricar m\u00e1s medidas). Colores disponibles: Negro, Habana, Marr\u00f3n, Tostado ... (posibilidad de fabricar m\u00e1s colores). De serie tiene las caracter\u00edsticas parecidas a los modelos ZALDI Drim \/ Kira Klass (Ref: 00166 \/ 00163). MEDIDAS:* Jinete 17.5\" (largo de 44.5 cm desde el borr\u00e9n trasero de la silla al clavo Zaldi).* Cruz del caballo: de 28 cm a 34 cm.* Peso: 8.000 Kg.* Largo del fald\u00f3n desde la estribera: 41 cm.* Largo del baste por debajo: 49 cm.* \u00c1rea de apoyo del baste sobre el lomo del caballo: 44 cm.* Taco-Muslera: 20 cm x 8.5 cm x 9 cm. \u00a1AVISO IMPORTANTE! COLORES DEL CUERO Es \u201cIMPOSIBLE\u201d conseguir que dos art\u00edculos en cuero de color avellana, tostado, marr\u00f3n o habana sean exactamente iguales. Ref. 00183","robots":{"index":"noindex","follow":"follow","max-snippet":"max-snippet:-1","max-image-preview":"max-image-preview:large","max-video-preview":"max-video-preview:-1"},"og_locale":"es_ES","og_type":"article","og_title":"SILLA ZALDI DOMA DRIM ATLANTA - Zaldionline.com","og_description":"Precio IVA incl.: 2988.00\u20ac Medidas: 17\" - 17,5\" - 18\" ... (posibilidad de fabricar m\u00e1s medidas). Colores disponibles: Negro, Habana, Marr\u00f3n, Tostado ... (posibilidad de fabricar m\u00e1s colores). De serie tiene las caracter\u00edsticas parecidas a los modelos ZALDI Drim \/ Kira Klass (Ref: 00166 \/ 00163). MEDIDAS:* Jinete 17.5\" (largo de 44.5 cm desde el borr\u00e9n trasero de la silla al clavo Zaldi).* Cruz del caballo: de 28 cm a 34 cm.* Peso: 8.000 Kg.* Largo del fald\u00f3n desde la estribera: 41 cm.* Largo del baste por debajo: 49 cm.* \u00c1rea de apoyo del baste sobre el lomo del caballo: 44 cm.* Taco-Muslera: 20 cm x 8.5 cm x 9 cm. \u00a1AVISO IMPORTANTE! COLORES DEL CUERO Es \u201cIMPOSIBLE\u201d conseguir que dos art\u00edculos en cuero de color avellana, tostado, marr\u00f3n o habana sean exactamente iguales. Ref. 00183","og_url":"https:\/\/www.zaldionline.com\/es\/producto\/silla-zaldi-doma-drim-atlanta\/","og_site_name":"Zaldionline.com","article_modified_time":"2024-10-29T14:04:59+00:00","og_image":[{"width":500,"height":499,"url":"https:\/\/www.zaldionline.com\/es\/wp-content\/uploads\/sites\/2\/2020\/10\/Bild_2020-12-10_132326.png","type":"image\/png"}],"twitter_card":"summary_large_image","twitter_misc":{"Tiempo de lectura":"4 minutos"},"schema":{"@context":"https:\/\/schema.org","@graph":[{"@type":"WebPage","@id":"https:\/\/www.zaldionline.com\/es\/producto\/silla-zaldi-doma-drim-atlanta\/","url":"https:\/\/www.zaldionline.com\/es\/producto\/silla-zaldi-doma-drim-atlanta\/","name":"SILLA ZALDI DOMA DRIM ATLANTA - Zaldionline.com","isPartOf":{"@id":"https:\/\/www.zaldionline.com\/es\/#website"},"primaryImageOfPage":{"@id":"https:\/\/www.zaldionline.com\/es\/producto\/silla-zaldi-doma-drim-atlanta\/#primaryimage"},"image":{"@id":"https:\/\/www.zaldionline.com\/es\/producto\/silla-zaldi-doma-drim-atlanta\/#primaryimage"},"thumbnailUrl":"https:\/\/www.zaldionline.com\/es\/wp-content\/uploads\/sites\/2\/2020\/10\/Bild_2020-12-10_132326.png","datePublished":"2020-10-21T13:44:35+00:00","dateModified":"2024-10-29T14:04:59+00:00","description":"Precio IVA incl.: 2988.00\u20ac Medidas: 17\" - 17,5\" - 18\" ... (posibilidad de fabricar m\u00e1s medidas). Colores disponibles: Negro, Habana, Marr\u00f3n, Tostado ... (posibilidad de fabricar m\u00e1s colores). De serie tiene las caracter\u00edsticas parecidas a los modelos ZALDI Drim \/ Kira Klass (Ref: 00166 \/ 00163). MEDIDAS:* Jinete 17.5\" (largo de 44.5 cm desde el borr\u00e9n trasero de la silla al clavo Zaldi).* Cruz del caballo: de 28 cm a 34 cm.* Peso: 8.000 Kg.* Largo del fald\u00f3n desde la estribera: 41 cm.* Largo del baste por debajo: 49 cm.* \u00c1rea de apoyo del baste sobre el lomo del caballo: 44 cm.* Taco-Muslera: 20 cm x 8.5 cm x 9 cm. \u00a1AVISO IMPORTANTE! COLORES DEL CUERO Es \u201cIMPOSIBLE\u201d conseguir que dos art\u00edculos en cuero de color avellana, tostado, marr\u00f3n o habana sean exactamente iguales. Ref. 00183","breadcrumb":{"@id":"https:\/\/www.zaldionline.com\/es\/producto\/silla-zaldi-doma-drim-atlanta\/#breadcrumb"},"inLanguage":"es","potentialAction":[{"@type":"ReadAction","target":["https:\/\/www.zaldionline.com\/es\/producto\/silla-zaldi-doma-drim-atlanta\/"]}]},{"@type":"ImageObject","inLanguage":"es","@id":"https:\/\/www.zaldionline.com\/es\/producto\/silla-zaldi-doma-drim-atlanta\/#primaryimage","url":"https:\/\/www.zaldionline.com\/es\/wp-content\/uploads\/sites\/2\/2020\/10\/Bild_2020-12-10_132326.png","contentUrl":"https:\/\/www.zaldionline.com\/es\/wp-content\/uploads\/sites\/2\/2020\/10\/Bild_2020-12-10_132326.png","width":500,"height":499},{"@type":"BreadcrumbList","@id":"https:\/\/www.zaldionline.com\/es\/producto\/silla-zaldi-doma-drim-atlanta\/#breadcrumb","itemListElement":[{"@type":"ListItem","position":1,"name":"Portada","item":"https:\/\/www.zaldionline.com\/es\/"},{"@type":"ListItem","position":2,"name":"Sillas y accesorios","item":"https:\/\/www.zaldionline.com\/es\/sillas-y-accesorios\/"},{"@type":"ListItem","position":3,"name":"SILLA ZALDI DOMA DRIM ATLANTA"}]},{"@type":"WebSite","@id":"https:\/\/www.zaldionline.com\/es\/#website","url":"https:\/\/www.zaldionline.com\/es\/","name":"Zaldionline.com","description":"Los mejores productos para usted y su caballo","potentialAction":[{"@type":"SearchAction","target":{"@type":"EntryPoint","urlTemplate":"https:\/\/www.zaldionline.com\/es\/?s={search_term_string}"},"query-input":{"@type":"PropertyValueSpecification","valueRequired":true,"valueName":"search_term_string"}}],"inLanguage":"es"}]}},"_links":{"self":[{"href":"https:\/\/www.zaldionline.com\/es\/wp-json\/wp\/v2\/product\/12610","targetHints":{"allow":["GET"]}}],"collection":[{"href":"https:\/\/www.zaldionline.com\/es\/wp-json\/wp\/v2\/product"}],"about":[{"href":"https:\/\/www.zaldionline.com\/es\/wp-json\/wp\/v2\/types\/product"}],"replies":[{"embeddable":true,"href":"https:\/\/www.zaldionline.com\/es\/wp-json\/wp\/v2\/comments?post=12610"}],"version-history":[{"count":11,"href":"https:\/\/www.zaldionline.com\/es\/wp-json\/wp\/v2\/product\/12610\/revisions"}],"predecessor-version":[{"id":25575,"href":"https:\/\/www.zaldionline.com\/es\/wp-json\/wp\/v2\/product\/12610\/revisions\/25575"}],"wp:featuredmedia":[{"embeddable":true,"href":"https:\/\/www.zaldionline.com\/es\/wp-json\/wp\/v2\/media\/17308"}],"wp:attachment":[{"href":"https:\/\/www.zaldionline.com\/es\/wp-json\/wp\/v2\/media?parent=12610"}],"wp:term":[{"taxonomy":"product_brand","embeddable":true,"href":"https:\/\/www.zaldionline.com\/es\/wp-json\/wp\/v2\/product_brand?post=12610"},{"taxonomy":"product_cat","embeddable":true,"href":"https:\/\/www.zaldionline.com\/es\/wp-json\/wp\/v2\/product_cat?post=12610"},{"taxonomy":"product_tag","embeddable":true,"href":"https:\/\/www.zaldionline.com\/es\/wp-json\/wp\/v2\/product_tag?post=12610"}],"curies":[{"name":"wp","href":"https:\/\/api.w.org\/{rel}","templated":true}]}}