{"id":12658,"date":"2020-10-21T15:55:02","date_gmt":"2020-10-21T15:55:02","guid":{"rendered":"https:\/\/zaldionline.com\/?post_type=product&#038;p=12658"},"modified":"2024-10-29T14:01:35","modified_gmt":"2024-10-29T14:01:35","slug":"silla-zaldi-doma-kira-klass","status":"publish","type":"product","link":"https:\/\/www.zaldionline.com\/es\/producto\/silla-zaldi-doma-kira-klass\/","title":{"rendered":"SILLA ZALDI DOMA Kira Klass"},"content":{"rendered":"\t\t<div data-elementor-type=\"wp-post\" data-elementor-id=\"12658\" class=\"elementor elementor-12658\">\n\t\t\t\t\t\t<section class=\"elementor-section elementor-top-section elementor-element elementor-element-3b6175c0 elementor-section-boxed elementor-section-height-default elementor-section-height-default\" data-id=\"3b6175c0\" data-element_type=\"section\" data-e-type=\"section\">\n\t\t\t\t\t\t<div class=\"elementor-container elementor-column-gap-default\">\n\t\t\t\t\t<div class=\"elementor-column elementor-col-100 elementor-top-column elementor-element elementor-element-4768d329\" data-id=\"4768d329\" data-element_type=\"column\" data-e-type=\"column\">\n\t\t\t<div class=\"elementor-widget-wrap elementor-element-populated\">\n\t\t\t\t\t\t<div class=\"elementor-element elementor-element-79d36708 elementor-widget elementor-widget-text-editor\" data-id=\"79d36708\" data-element_type=\"widget\" data-e-type=\"widget\" data-widget_type=\"text-editor.default\">\n\t\t\t\t<div class=\"elementor-widget-container\">\n\t\t\t\t\t\t\t\t\t<p>Precio IVA incl.<\/p><p>Realizada a mano. 15 puntos a favor de jinete y caballo.<\/p><p>Configurable: elige armadura, estribera, asiento, fald\u00f3n, baste, rodilleras, latiguillos y cuero a tu gusto.<\/p><p><a href=\"https:\/\/youtu.be\/4ezngK_ZHUc?si=1lBzINXtUcGd4VPX\">CLIC AQUI PARA UN VIDEO DE LA ZALDI KIRA KLASS DE ZALDIONLINE.COM<\/a><\/p><p><a href=\"https:\/\/youtu.be\/VdNDrFwha7k?si=LwFXyyJnDgPIij6T\">CLICK AQUI PARA UN VIDEO DE LA ZALDI KIRA KLASS CON LAS RODILLERAS ESTANDAR DE ZALDIONLINE.COM<\/a><\/p><p>1. NUEVA PROTECCI\u00d3N ANTIGOLPES: En goma viscol\u00e1stica de recuperaci\u00f3n lenta siliconada de 4 cm.<\/p><p>2. ASIENTO MUY C\u00d3MODO DE SERIE: Formado por 3 capas de goma, 2 capas &#8220;elax&#8221; siliconada de alta densidad y 1 de l\u00e1tex.<\/p><p>3. CONCHA EL\u00c1STICA ANTI-ROTURAS: Nueva protecci\u00f3n de 2,5 cent\u00edmetros m\u00e1s elevada de cuero crup\u00f3n y material moldeado de forma que evita roturas en la armadura en caso de golpe o ca\u00edda.<\/p><p>4. NUEVA ARMADURA TWO-DENSITY (con diferentes densidades para jinete y caballo): Armadura anat\u00f3mica de doble densidad (jinete + caballo), realizada en polipropileno modificado con EPDM (caucho de etileno propileno dieno) y talco. Permite combinar m\u00faltiples caracter\u00edsticas de rigidez, deformaci\u00f3n y absorci\u00f3n de energ\u00eda en distintas superficies. Fruto del continuo proceso de I+D+i junto con la Fundaci\u00f3n para la investigaci\u00f3n y Desarrollo en Transporte y Energ\u00eda (CIDAUT). Esta nueva armadura propicia un ajuste completo al dorso del caballo unido al desarrollo de la doble densidad que beneficia a caballo y jinete. Realizada en su parte inferior en densidad modo caballo (1.5 cm. de grosor) expande el peso del jinete sobre una zona m\u00e1s amplia del caballo evitando puntos concretos de presi\u00f3n. Su 10% de elasticidad permite un giro inverso de tal forma que el caballo tiene total movilidad.<br \/>La densidad modo caballo es utilizada en la zona inferior de la armadura que est\u00e1 en contacto con el dorso del caballo. Es producto de a\u00f1os de estudios en medici\u00f3n de la presi\u00f3n producida debajo de la silla de montar. Investigaci\u00f3n en busca de una densidad que reparta la presi\u00f3n del peso del jinete de forma homog\u00e9nea por toda la musculatura dorsal del caballo.<br \/>Al desconcentrar la presi\u00f3n en un mapa homog\u00e9neo, evitamos sobrecargar la masa muscular dorsal. Favorecemos as\u00ed el buen estado, eliminando las temidas restricciones fasciales que esos puntos concretos de presi\u00f3n pueden provocar. Estas podr\u00edan degenerar en disfunciones mec\u00e1nicas e incluso dolor a nuestro caballo.<br \/>Su estructura abierta en la zona delantera y los brazos laterales permiten una adaptaci\u00f3n plena a la zona del cuello y de la espalda. En la parte superior, se ha optimizado el dise\u00f1o y aplicado la nueva densidad modo jinete (de 0.5 cm. de grosor) muy el\u00e1stica, absorbe los golpes y evita que lleguen al caballo. Confiere durabilidad y resistencia uso tras uso. Recoge la presi\u00f3n del jinete sobre la superficie de contacto gracias a miles de puntos de contacto, produciendo una sensaci\u00f3n de ingravidez sin puntos de presi\u00f3n. Al distribuir el peso de forma regular obtenemos un resultado positivo progresivo, cuanto m\u00e1s tiempo de monta, m\u00e1s agradable. La zona de contacto con el jinete se ha dise\u00f1ado de forma ergon\u00f3mica elevando las zonas laterales que permiten liberar de presi\u00f3n la zona uretral del jinete evitando problemas de salud posteriores, disminuye el contacto permitiendo el correcto riego sangu\u00edneo de la zona.<br \/>La parte superior describe una curvatura adaptada a la anatom\u00eda del jinete consiguiendo a\u00fan mayor comodidad. Alivia su columna empujando la pelvis hacia adelante y colocando la espalda en una posici\u00f3n correcta y c\u00f3moda de monta.<\/p><p>5. NUEVO BASTE INTELIGENTE: Con dise\u00f1o en modo salvacruces, conformado por una capa de 1 cent\u00edmetro de goma l\u00e1tex inteligente que act\u00faa como salvacruces. Interior con relleno de lana antihumedad para evitar el apelmazamiento del baste.<\/p><p>6. VIVO EXTRA CONFORT: Nueva inclinaci\u00f3n del vivo para evitar molestias en los muslos al jinete durante la monta.<\/p><p>7. FALD\u00d3N ERGON\u00d3MICO: Su conformaci\u00f3n propicia el ajuste del jinete a una posici\u00f3n inmejorable de monta.<\/p><p>8. REFUERZO ANTI EFECTO LIJA: Realizado en crup\u00f3n, aporta una mayor durabilidad a la silla.<\/p><p>9. DOBLE COSIDO EN LOS LATIGUILLOS: Refuerzo de doble cosido con hilo encerado de m\u00e1xima resistencia.<\/p><p>10. PRIMER LATIGUILLO EL\u00c1STICO: Facilita los movimientos y no disminuye la capacidad tor\u00e1cica del caballo. Libera la presi\u00f3n de las espaldas. SEGUNDO LATIGUILLO EN &#8220;V-SYSTEM&#8221;: Fija toda la silla al caballo, evitando el balanceo sin causarle presi\u00f3n en las espaldas.<\/p><p>11. TOMA DE AIRE EN LA RODILLERA INTERIOR: L\u00ednea de orificios para facilitar la circulaci\u00f3n del aire en la rodillera y que propicie un ajuste \u00f3ptimo a la presi\u00f3n en cada momento.<\/p><p>12. NUEVA RODILLERA DE GOMA CON 2 DENSIDADES: Dise\u00f1ada con forma anat\u00f3mica y conformada por densidades distintas para aportar firmeza en la zona superior y mayor elasticidad en la parte inferior.<\/p><p>13. BASTE ANAT\u00d3MICO DE SERIE: Con nueva forma triangular para facilitar los movimientos del caballo y ajustar la posici\u00f3n del jinete en la presi\u00f3n.<\/p><p>14. EFECTO MONOQUARTIER: Mediante el cosido del fald\u00f3n al baste. Se realiza un cosido de 10 cent\u00edmetros uniendo el fald\u00f3n al baste logrando un efecto &#8220;monoquartier&#8221;, para evitar que se desplace el fald\u00f3n por el uso y la acci\u00f3n de la presi\u00f3n.<\/p><p>15. ESTRIBERA LARGA DE HS SPRENGER DE INCLINACI\u00d3N 45\u00ba: Estribera de m\u00e1xima calidad con inclinaci\u00f3n de 45 grados que evita que se salga el pie del estribo. Garant\u00eda de la marca SPRENGER.<\/p><p>MEDIDAS:<\/p><p>* Jinete 17.5&#8243; (largo de 44.5 cm. desde el borr\u00e9n trasero de la silla al clavo Zaldi).<br \/>* Cruz del caballo: de 28 cm. a 34 cm.<br \/>* Peso: 8.400 Kg.<br \/>* Largo del fald\u00f3n desde la estribera: 42 cm.<br \/>* Largo del baste por debajo: 49 cm.<br \/>* \u00c1rea de apoyo del baste sobre el lomo del caballo: 44 cm.<br \/>* Taco Muslera: 20 cm. x 8.5 cm. x 9 cm.<br \/>* Tambien disponible con rodillera grande: 36 cm. x 10 cm. x 6 cm. o con rodillera mediana: 34 cm. x 7 cm. x 4.5 cm.<\/p><p><strong>AVISO: Es fundamental que complete el configurador de manera precisa y lo env\u00ede al realizar el pedido de su silla de montar. La imagen publicitaria vinculada a esta referencia en nuestro sitio web muestra una silla configurada con las opciones detalladas en las im\u00e1genes siguientes. Le recomendamos ampliar las im\u00e1genes para una visualizaci\u00f3n m\u00e1s detallada. Esto garantizar\u00e1 que su silla se ajuste perfectamente a sus preferencias y necesidades.<\/strong><\/p><p><strong>\u00a1AVISO IMPORTANTE!<\/strong><\/p><p><strong>COLORES DEL CUERO<\/strong><\/p><p><strong>Es \u201cIMPOSIBLE\u201d conseguir que dos art\u00edculos en cuero de color avellana, tostado, marr\u00f3n o habana sean exactamente iguales.<\/strong><\/p><p>Ref.: 00163<\/p>\t\t\t\t\t\t\t\t<\/div>\n\t\t\t\t<\/div>\n\t\t\t\t\t<\/div>\n\t\t<\/div>\n\t\t\t\t\t<\/div>\n\t\t<\/section>\n\t\t\t\t<\/div>\n\t\t","protected":false},"excerpt":{"rendered":"<p>Precio IVA incl. Realizada a mano. 15 puntos a favor de jinete y caballo. Configurable: elige armadura, estribera, asiento, fald\u00f3n, baste, rodilleras, latiguillos y cuero a tu gusto. CLIC AQUI PARA UN VIDEO DE LA ZALDI KIRA KLASS DE ZALDIONLINE.COM CLICK AQUI PARA UN VIDEO DE LA ZALDI KIRA KLASS CON LAS RODILLERAS ESTANDAR DE [&hellip;]<\/p>\n","protected":false},"featured_media":17307,"comment_status":"open","ping_status":"closed","template":"","meta":{"site-sidebar-layout":"default","site-content-layout":"default","ast-site-content-layout":"default","site-content-style":"default","site-sidebar-style":"default","ast-global-header-display":"","ast-banner-title-visibility":"","ast-main-header-display":"","ast-hfb-above-header-display":"","ast-hfb-below-header-display":"","ast-hfb-mobile-header-display":"","site-post-title":"","ast-breadcrumbs-content":"","ast-featured-img":"","footer-sml-layout":"","ast-disable-related-posts":"","theme-transparent-header-meta":"default","adv-header-id-meta":"","stick-header-meta":"","header-above-stick-meta":"","header-main-stick-meta":"","header-below-stick-meta":"","astra-migrate-meta-layouts":"set","ast-page-background-enabled":"default","ast-page-background-meta":{"desktop":{"background-color":"var(--ast-global-color-4)","background-image":"","background-repeat":"repeat","background-position":"center center","background-size":"auto","background-attachment":"scroll","background-type":"","background-media":"","overlay-type":"","overlay-color":"","overlay-opacity":"","overlay-gradient":""},"tablet":{"background-color":"","background-image":"","background-repeat":"repeat","background-position":"center center","background-size":"auto","background-attachment":"scroll","background-type":"","background-media":"","overlay-type":"","overlay-color":"","overlay-opacity":"","overlay-gradient":""},"mobile":{"background-color":"","background-image":"","background-repeat":"repeat","background-position":"center center","background-size":"auto","background-attachment":"scroll","background-type":"","background-media":"","overlay-type":"","overlay-color":"","overlay-opacity":"","overlay-gradient":""}},"ast-content-background-meta":{"desktop":{"background-color":"var(--ast-global-color-5)","background-image":"","background-repeat":"repeat","background-position":"center center","background-size":"auto","background-attachment":"scroll","background-type":"","background-media":"","overlay-type":"","overlay-color":"","overlay-opacity":"","overlay-gradient":""},"tablet":{"background-color":"var(--ast-global-color-5)","background-image":"","background-repeat":"repeat","background-position":"center center","background-size":"auto","background-attachment":"scroll","background-type":"","background-media":"","overlay-type":"","overlay-color":"","overlay-opacity":"","overlay-gradient":""},"mobile":{"background-color":"var(--ast-global-color-5)","background-image":"","background-repeat":"repeat","background-position":"center center","background-size":"auto","background-attachment":"scroll","background-type":"","background-media":"","overlay-type":"","overlay-color":"","overlay-opacity":"","overlay-gradient":""}},"ngg_post_thumbnail":0},"product_brand":[],"product_cat":[26,17],"product_tag":[341,346,440,410,1088,202,340,337,991,338,347,339],"class_list":{"0":"post-12658","1":"product","2":"type-product","3":"status-publish","4":"has-post-thumbnail","6":"product_cat-doma","7":"product_cat-sillas","8":"product_tag-bienestarcaballo","9":"product_tag-equiscan-zaldi","10":"product_tag-silla","11":"product_tag-silla-custom","12":"product_tag-silla-de-doma","13":"product_tag-sillas","14":"product_tag-susanne-nagel","15":"product_tag-zaldi","16":"product_tag-zaldi-alemania","17":"product_tag-zaldi-deutschland","18":"product_tag-zaldi-kira-klass","19":"product_tag-zaldi-online-com","20":"desktop-align-left","21":"tablet-align-left","22":"mobile-align-left","24":"first","25":"instock","26":"taxable","27":"shipping-taxable","28":"purchasable","29":"product-type-variable"},"yoast_head":"<!-- This site is optimized with the Yoast SEO plugin v27.3 - https:\/\/yoast.com\/product\/yoast-seo-wordpress\/ -->\n<title>SILLA ZALDI DOMA Kira Klass - Zaldionline.com<\/title>\n<meta name=\"description\" content=\"Precio IVA incl.: 2988.00\u20ac Configurable: elige tu equipo MEDIDAS:* Jinete 17.5&quot; (largo de 44.5 cm. desde el borr\u00e9n trasero de la silla al clavo Zaldi).* Cruz del caballo: de 28 cm. a 34 cm.* Peso: 8.400 Kg.* Largo del fald\u00f3n desde la estribera: 42 cm.* Largo del baste por debajo: 49 cm.* \u00c1rea de apoyo del baste sobre el lomo del caballo: 44 cm.* Taco Muslera: 20 cm. x 8.5 cm. x 9 cm.* Tambien disponible con rodillera grande: 36 cm. x 10 cm. x 6 cm. o con rodillera mediana: 34 cm. x 7 cm. x 4.5 cm. \u00a1AVISO IMPORTANTE! COLORES DEL CUERO Es \u201cIMPOSIBLE\u201d conseguir que dos art\u00edculos en cuero de color avellana, tostado, marr\u00f3n o habana sean exactamente iguales. Ref. 00163\" \/>\n<meta name=\"robots\" content=\"noindex, follow, max-snippet:-1, max-image-preview:large, max-video-preview:-1\" \/>\n<meta property=\"og:locale\" content=\"es_ES\" \/>\n<meta property=\"og:type\" content=\"article\" \/>\n<meta property=\"og:title\" content=\"SILLA ZALDI DOMA Kira Klass - Zaldionline.com\" \/>\n<meta property=\"og:description\" content=\"Precio IVA incl.: 2988.00\u20ac Configurable: elige tu equipo MEDIDAS:* Jinete 17.5&quot; (largo de 44.5 cm. desde el borr\u00e9n trasero de la silla al clavo Zaldi).* Cruz del caballo: de 28 cm. a 34 cm.* Peso: 8.400 Kg.* Largo del fald\u00f3n desde la estribera: 42 cm.* Largo del baste por debajo: 49 cm.* \u00c1rea de apoyo del baste sobre el lomo del caballo: 44 cm.* Taco Muslera: 20 cm. x 8.5 cm. x 9 cm.* Tambien disponible con rodillera grande: 36 cm. x 10 cm. x 6 cm. o con rodillera mediana: 34 cm. x 7 cm. x 4.5 cm. \u00a1AVISO IMPORTANTE! COLORES DEL CUERO Es \u201cIMPOSIBLE\u201d conseguir que dos art\u00edculos en cuero de color avellana, tostado, marr\u00f3n o habana sean exactamente iguales. Ref. 00163\" \/>\n<meta property=\"og:url\" content=\"https:\/\/www.zaldionline.com\/es\/producto\/silla-zaldi-doma-kira-klass\/\" \/>\n<meta property=\"og:site_name\" content=\"Zaldionline.com\" \/>\n<meta property=\"article:modified_time\" content=\"2024-10-29T14:01:35+00:00\" \/>\n<meta property=\"og:image\" content=\"https:\/\/www.zaldionline.com\/es\/wp-content\/uploads\/sites\/2\/2020\/10\/Bild_2020-12-10_132216.png\" \/>\n\t<meta property=\"og:image:width\" content=\"501\" \/>\n\t<meta property=\"og:image:height\" content=\"499\" \/>\n\t<meta property=\"og:image:type\" content=\"image\/png\" \/>\n<meta name=\"twitter:card\" content=\"summary_large_image\" \/>\n<meta name=\"twitter:label1\" content=\"Tiempo de lectura\" \/>\n\t<meta name=\"twitter:data1\" content=\"6 minutos\" \/>\n<script type=\"application\/ld+json\" class=\"yoast-schema-graph\">{\"@context\":\"https:\\\/\\\/schema.org\",\"@graph\":[{\"@type\":\"WebPage\",\"@id\":\"https:\\\/\\\/www.zaldionline.com\\\/es\\\/producto\\\/silla-zaldi-doma-kira-klass\\\/\",\"url\":\"https:\\\/\\\/www.zaldionline.com\\\/es\\\/producto\\\/silla-zaldi-doma-kira-klass\\\/\",\"name\":\"SILLA ZALDI DOMA Kira Klass - Zaldionline.com\",\"isPartOf\":{\"@id\":\"https:\\\/\\\/www.zaldionline.com\\\/es\\\/#website\"},\"primaryImageOfPage\":{\"@id\":\"https:\\\/\\\/www.zaldionline.com\\\/es\\\/producto\\\/silla-zaldi-doma-kira-klass\\\/#primaryimage\"},\"image\":{\"@id\":\"https:\\\/\\\/www.zaldionline.com\\\/es\\\/producto\\\/silla-zaldi-doma-kira-klass\\\/#primaryimage\"},\"thumbnailUrl\":\"https:\\\/\\\/www.zaldionline.com\\\/es\\\/wp-content\\\/uploads\\\/sites\\\/2\\\/2020\\\/10\\\/Bild_2020-12-10_132216.png\",\"datePublished\":\"2020-10-21T15:55:02+00:00\",\"dateModified\":\"2024-10-29T14:01:35+00:00\",\"description\":\"Precio IVA incl.: 2988.00\u20ac Configurable: elige tu equipo MEDIDAS:* Jinete 17.5\\\" (largo de 44.5 cm. desde el borr\u00e9n trasero de la silla al clavo Zaldi).* Cruz del caballo: de 28 cm. a 34 cm.* Peso: 8.400 Kg.* Largo del fald\u00f3n desde la estribera: 42 cm.* Largo del baste por debajo: 49 cm.* \u00c1rea de apoyo del baste sobre el lomo del caballo: 44 cm.* Taco Muslera: 20 cm. x 8.5 cm. x 9 cm.* Tambien disponible con rodillera grande: 36 cm. x 10 cm. x 6 cm. o con rodillera mediana: 34 cm. x 7 cm. x 4.5 cm. \u00a1AVISO IMPORTANTE! COLORES DEL CUERO Es \u201cIMPOSIBLE\u201d conseguir que dos art\u00edculos en cuero de color avellana, tostado, marr\u00f3n o habana sean exactamente iguales. Ref. 00163\",\"breadcrumb\":{\"@id\":\"https:\\\/\\\/www.zaldionline.com\\\/es\\\/producto\\\/silla-zaldi-doma-kira-klass\\\/#breadcrumb\"},\"inLanguage\":\"es\",\"potentialAction\":[{\"@type\":\"ReadAction\",\"target\":[\"https:\\\/\\\/www.zaldionline.com\\\/es\\\/producto\\\/silla-zaldi-doma-kira-klass\\\/\"]}]},{\"@type\":\"ImageObject\",\"inLanguage\":\"es\",\"@id\":\"https:\\\/\\\/www.zaldionline.com\\\/es\\\/producto\\\/silla-zaldi-doma-kira-klass\\\/#primaryimage\",\"url\":\"https:\\\/\\\/www.zaldionline.com\\\/es\\\/wp-content\\\/uploads\\\/sites\\\/2\\\/2020\\\/10\\\/Bild_2020-12-10_132216.png\",\"contentUrl\":\"https:\\\/\\\/www.zaldionline.com\\\/es\\\/wp-content\\\/uploads\\\/sites\\\/2\\\/2020\\\/10\\\/Bild_2020-12-10_132216.png\",\"width\":501,\"height\":499},{\"@type\":\"BreadcrumbList\",\"@id\":\"https:\\\/\\\/www.zaldionline.com\\\/es\\\/producto\\\/silla-zaldi-doma-kira-klass\\\/#breadcrumb\",\"itemListElement\":[{\"@type\":\"ListItem\",\"position\":1,\"name\":\"Portada\",\"item\":\"https:\\\/\\\/www.zaldionline.com\\\/es\\\/\"},{\"@type\":\"ListItem\",\"position\":2,\"name\":\"Sillas y accesorios\",\"item\":\"https:\\\/\\\/www.zaldionline.com\\\/es\\\/sillas-y-accesorios\\\/\"},{\"@type\":\"ListItem\",\"position\":3,\"name\":\"SILLA ZALDI DOMA Kira Klass\"}]},{\"@type\":\"WebSite\",\"@id\":\"https:\\\/\\\/www.zaldionline.com\\\/es\\\/#website\",\"url\":\"https:\\\/\\\/www.zaldionline.com\\\/es\\\/\",\"name\":\"Zaldionline.com\",\"description\":\"Los mejores productos para usted y su caballo\",\"potentialAction\":[{\"@type\":\"SearchAction\",\"target\":{\"@type\":\"EntryPoint\",\"urlTemplate\":\"https:\\\/\\\/www.zaldionline.com\\\/es\\\/?s={search_term_string}\"},\"query-input\":{\"@type\":\"PropertyValueSpecification\",\"valueRequired\":true,\"valueName\":\"search_term_string\"}}],\"inLanguage\":\"es\"}]}<\/script>\n<!-- \/ Yoast SEO plugin. -->","yoast_head_json":{"title":"SILLA ZALDI DOMA Kira Klass - Zaldionline.com","description":"Precio IVA incl.: 2988.00\u20ac Configurable: elige tu equipo MEDIDAS:* Jinete 17.5\" (largo de 44.5 cm. desde el borr\u00e9n trasero de la silla al clavo Zaldi).* Cruz del caballo: de 28 cm. a 34 cm.* Peso: 8.400 Kg.* Largo del fald\u00f3n desde la estribera: 42 cm.* Largo del baste por debajo: 49 cm.* \u00c1rea de apoyo del baste sobre el lomo del caballo: 44 cm.* Taco Muslera: 20 cm. x 8.5 cm. x 9 cm.* Tambien disponible con rodillera grande: 36 cm. x 10 cm. x 6 cm. o con rodillera mediana: 34 cm. x 7 cm. x 4.5 cm. \u00a1AVISO IMPORTANTE! COLORES DEL CUERO Es \u201cIMPOSIBLE\u201d conseguir que dos art\u00edculos en cuero de color avellana, tostado, marr\u00f3n o habana sean exactamente iguales. Ref. 00163","robots":{"index":"noindex","follow":"follow","max-snippet":"max-snippet:-1","max-image-preview":"max-image-preview:large","max-video-preview":"max-video-preview:-1"},"og_locale":"es_ES","og_type":"article","og_title":"SILLA ZALDI DOMA Kira Klass - Zaldionline.com","og_description":"Precio IVA incl.: 2988.00\u20ac Configurable: elige tu equipo MEDIDAS:* Jinete 17.5\" (largo de 44.5 cm. desde el borr\u00e9n trasero de la silla al clavo Zaldi).* Cruz del caballo: de 28 cm. a 34 cm.* Peso: 8.400 Kg.* Largo del fald\u00f3n desde la estribera: 42 cm.* Largo del baste por debajo: 49 cm.* \u00c1rea de apoyo del baste sobre el lomo del caballo: 44 cm.* Taco Muslera: 20 cm. x 8.5 cm. x 9 cm.* Tambien disponible con rodillera grande: 36 cm. x 10 cm. x 6 cm. o con rodillera mediana: 34 cm. x 7 cm. x 4.5 cm. \u00a1AVISO IMPORTANTE! COLORES DEL CUERO Es \u201cIMPOSIBLE\u201d conseguir que dos art\u00edculos en cuero de color avellana, tostado, marr\u00f3n o habana sean exactamente iguales. Ref. 00163","og_url":"https:\/\/www.zaldionline.com\/es\/producto\/silla-zaldi-doma-kira-klass\/","og_site_name":"Zaldionline.com","article_modified_time":"2024-10-29T14:01:35+00:00","og_image":[{"width":501,"height":499,"url":"https:\/\/www.zaldionline.com\/es\/wp-content\/uploads\/sites\/2\/2020\/10\/Bild_2020-12-10_132216.png","type":"image\/png"}],"twitter_card":"summary_large_image","twitter_misc":{"Tiempo de lectura":"6 minutos"},"schema":{"@context":"https:\/\/schema.org","@graph":[{"@type":"WebPage","@id":"https:\/\/www.zaldionline.com\/es\/producto\/silla-zaldi-doma-kira-klass\/","url":"https:\/\/www.zaldionline.com\/es\/producto\/silla-zaldi-doma-kira-klass\/","name":"SILLA ZALDI DOMA Kira Klass - Zaldionline.com","isPartOf":{"@id":"https:\/\/www.zaldionline.com\/es\/#website"},"primaryImageOfPage":{"@id":"https:\/\/www.zaldionline.com\/es\/producto\/silla-zaldi-doma-kira-klass\/#primaryimage"},"image":{"@id":"https:\/\/www.zaldionline.com\/es\/producto\/silla-zaldi-doma-kira-klass\/#primaryimage"},"thumbnailUrl":"https:\/\/www.zaldionline.com\/es\/wp-content\/uploads\/sites\/2\/2020\/10\/Bild_2020-12-10_132216.png","datePublished":"2020-10-21T15:55:02+00:00","dateModified":"2024-10-29T14:01:35+00:00","description":"Precio IVA incl.: 2988.00\u20ac Configurable: elige tu equipo MEDIDAS:* Jinete 17.5\" (largo de 44.5 cm. desde el borr\u00e9n trasero de la silla al clavo Zaldi).* Cruz del caballo: de 28 cm. a 34 cm.* Peso: 8.400 Kg.* Largo del fald\u00f3n desde la estribera: 42 cm.* Largo del baste por debajo: 49 cm.* \u00c1rea de apoyo del baste sobre el lomo del caballo: 44 cm.* Taco Muslera: 20 cm. x 8.5 cm. x 9 cm.* Tambien disponible con rodillera grande: 36 cm. x 10 cm. x 6 cm. o con rodillera mediana: 34 cm. x 7 cm. x 4.5 cm. \u00a1AVISO IMPORTANTE! COLORES DEL CUERO Es \u201cIMPOSIBLE\u201d conseguir que dos art\u00edculos en cuero de color avellana, tostado, marr\u00f3n o habana sean exactamente iguales. Ref. 00163","breadcrumb":{"@id":"https:\/\/www.zaldionline.com\/es\/producto\/silla-zaldi-doma-kira-klass\/#breadcrumb"},"inLanguage":"es","potentialAction":[{"@type":"ReadAction","target":["https:\/\/www.zaldionline.com\/es\/producto\/silla-zaldi-doma-kira-klass\/"]}]},{"@type":"ImageObject","inLanguage":"es","@id":"https:\/\/www.zaldionline.com\/es\/producto\/silla-zaldi-doma-kira-klass\/#primaryimage","url":"https:\/\/www.zaldionline.com\/es\/wp-content\/uploads\/sites\/2\/2020\/10\/Bild_2020-12-10_132216.png","contentUrl":"https:\/\/www.zaldionline.com\/es\/wp-content\/uploads\/sites\/2\/2020\/10\/Bild_2020-12-10_132216.png","width":501,"height":499},{"@type":"BreadcrumbList","@id":"https:\/\/www.zaldionline.com\/es\/producto\/silla-zaldi-doma-kira-klass\/#breadcrumb","itemListElement":[{"@type":"ListItem","position":1,"name":"Portada","item":"https:\/\/www.zaldionline.com\/es\/"},{"@type":"ListItem","position":2,"name":"Sillas y accesorios","item":"https:\/\/www.zaldionline.com\/es\/sillas-y-accesorios\/"},{"@type":"ListItem","position":3,"name":"SILLA ZALDI DOMA Kira Klass"}]},{"@type":"WebSite","@id":"https:\/\/www.zaldionline.com\/es\/#website","url":"https:\/\/www.zaldionline.com\/es\/","name":"Zaldionline.com","description":"Los mejores productos para usted y su caballo","potentialAction":[{"@type":"SearchAction","target":{"@type":"EntryPoint","urlTemplate":"https:\/\/www.zaldionline.com\/es\/?s={search_term_string}"},"query-input":{"@type":"PropertyValueSpecification","valueRequired":true,"valueName":"search_term_string"}}],"inLanguage":"es"}]}},"_links":{"self":[{"href":"https:\/\/www.zaldionline.com\/es\/wp-json\/wp\/v2\/product\/12658","targetHints":{"allow":["GET"]}}],"collection":[{"href":"https:\/\/www.zaldionline.com\/es\/wp-json\/wp\/v2\/product"}],"about":[{"href":"https:\/\/www.zaldionline.com\/es\/wp-json\/wp\/v2\/types\/product"}],"replies":[{"embeddable":true,"href":"https:\/\/www.zaldionline.com\/es\/wp-json\/wp\/v2\/comments?post=12658"}],"version-history":[{"count":16,"href":"https:\/\/www.zaldionline.com\/es\/wp-json\/wp\/v2\/product\/12658\/revisions"}],"predecessor-version":[{"id":25204,"href":"https:\/\/www.zaldionline.com\/es\/wp-json\/wp\/v2\/product\/12658\/revisions\/25204"}],"wp:featuredmedia":[{"embeddable":true,"href":"https:\/\/www.zaldionline.com\/es\/wp-json\/wp\/v2\/media\/17307"}],"wp:attachment":[{"href":"https:\/\/www.zaldionline.com\/es\/wp-json\/wp\/v2\/media?parent=12658"}],"wp:term":[{"taxonomy":"product_brand","embeddable":true,"href":"https:\/\/www.zaldionline.com\/es\/wp-json\/wp\/v2\/product_brand?post=12658"},{"taxonomy":"product_cat","embeddable":true,"href":"https:\/\/www.zaldionline.com\/es\/wp-json\/wp\/v2\/product_cat?post=12658"},{"taxonomy":"product_tag","embeddable":true,"href":"https:\/\/www.zaldionline.com\/es\/wp-json\/wp\/v2\/product_tag?post=12658"}],"curies":[{"name":"wp","href":"https:\/\/api.w.org\/{rel}","templated":true}]}}