{"id":12777,"date":"2020-10-22T11:51:45","date_gmt":"2020-10-22T11:51:45","guid":{"rendered":"https:\/\/zaldionline.com\/?post_type=product&#038;p=12777"},"modified":"2024-10-29T13:51:13","modified_gmt":"2024-10-29T13:51:13","slug":"silla-zaldi-doma-milenium","status":"publish","type":"product","link":"https:\/\/www.zaldionline.com\/es\/producto\/silla-zaldi-doma-milenium\/","title":{"rendered":"SILLA ZALDI DOMA MILENIUM"},"content":{"rendered":"\t\t<div data-elementor-type=\"wp-post\" data-elementor-id=\"12777\" class=\"elementor elementor-12777\">\n\t\t\t\t\t\t<section class=\"elementor-section elementor-top-section elementor-element elementor-element-5fcc259a elementor-section-boxed elementor-section-height-default elementor-section-height-default\" data-id=\"5fcc259a\" data-element_type=\"section\" data-e-type=\"section\">\n\t\t\t\t\t\t<div class=\"elementor-container elementor-column-gap-default\">\n\t\t\t\t\t<div class=\"elementor-column elementor-col-100 elementor-top-column elementor-element elementor-element-3c313867\" data-id=\"3c313867\" data-element_type=\"column\" data-e-type=\"column\">\n\t\t\t<div class=\"elementor-widget-wrap elementor-element-populated\">\n\t\t\t\t\t\t<div class=\"elementor-element elementor-element-49257f4 elementor-widget elementor-widget-text-editor\" data-id=\"49257f4\" data-element_type=\"widget\" data-e-type=\"widget\" data-widget_type=\"text-editor.default\">\n\t\t\t\t<div class=\"elementor-widget-container\">\n\t\t\t\t\t\t\t\t\t<p>Precio IVA incl.<\/p><p>Silla para doma profesional con asiento muy profundo.<br \/><br \/>Dise\u00f1ada por Zaldi junto con el famoso jinete portugu\u00e9s Carlos Pinto.<br \/><br \/>MATERIALES:<br \/><br \/>* Pieles europeas de crup\u00f3n y boxcalf especialmente seleccionadas.<br \/>* Rodillera\/Taco exterior.<br \/>* Asiento de goma l\u00e1tex.<br \/>* Fald\u00f3n muy largo.<br \/>* Baste de goma l\u00e1tex.<br \/>* Armadura fabricada en materiales especiales, con la tecnolog\u00eda m\u00e1s avanzada. Armadura de doma muy profunda.<br \/>* Estriberas inoxidables de seguridad largas.<br \/>* Latiguillos largos en &#8220;V&#8221;.<br \/><br \/>Actualmente adem\u00e1s de los cl\u00e1sicos colores; se pueden realizar m\u00faltiples combinaciones en colores de cuero, hilos, vivos, burletes\u2026<br \/><br \/>MEDIDAS:<br \/><br \/>* Jinete 17.5&#8243; (largo de 44.5 cm. desde la parte trasera del asiento al clavo Zaldi).<br \/>* Cruz del caballo: de 28 cm. a 34 cm.<br \/>* Peso: 7.200 Kg.<br \/>* Largo del fald\u00f3n desde la estribera: 48 cm.<br \/>* Largo del baste por debajo: 49 cm.<br \/>* \u00c1rea de apoyo del baste sobre el lomo del caballo: 44 cm.<br \/>* Rodillera: 38 cm. x 9 cm. x 5 cm.<\/p><p><strong>\u00a1AVISO IMPORTANTE!<\/strong><\/p><p><strong>COLORES DEL CUERO<\/strong><\/p><p><strong>Es \u201cIMPOSIBLE\u201d conseguir que dos art\u00edculos en cuero de color avellana, tostado, marr\u00f3n o habana sean exactamente iguales.<\/strong><\/p><p>Ref.: 0000017<\/p>\t\t\t\t\t\t\t\t<\/div>\n\t\t\t\t<\/div>\n\t\t\t\t\t<\/div>\n\t\t<\/div>\n\t\t\t\t\t<\/div>\n\t\t<\/section>\n\t\t\t\t<\/div>\n\t\t","protected":false},"excerpt":{"rendered":"<p>Precio IVA incl. Silla para doma profesional con asiento muy profundo. Dise\u00f1ada por Zaldi junto con el famoso jinete portugu\u00e9s Carlos Pinto. MATERIALES: * Pieles europeas de crup\u00f3n y boxcalf especialmente seleccionadas. * Rodillera\/Taco exterior. * Asiento de goma l\u00e1tex. * Fald\u00f3n muy largo. * Baste de goma l\u00e1tex. * Armadura fabricada en materiales especiales, [&hellip;]<\/p>\n","protected":false},"featured_media":17304,"comment_status":"open","ping_status":"closed","template":"","meta":{"site-sidebar-layout":"default","site-content-layout":"","ast-site-content-layout":"default","site-content-style":"default","site-sidebar-style":"default","ast-global-header-display":"","ast-banner-title-visibility":"","ast-main-header-display":"","ast-hfb-above-header-display":"","ast-hfb-below-header-display":"","ast-hfb-mobile-header-display":"","site-post-title":"","ast-breadcrumbs-content":"","ast-featured-img":"","footer-sml-layout":"","ast-disable-related-posts":"","theme-transparent-header-meta":"default","adv-header-id-meta":"","stick-header-meta":"","header-above-stick-meta":"","header-main-stick-meta":"","header-below-stick-meta":"","astra-migrate-meta-layouts":"set","ast-page-background-enabled":"default","ast-page-background-meta":{"desktop":{"background-color":"var(--ast-global-color-4)","background-image":"","background-repeat":"repeat","background-position":"center center","background-size":"auto","background-attachment":"scroll","background-type":"","background-media":"","overlay-type":"","overlay-color":"","overlay-opacity":"","overlay-gradient":""},"tablet":{"background-color":"","background-image":"","background-repeat":"repeat","background-position":"center center","background-size":"auto","background-attachment":"scroll","background-type":"","background-media":"","overlay-type":"","overlay-color":"","overlay-opacity":"","overlay-gradient":""},"mobile":{"background-color":"","background-image":"","background-repeat":"repeat","background-position":"center center","background-size":"auto","background-attachment":"scroll","background-type":"","background-media":"","overlay-type":"","overlay-color":"","overlay-opacity":"","overlay-gradient":""}},"ast-content-background-meta":{"desktop":{"background-color":"var(--ast-global-color-5)","background-image":"","background-repeat":"repeat","background-position":"center center","background-size":"auto","background-attachment":"scroll","background-type":"","background-media":"","overlay-type":"","overlay-color":"","overlay-opacity":"","overlay-gradient":""},"tablet":{"background-color":"var(--ast-global-color-5)","background-image":"","background-repeat":"repeat","background-position":"center center","background-size":"auto","background-attachment":"scroll","background-type":"","background-media":"","overlay-type":"","overlay-color":"","overlay-opacity":"","overlay-gradient":""},"mobile":{"background-color":"var(--ast-global-color-5)","background-image":"","background-repeat":"repeat","background-position":"center center","background-size":"auto","background-attachment":"scroll","background-type":"","background-media":"","overlay-type":"","overlay-color":"","overlay-opacity":"","overlay-gradient":""}},"ngg_post_thumbnail":0},"product_brand":[],"product_cat":[26,17],"product_tag":[341,346,440,410,1088,202,340,337,991,338,357,339],"class_list":{"0":"post-12777","1":"product","2":"type-product","3":"status-publish","4":"has-post-thumbnail","6":"product_cat-doma","7":"product_cat-sillas","8":"product_tag-bienestarcaballo","9":"product_tag-equiscan-zaldi","10":"product_tag-silla","11":"product_tag-silla-custom","12":"product_tag-silla-de-doma","13":"product_tag-sillas","14":"product_tag-susanne-nagel","15":"product_tag-zaldi","16":"product_tag-zaldi-alemania","17":"product_tag-zaldi-deutschland","18":"product_tag-zaldi-milenium","19":"product_tag-zaldi-online-com","20":"desktop-align-left","21":"tablet-align-left","22":"mobile-align-left","24":"first","25":"instock","26":"taxable","27":"shipping-taxable","28":"purchasable","29":"product-type-variable"},"yoast_head":"<!-- This site is optimized with the Yoast SEO plugin v27.4 - https:\/\/yoast.com\/product\/yoast-seo-wordpress\/ -->\n<title>SILLA ZALDI DOMA MILENIUM - Zaldionline.com<\/title>\n<meta name=\"description\" content=\"Precio IVA incl.: 2247.30\u20ac Actualmente adem\u00e1s de los cl\u00e1sicos colores; se pueden realizar m\u00faltiples combinaciones en colores de cuero, hilos, vivos, burletes\u2026MEDIDAS:* Jinete 17.5&quot; (largo de 44.5 cm. desde la parte trasera del asiento al clavo Zaldi).* Cruz del caballo: de 28 cm. a 34 cm.* Peso: 7.200 Kg.* Largo del fald\u00f3n desde la estribera: 48 cm.* Largo del baste por debajo: 49 cm.* \u00c1rea de apoyo del baste sobre el lomo del caballo: 44 cm.* Rodillera: 38 cm. x 9 cm. x 5 cm. \u00a1AVISO IMPORTANTE! COLORES DEL CUERO Es \u201cIMPOSIBLE\u201d conseguir que dos art\u00edculos en cuero de color avellana, tostado, marr\u00f3n o habana sean exactamente iguales. Ref. 0000017\" \/>\n<meta name=\"robots\" content=\"noindex, follow, max-snippet:-1, max-image-preview:large, max-video-preview:-1\" \/>\n<meta property=\"og:locale\" content=\"es_ES\" \/>\n<meta property=\"og:type\" content=\"article\" \/>\n<meta property=\"og:title\" content=\"SILLA ZALDI DOMA MILENIUM - Zaldionline.com\" \/>\n<meta property=\"og:description\" content=\"Precio IVA incl.: 2247.30\u20ac Actualmente adem\u00e1s de los cl\u00e1sicos colores; se pueden realizar m\u00faltiples combinaciones en colores de cuero, hilos, vivos, burletes\u2026MEDIDAS:* Jinete 17.5&quot; (largo de 44.5 cm. desde la parte trasera del asiento al clavo Zaldi).* Cruz del caballo: de 28 cm. a 34 cm.* Peso: 7.200 Kg.* Largo del fald\u00f3n desde la estribera: 48 cm.* Largo del baste por debajo: 49 cm.* \u00c1rea de apoyo del baste sobre el lomo del caballo: 44 cm.* Rodillera: 38 cm. x 9 cm. x 5 cm. \u00a1AVISO IMPORTANTE! COLORES DEL CUERO Es \u201cIMPOSIBLE\u201d conseguir que dos art\u00edculos en cuero de color avellana, tostado, marr\u00f3n o habana sean exactamente iguales. Ref. 0000017\" \/>\n<meta property=\"og:url\" content=\"https:\/\/www.zaldionline.com\/es\/producto\/silla-zaldi-doma-milenium\/\" \/>\n<meta property=\"og:site_name\" content=\"Zaldionline.com\" \/>\n<meta property=\"article:modified_time\" content=\"2024-10-29T13:51:13+00:00\" \/>\n<meta property=\"og:image\" content=\"https:\/\/www.zaldionline.com\/es\/wp-content\/uploads\/sites\/2\/2020\/10\/Bild_2020-12-10_131719.png\" \/>\n\t<meta property=\"og:image:width\" content=\"500\" \/>\n\t<meta property=\"og:image:height\" content=\"503\" \/>\n\t<meta property=\"og:image:type\" content=\"image\/png\" \/>\n<meta name=\"twitter:card\" content=\"summary_large_image\" \/>\n<meta name=\"twitter:label1\" content=\"Tiempo de lectura\" \/>\n\t<meta name=\"twitter:data1\" content=\"2 minutos\" \/>\n<script type=\"application\/ld+json\" class=\"yoast-schema-graph\">{\"@context\":\"https:\\\/\\\/schema.org\",\"@graph\":[{\"@type\":\"WebPage\",\"@id\":\"https:\\\/\\\/www.zaldionline.com\\\/es\\\/producto\\\/silla-zaldi-doma-milenium\\\/\",\"url\":\"https:\\\/\\\/www.zaldionline.com\\\/es\\\/producto\\\/silla-zaldi-doma-milenium\\\/\",\"name\":\"SILLA ZALDI DOMA MILENIUM - Zaldionline.com\",\"isPartOf\":{\"@id\":\"https:\\\/\\\/www.zaldionline.com\\\/es\\\/#website\"},\"primaryImageOfPage\":{\"@id\":\"https:\\\/\\\/www.zaldionline.com\\\/es\\\/producto\\\/silla-zaldi-doma-milenium\\\/#primaryimage\"},\"image\":{\"@id\":\"https:\\\/\\\/www.zaldionline.com\\\/es\\\/producto\\\/silla-zaldi-doma-milenium\\\/#primaryimage\"},\"thumbnailUrl\":\"https:\\\/\\\/www.zaldionline.com\\\/es\\\/wp-content\\\/uploads\\\/sites\\\/2\\\/2020\\\/10\\\/Bild_2020-12-10_131719.png\",\"datePublished\":\"2020-10-22T11:51:45+00:00\",\"dateModified\":\"2024-10-29T13:51:13+00:00\",\"description\":\"Precio IVA incl.: 2247.30\u20ac Actualmente adem\u00e1s de los cl\u00e1sicos colores; se pueden realizar m\u00faltiples combinaciones en colores de cuero, hilos, vivos, burletes\u2026MEDIDAS:* Jinete 17.5\\\" (largo de 44.5 cm. desde la parte trasera del asiento al clavo Zaldi).* Cruz del caballo: de 28 cm. a 34 cm.* Peso: 7.200 Kg.* Largo del fald\u00f3n desde la estribera: 48 cm.* Largo del baste por debajo: 49 cm.* \u00c1rea de apoyo del baste sobre el lomo del caballo: 44 cm.* Rodillera: 38 cm. x 9 cm. x 5 cm. \u00a1AVISO IMPORTANTE! COLORES DEL CUERO Es \u201cIMPOSIBLE\u201d conseguir que dos art\u00edculos en cuero de color avellana, tostado, marr\u00f3n o habana sean exactamente iguales. Ref. 0000017\",\"breadcrumb\":{\"@id\":\"https:\\\/\\\/www.zaldionline.com\\\/es\\\/producto\\\/silla-zaldi-doma-milenium\\\/#breadcrumb\"},\"inLanguage\":\"es\",\"potentialAction\":[{\"@type\":\"ReadAction\",\"target\":[\"https:\\\/\\\/www.zaldionline.com\\\/es\\\/producto\\\/silla-zaldi-doma-milenium\\\/\"]}]},{\"@type\":\"ImageObject\",\"inLanguage\":\"es\",\"@id\":\"https:\\\/\\\/www.zaldionline.com\\\/es\\\/producto\\\/silla-zaldi-doma-milenium\\\/#primaryimage\",\"url\":\"https:\\\/\\\/www.zaldionline.com\\\/es\\\/wp-content\\\/uploads\\\/sites\\\/2\\\/2020\\\/10\\\/Bild_2020-12-10_131719.png\",\"contentUrl\":\"https:\\\/\\\/www.zaldionline.com\\\/es\\\/wp-content\\\/uploads\\\/sites\\\/2\\\/2020\\\/10\\\/Bild_2020-12-10_131719.png\",\"width\":500,\"height\":503},{\"@type\":\"BreadcrumbList\",\"@id\":\"https:\\\/\\\/www.zaldionline.com\\\/es\\\/producto\\\/silla-zaldi-doma-milenium\\\/#breadcrumb\",\"itemListElement\":[{\"@type\":\"ListItem\",\"position\":1,\"name\":\"Portada\",\"item\":\"https:\\\/\\\/www.zaldionline.com\\\/es\\\/\"},{\"@type\":\"ListItem\",\"position\":2,\"name\":\"Sillas y accesorios\",\"item\":\"https:\\\/\\\/www.zaldionline.com\\\/es\\\/sillas-y-accesorios\\\/\"},{\"@type\":\"ListItem\",\"position\":3,\"name\":\"SILLA ZALDI DOMA MILENIUM\"}]},{\"@type\":\"WebSite\",\"@id\":\"https:\\\/\\\/www.zaldionline.com\\\/es\\\/#website\",\"url\":\"https:\\\/\\\/www.zaldionline.com\\\/es\\\/\",\"name\":\"Zaldionline.com\",\"description\":\"Los mejores productos para usted y su caballo\",\"potentialAction\":[{\"@type\":\"SearchAction\",\"target\":{\"@type\":\"EntryPoint\",\"urlTemplate\":\"https:\\\/\\\/www.zaldionline.com\\\/es\\\/?s={search_term_string}\"},\"query-input\":{\"@type\":\"PropertyValueSpecification\",\"valueRequired\":true,\"valueName\":\"search_term_string\"}}],\"inLanguage\":\"es\"}]}<\/script>\n<!-- \/ Yoast SEO plugin. -->","yoast_head_json":{"title":"SILLA ZALDI DOMA MILENIUM - Zaldionline.com","description":"Precio IVA incl.: 2247.30\u20ac Actualmente adem\u00e1s de los cl\u00e1sicos colores; se pueden realizar m\u00faltiples combinaciones en colores de cuero, hilos, vivos, burletes\u2026MEDIDAS:* Jinete 17.5\" (largo de 44.5 cm. desde la parte trasera del asiento al clavo Zaldi).* Cruz del caballo: de 28 cm. a 34 cm.* Peso: 7.200 Kg.* Largo del fald\u00f3n desde la estribera: 48 cm.* Largo del baste por debajo: 49 cm.* \u00c1rea de apoyo del baste sobre el lomo del caballo: 44 cm.* Rodillera: 38 cm. x 9 cm. x 5 cm. \u00a1AVISO IMPORTANTE! COLORES DEL CUERO Es \u201cIMPOSIBLE\u201d conseguir que dos art\u00edculos en cuero de color avellana, tostado, marr\u00f3n o habana sean exactamente iguales. Ref. 0000017","robots":{"index":"noindex","follow":"follow","max-snippet":"max-snippet:-1","max-image-preview":"max-image-preview:large","max-video-preview":"max-video-preview:-1"},"og_locale":"es_ES","og_type":"article","og_title":"SILLA ZALDI DOMA MILENIUM - Zaldionline.com","og_description":"Precio IVA incl.: 2247.30\u20ac Actualmente adem\u00e1s de los cl\u00e1sicos colores; se pueden realizar m\u00faltiples combinaciones en colores de cuero, hilos, vivos, burletes\u2026MEDIDAS:* Jinete 17.5\" (largo de 44.5 cm. desde la parte trasera del asiento al clavo Zaldi).* Cruz del caballo: de 28 cm. a 34 cm.* Peso: 7.200 Kg.* Largo del fald\u00f3n desde la estribera: 48 cm.* Largo del baste por debajo: 49 cm.* \u00c1rea de apoyo del baste sobre el lomo del caballo: 44 cm.* Rodillera: 38 cm. x 9 cm. x 5 cm. \u00a1AVISO IMPORTANTE! COLORES DEL CUERO Es \u201cIMPOSIBLE\u201d conseguir que dos art\u00edculos en cuero de color avellana, tostado, marr\u00f3n o habana sean exactamente iguales. Ref. 0000017","og_url":"https:\/\/www.zaldionline.com\/es\/producto\/silla-zaldi-doma-milenium\/","og_site_name":"Zaldionline.com","article_modified_time":"2024-10-29T13:51:13+00:00","og_image":[{"width":500,"height":503,"url":"https:\/\/www.zaldionline.com\/es\/wp-content\/uploads\/sites\/2\/2020\/10\/Bild_2020-12-10_131719.png","type":"image\/png"}],"twitter_card":"summary_large_image","twitter_misc":{"Tiempo de lectura":"2 minutos"},"schema":{"@context":"https:\/\/schema.org","@graph":[{"@type":"WebPage","@id":"https:\/\/www.zaldionline.com\/es\/producto\/silla-zaldi-doma-milenium\/","url":"https:\/\/www.zaldionline.com\/es\/producto\/silla-zaldi-doma-milenium\/","name":"SILLA ZALDI DOMA MILENIUM - Zaldionline.com","isPartOf":{"@id":"https:\/\/www.zaldionline.com\/es\/#website"},"primaryImageOfPage":{"@id":"https:\/\/www.zaldionline.com\/es\/producto\/silla-zaldi-doma-milenium\/#primaryimage"},"image":{"@id":"https:\/\/www.zaldionline.com\/es\/producto\/silla-zaldi-doma-milenium\/#primaryimage"},"thumbnailUrl":"https:\/\/www.zaldionline.com\/es\/wp-content\/uploads\/sites\/2\/2020\/10\/Bild_2020-12-10_131719.png","datePublished":"2020-10-22T11:51:45+00:00","dateModified":"2024-10-29T13:51:13+00:00","description":"Precio IVA incl.: 2247.30\u20ac Actualmente adem\u00e1s de los cl\u00e1sicos colores; se pueden realizar m\u00faltiples combinaciones en colores de cuero, hilos, vivos, burletes\u2026MEDIDAS:* Jinete 17.5\" (largo de 44.5 cm. desde la parte trasera del asiento al clavo Zaldi).* Cruz del caballo: de 28 cm. a 34 cm.* Peso: 7.200 Kg.* Largo del fald\u00f3n desde la estribera: 48 cm.* Largo del baste por debajo: 49 cm.* \u00c1rea de apoyo del baste sobre el lomo del caballo: 44 cm.* Rodillera: 38 cm. x 9 cm. x 5 cm. \u00a1AVISO IMPORTANTE! COLORES DEL CUERO Es \u201cIMPOSIBLE\u201d conseguir que dos art\u00edculos en cuero de color avellana, tostado, marr\u00f3n o habana sean exactamente iguales. Ref. 0000017","breadcrumb":{"@id":"https:\/\/www.zaldionline.com\/es\/producto\/silla-zaldi-doma-milenium\/#breadcrumb"},"inLanguage":"es","potentialAction":[{"@type":"ReadAction","target":["https:\/\/www.zaldionline.com\/es\/producto\/silla-zaldi-doma-milenium\/"]}]},{"@type":"ImageObject","inLanguage":"es","@id":"https:\/\/www.zaldionline.com\/es\/producto\/silla-zaldi-doma-milenium\/#primaryimage","url":"https:\/\/www.zaldionline.com\/es\/wp-content\/uploads\/sites\/2\/2020\/10\/Bild_2020-12-10_131719.png","contentUrl":"https:\/\/www.zaldionline.com\/es\/wp-content\/uploads\/sites\/2\/2020\/10\/Bild_2020-12-10_131719.png","width":500,"height":503},{"@type":"BreadcrumbList","@id":"https:\/\/www.zaldionline.com\/es\/producto\/silla-zaldi-doma-milenium\/#breadcrumb","itemListElement":[{"@type":"ListItem","position":1,"name":"Portada","item":"https:\/\/www.zaldionline.com\/es\/"},{"@type":"ListItem","position":2,"name":"Sillas y accesorios","item":"https:\/\/www.zaldionline.com\/es\/sillas-y-accesorios\/"},{"@type":"ListItem","position":3,"name":"SILLA ZALDI DOMA MILENIUM"}]},{"@type":"WebSite","@id":"https:\/\/www.zaldionline.com\/es\/#website","url":"https:\/\/www.zaldionline.com\/es\/","name":"Zaldionline.com","description":"Los mejores productos para usted y su caballo","potentialAction":[{"@type":"SearchAction","target":{"@type":"EntryPoint","urlTemplate":"https:\/\/www.zaldionline.com\/es\/?s={search_term_string}"},"query-input":{"@type":"PropertyValueSpecification","valueRequired":true,"valueName":"search_term_string"}}],"inLanguage":"es"}]}},"_links":{"self":[{"href":"https:\/\/www.zaldionline.com\/es\/wp-json\/wp\/v2\/product\/12777","targetHints":{"allow":["GET"]}}],"collection":[{"href":"https:\/\/www.zaldionline.com\/es\/wp-json\/wp\/v2\/product"}],"about":[{"href":"https:\/\/www.zaldionline.com\/es\/wp-json\/wp\/v2\/types\/product"}],"replies":[{"embeddable":true,"href":"https:\/\/www.zaldionline.com\/es\/wp-json\/wp\/v2\/comments?post=12777"}],"version-history":[{"count":5,"href":"https:\/\/www.zaldionline.com\/es\/wp-json\/wp\/v2\/product\/12777\/revisions"}],"predecessor-version":[{"id":24380,"href":"https:\/\/www.zaldionline.com\/es\/wp-json\/wp\/v2\/product\/12777\/revisions\/24380"}],"wp:featuredmedia":[{"embeddable":true,"href":"https:\/\/www.zaldionline.com\/es\/wp-json\/wp\/v2\/media\/17304"}],"wp:attachment":[{"href":"https:\/\/www.zaldionline.com\/es\/wp-json\/wp\/v2\/media?parent=12777"}],"wp:term":[{"taxonomy":"product_brand","embeddable":true,"href":"https:\/\/www.zaldionline.com\/es\/wp-json\/wp\/v2\/product_brand?post=12777"},{"taxonomy":"product_cat","embeddable":true,"href":"https:\/\/www.zaldionline.com\/es\/wp-json\/wp\/v2\/product_cat?post=12777"},{"taxonomy":"product_tag","embeddable":true,"href":"https:\/\/www.zaldionline.com\/es\/wp-json\/wp\/v2\/product_tag?post=12777"}],"curies":[{"name":"wp","href":"https:\/\/api.w.org\/{rel}","templated":true}]}}