{"id":12863,"date":"2020-10-22T12:48:14","date_gmt":"2020-10-22T12:48:14","guid":{"rendered":"https:\/\/zaldionline.com\/?post_type=product&#038;p=12863"},"modified":"2024-10-29T13:30:41","modified_gmt":"2024-10-29T13:30:41","slug":"silla-zaldi-doma-mot","status":"publish","type":"product","link":"https:\/\/www.zaldionline.com\/es\/producto\/silla-zaldi-doma-mot\/","title":{"rendered":"SILLA ZALDI DOMA MOT"},"content":{"rendered":"\t\t<div data-elementor-type=\"wp-post\" data-elementor-id=\"12863\" class=\"elementor elementor-12863\">\n\t\t\t\t\t\t<section class=\"elementor-section elementor-top-section elementor-element elementor-element-3dc32b37 elementor-section-boxed elementor-section-height-default elementor-section-height-default\" data-id=\"3dc32b37\" data-element_type=\"section\" data-e-type=\"section\">\n\t\t\t\t\t\t<div class=\"elementor-container elementor-column-gap-default\">\n\t\t\t\t\t<div class=\"elementor-column elementor-col-100 elementor-top-column elementor-element elementor-element-1d695a2\" data-id=\"1d695a2\" data-element_type=\"column\" data-e-type=\"column\">\n\t\t\t<div class=\"elementor-widget-wrap elementor-element-populated\">\n\t\t\t\t\t\t<div class=\"elementor-element elementor-element-243cff10 elementor-widget elementor-widget-text-editor\" data-id=\"243cff10\" data-element_type=\"widget\" data-e-type=\"widget\" data-widget_type=\"text-editor.default\">\n\t\t\t\t<div class=\"elementor-widget-container\">\n\t\t\t\t\t\t\t\t\t<p>Precio IVA incl.<\/p><p>#WeThinkSaddles<\/p><p>Pensando sillas de montar, en Zaldi entendemos la silla de montar como el elemento de uni\u00f3n entre caballo y jinete.<\/p><p>Siguiendo la l\u00ednea de nuestro eslogan, Tradici\u00f3n y Tecnolog\u00eda T+T, hemos incorporado a esta innovadora y atractiva colecci\u00f3n los \u00faltimos desarrollos tecnol\u00f3gicos junto a los m\u00e1s avanzados estudios veterinarios y m\u00e9dicos. Aplicando, adem\u00e1s, las directrices de grandes saddlefitters de gran prestigio internacional. Todo ello, unido a los 50 a\u00f1os de experiencia como guarnicioneros y a disponer de f\u00e1brica propia, nos permite lanzar esta nueva l\u00ednea de sillas de montar completamente configurables a medida \u00a1Somos fabricantes!<\/p><p>Vers\u00e1til silla de doma Zaldi completamente configurable a medida de caballo y jinete.<\/p><p>Elige tipo de armadura, talla (jinete y caballo), estriberas, asiento, profundidad del asiento, cuero del fald\u00f3n, ancho del canal, tipo de baste (largo-corto-multiposici\u00f3n rellenable), opciones de baste (est\u00e1ndar-anat\u00f3mico-extra ancho), sistema de fijaci\u00f3n de la rodillera (TMSytem-velcro-cosida), tipos de rodillera, configuraci\u00f3n de los latiguillos largos de doma (en V &#8211; paralelo &#8211; multiposici\u00f3n), color e incluso opci\u00f3n de ancho especial mujer. Ver costes a\u00f1adidos seg\u00fan configuraci\u00f3n.<\/p><p>La silla de doma MOT de la imagen est\u00e1 fabricada sobre una armadura fija de doma semiprofunda en material de alta tecnolog\u00eda (polipropileno EPDM) con garant\u00eda de 10 a\u00f1os.<\/p><p><a href=\"https:\/\/youtu.be\/9hHuQpB0Bfo?si=Csl6Qb868ODDo2Ht\">CLIC AQUI PARA VER VIDEO DE LA ZALDI MOT DE ZALDIONLINE<\/a><\/p><p><a href=\"https:\/\/youtu.be\/VK3DrqkOBhY?si=QV8D_kBomQbfBsJw\">CLIC AQUI PARA EL VIDEO DE UNA ZALDI MOT NEGRA DE ZALDIONLINE<\/a><\/p><p>Porta la opci\u00f3n de estribera de seguridad con 5 posiciones. Se configur\u00f3 con un asiento est\u00e1ndar con vivo e hilo blanco.<\/p><p>Realizada en cuero boxcalf, con baste corto relleno de lana. Tiene aplicada la opci\u00f3n de baste anat\u00f3mico y primer latiguillo el\u00e1stico.<\/p><p>Su fald\u00f3n largo de doma con la opci\u00f3n de rodillera tipo Kira Klass fija cosida por fuera del fald\u00f3n.<\/p><p>Los latiguillos son largos de doma, habi\u00e9ndose configurado con la opci\u00f3n multiposici\u00f3n y de f\u00e1cil recambio por ello.<\/p><p>Medidas: 17&#8243; &#8211; 17,5&#8243; &#8211; 18&#8243;<br \/>Colores disponibles: Negro, Habana, Marr\u00f3n, Tostado.<\/p><p>De serie tiene las caracter\u00edsticas parecidas al modelo Kent 2G (Ref: 00118).<\/p><p>MEDIDAS:<br \/>* Jinete 17&#8243; (largo de 43 cm desde el borr\u00e9n trasero de la silla al clavo Zaldi).<br \/>* Cruz del caballo: de 28 cm a 34 cm.<br \/>* Peso: 6.800 kg.<br \/>* Largo del fald\u00f3n desde la estribera: 41 cm.<br \/>* Largo del baste por debajo: 47 cm.<br \/>* \u00c1rea de apoyo del baste sobre el lomo del caballo: 42 cm.<br \/>* Rodillera: 30 cm x 6 cm x 4.5 cm.<\/p><p><strong>\u00a1AVISO IMPORTANTE!<\/strong><\/p><p><strong>COLORES DEL CUERO<\/strong><\/p><p><strong>Es \u201cIMPOSIBLE\u201d conseguir que dos art\u00edculos en cuero de color avellana, tostado, marr\u00f3n o habana sean exactamente iguales.<\/strong><\/p><p>Ref.: 00182<\/p>\t\t\t\t\t\t\t\t<\/div>\n\t\t\t\t<\/div>\n\t\t\t\t\t<\/div>\n\t\t<\/div>\n\t\t\t\t\t<\/div>\n\t\t<\/section>\n\t\t\t\t<\/div>\n\t\t","protected":false},"excerpt":{"rendered":"<p>Precio IVA incl. #WeThinkSaddles Pensando sillas de montar, en Zaldi entendemos la silla de montar como el elemento de uni\u00f3n entre caballo y jinete. Siguiendo la l\u00ednea de nuestro eslogan, Tradici\u00f3n y Tecnolog\u00eda T+T, hemos incorporado a esta innovadora y atractiva colecci\u00f3n los \u00faltimos desarrollos tecnol\u00f3gicos junto a los m\u00e1s avanzados estudios veterinarios y m\u00e9dicos. [&hellip;]<\/p>\n","protected":false},"featured_media":17301,"comment_status":"open","ping_status":"closed","template":"","meta":{"site-sidebar-layout":"default","site-content-layout":"default","ast-site-content-layout":"default","site-content-style":"default","site-sidebar-style":"default","ast-global-header-display":"","ast-banner-title-visibility":"","ast-main-header-display":"","ast-hfb-above-header-display":"","ast-hfb-below-header-display":"","ast-hfb-mobile-header-display":"","site-post-title":"","ast-breadcrumbs-content":"","ast-featured-img":"","footer-sml-layout":"","ast-disable-related-posts":"","theme-transparent-header-meta":"default","adv-header-id-meta":"","stick-header-meta":"","header-above-stick-meta":"","header-main-stick-meta":"","header-below-stick-meta":"","astra-migrate-meta-layouts":"set","ast-page-background-enabled":"default","ast-page-background-meta":{"desktop":{"background-color":"var(--ast-global-color-4)","background-image":"","background-repeat":"repeat","background-position":"center center","background-size":"auto","background-attachment":"scroll","background-type":"","background-media":"","overlay-type":"","overlay-color":"","overlay-opacity":"","overlay-gradient":""},"tablet":{"background-color":"","background-image":"","background-repeat":"repeat","background-position":"center center","background-size":"auto","background-attachment":"scroll","background-type":"","background-media":"","overlay-type":"","overlay-color":"","overlay-opacity":"","overlay-gradient":""},"mobile":{"background-color":"","background-image":"","background-repeat":"repeat","background-position":"center center","background-size":"auto","background-attachment":"scroll","background-type":"","background-media":"","overlay-type":"","overlay-color":"","overlay-opacity":"","overlay-gradient":""}},"ast-content-background-meta":{"desktop":{"background-color":"var(--ast-global-color-5)","background-image":"","background-repeat":"repeat","background-position":"center center","background-size":"auto","background-attachment":"scroll","background-type":"","background-media":"","overlay-type":"","overlay-color":"","overlay-opacity":"","overlay-gradient":""},"tablet":{"background-color":"var(--ast-global-color-5)","background-image":"","background-repeat":"repeat","background-position":"center center","background-size":"auto","background-attachment":"scroll","background-type":"","background-media":"","overlay-type":"","overlay-color":"","overlay-opacity":"","overlay-gradient":""},"mobile":{"background-color":"var(--ast-global-color-5)","background-image":"","background-repeat":"repeat","background-position":"center center","background-size":"auto","background-attachment":"scroll","background-type":"","background-media":"","overlay-type":"","overlay-color":"","overlay-opacity":"","overlay-gradient":""}},"ngg_post_thumbnail":0},"product_brand":[],"product_cat":[26,17],"product_tag":[341,346,440,410,1088,202,1039,340,337,1031,991,338,361,1038,1037,1036,339],"class_list":{"0":"post-12863","1":"product","2":"type-product","3":"status-publish","4":"has-post-thumbnail","6":"product_cat-doma","7":"product_cat-sillas","8":"product_tag-bienestarcaballo","9":"product_tag-equiscan-zaldi","10":"product_tag-silla","11":"product_tag-silla-custom","12":"product_tag-silla-de-doma","13":"product_tag-sillas","14":"product_tag-sillas-a-medida","15":"product_tag-susanne-nagel","16":"product_tag-zaldi","17":"product_tag-zaldi-a-medida","18":"product_tag-zaldi-alemania","19":"product_tag-zaldi-deutschland","20":"product_tag-zaldi-mot","21":"product_tag-zaldi-mot-a-medida","22":"product_tag-zaldi-mot-doma-de-zaldionline","23":"product_tag-zaldi-mot-video","24":"product_tag-zaldi-online-com","25":"desktop-align-left","26":"tablet-align-left","27":"mobile-align-left","29":"first","30":"instock","31":"taxable","32":"shipping-taxable","33":"purchasable","34":"product-type-variable"},"yoast_head":"<!-- This site is optimized with the Yoast SEO plugin v27.4 - https:\/\/yoast.com\/product\/yoast-seo-wordpress\/ -->\n<title>SILLA ZALDI DOMA MOT - Zaldionline.com<\/title>\n<meta name=\"description\" content=\"Precio IVA incl.: 1975.20\u20ac Medidas: 17&quot; - 17,5&quot; - 18&quot;Colores disponibles: Negro, Habana, Marr\u00f3n, Tostado.De serie tiene las caracter\u00edsticas parecidas al modelo Kent 2G (Ref: 00118). MEDIDAS:* Jinete 17&quot; (largo de 43 cm desde el borr\u00e9n trasero de la silla al clavo Zaldi).* Cruz del caballo: de 28 cm a 34 cm.* Peso: 6.800 kg.* Largo del fald\u00f3n desde la estribera: 41 cm.* Largo del baste por debajo: 47 cm.* \u00c1rea de apoyo del baste sobre el lomo del caballo: 42 cm.* Rodillera: 30 cm x 6 cm x 4.5 cm. \u00a1AVISO IMPORTANTE! COLORES DEL CUERO Es \u201cIMPOSIBLE\u201d conseguir que dos art\u00edculos en cuero de color avellana, tostado, marr\u00f3n o habana sean exactamente iguales. Ref. 00182\" \/>\n<meta name=\"robots\" content=\"noindex, follow, max-snippet:-1, max-image-preview:large, max-video-preview:-1\" \/>\n<meta property=\"og:locale\" content=\"es_ES\" \/>\n<meta property=\"og:type\" content=\"article\" \/>\n<meta property=\"og:title\" content=\"SILLA ZALDI DOMA MOT - Zaldionline.com\" \/>\n<meta property=\"og:description\" content=\"Precio IVA incl.: 1975.20\u20ac Medidas: 17&quot; - 17,5&quot; - 18&quot;Colores disponibles: Negro, Habana, Marr\u00f3n, Tostado.De serie tiene las caracter\u00edsticas parecidas al modelo Kent 2G (Ref: 00118). MEDIDAS:* Jinete 17&quot; (largo de 43 cm desde el borr\u00e9n trasero de la silla al clavo Zaldi).* Cruz del caballo: de 28 cm a 34 cm.* Peso: 6.800 kg.* Largo del fald\u00f3n desde la estribera: 41 cm.* Largo del baste por debajo: 47 cm.* \u00c1rea de apoyo del baste sobre el lomo del caballo: 42 cm.* Rodillera: 30 cm x 6 cm x 4.5 cm. \u00a1AVISO IMPORTANTE! COLORES DEL CUERO Es \u201cIMPOSIBLE\u201d conseguir que dos art\u00edculos en cuero de color avellana, tostado, marr\u00f3n o habana sean exactamente iguales. Ref. 00182\" \/>\n<meta property=\"og:url\" content=\"https:\/\/www.zaldionline.com\/es\/producto\/silla-zaldi-doma-mot\/\" \/>\n<meta property=\"og:site_name\" content=\"Zaldionline.com\" \/>\n<meta property=\"article:modified_time\" content=\"2024-10-29T13:30:41+00:00\" \/>\n<meta property=\"og:image\" content=\"https:\/\/www.zaldionline.com\/es\/wp-content\/uploads\/sites\/2\/2020\/10\/Bild_2020-12-10_131239.png\" \/>\n\t<meta property=\"og:image:width\" content=\"503\" \/>\n\t<meta property=\"og:image:height\" content=\"504\" \/>\n\t<meta property=\"og:image:type\" content=\"image\/png\" \/>\n<meta name=\"twitter:card\" content=\"summary_large_image\" \/>\n<meta name=\"twitter:label1\" content=\"Tiempo de lectura\" \/>\n\t<meta name=\"twitter:data1\" content=\"3 minutos\" \/>\n<script type=\"application\/ld+json\" class=\"yoast-schema-graph\">{\"@context\":\"https:\\\/\\\/schema.org\",\"@graph\":[{\"@type\":\"WebPage\",\"@id\":\"https:\\\/\\\/www.zaldionline.com\\\/es\\\/producto\\\/silla-zaldi-doma-mot\\\/\",\"url\":\"https:\\\/\\\/www.zaldionline.com\\\/es\\\/producto\\\/silla-zaldi-doma-mot\\\/\",\"name\":\"SILLA ZALDI DOMA MOT - Zaldionline.com\",\"isPartOf\":{\"@id\":\"https:\\\/\\\/www.zaldionline.com\\\/es\\\/#website\"},\"primaryImageOfPage\":{\"@id\":\"https:\\\/\\\/www.zaldionline.com\\\/es\\\/producto\\\/silla-zaldi-doma-mot\\\/#primaryimage\"},\"image\":{\"@id\":\"https:\\\/\\\/www.zaldionline.com\\\/es\\\/producto\\\/silla-zaldi-doma-mot\\\/#primaryimage\"},\"thumbnailUrl\":\"https:\\\/\\\/www.zaldionline.com\\\/es\\\/wp-content\\\/uploads\\\/sites\\\/2\\\/2020\\\/10\\\/Bild_2020-12-10_131239.png\",\"datePublished\":\"2020-10-22T12:48:14+00:00\",\"dateModified\":\"2024-10-29T13:30:41+00:00\",\"description\":\"Precio IVA incl.: 1975.20\u20ac Medidas: 17\\\" - 17,5\\\" - 18\\\"Colores disponibles: Negro, Habana, Marr\u00f3n, Tostado.De serie tiene las caracter\u00edsticas parecidas al modelo Kent 2G (Ref: 00118). MEDIDAS:* Jinete 17\\\" (largo de 43 cm desde el borr\u00e9n trasero de la silla al clavo Zaldi).* Cruz del caballo: de 28 cm a 34 cm.* Peso: 6.800 kg.* Largo del fald\u00f3n desde la estribera: 41 cm.* Largo del baste por debajo: 47 cm.* \u00c1rea de apoyo del baste sobre el lomo del caballo: 42 cm.* Rodillera: 30 cm x 6 cm x 4.5 cm. \u00a1AVISO IMPORTANTE! COLORES DEL CUERO Es \u201cIMPOSIBLE\u201d conseguir que dos art\u00edculos en cuero de color avellana, tostado, marr\u00f3n o habana sean exactamente iguales. Ref. 00182\",\"breadcrumb\":{\"@id\":\"https:\\\/\\\/www.zaldionline.com\\\/es\\\/producto\\\/silla-zaldi-doma-mot\\\/#breadcrumb\"},\"inLanguage\":\"es\",\"potentialAction\":[{\"@type\":\"ReadAction\",\"target\":[\"https:\\\/\\\/www.zaldionline.com\\\/es\\\/producto\\\/silla-zaldi-doma-mot\\\/\"]}]},{\"@type\":\"ImageObject\",\"inLanguage\":\"es\",\"@id\":\"https:\\\/\\\/www.zaldionline.com\\\/es\\\/producto\\\/silla-zaldi-doma-mot\\\/#primaryimage\",\"url\":\"https:\\\/\\\/www.zaldionline.com\\\/es\\\/wp-content\\\/uploads\\\/sites\\\/2\\\/2020\\\/10\\\/Bild_2020-12-10_131239.png\",\"contentUrl\":\"https:\\\/\\\/www.zaldionline.com\\\/es\\\/wp-content\\\/uploads\\\/sites\\\/2\\\/2020\\\/10\\\/Bild_2020-12-10_131239.png\",\"width\":503,\"height\":504},{\"@type\":\"BreadcrumbList\",\"@id\":\"https:\\\/\\\/www.zaldionline.com\\\/es\\\/producto\\\/silla-zaldi-doma-mot\\\/#breadcrumb\",\"itemListElement\":[{\"@type\":\"ListItem\",\"position\":1,\"name\":\"Portada\",\"item\":\"https:\\\/\\\/www.zaldionline.com\\\/es\\\/\"},{\"@type\":\"ListItem\",\"position\":2,\"name\":\"Sillas y accesorios\",\"item\":\"https:\\\/\\\/www.zaldionline.com\\\/es\\\/sillas-y-accesorios\\\/\"},{\"@type\":\"ListItem\",\"position\":3,\"name\":\"SILLA ZALDI DOMA MOT\"}]},{\"@type\":\"WebSite\",\"@id\":\"https:\\\/\\\/www.zaldionline.com\\\/es\\\/#website\",\"url\":\"https:\\\/\\\/www.zaldionline.com\\\/es\\\/\",\"name\":\"Zaldionline.com\",\"description\":\"Los mejores productos para usted y su caballo\",\"potentialAction\":[{\"@type\":\"SearchAction\",\"target\":{\"@type\":\"EntryPoint\",\"urlTemplate\":\"https:\\\/\\\/www.zaldionline.com\\\/es\\\/?s={search_term_string}\"},\"query-input\":{\"@type\":\"PropertyValueSpecification\",\"valueRequired\":true,\"valueName\":\"search_term_string\"}}],\"inLanguage\":\"es\"}]}<\/script>\n<!-- \/ Yoast SEO plugin. -->","yoast_head_json":{"title":"SILLA ZALDI DOMA MOT - Zaldionline.com","description":"Precio IVA incl.: 1975.20\u20ac Medidas: 17\" - 17,5\" - 18\"Colores disponibles: Negro, Habana, Marr\u00f3n, Tostado.De serie tiene las caracter\u00edsticas parecidas al modelo Kent 2G (Ref: 00118). MEDIDAS:* Jinete 17\" (largo de 43 cm desde el borr\u00e9n trasero de la silla al clavo Zaldi).* Cruz del caballo: de 28 cm a 34 cm.* Peso: 6.800 kg.* Largo del fald\u00f3n desde la estribera: 41 cm.* Largo del baste por debajo: 47 cm.* \u00c1rea de apoyo del baste sobre el lomo del caballo: 42 cm.* Rodillera: 30 cm x 6 cm x 4.5 cm. \u00a1AVISO IMPORTANTE! COLORES DEL CUERO Es \u201cIMPOSIBLE\u201d conseguir que dos art\u00edculos en cuero de color avellana, tostado, marr\u00f3n o habana sean exactamente iguales. Ref. 00182","robots":{"index":"noindex","follow":"follow","max-snippet":"max-snippet:-1","max-image-preview":"max-image-preview:large","max-video-preview":"max-video-preview:-1"},"og_locale":"es_ES","og_type":"article","og_title":"SILLA ZALDI DOMA MOT - Zaldionline.com","og_description":"Precio IVA incl.: 1975.20\u20ac Medidas: 17\" - 17,5\" - 18\"Colores disponibles: Negro, Habana, Marr\u00f3n, Tostado.De serie tiene las caracter\u00edsticas parecidas al modelo Kent 2G (Ref: 00118). MEDIDAS:* Jinete 17\" (largo de 43 cm desde el borr\u00e9n trasero de la silla al clavo Zaldi).* Cruz del caballo: de 28 cm a 34 cm.* Peso: 6.800 kg.* Largo del fald\u00f3n desde la estribera: 41 cm.* Largo del baste por debajo: 47 cm.* \u00c1rea de apoyo del baste sobre el lomo del caballo: 42 cm.* Rodillera: 30 cm x 6 cm x 4.5 cm. \u00a1AVISO IMPORTANTE! COLORES DEL CUERO Es \u201cIMPOSIBLE\u201d conseguir que dos art\u00edculos en cuero de color avellana, tostado, marr\u00f3n o habana sean exactamente iguales. Ref. 00182","og_url":"https:\/\/www.zaldionline.com\/es\/producto\/silla-zaldi-doma-mot\/","og_site_name":"Zaldionline.com","article_modified_time":"2024-10-29T13:30:41+00:00","og_image":[{"width":503,"height":504,"url":"https:\/\/www.zaldionline.com\/es\/wp-content\/uploads\/sites\/2\/2020\/10\/Bild_2020-12-10_131239.png","type":"image\/png"}],"twitter_card":"summary_large_image","twitter_misc":{"Tiempo de lectura":"3 minutos"},"schema":{"@context":"https:\/\/schema.org","@graph":[{"@type":"WebPage","@id":"https:\/\/www.zaldionline.com\/es\/producto\/silla-zaldi-doma-mot\/","url":"https:\/\/www.zaldionline.com\/es\/producto\/silla-zaldi-doma-mot\/","name":"SILLA ZALDI DOMA MOT - Zaldionline.com","isPartOf":{"@id":"https:\/\/www.zaldionline.com\/es\/#website"},"primaryImageOfPage":{"@id":"https:\/\/www.zaldionline.com\/es\/producto\/silla-zaldi-doma-mot\/#primaryimage"},"image":{"@id":"https:\/\/www.zaldionline.com\/es\/producto\/silla-zaldi-doma-mot\/#primaryimage"},"thumbnailUrl":"https:\/\/www.zaldionline.com\/es\/wp-content\/uploads\/sites\/2\/2020\/10\/Bild_2020-12-10_131239.png","datePublished":"2020-10-22T12:48:14+00:00","dateModified":"2024-10-29T13:30:41+00:00","description":"Precio IVA incl.: 1975.20\u20ac Medidas: 17\" - 17,5\" - 18\"Colores disponibles: Negro, Habana, Marr\u00f3n, Tostado.De serie tiene las caracter\u00edsticas parecidas al modelo Kent 2G (Ref: 00118). MEDIDAS:* Jinete 17\" (largo de 43 cm desde el borr\u00e9n trasero de la silla al clavo Zaldi).* Cruz del caballo: de 28 cm a 34 cm.* Peso: 6.800 kg.* Largo del fald\u00f3n desde la estribera: 41 cm.* Largo del baste por debajo: 47 cm.* \u00c1rea de apoyo del baste sobre el lomo del caballo: 42 cm.* Rodillera: 30 cm x 6 cm x 4.5 cm. \u00a1AVISO IMPORTANTE! COLORES DEL CUERO Es \u201cIMPOSIBLE\u201d conseguir que dos art\u00edculos en cuero de color avellana, tostado, marr\u00f3n o habana sean exactamente iguales. Ref. 00182","breadcrumb":{"@id":"https:\/\/www.zaldionline.com\/es\/producto\/silla-zaldi-doma-mot\/#breadcrumb"},"inLanguage":"es","potentialAction":[{"@type":"ReadAction","target":["https:\/\/www.zaldionline.com\/es\/producto\/silla-zaldi-doma-mot\/"]}]},{"@type":"ImageObject","inLanguage":"es","@id":"https:\/\/www.zaldionline.com\/es\/producto\/silla-zaldi-doma-mot\/#primaryimage","url":"https:\/\/www.zaldionline.com\/es\/wp-content\/uploads\/sites\/2\/2020\/10\/Bild_2020-12-10_131239.png","contentUrl":"https:\/\/www.zaldionline.com\/es\/wp-content\/uploads\/sites\/2\/2020\/10\/Bild_2020-12-10_131239.png","width":503,"height":504},{"@type":"BreadcrumbList","@id":"https:\/\/www.zaldionline.com\/es\/producto\/silla-zaldi-doma-mot\/#breadcrumb","itemListElement":[{"@type":"ListItem","position":1,"name":"Portada","item":"https:\/\/www.zaldionline.com\/es\/"},{"@type":"ListItem","position":2,"name":"Sillas y accesorios","item":"https:\/\/www.zaldionline.com\/es\/sillas-y-accesorios\/"},{"@type":"ListItem","position":3,"name":"SILLA ZALDI DOMA MOT"}]},{"@type":"WebSite","@id":"https:\/\/www.zaldionline.com\/es\/#website","url":"https:\/\/www.zaldionline.com\/es\/","name":"Zaldionline.com","description":"Los mejores productos para usted y su caballo","potentialAction":[{"@type":"SearchAction","target":{"@type":"EntryPoint","urlTemplate":"https:\/\/www.zaldionline.com\/es\/?s={search_term_string}"},"query-input":{"@type":"PropertyValueSpecification","valueRequired":true,"valueName":"search_term_string"}}],"inLanguage":"es"}]}},"_links":{"self":[{"href":"https:\/\/www.zaldionline.com\/es\/wp-json\/wp\/v2\/product\/12863","targetHints":{"allow":["GET"]}}],"collection":[{"href":"https:\/\/www.zaldionline.com\/es\/wp-json\/wp\/v2\/product"}],"about":[{"href":"https:\/\/www.zaldionline.com\/es\/wp-json\/wp\/v2\/types\/product"}],"replies":[{"embeddable":true,"href":"https:\/\/www.zaldionline.com\/es\/wp-json\/wp\/v2\/comments?post=12863"}],"version-history":[{"count":13,"href":"https:\/\/www.zaldionline.com\/es\/wp-json\/wp\/v2\/product\/12863\/revisions"}],"predecessor-version":[{"id":25503,"href":"https:\/\/www.zaldionline.com\/es\/wp-json\/wp\/v2\/product\/12863\/revisions\/25503"}],"wp:featuredmedia":[{"embeddable":true,"href":"https:\/\/www.zaldionline.com\/es\/wp-json\/wp\/v2\/media\/17301"}],"wp:attachment":[{"href":"https:\/\/www.zaldionline.com\/es\/wp-json\/wp\/v2\/media?parent=12863"}],"wp:term":[{"taxonomy":"product_brand","embeddable":true,"href":"https:\/\/www.zaldionline.com\/es\/wp-json\/wp\/v2\/product_brand?post=12863"},{"taxonomy":"product_cat","embeddable":true,"href":"https:\/\/www.zaldionline.com\/es\/wp-json\/wp\/v2\/product_cat?post=12863"},{"taxonomy":"product_tag","embeddable":true,"href":"https:\/\/www.zaldionline.com\/es\/wp-json\/wp\/v2\/product_tag?post=12863"}],"curies":[{"name":"wp","href":"https:\/\/api.w.org\/{rel}","templated":true}]}}