{"id":13005,"date":"2020-10-22T14:33:26","date_gmt":"2020-10-22T14:33:26","guid":{"rendered":"https:\/\/zaldionline.com\/?post_type=product&#038;p=13005"},"modified":"2024-10-29T13:15:57","modified_gmt":"2024-10-29T13:15:57","slug":"silla-zaldi-doma-new-kent","status":"publish","type":"product","link":"https:\/\/www.zaldionline.com\/es\/producto\/silla-zaldi-doma-new-kent\/","title":{"rendered":"SILLA ZALDI DOMA NEW KENT"},"content":{"rendered":"\t\t<div data-elementor-type=\"wp-post\" data-elementor-id=\"13005\" class=\"elementor elementor-13005\">\n\t\t\t\t\t\t<section class=\"elementor-section elementor-top-section elementor-element elementor-element-4551cd82 elementor-section-boxed elementor-section-height-default elementor-section-height-default\" data-id=\"4551cd82\" data-element_type=\"section\" data-e-type=\"section\">\n\t\t\t\t\t\t<div class=\"elementor-container elementor-column-gap-default\">\n\t\t\t\t\t<div class=\"elementor-column elementor-col-100 elementor-top-column elementor-element elementor-element-51bade19\" data-id=\"51bade19\" data-element_type=\"column\" data-e-type=\"column\">\n\t\t\t<div class=\"elementor-widget-wrap elementor-element-populated\">\n\t\t\t\t\t\t<div class=\"elementor-element elementor-element-12376bf7 elementor-widget elementor-widget-text-editor\" data-id=\"12376bf7\" data-element_type=\"widget\" data-e-type=\"widget\" data-widget_type=\"text-editor.default\">\n\t\t\t\t<div class=\"elementor-widget-container\">\n\t\t\t\t\t\t\t\t\t<p>Precio IVA incl.<\/p><p>Equilibrio de precio, ventaja en calidad. Ideal para doma, tanto para profesionales como aficionados. Por su dise\u00f1o resulta muy c\u00f3moda, incluso para largos paseos.<br \/><br \/>En una reuni\u00f3n de jinetes, tanto experimentados y profesionales como amateurs, idearon levantar la silla de atr\u00e1s en su respaldo y colocar el taco delantero por fuera, hecho inusual en aquella \u00e9poca. Se consigui\u00f3 con ello acercarse al m\u00e1ximo a la postura correcta para el jinete, sue\u00f1o tanto de jinetes profesionales como principiantes. Naci\u00f3 as\u00ed la silla Zaldi NEW-KENT, que ha tenido una gran aceptaci\u00f3n por parte de los jinetes durante a\u00f1os. Esta silla es ideal para doma, tanto para profesionales como aficionados. Adem\u00e1s de una relaci\u00f3n calidad precio incuestionable.<br \/><br \/><b>** La Silla ZALDI Doma NEW KENT tambi\u00e9n est\u00e1 disponible con TM-System incorporado (consultar ref. 001359). **<\/b><br \/><br \/>MATERIALES:<br \/>* Pieles europeas de crup\u00f3n y boxcalf especialmente seleccionadas.<br \/>* Rodillera\/Taco exterior.<br \/>* Asiento de goma l\u00e1tex.<br \/>* Fald\u00f3n largo.<br \/>* Baste relleno de lana.<br \/>* Armadura fabricada en materiales especiales, con la tecnolog\u00eda m\u00e1s avanzada. Armadura de doma semi-profunda.<br \/>* Estriberas inoxidables de seguridad cortas.<br \/>* Latiguillos largos.<br \/><br \/>Actualmente adem\u00e1s de los cl\u00e1sicos colores; se pueden realizar m\u00faltiples combinaciones en colores de cuero, hilos, vivos, burletes\u2026<br \/><br \/>MEDIDAS:<br \/>&#8211; Jinete: desde 16&#8243; a 18&#8243; &#8211; ** Las tallas 18.5&#8243; y 19&#8243; tienen un coste extra (ver precio). **<br \/>&#8211; Cruz del caballo: de 28 cm a 34 cm.<br \/><br \/>MEDIDAS:<br \/>* Jinete 17.5&#8243; (largo de 44.5 cm. desde el borr\u00e9n trasero de la silla al clavo Zaldi).<br \/>* Cruz del caballo: de 28 cm. a 34 cm.<br \/>* Peso: 7.000 Kg.<br \/>* Largo del fald\u00f3n desde la estribera: 42 cm.<br \/>* Largo del baste por debajo: 49 cm.<br \/>* \u00c1rea de apoyo del baste sobre el lomo del caballo: 44 cm.<br \/>* Rodillera: 30 cm. x 6 cm. x 4.5 cm.<\/p><p><strong>\u00a1AVISO IMPORTANTE!<\/strong><\/p><p><strong>COLORES DEL CUERO<\/strong><\/p><p><strong>Es \u201cIMPOSIBLE\u201d conseguir que dos art\u00edculos en cuero de color avellana, tostado, marr\u00f3n o habana sean exactamente iguales.<\/strong><\/p><p>Ref.: 00135<\/p>\t\t\t\t\t\t\t\t<\/div>\n\t\t\t\t<\/div>\n\t\t\t\t\t<\/div>\n\t\t<\/div>\n\t\t\t\t\t<\/div>\n\t\t<\/section>\n\t\t\t\t<\/div>\n\t\t","protected":false},"excerpt":{"rendered":"<p>Precio IVA incl. Equilibrio de precio, ventaja en calidad. Ideal para doma, tanto para profesionales como aficionados. Por su dise\u00f1o resulta muy c\u00f3moda, incluso para largos paseos. En una reuni\u00f3n de jinetes, tanto experimentados y profesionales como amateurs, idearon levantar la silla de atr\u00e1s en su respaldo y colocar el taco delantero por fuera, hecho [&hellip;]<\/p>\n","protected":false},"featured_media":24357,"comment_status":"open","ping_status":"closed","template":"","meta":{"site-sidebar-layout":"default","site-content-layout":"default","ast-site-content-layout":"default","site-content-style":"default","site-sidebar-style":"default","ast-global-header-display":"","ast-banner-title-visibility":"","ast-main-header-display":"","ast-hfb-above-header-display":"","ast-hfb-below-header-display":"","ast-hfb-mobile-header-display":"","site-post-title":"","ast-breadcrumbs-content":"","ast-featured-img":"","footer-sml-layout":"","ast-disable-related-posts":"","theme-transparent-header-meta":"default","adv-header-id-meta":"","stick-header-meta":"","header-above-stick-meta":"","header-main-stick-meta":"","header-below-stick-meta":"","astra-migrate-meta-layouts":"set","ast-page-background-enabled":"default","ast-page-background-meta":{"desktop":{"background-color":"var(--ast-global-color-4)","background-image":"","background-repeat":"repeat","background-position":"center center","background-size":"auto","background-attachment":"scroll","background-type":"","background-media":"","overlay-type":"","overlay-color":"","overlay-opacity":"","overlay-gradient":""},"tablet":{"background-color":"","background-image":"","background-repeat":"repeat","background-position":"center center","background-size":"auto","background-attachment":"scroll","background-type":"","background-media":"","overlay-type":"","overlay-color":"","overlay-opacity":"","overlay-gradient":""},"mobile":{"background-color":"","background-image":"","background-repeat":"repeat","background-position":"center center","background-size":"auto","background-attachment":"scroll","background-type":"","background-media":"","overlay-type":"","overlay-color":"","overlay-opacity":"","overlay-gradient":""}},"ast-content-background-meta":{"desktop":{"background-color":"var(--ast-global-color-5)","background-image":"","background-repeat":"repeat","background-position":"center center","background-size":"auto","background-attachment":"scroll","background-type":"","background-media":"","overlay-type":"","overlay-color":"","overlay-opacity":"","overlay-gradient":""},"tablet":{"background-color":"var(--ast-global-color-5)","background-image":"","background-repeat":"repeat","background-position":"center center","background-size":"auto","background-attachment":"scroll","background-type":"","background-media":"","overlay-type":"","overlay-color":"","overlay-opacity":"","overlay-gradient":""},"mobile":{"background-color":"var(--ast-global-color-5)","background-image":"","background-repeat":"repeat","background-position":"center center","background-size":"auto","background-attachment":"scroll","background-type":"","background-media":"","overlay-type":"","overlay-color":"","overlay-opacity":"","overlay-gradient":""}},"ngg_post_thumbnail":0},"product_brand":[],"product_cat":[26,17],"product_tag":[341,346,440,410,1088,202,340,1057,337,991,338,373,339],"class_list":{"0":"post-13005","1":"product","2":"type-product","3":"status-publish","4":"has-post-thumbnail","6":"product_cat-doma","7":"product_cat-sillas","8":"product_tag-bienestarcaballo","9":"product_tag-equiscan-zaldi","10":"product_tag-silla","11":"product_tag-silla-custom","12":"product_tag-silla-de-doma","13":"product_tag-sillas","14":"product_tag-susanne-nagel","15":"product_tag-vegano","16":"product_tag-zaldi","17":"product_tag-zaldi-alemania","18":"product_tag-zaldi-deutschland","19":"product_tag-zaldi-new-kent","20":"product_tag-zaldi-online-com","21":"desktop-align-left","22":"tablet-align-left","23":"mobile-align-left","25":"first","26":"instock","27":"taxable","28":"shipping-taxable","29":"purchasable","30":"product-type-variable"},"yoast_head":"<!-- This site is optimized with the Yoast SEO plugin v27.4 - https:\/\/yoast.com\/product\/yoast-seo-wordpress\/ -->\n<title>SILLA ZALDI DOMA NEW KENT - Zaldionline.com<\/title>\n<meta name=\"description\" content=\"Precio IVA incl.: 1737.20\u20ac ** La Silla ZALDI Doma NEW KENT tambi\u00e9n est\u00e1 disponible con TM-System incorporado (consultar ref. 001359). **MATERIALES:* Pieles europeas de crup\u00f3n y boxcalf especialmente seleccionadas.* Rodillera\/Taco exterior.* Asiento de goma l\u00e1tex.* Fald\u00f3n largo.* Baste relleno de lana.* Armadura fabricada en materiales especiales, con la tecnolog\u00eda m\u00e1s avanzada. Armadura de doma semi-profunda.* Estriberas inoxidables de seguridad cortas.* Latiguillos largos.Actualmente adem\u00e1s de los cl\u00e1sicos colores; se pueden realizar m\u00faltiples combinaciones en colores de cuero, hilos, vivos, burletes\u2026MEDIDAS:- Jinete: desde 16&quot; a 18&quot; - ** Las tallas 18.5&quot; y 19&quot; tienen un coste extra (ver precio). **- Cruz del caballo: de 28 cm a 34 cm. MEDIDAS:* Jinete 17.5&quot; (largo de 44.5 cm. desde el borr\u00e9n trasero de la silla al clavo Zaldi).* Cruz del caballo: de 28 cm. a 34 cm.* Peso: 7.000 Kg.* Largo del fald\u00f3n desde la estribera: 42 cm.* Largo del baste por debajo: 49 cm.* \u00c1rea de apoyo del baste sobre el lomo del caballo: 44 cm.* Rodillera: 30 cm. x 6 cm. x 4.5 cm.\u00a1AVISO IMPORTANTE! COLORES DEL CUERO Es \u201cIMPOSIBLE\u201d conseguir que dos art\u00edculos en cuero de color avellana, tostado, marr\u00f3n o habana sean exactamente iguales. Ref. 00135\" \/>\n<meta name=\"robots\" content=\"noindex, follow, max-snippet:-1, max-image-preview:large, max-video-preview:-1\" \/>\n<meta property=\"og:locale\" content=\"es_ES\" \/>\n<meta property=\"og:type\" content=\"article\" \/>\n<meta property=\"og:title\" content=\"SILLA ZALDI DOMA NEW KENT - Zaldionline.com\" \/>\n<meta property=\"og:description\" content=\"Precio IVA incl.: 1737.20\u20ac ** La Silla ZALDI Doma NEW KENT tambi\u00e9n est\u00e1 disponible con TM-System incorporado (consultar ref. 001359). **MATERIALES:* Pieles europeas de crup\u00f3n y boxcalf especialmente seleccionadas.* Rodillera\/Taco exterior.* Asiento de goma l\u00e1tex.* Fald\u00f3n largo.* Baste relleno de lana.* Armadura fabricada en materiales especiales, con la tecnolog\u00eda m\u00e1s avanzada. Armadura de doma semi-profunda.* Estriberas inoxidables de seguridad cortas.* Latiguillos largos.Actualmente adem\u00e1s de los cl\u00e1sicos colores; se pueden realizar m\u00faltiples combinaciones en colores de cuero, hilos, vivos, burletes\u2026MEDIDAS:- Jinete: desde 16&quot; a 18&quot; - ** Las tallas 18.5&quot; y 19&quot; tienen un coste extra (ver precio). **- Cruz del caballo: de 28 cm a 34 cm. MEDIDAS:* Jinete 17.5&quot; (largo de 44.5 cm. desde el borr\u00e9n trasero de la silla al clavo Zaldi).* Cruz del caballo: de 28 cm. a 34 cm.* Peso: 7.000 Kg.* Largo del fald\u00f3n desde la estribera: 42 cm.* Largo del baste por debajo: 49 cm.* \u00c1rea de apoyo del baste sobre el lomo del caballo: 44 cm.* Rodillera: 30 cm. x 6 cm. x 4.5 cm.\u00a1AVISO IMPORTANTE! COLORES DEL CUERO Es \u201cIMPOSIBLE\u201d conseguir que dos art\u00edculos en cuero de color avellana, tostado, marr\u00f3n o habana sean exactamente iguales. Ref. 00135\" \/>\n<meta property=\"og:url\" content=\"https:\/\/www.zaldionline.com\/es\/producto\/silla-zaldi-doma-new-kent\/\" \/>\n<meta property=\"og:site_name\" content=\"Zaldionline.com\" \/>\n<meta property=\"article:modified_time\" content=\"2024-10-29T13:15:57+00:00\" \/>\n<meta property=\"og:image\" content=\"https:\/\/www.zaldionline.com\/es\/wp-content\/uploads\/sites\/2\/2020\/10\/Bild_2024-03-25_131510989.png\" \/>\n\t<meta property=\"og:image:width\" content=\"503\" \/>\n\t<meta property=\"og:image:height\" content=\"507\" \/>\n\t<meta property=\"og:image:type\" content=\"image\/png\" \/>\n<meta name=\"twitter:card\" content=\"summary_large_image\" \/>\n<meta name=\"twitter:label1\" content=\"Tiempo de lectura\" \/>\n\t<meta name=\"twitter:data1\" content=\"2 minutos\" \/>\n<script type=\"application\/ld+json\" class=\"yoast-schema-graph\">{\"@context\":\"https:\\\/\\\/schema.org\",\"@graph\":[{\"@type\":\"WebPage\",\"@id\":\"https:\\\/\\\/www.zaldionline.com\\\/es\\\/producto\\\/silla-zaldi-doma-new-kent\\\/\",\"url\":\"https:\\\/\\\/www.zaldionline.com\\\/es\\\/producto\\\/silla-zaldi-doma-new-kent\\\/\",\"name\":\"SILLA ZALDI DOMA NEW KENT - Zaldionline.com\",\"isPartOf\":{\"@id\":\"https:\\\/\\\/www.zaldionline.com\\\/es\\\/#website\"},\"primaryImageOfPage\":{\"@id\":\"https:\\\/\\\/www.zaldionline.com\\\/es\\\/producto\\\/silla-zaldi-doma-new-kent\\\/#primaryimage\"},\"image\":{\"@id\":\"https:\\\/\\\/www.zaldionline.com\\\/es\\\/producto\\\/silla-zaldi-doma-new-kent\\\/#primaryimage\"},\"thumbnailUrl\":\"https:\\\/\\\/www.zaldionline.com\\\/es\\\/wp-content\\\/uploads\\\/sites\\\/2\\\/2020\\\/10\\\/Bild_2024-03-25_131510989.png\",\"datePublished\":\"2020-10-22T14:33:26+00:00\",\"dateModified\":\"2024-10-29T13:15:57+00:00\",\"description\":\"Precio IVA incl.: 1737.20\u20ac ** La Silla ZALDI Doma NEW KENT tambi\u00e9n est\u00e1 disponible con TM-System incorporado (consultar ref. 001359). **MATERIALES:* Pieles europeas de crup\u00f3n y boxcalf especialmente seleccionadas.* Rodillera\\\/Taco exterior.* Asiento de goma l\u00e1tex.* Fald\u00f3n largo.* Baste relleno de lana.* Armadura fabricada en materiales especiales, con la tecnolog\u00eda m\u00e1s avanzada. Armadura de doma semi-profunda.* Estriberas inoxidables de seguridad cortas.* Latiguillos largos.Actualmente adem\u00e1s de los cl\u00e1sicos colores; se pueden realizar m\u00faltiples combinaciones en colores de cuero, hilos, vivos, burletes\u2026MEDIDAS:- Jinete: desde 16\\\" a 18\\\" - ** Las tallas 18.5\\\" y 19\\\" tienen un coste extra (ver precio). **- Cruz del caballo: de 28 cm a 34 cm. MEDIDAS:* Jinete 17.5\\\" (largo de 44.5 cm. desde el borr\u00e9n trasero de la silla al clavo Zaldi).* Cruz del caballo: de 28 cm. a 34 cm.* Peso: 7.000 Kg.* Largo del fald\u00f3n desde la estribera: 42 cm.* Largo del baste por debajo: 49 cm.* \u00c1rea de apoyo del baste sobre el lomo del caballo: 44 cm.* Rodillera: 30 cm. x 6 cm. x 4.5 cm.\u00a1AVISO IMPORTANTE! COLORES DEL CUERO Es \u201cIMPOSIBLE\u201d conseguir que dos art\u00edculos en cuero de color avellana, tostado, marr\u00f3n o habana sean exactamente iguales. Ref. 00135\",\"breadcrumb\":{\"@id\":\"https:\\\/\\\/www.zaldionline.com\\\/es\\\/producto\\\/silla-zaldi-doma-new-kent\\\/#breadcrumb\"},\"inLanguage\":\"es\",\"potentialAction\":[{\"@type\":\"ReadAction\",\"target\":[\"https:\\\/\\\/www.zaldionline.com\\\/es\\\/producto\\\/silla-zaldi-doma-new-kent\\\/\"]}]},{\"@type\":\"ImageObject\",\"inLanguage\":\"es\",\"@id\":\"https:\\\/\\\/www.zaldionline.com\\\/es\\\/producto\\\/silla-zaldi-doma-new-kent\\\/#primaryimage\",\"url\":\"https:\\\/\\\/www.zaldionline.com\\\/es\\\/wp-content\\\/uploads\\\/sites\\\/2\\\/2020\\\/10\\\/Bild_2024-03-25_131510989.png\",\"contentUrl\":\"https:\\\/\\\/www.zaldionline.com\\\/es\\\/wp-content\\\/uploads\\\/sites\\\/2\\\/2020\\\/10\\\/Bild_2024-03-25_131510989.png\",\"width\":503,\"height\":507},{\"@type\":\"BreadcrumbList\",\"@id\":\"https:\\\/\\\/www.zaldionline.com\\\/es\\\/producto\\\/silla-zaldi-doma-new-kent\\\/#breadcrumb\",\"itemListElement\":[{\"@type\":\"ListItem\",\"position\":1,\"name\":\"Portada\",\"item\":\"https:\\\/\\\/www.zaldionline.com\\\/es\\\/\"},{\"@type\":\"ListItem\",\"position\":2,\"name\":\"Sillas y accesorios\",\"item\":\"https:\\\/\\\/www.zaldionline.com\\\/es\\\/sillas-y-accesorios\\\/\"},{\"@type\":\"ListItem\",\"position\":3,\"name\":\"SILLA ZALDI DOMA NEW KENT\"}]},{\"@type\":\"WebSite\",\"@id\":\"https:\\\/\\\/www.zaldionline.com\\\/es\\\/#website\",\"url\":\"https:\\\/\\\/www.zaldionline.com\\\/es\\\/\",\"name\":\"Zaldionline.com\",\"description\":\"Los mejores productos para usted y su caballo\",\"potentialAction\":[{\"@type\":\"SearchAction\",\"target\":{\"@type\":\"EntryPoint\",\"urlTemplate\":\"https:\\\/\\\/www.zaldionline.com\\\/es\\\/?s={search_term_string}\"},\"query-input\":{\"@type\":\"PropertyValueSpecification\",\"valueRequired\":true,\"valueName\":\"search_term_string\"}}],\"inLanguage\":\"es\"}]}<\/script>\n<!-- \/ Yoast SEO plugin. -->","yoast_head_json":{"title":"SILLA ZALDI DOMA NEW KENT - Zaldionline.com","description":"Precio IVA incl.: 1737.20\u20ac ** La Silla ZALDI Doma NEW KENT tambi\u00e9n est\u00e1 disponible con TM-System incorporado (consultar ref. 001359). **MATERIALES:* Pieles europeas de crup\u00f3n y boxcalf especialmente seleccionadas.* Rodillera\/Taco exterior.* Asiento de goma l\u00e1tex.* Fald\u00f3n largo.* Baste relleno de lana.* Armadura fabricada en materiales especiales, con la tecnolog\u00eda m\u00e1s avanzada. Armadura de doma semi-profunda.* Estriberas inoxidables de seguridad cortas.* Latiguillos largos.Actualmente adem\u00e1s de los cl\u00e1sicos colores; se pueden realizar m\u00faltiples combinaciones en colores de cuero, hilos, vivos, burletes\u2026MEDIDAS:- Jinete: desde 16\" a 18\" - ** Las tallas 18.5\" y 19\" tienen un coste extra (ver precio). **- Cruz del caballo: de 28 cm a 34 cm. MEDIDAS:* Jinete 17.5\" (largo de 44.5 cm. desde el borr\u00e9n trasero de la silla al clavo Zaldi).* Cruz del caballo: de 28 cm. a 34 cm.* Peso: 7.000 Kg.* Largo del fald\u00f3n desde la estribera: 42 cm.* Largo del baste por debajo: 49 cm.* \u00c1rea de apoyo del baste sobre el lomo del caballo: 44 cm.* Rodillera: 30 cm. x 6 cm. x 4.5 cm.\u00a1AVISO IMPORTANTE! COLORES DEL CUERO Es \u201cIMPOSIBLE\u201d conseguir que dos art\u00edculos en cuero de color avellana, tostado, marr\u00f3n o habana sean exactamente iguales. Ref. 00135","robots":{"index":"noindex","follow":"follow","max-snippet":"max-snippet:-1","max-image-preview":"max-image-preview:large","max-video-preview":"max-video-preview:-1"},"og_locale":"es_ES","og_type":"article","og_title":"SILLA ZALDI DOMA NEW KENT - Zaldionline.com","og_description":"Precio IVA incl.: 1737.20\u20ac ** La Silla ZALDI Doma NEW KENT tambi\u00e9n est\u00e1 disponible con TM-System incorporado (consultar ref. 001359). **MATERIALES:* Pieles europeas de crup\u00f3n y boxcalf especialmente seleccionadas.* Rodillera\/Taco exterior.* Asiento de goma l\u00e1tex.* Fald\u00f3n largo.* Baste relleno de lana.* Armadura fabricada en materiales especiales, con la tecnolog\u00eda m\u00e1s avanzada. Armadura de doma semi-profunda.* Estriberas inoxidables de seguridad cortas.* Latiguillos largos.Actualmente adem\u00e1s de los cl\u00e1sicos colores; se pueden realizar m\u00faltiples combinaciones en colores de cuero, hilos, vivos, burletes\u2026MEDIDAS:- Jinete: desde 16\" a 18\" - ** Las tallas 18.5\" y 19\" tienen un coste extra (ver precio). **- Cruz del caballo: de 28 cm a 34 cm. MEDIDAS:* Jinete 17.5\" (largo de 44.5 cm. desde el borr\u00e9n trasero de la silla al clavo Zaldi).* Cruz del caballo: de 28 cm. a 34 cm.* Peso: 7.000 Kg.* Largo del fald\u00f3n desde la estribera: 42 cm.* Largo del baste por debajo: 49 cm.* \u00c1rea de apoyo del baste sobre el lomo del caballo: 44 cm.* Rodillera: 30 cm. x 6 cm. x 4.5 cm.\u00a1AVISO IMPORTANTE! COLORES DEL CUERO Es \u201cIMPOSIBLE\u201d conseguir que dos art\u00edculos en cuero de color avellana, tostado, marr\u00f3n o habana sean exactamente iguales. Ref. 00135","og_url":"https:\/\/www.zaldionline.com\/es\/producto\/silla-zaldi-doma-new-kent\/","og_site_name":"Zaldionline.com","article_modified_time":"2024-10-29T13:15:57+00:00","og_image":[{"width":503,"height":507,"url":"https:\/\/www.zaldionline.com\/es\/wp-content\/uploads\/sites\/2\/2020\/10\/Bild_2024-03-25_131510989.png","type":"image\/png"}],"twitter_card":"summary_large_image","twitter_misc":{"Tiempo de lectura":"2 minutos"},"schema":{"@context":"https:\/\/schema.org","@graph":[{"@type":"WebPage","@id":"https:\/\/www.zaldionline.com\/es\/producto\/silla-zaldi-doma-new-kent\/","url":"https:\/\/www.zaldionline.com\/es\/producto\/silla-zaldi-doma-new-kent\/","name":"SILLA ZALDI DOMA NEW KENT - Zaldionline.com","isPartOf":{"@id":"https:\/\/www.zaldionline.com\/es\/#website"},"primaryImageOfPage":{"@id":"https:\/\/www.zaldionline.com\/es\/producto\/silla-zaldi-doma-new-kent\/#primaryimage"},"image":{"@id":"https:\/\/www.zaldionline.com\/es\/producto\/silla-zaldi-doma-new-kent\/#primaryimage"},"thumbnailUrl":"https:\/\/www.zaldionline.com\/es\/wp-content\/uploads\/sites\/2\/2020\/10\/Bild_2024-03-25_131510989.png","datePublished":"2020-10-22T14:33:26+00:00","dateModified":"2024-10-29T13:15:57+00:00","description":"Precio IVA incl.: 1737.20\u20ac ** La Silla ZALDI Doma NEW KENT tambi\u00e9n est\u00e1 disponible con TM-System incorporado (consultar ref. 001359). **MATERIALES:* Pieles europeas de crup\u00f3n y boxcalf especialmente seleccionadas.* Rodillera\/Taco exterior.* Asiento de goma l\u00e1tex.* Fald\u00f3n largo.* Baste relleno de lana.* Armadura fabricada en materiales especiales, con la tecnolog\u00eda m\u00e1s avanzada. Armadura de doma semi-profunda.* Estriberas inoxidables de seguridad cortas.* Latiguillos largos.Actualmente adem\u00e1s de los cl\u00e1sicos colores; se pueden realizar m\u00faltiples combinaciones en colores de cuero, hilos, vivos, burletes\u2026MEDIDAS:- Jinete: desde 16\" a 18\" - ** Las tallas 18.5\" y 19\" tienen un coste extra (ver precio). **- Cruz del caballo: de 28 cm a 34 cm. MEDIDAS:* Jinete 17.5\" (largo de 44.5 cm. desde el borr\u00e9n trasero de la silla al clavo Zaldi).* Cruz del caballo: de 28 cm. a 34 cm.* Peso: 7.000 Kg.* Largo del fald\u00f3n desde la estribera: 42 cm.* Largo del baste por debajo: 49 cm.* \u00c1rea de apoyo del baste sobre el lomo del caballo: 44 cm.* Rodillera: 30 cm. x 6 cm. x 4.5 cm.\u00a1AVISO IMPORTANTE! COLORES DEL CUERO Es \u201cIMPOSIBLE\u201d conseguir que dos art\u00edculos en cuero de color avellana, tostado, marr\u00f3n o habana sean exactamente iguales. Ref. 00135","breadcrumb":{"@id":"https:\/\/www.zaldionline.com\/es\/producto\/silla-zaldi-doma-new-kent\/#breadcrumb"},"inLanguage":"es","potentialAction":[{"@type":"ReadAction","target":["https:\/\/www.zaldionline.com\/es\/producto\/silla-zaldi-doma-new-kent\/"]}]},{"@type":"ImageObject","inLanguage":"es","@id":"https:\/\/www.zaldionline.com\/es\/producto\/silla-zaldi-doma-new-kent\/#primaryimage","url":"https:\/\/www.zaldionline.com\/es\/wp-content\/uploads\/sites\/2\/2020\/10\/Bild_2024-03-25_131510989.png","contentUrl":"https:\/\/www.zaldionline.com\/es\/wp-content\/uploads\/sites\/2\/2020\/10\/Bild_2024-03-25_131510989.png","width":503,"height":507},{"@type":"BreadcrumbList","@id":"https:\/\/www.zaldionline.com\/es\/producto\/silla-zaldi-doma-new-kent\/#breadcrumb","itemListElement":[{"@type":"ListItem","position":1,"name":"Portada","item":"https:\/\/www.zaldionline.com\/es\/"},{"@type":"ListItem","position":2,"name":"Sillas y accesorios","item":"https:\/\/www.zaldionline.com\/es\/sillas-y-accesorios\/"},{"@type":"ListItem","position":3,"name":"SILLA ZALDI DOMA NEW KENT"}]},{"@type":"WebSite","@id":"https:\/\/www.zaldionline.com\/es\/#website","url":"https:\/\/www.zaldionline.com\/es\/","name":"Zaldionline.com","description":"Los mejores productos para usted y su caballo","potentialAction":[{"@type":"SearchAction","target":{"@type":"EntryPoint","urlTemplate":"https:\/\/www.zaldionline.com\/es\/?s={search_term_string}"},"query-input":{"@type":"PropertyValueSpecification","valueRequired":true,"valueName":"search_term_string"}}],"inLanguage":"es"}]}},"_links":{"self":[{"href":"https:\/\/www.zaldionline.com\/es\/wp-json\/wp\/v2\/product\/13005","targetHints":{"allow":["GET"]}}],"collection":[{"href":"https:\/\/www.zaldionline.com\/es\/wp-json\/wp\/v2\/product"}],"about":[{"href":"https:\/\/www.zaldionline.com\/es\/wp-json\/wp\/v2\/types\/product"}],"replies":[{"embeddable":true,"href":"https:\/\/www.zaldionline.com\/es\/wp-json\/wp\/v2\/comments?post=13005"}],"version-history":[{"count":6,"href":"https:\/\/www.zaldionline.com\/es\/wp-json\/wp\/v2\/product\/13005\/revisions"}],"predecessor-version":[{"id":24356,"href":"https:\/\/www.zaldionline.com\/es\/wp-json\/wp\/v2\/product\/13005\/revisions\/24356"}],"wp:featuredmedia":[{"embeddable":true,"href":"https:\/\/www.zaldionline.com\/es\/wp-json\/wp\/v2\/media\/24357"}],"wp:attachment":[{"href":"https:\/\/www.zaldionline.com\/es\/wp-json\/wp\/v2\/media?parent=13005"}],"wp:term":[{"taxonomy":"product_brand","embeddable":true,"href":"https:\/\/www.zaldionline.com\/es\/wp-json\/wp\/v2\/product_brand?post=13005"},{"taxonomy":"product_cat","embeddable":true,"href":"https:\/\/www.zaldionline.com\/es\/wp-json\/wp\/v2\/product_cat?post=13005"},{"taxonomy":"product_tag","embeddable":true,"href":"https:\/\/www.zaldionline.com\/es\/wp-json\/wp\/v2\/product_tag?post=13005"}],"curies":[{"name":"wp","href":"https:\/\/api.w.org\/{rel}","templated":true}]}}