{"id":13243,"date":"2020-10-23T13:57:24","date_gmt":"2020-10-23T13:57:24","guid":{"rendered":"https:\/\/zaldionline.com\/?post_type=product&#038;p=13243"},"modified":"2024-10-29T12:53:26","modified_gmt":"2024-10-29T12:53:26","slug":"silla-zaldi-doma-royal-doma-profunda","status":"publish","type":"product","link":"https:\/\/www.zaldionline.com\/es\/producto\/silla-zaldi-doma-royal-doma-profunda\/","title":{"rendered":"SILLA ZALDI DOMA ROYAL DOMA PROFUNDA"},"content":{"rendered":"\t\t<div data-elementor-type=\"wp-post\" data-elementor-id=\"13243\" class=\"elementor elementor-13243\">\n\t\t\t\t\t\t<section class=\"elementor-section elementor-top-section elementor-element elementor-element-251d1fd2 elementor-section-boxed elementor-section-height-default elementor-section-height-default\" data-id=\"251d1fd2\" data-element_type=\"section\" data-e-type=\"section\">\n\t\t\t\t\t\t<div class=\"elementor-container elementor-column-gap-default\">\n\t\t\t\t\t<div class=\"elementor-column elementor-col-100 elementor-top-column elementor-element elementor-element-208540e8\" data-id=\"208540e8\" data-element_type=\"column\" data-e-type=\"column\">\n\t\t\t<div class=\"elementor-widget-wrap elementor-element-populated\">\n\t\t\t\t\t\t<div class=\"elementor-element elementor-element-a605dd4 elementor-widget elementor-widget-text-editor\" data-id=\"a605dd4\" data-element_type=\"widget\" data-e-type=\"widget\" data-widget_type=\"text-editor.default\">\n\t\t\t\t<div class=\"elementor-widget-container\">\n\t\t\t\t\t\t\t\t\t<p>Precio IVA incl.<\/p><p>Royal Doma Profunda, la hermana peque\u00f1a de la gama de sillas de doma Zaldi.<br \/><br \/>Aunque sea la hermana peque\u00f1a te sorprender\u00e1. Zaldi presenta su nueva silla de doma dentro del segmento econ\u00f3mico de la marca. La mejor soluci\u00f3n para cubrir la necesidad de una silla de doma con las prestaciones m\u00ednimas exigidas para el desarrollo de una correcta equitaci\u00f3n.<br \/><br \/>De fabricaci\u00f3n propia, esta nueva silla de doma presenta un gran potencial de versatilidad para la doma con una excepcional relaci\u00f3n calidad\/precio.<br \/><br \/>Dise\u00f1ada con asiento profundo y rodillera normal que proporciona un gran equilibrio al jinete.<br \/>Con baste de goma y la reconocida armadura Zaldi de polipropileno, que tambi\u00e9n incluye los 10 a\u00f1os de garant\u00eda para dicha armadura, como todas las sillas fabricadas en Zaldi.<br \/><br \/>Medidas:<br \/>* Jinete: 16,5&#8243; &#8211; 17&#8243; &#8211; 17,5&#8243; &#8211; 18&#8243; &#8211; 19&#8243;<br \/>* Cruz del caballo: de 28 cm a 34 cm<br \/><br \/>Colores: Negro, Marr\u00f3n, Tostado, Marr\u00f3n\/Tostado. * El bicolor Marr\u00f3n\/Tostado tiene un suplemento extra a a\u00f1adir al PVP. *<br \/><br \/>Esta silla se puede fabricar con la OPCI\u00d3N TM-SYSTEM: Buscando cubrir las m\u00e1ximas expectativas de nuestros clientes, se puede solicitar con el innovador TM-System o taco-muslera incorporado. Ver referencia 001699.<br \/><br \/>Ideal para todo tipo de jinetes, especialmente tambi\u00e9n muy vers\u00e1til para iniciaci\u00f3n a la doma o escuelas de equitaci\u00f3n. Existen otros modelos en este segmento pero no son fabricados mayoritariamente en Espa\u00f1a como si sucede con esta silla Zaldi, la hermana peque\u00f1a de las grandes de la marca.<br \/><br \/>MEDIDAS:<br \/>* Jinete 17.5&#8243; (largo de 44.5 cm desde el borr\u00e9n trasero de la silla al clavo Zaldi).<br \/>* Cruz del caballo: de 28 cm a 34 cm.<br \/>* Peso: 7.000 Kg.<br \/>* Largo del fald\u00f3n desde la estribera: 42 cm.<br \/>* Largo del baste por debajo: 49 cm.<br \/>* \u00c1rea de apoyo del baste sobre el lomo del caballo: 44 cm.<br \/>* Rodillera: 30 cm. x 6 cm. x 4.5 cm.<\/p><p><strong>\u00a1AVISO IMPORTANTE!<\/strong><\/p><p><strong>COLORES DEL CUERO<\/strong><\/p><p><strong>Es \u201cIMPOSIBLE\u201d conseguir que dos art\u00edculos en cuero de color avellana, tostado, marr\u00f3n o habana sean exactamente iguales.<\/strong><\/p><p>Ref.: 00169<\/p>\t\t\t\t\t\t\t\t<\/div>\n\t\t\t\t<\/div>\n\t\t\t\t\t<\/div>\n\t\t<\/div>\n\t\t\t\t\t<\/div>\n\t\t<\/section>\n\t\t\t\t<\/div>\n\t\t","protected":false},"excerpt":{"rendered":"<p>Precio IVA incl. Royal Doma Profunda, la hermana peque\u00f1a de la gama de sillas de doma Zaldi. Aunque sea la hermana peque\u00f1a te sorprender\u00e1. Zaldi presenta su nueva silla de doma dentro del segmento econ\u00f3mico de la marca. La mejor soluci\u00f3n para cubrir la necesidad de una silla de doma con las prestaciones m\u00ednimas exigidas [&hellip;]<\/p>\n","protected":false},"featured_media":17324,"comment_status":"open","ping_status":"closed","template":"","meta":{"site-sidebar-layout":"default","site-content-layout":"","ast-site-content-layout":"default","site-content-style":"default","site-sidebar-style":"default","ast-global-header-display":"","ast-banner-title-visibility":"","ast-main-header-display":"","ast-hfb-above-header-display":"","ast-hfb-below-header-display":"","ast-hfb-mobile-header-display":"","site-post-title":"","ast-breadcrumbs-content":"","ast-featured-img":"","footer-sml-layout":"","ast-disable-related-posts":"","theme-transparent-header-meta":"default","adv-header-id-meta":"","stick-header-meta":"","header-above-stick-meta":"","header-main-stick-meta":"","header-below-stick-meta":"","astra-migrate-meta-layouts":"set","ast-page-background-enabled":"default","ast-page-background-meta":{"desktop":{"background-color":"var(--ast-global-color-4)","background-image":"","background-repeat":"repeat","background-position":"center center","background-size":"auto","background-attachment":"scroll","background-type":"","background-media":"","overlay-type":"","overlay-color":"","overlay-opacity":"","overlay-gradient":""},"tablet":{"background-color":"","background-image":"","background-repeat":"repeat","background-position":"center center","background-size":"auto","background-attachment":"scroll","background-type":"","background-media":"","overlay-type":"","overlay-color":"","overlay-opacity":"","overlay-gradient":""},"mobile":{"background-color":"","background-image":"","background-repeat":"repeat","background-position":"center center","background-size":"auto","background-attachment":"scroll","background-type":"","background-media":"","overlay-type":"","overlay-color":"","overlay-opacity":"","overlay-gradient":""}},"ast-content-background-meta":{"desktop":{"background-color":"var(--ast-global-color-5)","background-image":"","background-repeat":"repeat","background-position":"center center","background-size":"auto","background-attachment":"scroll","background-type":"","background-media":"","overlay-type":"","overlay-color":"","overlay-opacity":"","overlay-gradient":""},"tablet":{"background-color":"var(--ast-global-color-5)","background-image":"","background-repeat":"repeat","background-position":"center center","background-size":"auto","background-attachment":"scroll","background-type":"","background-media":"","overlay-type":"","overlay-color":"","overlay-opacity":"","overlay-gradient":""},"mobile":{"background-color":"var(--ast-global-color-5)","background-image":"","background-repeat":"repeat","background-position":"center center","background-size":"auto","background-attachment":"scroll","background-type":"","background-media":"","overlay-type":"","overlay-color":"","overlay-opacity":"","overlay-gradient":""}},"ngg_post_thumbnail":0},"product_brand":[],"product_cat":[26,17],"product_tag":[341,346,440,1088,202,340,1057,337,991,338,339,377],"class_list":{"0":"post-13243","1":"product","2":"type-product","3":"status-publish","4":"has-post-thumbnail","6":"product_cat-doma","7":"product_cat-sillas","8":"product_tag-bienestarcaballo","9":"product_tag-equiscan-zaldi","10":"product_tag-silla","11":"product_tag-silla-de-doma","12":"product_tag-sillas","13":"product_tag-susanne-nagel","14":"product_tag-vegano","15":"product_tag-zaldi","16":"product_tag-zaldi-alemania","17":"product_tag-zaldi-deutschland","18":"product_tag-zaldi-online-com","19":"product_tag-zaldi-royal-doma-profunda","20":"desktop-align-left","21":"tablet-align-left","22":"mobile-align-left","24":"first","25":"instock","26":"taxable","27":"shipping-taxable","28":"purchasable","29":"product-type-variable"},"yoast_head":"<!-- This site is optimized with the Yoast SEO plugin v27.4 - https:\/\/yoast.com\/product\/yoast-seo-wordpress\/ -->\n<title>SILLA ZALDI DOMA ROYAL DOMA PROFUNDA - Zaldionline.com<\/title>\n<meta name=\"description\" content=\"Precio IVA incl.: 1555.10\u20ac Medidas:* Jinete: 16,5&quot; - 17&quot; - 17,5&quot; - 18&quot; - 19&quot;* Cruz del caballo: de 28 cm a 34 cm Colores: Negro, Marr\u00f3n, Tostado, Marr\u00f3n\/Tostado. * El bicolor Marr\u00f3n\/Tostado tiene un suplemento extra a a\u00f1adir al PVP. *Esta silla se puede fabricar con la OPCI\u00d3N TM-SYSTEM: Buscando cubrir las m\u00e1ximas expectativas de nuestros clientes, se puede solicitar con el innovador TM-System o taco-muslera incorporado. Ver referencia 001699.Ideal para todo tipo de jinetes, especialmente tambi\u00e9n muy vers\u00e1til para iniciaci\u00f3n a la doma o escuelas de equitaci\u00f3n. Existen otros modelos en este segmento pero no son fabricados mayoritariamente en Espa\u00f1a como si sucede con esta silla Zaldi, la hermana peque\u00f1a de las grandes de la marca. MEDIDAS:* Jinete 17.5&quot; (largo de 44.5 cm desde el borr\u00e9n trasero de la silla al clavo Zaldi).* Cruz del caballo: de 28 cm a 34 cm.* Peso: 7.000 Kg.* Largo del fald\u00f3n desde la estribera: 42 cm.* Largo del baste por debajo: 49 cm.* \u00c1rea de apoyo del baste sobre el lomo del caballo: 44 cm.* Rodillera: 30 cm. x 6 cm. x 4.5 cm.\u00a1 AVISO IMPORTANTE! COLORES DEL CUERO Es \u201cIMPOSIBLE\u201d conseguir que dos art\u00edculos en cuero de color avellana, tostado, marr\u00f3n o habana sean exactamente iguales. Ref. 00169\" \/>\n<meta name=\"robots\" content=\"noindex, follow, max-snippet:-1, max-image-preview:large, max-video-preview:-1\" \/>\n<meta property=\"og:locale\" content=\"es_ES\" \/>\n<meta property=\"og:type\" content=\"article\" \/>\n<meta property=\"og:title\" content=\"SILLA ZALDI DOMA ROYAL DOMA PROFUNDA - Zaldionline.com\" \/>\n<meta property=\"og:description\" content=\"Precio IVA incl.: 1555.10\u20ac Medidas:* Jinete: 16,5&quot; - 17&quot; - 17,5&quot; - 18&quot; - 19&quot;* Cruz del caballo: de 28 cm a 34 cm Colores: Negro, Marr\u00f3n, Tostado, Marr\u00f3n\/Tostado. * El bicolor Marr\u00f3n\/Tostado tiene un suplemento extra a a\u00f1adir al PVP. *Esta silla se puede fabricar con la OPCI\u00d3N TM-SYSTEM: Buscando cubrir las m\u00e1ximas expectativas de nuestros clientes, se puede solicitar con el innovador TM-System o taco-muslera incorporado. Ver referencia 001699.Ideal para todo tipo de jinetes, especialmente tambi\u00e9n muy vers\u00e1til para iniciaci\u00f3n a la doma o escuelas de equitaci\u00f3n. Existen otros modelos en este segmento pero no son fabricados mayoritariamente en Espa\u00f1a como si sucede con esta silla Zaldi, la hermana peque\u00f1a de las grandes de la marca. MEDIDAS:* Jinete 17.5&quot; (largo de 44.5 cm desde el borr\u00e9n trasero de la silla al clavo Zaldi).* Cruz del caballo: de 28 cm a 34 cm.* Peso: 7.000 Kg.* Largo del fald\u00f3n desde la estribera: 42 cm.* Largo del baste por debajo: 49 cm.* \u00c1rea de apoyo del baste sobre el lomo del caballo: 44 cm.* Rodillera: 30 cm. x 6 cm. x 4.5 cm.\u00a1 AVISO IMPORTANTE! COLORES DEL CUERO Es \u201cIMPOSIBLE\u201d conseguir que dos art\u00edculos en cuero de color avellana, tostado, marr\u00f3n o habana sean exactamente iguales. Ref. 00169\" \/>\n<meta property=\"og:url\" content=\"https:\/\/www.zaldionline.com\/es\/producto\/silla-zaldi-doma-royal-doma-profunda\/\" \/>\n<meta property=\"og:site_name\" content=\"Zaldionline.com\" \/>\n<meta property=\"article:modified_time\" content=\"2024-10-29T12:53:26+00:00\" \/>\n<meta property=\"og:image\" content=\"https:\/\/www.zaldionline.com\/es\/wp-content\/uploads\/sites\/2\/2020\/10\/Bild_2020-12-10_134353.png\" \/>\n\t<meta property=\"og:image:width\" content=\"512\" \/>\n\t<meta property=\"og:image:height\" content=\"502\" \/>\n\t<meta property=\"og:image:type\" content=\"image\/png\" \/>\n<meta name=\"twitter:card\" content=\"summary_large_image\" \/>\n<meta name=\"twitter:label1\" content=\"Tiempo de lectura\" \/>\n\t<meta name=\"twitter:data1\" content=\"2 minutos\" \/>\n<script type=\"application\/ld+json\" class=\"yoast-schema-graph\">{\"@context\":\"https:\\\/\\\/schema.org\",\"@graph\":[{\"@type\":\"WebPage\",\"@id\":\"https:\\\/\\\/www.zaldionline.com\\\/es\\\/producto\\\/silla-zaldi-doma-royal-doma-profunda\\\/\",\"url\":\"https:\\\/\\\/www.zaldionline.com\\\/es\\\/producto\\\/silla-zaldi-doma-royal-doma-profunda\\\/\",\"name\":\"SILLA ZALDI DOMA ROYAL DOMA PROFUNDA - Zaldionline.com\",\"isPartOf\":{\"@id\":\"https:\\\/\\\/www.zaldionline.com\\\/es\\\/#website\"},\"primaryImageOfPage\":{\"@id\":\"https:\\\/\\\/www.zaldionline.com\\\/es\\\/producto\\\/silla-zaldi-doma-royal-doma-profunda\\\/#primaryimage\"},\"image\":{\"@id\":\"https:\\\/\\\/www.zaldionline.com\\\/es\\\/producto\\\/silla-zaldi-doma-royal-doma-profunda\\\/#primaryimage\"},\"thumbnailUrl\":\"https:\\\/\\\/www.zaldionline.com\\\/es\\\/wp-content\\\/uploads\\\/sites\\\/2\\\/2020\\\/10\\\/Bild_2020-12-10_134353.png\",\"datePublished\":\"2020-10-23T13:57:24+00:00\",\"dateModified\":\"2024-10-29T12:53:26+00:00\",\"description\":\"Precio IVA incl.: 1555.10\u20ac Medidas:* Jinete: 16,5\\\" - 17\\\" - 17,5\\\" - 18\\\" - 19\\\"* Cruz del caballo: de 28 cm a 34 cm Colores: Negro, Marr\u00f3n, Tostado, Marr\u00f3n\\\/Tostado. * El bicolor Marr\u00f3n\\\/Tostado tiene un suplemento extra a a\u00f1adir al PVP. *Esta silla se puede fabricar con la OPCI\u00d3N TM-SYSTEM: Buscando cubrir las m\u00e1ximas expectativas de nuestros clientes, se puede solicitar con el innovador TM-System o taco-muslera incorporado. Ver referencia 001699.Ideal para todo tipo de jinetes, especialmente tambi\u00e9n muy vers\u00e1til para iniciaci\u00f3n a la doma o escuelas de equitaci\u00f3n. Existen otros modelos en este segmento pero no son fabricados mayoritariamente en Espa\u00f1a como si sucede con esta silla Zaldi, la hermana peque\u00f1a de las grandes de la marca. MEDIDAS:* Jinete 17.5\\\" (largo de 44.5 cm desde el borr\u00e9n trasero de la silla al clavo Zaldi).* Cruz del caballo: de 28 cm a 34 cm.* Peso: 7.000 Kg.* Largo del fald\u00f3n desde la estribera: 42 cm.* Largo del baste por debajo: 49 cm.* \u00c1rea de apoyo del baste sobre el lomo del caballo: 44 cm.* Rodillera: 30 cm. x 6 cm. x 4.5 cm.\u00a1 AVISO IMPORTANTE! COLORES DEL CUERO Es \u201cIMPOSIBLE\u201d conseguir que dos art\u00edculos en cuero de color avellana, tostado, marr\u00f3n o habana sean exactamente iguales. Ref. 00169\",\"breadcrumb\":{\"@id\":\"https:\\\/\\\/www.zaldionline.com\\\/es\\\/producto\\\/silla-zaldi-doma-royal-doma-profunda\\\/#breadcrumb\"},\"inLanguage\":\"es\",\"potentialAction\":[{\"@type\":\"ReadAction\",\"target\":[\"https:\\\/\\\/www.zaldionline.com\\\/es\\\/producto\\\/silla-zaldi-doma-royal-doma-profunda\\\/\"]}]},{\"@type\":\"ImageObject\",\"inLanguage\":\"es\",\"@id\":\"https:\\\/\\\/www.zaldionline.com\\\/es\\\/producto\\\/silla-zaldi-doma-royal-doma-profunda\\\/#primaryimage\",\"url\":\"https:\\\/\\\/www.zaldionline.com\\\/es\\\/wp-content\\\/uploads\\\/sites\\\/2\\\/2020\\\/10\\\/Bild_2020-12-10_134353.png\",\"contentUrl\":\"https:\\\/\\\/www.zaldionline.com\\\/es\\\/wp-content\\\/uploads\\\/sites\\\/2\\\/2020\\\/10\\\/Bild_2020-12-10_134353.png\",\"width\":512,\"height\":502},{\"@type\":\"BreadcrumbList\",\"@id\":\"https:\\\/\\\/www.zaldionline.com\\\/es\\\/producto\\\/silla-zaldi-doma-royal-doma-profunda\\\/#breadcrumb\",\"itemListElement\":[{\"@type\":\"ListItem\",\"position\":1,\"name\":\"Portada\",\"item\":\"https:\\\/\\\/www.zaldionline.com\\\/es\\\/\"},{\"@type\":\"ListItem\",\"position\":2,\"name\":\"Sillas y accesorios\",\"item\":\"https:\\\/\\\/www.zaldionline.com\\\/es\\\/sillas-y-accesorios\\\/\"},{\"@type\":\"ListItem\",\"position\":3,\"name\":\"SILLA ZALDI DOMA ROYAL DOMA PROFUNDA\"}]},{\"@type\":\"WebSite\",\"@id\":\"https:\\\/\\\/www.zaldionline.com\\\/es\\\/#website\",\"url\":\"https:\\\/\\\/www.zaldionline.com\\\/es\\\/\",\"name\":\"Zaldionline.com\",\"description\":\"Los mejores productos para usted y su caballo\",\"potentialAction\":[{\"@type\":\"SearchAction\",\"target\":{\"@type\":\"EntryPoint\",\"urlTemplate\":\"https:\\\/\\\/www.zaldionline.com\\\/es\\\/?s={search_term_string}\"},\"query-input\":{\"@type\":\"PropertyValueSpecification\",\"valueRequired\":true,\"valueName\":\"search_term_string\"}}],\"inLanguage\":\"es\"}]}<\/script>\n<!-- \/ Yoast SEO plugin. -->","yoast_head_json":{"title":"SILLA ZALDI DOMA ROYAL DOMA PROFUNDA - Zaldionline.com","description":"Precio IVA incl.: 1555.10\u20ac Medidas:* Jinete: 16,5\" - 17\" - 17,5\" - 18\" - 19\"* Cruz del caballo: de 28 cm a 34 cm Colores: Negro, Marr\u00f3n, Tostado, Marr\u00f3n\/Tostado. * El bicolor Marr\u00f3n\/Tostado tiene un suplemento extra a a\u00f1adir al PVP. *Esta silla se puede fabricar con la OPCI\u00d3N TM-SYSTEM: Buscando cubrir las m\u00e1ximas expectativas de nuestros clientes, se puede solicitar con el innovador TM-System o taco-muslera incorporado. Ver referencia 001699.Ideal para todo tipo de jinetes, especialmente tambi\u00e9n muy vers\u00e1til para iniciaci\u00f3n a la doma o escuelas de equitaci\u00f3n. Existen otros modelos en este segmento pero no son fabricados mayoritariamente en Espa\u00f1a como si sucede con esta silla Zaldi, la hermana peque\u00f1a de las grandes de la marca. MEDIDAS:* Jinete 17.5\" (largo de 44.5 cm desde el borr\u00e9n trasero de la silla al clavo Zaldi).* Cruz del caballo: de 28 cm a 34 cm.* Peso: 7.000 Kg.* Largo del fald\u00f3n desde la estribera: 42 cm.* Largo del baste por debajo: 49 cm.* \u00c1rea de apoyo del baste sobre el lomo del caballo: 44 cm.* Rodillera: 30 cm. x 6 cm. x 4.5 cm.\u00a1 AVISO IMPORTANTE! COLORES DEL CUERO Es \u201cIMPOSIBLE\u201d conseguir que dos art\u00edculos en cuero de color avellana, tostado, marr\u00f3n o habana sean exactamente iguales. Ref. 00169","robots":{"index":"noindex","follow":"follow","max-snippet":"max-snippet:-1","max-image-preview":"max-image-preview:large","max-video-preview":"max-video-preview:-1"},"og_locale":"es_ES","og_type":"article","og_title":"SILLA ZALDI DOMA ROYAL DOMA PROFUNDA - Zaldionline.com","og_description":"Precio IVA incl.: 1555.10\u20ac Medidas:* Jinete: 16,5\" - 17\" - 17,5\" - 18\" - 19\"* Cruz del caballo: de 28 cm a 34 cm Colores: Negro, Marr\u00f3n, Tostado, Marr\u00f3n\/Tostado. * El bicolor Marr\u00f3n\/Tostado tiene un suplemento extra a a\u00f1adir al PVP. *Esta silla se puede fabricar con la OPCI\u00d3N TM-SYSTEM: Buscando cubrir las m\u00e1ximas expectativas de nuestros clientes, se puede solicitar con el innovador TM-System o taco-muslera incorporado. Ver referencia 001699.Ideal para todo tipo de jinetes, especialmente tambi\u00e9n muy vers\u00e1til para iniciaci\u00f3n a la doma o escuelas de equitaci\u00f3n. Existen otros modelos en este segmento pero no son fabricados mayoritariamente en Espa\u00f1a como si sucede con esta silla Zaldi, la hermana peque\u00f1a de las grandes de la marca. MEDIDAS:* Jinete 17.5\" (largo de 44.5 cm desde el borr\u00e9n trasero de la silla al clavo Zaldi).* Cruz del caballo: de 28 cm a 34 cm.* Peso: 7.000 Kg.* Largo del fald\u00f3n desde la estribera: 42 cm.* Largo del baste por debajo: 49 cm.* \u00c1rea de apoyo del baste sobre el lomo del caballo: 44 cm.* Rodillera: 30 cm. x 6 cm. x 4.5 cm.\u00a1 AVISO IMPORTANTE! COLORES DEL CUERO Es \u201cIMPOSIBLE\u201d conseguir que dos art\u00edculos en cuero de color avellana, tostado, marr\u00f3n o habana sean exactamente iguales. Ref. 00169","og_url":"https:\/\/www.zaldionline.com\/es\/producto\/silla-zaldi-doma-royal-doma-profunda\/","og_site_name":"Zaldionline.com","article_modified_time":"2024-10-29T12:53:26+00:00","og_image":[{"width":512,"height":502,"url":"https:\/\/www.zaldionline.com\/es\/wp-content\/uploads\/sites\/2\/2020\/10\/Bild_2020-12-10_134353.png","type":"image\/png"}],"twitter_card":"summary_large_image","twitter_misc":{"Tiempo de lectura":"2 minutos"},"schema":{"@context":"https:\/\/schema.org","@graph":[{"@type":"WebPage","@id":"https:\/\/www.zaldionline.com\/es\/producto\/silla-zaldi-doma-royal-doma-profunda\/","url":"https:\/\/www.zaldionline.com\/es\/producto\/silla-zaldi-doma-royal-doma-profunda\/","name":"SILLA ZALDI DOMA ROYAL DOMA PROFUNDA - Zaldionline.com","isPartOf":{"@id":"https:\/\/www.zaldionline.com\/es\/#website"},"primaryImageOfPage":{"@id":"https:\/\/www.zaldionline.com\/es\/producto\/silla-zaldi-doma-royal-doma-profunda\/#primaryimage"},"image":{"@id":"https:\/\/www.zaldionline.com\/es\/producto\/silla-zaldi-doma-royal-doma-profunda\/#primaryimage"},"thumbnailUrl":"https:\/\/www.zaldionline.com\/es\/wp-content\/uploads\/sites\/2\/2020\/10\/Bild_2020-12-10_134353.png","datePublished":"2020-10-23T13:57:24+00:00","dateModified":"2024-10-29T12:53:26+00:00","description":"Precio IVA incl.: 1555.10\u20ac Medidas:* Jinete: 16,5\" - 17\" - 17,5\" - 18\" - 19\"* Cruz del caballo: de 28 cm a 34 cm Colores: Negro, Marr\u00f3n, Tostado, Marr\u00f3n\/Tostado. * El bicolor Marr\u00f3n\/Tostado tiene un suplemento extra a a\u00f1adir al PVP. *Esta silla se puede fabricar con la OPCI\u00d3N TM-SYSTEM: Buscando cubrir las m\u00e1ximas expectativas de nuestros clientes, se puede solicitar con el innovador TM-System o taco-muslera incorporado. Ver referencia 001699.Ideal para todo tipo de jinetes, especialmente tambi\u00e9n muy vers\u00e1til para iniciaci\u00f3n a la doma o escuelas de equitaci\u00f3n. Existen otros modelos en este segmento pero no son fabricados mayoritariamente en Espa\u00f1a como si sucede con esta silla Zaldi, la hermana peque\u00f1a de las grandes de la marca. MEDIDAS:* Jinete 17.5\" (largo de 44.5 cm desde el borr\u00e9n trasero de la silla al clavo Zaldi).* Cruz del caballo: de 28 cm a 34 cm.* Peso: 7.000 Kg.* Largo del fald\u00f3n desde la estribera: 42 cm.* Largo del baste por debajo: 49 cm.* \u00c1rea de apoyo del baste sobre el lomo del caballo: 44 cm.* Rodillera: 30 cm. x 6 cm. x 4.5 cm.\u00a1 AVISO IMPORTANTE! COLORES DEL CUERO Es \u201cIMPOSIBLE\u201d conseguir que dos art\u00edculos en cuero de color avellana, tostado, marr\u00f3n o habana sean exactamente iguales. Ref. 00169","breadcrumb":{"@id":"https:\/\/www.zaldionline.com\/es\/producto\/silla-zaldi-doma-royal-doma-profunda\/#breadcrumb"},"inLanguage":"es","potentialAction":[{"@type":"ReadAction","target":["https:\/\/www.zaldionline.com\/es\/producto\/silla-zaldi-doma-royal-doma-profunda\/"]}]},{"@type":"ImageObject","inLanguage":"es","@id":"https:\/\/www.zaldionline.com\/es\/producto\/silla-zaldi-doma-royal-doma-profunda\/#primaryimage","url":"https:\/\/www.zaldionline.com\/es\/wp-content\/uploads\/sites\/2\/2020\/10\/Bild_2020-12-10_134353.png","contentUrl":"https:\/\/www.zaldionline.com\/es\/wp-content\/uploads\/sites\/2\/2020\/10\/Bild_2020-12-10_134353.png","width":512,"height":502},{"@type":"BreadcrumbList","@id":"https:\/\/www.zaldionline.com\/es\/producto\/silla-zaldi-doma-royal-doma-profunda\/#breadcrumb","itemListElement":[{"@type":"ListItem","position":1,"name":"Portada","item":"https:\/\/www.zaldionline.com\/es\/"},{"@type":"ListItem","position":2,"name":"Sillas y accesorios","item":"https:\/\/www.zaldionline.com\/es\/sillas-y-accesorios\/"},{"@type":"ListItem","position":3,"name":"SILLA ZALDI DOMA ROYAL DOMA PROFUNDA"}]},{"@type":"WebSite","@id":"https:\/\/www.zaldionline.com\/es\/#website","url":"https:\/\/www.zaldionline.com\/es\/","name":"Zaldionline.com","description":"Los mejores productos para usted y su caballo","potentialAction":[{"@type":"SearchAction","target":{"@type":"EntryPoint","urlTemplate":"https:\/\/www.zaldionline.com\/es\/?s={search_term_string}"},"query-input":{"@type":"PropertyValueSpecification","valueRequired":true,"valueName":"search_term_string"}}],"inLanguage":"es"}]}},"_links":{"self":[{"href":"https:\/\/www.zaldionline.com\/es\/wp-json\/wp\/v2\/product\/13243","targetHints":{"allow":["GET"]}}],"collection":[{"href":"https:\/\/www.zaldionline.com\/es\/wp-json\/wp\/v2\/product"}],"about":[{"href":"https:\/\/www.zaldionline.com\/es\/wp-json\/wp\/v2\/types\/product"}],"replies":[{"embeddable":true,"href":"https:\/\/www.zaldionline.com\/es\/wp-json\/wp\/v2\/comments?post=13243"}],"version-history":[{"count":5,"href":"https:\/\/www.zaldionline.com\/es\/wp-json\/wp\/v2\/product\/13243\/revisions"}],"predecessor-version":[{"id":24341,"href":"https:\/\/www.zaldionline.com\/es\/wp-json\/wp\/v2\/product\/13243\/revisions\/24341"}],"wp:featuredmedia":[{"embeddable":true,"href":"https:\/\/www.zaldionline.com\/es\/wp-json\/wp\/v2\/media\/17324"}],"wp:attachment":[{"href":"https:\/\/www.zaldionline.com\/es\/wp-json\/wp\/v2\/media?parent=13243"}],"wp:term":[{"taxonomy":"product_brand","embeddable":true,"href":"https:\/\/www.zaldionline.com\/es\/wp-json\/wp\/v2\/product_brand?post=13243"},{"taxonomy":"product_cat","embeddable":true,"href":"https:\/\/www.zaldionline.com\/es\/wp-json\/wp\/v2\/product_cat?post=13243"},{"taxonomy":"product_tag","embeddable":true,"href":"https:\/\/www.zaldionline.com\/es\/wp-json\/wp\/v2\/product_tag?post=13243"}],"curies":[{"name":"wp","href":"https:\/\/api.w.org\/{rel}","templated":true}]}}