{"id":13327,"date":"2020-10-23T14:56:45","date_gmt":"2020-10-23T14:56:45","guid":{"rendered":"https:\/\/zaldionline.com\/?post_type=product&#038;p=13327"},"modified":"2024-10-29T12:47:29","modified_gmt":"2024-10-29T12:47:29","slug":"silla-zaldi-doma-royal-police-doma","status":"publish","type":"product","link":"https:\/\/www.zaldionline.com\/es\/producto\/silla-zaldi-doma-royal-police-doma\/","title":{"rendered":"SILLA ZALDI DOMA ROYAL POLICE DOMA"},"content":{"rendered":"\t\t<div data-elementor-type=\"wp-post\" data-elementor-id=\"13327\" class=\"elementor elementor-13327\">\n\t\t\t\t\t\t<section class=\"elementor-section elementor-top-section elementor-element elementor-element-8a2b3b1 elementor-section-boxed elementor-section-height-default elementor-section-height-default\" data-id=\"8a2b3b1\" data-element_type=\"section\" data-e-type=\"section\">\n\t\t\t\t\t\t<div class=\"elementor-container elementor-column-gap-default\">\n\t\t\t\t\t<div class=\"elementor-column elementor-col-100 elementor-top-column elementor-element elementor-element-36400045\" data-id=\"36400045\" data-element_type=\"column\" data-e-type=\"column\">\n\t\t\t<div class=\"elementor-widget-wrap elementor-element-populated\">\n\t\t\t\t\t\t<div class=\"elementor-element elementor-element-2faf8b8 elementor-widget elementor-widget-text-editor\" data-id=\"2faf8b8\" data-element_type=\"widget\" data-e-type=\"widget\" data-widget_type=\"text-editor.default\">\n\t\t\t\t<div class=\"elementor-widget-container\">\n\t\t\t\t\t\t\t\t\t<p>Precio IVA incl.<\/p><p>ROYAL POLICE DOMA Vers\u00e1til, segura y c\u00f3moda.<br \/><br \/>Adem\u00e1s de una relaci\u00f3n calidad precio incuestionable, esta silla re\u00fane cualidades que marcan la diferencia entre las sillas de uso general y doma; combinando ambas. Cuero de calidad, armadura flexible, dise\u00f1o ergon\u00f3mico&#8230; se traducen en libertad de movimiento, contacto con el caballo, comodidad, seguridad y confianza.<br \/><br \/><br \/>Seguridad y comodidad.<br \/><br \/><br \/>Debido a su doble asiento acolchado de goma l\u00e1tex, esta silla es verdaderamente la m\u00e1s c\u00f3moda, se ha estudiado un dise\u00f1o espec\u00edficamente realizado para situaciones de muchas horas encima del caballo.<br \/><br \/>Gran sujeci\u00f3n jinete-caballo gracias al apoyo del taco exterior que coloca al jinete en una situaci\u00f3n c\u00f3moda y a la vez con una gran sujeci\u00f3n y contacto con el caballo. Esta postura hace que el jinete siempre se equilibre aun en situaciones de gran movimiento, muy din\u00e1micas e incluso en giros violentos. Muchos cuerpos de seguridad institucionales y jinetes de todo el mundo apuestan por ella.<br \/><br \/><br \/><br \/>Caracter\u00edsticas t\u00e9cnicas.<br \/><br \/>* Faldones fabricados con cuero crup\u00f3n (4 mm.) de calidad 1\u00aa extra (extra duraci\u00f3n).<br \/>* Bastes de goma.<br \/>* Asiento doble acolchado de goma l\u00e1tex (extra comodidad).<br \/>* Realizada en pieles europeas de crup\u00f3n y boxcalf seleccionadas.<br \/>* Fald\u00f3n: largo de doma.<br \/>* Rodillera\/Taco exterior (extra seguridad).<br \/>* Armadura fabricada en materiales especiales, con la tecnolog\u00eda m\u00e1s avanzada. Garant\u00eda de 10 a\u00f1os.<br \/>* Estriberas inoxidables de seguridad.<br \/>* Latiguillos largos.<br \/><br \/>Medidas<br \/><br \/>* Jinete: 16&#8243;, 16\u00b45&#8243;, 17&#8243;, 17\u00b45&#8243;, 18&#8243;<br \/>* Cruz del caballo: de 28 cm. a 36 cm.<br \/><br \/>Colores: Actualmente adem\u00e1s de los cl\u00e1sicos colores negro, marr\u00f3n, habana, avellana, tostado; se pueden realizar m\u00faltiples combinaciones en colores de cuero, hilos, vivos, burletes\u2026 Seg\u00fan las necesidades propias de cada cuerpo de seguridad.<br \/><br \/>OPCIONAL: Puede encargar esta silla Zaldi con m\u00e1s piquetes delanteros o traseros, para alforjas o pechopetrales y distintas necesidades tanto para seguridad (escudos u otros elementos) como elementos policiales o de seguridad necesarios.<br \/><br \/>MEDIDAS:<br \/><br \/>* Jinete 17\u00b45&#8243; (largo de 44 cm. desde el borr\u00e9n trasero de la silla al clavo Zaldi).<br \/>* Cruz del caballo: de 28 cm. a 34 cm.<br \/>* Peso: 7.00 Kg.<br \/>* Largo del fald\u00f3n desde la estribera: 46 cm.<br \/>* Largo del baste por debajo: 49 cm.<br \/>* \u00c1rea de apoyo del baste sobre el lomo del caballo: 44 cm.<br \/>* Rodillera mediana: 30 cm. x 6 cm. x 4.5 cm.<\/p><p><strong>\u00a1AVISO IMPORTANTE!<\/strong><\/p><p><strong>COLORES DEL CUERO<\/strong><\/p><p><strong>Es \u201cIMPOSIBLE\u201d conseguir que dos art\u00edculos en cuero de color avellana, tostado, marr\u00f3n o habana sean exactamente iguales.<\/strong><\/p><p>Ref.: 00178<\/p>\t\t\t\t\t\t\t\t<\/div>\n\t\t\t\t<\/div>\n\t\t\t\t\t<\/div>\n\t\t<\/div>\n\t\t\t\t\t<\/div>\n\t\t<\/section>\n\t\t\t\t<\/div>\n\t\t","protected":false},"excerpt":{"rendered":"<p>Precio IVA incl. ROYAL POLICE DOMA Vers\u00e1til, segura y c\u00f3moda. Adem\u00e1s de una relaci\u00f3n calidad precio incuestionable, esta silla re\u00fane cualidades que marcan la diferencia entre las sillas de uso general y doma; combinando ambas. Cuero de calidad, armadura flexible, dise\u00f1o ergon\u00f3mico&#8230; se traducen en libertad de movimiento, contacto con el caballo, comodidad, seguridad y [&hellip;]<\/p>\n","protected":false},"featured_media":17321,"comment_status":"open","ping_status":"closed","template":"","meta":{"site-sidebar-layout":"default","site-content-layout":"","ast-site-content-layout":"default","site-content-style":"default","site-sidebar-style":"default","ast-global-header-display":"","ast-banner-title-visibility":"","ast-main-header-display":"","ast-hfb-above-header-display":"","ast-hfb-below-header-display":"","ast-hfb-mobile-header-display":"","site-post-title":"","ast-breadcrumbs-content":"","ast-featured-img":"","footer-sml-layout":"","ast-disable-related-posts":"","theme-transparent-header-meta":"default","adv-header-id-meta":"","stick-header-meta":"","header-above-stick-meta":"","header-main-stick-meta":"","header-below-stick-meta":"","astra-migrate-meta-layouts":"set","ast-page-background-enabled":"default","ast-page-background-meta":{"desktop":{"background-color":"var(--ast-global-color-4)","background-image":"","background-repeat":"repeat","background-position":"center center","background-size":"auto","background-attachment":"scroll","background-type":"","background-media":"","overlay-type":"","overlay-color":"","overlay-opacity":"","overlay-gradient":""},"tablet":{"background-color":"","background-image":"","background-repeat":"repeat","background-position":"center center","background-size":"auto","background-attachment":"scroll","background-type":"","background-media":"","overlay-type":"","overlay-color":"","overlay-opacity":"","overlay-gradient":""},"mobile":{"background-color":"","background-image":"","background-repeat":"repeat","background-position":"center center","background-size":"auto","background-attachment":"scroll","background-type":"","background-media":"","overlay-type":"","overlay-color":"","overlay-opacity":"","overlay-gradient":""}},"ast-content-background-meta":{"desktop":{"background-color":"var(--ast-global-color-5)","background-image":"","background-repeat":"repeat","background-position":"center center","background-size":"auto","background-attachment":"scroll","background-type":"","background-media":"","overlay-type":"","overlay-color":"","overlay-opacity":"","overlay-gradient":""},"tablet":{"background-color":"var(--ast-global-color-5)","background-image":"","background-repeat":"repeat","background-position":"center center","background-size":"auto","background-attachment":"scroll","background-type":"","background-media":"","overlay-type":"","overlay-color":"","overlay-opacity":"","overlay-gradient":""},"mobile":{"background-color":"var(--ast-global-color-5)","background-image":"","background-repeat":"repeat","background-position":"center center","background-size":"auto","background-attachment":"scroll","background-type":"","background-media":"","overlay-type":"","overlay-color":"","overlay-opacity":"","overlay-gradient":""}},"ngg_post_thumbnail":0},"product_brand":[],"product_cat":[26,17],"product_tag":[341,346,440,410,1088,202,340,1057,337,991,338,339,376],"class_list":{"0":"post-13327","1":"product","2":"type-product","3":"status-publish","4":"has-post-thumbnail","6":"product_cat-doma","7":"product_cat-sillas","8":"product_tag-bienestarcaballo","9":"product_tag-equiscan-zaldi","10":"product_tag-silla","11":"product_tag-silla-custom","12":"product_tag-silla-de-doma","13":"product_tag-sillas","14":"product_tag-susanne-nagel","15":"product_tag-vegano","16":"product_tag-zaldi","17":"product_tag-zaldi-alemania","18":"product_tag-zaldi-deutschland","19":"product_tag-zaldi-online-com","20":"product_tag-zaldi-royal-police-doma","21":"desktop-align-left","22":"tablet-align-left","23":"mobile-align-left","25":"first","26":"instock","27":"taxable","28":"shipping-taxable","29":"purchasable","30":"product-type-variable"},"yoast_head":"<!-- This site is optimized with the Yoast SEO plugin v27.4 - https:\/\/yoast.com\/product\/yoast-seo-wordpress\/ -->\n<title>SILLA ZALDI DOMA ROYAL POLICE DOMA - Zaldionline.com<\/title>\n<meta name=\"description\" content=\"Precio IVA incl.: 1555.10\u20ac ROYAL POLICE DOMA Vers\u00e1til, segura y c\u00f3moda. Medidas* Jinete: 16&quot;, 16\u00b45&quot;, 17&quot;, 17\u00b45&quot;, 18&quot;* Cruz del caballo: de 28 cm. a 36 cm. Colores: Actualmente adem\u00e1s de los cl\u00e1sicos colores negro, marr\u00f3n, habana, avellana, tostado; se pueden realizar m\u00faltiples combinaciones en colores de cuero, hilos, vivos, burletes\u2026 Seg\u00fan las necesidades propias de cada cuerpo de seguridad. OPCIONAL: Puede encargar esta silla Zaldi con m\u00e1s piquetes delanteros o traseros, para alforjas o pechopetrales y distintas necesidades tanto para seguridad (escudos u otros elementos) como elementos policiales o de seguridad necesarios. MEDIDAS:* Jinete 17\u00b45&quot; (largo de 44 cm. desde el borr\u00e9n trasero de la silla al clavo Zaldi).* Cruz del caballo: de 28 cm. a 34 cm.* Peso: 7.00 Kg.* Largo del fald\u00f3n desde la estribera: 46 cm.* Largo del baste por debajo: 49 cm.* \u00c1rea de apoyo del baste sobre el lomo del caballo: 44 cm.* Rodillera mediana: 30 cm. x 6 cm. x 4.5 cm. \u00a1AVISO IMPORTANTE! COLORES DEL CUERO Es \u201cIMPOSIBLE\u201d conseguir que dos art\u00edculos en cuero de color avellana, tostado, marr\u00f3n o habana sean exactamente iguales. Ref. 00178\" \/>\n<meta name=\"robots\" content=\"noindex, follow, max-snippet:-1, max-image-preview:large, max-video-preview:-1\" \/>\n<meta property=\"og:locale\" content=\"es_ES\" \/>\n<meta property=\"og:type\" content=\"article\" \/>\n<meta property=\"og:title\" content=\"SILLA ZALDI DOMA ROYAL POLICE DOMA - Zaldionline.com\" \/>\n<meta property=\"og:description\" content=\"Precio IVA incl.: 1555.10\u20ac ROYAL POLICE DOMA Vers\u00e1til, segura y c\u00f3moda. Medidas* Jinete: 16&quot;, 16\u00b45&quot;, 17&quot;, 17\u00b45&quot;, 18&quot;* Cruz del caballo: de 28 cm. a 36 cm. Colores: Actualmente adem\u00e1s de los cl\u00e1sicos colores negro, marr\u00f3n, habana, avellana, tostado; se pueden realizar m\u00faltiples combinaciones en colores de cuero, hilos, vivos, burletes\u2026 Seg\u00fan las necesidades propias de cada cuerpo de seguridad. OPCIONAL: Puede encargar esta silla Zaldi con m\u00e1s piquetes delanteros o traseros, para alforjas o pechopetrales y distintas necesidades tanto para seguridad (escudos u otros elementos) como elementos policiales o de seguridad necesarios. MEDIDAS:* Jinete 17\u00b45&quot; (largo de 44 cm. desde el borr\u00e9n trasero de la silla al clavo Zaldi).* Cruz del caballo: de 28 cm. a 34 cm.* Peso: 7.00 Kg.* Largo del fald\u00f3n desde la estribera: 46 cm.* Largo del baste por debajo: 49 cm.* \u00c1rea de apoyo del baste sobre el lomo del caballo: 44 cm.* Rodillera mediana: 30 cm. x 6 cm. x 4.5 cm. \u00a1AVISO IMPORTANTE! COLORES DEL CUERO Es \u201cIMPOSIBLE\u201d conseguir que dos art\u00edculos en cuero de color avellana, tostado, marr\u00f3n o habana sean exactamente iguales. Ref. 00178\" \/>\n<meta property=\"og:url\" content=\"https:\/\/www.zaldionline.com\/es\/producto\/silla-zaldi-doma-royal-police-doma\/\" \/>\n<meta property=\"og:site_name\" content=\"Zaldionline.com\" \/>\n<meta property=\"article:modified_time\" content=\"2024-10-29T12:47:29+00:00\" \/>\n<meta property=\"og:image\" content=\"https:\/\/www.zaldionline.com\/es\/wp-content\/uploads\/sites\/2\/2020\/10\/Bild_2020-12-10_134008.png\" \/>\n\t<meta property=\"og:image:width\" content=\"514\" \/>\n\t<meta property=\"og:image:height\" content=\"509\" \/>\n\t<meta property=\"og:image:type\" content=\"image\/png\" \/>\n<meta name=\"twitter:card\" content=\"summary_large_image\" \/>\n<meta name=\"twitter:label1\" content=\"Tiempo de lectura\" \/>\n\t<meta name=\"twitter:data1\" content=\"3 minutos\" \/>\n<script type=\"application\/ld+json\" class=\"yoast-schema-graph\">{\"@context\":\"https:\\\/\\\/schema.org\",\"@graph\":[{\"@type\":\"WebPage\",\"@id\":\"https:\\\/\\\/www.zaldionline.com\\\/es\\\/producto\\\/silla-zaldi-doma-royal-police-doma\\\/\",\"url\":\"https:\\\/\\\/www.zaldionline.com\\\/es\\\/producto\\\/silla-zaldi-doma-royal-police-doma\\\/\",\"name\":\"SILLA ZALDI DOMA ROYAL POLICE DOMA - Zaldionline.com\",\"isPartOf\":{\"@id\":\"https:\\\/\\\/www.zaldionline.com\\\/es\\\/#website\"},\"primaryImageOfPage\":{\"@id\":\"https:\\\/\\\/www.zaldionline.com\\\/es\\\/producto\\\/silla-zaldi-doma-royal-police-doma\\\/#primaryimage\"},\"image\":{\"@id\":\"https:\\\/\\\/www.zaldionline.com\\\/es\\\/producto\\\/silla-zaldi-doma-royal-police-doma\\\/#primaryimage\"},\"thumbnailUrl\":\"https:\\\/\\\/www.zaldionline.com\\\/es\\\/wp-content\\\/uploads\\\/sites\\\/2\\\/2020\\\/10\\\/Bild_2020-12-10_134008.png\",\"datePublished\":\"2020-10-23T14:56:45+00:00\",\"dateModified\":\"2024-10-29T12:47:29+00:00\",\"description\":\"Precio IVA incl.: 1555.10\u20ac ROYAL POLICE DOMA Vers\u00e1til, segura y c\u00f3moda. Medidas* Jinete: 16\\\", 16\u00b45\\\", 17\\\", 17\u00b45\\\", 18\\\"* Cruz del caballo: de 28 cm. a 36 cm. Colores: Actualmente adem\u00e1s de los cl\u00e1sicos colores negro, marr\u00f3n, habana, avellana, tostado; se pueden realizar m\u00faltiples combinaciones en colores de cuero, hilos, vivos, burletes\u2026 Seg\u00fan las necesidades propias de cada cuerpo de seguridad. OPCIONAL: Puede encargar esta silla Zaldi con m\u00e1s piquetes delanteros o traseros, para alforjas o pechopetrales y distintas necesidades tanto para seguridad (escudos u otros elementos) como elementos policiales o de seguridad necesarios. MEDIDAS:* Jinete 17\u00b45\\\" (largo de 44 cm. desde el borr\u00e9n trasero de la silla al clavo Zaldi).* Cruz del caballo: de 28 cm. a 34 cm.* Peso: 7.00 Kg.* Largo del fald\u00f3n desde la estribera: 46 cm.* Largo del baste por debajo: 49 cm.* \u00c1rea de apoyo del baste sobre el lomo del caballo: 44 cm.* Rodillera mediana: 30 cm. x 6 cm. x 4.5 cm. \u00a1AVISO IMPORTANTE! COLORES DEL CUERO Es \u201cIMPOSIBLE\u201d conseguir que dos art\u00edculos en cuero de color avellana, tostado, marr\u00f3n o habana sean exactamente iguales. Ref. 00178\",\"breadcrumb\":{\"@id\":\"https:\\\/\\\/www.zaldionline.com\\\/es\\\/producto\\\/silla-zaldi-doma-royal-police-doma\\\/#breadcrumb\"},\"inLanguage\":\"es\",\"potentialAction\":[{\"@type\":\"ReadAction\",\"target\":[\"https:\\\/\\\/www.zaldionline.com\\\/es\\\/producto\\\/silla-zaldi-doma-royal-police-doma\\\/\"]}]},{\"@type\":\"ImageObject\",\"inLanguage\":\"es\",\"@id\":\"https:\\\/\\\/www.zaldionline.com\\\/es\\\/producto\\\/silla-zaldi-doma-royal-police-doma\\\/#primaryimage\",\"url\":\"https:\\\/\\\/www.zaldionline.com\\\/es\\\/wp-content\\\/uploads\\\/sites\\\/2\\\/2020\\\/10\\\/Bild_2020-12-10_134008.png\",\"contentUrl\":\"https:\\\/\\\/www.zaldionline.com\\\/es\\\/wp-content\\\/uploads\\\/sites\\\/2\\\/2020\\\/10\\\/Bild_2020-12-10_134008.png\",\"width\":514,\"height\":509},{\"@type\":\"BreadcrumbList\",\"@id\":\"https:\\\/\\\/www.zaldionline.com\\\/es\\\/producto\\\/silla-zaldi-doma-royal-police-doma\\\/#breadcrumb\",\"itemListElement\":[{\"@type\":\"ListItem\",\"position\":1,\"name\":\"Portada\",\"item\":\"https:\\\/\\\/www.zaldionline.com\\\/es\\\/\"},{\"@type\":\"ListItem\",\"position\":2,\"name\":\"Sillas y accesorios\",\"item\":\"https:\\\/\\\/www.zaldionline.com\\\/es\\\/sillas-y-accesorios\\\/\"},{\"@type\":\"ListItem\",\"position\":3,\"name\":\"SILLA ZALDI DOMA ROYAL POLICE DOMA\"}]},{\"@type\":\"WebSite\",\"@id\":\"https:\\\/\\\/www.zaldionline.com\\\/es\\\/#website\",\"url\":\"https:\\\/\\\/www.zaldionline.com\\\/es\\\/\",\"name\":\"Zaldionline.com\",\"description\":\"Los mejores productos para usted y su caballo\",\"potentialAction\":[{\"@type\":\"SearchAction\",\"target\":{\"@type\":\"EntryPoint\",\"urlTemplate\":\"https:\\\/\\\/www.zaldionline.com\\\/es\\\/?s={search_term_string}\"},\"query-input\":{\"@type\":\"PropertyValueSpecification\",\"valueRequired\":true,\"valueName\":\"search_term_string\"}}],\"inLanguage\":\"es\"}]}<\/script>\n<!-- \/ Yoast SEO plugin. -->","yoast_head_json":{"title":"SILLA ZALDI DOMA ROYAL POLICE DOMA - Zaldionline.com","description":"Precio IVA incl.: 1555.10\u20ac ROYAL POLICE DOMA Vers\u00e1til, segura y c\u00f3moda. Medidas* Jinete: 16\", 16\u00b45\", 17\", 17\u00b45\", 18\"* Cruz del caballo: de 28 cm. a 36 cm. Colores: Actualmente adem\u00e1s de los cl\u00e1sicos colores negro, marr\u00f3n, habana, avellana, tostado; se pueden realizar m\u00faltiples combinaciones en colores de cuero, hilos, vivos, burletes\u2026 Seg\u00fan las necesidades propias de cada cuerpo de seguridad. OPCIONAL: Puede encargar esta silla Zaldi con m\u00e1s piquetes delanteros o traseros, para alforjas o pechopetrales y distintas necesidades tanto para seguridad (escudos u otros elementos) como elementos policiales o de seguridad necesarios. MEDIDAS:* Jinete 17\u00b45\" (largo de 44 cm. desde el borr\u00e9n trasero de la silla al clavo Zaldi).* Cruz del caballo: de 28 cm. a 34 cm.* Peso: 7.00 Kg.* Largo del fald\u00f3n desde la estribera: 46 cm.* Largo del baste por debajo: 49 cm.* \u00c1rea de apoyo del baste sobre el lomo del caballo: 44 cm.* Rodillera mediana: 30 cm. x 6 cm. x 4.5 cm. \u00a1AVISO IMPORTANTE! COLORES DEL CUERO Es \u201cIMPOSIBLE\u201d conseguir que dos art\u00edculos en cuero de color avellana, tostado, marr\u00f3n o habana sean exactamente iguales. Ref. 00178","robots":{"index":"noindex","follow":"follow","max-snippet":"max-snippet:-1","max-image-preview":"max-image-preview:large","max-video-preview":"max-video-preview:-1"},"og_locale":"es_ES","og_type":"article","og_title":"SILLA ZALDI DOMA ROYAL POLICE DOMA - Zaldionline.com","og_description":"Precio IVA incl.: 1555.10\u20ac ROYAL POLICE DOMA Vers\u00e1til, segura y c\u00f3moda. Medidas* Jinete: 16\", 16\u00b45\", 17\", 17\u00b45\", 18\"* Cruz del caballo: de 28 cm. a 36 cm. Colores: Actualmente adem\u00e1s de los cl\u00e1sicos colores negro, marr\u00f3n, habana, avellana, tostado; se pueden realizar m\u00faltiples combinaciones en colores de cuero, hilos, vivos, burletes\u2026 Seg\u00fan las necesidades propias de cada cuerpo de seguridad. OPCIONAL: Puede encargar esta silla Zaldi con m\u00e1s piquetes delanteros o traseros, para alforjas o pechopetrales y distintas necesidades tanto para seguridad (escudos u otros elementos) como elementos policiales o de seguridad necesarios. MEDIDAS:* Jinete 17\u00b45\" (largo de 44 cm. desde el borr\u00e9n trasero de la silla al clavo Zaldi).* Cruz del caballo: de 28 cm. a 34 cm.* Peso: 7.00 Kg.* Largo del fald\u00f3n desde la estribera: 46 cm.* Largo del baste por debajo: 49 cm.* \u00c1rea de apoyo del baste sobre el lomo del caballo: 44 cm.* Rodillera mediana: 30 cm. x 6 cm. x 4.5 cm. \u00a1AVISO IMPORTANTE! COLORES DEL CUERO Es \u201cIMPOSIBLE\u201d conseguir que dos art\u00edculos en cuero de color avellana, tostado, marr\u00f3n o habana sean exactamente iguales. Ref. 00178","og_url":"https:\/\/www.zaldionline.com\/es\/producto\/silla-zaldi-doma-royal-police-doma\/","og_site_name":"Zaldionline.com","article_modified_time":"2024-10-29T12:47:29+00:00","og_image":[{"width":514,"height":509,"url":"https:\/\/www.zaldionline.com\/es\/wp-content\/uploads\/sites\/2\/2020\/10\/Bild_2020-12-10_134008.png","type":"image\/png"}],"twitter_card":"summary_large_image","twitter_misc":{"Tiempo de lectura":"3 minutos"},"schema":{"@context":"https:\/\/schema.org","@graph":[{"@type":"WebPage","@id":"https:\/\/www.zaldionline.com\/es\/producto\/silla-zaldi-doma-royal-police-doma\/","url":"https:\/\/www.zaldionline.com\/es\/producto\/silla-zaldi-doma-royal-police-doma\/","name":"SILLA ZALDI DOMA ROYAL POLICE DOMA - Zaldionline.com","isPartOf":{"@id":"https:\/\/www.zaldionline.com\/es\/#website"},"primaryImageOfPage":{"@id":"https:\/\/www.zaldionline.com\/es\/producto\/silla-zaldi-doma-royal-police-doma\/#primaryimage"},"image":{"@id":"https:\/\/www.zaldionline.com\/es\/producto\/silla-zaldi-doma-royal-police-doma\/#primaryimage"},"thumbnailUrl":"https:\/\/www.zaldionline.com\/es\/wp-content\/uploads\/sites\/2\/2020\/10\/Bild_2020-12-10_134008.png","datePublished":"2020-10-23T14:56:45+00:00","dateModified":"2024-10-29T12:47:29+00:00","description":"Precio IVA incl.: 1555.10\u20ac ROYAL POLICE DOMA Vers\u00e1til, segura y c\u00f3moda. Medidas* Jinete: 16\", 16\u00b45\", 17\", 17\u00b45\", 18\"* Cruz del caballo: de 28 cm. a 36 cm. Colores: Actualmente adem\u00e1s de los cl\u00e1sicos colores negro, marr\u00f3n, habana, avellana, tostado; se pueden realizar m\u00faltiples combinaciones en colores de cuero, hilos, vivos, burletes\u2026 Seg\u00fan las necesidades propias de cada cuerpo de seguridad. OPCIONAL: Puede encargar esta silla Zaldi con m\u00e1s piquetes delanteros o traseros, para alforjas o pechopetrales y distintas necesidades tanto para seguridad (escudos u otros elementos) como elementos policiales o de seguridad necesarios. MEDIDAS:* Jinete 17\u00b45\" (largo de 44 cm. desde el borr\u00e9n trasero de la silla al clavo Zaldi).* Cruz del caballo: de 28 cm. a 34 cm.* Peso: 7.00 Kg.* Largo del fald\u00f3n desde la estribera: 46 cm.* Largo del baste por debajo: 49 cm.* \u00c1rea de apoyo del baste sobre el lomo del caballo: 44 cm.* Rodillera mediana: 30 cm. x 6 cm. x 4.5 cm. \u00a1AVISO IMPORTANTE! COLORES DEL CUERO Es \u201cIMPOSIBLE\u201d conseguir que dos art\u00edculos en cuero de color avellana, tostado, marr\u00f3n o habana sean exactamente iguales. Ref. 00178","breadcrumb":{"@id":"https:\/\/www.zaldionline.com\/es\/producto\/silla-zaldi-doma-royal-police-doma\/#breadcrumb"},"inLanguage":"es","potentialAction":[{"@type":"ReadAction","target":["https:\/\/www.zaldionline.com\/es\/producto\/silla-zaldi-doma-royal-police-doma\/"]}]},{"@type":"ImageObject","inLanguage":"es","@id":"https:\/\/www.zaldionline.com\/es\/producto\/silla-zaldi-doma-royal-police-doma\/#primaryimage","url":"https:\/\/www.zaldionline.com\/es\/wp-content\/uploads\/sites\/2\/2020\/10\/Bild_2020-12-10_134008.png","contentUrl":"https:\/\/www.zaldionline.com\/es\/wp-content\/uploads\/sites\/2\/2020\/10\/Bild_2020-12-10_134008.png","width":514,"height":509},{"@type":"BreadcrumbList","@id":"https:\/\/www.zaldionline.com\/es\/producto\/silla-zaldi-doma-royal-police-doma\/#breadcrumb","itemListElement":[{"@type":"ListItem","position":1,"name":"Portada","item":"https:\/\/www.zaldionline.com\/es\/"},{"@type":"ListItem","position":2,"name":"Sillas y accesorios","item":"https:\/\/www.zaldionline.com\/es\/sillas-y-accesorios\/"},{"@type":"ListItem","position":3,"name":"SILLA ZALDI DOMA ROYAL POLICE DOMA"}]},{"@type":"WebSite","@id":"https:\/\/www.zaldionline.com\/es\/#website","url":"https:\/\/www.zaldionline.com\/es\/","name":"Zaldionline.com","description":"Los mejores productos para usted y su caballo","potentialAction":[{"@type":"SearchAction","target":{"@type":"EntryPoint","urlTemplate":"https:\/\/www.zaldionline.com\/es\/?s={search_term_string}"},"query-input":{"@type":"PropertyValueSpecification","valueRequired":true,"valueName":"search_term_string"}}],"inLanguage":"es"}]}},"_links":{"self":[{"href":"https:\/\/www.zaldionline.com\/es\/wp-json\/wp\/v2\/product\/13327","targetHints":{"allow":["GET"]}}],"collection":[{"href":"https:\/\/www.zaldionline.com\/es\/wp-json\/wp\/v2\/product"}],"about":[{"href":"https:\/\/www.zaldionline.com\/es\/wp-json\/wp\/v2\/types\/product"}],"replies":[{"embeddable":true,"href":"https:\/\/www.zaldionline.com\/es\/wp-json\/wp\/v2\/comments?post=13327"}],"version-history":[{"count":5,"href":"https:\/\/www.zaldionline.com\/es\/wp-json\/wp\/v2\/product\/13327\/revisions"}],"predecessor-version":[{"id":24330,"href":"https:\/\/www.zaldionline.com\/es\/wp-json\/wp\/v2\/product\/13327\/revisions\/24330"}],"wp:featuredmedia":[{"embeddable":true,"href":"https:\/\/www.zaldionline.com\/es\/wp-json\/wp\/v2\/media\/17321"}],"wp:attachment":[{"href":"https:\/\/www.zaldionline.com\/es\/wp-json\/wp\/v2\/media?parent=13327"}],"wp:term":[{"taxonomy":"product_brand","embeddable":true,"href":"https:\/\/www.zaldionline.com\/es\/wp-json\/wp\/v2\/product_brand?post=13327"},{"taxonomy":"product_cat","embeddable":true,"href":"https:\/\/www.zaldionline.com\/es\/wp-json\/wp\/v2\/product_cat?post=13327"},{"taxonomy":"product_tag","embeddable":true,"href":"https:\/\/www.zaldionline.com\/es\/wp-json\/wp\/v2\/product_tag?post=13327"}],"curies":[{"name":"wp","href":"https:\/\/api.w.org\/{rel}","templated":true}]}}