{"id":13489,"date":"2020-10-23T15:57:59","date_gmt":"2020-10-23T15:57:59","guid":{"rendered":"https:\/\/zaldionline.com\/?post_type=product&#038;p=13489"},"modified":"2025-02-14T09:53:27","modified_gmt":"2025-02-14T09:53:27","slug":"rodillera-opcion-silla-zaldi-tm-rodillera-media","status":"publish","type":"product","link":"https:\/\/www.zaldionline.com\/es\/producto\/rodillera-opcion-silla-zaldi-tm-rodillera-media\/","title":{"rendered":"RODILLERA OPCI\u00d3N SILLA ZALDI TM RODILLERA MEDIA"},"content":{"rendered":"\t\t<div data-elementor-type=\"wp-post\" data-elementor-id=\"13489\" class=\"elementor elementor-13489\">\n\t\t\t\t\t\t<section class=\"elementor-section elementor-top-section elementor-element elementor-element-180e6519 elementor-section-boxed elementor-section-height-default elementor-section-height-default\" data-id=\"180e6519\" data-element_type=\"section\" data-e-type=\"section\">\n\t\t\t\t\t\t<div class=\"elementor-container elementor-column-gap-default\">\n\t\t\t\t\t<div class=\"elementor-column elementor-col-100 elementor-top-column elementor-element elementor-element-107212c2\" data-id=\"107212c2\" data-element_type=\"column\" data-e-type=\"column\">\n\t\t\t<div class=\"elementor-widget-wrap elementor-element-populated\">\n\t\t\t\t\t\t<div class=\"elementor-element elementor-element-321888b5 elementor-widget elementor-widget-text-editor\" data-id=\"321888b5\" data-element_type=\"widget\" data-e-type=\"widget\" data-widget_type=\"text-editor.default\">\n\t\t\t\t<div class=\"elementor-widget-container\">\n\t\t\t\t\t\t\t\t\t<p>Precio IVA incl.<\/p><p>Combi Tm3<br \/><br \/>Sistema Zaldi de intercambio de tacos y rodilleras.<br \/><br \/>Una silla y 3 opciones&#8230;<br \/><br \/>Combi Tm3, nuevo Sistema de Intercambio de taco-muslera a otras 2 rodilleras opcionales, con tecnolog\u00eda TM de ajuste por tornillos al fald\u00f3n, patentado por Zaldi Sillas de Montar.<br \/><br \/>La silla de montar porta la preinstalaci\u00f3n TM. Podr\u00e1s cambiar en el futuro de taco-muslera a rodillera grande o<br \/>media, opcionales seg\u00fan gustos y necesidades del jinete.<br \/><br \/>Estos elementos son multiposicionables y adaptables en inclinaci\u00f3n y altura, a tu medida.<br \/><br \/>OPCIONES<br \/><br \/>1-TM-System (ref. 00906) Taco Muslera.<br \/><br \/>Medidas:<br \/><br \/>20 cm. de largo x 8.5 cm. de ancho x 9 cm. de alto.<br \/><br \/>Al estar sujetos en el muslo dejamos las rodillas libres para realizar ayudas y apoyos con plena soltura y libertad.<br \/><br \/><br \/>2.- R-Klass (ref. 00907) Rodillera Grande.<br \/><br \/>Medidas:<br \/><br \/>6 cm. de alto x 10 cm. de ancho x 35 cm. de largo.<br \/><br \/><br \/>3.- R-Kent (ref. 00908) Rodillera Media<br \/><br \/>Medidas:<br \/><br \/>4 cm. de alto x 6 cm. de ancho x 30 cm. de largo.<br \/><br \/>Compatibles con todas las sillas de montar fabricadas por Zaldi<br \/><br \/>Al comprar una silla de montar con el sistema Combi Tm3 debe elegir una de las 3 opciones anteriores. Al llevar la preinstalaci\u00f3n, puede despu\u00e9s comprar otra opci\u00f3n e intercambiarlas f\u00e1cilmente sin necesidad de enviar a f\u00e1brica.<br \/><br \/>DE F\u00c1BRICA LA SILLA SALE SOLAMENTE CON LA OPCI\u00d3N ELEGIDA. LAS DEM\u00c1S OPCIONES SE PUEDEN ADQUIRIR POR SEPARADO.<\/p><p>Ref.: 00908<\/p>\t\t\t\t\t\t\t\t<\/div>\n\t\t\t\t<\/div>\n\t\t\t\t\t<\/div>\n\t\t<\/div>\n\t\t\t\t\t<\/div>\n\t\t<\/section>\n\t\t\t\t<\/div>\n\t\t","protected":false},"excerpt":{"rendered":"<p>Precio IVA incl. Combi Tm3 Sistema Zaldi de intercambio de tacos y rodilleras. Una silla y 3 opciones&#8230; Combi Tm3, nuevo Sistema de Intercambio de taco-muslera a otras 2 rodilleras opcionales, con tecnolog\u00eda TM de ajuste por tornillos al fald\u00f3n, patentado por Zaldi Sillas de Montar. La silla de montar porta la preinstalaci\u00f3n TM. Podr\u00e1s [&hellip;]<\/p>\n","protected":false},"featured_media":24701,"comment_status":"open","ping_status":"closed","template":"","meta":{"site-sidebar-layout":"default","site-content-layout":"","ast-site-content-layout":"default","site-content-style":"default","site-sidebar-style":"default","ast-global-header-display":"","ast-banner-title-visibility":"","ast-main-header-display":"","ast-hfb-above-header-display":"","ast-hfb-below-header-display":"","ast-hfb-mobile-header-display":"","site-post-title":"","ast-breadcrumbs-content":"","ast-featured-img":"","footer-sml-layout":"","ast-disable-related-posts":"","theme-transparent-header-meta":"default","adv-header-id-meta":"","stick-header-meta":"","header-above-stick-meta":"","header-main-stick-meta":"","header-below-stick-meta":"","astra-migrate-meta-layouts":"set","ast-page-background-enabled":"default","ast-page-background-meta":{"desktop":{"background-color":"var(--ast-global-color-4)","background-image":"","background-repeat":"repeat","background-position":"center center","background-size":"auto","background-attachment":"scroll","background-type":"","background-media":"","overlay-type":"","overlay-color":"","overlay-opacity":"","overlay-gradient":""},"tablet":{"background-color":"","background-image":"","background-repeat":"repeat","background-position":"center center","background-size":"auto","background-attachment":"scroll","background-type":"","background-media":"","overlay-type":"","overlay-color":"","overlay-opacity":"","overlay-gradient":""},"mobile":{"background-color":"","background-image":"","background-repeat":"repeat","background-position":"center center","background-size":"auto","background-attachment":"scroll","background-type":"","background-media":"","overlay-type":"","overlay-color":"","overlay-opacity":"","overlay-gradient":""}},"ast-content-background-meta":{"desktop":{"background-color":"var(--ast-global-color-5)","background-image":"","background-repeat":"repeat","background-position":"center center","background-size":"auto","background-attachment":"scroll","background-type":"","background-media":"","overlay-type":"","overlay-color":"","overlay-opacity":"","overlay-gradient":""},"tablet":{"background-color":"var(--ast-global-color-5)","background-image":"","background-repeat":"repeat","background-position":"center center","background-size":"auto","background-attachment":"scroll","background-type":"","background-media":"","overlay-type":"","overlay-color":"","overlay-opacity":"","overlay-gradient":""},"mobile":{"background-color":"var(--ast-global-color-5)","background-image":"","background-repeat":"repeat","background-position":"center center","background-size":"auto","background-attachment":"scroll","background-type":"","background-media":"","overlay-type":"","overlay-color":"","overlay-opacity":"","overlay-gradient":""}},"ngg_post_thumbnail":0},"product_brand":[],"product_cat":[34,17],"product_tag":[987,977,988,440],"class_list":{"0":"post-13489","1":"product","2":"type-product","3":"status-publish","4":"has-post-thumbnail","6":"product_cat-extras-fabricacion-a-medida-rodilleras-tm-reparaciones","7":"product_cat-sillas","8":"product_tag-media","9":"product_tag-rodillera","10":"product_tag-rodillera-media","11":"product_tag-silla","12":"desktop-align-left","13":"tablet-align-left","14":"mobile-align-left","16":"first","17":"instock","18":"taxable","19":"shipping-taxable","20":"purchasable","21":"product-type-simple"},"yoast_head":"<!-- This site is optimized with the Yoast SEO plugin v27.5 - https:\/\/yoast.com\/product\/yoast-seo-wordpress\/ -->\n<title>RODILLERA OPCI\u00d3N SILLA ZALDI TM RODILLERA MEDIA - Zaldionline.com<\/title>\n<meta name=\"description\" content=\"Precio IVA incl: 226,61\u20ac Combi Tm3 Sistema Zaldi de intercambio de tacos y rodilleras. Una silla y 3 opciones...Combi Tm3, nuevo Sistema de Intercambio de taco-muslera a otras 2 rodilleras opcionales, con tecnolog\u00eda TM de ajuste por tornillos al fald\u00f3n, patentado por Zaldi Sillas de Montar.La silla de montar porta la preinstalaci\u00f3n TM. Podr\u00e1s cambiar en el futuro de taco-muslera a rodillera grande omedia, opcionales seg\u00fan gustos y necesidades del jinete. Estos elementos son multiposicionables y adaptables en inclinaci\u00f3n y altura, a tu medida. OPCIONES1-TM-System (ref. 00906) Taco Muslera. Medidas: 20 cm. de largo x 8.5 cm. de ancho x 9 cm. de alto. Al estar sujetos en el muslo dejamos las rodillas libres para realizar ayudas y apoyos con plena soltura y libertad. 2.- R-Klass (ref. 00907) Rodillera Grande. Medidas: 6 cm. de alto x 10 cm. de ancho x 35 cm. de largo. 3.- R-Kent (ref. 00908) Rodillera Media. Medidas: 4 cm. de alto x 6 cm. de ancho x 30 cm. de largo. Compatibles con todas las sillas de montar fabricadas por Zaldi. Al comprar una silla de montar con el sistema Combi Tm3 debe elegir una de las 3 opciones anteriores. Al llevar la preinstalaci\u00f3n, puede despu\u00e9s comprar otra opci\u00f3n e intercambiarlas f\u00e1cilmente sin necesidad de enviar a f\u00e1brica. DE F\u00c1BRICA LA SILLA SALE SOLAMENTE CON LA OPCI\u00d3N ELEGIDA. LAS DEM\u00c1S OPCIONES SE PUEDEN ADQUIRIR POR SEPARADO.\" \/>\n<meta name=\"robots\" content=\"noindex, follow, max-snippet:-1, max-image-preview:large, max-video-preview:-1\" \/>\n<meta property=\"og:locale\" content=\"es_ES\" \/>\n<meta property=\"og:type\" content=\"article\" \/>\n<meta property=\"og:title\" content=\"RODILLERA OPCI\u00d3N SILLA ZALDI TM RODILLERA MEDIA - Zaldionline.com\" \/>\n<meta property=\"og:description\" content=\"Precio IVA incl: 226,61\u20ac Combi Tm3 Sistema Zaldi de intercambio de tacos y rodilleras. Una silla y 3 opciones...Combi Tm3, nuevo Sistema de Intercambio de taco-muslera a otras 2 rodilleras opcionales, con tecnolog\u00eda TM de ajuste por tornillos al fald\u00f3n, patentado por Zaldi Sillas de Montar.La silla de montar porta la preinstalaci\u00f3n TM. Podr\u00e1s cambiar en el futuro de taco-muslera a rodillera grande omedia, opcionales seg\u00fan gustos y necesidades del jinete. Estos elementos son multiposicionables y adaptables en inclinaci\u00f3n y altura, a tu medida. OPCIONES1-TM-System (ref. 00906) Taco Muslera. Medidas: 20 cm. de largo x 8.5 cm. de ancho x 9 cm. de alto. Al estar sujetos en el muslo dejamos las rodillas libres para realizar ayudas y apoyos con plena soltura y libertad. 2.- R-Klass (ref. 00907) Rodillera Grande. Medidas: 6 cm. de alto x 10 cm. de ancho x 35 cm. de largo. 3.- R-Kent (ref. 00908) Rodillera Media. Medidas: 4 cm. de alto x 6 cm. de ancho x 30 cm. de largo. Compatibles con todas las sillas de montar fabricadas por Zaldi. Al comprar una silla de montar con el sistema Combi Tm3 debe elegir una de las 3 opciones anteriores. Al llevar la preinstalaci\u00f3n, puede despu\u00e9s comprar otra opci\u00f3n e intercambiarlas f\u00e1cilmente sin necesidad de enviar a f\u00e1brica. DE F\u00c1BRICA LA SILLA SALE SOLAMENTE CON LA OPCI\u00d3N ELEGIDA. LAS DEM\u00c1S OPCIONES SE PUEDEN ADQUIRIR POR SEPARADO.\" \/>\n<meta property=\"og:url\" content=\"https:\/\/www.zaldionline.com\/es\/producto\/rodillera-opcion-silla-zaldi-tm-rodillera-media\/\" \/>\n<meta property=\"og:site_name\" content=\"Zaldionline.com\" \/>\n<meta property=\"article:modified_time\" content=\"2025-02-14T09:53:27+00:00\" \/>\n<meta property=\"og:image\" content=\"https:\/\/www.zaldionline.com\/es\/wp-content\/uploads\/sites\/2\/2020\/10\/Bild_2024-04-05_161011091.png\" \/>\n\t<meta property=\"og:image:width\" content=\"559\" \/>\n\t<meta property=\"og:image:height\" content=\"567\" \/>\n\t<meta property=\"og:image:type\" content=\"image\/png\" \/>\n<meta name=\"twitter:card\" content=\"summary_large_image\" \/>\n<meta name=\"twitter:label1\" content=\"Tiempo de lectura\" \/>\n\t<meta name=\"twitter:data1\" content=\"2 minutos\" \/>\n<script type=\"application\/ld+json\" class=\"yoast-schema-graph\">{\"@context\":\"https:\\\/\\\/schema.org\",\"@graph\":[{\"@type\":\"WebPage\",\"@id\":\"https:\\\/\\\/www.zaldionline.com\\\/es\\\/producto\\\/rodillera-opcion-silla-zaldi-tm-rodillera-media\\\/\",\"url\":\"https:\\\/\\\/www.zaldionline.com\\\/es\\\/producto\\\/rodillera-opcion-silla-zaldi-tm-rodillera-media\\\/\",\"name\":\"RODILLERA OPCI\u00d3N SILLA ZALDI TM RODILLERA MEDIA - Zaldionline.com\",\"isPartOf\":{\"@id\":\"https:\\\/\\\/www.zaldionline.com\\\/es\\\/#website\"},\"primaryImageOfPage\":{\"@id\":\"https:\\\/\\\/www.zaldionline.com\\\/es\\\/producto\\\/rodillera-opcion-silla-zaldi-tm-rodillera-media\\\/#primaryimage\"},\"image\":{\"@id\":\"https:\\\/\\\/www.zaldionline.com\\\/es\\\/producto\\\/rodillera-opcion-silla-zaldi-tm-rodillera-media\\\/#primaryimage\"},\"thumbnailUrl\":\"https:\\\/\\\/www.zaldionline.com\\\/es\\\/wp-content\\\/uploads\\\/sites\\\/2\\\/2020\\\/10\\\/Bild_2024-04-05_161011091.png\",\"datePublished\":\"2020-10-23T15:57:59+00:00\",\"dateModified\":\"2025-02-14T09:53:27+00:00\",\"description\":\"Precio IVA incl: 226,61\u20ac Combi Tm3 Sistema Zaldi de intercambio de tacos y rodilleras. Una silla y 3 opciones...Combi Tm3, nuevo Sistema de Intercambio de taco-muslera a otras 2 rodilleras opcionales, con tecnolog\u00eda TM de ajuste por tornillos al fald\u00f3n, patentado por Zaldi Sillas de Montar.La silla de montar porta la preinstalaci\u00f3n TM. Podr\u00e1s cambiar en el futuro de taco-muslera a rodillera grande omedia, opcionales seg\u00fan gustos y necesidades del jinete. Estos elementos son multiposicionables y adaptables en inclinaci\u00f3n y altura, a tu medida. OPCIONES1-TM-System (ref. 00906) Taco Muslera. Medidas: 20 cm. de largo x 8.5 cm. de ancho x 9 cm. de alto. Al estar sujetos en el muslo dejamos las rodillas libres para realizar ayudas y apoyos con plena soltura y libertad. 2.- R-Klass (ref. 00907) Rodillera Grande. Medidas: 6 cm. de alto x 10 cm. de ancho x 35 cm. de largo. 3.- R-Kent (ref. 00908) Rodillera Media. Medidas: 4 cm. de alto x 6 cm. de ancho x 30 cm. de largo. Compatibles con todas las sillas de montar fabricadas por Zaldi. Al comprar una silla de montar con el sistema Combi Tm3 debe elegir una de las 3 opciones anteriores. Al llevar la preinstalaci\u00f3n, puede despu\u00e9s comprar otra opci\u00f3n e intercambiarlas f\u00e1cilmente sin necesidad de enviar a f\u00e1brica. DE F\u00c1BRICA LA SILLA SALE SOLAMENTE CON LA OPCI\u00d3N ELEGIDA. LAS DEM\u00c1S OPCIONES SE PUEDEN ADQUIRIR POR SEPARADO.\",\"breadcrumb\":{\"@id\":\"https:\\\/\\\/www.zaldionline.com\\\/es\\\/producto\\\/rodillera-opcion-silla-zaldi-tm-rodillera-media\\\/#breadcrumb\"},\"inLanguage\":\"es\",\"potentialAction\":[{\"@type\":\"ReadAction\",\"target\":[\"https:\\\/\\\/www.zaldionline.com\\\/es\\\/producto\\\/rodillera-opcion-silla-zaldi-tm-rodillera-media\\\/\"]}]},{\"@type\":\"ImageObject\",\"inLanguage\":\"es\",\"@id\":\"https:\\\/\\\/www.zaldionline.com\\\/es\\\/producto\\\/rodillera-opcion-silla-zaldi-tm-rodillera-media\\\/#primaryimage\",\"url\":\"https:\\\/\\\/www.zaldionline.com\\\/es\\\/wp-content\\\/uploads\\\/sites\\\/2\\\/2020\\\/10\\\/Bild_2024-04-05_161011091.png\",\"contentUrl\":\"https:\\\/\\\/www.zaldionline.com\\\/es\\\/wp-content\\\/uploads\\\/sites\\\/2\\\/2020\\\/10\\\/Bild_2024-04-05_161011091.png\",\"width\":559,\"height\":567},{\"@type\":\"BreadcrumbList\",\"@id\":\"https:\\\/\\\/www.zaldionline.com\\\/es\\\/producto\\\/rodillera-opcion-silla-zaldi-tm-rodillera-media\\\/#breadcrumb\",\"itemListElement\":[{\"@type\":\"ListItem\",\"position\":1,\"name\":\"Portada\",\"item\":\"https:\\\/\\\/www.zaldionline.com\\\/es\\\/\"},{\"@type\":\"ListItem\",\"position\":2,\"name\":\"Sillas y accesorios\",\"item\":\"https:\\\/\\\/www.zaldionline.com\\\/es\\\/sillas-y-accesorios\\\/\"},{\"@type\":\"ListItem\",\"position\":3,\"name\":\"RODILLERA OPCI\u00d3N SILLA ZALDI TM RODILLERA MEDIA\"}]},{\"@type\":\"WebSite\",\"@id\":\"https:\\\/\\\/www.zaldionline.com\\\/es\\\/#website\",\"url\":\"https:\\\/\\\/www.zaldionline.com\\\/es\\\/\",\"name\":\"Zaldionline.com\",\"description\":\"Los mejores productos para usted y su caballo\",\"potentialAction\":[{\"@type\":\"SearchAction\",\"target\":{\"@type\":\"EntryPoint\",\"urlTemplate\":\"https:\\\/\\\/www.zaldionline.com\\\/es\\\/?s={search_term_string}\"},\"query-input\":{\"@type\":\"PropertyValueSpecification\",\"valueRequired\":true,\"valueName\":\"search_term_string\"}}],\"inLanguage\":\"es\"}]}<\/script>\n<!-- \/ Yoast SEO plugin. -->","yoast_head_json":{"title":"RODILLERA OPCI\u00d3N SILLA ZALDI TM RODILLERA MEDIA - Zaldionline.com","description":"Precio IVA incl: 226,61\u20ac Combi Tm3 Sistema Zaldi de intercambio de tacos y rodilleras. Una silla y 3 opciones...Combi Tm3, nuevo Sistema de Intercambio de taco-muslera a otras 2 rodilleras opcionales, con tecnolog\u00eda TM de ajuste por tornillos al fald\u00f3n, patentado por Zaldi Sillas de Montar.La silla de montar porta la preinstalaci\u00f3n TM. Podr\u00e1s cambiar en el futuro de taco-muslera a rodillera grande omedia, opcionales seg\u00fan gustos y necesidades del jinete. Estos elementos son multiposicionables y adaptables en inclinaci\u00f3n y altura, a tu medida. OPCIONES1-TM-System (ref. 00906) Taco Muslera. Medidas: 20 cm. de largo x 8.5 cm. de ancho x 9 cm. de alto. Al estar sujetos en el muslo dejamos las rodillas libres para realizar ayudas y apoyos con plena soltura y libertad. 2.- R-Klass (ref. 00907) Rodillera Grande. Medidas: 6 cm. de alto x 10 cm. de ancho x 35 cm. de largo. 3.- R-Kent (ref. 00908) Rodillera Media. Medidas: 4 cm. de alto x 6 cm. de ancho x 30 cm. de largo. Compatibles con todas las sillas de montar fabricadas por Zaldi. Al comprar una silla de montar con el sistema Combi Tm3 debe elegir una de las 3 opciones anteriores. Al llevar la preinstalaci\u00f3n, puede despu\u00e9s comprar otra opci\u00f3n e intercambiarlas f\u00e1cilmente sin necesidad de enviar a f\u00e1brica. DE F\u00c1BRICA LA SILLA SALE SOLAMENTE CON LA OPCI\u00d3N ELEGIDA. LAS DEM\u00c1S OPCIONES SE PUEDEN ADQUIRIR POR SEPARADO.","robots":{"index":"noindex","follow":"follow","max-snippet":"max-snippet:-1","max-image-preview":"max-image-preview:large","max-video-preview":"max-video-preview:-1"},"og_locale":"es_ES","og_type":"article","og_title":"RODILLERA OPCI\u00d3N SILLA ZALDI TM RODILLERA MEDIA - Zaldionline.com","og_description":"Precio IVA incl: 226,61\u20ac Combi Tm3 Sistema Zaldi de intercambio de tacos y rodilleras. Una silla y 3 opciones...Combi Tm3, nuevo Sistema de Intercambio de taco-muslera a otras 2 rodilleras opcionales, con tecnolog\u00eda TM de ajuste por tornillos al fald\u00f3n, patentado por Zaldi Sillas de Montar.La silla de montar porta la preinstalaci\u00f3n TM. Podr\u00e1s cambiar en el futuro de taco-muslera a rodillera grande omedia, opcionales seg\u00fan gustos y necesidades del jinete. Estos elementos son multiposicionables y adaptables en inclinaci\u00f3n y altura, a tu medida. OPCIONES1-TM-System (ref. 00906) Taco Muslera. Medidas: 20 cm. de largo x 8.5 cm. de ancho x 9 cm. de alto. Al estar sujetos en el muslo dejamos las rodillas libres para realizar ayudas y apoyos con plena soltura y libertad. 2.- R-Klass (ref. 00907) Rodillera Grande. Medidas: 6 cm. de alto x 10 cm. de ancho x 35 cm. de largo. 3.- R-Kent (ref. 00908) Rodillera Media. Medidas: 4 cm. de alto x 6 cm. de ancho x 30 cm. de largo. Compatibles con todas las sillas de montar fabricadas por Zaldi. Al comprar una silla de montar con el sistema Combi Tm3 debe elegir una de las 3 opciones anteriores. Al llevar la preinstalaci\u00f3n, puede despu\u00e9s comprar otra opci\u00f3n e intercambiarlas f\u00e1cilmente sin necesidad de enviar a f\u00e1brica. DE F\u00c1BRICA LA SILLA SALE SOLAMENTE CON LA OPCI\u00d3N ELEGIDA. LAS DEM\u00c1S OPCIONES SE PUEDEN ADQUIRIR POR SEPARADO.","og_url":"https:\/\/www.zaldionline.com\/es\/producto\/rodillera-opcion-silla-zaldi-tm-rodillera-media\/","og_site_name":"Zaldionline.com","article_modified_time":"2025-02-14T09:53:27+00:00","og_image":[{"width":559,"height":567,"url":"https:\/\/www.zaldionline.com\/es\/wp-content\/uploads\/sites\/2\/2020\/10\/Bild_2024-04-05_161011091.png","type":"image\/png"}],"twitter_card":"summary_large_image","twitter_misc":{"Tiempo de lectura":"2 minutos"},"schema":{"@context":"https:\/\/schema.org","@graph":[{"@type":"WebPage","@id":"https:\/\/www.zaldionline.com\/es\/producto\/rodillera-opcion-silla-zaldi-tm-rodillera-media\/","url":"https:\/\/www.zaldionline.com\/es\/producto\/rodillera-opcion-silla-zaldi-tm-rodillera-media\/","name":"RODILLERA OPCI\u00d3N SILLA ZALDI TM RODILLERA MEDIA - Zaldionline.com","isPartOf":{"@id":"https:\/\/www.zaldionline.com\/es\/#website"},"primaryImageOfPage":{"@id":"https:\/\/www.zaldionline.com\/es\/producto\/rodillera-opcion-silla-zaldi-tm-rodillera-media\/#primaryimage"},"image":{"@id":"https:\/\/www.zaldionline.com\/es\/producto\/rodillera-opcion-silla-zaldi-tm-rodillera-media\/#primaryimage"},"thumbnailUrl":"https:\/\/www.zaldionline.com\/es\/wp-content\/uploads\/sites\/2\/2020\/10\/Bild_2024-04-05_161011091.png","datePublished":"2020-10-23T15:57:59+00:00","dateModified":"2025-02-14T09:53:27+00:00","description":"Precio IVA incl: 226,61\u20ac Combi Tm3 Sistema Zaldi de intercambio de tacos y rodilleras. Una silla y 3 opciones...Combi Tm3, nuevo Sistema de Intercambio de taco-muslera a otras 2 rodilleras opcionales, con tecnolog\u00eda TM de ajuste por tornillos al fald\u00f3n, patentado por Zaldi Sillas de Montar.La silla de montar porta la preinstalaci\u00f3n TM. Podr\u00e1s cambiar en el futuro de taco-muslera a rodillera grande omedia, opcionales seg\u00fan gustos y necesidades del jinete. Estos elementos son multiposicionables y adaptables en inclinaci\u00f3n y altura, a tu medida. OPCIONES1-TM-System (ref. 00906) Taco Muslera. Medidas: 20 cm. de largo x 8.5 cm. de ancho x 9 cm. de alto. Al estar sujetos en el muslo dejamos las rodillas libres para realizar ayudas y apoyos con plena soltura y libertad. 2.- R-Klass (ref. 00907) Rodillera Grande. Medidas: 6 cm. de alto x 10 cm. de ancho x 35 cm. de largo. 3.- R-Kent (ref. 00908) Rodillera Media. Medidas: 4 cm. de alto x 6 cm. de ancho x 30 cm. de largo. Compatibles con todas las sillas de montar fabricadas por Zaldi. Al comprar una silla de montar con el sistema Combi Tm3 debe elegir una de las 3 opciones anteriores. Al llevar la preinstalaci\u00f3n, puede despu\u00e9s comprar otra opci\u00f3n e intercambiarlas f\u00e1cilmente sin necesidad de enviar a f\u00e1brica. DE F\u00c1BRICA LA SILLA SALE SOLAMENTE CON LA OPCI\u00d3N ELEGIDA. LAS DEM\u00c1S OPCIONES SE PUEDEN ADQUIRIR POR SEPARADO.","breadcrumb":{"@id":"https:\/\/www.zaldionline.com\/es\/producto\/rodillera-opcion-silla-zaldi-tm-rodillera-media\/#breadcrumb"},"inLanguage":"es","potentialAction":[{"@type":"ReadAction","target":["https:\/\/www.zaldionline.com\/es\/producto\/rodillera-opcion-silla-zaldi-tm-rodillera-media\/"]}]},{"@type":"ImageObject","inLanguage":"es","@id":"https:\/\/www.zaldionline.com\/es\/producto\/rodillera-opcion-silla-zaldi-tm-rodillera-media\/#primaryimage","url":"https:\/\/www.zaldionline.com\/es\/wp-content\/uploads\/sites\/2\/2020\/10\/Bild_2024-04-05_161011091.png","contentUrl":"https:\/\/www.zaldionline.com\/es\/wp-content\/uploads\/sites\/2\/2020\/10\/Bild_2024-04-05_161011091.png","width":559,"height":567},{"@type":"BreadcrumbList","@id":"https:\/\/www.zaldionline.com\/es\/producto\/rodillera-opcion-silla-zaldi-tm-rodillera-media\/#breadcrumb","itemListElement":[{"@type":"ListItem","position":1,"name":"Portada","item":"https:\/\/www.zaldionline.com\/es\/"},{"@type":"ListItem","position":2,"name":"Sillas y accesorios","item":"https:\/\/www.zaldionline.com\/es\/sillas-y-accesorios\/"},{"@type":"ListItem","position":3,"name":"RODILLERA OPCI\u00d3N SILLA ZALDI TM RODILLERA MEDIA"}]},{"@type":"WebSite","@id":"https:\/\/www.zaldionline.com\/es\/#website","url":"https:\/\/www.zaldionline.com\/es\/","name":"Zaldionline.com","description":"Los mejores productos para usted y su caballo","potentialAction":[{"@type":"SearchAction","target":{"@type":"EntryPoint","urlTemplate":"https:\/\/www.zaldionline.com\/es\/?s={search_term_string}"},"query-input":{"@type":"PropertyValueSpecification","valueRequired":true,"valueName":"search_term_string"}}],"inLanguage":"es"}]}},"_links":{"self":[{"href":"https:\/\/www.zaldionline.com\/es\/wp-json\/wp\/v2\/product\/13489","targetHints":{"allow":["GET"]}}],"collection":[{"href":"https:\/\/www.zaldionline.com\/es\/wp-json\/wp\/v2\/product"}],"about":[{"href":"https:\/\/www.zaldionline.com\/es\/wp-json\/wp\/v2\/types\/product"}],"replies":[{"embeddable":true,"href":"https:\/\/www.zaldionline.com\/es\/wp-json\/wp\/v2\/comments?post=13489"}],"version-history":[{"count":6,"href":"https:\/\/www.zaldionline.com\/es\/wp-json\/wp\/v2\/product\/13489\/revisions"}],"predecessor-version":[{"id":24702,"href":"https:\/\/www.zaldionline.com\/es\/wp-json\/wp\/v2\/product\/13489\/revisions\/24702"}],"wp:featuredmedia":[{"embeddable":true,"href":"https:\/\/www.zaldionline.com\/es\/wp-json\/wp\/v2\/media\/24701"}],"wp:attachment":[{"href":"https:\/\/www.zaldionline.com\/es\/wp-json\/wp\/v2\/media?parent=13489"}],"wp:term":[{"taxonomy":"product_brand","embeddable":true,"href":"https:\/\/www.zaldionline.com\/es\/wp-json\/wp\/v2\/product_brand?post=13489"},{"taxonomy":"product_cat","embeddable":true,"href":"https:\/\/www.zaldionline.com\/es\/wp-json\/wp\/v2\/product_cat?post=13489"},{"taxonomy":"product_tag","embeddable":true,"href":"https:\/\/www.zaldionline.com\/es\/wp-json\/wp\/v2\/product_tag?post=13489"}],"curies":[{"name":"wp","href":"https:\/\/api.w.org\/{rel}","templated":true}]}}