{"id":13574,"date":"2020-10-26T13:09:39","date_gmt":"2020-10-26T13:09:39","guid":{"rendered":"https:\/\/zaldionline.com\/?post_type=product&#038;p=13574"},"modified":"2024-10-29T12:39:51","modified_gmt":"2024-10-29T12:39:51","slug":"silla-zaldi-uso-general-europa-2g-change","status":"publish","type":"product","link":"https:\/\/www.zaldionline.com\/es\/producto\/silla-zaldi-uso-general-europa-2g-change\/","title":{"rendered":"SILLA ZALDI USO GENERAL EUROPA 2G CHANGE"},"content":{"rendered":"\t\t<div data-elementor-type=\"wp-post\" data-elementor-id=\"13574\" class=\"elementor elementor-13574\">\n\t\t\t\t\t\t<section class=\"elementor-section elementor-top-section elementor-element elementor-element-55ae3fe2 elementor-section-boxed elementor-section-height-default elementor-section-height-default\" data-id=\"55ae3fe2\" data-element_type=\"section\" data-e-type=\"section\">\n\t\t\t\t\t\t<div class=\"elementor-container elementor-column-gap-default\">\n\t\t\t\t\t<div class=\"elementor-column elementor-col-100 elementor-top-column elementor-element elementor-element-7614178\" data-id=\"7614178\" data-element_type=\"column\" data-e-type=\"column\">\n\t\t\t<div class=\"elementor-widget-wrap elementor-element-populated\">\n\t\t\t\t\t\t<div class=\"elementor-element elementor-element-7aa6552a elementor-widget elementor-widget-text-editor\" data-id=\"7aa6552a\" data-element_type=\"widget\" data-e-type=\"widget\" data-widget_type=\"text-editor.default\">\n\t\t\t\t<div class=\"elementor-widget-container\">\n\t\t\t\t\t\t\t\t\t<p>Precio IVA incl.<\/p><p>Nuevo modelo de la colecci\u00f3n ZALDI 2G, donde proponemos varias opciones EXTRAS de configuraci\u00f3n para a\u00f1adir a tu silla base (consulta presupuesto en tu distribuidor habitual):<br \/><br \/>1.- Armadura de prolipropileno (ref. 00174) o armadura Change (ref. 00175).<br \/>2.- Estriberas: corta, larga, 2 posiciones, 4 posiciones.<br \/>3.- Asiento extraconfortable (ver coste a\u00f1adido ref. 00902).<br \/>4.- Rodilleras: Taco-Muslera (ver coste a\u00f1adido ref. 00906) o 7 modelos de rodilleras (Kent, Cross, Royal Event, New Star, Ledyard, Top Jump, Zaldi) y 5 modelos de taco (Cross, Royal Event, New Star, Ledyard, Zaldi), que se pueden poner en la silla con tornillos, con velcro o fijas.<br \/>5.- Baste anat\u00f3mico y 1\u00ba latiguillo el\u00e1stico (ver coste a\u00f1adido ref. 00903).<br \/>6.- Baste extra-ancho (dropped panel) (ver coste a\u00f1adido ref. 00913).<br \/>7.- Latiguillos multiposici\u00f3n largos de doma (ver coste a\u00f1adido ref. 00914) o latiguillos multiposici\u00f3n cortos de salto (ver coste a\u00f1adido ref. 00915).<br \/>8.- Baste multiposici\u00f3n rellenable (ref. 00916).<br \/>9.- Silla especial mujer (1 cm. m\u00e1s ancha adelante).<br \/><br \/>Por ejemplo, el modelo Europa 2G CHANGE de la fotograf\u00eda est\u00e1 fabricada en cuero habana con el vivo y el hilo en tostado<br \/>y el burlete y el adorno de la cola en color habana y configurada con la armadura CHANGE, el asiento extraconfortable (ver coste a\u00f1adido ref. 00902), la opci\u00f3n de baste anat\u00f3mico (ver coste a\u00f1adido ref. 00903), baste rellenable multiposici\u00f3n (ver coste a\u00f1adido ref. 00916) y latiguillos cortos, siendo el primero multiposici\u00f3n (ver coste a\u00f1adido ref. 00915). Destacar tambi\u00e9n la medida especial para mujer ( 1 cm. m\u00e1s ancho en la parte delantera).<br \/><br \/>Adem\u00e1s de los cl\u00e1sicos colores; se pueden realizar m\u00faltiples combinaciones en colores de cuero, hilos, vivos, burletes\u2026<br \/><br \/>Silla de uso general EUROPA 2G y EUROPA 2G CHANGE, m\u00e1xima calidad y dise\u00f1o, ofreciendo a nuestros jinetes soluciones con la m\u00e1xima garant\u00eda.<br \/><br \/>Las sillas de uso general (o mixtas) no son espec\u00edficas para ninguna disciplina h\u00edpica pero nos sirven para casi todo. De tal forma que las podemos utilizar tanto para doma, salto, cross, marcha, endurance&#8230;. siendo ideal para los jinetes que no tienen una disciplina muy definida.<br \/><br \/>Opciones de serie:<br \/><br \/>* Fabricada con cuero boxcalf (2 mm.) muy resistente y c\u00f3modo.<br \/>* Baste mixto de relleno de lana y goma l\u00e1tex inteligente.<br \/>* Fald\u00f3n mixto.<br \/>* Rodillera\/Taco interior.<br \/>* Rodillera exterior forrada de piel.<br \/>* Armadura fabricada en materiales especiales, con la tecnolog\u00eda m\u00e1s avanzada. Garant\u00eda de 10 a\u00f1os.<br \/>* Estriberas inoxidables de seguridad.<br \/>* Latiguillos cortos.<br \/><br \/>MEDIDAS:<br \/><br \/>* Jinete 17.5&#8243; (largo de 44.5 cm. desde el borr\u00e9n trasero de la silla al clavo Zaldi).<br \/>* Cruz del caballo: de 28 cm. a 34 cm.<br \/>* Peso: 5.600 kg.<br \/>* Largo del fald\u00f3n desde la estribera: 37 cm.<br \/>* Largo del baste por debajo: 46 cm.<br \/>* \u00c1rea de apoyo del baste sobre el lomo del caballo: 41 cm.<\/p><p><strong>\u00a1AVISO IMPORTANTE!<\/strong><\/p><p><strong>COLORES DEL CUERO<\/strong><\/p><p><strong>Es \u201cIMPOSIBLE\u201d conseguir que dos art\u00edculos en cuero de color avellana, tostado, marr\u00f3n o habana sean exactamente iguales.<\/strong><\/p><p>Ref.: 00175<\/p>\t\t\t\t\t\t\t\t<\/div>\n\t\t\t\t<\/div>\n\t\t\t\t\t<\/div>\n\t\t<\/div>\n\t\t\t\t\t<\/div>\n\t\t<\/section>\n\t\t\t\t<\/div>\n\t\t","protected":false},"excerpt":{"rendered":"<p>Precio IVA incl. Nuevo modelo de la colecci\u00f3n ZALDI 2G, donde proponemos varias opciones EXTRAS de configuraci\u00f3n para a\u00f1adir a tu silla base (consulta presupuesto en tu distribuidor habitual): 1.- Armadura de prolipropileno (ref. 00174) o armadura Change (ref. 00175). 2.- Estriberas: corta, larga, 2 posiciones, 4 posiciones. 3.- Asiento extraconfortable (ver coste a\u00f1adido ref. [&hellip;]<\/p>\n","protected":false},"featured_media":17316,"comment_status":"open","ping_status":"closed","template":"","meta":{"site-sidebar-layout":"default","site-content-layout":"","ast-site-content-layout":"default","site-content-style":"default","site-sidebar-style":"default","ast-global-header-display":"","ast-banner-title-visibility":"","ast-main-header-display":"","ast-hfb-above-header-display":"","ast-hfb-below-header-display":"","ast-hfb-mobile-header-display":"","site-post-title":"","ast-breadcrumbs-content":"","ast-featured-img":"","footer-sml-layout":"","ast-disable-related-posts":"","theme-transparent-header-meta":"default","adv-header-id-meta":"","stick-header-meta":"","header-above-stick-meta":"","header-main-stick-meta":"","header-below-stick-meta":"","astra-migrate-meta-layouts":"set","ast-page-background-enabled":"default","ast-page-background-meta":{"desktop":{"background-color":"var(--ast-global-color-4)","background-image":"","background-repeat":"repeat","background-position":"center center","background-size":"auto","background-attachment":"scroll","background-type":"","background-media":"","overlay-type":"","overlay-color":"","overlay-opacity":"","overlay-gradient":""},"tablet":{"background-color":"","background-image":"","background-repeat":"repeat","background-position":"center center","background-size":"auto","background-attachment":"scroll","background-type":"","background-media":"","overlay-type":"","overlay-color":"","overlay-opacity":"","overlay-gradient":""},"mobile":{"background-color":"","background-image":"","background-repeat":"repeat","background-position":"center center","background-size":"auto","background-attachment":"scroll","background-type":"","background-media":"","overlay-type":"","overlay-color":"","overlay-opacity":"","overlay-gradient":""}},"ast-content-background-meta":{"desktop":{"background-color":"var(--ast-global-color-5)","background-image":"","background-repeat":"repeat","background-position":"center center","background-size":"auto","background-attachment":"scroll","background-type":"","background-media":"","overlay-type":"","overlay-color":"","overlay-opacity":"","overlay-gradient":""},"tablet":{"background-color":"var(--ast-global-color-5)","background-image":"","background-repeat":"repeat","background-position":"center center","background-size":"auto","background-attachment":"scroll","background-type":"","background-media":"","overlay-type":"","overlay-color":"","overlay-opacity":"","overlay-gradient":""},"mobile":{"background-color":"var(--ast-global-color-5)","background-image":"","background-repeat":"repeat","background-position":"center center","background-size":"auto","background-attachment":"scroll","background-type":"","background-media":"","overlay-type":"","overlay-color":"","overlay-opacity":"","overlay-gradient":""}},"ngg_post_thumbnail":0},"product_brand":[],"product_cat":[17,31],"product_tag":[341,346,440,410,1081,202,340,1057,337,991,338,1086,339],"class_list":{"0":"post-13574","1":"product","2":"type-product","3":"status-publish","4":"has-post-thumbnail","6":"product_cat-sillas","7":"product_cat-uso-general","8":"product_tag-bienestarcaballo","9":"product_tag-equiscan-zaldi","10":"product_tag-silla","11":"product_tag-silla-custom","12":"product_tag-silla-de-uso-general","13":"product_tag-sillas","14":"product_tag-susanne-nagel","15":"product_tag-vegano","16":"product_tag-zaldi","17":"product_tag-zaldi-alemania","18":"product_tag-zaldi-deutschland","19":"product_tag-zaldi-europa-2g-change","20":"product_tag-zaldi-online-com","21":"desktop-align-left","22":"tablet-align-left","23":"mobile-align-left","25":"first","26":"instock","27":"taxable","28":"shipping-taxable","29":"purchasable","30":"product-type-variable"},"yoast_head":"<!-- This site is optimized with the Yoast SEO plugin v27.4 - https:\/\/yoast.com\/product\/yoast-seo-wordpress\/ -->\n<title>SILLA ZALDI USO GENERAL EUROPA 2G CHANGE - Zaldionline.com<\/title>\n<meta name=\"description\" content=\"Precio IVA incl.: 1712.00\u20ac Adem\u00e1s de los cl\u00e1sicos colores; se pueden realizar m\u00faltiples combinaciones en colores de cuero, hilos, vivos, burletes\u2026Silla de uso general EUROPA 2G y EUROPA 2G CHANGE, m\u00e1xima calidad y dise\u00f1o, ofreciendo a nuestros jinetes soluciones con la m\u00e1xima garant\u00eda.Las sillas de uso general (o mixtas) no son espec\u00edficas para ninguna disciplina h\u00edpica pero nos sirven para casi todo. De tal forma que las podemos utilizar tanto para doma, salto, cross, marcha, endurance.... siendo ideal para los jinetes que no tienen una disciplina muy definida.Opciones de serie:* Fabricada con cuero boxcalf (2 mm.) muy resistente y c\u00f3modo.* Baste mixto de relleno de lana y goma l\u00e1tex inteligente.* Fald\u00f3n mixto.* Rodillera\/Taco interior.* Rodillera exterior forrada de piel.* Armadura fabricada en materiales especiales, con la tecnolog\u00eda m\u00e1s avanzada. Garant\u00eda de 10 a\u00f1os.* Estriberas inoxidables de seguridad.* Latiguillos cortos. MEDIDAS:* Jinete 17.5&quot; (largo de 44.5 cm. desde el borr\u00e9n trasero de la silla al clavo Zaldi).* Cruz del caballo: de 28 cm. a 34 cm.* Peso: 5.600 kg.* Largo del fald\u00f3n desde la estribera: 37 cm.* Largo del baste por debajo: 46 cm.* \u00c1rea de apoyo del baste sobre el lomo del caballo: 41 cm. \u00a1AVISO IMPORTANTE! COLORES DEL CUERO Es \u201cIMPOSIBLE\u201d conseguir que dos art\u00edculos en cuero de color avellana, tostado, marr\u00f3n o habana sean exactamente iguales. Ref. 00175\" \/>\n<meta name=\"robots\" content=\"noindex, follow, max-snippet:-1, max-image-preview:large, max-video-preview:-1\" \/>\n<meta property=\"og:locale\" content=\"es_ES\" \/>\n<meta property=\"og:type\" content=\"article\" \/>\n<meta property=\"og:title\" content=\"SILLA ZALDI USO GENERAL EUROPA 2G CHANGE - Zaldionline.com\" \/>\n<meta property=\"og:description\" content=\"Precio IVA incl.: 1712.00\u20ac Adem\u00e1s de los cl\u00e1sicos colores; se pueden realizar m\u00faltiples combinaciones en colores de cuero, hilos, vivos, burletes\u2026Silla de uso general EUROPA 2G y EUROPA 2G CHANGE, m\u00e1xima calidad y dise\u00f1o, ofreciendo a nuestros jinetes soluciones con la m\u00e1xima garant\u00eda.Las sillas de uso general (o mixtas) no son espec\u00edficas para ninguna disciplina h\u00edpica pero nos sirven para casi todo. De tal forma que las podemos utilizar tanto para doma, salto, cross, marcha, endurance.... siendo ideal para los jinetes que no tienen una disciplina muy definida.Opciones de serie:* Fabricada con cuero boxcalf (2 mm.) muy resistente y c\u00f3modo.* Baste mixto de relleno de lana y goma l\u00e1tex inteligente.* Fald\u00f3n mixto.* Rodillera\/Taco interior.* Rodillera exterior forrada de piel.* Armadura fabricada en materiales especiales, con la tecnolog\u00eda m\u00e1s avanzada. Garant\u00eda de 10 a\u00f1os.* Estriberas inoxidables de seguridad.* Latiguillos cortos. MEDIDAS:* Jinete 17.5&quot; (largo de 44.5 cm. desde el borr\u00e9n trasero de la silla al clavo Zaldi).* Cruz del caballo: de 28 cm. a 34 cm.* Peso: 5.600 kg.* Largo del fald\u00f3n desde la estribera: 37 cm.* Largo del baste por debajo: 46 cm.* \u00c1rea de apoyo del baste sobre el lomo del caballo: 41 cm. \u00a1AVISO IMPORTANTE! COLORES DEL CUERO Es \u201cIMPOSIBLE\u201d conseguir que dos art\u00edculos en cuero de color avellana, tostado, marr\u00f3n o habana sean exactamente iguales. Ref. 00175\" \/>\n<meta property=\"og:url\" content=\"https:\/\/www.zaldionline.com\/es\/producto\/silla-zaldi-uso-general-europa-2g-change\/\" \/>\n<meta property=\"og:site_name\" content=\"Zaldionline.com\" \/>\n<meta property=\"article:modified_time\" content=\"2024-10-29T12:39:51+00:00\" \/>\n<meta property=\"og:image\" content=\"https:\/\/www.zaldionline.com\/es\/wp-content\/uploads\/sites\/2\/2020\/10\/Bild_2020-12-10_133258.png\" \/>\n\t<meta property=\"og:image:width\" content=\"501\" \/>\n\t<meta property=\"og:image:height\" content=\"507\" \/>\n\t<meta property=\"og:image:type\" content=\"image\/png\" \/>\n<meta name=\"twitter:card\" content=\"summary_large_image\" \/>\n<meta name=\"twitter:label1\" content=\"Tiempo de lectura\" \/>\n\t<meta name=\"twitter:data1\" content=\"3 minutos\" \/>\n<script type=\"application\/ld+json\" class=\"yoast-schema-graph\">{\"@context\":\"https:\\\/\\\/schema.org\",\"@graph\":[{\"@type\":\"WebPage\",\"@id\":\"https:\\\/\\\/www.zaldionline.com\\\/es\\\/producto\\\/silla-zaldi-uso-general-europa-2g-change\\\/\",\"url\":\"https:\\\/\\\/www.zaldionline.com\\\/es\\\/producto\\\/silla-zaldi-uso-general-europa-2g-change\\\/\",\"name\":\"SILLA ZALDI USO GENERAL EUROPA 2G CHANGE - Zaldionline.com\",\"isPartOf\":{\"@id\":\"https:\\\/\\\/www.zaldionline.com\\\/es\\\/#website\"},\"primaryImageOfPage\":{\"@id\":\"https:\\\/\\\/www.zaldionline.com\\\/es\\\/producto\\\/silla-zaldi-uso-general-europa-2g-change\\\/#primaryimage\"},\"image\":{\"@id\":\"https:\\\/\\\/www.zaldionline.com\\\/es\\\/producto\\\/silla-zaldi-uso-general-europa-2g-change\\\/#primaryimage\"},\"thumbnailUrl\":\"https:\\\/\\\/www.zaldionline.com\\\/es\\\/wp-content\\\/uploads\\\/sites\\\/2\\\/2020\\\/10\\\/Bild_2020-12-10_133258.png\",\"datePublished\":\"2020-10-26T13:09:39+00:00\",\"dateModified\":\"2024-10-29T12:39:51+00:00\",\"description\":\"Precio IVA incl.: 1712.00\u20ac Adem\u00e1s de los cl\u00e1sicos colores; se pueden realizar m\u00faltiples combinaciones en colores de cuero, hilos, vivos, burletes\u2026Silla de uso general EUROPA 2G y EUROPA 2G CHANGE, m\u00e1xima calidad y dise\u00f1o, ofreciendo a nuestros jinetes soluciones con la m\u00e1xima garant\u00eda.Las sillas de uso general (o mixtas) no son espec\u00edficas para ninguna disciplina h\u00edpica pero nos sirven para casi todo. De tal forma que las podemos utilizar tanto para doma, salto, cross, marcha, endurance.... siendo ideal para los jinetes que no tienen una disciplina muy definida.Opciones de serie:* Fabricada con cuero boxcalf (2 mm.) muy resistente y c\u00f3modo.* Baste mixto de relleno de lana y goma l\u00e1tex inteligente.* Fald\u00f3n mixto.* Rodillera\\\/Taco interior.* Rodillera exterior forrada de piel.* Armadura fabricada en materiales especiales, con la tecnolog\u00eda m\u00e1s avanzada. Garant\u00eda de 10 a\u00f1os.* Estriberas inoxidables de seguridad.* Latiguillos cortos. MEDIDAS:* Jinete 17.5\\\" (largo de 44.5 cm. desde el borr\u00e9n trasero de la silla al clavo Zaldi).* Cruz del caballo: de 28 cm. a 34 cm.* Peso: 5.600 kg.* Largo del fald\u00f3n desde la estribera: 37 cm.* Largo del baste por debajo: 46 cm.* \u00c1rea de apoyo del baste sobre el lomo del caballo: 41 cm. \u00a1AVISO IMPORTANTE! COLORES DEL CUERO Es \u201cIMPOSIBLE\u201d conseguir que dos art\u00edculos en cuero de color avellana, tostado, marr\u00f3n o habana sean exactamente iguales. Ref. 00175\",\"breadcrumb\":{\"@id\":\"https:\\\/\\\/www.zaldionline.com\\\/es\\\/producto\\\/silla-zaldi-uso-general-europa-2g-change\\\/#breadcrumb\"},\"inLanguage\":\"es\",\"potentialAction\":[{\"@type\":\"ReadAction\",\"target\":[\"https:\\\/\\\/www.zaldionline.com\\\/es\\\/producto\\\/silla-zaldi-uso-general-europa-2g-change\\\/\"]}]},{\"@type\":\"ImageObject\",\"inLanguage\":\"es\",\"@id\":\"https:\\\/\\\/www.zaldionline.com\\\/es\\\/producto\\\/silla-zaldi-uso-general-europa-2g-change\\\/#primaryimage\",\"url\":\"https:\\\/\\\/www.zaldionline.com\\\/es\\\/wp-content\\\/uploads\\\/sites\\\/2\\\/2020\\\/10\\\/Bild_2020-12-10_133258.png\",\"contentUrl\":\"https:\\\/\\\/www.zaldionline.com\\\/es\\\/wp-content\\\/uploads\\\/sites\\\/2\\\/2020\\\/10\\\/Bild_2020-12-10_133258.png\",\"width\":501,\"height\":507},{\"@type\":\"BreadcrumbList\",\"@id\":\"https:\\\/\\\/www.zaldionline.com\\\/es\\\/producto\\\/silla-zaldi-uso-general-europa-2g-change\\\/#breadcrumb\",\"itemListElement\":[{\"@type\":\"ListItem\",\"position\":1,\"name\":\"Portada\",\"item\":\"https:\\\/\\\/www.zaldionline.com\\\/es\\\/\"},{\"@type\":\"ListItem\",\"position\":2,\"name\":\"Sillas y accesorios\",\"item\":\"https:\\\/\\\/www.zaldionline.com\\\/es\\\/sillas-y-accesorios\\\/\"},{\"@type\":\"ListItem\",\"position\":3,\"name\":\"SILLA ZALDI USO GENERAL EUROPA 2G CHANGE\"}]},{\"@type\":\"WebSite\",\"@id\":\"https:\\\/\\\/www.zaldionline.com\\\/es\\\/#website\",\"url\":\"https:\\\/\\\/www.zaldionline.com\\\/es\\\/\",\"name\":\"Zaldionline.com\",\"description\":\"Los mejores productos para usted y su caballo\",\"potentialAction\":[{\"@type\":\"SearchAction\",\"target\":{\"@type\":\"EntryPoint\",\"urlTemplate\":\"https:\\\/\\\/www.zaldionline.com\\\/es\\\/?s={search_term_string}\"},\"query-input\":{\"@type\":\"PropertyValueSpecification\",\"valueRequired\":true,\"valueName\":\"search_term_string\"}}],\"inLanguage\":\"es\"}]}<\/script>\n<!-- \/ Yoast SEO plugin. -->","yoast_head_json":{"title":"SILLA ZALDI USO GENERAL EUROPA 2G CHANGE - Zaldionline.com","description":"Precio IVA incl.: 1712.00\u20ac Adem\u00e1s de los cl\u00e1sicos colores; se pueden realizar m\u00faltiples combinaciones en colores de cuero, hilos, vivos, burletes\u2026Silla de uso general EUROPA 2G y EUROPA 2G CHANGE, m\u00e1xima calidad y dise\u00f1o, ofreciendo a nuestros jinetes soluciones con la m\u00e1xima garant\u00eda.Las sillas de uso general (o mixtas) no son espec\u00edficas para ninguna disciplina h\u00edpica pero nos sirven para casi todo. De tal forma que las podemos utilizar tanto para doma, salto, cross, marcha, endurance.... siendo ideal para los jinetes que no tienen una disciplina muy definida.Opciones de serie:* Fabricada con cuero boxcalf (2 mm.) muy resistente y c\u00f3modo.* Baste mixto de relleno de lana y goma l\u00e1tex inteligente.* Fald\u00f3n mixto.* Rodillera\/Taco interior.* Rodillera exterior forrada de piel.* Armadura fabricada en materiales especiales, con la tecnolog\u00eda m\u00e1s avanzada. Garant\u00eda de 10 a\u00f1os.* Estriberas inoxidables de seguridad.* Latiguillos cortos. MEDIDAS:* Jinete 17.5\" (largo de 44.5 cm. desde el borr\u00e9n trasero de la silla al clavo Zaldi).* Cruz del caballo: de 28 cm. a 34 cm.* Peso: 5.600 kg.* Largo del fald\u00f3n desde la estribera: 37 cm.* Largo del baste por debajo: 46 cm.* \u00c1rea de apoyo del baste sobre el lomo del caballo: 41 cm. \u00a1AVISO IMPORTANTE! COLORES DEL CUERO Es \u201cIMPOSIBLE\u201d conseguir que dos art\u00edculos en cuero de color avellana, tostado, marr\u00f3n o habana sean exactamente iguales. Ref. 00175","robots":{"index":"noindex","follow":"follow","max-snippet":"max-snippet:-1","max-image-preview":"max-image-preview:large","max-video-preview":"max-video-preview:-1"},"og_locale":"es_ES","og_type":"article","og_title":"SILLA ZALDI USO GENERAL EUROPA 2G CHANGE - Zaldionline.com","og_description":"Precio IVA incl.: 1712.00\u20ac Adem\u00e1s de los cl\u00e1sicos colores; se pueden realizar m\u00faltiples combinaciones en colores de cuero, hilos, vivos, burletes\u2026Silla de uso general EUROPA 2G y EUROPA 2G CHANGE, m\u00e1xima calidad y dise\u00f1o, ofreciendo a nuestros jinetes soluciones con la m\u00e1xima garant\u00eda.Las sillas de uso general (o mixtas) no son espec\u00edficas para ninguna disciplina h\u00edpica pero nos sirven para casi todo. De tal forma que las podemos utilizar tanto para doma, salto, cross, marcha, endurance.... siendo ideal para los jinetes que no tienen una disciplina muy definida.Opciones de serie:* Fabricada con cuero boxcalf (2 mm.) muy resistente y c\u00f3modo.* Baste mixto de relleno de lana y goma l\u00e1tex inteligente.* Fald\u00f3n mixto.* Rodillera\/Taco interior.* Rodillera exterior forrada de piel.* Armadura fabricada en materiales especiales, con la tecnolog\u00eda m\u00e1s avanzada. Garant\u00eda de 10 a\u00f1os.* Estriberas inoxidables de seguridad.* Latiguillos cortos. MEDIDAS:* Jinete 17.5\" (largo de 44.5 cm. desde el borr\u00e9n trasero de la silla al clavo Zaldi).* Cruz del caballo: de 28 cm. a 34 cm.* Peso: 5.600 kg.* Largo del fald\u00f3n desde la estribera: 37 cm.* Largo del baste por debajo: 46 cm.* \u00c1rea de apoyo del baste sobre el lomo del caballo: 41 cm. \u00a1AVISO IMPORTANTE! COLORES DEL CUERO Es \u201cIMPOSIBLE\u201d conseguir que dos art\u00edculos en cuero de color avellana, tostado, marr\u00f3n o habana sean exactamente iguales. Ref. 00175","og_url":"https:\/\/www.zaldionline.com\/es\/producto\/silla-zaldi-uso-general-europa-2g-change\/","og_site_name":"Zaldionline.com","article_modified_time":"2024-10-29T12:39:51+00:00","og_image":[{"width":501,"height":507,"url":"https:\/\/www.zaldionline.com\/es\/wp-content\/uploads\/sites\/2\/2020\/10\/Bild_2020-12-10_133258.png","type":"image\/png"}],"twitter_card":"summary_large_image","twitter_misc":{"Tiempo de lectura":"3 minutos"},"schema":{"@context":"https:\/\/schema.org","@graph":[{"@type":"WebPage","@id":"https:\/\/www.zaldionline.com\/es\/producto\/silla-zaldi-uso-general-europa-2g-change\/","url":"https:\/\/www.zaldionline.com\/es\/producto\/silla-zaldi-uso-general-europa-2g-change\/","name":"SILLA ZALDI USO GENERAL EUROPA 2G CHANGE - Zaldionline.com","isPartOf":{"@id":"https:\/\/www.zaldionline.com\/es\/#website"},"primaryImageOfPage":{"@id":"https:\/\/www.zaldionline.com\/es\/producto\/silla-zaldi-uso-general-europa-2g-change\/#primaryimage"},"image":{"@id":"https:\/\/www.zaldionline.com\/es\/producto\/silla-zaldi-uso-general-europa-2g-change\/#primaryimage"},"thumbnailUrl":"https:\/\/www.zaldionline.com\/es\/wp-content\/uploads\/sites\/2\/2020\/10\/Bild_2020-12-10_133258.png","datePublished":"2020-10-26T13:09:39+00:00","dateModified":"2024-10-29T12:39:51+00:00","description":"Precio IVA incl.: 1712.00\u20ac Adem\u00e1s de los cl\u00e1sicos colores; se pueden realizar m\u00faltiples combinaciones en colores de cuero, hilos, vivos, burletes\u2026Silla de uso general EUROPA 2G y EUROPA 2G CHANGE, m\u00e1xima calidad y dise\u00f1o, ofreciendo a nuestros jinetes soluciones con la m\u00e1xima garant\u00eda.Las sillas de uso general (o mixtas) no son espec\u00edficas para ninguna disciplina h\u00edpica pero nos sirven para casi todo. De tal forma que las podemos utilizar tanto para doma, salto, cross, marcha, endurance.... siendo ideal para los jinetes que no tienen una disciplina muy definida.Opciones de serie:* Fabricada con cuero boxcalf (2 mm.) muy resistente y c\u00f3modo.* Baste mixto de relleno de lana y goma l\u00e1tex inteligente.* Fald\u00f3n mixto.* Rodillera\/Taco interior.* Rodillera exterior forrada de piel.* Armadura fabricada en materiales especiales, con la tecnolog\u00eda m\u00e1s avanzada. Garant\u00eda de 10 a\u00f1os.* Estriberas inoxidables de seguridad.* Latiguillos cortos. MEDIDAS:* Jinete 17.5\" (largo de 44.5 cm. desde el borr\u00e9n trasero de la silla al clavo Zaldi).* Cruz del caballo: de 28 cm. a 34 cm.* Peso: 5.600 kg.* Largo del fald\u00f3n desde la estribera: 37 cm.* Largo del baste por debajo: 46 cm.* \u00c1rea de apoyo del baste sobre el lomo del caballo: 41 cm. \u00a1AVISO IMPORTANTE! COLORES DEL CUERO Es \u201cIMPOSIBLE\u201d conseguir que dos art\u00edculos en cuero de color avellana, tostado, marr\u00f3n o habana sean exactamente iguales. Ref. 00175","breadcrumb":{"@id":"https:\/\/www.zaldionline.com\/es\/producto\/silla-zaldi-uso-general-europa-2g-change\/#breadcrumb"},"inLanguage":"es","potentialAction":[{"@type":"ReadAction","target":["https:\/\/www.zaldionline.com\/es\/producto\/silla-zaldi-uso-general-europa-2g-change\/"]}]},{"@type":"ImageObject","inLanguage":"es","@id":"https:\/\/www.zaldionline.com\/es\/producto\/silla-zaldi-uso-general-europa-2g-change\/#primaryimage","url":"https:\/\/www.zaldionline.com\/es\/wp-content\/uploads\/sites\/2\/2020\/10\/Bild_2020-12-10_133258.png","contentUrl":"https:\/\/www.zaldionline.com\/es\/wp-content\/uploads\/sites\/2\/2020\/10\/Bild_2020-12-10_133258.png","width":501,"height":507},{"@type":"BreadcrumbList","@id":"https:\/\/www.zaldionline.com\/es\/producto\/silla-zaldi-uso-general-europa-2g-change\/#breadcrumb","itemListElement":[{"@type":"ListItem","position":1,"name":"Portada","item":"https:\/\/www.zaldionline.com\/es\/"},{"@type":"ListItem","position":2,"name":"Sillas y accesorios","item":"https:\/\/www.zaldionline.com\/es\/sillas-y-accesorios\/"},{"@type":"ListItem","position":3,"name":"SILLA ZALDI USO GENERAL EUROPA 2G CHANGE"}]},{"@type":"WebSite","@id":"https:\/\/www.zaldionline.com\/es\/#website","url":"https:\/\/www.zaldionline.com\/es\/","name":"Zaldionline.com","description":"Los mejores productos para usted y su caballo","potentialAction":[{"@type":"SearchAction","target":{"@type":"EntryPoint","urlTemplate":"https:\/\/www.zaldionline.com\/es\/?s={search_term_string}"},"query-input":{"@type":"PropertyValueSpecification","valueRequired":true,"valueName":"search_term_string"}}],"inLanguage":"es"}]}},"_links":{"self":[{"href":"https:\/\/www.zaldionline.com\/es\/wp-json\/wp\/v2\/product\/13574","targetHints":{"allow":["GET"]}}],"collection":[{"href":"https:\/\/www.zaldionline.com\/es\/wp-json\/wp\/v2\/product"}],"about":[{"href":"https:\/\/www.zaldionline.com\/es\/wp-json\/wp\/v2\/types\/product"}],"replies":[{"embeddable":true,"href":"https:\/\/www.zaldionline.com\/es\/wp-json\/wp\/v2\/comments?post=13574"}],"version-history":[{"count":5,"href":"https:\/\/www.zaldionline.com\/es\/wp-json\/wp\/v2\/product\/13574\/revisions"}],"predecessor-version":[{"id":25567,"href":"https:\/\/www.zaldionline.com\/es\/wp-json\/wp\/v2\/product\/13574\/revisions\/25567"}],"wp:featuredmedia":[{"embeddable":true,"href":"https:\/\/www.zaldionline.com\/es\/wp-json\/wp\/v2\/media\/17316"}],"wp:attachment":[{"href":"https:\/\/www.zaldionline.com\/es\/wp-json\/wp\/v2\/media?parent=13574"}],"wp:term":[{"taxonomy":"product_brand","embeddable":true,"href":"https:\/\/www.zaldionline.com\/es\/wp-json\/wp\/v2\/product_brand?post=13574"},{"taxonomy":"product_cat","embeddable":true,"href":"https:\/\/www.zaldionline.com\/es\/wp-json\/wp\/v2\/product_cat?post=13574"},{"taxonomy":"product_tag","embeddable":true,"href":"https:\/\/www.zaldionline.com\/es\/wp-json\/wp\/v2\/product_tag?post=13574"}],"curies":[{"name":"wp","href":"https:\/\/api.w.org\/{rel}","templated":true}]}}