{"id":13602,"date":"2020-10-26T13:32:59","date_gmt":"2020-10-26T13:32:59","guid":{"rendered":"https:\/\/zaldionline.com\/?post_type=product&#038;p=13602"},"modified":"2024-10-29T12:37:06","modified_gmt":"2024-10-29T12:37:06","slug":"silla-zaldi-uso-general-olympic-deluxe","status":"publish","type":"product","link":"https:\/\/www.zaldionline.com\/es\/producto\/silla-zaldi-uso-general-olympic-deluxe\/","title":{"rendered":"SILLA ZALDI USO GENERAL OLYMPIC DELUXE"},"content":{"rendered":"\t\t<div data-elementor-type=\"wp-post\" data-elementor-id=\"13602\" class=\"elementor elementor-13602\">\n\t\t\t\t\t\t<section class=\"elementor-section elementor-top-section elementor-element elementor-element-5ad8cea4 elementor-section-boxed elementor-section-height-default elementor-section-height-default\" data-id=\"5ad8cea4\" data-element_type=\"section\" data-e-type=\"section\">\n\t\t\t\t\t\t<div class=\"elementor-container elementor-column-gap-default\">\n\t\t\t\t\t<div class=\"elementor-column elementor-col-100 elementor-top-column elementor-element elementor-element-6ed7bda7\" data-id=\"6ed7bda7\" data-element_type=\"column\" data-e-type=\"column\">\n\t\t\t<div class=\"elementor-widget-wrap elementor-element-populated\">\n\t\t\t\t\t\t<div class=\"elementor-element elementor-element-152215e3 elementor-widget elementor-widget-text-editor\" data-id=\"152215e3\" data-element_type=\"widget\" data-e-type=\"widget\" data-widget_type=\"text-editor.default\">\n\t\t\t\t<div class=\"elementor-widget-container\">\n\t\t\t\t\t\t\t\t\t<p>Precio IVA incl.<\/p><p>Dise\u00f1o y calidad.<br \/><br \/>Ofrecer la m\u00e1xima calidad y dise\u00f1o siempre ha sido uno de nuestros objetivos prioritarios. La calidad y dise\u00f1o en esta silla de montar de uso general &#8220;Olympic de Luxe&#8221; ha sido la base que ha sustentado su desarrollo, ofreciendo a nuestros jinetes soluciones con la m\u00e1xima garant\u00eda.<br \/><br \/>Las sillas de uso general (o mixtas) no son espec\u00edficas para ninguna disciplina h\u00edpica pero nos sirven para casi todo. de tal forma que las podemos utilizar tanto para doma, salto, cross, marcha, endurance&#8230;. siendo ideal para los jinetes que no tienen una disciplina muy definida.<br \/><br \/>Fabricada con cuero boxcalf (2 mm.), muy suave y confortable. Bastes mixto de relleno de lana y goma l\u00e1tex inteligente.<br \/>Fald\u00f3n: mixto. Rodillera\/Taco interior. Armadura fabricada en materiales especiales, con la tecnolog\u00eda m\u00e1s avanzada. Garant\u00eda de 10 a\u00f1os. Estriberas inoxidables de seguridad. Latiguillos cortos.<br \/><br \/>Medidas:<br \/><br \/>* Jinete: 16&#8243; 16.5&#8243; 17&#8243; 17.5&#8243; 18&#8243;, 19&#8243;<br \/>* Cruz del caballo: de 28 cm. a 34 cm.<br \/><br \/>Colores: actualmente adem\u00e1s de los cl\u00e1sicos colores negro, marr\u00f3n, habana, avellana, tostado; se pueden realizar m\u00faltiples combinaciones en colores de cuero, hilos, vivos, burletes\u2026 Por ejemplo el modelo de la imagen es bicolor en marr\u00f3n\/tostado con burletes en tostado e hilos y vivos naranja\/amarillo.<br \/><br \/>OPCIONAL: Puedes encargar tu silla Zaldi con m\u00e1s piquetes delanteros o traseros, para alforjas o pechopetrales&#8230;<br \/><br \/>MEDIDAS:<br \/><br \/>* Jinete 17.5&#8243; (largo de 44.5 cm. desde el borr\u00e9n trasero de la silla al clavo Zaldi).<br \/>* Cruz del caballo: de 28 cm. a 34 cm.<br \/>* Peso: 7.000 Kg.<br \/>* Largo del fald\u00f3n desde la estribera: 41 cm.<br \/>* Largo del baste por debajo: 49 cm.<br \/>* \u00c1rea de apoyo del baste sobre el lomo del caballo: 44 cm.<br \/>* Rodillera exterior: 14 cm. x 3.5 cm. x 3 cm<\/p><p><strong>\u00a1AVISO IMPORTANTE!<\/strong><\/p><p><strong>COLORES DEL CUERO<\/strong><\/p><p><strong>Es \u201cIMPOSIBLE\u201d conseguir que dos art\u00edculos en cuero de color avellana, tostado, marr\u00f3n o habana sean exactamente iguales.<\/strong><\/p><p>Ref.: 00129<\/p>\t\t\t\t\t\t\t\t<\/div>\n\t\t\t\t<\/div>\n\t\t\t\t\t<\/div>\n\t\t<\/div>\n\t\t\t\t\t<\/div>\n\t\t<\/section>\n\t\t\t\t<\/div>\n\t\t","protected":false},"excerpt":{"rendered":"<p>Precio IVA incl. Dise\u00f1o y calidad. Ofrecer la m\u00e1xima calidad y dise\u00f1o siempre ha sido uno de nuestros objetivos prioritarios. La calidad y dise\u00f1o en esta silla de montar de uso general &#8220;Olympic de Luxe&#8221; ha sido la base que ha sustentado su desarrollo, ofreciendo a nuestros jinetes soluciones con la m\u00e1xima garant\u00eda. Las sillas [&hellip;]<\/p>\n","protected":false},"featured_media":17315,"comment_status":"open","ping_status":"closed","template":"","meta":{"site-sidebar-layout":"default","site-content-layout":"","ast-site-content-layout":"default","site-content-style":"default","site-sidebar-style":"default","ast-global-header-display":"","ast-banner-title-visibility":"","ast-main-header-display":"","ast-hfb-above-header-display":"","ast-hfb-below-header-display":"","ast-hfb-mobile-header-display":"","site-post-title":"","ast-breadcrumbs-content":"","ast-featured-img":"","footer-sml-layout":"","ast-disable-related-posts":"","theme-transparent-header-meta":"default","adv-header-id-meta":"","stick-header-meta":"","header-above-stick-meta":"","header-main-stick-meta":"","header-below-stick-meta":"","astra-migrate-meta-layouts":"set","ast-page-background-enabled":"default","ast-page-background-meta":{"desktop":{"background-color":"var(--ast-global-color-4)","background-image":"","background-repeat":"repeat","background-position":"center center","background-size":"auto","background-attachment":"scroll","background-type":"","background-media":"","overlay-type":"","overlay-color":"","overlay-opacity":"","overlay-gradient":""},"tablet":{"background-color":"","background-image":"","background-repeat":"repeat","background-position":"center center","background-size":"auto","background-attachment":"scroll","background-type":"","background-media":"","overlay-type":"","overlay-color":"","overlay-opacity":"","overlay-gradient":""},"mobile":{"background-color":"","background-image":"","background-repeat":"repeat","background-position":"center center","background-size":"auto","background-attachment":"scroll","background-type":"","background-media":"","overlay-type":"","overlay-color":"","overlay-opacity":"","overlay-gradient":""}},"ast-content-background-meta":{"desktop":{"background-color":"var(--ast-global-color-5)","background-image":"","background-repeat":"repeat","background-position":"center center","background-size":"auto","background-attachment":"scroll","background-type":"","background-media":"","overlay-type":"","overlay-color":"","overlay-opacity":"","overlay-gradient":""},"tablet":{"background-color":"var(--ast-global-color-5)","background-image":"","background-repeat":"repeat","background-position":"center center","background-size":"auto","background-attachment":"scroll","background-type":"","background-media":"","overlay-type":"","overlay-color":"","overlay-opacity":"","overlay-gradient":""},"mobile":{"background-color":"var(--ast-global-color-5)","background-image":"","background-repeat":"repeat","background-position":"center center","background-size":"auto","background-attachment":"scroll","background-type":"","background-media":"","overlay-type":"","overlay-color":"","overlay-opacity":"","overlay-gradient":""}},"ngg_post_thumbnail":0},"product_brand":[],"product_cat":[17,31],"product_tag":[341,346,440,410,1081,202,340,1057,337,991,338,1085,339],"class_list":{"0":"post-13602","1":"product","2":"type-product","3":"status-publish","4":"has-post-thumbnail","6":"product_cat-sillas","7":"product_cat-uso-general","8":"product_tag-bienestarcaballo","9":"product_tag-equiscan-zaldi","10":"product_tag-silla","11":"product_tag-silla-custom","12":"product_tag-silla-de-uso-general","13":"product_tag-sillas","14":"product_tag-susanne-nagel","15":"product_tag-vegano","16":"product_tag-zaldi","17":"product_tag-zaldi-alemania","18":"product_tag-zaldi-deutschland","19":"product_tag-zaldi-olympic-deluxe","20":"product_tag-zaldi-online-com","21":"desktop-align-left","22":"tablet-align-left","23":"mobile-align-left","25":"first","26":"instock","27":"taxable","28":"shipping-taxable","29":"purchasable","30":"product-type-variable"},"yoast_head":"<!-- This site is optimized with the Yoast SEO plugin v27.3 - https:\/\/yoast.com\/product\/yoast-seo-wordpress\/ -->\n<title>SILLA ZALDI USO GENERAL OLYMPIC DELUXE - Zaldionline.com<\/title>\n<meta name=\"description\" content=\"Precio IVA incl.: 1579.30\u20ac Medidas:* Jinete: 16&quot; 16.5&quot; 17&quot; 17.5&quot; 18&quot;, 19&quot;* Cruz del caballo: de 28 cm. a 34 cm. Colores: actualmente adem\u00e1s de los cl\u00e1sicos colores negro, marr\u00f3n, habana, avellana, tostado; se pueden realizar m\u00faltiples combinaciones en colores de cuero, hilos, vivos, burletes\u2026 Por ejemplo el modelo de la imagen es bicolor en marr\u00f3n\/tostado con burletes en tostado e hilos y vivos naranja\/amarillo. OPCIONAL: Puedes encargar tu silla Zaldi con m\u00e1s piquetes delanteros o traseros, para alforjas o pechopetrales...MEDIDAS:* Jinete 17.5&quot; (largo de 44.5 cm. desde el borr\u00e9n trasero de la silla al clavo Zaldi).* Cruz del caballo: de 28 cm. a 34 cm.* Peso: 7.000 Kg.* Largo del fald\u00f3n desde la estribera: 41 cm.* Largo del baste por debajo: 49 cm.* \u00c1rea de apoyo del baste sobre el lomo del caballo: 44 cm.* Rodillera exterior: 14 cm. x 3.5 cm. x 3 cm. \u00a1AVISO IMPORTANTE! COLORES DEL CUERO Es \u201cIMPOSIBLE\u201d conseguir que dos art\u00edculos en cuero de color avellana, tostado, marr\u00f3n o habana sean exactamente iguales. Ref. 00129\" \/>\n<meta name=\"robots\" content=\"noindex, follow, max-snippet:-1, max-image-preview:large, max-video-preview:-1\" \/>\n<meta property=\"og:locale\" content=\"es_ES\" \/>\n<meta property=\"og:type\" content=\"article\" \/>\n<meta property=\"og:title\" content=\"SILLA ZALDI USO GENERAL OLYMPIC DELUXE - Zaldionline.com\" \/>\n<meta property=\"og:description\" content=\"Precio IVA incl.: 1579.30\u20ac Medidas:* Jinete: 16&quot; 16.5&quot; 17&quot; 17.5&quot; 18&quot;, 19&quot;* Cruz del caballo: de 28 cm. a 34 cm. Colores: actualmente adem\u00e1s de los cl\u00e1sicos colores negro, marr\u00f3n, habana, avellana, tostado; se pueden realizar m\u00faltiples combinaciones en colores de cuero, hilos, vivos, burletes\u2026 Por ejemplo el modelo de la imagen es bicolor en marr\u00f3n\/tostado con burletes en tostado e hilos y vivos naranja\/amarillo. OPCIONAL: Puedes encargar tu silla Zaldi con m\u00e1s piquetes delanteros o traseros, para alforjas o pechopetrales...MEDIDAS:* Jinete 17.5&quot; (largo de 44.5 cm. desde el borr\u00e9n trasero de la silla al clavo Zaldi).* Cruz del caballo: de 28 cm. a 34 cm.* Peso: 7.000 Kg.* Largo del fald\u00f3n desde la estribera: 41 cm.* Largo del baste por debajo: 49 cm.* \u00c1rea de apoyo del baste sobre el lomo del caballo: 44 cm.* Rodillera exterior: 14 cm. x 3.5 cm. x 3 cm. \u00a1AVISO IMPORTANTE! COLORES DEL CUERO Es \u201cIMPOSIBLE\u201d conseguir que dos art\u00edculos en cuero de color avellana, tostado, marr\u00f3n o habana sean exactamente iguales. Ref. 00129\" \/>\n<meta property=\"og:url\" content=\"https:\/\/www.zaldionline.com\/es\/producto\/silla-zaldi-uso-general-olympic-deluxe\/\" \/>\n<meta property=\"og:site_name\" content=\"Zaldionline.com\" \/>\n<meta property=\"article:modified_time\" content=\"2024-10-29T12:37:06+00:00\" \/>\n<meta property=\"og:image\" content=\"https:\/\/www.zaldionline.com\/es\/wp-content\/uploads\/sites\/2\/2020\/10\/Bild_2020-12-10_133158.png\" \/>\n\t<meta property=\"og:image:width\" content=\"501\" \/>\n\t<meta property=\"og:image:height\" content=\"489\" \/>\n\t<meta property=\"og:image:type\" content=\"image\/png\" \/>\n<meta name=\"twitter:card\" content=\"summary_large_image\" \/>\n<meta name=\"twitter:label1\" content=\"Tiempo de lectura\" \/>\n\t<meta name=\"twitter:data1\" content=\"2 minutos\" \/>\n<script type=\"application\/ld+json\" class=\"yoast-schema-graph\">{\"@context\":\"https:\\\/\\\/schema.org\",\"@graph\":[{\"@type\":\"WebPage\",\"@id\":\"https:\\\/\\\/www.zaldionline.com\\\/es\\\/producto\\\/silla-zaldi-uso-general-olympic-deluxe\\\/\",\"url\":\"https:\\\/\\\/www.zaldionline.com\\\/es\\\/producto\\\/silla-zaldi-uso-general-olympic-deluxe\\\/\",\"name\":\"SILLA ZALDI USO GENERAL OLYMPIC DELUXE - Zaldionline.com\",\"isPartOf\":{\"@id\":\"https:\\\/\\\/www.zaldionline.com\\\/es\\\/#website\"},\"primaryImageOfPage\":{\"@id\":\"https:\\\/\\\/www.zaldionline.com\\\/es\\\/producto\\\/silla-zaldi-uso-general-olympic-deluxe\\\/#primaryimage\"},\"image\":{\"@id\":\"https:\\\/\\\/www.zaldionline.com\\\/es\\\/producto\\\/silla-zaldi-uso-general-olympic-deluxe\\\/#primaryimage\"},\"thumbnailUrl\":\"https:\\\/\\\/www.zaldionline.com\\\/es\\\/wp-content\\\/uploads\\\/sites\\\/2\\\/2020\\\/10\\\/Bild_2020-12-10_133158.png\",\"datePublished\":\"2020-10-26T13:32:59+00:00\",\"dateModified\":\"2024-10-29T12:37:06+00:00\",\"description\":\"Precio IVA incl.: 1579.30\u20ac Medidas:* Jinete: 16\\\" 16.5\\\" 17\\\" 17.5\\\" 18\\\", 19\\\"* Cruz del caballo: de 28 cm. a 34 cm. Colores: actualmente adem\u00e1s de los cl\u00e1sicos colores negro, marr\u00f3n, habana, avellana, tostado; se pueden realizar m\u00faltiples combinaciones en colores de cuero, hilos, vivos, burletes\u2026 Por ejemplo el modelo de la imagen es bicolor en marr\u00f3n\\\/tostado con burletes en tostado e hilos y vivos naranja\\\/amarillo. OPCIONAL: Puedes encargar tu silla Zaldi con m\u00e1s piquetes delanteros o traseros, para alforjas o pechopetrales...MEDIDAS:* Jinete 17.5\\\" (largo de 44.5 cm. desde el borr\u00e9n trasero de la silla al clavo Zaldi).* Cruz del caballo: de 28 cm. a 34 cm.* Peso: 7.000 Kg.* Largo del fald\u00f3n desde la estribera: 41 cm.* Largo del baste por debajo: 49 cm.* \u00c1rea de apoyo del baste sobre el lomo del caballo: 44 cm.* Rodillera exterior: 14 cm. x 3.5 cm. x 3 cm. \u00a1AVISO IMPORTANTE! COLORES DEL CUERO Es \u201cIMPOSIBLE\u201d conseguir que dos art\u00edculos en cuero de color avellana, tostado, marr\u00f3n o habana sean exactamente iguales. Ref. 00129\",\"breadcrumb\":{\"@id\":\"https:\\\/\\\/www.zaldionline.com\\\/es\\\/producto\\\/silla-zaldi-uso-general-olympic-deluxe\\\/#breadcrumb\"},\"inLanguage\":\"es\",\"potentialAction\":[{\"@type\":\"ReadAction\",\"target\":[\"https:\\\/\\\/www.zaldionline.com\\\/es\\\/producto\\\/silla-zaldi-uso-general-olympic-deluxe\\\/\"]}]},{\"@type\":\"ImageObject\",\"inLanguage\":\"es\",\"@id\":\"https:\\\/\\\/www.zaldionline.com\\\/es\\\/producto\\\/silla-zaldi-uso-general-olympic-deluxe\\\/#primaryimage\",\"url\":\"https:\\\/\\\/www.zaldionline.com\\\/es\\\/wp-content\\\/uploads\\\/sites\\\/2\\\/2020\\\/10\\\/Bild_2020-12-10_133158.png\",\"contentUrl\":\"https:\\\/\\\/www.zaldionline.com\\\/es\\\/wp-content\\\/uploads\\\/sites\\\/2\\\/2020\\\/10\\\/Bild_2020-12-10_133158.png\",\"width\":501,\"height\":489},{\"@type\":\"BreadcrumbList\",\"@id\":\"https:\\\/\\\/www.zaldionline.com\\\/es\\\/producto\\\/silla-zaldi-uso-general-olympic-deluxe\\\/#breadcrumb\",\"itemListElement\":[{\"@type\":\"ListItem\",\"position\":1,\"name\":\"Portada\",\"item\":\"https:\\\/\\\/www.zaldionline.com\\\/es\\\/\"},{\"@type\":\"ListItem\",\"position\":2,\"name\":\"Sillas y accesorios\",\"item\":\"https:\\\/\\\/www.zaldionline.com\\\/es\\\/sillas-y-accesorios\\\/\"},{\"@type\":\"ListItem\",\"position\":3,\"name\":\"SILLA ZALDI USO GENERAL OLYMPIC DELUXE\"}]},{\"@type\":\"WebSite\",\"@id\":\"https:\\\/\\\/www.zaldionline.com\\\/es\\\/#website\",\"url\":\"https:\\\/\\\/www.zaldionline.com\\\/es\\\/\",\"name\":\"Zaldionline.com\",\"description\":\"Los mejores productos para usted y su caballo\",\"potentialAction\":[{\"@type\":\"SearchAction\",\"target\":{\"@type\":\"EntryPoint\",\"urlTemplate\":\"https:\\\/\\\/www.zaldionline.com\\\/es\\\/?s={search_term_string}\"},\"query-input\":{\"@type\":\"PropertyValueSpecification\",\"valueRequired\":true,\"valueName\":\"search_term_string\"}}],\"inLanguage\":\"es\"}]}<\/script>\n<!-- \/ Yoast SEO plugin. -->","yoast_head_json":{"title":"SILLA ZALDI USO GENERAL OLYMPIC DELUXE - Zaldionline.com","description":"Precio IVA incl.: 1579.30\u20ac Medidas:* Jinete: 16\" 16.5\" 17\" 17.5\" 18\", 19\"* Cruz del caballo: de 28 cm. a 34 cm. Colores: actualmente adem\u00e1s de los cl\u00e1sicos colores negro, marr\u00f3n, habana, avellana, tostado; se pueden realizar m\u00faltiples combinaciones en colores de cuero, hilos, vivos, burletes\u2026 Por ejemplo el modelo de la imagen es bicolor en marr\u00f3n\/tostado con burletes en tostado e hilos y vivos naranja\/amarillo. OPCIONAL: Puedes encargar tu silla Zaldi con m\u00e1s piquetes delanteros o traseros, para alforjas o pechopetrales...MEDIDAS:* Jinete 17.5\" (largo de 44.5 cm. desde el borr\u00e9n trasero de la silla al clavo Zaldi).* Cruz del caballo: de 28 cm. a 34 cm.* Peso: 7.000 Kg.* Largo del fald\u00f3n desde la estribera: 41 cm.* Largo del baste por debajo: 49 cm.* \u00c1rea de apoyo del baste sobre el lomo del caballo: 44 cm.* Rodillera exterior: 14 cm. x 3.5 cm. x 3 cm. \u00a1AVISO IMPORTANTE! COLORES DEL CUERO Es \u201cIMPOSIBLE\u201d conseguir que dos art\u00edculos en cuero de color avellana, tostado, marr\u00f3n o habana sean exactamente iguales. Ref. 00129","robots":{"index":"noindex","follow":"follow","max-snippet":"max-snippet:-1","max-image-preview":"max-image-preview:large","max-video-preview":"max-video-preview:-1"},"og_locale":"es_ES","og_type":"article","og_title":"SILLA ZALDI USO GENERAL OLYMPIC DELUXE - Zaldionline.com","og_description":"Precio IVA incl.: 1579.30\u20ac Medidas:* Jinete: 16\" 16.5\" 17\" 17.5\" 18\", 19\"* Cruz del caballo: de 28 cm. a 34 cm. Colores: actualmente adem\u00e1s de los cl\u00e1sicos colores negro, marr\u00f3n, habana, avellana, tostado; se pueden realizar m\u00faltiples combinaciones en colores de cuero, hilos, vivos, burletes\u2026 Por ejemplo el modelo de la imagen es bicolor en marr\u00f3n\/tostado con burletes en tostado e hilos y vivos naranja\/amarillo. OPCIONAL: Puedes encargar tu silla Zaldi con m\u00e1s piquetes delanteros o traseros, para alforjas o pechopetrales...MEDIDAS:* Jinete 17.5\" (largo de 44.5 cm. desde el borr\u00e9n trasero de la silla al clavo Zaldi).* Cruz del caballo: de 28 cm. a 34 cm.* Peso: 7.000 Kg.* Largo del fald\u00f3n desde la estribera: 41 cm.* Largo del baste por debajo: 49 cm.* \u00c1rea de apoyo del baste sobre el lomo del caballo: 44 cm.* Rodillera exterior: 14 cm. x 3.5 cm. x 3 cm. \u00a1AVISO IMPORTANTE! COLORES DEL CUERO Es \u201cIMPOSIBLE\u201d conseguir que dos art\u00edculos en cuero de color avellana, tostado, marr\u00f3n o habana sean exactamente iguales. Ref. 00129","og_url":"https:\/\/www.zaldionline.com\/es\/producto\/silla-zaldi-uso-general-olympic-deluxe\/","og_site_name":"Zaldionline.com","article_modified_time":"2024-10-29T12:37:06+00:00","og_image":[{"width":501,"height":489,"url":"https:\/\/www.zaldionline.com\/es\/wp-content\/uploads\/sites\/2\/2020\/10\/Bild_2020-12-10_133158.png","type":"image\/png"}],"twitter_card":"summary_large_image","twitter_misc":{"Tiempo de lectura":"2 minutos"},"schema":{"@context":"https:\/\/schema.org","@graph":[{"@type":"WebPage","@id":"https:\/\/www.zaldionline.com\/es\/producto\/silla-zaldi-uso-general-olympic-deluxe\/","url":"https:\/\/www.zaldionline.com\/es\/producto\/silla-zaldi-uso-general-olympic-deluxe\/","name":"SILLA ZALDI USO GENERAL OLYMPIC DELUXE - Zaldionline.com","isPartOf":{"@id":"https:\/\/www.zaldionline.com\/es\/#website"},"primaryImageOfPage":{"@id":"https:\/\/www.zaldionline.com\/es\/producto\/silla-zaldi-uso-general-olympic-deluxe\/#primaryimage"},"image":{"@id":"https:\/\/www.zaldionline.com\/es\/producto\/silla-zaldi-uso-general-olympic-deluxe\/#primaryimage"},"thumbnailUrl":"https:\/\/www.zaldionline.com\/es\/wp-content\/uploads\/sites\/2\/2020\/10\/Bild_2020-12-10_133158.png","datePublished":"2020-10-26T13:32:59+00:00","dateModified":"2024-10-29T12:37:06+00:00","description":"Precio IVA incl.: 1579.30\u20ac Medidas:* Jinete: 16\" 16.5\" 17\" 17.5\" 18\", 19\"* Cruz del caballo: de 28 cm. a 34 cm. Colores: actualmente adem\u00e1s de los cl\u00e1sicos colores negro, marr\u00f3n, habana, avellana, tostado; se pueden realizar m\u00faltiples combinaciones en colores de cuero, hilos, vivos, burletes\u2026 Por ejemplo el modelo de la imagen es bicolor en marr\u00f3n\/tostado con burletes en tostado e hilos y vivos naranja\/amarillo. OPCIONAL: Puedes encargar tu silla Zaldi con m\u00e1s piquetes delanteros o traseros, para alforjas o pechopetrales...MEDIDAS:* Jinete 17.5\" (largo de 44.5 cm. desde el borr\u00e9n trasero de la silla al clavo Zaldi).* Cruz del caballo: de 28 cm. a 34 cm.* Peso: 7.000 Kg.* Largo del fald\u00f3n desde la estribera: 41 cm.* Largo del baste por debajo: 49 cm.* \u00c1rea de apoyo del baste sobre el lomo del caballo: 44 cm.* Rodillera exterior: 14 cm. x 3.5 cm. x 3 cm. \u00a1AVISO IMPORTANTE! COLORES DEL CUERO Es \u201cIMPOSIBLE\u201d conseguir que dos art\u00edculos en cuero de color avellana, tostado, marr\u00f3n o habana sean exactamente iguales. Ref. 00129","breadcrumb":{"@id":"https:\/\/www.zaldionline.com\/es\/producto\/silla-zaldi-uso-general-olympic-deluxe\/#breadcrumb"},"inLanguage":"es","potentialAction":[{"@type":"ReadAction","target":["https:\/\/www.zaldionline.com\/es\/producto\/silla-zaldi-uso-general-olympic-deluxe\/"]}]},{"@type":"ImageObject","inLanguage":"es","@id":"https:\/\/www.zaldionline.com\/es\/producto\/silla-zaldi-uso-general-olympic-deluxe\/#primaryimage","url":"https:\/\/www.zaldionline.com\/es\/wp-content\/uploads\/sites\/2\/2020\/10\/Bild_2020-12-10_133158.png","contentUrl":"https:\/\/www.zaldionline.com\/es\/wp-content\/uploads\/sites\/2\/2020\/10\/Bild_2020-12-10_133158.png","width":501,"height":489},{"@type":"BreadcrumbList","@id":"https:\/\/www.zaldionline.com\/es\/producto\/silla-zaldi-uso-general-olympic-deluxe\/#breadcrumb","itemListElement":[{"@type":"ListItem","position":1,"name":"Portada","item":"https:\/\/www.zaldionline.com\/es\/"},{"@type":"ListItem","position":2,"name":"Sillas y accesorios","item":"https:\/\/www.zaldionline.com\/es\/sillas-y-accesorios\/"},{"@type":"ListItem","position":3,"name":"SILLA ZALDI USO GENERAL OLYMPIC DELUXE"}]},{"@type":"WebSite","@id":"https:\/\/www.zaldionline.com\/es\/#website","url":"https:\/\/www.zaldionline.com\/es\/","name":"Zaldionline.com","description":"Los mejores productos para usted y su caballo","potentialAction":[{"@type":"SearchAction","target":{"@type":"EntryPoint","urlTemplate":"https:\/\/www.zaldionline.com\/es\/?s={search_term_string}"},"query-input":{"@type":"PropertyValueSpecification","valueRequired":true,"valueName":"search_term_string"}}],"inLanguage":"es"}]}},"_links":{"self":[{"href":"https:\/\/www.zaldionline.com\/es\/wp-json\/wp\/v2\/product\/13602","targetHints":{"allow":["GET"]}}],"collection":[{"href":"https:\/\/www.zaldionline.com\/es\/wp-json\/wp\/v2\/product"}],"about":[{"href":"https:\/\/www.zaldionline.com\/es\/wp-json\/wp\/v2\/types\/product"}],"replies":[{"embeddable":true,"href":"https:\/\/www.zaldionline.com\/es\/wp-json\/wp\/v2\/comments?post=13602"}],"version-history":[{"count":5,"href":"https:\/\/www.zaldionline.com\/es\/wp-json\/wp\/v2\/product\/13602\/revisions"}],"predecessor-version":[{"id":24311,"href":"https:\/\/www.zaldionline.com\/es\/wp-json\/wp\/v2\/product\/13602\/revisions\/24311"}],"wp:featuredmedia":[{"embeddable":true,"href":"https:\/\/www.zaldionline.com\/es\/wp-json\/wp\/v2\/media\/17315"}],"wp:attachment":[{"href":"https:\/\/www.zaldionline.com\/es\/wp-json\/wp\/v2\/media?parent=13602"}],"wp:term":[{"taxonomy":"product_brand","embeddable":true,"href":"https:\/\/www.zaldionline.com\/es\/wp-json\/wp\/v2\/product_brand?post=13602"},{"taxonomy":"product_cat","embeddable":true,"href":"https:\/\/www.zaldionline.com\/es\/wp-json\/wp\/v2\/product_cat?post=13602"},{"taxonomy":"product_tag","embeddable":true,"href":"https:\/\/www.zaldionline.com\/es\/wp-json\/wp\/v2\/product_tag?post=13602"}],"curies":[{"name":"wp","href":"https:\/\/api.w.org\/{rel}","templated":true}]}}