{"id":13936,"date":"2020-10-27T10:01:07","date_gmt":"2020-10-27T10:01:07","guid":{"rendered":"https:\/\/zaldionline.com\/?post_type=product&#038;p=13936"},"modified":"2024-03-28T18:44:10","modified_gmt":"2024-03-28T18:44:10","slug":"sudadero-doma-hexagon-con-gel-313131-negro","status":"publish","type":"product","link":"https:\/\/www.zaldionline.com\/es\/producto\/sudadero-doma-hexagon-con-gel-313131-negro\/","title":{"rendered":"SUDADERO DOMA HEXAGON CON GEL 313131 NEGRO"},"content":{"rendered":"\t\t<div data-elementor-type=\"wp-post\" data-elementor-id=\"13936\" class=\"elementor elementor-13936\">\n\t\t\t\t<div class=\"elementor-element elementor-element-4b9104b4 e-flex e-con-boxed e-con e-parent\" data-id=\"4b9104b4\" data-element_type=\"container\" data-e-type=\"container\">\n\t\t\t\t\t<div class=\"e-con-inner\">\n\t\t\t\t<div class=\"elementor-element elementor-element-71011132 elementor-widget elementor-widget-text-editor\" data-id=\"71011132\" data-element_type=\"widget\" data-e-type=\"widget\" data-widget_type=\"text-editor.default\">\n\t\t\t\t<div class=\"elementor-widget-container\">\n\t\t\t\t\t\t\t\t\t<p>Precio IVA incl.<\/p><p>Sudadero de Doma HEXAGON con salvacruces de gel.<\/p><p>Sudadero con salvacruces incorporado, facilita al jinete su manejo y colocaci\u00f3n.<br \/><br \/>Extra en COMODIDAD para ti y tu caballo gracias al gel de \u00faltima generaci\u00f3n, con gran capacidad de ABSORCI\u00d3N DE MICRO-IMPACTOS generados en la pr\u00e1ctica de la equitaci\u00f3n.<br \/><br \/>Nueva celda con estudiado dise\u00f1o en forma de hex\u00e1gono, que conforma un tejido de \u00faltima generaci\u00f3n en forma de panal de abeja que permite una perfecta transpiraci\u00f3n de la espalda del caballo, reduciendo la acumulaci\u00f3n de calor y la humedad debajo de la silla.<br \/><br \/>Interior: Recubrimiento de tejido anti-abrasivo con grip, que fomenta m\u00e1s agarre o sujeci\u00f3n.<br \/><br \/>Exterior: Recubrimiento de tejido de alta resistencia.<br \/><br \/>Grosor del acolchado: 2 cm<br \/><br \/>Talla \u00fanica. Medidas: 55 x 58 cm<\/p><p>Color: Negro.<\/p><p>Tambi\u00e9n disponible para silla de Uso General (Ref. 21098460001)<\/p><p>Ref.: 2109845<\/p>\t\t\t\t\t\t\t\t<\/div>\n\t\t\t\t<\/div>\n\t\t\t\t\t<\/div>\n\t\t\t\t<\/div>\n\t\t\t\t<\/div>\n\t\t","protected":false},"excerpt":{"rendered":"<p>Precio IVA incl. Sudadero de Doma HEXAGON con salvacruces de gel. Sudadero con salvacruces incorporado, facilita al jinete su manejo y colocaci\u00f3n. Extra en COMODIDAD para ti y tu caballo gracias al gel de \u00faltima generaci\u00f3n, con gran capacidad de ABSORCI\u00d3N DE MICRO-IMPACTOS generados en la pr\u00e1ctica de la equitaci\u00f3n. Nueva celda con estudiado dise\u00f1o [&hellip;]<\/p>\n","protected":false},"featured_media":13461,"comment_status":"open","ping_status":"closed","template":"","meta":{"site-sidebar-layout":"default","site-content-layout":"","ast-site-content-layout":"default","site-content-style":"default","site-sidebar-style":"default","ast-global-header-display":"","ast-banner-title-visibility":"","ast-main-header-display":"","ast-hfb-above-header-display":"","ast-hfb-below-header-display":"","ast-hfb-mobile-header-display":"","site-post-title":"","ast-breadcrumbs-content":"","ast-featured-img":"","footer-sml-layout":"","ast-disable-related-posts":"","theme-transparent-header-meta":"default","adv-header-id-meta":"","stick-header-meta":"","header-above-stick-meta":"","header-main-stick-meta":"","header-below-stick-meta":"","astra-migrate-meta-layouts":"set","ast-page-background-enabled":"default","ast-page-background-meta":{"desktop":{"background-color":"var(--ast-global-color-4)","background-image":"","background-repeat":"repeat","background-position":"center center","background-size":"auto","background-attachment":"scroll","background-type":"","background-media":"","overlay-type":"","overlay-color":"","overlay-opacity":"","overlay-gradient":""},"tablet":{"background-color":"","background-image":"","background-repeat":"repeat","background-position":"center center","background-size":"auto","background-attachment":"scroll","background-type":"","background-media":"","overlay-type":"","overlay-color":"","overlay-opacity":"","overlay-gradient":""},"mobile":{"background-color":"","background-image":"","background-repeat":"repeat","background-position":"center center","background-size":"auto","background-attachment":"scroll","background-type":"","background-media":"","overlay-type":"","overlay-color":"","overlay-opacity":"","overlay-gradient":""}},"ast-content-background-meta":{"desktop":{"background-color":"var(--ast-global-color-5)","background-image":"","background-repeat":"repeat","background-position":"center center","background-size":"auto","background-attachment":"scroll","background-type":"","background-media":"","overlay-type":"","overlay-color":"","overlay-opacity":"","overlay-gradient":""},"tablet":{"background-color":"var(--ast-global-color-5)","background-image":"","background-repeat":"repeat","background-position":"center center","background-size":"auto","background-attachment":"scroll","background-type":"","background-media":"","overlay-type":"","overlay-color":"","overlay-opacity":"","overlay-gradient":""},"mobile":{"background-color":"var(--ast-global-color-5)","background-image":"","background-repeat":"repeat","background-position":"center center","background-size":"auto","background-attachment":"scroll","background-type":"","background-media":"","overlay-type":"","overlay-color":"","overlay-opacity":"","overlay-gradient":""}},"ngg_post_thumbnail":0},"product_brand":[],"product_cat":[17],"product_tag":[202],"class_list":{"0":"post-13936","1":"product","2":"type-product","3":"status-publish","4":"has-post-thumbnail","6":"product_cat-sillas","7":"product_tag-sillas","8":"desktop-align-left","9":"tablet-align-left","10":"mobile-align-left","12":"first","13":"instock","14":"taxable","15":"shipping-taxable","16":"purchasable","17":"product-type-simple"},"yoast_head":"<!-- This site is optimized with the Yoast SEO plugin v27.4 - https:\/\/yoast.com\/product\/yoast-seo-wordpress\/ -->\n<title>SUDADERO DOMA HEXAGON CON GEL 313131 NEGRO - Zaldionline.com<\/title>\n<meta name=\"description\" content=\"Precio IVA incl.: 97.66\u20ac Sudadero de Doma HEXAGON con salvacruces de gel. Sudadero con salvacruces incorporado, facilita al jinete su manejo y colocaci\u00f3n. Extra en COMODIDAD para ti y tu caballo gracias al gel de \u00faltima generaci\u00f3n, con gran capacidad de ABSORCI\u00d3N DE MICRO-IMPACTOS generados en la pr\u00e1ctica de la equitaci\u00f3n. Nueva celda con estudiado dise\u00f1o en forma de hex\u00e1gono, que conforma un tejido de \u00faltima generaci\u00f3n en forma de panal de abeja que permite una perfecta transpiraci\u00f3n de la espalda del caballo, reduciendo la acumulaci\u00f3n de calor y la humedad debajo de la silla.Interior: Recubrimiento de tejido anti-abrasivo con grip, que fomenta m\u00e1s agarre o sujeci\u00f3n. Exterior: Recubrimiento de tejido de alta resistencia.Grosor del acolchado: 2 cm Talla \u00fanica. Medidas: 55 x 58 cm Color: Negro. Tambi\u00e9n disponible para silla de Uso General (Ref. 21098460001) Ref. 2109845\" \/>\n<meta name=\"robots\" content=\"noindex, follow, max-snippet:-1, max-image-preview:large, max-video-preview:-1\" \/>\n<meta property=\"og:locale\" content=\"es_ES\" \/>\n<meta property=\"og:type\" content=\"article\" \/>\n<meta property=\"og:title\" content=\"SUDADERO DOMA HEXAGON CON GEL 313131 NEGRO - Zaldionline.com\" \/>\n<meta property=\"og:description\" content=\"Precio IVA incl.: 97.66\u20ac Sudadero de Doma HEXAGON con salvacruces de gel. Sudadero con salvacruces incorporado, facilita al jinete su manejo y colocaci\u00f3n. Extra en COMODIDAD para ti y tu caballo gracias al gel de \u00faltima generaci\u00f3n, con gran capacidad de ABSORCI\u00d3N DE MICRO-IMPACTOS generados en la pr\u00e1ctica de la equitaci\u00f3n. Nueva celda con estudiado dise\u00f1o en forma de hex\u00e1gono, que conforma un tejido de \u00faltima generaci\u00f3n en forma de panal de abeja que permite una perfecta transpiraci\u00f3n de la espalda del caballo, reduciendo la acumulaci\u00f3n de calor y la humedad debajo de la silla.Interior: Recubrimiento de tejido anti-abrasivo con grip, que fomenta m\u00e1s agarre o sujeci\u00f3n. Exterior: Recubrimiento de tejido de alta resistencia.Grosor del acolchado: 2 cm Talla \u00fanica. Medidas: 55 x 58 cm Color: Negro. Tambi\u00e9n disponible para silla de Uso General (Ref. 21098460001) Ref. 2109845\" \/>\n<meta property=\"og:url\" content=\"https:\/\/www.zaldionline.com\/es\/producto\/sudadero-doma-hexagon-con-gel-313131-negro\/\" \/>\n<meta property=\"og:site_name\" content=\"Zaldionline.com\" \/>\n<meta property=\"article:modified_time\" content=\"2024-03-28T18:44:10+00:00\" \/>\n<meta property=\"og:image\" content=\"https:\/\/www.zaldionline.com\/es\/wp-content\/uploads\/sites\/2\/2020\/10\/Bild_2020-10-23_174218.png\" \/>\n\t<meta property=\"og:image:width\" content=\"489\" \/>\n\t<meta property=\"og:image:height\" content=\"469\" \/>\n\t<meta property=\"og:image:type\" content=\"image\/png\" \/>\n<meta name=\"twitter:card\" content=\"summary_large_image\" \/>\n<meta name=\"twitter:label1\" content=\"Tiempo de lectura\" \/>\n\t<meta name=\"twitter:data1\" content=\"1 minuto\" \/>\n<script type=\"application\/ld+json\" class=\"yoast-schema-graph\">{\"@context\":\"https:\\\/\\\/schema.org\",\"@graph\":[{\"@type\":\"WebPage\",\"@id\":\"https:\\\/\\\/www.zaldionline.com\\\/es\\\/producto\\\/sudadero-doma-hexagon-con-gel-313131-negro\\\/\",\"url\":\"https:\\\/\\\/www.zaldionline.com\\\/es\\\/producto\\\/sudadero-doma-hexagon-con-gel-313131-negro\\\/\",\"name\":\"SUDADERO DOMA HEXAGON CON GEL 313131 NEGRO - Zaldionline.com\",\"isPartOf\":{\"@id\":\"https:\\\/\\\/www.zaldionline.com\\\/es\\\/#website\"},\"primaryImageOfPage\":{\"@id\":\"https:\\\/\\\/www.zaldionline.com\\\/es\\\/producto\\\/sudadero-doma-hexagon-con-gel-313131-negro\\\/#primaryimage\"},\"image\":{\"@id\":\"https:\\\/\\\/www.zaldionline.com\\\/es\\\/producto\\\/sudadero-doma-hexagon-con-gel-313131-negro\\\/#primaryimage\"},\"thumbnailUrl\":\"https:\\\/\\\/www.zaldionline.com\\\/es\\\/wp-content\\\/uploads\\\/sites\\\/2\\\/2020\\\/10\\\/Bild_2020-10-23_174218.png\",\"datePublished\":\"2020-10-27T10:01:07+00:00\",\"dateModified\":\"2024-03-28T18:44:10+00:00\",\"description\":\"Precio IVA incl.: 97.66\u20ac Sudadero de Doma HEXAGON con salvacruces de gel. Sudadero con salvacruces incorporado, facilita al jinete su manejo y colocaci\u00f3n. Extra en COMODIDAD para ti y tu caballo gracias al gel de \u00faltima generaci\u00f3n, con gran capacidad de ABSORCI\u00d3N DE MICRO-IMPACTOS generados en la pr\u00e1ctica de la equitaci\u00f3n. Nueva celda con estudiado dise\u00f1o en forma de hex\u00e1gono, que conforma un tejido de \u00faltima generaci\u00f3n en forma de panal de abeja que permite una perfecta transpiraci\u00f3n de la espalda del caballo, reduciendo la acumulaci\u00f3n de calor y la humedad debajo de la silla.Interior: Recubrimiento de tejido anti-abrasivo con grip, que fomenta m\u00e1s agarre o sujeci\u00f3n. Exterior: Recubrimiento de tejido de alta resistencia.Grosor del acolchado: 2 cm Talla \u00fanica. Medidas: 55 x 58 cm Color: Negro. Tambi\u00e9n disponible para silla de Uso General (Ref. 21098460001) Ref. 2109845\",\"breadcrumb\":{\"@id\":\"https:\\\/\\\/www.zaldionline.com\\\/es\\\/producto\\\/sudadero-doma-hexagon-con-gel-313131-negro\\\/#breadcrumb\"},\"inLanguage\":\"es\",\"potentialAction\":[{\"@type\":\"ReadAction\",\"target\":[\"https:\\\/\\\/www.zaldionline.com\\\/es\\\/producto\\\/sudadero-doma-hexagon-con-gel-313131-negro\\\/\"]}]},{\"@type\":\"ImageObject\",\"inLanguage\":\"es\",\"@id\":\"https:\\\/\\\/www.zaldionline.com\\\/es\\\/producto\\\/sudadero-doma-hexagon-con-gel-313131-negro\\\/#primaryimage\",\"url\":\"https:\\\/\\\/www.zaldionline.com\\\/es\\\/wp-content\\\/uploads\\\/sites\\\/2\\\/2020\\\/10\\\/Bild_2020-10-23_174218.png\",\"contentUrl\":\"https:\\\/\\\/www.zaldionline.com\\\/es\\\/wp-content\\\/uploads\\\/sites\\\/2\\\/2020\\\/10\\\/Bild_2020-10-23_174218.png\",\"width\":489,\"height\":469},{\"@type\":\"BreadcrumbList\",\"@id\":\"https:\\\/\\\/www.zaldionline.com\\\/es\\\/producto\\\/sudadero-doma-hexagon-con-gel-313131-negro\\\/#breadcrumb\",\"itemListElement\":[{\"@type\":\"ListItem\",\"position\":1,\"name\":\"Portada\",\"item\":\"https:\\\/\\\/www.zaldionline.com\\\/es\\\/\"},{\"@type\":\"ListItem\",\"position\":2,\"name\":\"Sillas y accesorios\",\"item\":\"https:\\\/\\\/www.zaldionline.com\\\/es\\\/sillas-y-accesorios\\\/\"},{\"@type\":\"ListItem\",\"position\":3,\"name\":\"SUDADERO DOMA HEXAGON CON GEL 313131 NEGRO\"}]},{\"@type\":\"WebSite\",\"@id\":\"https:\\\/\\\/www.zaldionline.com\\\/es\\\/#website\",\"url\":\"https:\\\/\\\/www.zaldionline.com\\\/es\\\/\",\"name\":\"Zaldionline.com\",\"description\":\"Los mejores productos para usted y su caballo\",\"potentialAction\":[{\"@type\":\"SearchAction\",\"target\":{\"@type\":\"EntryPoint\",\"urlTemplate\":\"https:\\\/\\\/www.zaldionline.com\\\/es\\\/?s={search_term_string}\"},\"query-input\":{\"@type\":\"PropertyValueSpecification\",\"valueRequired\":true,\"valueName\":\"search_term_string\"}}],\"inLanguage\":\"es\"}]}<\/script>\n<!-- \/ Yoast SEO plugin. -->","yoast_head_json":{"title":"SUDADERO DOMA HEXAGON CON GEL 313131 NEGRO - Zaldionline.com","description":"Precio IVA incl.: 97.66\u20ac Sudadero de Doma HEXAGON con salvacruces de gel. Sudadero con salvacruces incorporado, facilita al jinete su manejo y colocaci\u00f3n. Extra en COMODIDAD para ti y tu caballo gracias al gel de \u00faltima generaci\u00f3n, con gran capacidad de ABSORCI\u00d3N DE MICRO-IMPACTOS generados en la pr\u00e1ctica de la equitaci\u00f3n. Nueva celda con estudiado dise\u00f1o en forma de hex\u00e1gono, que conforma un tejido de \u00faltima generaci\u00f3n en forma de panal de abeja que permite una perfecta transpiraci\u00f3n de la espalda del caballo, reduciendo la acumulaci\u00f3n de calor y la humedad debajo de la silla.Interior: Recubrimiento de tejido anti-abrasivo con grip, que fomenta m\u00e1s agarre o sujeci\u00f3n. Exterior: Recubrimiento de tejido de alta resistencia.Grosor del acolchado: 2 cm Talla \u00fanica. Medidas: 55 x 58 cm Color: Negro. Tambi\u00e9n disponible para silla de Uso General (Ref. 21098460001) Ref. 2109845","robots":{"index":"noindex","follow":"follow","max-snippet":"max-snippet:-1","max-image-preview":"max-image-preview:large","max-video-preview":"max-video-preview:-1"},"og_locale":"es_ES","og_type":"article","og_title":"SUDADERO DOMA HEXAGON CON GEL 313131 NEGRO - Zaldionline.com","og_description":"Precio IVA incl.: 97.66\u20ac Sudadero de Doma HEXAGON con salvacruces de gel. Sudadero con salvacruces incorporado, facilita al jinete su manejo y colocaci\u00f3n. Extra en COMODIDAD para ti y tu caballo gracias al gel de \u00faltima generaci\u00f3n, con gran capacidad de ABSORCI\u00d3N DE MICRO-IMPACTOS generados en la pr\u00e1ctica de la equitaci\u00f3n. Nueva celda con estudiado dise\u00f1o en forma de hex\u00e1gono, que conforma un tejido de \u00faltima generaci\u00f3n en forma de panal de abeja que permite una perfecta transpiraci\u00f3n de la espalda del caballo, reduciendo la acumulaci\u00f3n de calor y la humedad debajo de la silla.Interior: Recubrimiento de tejido anti-abrasivo con grip, que fomenta m\u00e1s agarre o sujeci\u00f3n. Exterior: Recubrimiento de tejido de alta resistencia.Grosor del acolchado: 2 cm Talla \u00fanica. Medidas: 55 x 58 cm Color: Negro. Tambi\u00e9n disponible para silla de Uso General (Ref. 21098460001) Ref. 2109845","og_url":"https:\/\/www.zaldionline.com\/es\/producto\/sudadero-doma-hexagon-con-gel-313131-negro\/","og_site_name":"Zaldionline.com","article_modified_time":"2024-03-28T18:44:10+00:00","og_image":[{"width":489,"height":469,"url":"https:\/\/www.zaldionline.com\/es\/wp-content\/uploads\/sites\/2\/2020\/10\/Bild_2020-10-23_174218.png","type":"image\/png"}],"twitter_card":"summary_large_image","twitter_misc":{"Tiempo de lectura":"1 minuto"},"schema":{"@context":"https:\/\/schema.org","@graph":[{"@type":"WebPage","@id":"https:\/\/www.zaldionline.com\/es\/producto\/sudadero-doma-hexagon-con-gel-313131-negro\/","url":"https:\/\/www.zaldionline.com\/es\/producto\/sudadero-doma-hexagon-con-gel-313131-negro\/","name":"SUDADERO DOMA HEXAGON CON GEL 313131 NEGRO - Zaldionline.com","isPartOf":{"@id":"https:\/\/www.zaldionline.com\/es\/#website"},"primaryImageOfPage":{"@id":"https:\/\/www.zaldionline.com\/es\/producto\/sudadero-doma-hexagon-con-gel-313131-negro\/#primaryimage"},"image":{"@id":"https:\/\/www.zaldionline.com\/es\/producto\/sudadero-doma-hexagon-con-gel-313131-negro\/#primaryimage"},"thumbnailUrl":"https:\/\/www.zaldionline.com\/es\/wp-content\/uploads\/sites\/2\/2020\/10\/Bild_2020-10-23_174218.png","datePublished":"2020-10-27T10:01:07+00:00","dateModified":"2024-03-28T18:44:10+00:00","description":"Precio IVA incl.: 97.66\u20ac Sudadero de Doma HEXAGON con salvacruces de gel. Sudadero con salvacruces incorporado, facilita al jinete su manejo y colocaci\u00f3n. Extra en COMODIDAD para ti y tu caballo gracias al gel de \u00faltima generaci\u00f3n, con gran capacidad de ABSORCI\u00d3N DE MICRO-IMPACTOS generados en la pr\u00e1ctica de la equitaci\u00f3n. Nueva celda con estudiado dise\u00f1o en forma de hex\u00e1gono, que conforma un tejido de \u00faltima generaci\u00f3n en forma de panal de abeja que permite una perfecta transpiraci\u00f3n de la espalda del caballo, reduciendo la acumulaci\u00f3n de calor y la humedad debajo de la silla.Interior: Recubrimiento de tejido anti-abrasivo con grip, que fomenta m\u00e1s agarre o sujeci\u00f3n. Exterior: Recubrimiento de tejido de alta resistencia.Grosor del acolchado: 2 cm Talla \u00fanica. Medidas: 55 x 58 cm Color: Negro. Tambi\u00e9n disponible para silla de Uso General (Ref. 21098460001) Ref. 2109845","breadcrumb":{"@id":"https:\/\/www.zaldionline.com\/es\/producto\/sudadero-doma-hexagon-con-gel-313131-negro\/#breadcrumb"},"inLanguage":"es","potentialAction":[{"@type":"ReadAction","target":["https:\/\/www.zaldionline.com\/es\/producto\/sudadero-doma-hexagon-con-gel-313131-negro\/"]}]},{"@type":"ImageObject","inLanguage":"es","@id":"https:\/\/www.zaldionline.com\/es\/producto\/sudadero-doma-hexagon-con-gel-313131-negro\/#primaryimage","url":"https:\/\/www.zaldionline.com\/es\/wp-content\/uploads\/sites\/2\/2020\/10\/Bild_2020-10-23_174218.png","contentUrl":"https:\/\/www.zaldionline.com\/es\/wp-content\/uploads\/sites\/2\/2020\/10\/Bild_2020-10-23_174218.png","width":489,"height":469},{"@type":"BreadcrumbList","@id":"https:\/\/www.zaldionline.com\/es\/producto\/sudadero-doma-hexagon-con-gel-313131-negro\/#breadcrumb","itemListElement":[{"@type":"ListItem","position":1,"name":"Portada","item":"https:\/\/www.zaldionline.com\/es\/"},{"@type":"ListItem","position":2,"name":"Sillas y accesorios","item":"https:\/\/www.zaldionline.com\/es\/sillas-y-accesorios\/"},{"@type":"ListItem","position":3,"name":"SUDADERO DOMA HEXAGON CON GEL 313131 NEGRO"}]},{"@type":"WebSite","@id":"https:\/\/www.zaldionline.com\/es\/#website","url":"https:\/\/www.zaldionline.com\/es\/","name":"Zaldionline.com","description":"Los mejores productos para usted y su caballo","potentialAction":[{"@type":"SearchAction","target":{"@type":"EntryPoint","urlTemplate":"https:\/\/www.zaldionline.com\/es\/?s={search_term_string}"},"query-input":{"@type":"PropertyValueSpecification","valueRequired":true,"valueName":"search_term_string"}}],"inLanguage":"es"}]}},"_links":{"self":[{"href":"https:\/\/www.zaldionline.com\/es\/wp-json\/wp\/v2\/product\/13936","targetHints":{"allow":["GET"]}}],"collection":[{"href":"https:\/\/www.zaldionline.com\/es\/wp-json\/wp\/v2\/product"}],"about":[{"href":"https:\/\/www.zaldionline.com\/es\/wp-json\/wp\/v2\/types\/product"}],"replies":[{"embeddable":true,"href":"https:\/\/www.zaldionline.com\/es\/wp-json\/wp\/v2\/comments?post=13936"}],"version-history":[{"count":5,"href":"https:\/\/www.zaldionline.com\/es\/wp-json\/wp\/v2\/product\/13936\/revisions"}],"predecessor-version":[{"id":24269,"href":"https:\/\/www.zaldionline.com\/es\/wp-json\/wp\/v2\/product\/13936\/revisions\/24269"}],"wp:featuredmedia":[{"embeddable":true,"href":"https:\/\/www.zaldionline.com\/es\/wp-json\/wp\/v2\/media\/13461"}],"wp:attachment":[{"href":"https:\/\/www.zaldionline.com\/es\/wp-json\/wp\/v2\/media?parent=13936"}],"wp:term":[{"taxonomy":"product_brand","embeddable":true,"href":"https:\/\/www.zaldionline.com\/es\/wp-json\/wp\/v2\/product_brand?post=13936"},{"taxonomy":"product_cat","embeddable":true,"href":"https:\/\/www.zaldionline.com\/es\/wp-json\/wp\/v2\/product_cat?post=13936"},{"taxonomy":"product_tag","embeddable":true,"href":"https:\/\/www.zaldionline.com\/es\/wp-json\/wp\/v2\/product_tag?post=13936"}],"curies":[{"name":"wp","href":"https:\/\/api.w.org\/{rel}","templated":true}]}}