{"id":14075,"date":"2020-10-27T11:06:25","date_gmt":"2020-10-27T11:06:25","guid":{"rendered":"https:\/\/zaldionline.com\/?post_type=product&#038;p=14075"},"modified":"2024-10-29T11:56:27","modified_gmt":"2024-10-29T11:56:27","slug":"silla-zaldi-completo-zaldi-cross-2","status":"publish","type":"product","link":"https:\/\/www.zaldionline.com\/es\/producto\/silla-zaldi-completo-zaldi-cross-2\/","title":{"rendered":"SILLA ZALDI COMPLETO ZALDI CROSS"},"content":{"rendered":"\t\t<div data-elementor-type=\"wp-post\" data-elementor-id=\"14075\" class=\"elementor elementor-14075\">\n\t\t\t\t\t\t<section class=\"elementor-section elementor-top-section elementor-element elementor-element-5dea0051 elementor-section-boxed elementor-section-height-default elementor-section-height-default\" data-id=\"5dea0051\" data-element_type=\"section\" data-e-type=\"section\">\n\t\t\t\t\t\t<div class=\"elementor-container elementor-column-gap-default\">\n\t\t\t\t\t<div class=\"elementor-column elementor-col-100 elementor-top-column elementor-element elementor-element-53680faa\" data-id=\"53680faa\" data-element_type=\"column\" data-e-type=\"column\">\n\t\t\t<div class=\"elementor-widget-wrap elementor-element-populated\">\n\t\t\t\t\t\t<div class=\"elementor-element elementor-element-3b1921ce elementor-widget elementor-widget-text-editor\" data-id=\"3b1921ce\" data-element_type=\"widget\" data-e-type=\"widget\" data-widget_type=\"text-editor.default\">\n\t\t\t\t<div class=\"elementor-widget-container\">\n\t\t\t\t\t\t\t\t\t<p>Precio IVA incl.<\/p><p>Silla para la practica de CROSS con m\u00e1s asiento y m\u00e1s seguridad.<\/p><p>Presentamos esta nueva silla con muchas posibilidades. Muy vers\u00e1til, adecuada para m\u00faltiples disciplinas como cross, horseball, raid, marcha, completo, TREC y salto.<\/p><p>Destacar que el jinete tiene m\u00e1s asiento y por tanto m\u00e1s ajuste debido al dise\u00f1o de una rodillera y taco trasero sobredimensionado. Estos dos elementos permite m\u00e1s encaje y por ello m\u00e1s asiento.<\/p><p>Este modelo monoquartier (de un s\u00f3lo fald\u00f3n) se ha dise\u00f1ado sobre una base de armadura semi-plana de salto, porta un baste de goma debajo de un asiento acolchado extra-c\u00f3modo. La uni\u00f3n de estos elementos permiten la posibilidad de realizar tanto largas distancias, como estar muchas horas de monta seguida sin excesivo desgaste ni cansancio para el jinete. Este modelo lleva latiguillos largos de doma en &#8220;V&#8221; para mayor sujecci\u00f3n.<\/p><p>El modelo de lanzamiento es de color negro. Esta silla permite los colores habituales de Zaldi recomendados como negro, tostado, marr\u00f3n, habana y las combinaciones posibles (ejemplo en modo bicolor) que ya conocen en otros modelos.<\/p><p>Medidas:<\/p><p>* Jinete: 16&#8243; 16.5&#8243;, 17&#8243; 17.5&#8243;, 18&#8243;.<br \/>* Cruz del caballo: de 28 cm. a 34 cm.<\/p><p>MEDIDAS:<\/p><p>* Jinete 17.5&#8243; (largo de 44.5 cm. desde el borr\u00e9n trasero de la silla al clavo Zaldi).<br \/>* Cruz del caballo: de 28 cm. a 34 cm.<br \/>* Peso: 5.700 Kg.<br \/>* Largo del fald\u00f3n desde la estribera: Aproximadamente 36 cm.<br \/>* Largo del baste por debajo: 48 cm.<br \/>* \u00c1rea de apoyo del baste sobre el lomo del caballo: 42 cm.<br \/>* Rodillera: 22 cm. x 6 cm. x 4.5 cm.<br \/>* Taco trasero: 20 cm. x 5 cm. x 4 cm.<\/p><p><strong>\u00a1AVISO IMPORTANTE!<\/strong><\/p><p><strong>COLORES DEL CUERO<\/strong><\/p><p><strong>Es \u201cIMPOSIBLE\u201d conseguir que dos art\u00edculos en cuero de color avellana, tostado, marr\u00f3n o habana sean exactamente iguales.<\/strong><\/p><p>Ref: 00168<\/p>\t\t\t\t\t\t\t\t<\/div>\n\t\t\t\t<\/div>\n\t\t\t\t\t<\/div>\n\t\t<\/div>\n\t\t\t\t\t<\/div>\n\t\t<\/section>\n\t\t\t\t<\/div>\n\t\t","protected":false},"excerpt":{"rendered":"<p>Precio IVA incl. Silla para la practica de CROSS con m\u00e1s asiento y m\u00e1s seguridad. Presentamos esta nueva silla con muchas posibilidades. Muy vers\u00e1til, adecuada para m\u00faltiples disciplinas como cross, horseball, raid, marcha, completo, TREC y salto. Destacar que el jinete tiene m\u00e1s asiento y por tanto m\u00e1s ajuste debido al dise\u00f1o de una rodillera [&hellip;]<\/p>\n","protected":false},"featured_media":17337,"comment_status":"open","ping_status":"closed","template":"","meta":{"site-sidebar-layout":"default","site-content-layout":"","ast-site-content-layout":"default","site-content-style":"default","site-sidebar-style":"default","ast-global-header-display":"","ast-banner-title-visibility":"","ast-main-header-display":"","ast-hfb-above-header-display":"","ast-hfb-below-header-display":"","ast-hfb-mobile-header-display":"","site-post-title":"","ast-breadcrumbs-content":"","ast-featured-img":"","footer-sml-layout":"","ast-disable-related-posts":"","theme-transparent-header-meta":"default","adv-header-id-meta":"","stick-header-meta":"","header-above-stick-meta":"","header-main-stick-meta":"","header-below-stick-meta":"","astra-migrate-meta-layouts":"set","ast-page-background-enabled":"default","ast-page-background-meta":{"desktop":{"background-color":"var(--ast-global-color-4)","background-image":"","background-repeat":"repeat","background-position":"center center","background-size":"auto","background-attachment":"scroll","background-type":"","background-media":"","overlay-type":"","overlay-color":"","overlay-opacity":"","overlay-gradient":""},"tablet":{"background-color":"","background-image":"","background-repeat":"repeat","background-position":"center center","background-size":"auto","background-attachment":"scroll","background-type":"","background-media":"","overlay-type":"","overlay-color":"","overlay-opacity":"","overlay-gradient":""},"mobile":{"background-color":"","background-image":"","background-repeat":"repeat","background-position":"center center","background-size":"auto","background-attachment":"scroll","background-type":"","background-media":"","overlay-type":"","overlay-color":"","overlay-opacity":"","overlay-gradient":""}},"ast-content-background-meta":{"desktop":{"background-color":"var(--ast-global-color-5)","background-image":"","background-repeat":"repeat","background-position":"center center","background-size":"auto","background-attachment":"scroll","background-type":"","background-media":"","overlay-type":"","overlay-color":"","overlay-opacity":"","overlay-gradient":""},"tablet":{"background-color":"var(--ast-global-color-5)","background-image":"","background-repeat":"repeat","background-position":"center center","background-size":"auto","background-attachment":"scroll","background-type":"","background-media":"","overlay-type":"","overlay-color":"","overlay-opacity":"","overlay-gradient":""},"mobile":{"background-color":"var(--ast-global-color-5)","background-image":"","background-repeat":"repeat","background-position":"center center","background-size":"auto","background-attachment":"scroll","background-type":"","background-media":"","overlay-type":"","overlay-color":"","overlay-opacity":"","overlay-gradient":""}},"ngg_post_thumbnail":0},"product_brand":[],"product_cat":[30,17],"product_tag":[341,346,440,410,1079,202,340,1057,337,991,338,339],"class_list":{"0":"post-14075","1":"product","2":"type-product","3":"status-publish","4":"has-post-thumbnail","6":"product_cat-salto","7":"product_cat-sillas","8":"product_tag-bienestarcaballo","9":"product_tag-equiscan-zaldi","10":"product_tag-silla","11":"product_tag-silla-custom","12":"product_tag-silla-zaldi-cross-completo","13":"product_tag-sillas","14":"product_tag-susanne-nagel","15":"product_tag-vegano","16":"product_tag-zaldi","17":"product_tag-zaldi-alemania","18":"product_tag-zaldi-deutschland","19":"product_tag-zaldi-online-com","20":"desktop-align-left","21":"tablet-align-left","22":"mobile-align-left","24":"first","25":"instock","26":"taxable","27":"shipping-taxable","28":"purchasable","29":"product-type-variable"},"yoast_head":"<!-- This site is optimized with the Yoast SEO plugin v27.4 - https:\/\/yoast.com\/product\/yoast-seo-wordpress\/ -->\n<title>SILLA ZALDI COMPLETO ZALDI CROSS - Zaldionline.com<\/title>\n<meta name=\"description\" content=\"Precio IVA incl.: 1793.10\u20ac Silla para la practica de CROSS con m\u00e1s asiento y m\u00e1s seguridad. Medidas:* Jinete: 16&quot; 16.5&quot;, 17&quot; 17.5&quot;, 18&quot;.* Cruz del caballo: de 28 cm. a 34 cm. MEDIDAS:* Jinete 17.5&quot; (largo de 44.5 cm. desde el borr\u00e9n trasero de la silla al clavo Zaldi).* Cruz del caballo: de 28 cm. a 34 cm.* Peso: 5.700 Kg.* Largo del fald\u00f3n desde la estribera: Aproximadamente 36 cm.* Largo del baste por debajo: 48 cm.* \u00c1rea de apoyo del baste sobre el lomo del caballo: 42 cm.* Rodillera: 22 cm. x 6 cm. x 4.5 cm.* Taco trasero: 20 cm. x 5 cm. x 4 cm. \u00a1AVISO IMPORTANTE! COLORES DEL CUERO Es \u201cIMPOSIBLE\u201d conseguir que dos art\u00edculos en cuero de color avellana, tostado, marr\u00f3n o habana sean exactamente iguales. Ref. 00168\" \/>\n<meta name=\"robots\" content=\"noindex, follow, max-snippet:-1, max-image-preview:large, max-video-preview:-1\" \/>\n<meta property=\"og:locale\" content=\"es_ES\" \/>\n<meta property=\"og:type\" content=\"article\" \/>\n<meta property=\"og:title\" content=\"SILLA ZALDI COMPLETO ZALDI CROSS - Zaldionline.com\" \/>\n<meta property=\"og:description\" content=\"Precio IVA incl.: 1793.10\u20ac Silla para la practica de CROSS con m\u00e1s asiento y m\u00e1s seguridad. Medidas:* Jinete: 16&quot; 16.5&quot;, 17&quot; 17.5&quot;, 18&quot;.* Cruz del caballo: de 28 cm. a 34 cm. MEDIDAS:* Jinete 17.5&quot; (largo de 44.5 cm. desde el borr\u00e9n trasero de la silla al clavo Zaldi).* Cruz del caballo: de 28 cm. a 34 cm.* Peso: 5.700 Kg.* Largo del fald\u00f3n desde la estribera: Aproximadamente 36 cm.* Largo del baste por debajo: 48 cm.* \u00c1rea de apoyo del baste sobre el lomo del caballo: 42 cm.* Rodillera: 22 cm. x 6 cm. x 4.5 cm.* Taco trasero: 20 cm. x 5 cm. x 4 cm. \u00a1AVISO IMPORTANTE! COLORES DEL CUERO Es \u201cIMPOSIBLE\u201d conseguir que dos art\u00edculos en cuero de color avellana, tostado, marr\u00f3n o habana sean exactamente iguales. Ref. 00168\" \/>\n<meta property=\"og:url\" content=\"https:\/\/www.zaldionline.com\/es\/producto\/silla-zaldi-completo-zaldi-cross-2\/\" \/>\n<meta property=\"og:site_name\" content=\"Zaldionline.com\" \/>\n<meta property=\"article:modified_time\" content=\"2024-10-29T11:56:27+00:00\" \/>\n<meta property=\"og:image\" content=\"https:\/\/www.zaldionline.com\/es\/wp-content\/uploads\/sites\/2\/2020\/10\/Bild_2020-12-10_140234.png\" \/>\n\t<meta property=\"og:image:width\" content=\"509\" \/>\n\t<meta property=\"og:image:height\" content=\"498\" \/>\n\t<meta property=\"og:image:type\" content=\"image\/png\" \/>\n<meta name=\"twitter:card\" content=\"summary_large_image\" \/>\n<meta name=\"twitter:label1\" content=\"Tiempo de lectura\" \/>\n\t<meta name=\"twitter:data1\" content=\"2 minutos\" \/>\n<script type=\"application\/ld+json\" class=\"yoast-schema-graph\">{\"@context\":\"https:\\\/\\\/schema.org\",\"@graph\":[{\"@type\":\"WebPage\",\"@id\":\"https:\\\/\\\/www.zaldionline.com\\\/es\\\/producto\\\/silla-zaldi-completo-zaldi-cross-2\\\/\",\"url\":\"https:\\\/\\\/www.zaldionline.com\\\/es\\\/producto\\\/silla-zaldi-completo-zaldi-cross-2\\\/\",\"name\":\"SILLA ZALDI COMPLETO ZALDI CROSS - Zaldionline.com\",\"isPartOf\":{\"@id\":\"https:\\\/\\\/www.zaldionline.com\\\/es\\\/#website\"},\"primaryImageOfPage\":{\"@id\":\"https:\\\/\\\/www.zaldionline.com\\\/es\\\/producto\\\/silla-zaldi-completo-zaldi-cross-2\\\/#primaryimage\"},\"image\":{\"@id\":\"https:\\\/\\\/www.zaldionline.com\\\/es\\\/producto\\\/silla-zaldi-completo-zaldi-cross-2\\\/#primaryimage\"},\"thumbnailUrl\":\"https:\\\/\\\/www.zaldionline.com\\\/es\\\/wp-content\\\/uploads\\\/sites\\\/2\\\/2020\\\/10\\\/Bild_2020-12-10_140234.png\",\"datePublished\":\"2020-10-27T11:06:25+00:00\",\"dateModified\":\"2024-10-29T11:56:27+00:00\",\"description\":\"Precio IVA incl.: 1793.10\u20ac Silla para la practica de CROSS con m\u00e1s asiento y m\u00e1s seguridad. Medidas:* Jinete: 16\\\" 16.5\\\", 17\\\" 17.5\\\", 18\\\".* Cruz del caballo: de 28 cm. a 34 cm. MEDIDAS:* Jinete 17.5\\\" (largo de 44.5 cm. desde el borr\u00e9n trasero de la silla al clavo Zaldi).* Cruz del caballo: de 28 cm. a 34 cm.* Peso: 5.700 Kg.* Largo del fald\u00f3n desde la estribera: Aproximadamente 36 cm.* Largo del baste por debajo: 48 cm.* \u00c1rea de apoyo del baste sobre el lomo del caballo: 42 cm.* Rodillera: 22 cm. x 6 cm. x 4.5 cm.* Taco trasero: 20 cm. x 5 cm. x 4 cm. \u00a1AVISO IMPORTANTE! COLORES DEL CUERO Es \u201cIMPOSIBLE\u201d conseguir que dos art\u00edculos en cuero de color avellana, tostado, marr\u00f3n o habana sean exactamente iguales. Ref. 00168\",\"breadcrumb\":{\"@id\":\"https:\\\/\\\/www.zaldionline.com\\\/es\\\/producto\\\/silla-zaldi-completo-zaldi-cross-2\\\/#breadcrumb\"},\"inLanguage\":\"es\",\"potentialAction\":[{\"@type\":\"ReadAction\",\"target\":[\"https:\\\/\\\/www.zaldionline.com\\\/es\\\/producto\\\/silla-zaldi-completo-zaldi-cross-2\\\/\"]}]},{\"@type\":\"ImageObject\",\"inLanguage\":\"es\",\"@id\":\"https:\\\/\\\/www.zaldionline.com\\\/es\\\/producto\\\/silla-zaldi-completo-zaldi-cross-2\\\/#primaryimage\",\"url\":\"https:\\\/\\\/www.zaldionline.com\\\/es\\\/wp-content\\\/uploads\\\/sites\\\/2\\\/2020\\\/10\\\/Bild_2020-12-10_140234.png\",\"contentUrl\":\"https:\\\/\\\/www.zaldionline.com\\\/es\\\/wp-content\\\/uploads\\\/sites\\\/2\\\/2020\\\/10\\\/Bild_2020-12-10_140234.png\",\"width\":509,\"height\":498},{\"@type\":\"BreadcrumbList\",\"@id\":\"https:\\\/\\\/www.zaldionline.com\\\/es\\\/producto\\\/silla-zaldi-completo-zaldi-cross-2\\\/#breadcrumb\",\"itemListElement\":[{\"@type\":\"ListItem\",\"position\":1,\"name\":\"Portada\",\"item\":\"https:\\\/\\\/www.zaldionline.com\\\/es\\\/\"},{\"@type\":\"ListItem\",\"position\":2,\"name\":\"Sillas y accesorios\",\"item\":\"https:\\\/\\\/www.zaldionline.com\\\/es\\\/sillas-y-accesorios\\\/\"},{\"@type\":\"ListItem\",\"position\":3,\"name\":\"SILLA ZALDI COMPLETO ZALDI CROSS\"}]},{\"@type\":\"WebSite\",\"@id\":\"https:\\\/\\\/www.zaldionline.com\\\/es\\\/#website\",\"url\":\"https:\\\/\\\/www.zaldionline.com\\\/es\\\/\",\"name\":\"Zaldionline.com\",\"description\":\"Los mejores productos para usted y su caballo\",\"potentialAction\":[{\"@type\":\"SearchAction\",\"target\":{\"@type\":\"EntryPoint\",\"urlTemplate\":\"https:\\\/\\\/www.zaldionline.com\\\/es\\\/?s={search_term_string}\"},\"query-input\":{\"@type\":\"PropertyValueSpecification\",\"valueRequired\":true,\"valueName\":\"search_term_string\"}}],\"inLanguage\":\"es\"}]}<\/script>\n<!-- \/ Yoast SEO plugin. -->","yoast_head_json":{"title":"SILLA ZALDI COMPLETO ZALDI CROSS - Zaldionline.com","description":"Precio IVA incl.: 1793.10\u20ac Silla para la practica de CROSS con m\u00e1s asiento y m\u00e1s seguridad. Medidas:* Jinete: 16\" 16.5\", 17\" 17.5\", 18\".* Cruz del caballo: de 28 cm. a 34 cm. MEDIDAS:* Jinete 17.5\" (largo de 44.5 cm. desde el borr\u00e9n trasero de la silla al clavo Zaldi).* Cruz del caballo: de 28 cm. a 34 cm.* Peso: 5.700 Kg.* Largo del fald\u00f3n desde la estribera: Aproximadamente 36 cm.* Largo del baste por debajo: 48 cm.* \u00c1rea de apoyo del baste sobre el lomo del caballo: 42 cm.* Rodillera: 22 cm. x 6 cm. x 4.5 cm.* Taco trasero: 20 cm. x 5 cm. x 4 cm. \u00a1AVISO IMPORTANTE! COLORES DEL CUERO Es \u201cIMPOSIBLE\u201d conseguir que dos art\u00edculos en cuero de color avellana, tostado, marr\u00f3n o habana sean exactamente iguales. Ref. 00168","robots":{"index":"noindex","follow":"follow","max-snippet":"max-snippet:-1","max-image-preview":"max-image-preview:large","max-video-preview":"max-video-preview:-1"},"og_locale":"es_ES","og_type":"article","og_title":"SILLA ZALDI COMPLETO ZALDI CROSS - Zaldionline.com","og_description":"Precio IVA incl.: 1793.10\u20ac Silla para la practica de CROSS con m\u00e1s asiento y m\u00e1s seguridad. Medidas:* Jinete: 16\" 16.5\", 17\" 17.5\", 18\".* Cruz del caballo: de 28 cm. a 34 cm. MEDIDAS:* Jinete 17.5\" (largo de 44.5 cm. desde el borr\u00e9n trasero de la silla al clavo Zaldi).* Cruz del caballo: de 28 cm. a 34 cm.* Peso: 5.700 Kg.* Largo del fald\u00f3n desde la estribera: Aproximadamente 36 cm.* Largo del baste por debajo: 48 cm.* \u00c1rea de apoyo del baste sobre el lomo del caballo: 42 cm.* Rodillera: 22 cm. x 6 cm. x 4.5 cm.* Taco trasero: 20 cm. x 5 cm. x 4 cm. \u00a1AVISO IMPORTANTE! COLORES DEL CUERO Es \u201cIMPOSIBLE\u201d conseguir que dos art\u00edculos en cuero de color avellana, tostado, marr\u00f3n o habana sean exactamente iguales. Ref. 00168","og_url":"https:\/\/www.zaldionline.com\/es\/producto\/silla-zaldi-completo-zaldi-cross-2\/","og_site_name":"Zaldionline.com","article_modified_time":"2024-10-29T11:56:27+00:00","og_image":[{"width":509,"height":498,"url":"https:\/\/www.zaldionline.com\/es\/wp-content\/uploads\/sites\/2\/2020\/10\/Bild_2020-12-10_140234.png","type":"image\/png"}],"twitter_card":"summary_large_image","twitter_misc":{"Tiempo de lectura":"2 minutos"},"schema":{"@context":"https:\/\/schema.org","@graph":[{"@type":"WebPage","@id":"https:\/\/www.zaldionline.com\/es\/producto\/silla-zaldi-completo-zaldi-cross-2\/","url":"https:\/\/www.zaldionline.com\/es\/producto\/silla-zaldi-completo-zaldi-cross-2\/","name":"SILLA ZALDI COMPLETO ZALDI CROSS - Zaldionline.com","isPartOf":{"@id":"https:\/\/www.zaldionline.com\/es\/#website"},"primaryImageOfPage":{"@id":"https:\/\/www.zaldionline.com\/es\/producto\/silla-zaldi-completo-zaldi-cross-2\/#primaryimage"},"image":{"@id":"https:\/\/www.zaldionline.com\/es\/producto\/silla-zaldi-completo-zaldi-cross-2\/#primaryimage"},"thumbnailUrl":"https:\/\/www.zaldionline.com\/es\/wp-content\/uploads\/sites\/2\/2020\/10\/Bild_2020-12-10_140234.png","datePublished":"2020-10-27T11:06:25+00:00","dateModified":"2024-10-29T11:56:27+00:00","description":"Precio IVA incl.: 1793.10\u20ac Silla para la practica de CROSS con m\u00e1s asiento y m\u00e1s seguridad. Medidas:* Jinete: 16\" 16.5\", 17\" 17.5\", 18\".* Cruz del caballo: de 28 cm. a 34 cm. MEDIDAS:* Jinete 17.5\" (largo de 44.5 cm. desde el borr\u00e9n trasero de la silla al clavo Zaldi).* Cruz del caballo: de 28 cm. a 34 cm.* Peso: 5.700 Kg.* Largo del fald\u00f3n desde la estribera: Aproximadamente 36 cm.* Largo del baste por debajo: 48 cm.* \u00c1rea de apoyo del baste sobre el lomo del caballo: 42 cm.* Rodillera: 22 cm. x 6 cm. x 4.5 cm.* Taco trasero: 20 cm. x 5 cm. x 4 cm. \u00a1AVISO IMPORTANTE! COLORES DEL CUERO Es \u201cIMPOSIBLE\u201d conseguir que dos art\u00edculos en cuero de color avellana, tostado, marr\u00f3n o habana sean exactamente iguales. Ref. 00168","breadcrumb":{"@id":"https:\/\/www.zaldionline.com\/es\/producto\/silla-zaldi-completo-zaldi-cross-2\/#breadcrumb"},"inLanguage":"es","potentialAction":[{"@type":"ReadAction","target":["https:\/\/www.zaldionline.com\/es\/producto\/silla-zaldi-completo-zaldi-cross-2\/"]}]},{"@type":"ImageObject","inLanguage":"es","@id":"https:\/\/www.zaldionline.com\/es\/producto\/silla-zaldi-completo-zaldi-cross-2\/#primaryimage","url":"https:\/\/www.zaldionline.com\/es\/wp-content\/uploads\/sites\/2\/2020\/10\/Bild_2020-12-10_140234.png","contentUrl":"https:\/\/www.zaldionline.com\/es\/wp-content\/uploads\/sites\/2\/2020\/10\/Bild_2020-12-10_140234.png","width":509,"height":498},{"@type":"BreadcrumbList","@id":"https:\/\/www.zaldionline.com\/es\/producto\/silla-zaldi-completo-zaldi-cross-2\/#breadcrumb","itemListElement":[{"@type":"ListItem","position":1,"name":"Portada","item":"https:\/\/www.zaldionline.com\/es\/"},{"@type":"ListItem","position":2,"name":"Sillas y accesorios","item":"https:\/\/www.zaldionline.com\/es\/sillas-y-accesorios\/"},{"@type":"ListItem","position":3,"name":"SILLA ZALDI COMPLETO ZALDI CROSS"}]},{"@type":"WebSite","@id":"https:\/\/www.zaldionline.com\/es\/#website","url":"https:\/\/www.zaldionline.com\/es\/","name":"Zaldionline.com","description":"Los mejores productos para usted y su caballo","potentialAction":[{"@type":"SearchAction","target":{"@type":"EntryPoint","urlTemplate":"https:\/\/www.zaldionline.com\/es\/?s={search_term_string}"},"query-input":{"@type":"PropertyValueSpecification","valueRequired":true,"valueName":"search_term_string"}}],"inLanguage":"es"}]}},"_links":{"self":[{"href":"https:\/\/www.zaldionline.com\/es\/wp-json\/wp\/v2\/product\/14075","targetHints":{"allow":["GET"]}}],"collection":[{"href":"https:\/\/www.zaldionline.com\/es\/wp-json\/wp\/v2\/product"}],"about":[{"href":"https:\/\/www.zaldionline.com\/es\/wp-json\/wp\/v2\/types\/product"}],"replies":[{"embeddable":true,"href":"https:\/\/www.zaldionline.com\/es\/wp-json\/wp\/v2\/comments?post=14075"}],"version-history":[{"count":5,"href":"https:\/\/www.zaldionline.com\/es\/wp-json\/wp\/v2\/product\/14075\/revisions"}],"predecessor-version":[{"id":24238,"href":"https:\/\/www.zaldionline.com\/es\/wp-json\/wp\/v2\/product\/14075\/revisions\/24238"}],"wp:featuredmedia":[{"embeddable":true,"href":"https:\/\/www.zaldionline.com\/es\/wp-json\/wp\/v2\/media\/17337"}],"wp:attachment":[{"href":"https:\/\/www.zaldionline.com\/es\/wp-json\/wp\/v2\/media?parent=14075"}],"wp:term":[{"taxonomy":"product_brand","embeddable":true,"href":"https:\/\/www.zaldionline.com\/es\/wp-json\/wp\/v2\/product_brand?post=14075"},{"taxonomy":"product_cat","embeddable":true,"href":"https:\/\/www.zaldionline.com\/es\/wp-json\/wp\/v2\/product_cat?post=14075"},{"taxonomy":"product_tag","embeddable":true,"href":"https:\/\/www.zaldionline.com\/es\/wp-json\/wp\/v2\/product_tag?post=14075"}],"curies":[{"name":"wp","href":"https:\/\/api.w.org\/{rel}","templated":true}]}}