{"id":14589,"date":"2020-10-31T16:43:39","date_gmt":"2020-10-31T16:43:39","guid":{"rendered":"https:\/\/zaldionline.com\/?post_type=product&#038;p=14589"},"modified":"2024-10-29T11:32:21","modified_gmt":"2024-10-29T11:32:21","slug":"silla-zaldi-doma-drim-lusitanus-2","status":"publish","type":"product","link":"https:\/\/www.zaldionline.com\/es\/producto\/silla-zaldi-doma-drim-lusitanus-2\/","title":{"rendered":"SILLA ZALDI DOMA DRIM Lusitanus"},"content":{"rendered":"\t\t<div data-elementor-type=\"wp-post\" data-elementor-id=\"14589\" class=\"elementor elementor-14589\">\n\t\t\t\t\t\t<section class=\"elementor-section elementor-top-section elementor-element elementor-element-16a566b9 elementor-section-boxed elementor-section-height-default elementor-section-height-default\" data-id=\"16a566b9\" data-element_type=\"section\" data-e-type=\"section\">\n\t\t\t\t\t\t<div class=\"elementor-container elementor-column-gap-default\">\n\t\t\t\t\t<div class=\"elementor-column elementor-col-100 elementor-top-column elementor-element elementor-element-4e1fc1aa\" data-id=\"4e1fc1aa\" data-element_type=\"column\" data-e-type=\"column\">\n\t\t\t<div class=\"elementor-widget-wrap elementor-element-populated\">\n\t\t\t\t\t\t<div class=\"elementor-element elementor-element-57595f9a elementor-widget elementor-widget-text-editor\" data-id=\"57595f9a\" data-element_type=\"widget\" data-e-type=\"widget\" data-widget_type=\"text-editor.default\">\n\t\t\t\t<div class=\"elementor-widget-container\">\n\t\t\t\t\t\t\t\t\t<p>Precio IVA incl.<\/p><p>Esta nueva silla de doma campera combina la est\u00e9tica portuguesa con las caracter\u00edsticas de nuestra silla de doma Zaldi-Drim.<\/p><p>Este modelo es totalmente diferente a otras sillas portuguesas, uniendo tradici\u00f3n y tecnolog\u00eda.<\/p><p>Completamente configurable. Ver hoja del configurador.<\/p><p>Actualmente, adem\u00e1s de los colores cl\u00e1sicos, se pueden hacer m\u00faltiples combinaciones de colores en cuanto al cuero, costuras, ribetes, burletes, &#8230;<\/p><p><a href=\"https:\/\/youtu.be\/23AD1NyANqA?si=7DH6SQ6MUppZ2zvq\">CLIC AQUI PARA UN VIDEO DE LA ZALDI DRIM LUSITANUS DE ZALDIONLINE.COM<\/a><\/p><p>INFORMACI\u00d3N T\u00c9CNICA:<\/p><p>* Fabricada con una selecci\u00f3n de pieles de boxcalf y croupon vegetal.<br \/>* Asiento muy profundo (con la misma armadura que la silla Drim).<br \/>* Fald\u00f3n largo de doma cuadrado.<br \/>* Con TM-System.<br \/>* Baste de lana.<br \/>* Armadura de polipropileno, usando la tecnolog\u00eda m\u00e1s avanzada y con 10 a\u00f1os de garant\u00eda.<br \/>* Estriberas inoxidables de seguridad.<br \/>* Latiguillos largos en &#8220;V&#8221;.<\/p><p>Medidas: 17&#8243; &#8211; 17,5&#8243; &#8211; 18&#8243;<br \/>Colores disponibles: Negro, Marr\u00f3n, Tostado.<\/p><p>MEDIDAS:<br \/>* Jinete 17.5&#8243; (largo de 44.5 cm desde el borr\u00e9n trasero de la silla al clavo Zaldi).<br \/>* Cruz del caballo: de 28 cm a 34 cm.<br \/>* Peso: 8.400 kg.<br \/>* Largo del fald\u00f3n desde la estribera: 41 cm.<br \/>* Largo del baste por debajo: 49 cm.<br \/>* \u00c1rea de apoyo del baste sobre el lomo del caballo: 44 cm.<br \/>* Taco-Muslera: 20 cm x 8.5 cm x 9 cm.<\/p><p><strong>\u00a1AVISO IMPORTANTE!<\/strong><\/p><p><strong>COLORES DEL CUERO<\/strong><\/p><p><strong>Es \u201cIMPOSIBLE\u201d conseguir que dos art\u00edculos en cuero de color avellana, tostado, marr\u00f3n o habana sean exactamente iguales.<\/strong><\/p><p>Ref.: 00179<\/p>\t\t\t\t\t\t\t\t<\/div>\n\t\t\t\t<\/div>\n\t\t\t\t\t<\/div>\n\t\t<\/div>\n\t\t\t\t\t<\/div>\n\t\t<\/section>\n\t\t\t\t<\/div>\n\t\t","protected":false},"excerpt":{"rendered":"<p>Precio IVA incl. Esta nueva silla de doma campera combina la est\u00e9tica portuguesa con las caracter\u00edsticas de nuestra silla de doma Zaldi-Drim. Este modelo es totalmente diferente a otras sillas portuguesas, uniendo tradici\u00f3n y tecnolog\u00eda. Completamente configurable. Ver hoja del configurador. Actualmente, adem\u00e1s de los colores cl\u00e1sicos, se pueden hacer m\u00faltiples combinaciones de colores en [&hellip;]<\/p>\n","protected":false},"featured_media":12311,"comment_status":"open","ping_status":"closed","template":"","meta":{"site-sidebar-layout":"default","site-content-layout":"default","ast-site-content-layout":"default","site-content-style":"default","site-sidebar-style":"default","ast-global-header-display":"","ast-banner-title-visibility":"","ast-main-header-display":"","ast-hfb-above-header-display":"","ast-hfb-below-header-display":"","ast-hfb-mobile-header-display":"","site-post-title":"","ast-breadcrumbs-content":"","ast-featured-img":"","footer-sml-layout":"","ast-disable-related-posts":"","theme-transparent-header-meta":"default","adv-header-id-meta":"","stick-header-meta":"","header-above-stick-meta":"","header-main-stick-meta":"","header-below-stick-meta":"","astra-migrate-meta-layouts":"set","ast-page-background-enabled":"default","ast-page-background-meta":{"desktop":{"background-color":"var(--ast-global-color-4)","background-image":"","background-repeat":"repeat","background-position":"center center","background-size":"auto","background-attachment":"scroll","background-type":"","background-media":"","overlay-type":"","overlay-color":"","overlay-opacity":"","overlay-gradient":""},"tablet":{"background-color":"","background-image":"","background-repeat":"repeat","background-position":"center center","background-size":"auto","background-attachment":"scroll","background-type":"","background-media":"","overlay-type":"","overlay-color":"","overlay-opacity":"","overlay-gradient":""},"mobile":{"background-color":"","background-image":"","background-repeat":"repeat","background-position":"center center","background-size":"auto","background-attachment":"scroll","background-type":"","background-media":"","overlay-type":"","overlay-color":"","overlay-opacity":"","overlay-gradient":""}},"ast-content-background-meta":{"desktop":{"background-color":"var(--ast-global-color-5)","background-image":"","background-repeat":"repeat","background-position":"center center","background-size":"auto","background-attachment":"scroll","background-type":"","background-media":"","overlay-type":"","overlay-color":"","overlay-opacity":"","overlay-gradient":""},"tablet":{"background-color":"var(--ast-global-color-5)","background-image":"","background-repeat":"repeat","background-position":"center center","background-size":"auto","background-attachment":"scroll","background-type":"","background-media":"","overlay-type":"","overlay-color":"","overlay-opacity":"","overlay-gradient":""},"mobile":{"background-color":"var(--ast-global-color-5)","background-image":"","background-repeat":"repeat","background-position":"center center","background-size":"auto","background-attachment":"scroll","background-type":"","background-media":"","overlay-type":"","overlay-color":"","overlay-opacity":"","overlay-gradient":""}},"ngg_post_thumbnail":0},"product_brand":[],"product_cat":[26,17],"product_tag":[341,646,346,440,410,202,340,1057,337,991,338,345,339],"class_list":{"0":"post-14589","1":"product","2":"type-product","3":"status-publish","4":"has-post-thumbnail","6":"product_cat-doma","7":"product_cat-sillas","8":"product_tag-bienestarcaballo","9":"product_tag-doma","10":"product_tag-equiscan-zaldi","11":"product_tag-silla","12":"product_tag-silla-custom","13":"product_tag-sillas","14":"product_tag-susanne-nagel","15":"product_tag-vegano","16":"product_tag-zaldi","17":"product_tag-zaldi-alemania","18":"product_tag-zaldi-deutschland","19":"product_tag-zaldi-drim-lusitanus","20":"product_tag-zaldi-online-com","21":"desktop-align-left","22":"tablet-align-left","23":"mobile-align-left","25":"first","26":"instock","27":"taxable","28":"shipping-taxable","29":"purchasable","30":"product-type-variable"},"yoast_head":"<!-- This site is optimized with the Yoast SEO plugin v27.5 - https:\/\/yoast.com\/product\/yoast-seo-wordpress\/ -->\n<title>SILLA ZALDI DOMA DRIM Lusitanus - Zaldionline.com<\/title>\n<meta name=\"description\" content=\"Precio IVA incl.: 2988.00\u20ac INFORMACI\u00d3N T\u00c9CNICA:* Fabricada con una selecci\u00f3n de pieles de boxcalf y croupon vegetal.* Asiento muy profundo (con la misma armadura que la silla Drim).* Fald\u00f3n largo de doma cuadrado.* Con TM-System.* Baste de lana.* Armadura de polipropileno, usando la tecnolog\u00eda m\u00e1s avanzada y con 10 a\u00f1os de garant\u00eda.* Estriberas inoxidables de seguridad.* Latiguillos largos en &quot;V&quot;. Medidas: 17&quot; - 17,5&quot; - 18&quot; Colores disponibles: Negro, Marr\u00f3n, Tostado. MEDIDAS:* Jinete 17.5&quot; (largo de 44.5 cm desde el borr\u00e9n trasero de la silla al clavo Zaldi).* Cruz del caballo: de 28 cm a 34 cm.* Peso: 8.400 kg.* Largo del fald\u00f3n desde la estribera: 41 cm.* Largo del baste por debajo: 49 cm.* \u00c1rea de apoyo del baste sobre el lomo del caballo: 44 cm.* Taco-Muslera: 20 cm x 8.5 cm x 9 cm. \u00a1AVISO IMPORTANTE! COLORES DEL CUERO Es \u201cIMPOSIBLE\u201d conseguir que dos art\u00edculos en cuero de color avellana, tostado, marr\u00f3n o habana sean exactamente iguales. Ref. 00179\" \/>\n<meta name=\"robots\" content=\"noindex, follow, max-snippet:-1, max-image-preview:large, max-video-preview:-1\" \/>\n<meta property=\"og:locale\" content=\"es_ES\" \/>\n<meta property=\"og:type\" content=\"article\" \/>\n<meta property=\"og:title\" content=\"SILLA ZALDI DOMA DRIM Lusitanus - Zaldionline.com\" \/>\n<meta property=\"og:description\" content=\"Precio IVA incl.: 2988.00\u20ac INFORMACI\u00d3N T\u00c9CNICA:* Fabricada con una selecci\u00f3n de pieles de boxcalf y croupon vegetal.* Asiento muy profundo (con la misma armadura que la silla Drim).* Fald\u00f3n largo de doma cuadrado.* Con TM-System.* Baste de lana.* Armadura de polipropileno, usando la tecnolog\u00eda m\u00e1s avanzada y con 10 a\u00f1os de garant\u00eda.* Estriberas inoxidables de seguridad.* Latiguillos largos en &quot;V&quot;. Medidas: 17&quot; - 17,5&quot; - 18&quot; Colores disponibles: Negro, Marr\u00f3n, Tostado. MEDIDAS:* Jinete 17.5&quot; (largo de 44.5 cm desde el borr\u00e9n trasero de la silla al clavo Zaldi).* Cruz del caballo: de 28 cm a 34 cm.* Peso: 8.400 kg.* Largo del fald\u00f3n desde la estribera: 41 cm.* Largo del baste por debajo: 49 cm.* \u00c1rea de apoyo del baste sobre el lomo del caballo: 44 cm.* Taco-Muslera: 20 cm x 8.5 cm x 9 cm. \u00a1AVISO IMPORTANTE! COLORES DEL CUERO Es \u201cIMPOSIBLE\u201d conseguir que dos art\u00edculos en cuero de color avellana, tostado, marr\u00f3n o habana sean exactamente iguales. Ref. 00179\" \/>\n<meta property=\"og:url\" content=\"https:\/\/www.zaldionline.com\/es\/producto\/silla-zaldi-doma-drim-lusitanus-2\/\" \/>\n<meta property=\"og:site_name\" content=\"Zaldionline.com\" \/>\n<meta property=\"article:modified_time\" content=\"2024-10-29T11:32:21+00:00\" \/>\n<meta property=\"og:image\" content=\"https:\/\/www.zaldionline.com\/es\/wp-content\/uploads\/sites\/2\/2020\/09\/camperadrimlusitanus.jpg\" \/>\n\t<meta property=\"og:image:width\" content=\"800\" \/>\n\t<meta property=\"og:image:height\" content=\"800\" \/>\n\t<meta property=\"og:image:type\" content=\"image\/jpeg\" \/>\n<meta name=\"twitter:card\" content=\"summary_large_image\" \/>\n<meta name=\"twitter:label1\" content=\"Tiempo de lectura\" \/>\n\t<meta name=\"twitter:data1\" content=\"2 minutos\" \/>\n<script type=\"application\/ld+json\" class=\"yoast-schema-graph\">{\"@context\":\"https:\\\/\\\/schema.org\",\"@graph\":[{\"@type\":\"WebPage\",\"@id\":\"https:\\\/\\\/www.zaldionline.com\\\/es\\\/producto\\\/silla-zaldi-doma-drim-lusitanus-2\\\/\",\"url\":\"https:\\\/\\\/www.zaldionline.com\\\/es\\\/producto\\\/silla-zaldi-doma-drim-lusitanus-2\\\/\",\"name\":\"SILLA ZALDI DOMA DRIM Lusitanus - Zaldionline.com\",\"isPartOf\":{\"@id\":\"https:\\\/\\\/www.zaldionline.com\\\/es\\\/#website\"},\"primaryImageOfPage\":{\"@id\":\"https:\\\/\\\/www.zaldionline.com\\\/es\\\/producto\\\/silla-zaldi-doma-drim-lusitanus-2\\\/#primaryimage\"},\"image\":{\"@id\":\"https:\\\/\\\/www.zaldionline.com\\\/es\\\/producto\\\/silla-zaldi-doma-drim-lusitanus-2\\\/#primaryimage\"},\"thumbnailUrl\":\"https:\\\/\\\/www.zaldionline.com\\\/es\\\/wp-content\\\/uploads\\\/sites\\\/2\\\/2020\\\/09\\\/camperadrimlusitanus.jpg\",\"datePublished\":\"2020-10-31T16:43:39+00:00\",\"dateModified\":\"2024-10-29T11:32:21+00:00\",\"description\":\"Precio IVA incl.: 2988.00\u20ac INFORMACI\u00d3N T\u00c9CNICA:* Fabricada con una selecci\u00f3n de pieles de boxcalf y croupon vegetal.* Asiento muy profundo (con la misma armadura que la silla Drim).* Fald\u00f3n largo de doma cuadrado.* Con TM-System.* Baste de lana.* Armadura de polipropileno, usando la tecnolog\u00eda m\u00e1s avanzada y con 10 a\u00f1os de garant\u00eda.* Estriberas inoxidables de seguridad.* Latiguillos largos en \\\"V\\\". Medidas: 17\\\" - 17,5\\\" - 18\\\" Colores disponibles: Negro, Marr\u00f3n, Tostado. MEDIDAS:* Jinete 17.5\\\" (largo de 44.5 cm desde el borr\u00e9n trasero de la silla al clavo Zaldi).* Cruz del caballo: de 28 cm a 34 cm.* Peso: 8.400 kg.* Largo del fald\u00f3n desde la estribera: 41 cm.* Largo del baste por debajo: 49 cm.* \u00c1rea de apoyo del baste sobre el lomo del caballo: 44 cm.* Taco-Muslera: 20 cm x 8.5 cm x 9 cm. \u00a1AVISO IMPORTANTE! COLORES DEL CUERO Es \u201cIMPOSIBLE\u201d conseguir que dos art\u00edculos en cuero de color avellana, tostado, marr\u00f3n o habana sean exactamente iguales. Ref. 00179\",\"breadcrumb\":{\"@id\":\"https:\\\/\\\/www.zaldionline.com\\\/es\\\/producto\\\/silla-zaldi-doma-drim-lusitanus-2\\\/#breadcrumb\"},\"inLanguage\":\"es\",\"potentialAction\":[{\"@type\":\"ReadAction\",\"target\":[\"https:\\\/\\\/www.zaldionline.com\\\/es\\\/producto\\\/silla-zaldi-doma-drim-lusitanus-2\\\/\"]}]},{\"@type\":\"ImageObject\",\"inLanguage\":\"es\",\"@id\":\"https:\\\/\\\/www.zaldionline.com\\\/es\\\/producto\\\/silla-zaldi-doma-drim-lusitanus-2\\\/#primaryimage\",\"url\":\"https:\\\/\\\/www.zaldionline.com\\\/es\\\/wp-content\\\/uploads\\\/sites\\\/2\\\/2020\\\/09\\\/camperadrimlusitanus.jpg\",\"contentUrl\":\"https:\\\/\\\/www.zaldionline.com\\\/es\\\/wp-content\\\/uploads\\\/sites\\\/2\\\/2020\\\/09\\\/camperadrimlusitanus.jpg\",\"width\":800,\"height\":800},{\"@type\":\"BreadcrumbList\",\"@id\":\"https:\\\/\\\/www.zaldionline.com\\\/es\\\/producto\\\/silla-zaldi-doma-drim-lusitanus-2\\\/#breadcrumb\",\"itemListElement\":[{\"@type\":\"ListItem\",\"position\":1,\"name\":\"Portada\",\"item\":\"https:\\\/\\\/www.zaldionline.com\\\/es\\\/\"},{\"@type\":\"ListItem\",\"position\":2,\"name\":\"Sillas y accesorios\",\"item\":\"https:\\\/\\\/www.zaldionline.com\\\/es\\\/sillas-y-accesorios\\\/\"},{\"@type\":\"ListItem\",\"position\":3,\"name\":\"SILLA ZALDI DOMA DRIM Lusitanus\"}]},{\"@type\":\"WebSite\",\"@id\":\"https:\\\/\\\/www.zaldionline.com\\\/es\\\/#website\",\"url\":\"https:\\\/\\\/www.zaldionline.com\\\/es\\\/\",\"name\":\"Zaldionline.com\",\"description\":\"Los mejores productos para usted y su caballo\",\"potentialAction\":[{\"@type\":\"SearchAction\",\"target\":{\"@type\":\"EntryPoint\",\"urlTemplate\":\"https:\\\/\\\/www.zaldionline.com\\\/es\\\/?s={search_term_string}\"},\"query-input\":{\"@type\":\"PropertyValueSpecification\",\"valueRequired\":true,\"valueName\":\"search_term_string\"}}],\"inLanguage\":\"es\"}]}<\/script>\n<!-- \/ Yoast SEO plugin. -->","yoast_head_json":{"title":"SILLA ZALDI DOMA DRIM Lusitanus - Zaldionline.com","description":"Precio IVA incl.: 2988.00\u20ac INFORMACI\u00d3N T\u00c9CNICA:* Fabricada con una selecci\u00f3n de pieles de boxcalf y croupon vegetal.* Asiento muy profundo (con la misma armadura que la silla Drim).* Fald\u00f3n largo de doma cuadrado.* Con TM-System.* Baste de lana.* Armadura de polipropileno, usando la tecnolog\u00eda m\u00e1s avanzada y con 10 a\u00f1os de garant\u00eda.* Estriberas inoxidables de seguridad.* Latiguillos largos en \"V\". Medidas: 17\" - 17,5\" - 18\" Colores disponibles: Negro, Marr\u00f3n, Tostado. MEDIDAS:* Jinete 17.5\" (largo de 44.5 cm desde el borr\u00e9n trasero de la silla al clavo Zaldi).* Cruz del caballo: de 28 cm a 34 cm.* Peso: 8.400 kg.* Largo del fald\u00f3n desde la estribera: 41 cm.* Largo del baste por debajo: 49 cm.* \u00c1rea de apoyo del baste sobre el lomo del caballo: 44 cm.* Taco-Muslera: 20 cm x 8.5 cm x 9 cm. \u00a1AVISO IMPORTANTE! COLORES DEL CUERO Es \u201cIMPOSIBLE\u201d conseguir que dos art\u00edculos en cuero de color avellana, tostado, marr\u00f3n o habana sean exactamente iguales. Ref. 00179","robots":{"index":"noindex","follow":"follow","max-snippet":"max-snippet:-1","max-image-preview":"max-image-preview:large","max-video-preview":"max-video-preview:-1"},"og_locale":"es_ES","og_type":"article","og_title":"SILLA ZALDI DOMA DRIM Lusitanus - Zaldionline.com","og_description":"Precio IVA incl.: 2988.00\u20ac INFORMACI\u00d3N T\u00c9CNICA:* Fabricada con una selecci\u00f3n de pieles de boxcalf y croupon vegetal.* Asiento muy profundo (con la misma armadura que la silla Drim).* Fald\u00f3n largo de doma cuadrado.* Con TM-System.* Baste de lana.* Armadura de polipropileno, usando la tecnolog\u00eda m\u00e1s avanzada y con 10 a\u00f1os de garant\u00eda.* Estriberas inoxidables de seguridad.* Latiguillos largos en \"V\". Medidas: 17\" - 17,5\" - 18\" Colores disponibles: Negro, Marr\u00f3n, Tostado. MEDIDAS:* Jinete 17.5\" (largo de 44.5 cm desde el borr\u00e9n trasero de la silla al clavo Zaldi).* Cruz del caballo: de 28 cm a 34 cm.* Peso: 8.400 kg.* Largo del fald\u00f3n desde la estribera: 41 cm.* Largo del baste por debajo: 49 cm.* \u00c1rea de apoyo del baste sobre el lomo del caballo: 44 cm.* Taco-Muslera: 20 cm x 8.5 cm x 9 cm. \u00a1AVISO IMPORTANTE! COLORES DEL CUERO Es \u201cIMPOSIBLE\u201d conseguir que dos art\u00edculos en cuero de color avellana, tostado, marr\u00f3n o habana sean exactamente iguales. Ref. 00179","og_url":"https:\/\/www.zaldionline.com\/es\/producto\/silla-zaldi-doma-drim-lusitanus-2\/","og_site_name":"Zaldionline.com","article_modified_time":"2024-10-29T11:32:21+00:00","og_image":[{"width":800,"height":800,"url":"https:\/\/www.zaldionline.com\/es\/wp-content\/uploads\/sites\/2\/2020\/09\/camperadrimlusitanus.jpg","type":"image\/jpeg"}],"twitter_card":"summary_large_image","twitter_misc":{"Tiempo de lectura":"2 minutos"},"schema":{"@context":"https:\/\/schema.org","@graph":[{"@type":"WebPage","@id":"https:\/\/www.zaldionline.com\/es\/producto\/silla-zaldi-doma-drim-lusitanus-2\/","url":"https:\/\/www.zaldionline.com\/es\/producto\/silla-zaldi-doma-drim-lusitanus-2\/","name":"SILLA ZALDI DOMA DRIM Lusitanus - Zaldionline.com","isPartOf":{"@id":"https:\/\/www.zaldionline.com\/es\/#website"},"primaryImageOfPage":{"@id":"https:\/\/www.zaldionline.com\/es\/producto\/silla-zaldi-doma-drim-lusitanus-2\/#primaryimage"},"image":{"@id":"https:\/\/www.zaldionline.com\/es\/producto\/silla-zaldi-doma-drim-lusitanus-2\/#primaryimage"},"thumbnailUrl":"https:\/\/www.zaldionline.com\/es\/wp-content\/uploads\/sites\/2\/2020\/09\/camperadrimlusitanus.jpg","datePublished":"2020-10-31T16:43:39+00:00","dateModified":"2024-10-29T11:32:21+00:00","description":"Precio IVA incl.: 2988.00\u20ac INFORMACI\u00d3N T\u00c9CNICA:* Fabricada con una selecci\u00f3n de pieles de boxcalf y croupon vegetal.* Asiento muy profundo (con la misma armadura que la silla Drim).* Fald\u00f3n largo de doma cuadrado.* Con TM-System.* Baste de lana.* Armadura de polipropileno, usando la tecnolog\u00eda m\u00e1s avanzada y con 10 a\u00f1os de garant\u00eda.* Estriberas inoxidables de seguridad.* Latiguillos largos en \"V\". Medidas: 17\" - 17,5\" - 18\" Colores disponibles: Negro, Marr\u00f3n, Tostado. MEDIDAS:* Jinete 17.5\" (largo de 44.5 cm desde el borr\u00e9n trasero de la silla al clavo Zaldi).* Cruz del caballo: de 28 cm a 34 cm.* Peso: 8.400 kg.* Largo del fald\u00f3n desde la estribera: 41 cm.* Largo del baste por debajo: 49 cm.* \u00c1rea de apoyo del baste sobre el lomo del caballo: 44 cm.* Taco-Muslera: 20 cm x 8.5 cm x 9 cm. \u00a1AVISO IMPORTANTE! COLORES DEL CUERO Es \u201cIMPOSIBLE\u201d conseguir que dos art\u00edculos en cuero de color avellana, tostado, marr\u00f3n o habana sean exactamente iguales. Ref. 00179","breadcrumb":{"@id":"https:\/\/www.zaldionline.com\/es\/producto\/silla-zaldi-doma-drim-lusitanus-2\/#breadcrumb"},"inLanguage":"es","potentialAction":[{"@type":"ReadAction","target":["https:\/\/www.zaldionline.com\/es\/producto\/silla-zaldi-doma-drim-lusitanus-2\/"]}]},{"@type":"ImageObject","inLanguage":"es","@id":"https:\/\/www.zaldionline.com\/es\/producto\/silla-zaldi-doma-drim-lusitanus-2\/#primaryimage","url":"https:\/\/www.zaldionline.com\/es\/wp-content\/uploads\/sites\/2\/2020\/09\/camperadrimlusitanus.jpg","contentUrl":"https:\/\/www.zaldionline.com\/es\/wp-content\/uploads\/sites\/2\/2020\/09\/camperadrimlusitanus.jpg","width":800,"height":800},{"@type":"BreadcrumbList","@id":"https:\/\/www.zaldionline.com\/es\/producto\/silla-zaldi-doma-drim-lusitanus-2\/#breadcrumb","itemListElement":[{"@type":"ListItem","position":1,"name":"Portada","item":"https:\/\/www.zaldionline.com\/es\/"},{"@type":"ListItem","position":2,"name":"Sillas y accesorios","item":"https:\/\/www.zaldionline.com\/es\/sillas-y-accesorios\/"},{"@type":"ListItem","position":3,"name":"SILLA ZALDI DOMA DRIM Lusitanus"}]},{"@type":"WebSite","@id":"https:\/\/www.zaldionline.com\/es\/#website","url":"https:\/\/www.zaldionline.com\/es\/","name":"Zaldionline.com","description":"Los mejores productos para usted y su caballo","potentialAction":[{"@type":"SearchAction","target":{"@type":"EntryPoint","urlTemplate":"https:\/\/www.zaldionline.com\/es\/?s={search_term_string}"},"query-input":{"@type":"PropertyValueSpecification","valueRequired":true,"valueName":"search_term_string"}}],"inLanguage":"es"}]}},"_links":{"self":[{"href":"https:\/\/www.zaldionline.com\/es\/wp-json\/wp\/v2\/product\/14589","targetHints":{"allow":["GET"]}}],"collection":[{"href":"https:\/\/www.zaldionline.com\/es\/wp-json\/wp\/v2\/product"}],"about":[{"href":"https:\/\/www.zaldionline.com\/es\/wp-json\/wp\/v2\/types\/product"}],"replies":[{"embeddable":true,"href":"https:\/\/www.zaldionline.com\/es\/wp-json\/wp\/v2\/comments?post=14589"}],"version-history":[{"count":12,"href":"https:\/\/www.zaldionline.com\/es\/wp-json\/wp\/v2\/product\/14589\/revisions"}],"predecessor-version":[{"id":25562,"href":"https:\/\/www.zaldionline.com\/es\/wp-json\/wp\/v2\/product\/14589\/revisions\/25562"}],"wp:featuredmedia":[{"embeddable":true,"href":"https:\/\/www.zaldionline.com\/es\/wp-json\/wp\/v2\/media\/12311"}],"wp:attachment":[{"href":"https:\/\/www.zaldionline.com\/es\/wp-json\/wp\/v2\/media?parent=14589"}],"wp:term":[{"taxonomy":"product_brand","embeddable":true,"href":"https:\/\/www.zaldionline.com\/es\/wp-json\/wp\/v2\/product_brand?post=14589"},{"taxonomy":"product_cat","embeddable":true,"href":"https:\/\/www.zaldionline.com\/es\/wp-json\/wp\/v2\/product_cat?post=14589"},{"taxonomy":"product_tag","embeddable":true,"href":"https:\/\/www.zaldionline.com\/es\/wp-json\/wp\/v2\/product_tag?post=14589"}],"curies":[{"name":"wp","href":"https:\/\/api.w.org\/{rel}","templated":true}]}}