{"id":14985,"date":"2020-11-03T10:50:21","date_gmt":"2020-11-03T10:50:21","guid":{"rendered":"https:\/\/zaldionline.com\/?post_type=product&#038;p=14985"},"modified":"2024-10-18T13:57:35","modified_gmt":"2024-10-18T13:57:35","slug":"silla-zaldi-p-escola-portuguesa-profunda","status":"publish","type":"product","link":"https:\/\/www.zaldionline.com\/es\/producto\/silla-zaldi-p-escola-portuguesa-profunda\/","title":{"rendered":"SILLA ZALDI P. ESCOLA PORTUGUESA PROFUNDA"},"content":{"rendered":"\t\t<div data-elementor-type=\"wp-post\" data-elementor-id=\"14985\" class=\"elementor elementor-14985\">\n\t\t\t\t\t\t<section class=\"elementor-section elementor-top-section elementor-element elementor-element-2e23546e elementor-section-boxed elementor-section-height-default elementor-section-height-default\" data-id=\"2e23546e\" data-element_type=\"section\" data-e-type=\"section\">\n\t\t\t\t\t\t<div class=\"elementor-container elementor-column-gap-default\">\n\t\t\t\t\t<div class=\"elementor-column elementor-col-100 elementor-top-column elementor-element elementor-element-14338fd1\" data-id=\"14338fd1\" data-element_type=\"column\" data-e-type=\"column\">\n\t\t\t<div class=\"elementor-widget-wrap elementor-element-populated\">\n\t\t\t\t\t\t<div class=\"elementor-element elementor-element-7bc9e7e9 elementor-widget elementor-widget-text-editor\" data-id=\"7bc9e7e9\" data-element_type=\"widget\" data-e-type=\"widget\" data-widget_type=\"text-editor.default\">\n\t\t\t\t<div class=\"elementor-widget-container\">\n\t\t\t\t\t\t\t\t\t<p>Precio IVA incl.<\/p><p>ESCOLA, la silla de doma con est\u00e9tica portuguesa.<br \/>Re\u00fane cualidades que marcan la diferencia en las sillas de Doma Portuguesa.<br \/>Realizada en una nueva piel europea natural, m\u00e1s resistente y flexible. Armadura flexible y dise\u00f1o ergon\u00f3mico. Libertad de movimiento y contacto con el caballo. El jinete encuentra en esta silla la expresi\u00f3n de s\u00ed mismo. Grandes jinetes y profesionales de Portugal y de todo el mundo apuestan por ella.<br \/>Actualmente adem\u00e1s de los cl\u00e1sicos colores; se pueden realizar m\u00faltiples combinaciones en colores de cuero, hilos, vivos, burletes\u2026 Por ejemplo, el modelo de la imagen es de cuero tostado y ante beige.<\/p><p>Sobre una nueva armadura muy c\u00f3moda, esta silla permite el m\u00e1ximo contacto jinete-caballo. Consigue una postura m\u00e1s correcta para el jinete.<br \/>Nuevo dise\u00f1o ergon\u00f3mico del fald\u00f3n (largo de doma portuguesa).<br \/>Baste de lana con tratamiento repelente agua-sudor que evita el balanceo sobre el dorso del caballo, consiguiendo gran asiento y propiciando libertad al caballo.<\/p><p>MATERIALES:<br \/>* Pieles europeas de crup\u00f3n y boxcalf especialmente seleccionadas.<br \/>* Asiento de goma l\u00e1tex profundo.<br \/>* Fald\u00f3n largo de doma.<br \/>* Rodillera\/Taco exterior.<br \/>* Baste relleno de lana.<br \/>* Armadura fabricada en materiales especiales, con la tecnolog\u00eda m\u00e1s avanzada. Garant\u00eda de 10 a\u00f1os.<br \/>* Estriberas inoxidables de seguridad.<br \/>* Latiguillos largos en &#8220;V&#8221;.<\/p><p>Medidas:<br \/>* Jinete: 17&#8243; &#8211; 17.5&#8243; &#8211; 18&#8243; y 19&#8243;<br \/>* Cruz del caballo: de 28 cm a 34 cm<\/p><p>MEDIDAS:<br \/>* Jinete 17.5&#8243; (largo de 44.5 cm de la parte trasera del asiento al clavo Zaldi).<br \/>* Cruz del caballo: de 28 cm a 34 cm<br \/>* Peso: 8.000 Kg<br \/>* Largo del fald\u00f3n desde la estribera: 42 cm<br \/>* Largo del baste por debajo: 52 cm<br \/>* \u00c1rea de apoyo del baste sobre el lomo del caballo: 47 cm<br \/>* Rodillera: 26 cm x 6 cm x 3 cm<\/p><p><strong>\u00a1AVISO IMPORTANTE!<\/strong><\/p><p><strong>COLORES DEL CUERO<\/strong><\/p><p><strong>Es \u201cIMPOSIBLE\u201d conseguir que dos art\u00edculos en cuero de color avellana, tostado, marr\u00f3n o habana sean exactamente iguales.<\/strong><\/p><p>Ref.:\u00a0 00124<\/p>\t\t\t\t\t\t\t\t<\/div>\n\t\t\t\t<\/div>\n\t\t\t\t\t<\/div>\n\t\t<\/div>\n\t\t\t\t\t<\/div>\n\t\t<\/section>\n\t\t\t\t<\/div>\n\t\t","protected":false},"excerpt":{"rendered":"<p>Precio IVA incl. ESCOLA, la silla de doma con est\u00e9tica portuguesa. Re\u00fane cualidades que marcan la diferencia en las sillas de Doma Portuguesa. Realizada en una nueva piel europea natural, m\u00e1s resistente y flexible. Armadura flexible y dise\u00f1o ergon\u00f3mico. Libertad de movimiento y contacto con el caballo. El jinete encuentra en esta silla la expresi\u00f3n [&hellip;]<\/p>\n","protected":false},"featured_media":17352,"comment_status":"open","ping_status":"closed","template":"","meta":{"site-sidebar-layout":"default","site-content-layout":"","ast-site-content-layout":"default","site-content-style":"default","site-sidebar-style":"default","ast-global-header-display":"","ast-banner-title-visibility":"","ast-main-header-display":"","ast-hfb-above-header-display":"","ast-hfb-below-header-display":"","ast-hfb-mobile-header-display":"","site-post-title":"","ast-breadcrumbs-content":"","ast-featured-img":"","footer-sml-layout":"","ast-disable-related-posts":"","theme-transparent-header-meta":"default","adv-header-id-meta":"","stick-header-meta":"","header-above-stick-meta":"","header-main-stick-meta":"","header-below-stick-meta":"","astra-migrate-meta-layouts":"set","ast-page-background-enabled":"default","ast-page-background-meta":{"desktop":{"background-color":"var(--ast-global-color-4)","background-image":"","background-repeat":"repeat","background-position":"center center","background-size":"auto","background-attachment":"scroll","background-type":"","background-media":"","overlay-type":"","overlay-color":"","overlay-opacity":"","overlay-gradient":""},"tablet":{"background-color":"","background-image":"","background-repeat":"repeat","background-position":"center center","background-size":"auto","background-attachment":"scroll","background-type":"","background-media":"","overlay-type":"","overlay-color":"","overlay-opacity":"","overlay-gradient":""},"mobile":{"background-color":"","background-image":"","background-repeat":"repeat","background-position":"center center","background-size":"auto","background-attachment":"scroll","background-type":"","background-media":"","overlay-type":"","overlay-color":"","overlay-opacity":"","overlay-gradient":""}},"ast-content-background-meta":{"desktop":{"background-color":"var(--ast-global-color-5)","background-image":"","background-repeat":"repeat","background-position":"center center","background-size":"auto","background-attachment":"scroll","background-type":"","background-media":"","overlay-type":"","overlay-color":"","overlay-opacity":"","overlay-gradient":""},"tablet":{"background-color":"var(--ast-global-color-5)","background-image":"","background-repeat":"repeat","background-position":"center center","background-size":"auto","background-attachment":"scroll","background-type":"","background-media":"","overlay-type":"","overlay-color":"","overlay-opacity":"","overlay-gradient":""},"mobile":{"background-color":"var(--ast-global-color-5)","background-image":"","background-repeat":"repeat","background-position":"center center","background-size":"auto","background-attachment":"scroll","background-type":"","background-media":"","overlay-type":"","overlay-color":"","overlay-opacity":"","overlay-gradient":""}},"ngg_post_thumbnail":0},"product_brand":[],"product_cat":[26,17],"product_tag":[341,1054,646,346,440,410,1050,1053,202,1014,340,1048,1057,337,991,338,351,339],"class_list":{"0":"post-14985","1":"product","2":"type-product","3":"status-publish","4":"has-post-thumbnail","6":"product_cat-doma","7":"product_cat-sillas","8":"product_tag-bienestarcaballo","9":"product_tag-cuero","10":"product_tag-doma","11":"product_tag-equiscan-zaldi","12":"product_tag-silla","13":"product_tag-silla-custom","14":"product_tag-silla-de-montar-a-medida","15":"product_tag-silla-sin-cuero","16":"product_tag-sillas","17":"product_tag-sillas-de-doma","18":"product_tag-susanne-nagel","19":"product_tag-vegana","20":"product_tag-vegano","21":"product_tag-zaldi","22":"product_tag-zaldi-alemania","23":"product_tag-zaldi-deutschland","24":"product_tag-zaldi-escola-portugesa-profunda","25":"product_tag-zaldi-online-com","26":"desktop-align-left","27":"tablet-align-left","28":"mobile-align-left","30":"first","31":"instock","32":"taxable","33":"shipping-taxable","34":"purchasable","35":"product-type-variable"},"yoast_head":"<!-- This site is optimized with the Yoast SEO plugin v27.3 - https:\/\/yoast.com\/product\/yoast-seo-wordpress\/ -->\n<title>SILLA ZALDI P. ESCOLA PORTUGUESA PROFUNDA - Zaldionline.com<\/title>\n<meta name=\"description\" content=\"Precio IVA incl.: 2379.50\u20ac MATERIALES:* Pieles europeas de crup\u00f3n y boxcalf especialmente seleccionadas.* Asiento de goma l\u00e1tex profundo.* Fald\u00f3n largo de doma.* Rodillera\/Taco exterior.* Baste relleno de lana.* Armadura fabricada en materiales especiales, con la tecnolog\u00eda m\u00e1s avanzada. Garant\u00eda de 10 a\u00f1os.* Estriberas inoxidables de seguridad.* Latiguillos largos en &quot;V&quot;.Medidas:* Jinete: 17&quot; - 17.5&quot; - 18&quot; y 19&quot;* Cruz del caballo: de 28 cm a 34 cm MEDIDAS:* Jinete 17.5&quot; (largo de 44.5 cm de la parte trasera del asiento al clavo Zaldi).* Cruz del caballo: de 28 cm a 34 cm* Peso: 8.000 Kg* Largo del fald\u00f3n desde la estribera: 42 cm* Largo del baste por debajo: 52 cm* \u00c1rea de apoyo del baste sobre el lomo del caballo: 47 cm* Rodillera: 26 cm x 6 cm x 3 cm \u00a1AVISO IMPORTANTE! COLORES DEL CUERO Es \u201cIMPOSIBLE\u201d conseguir que dos art\u00edculos en cuero de color avellana, tostado, marr\u00f3n o habana sean exactamente iguales. Ref. 00124\" \/>\n<meta name=\"robots\" content=\"noindex, follow, max-snippet:-1, max-image-preview:large, max-video-preview:-1\" \/>\n<meta property=\"og:locale\" content=\"es_ES\" \/>\n<meta property=\"og:type\" content=\"article\" \/>\n<meta property=\"og:title\" content=\"SILLA ZALDI P. ESCOLA PORTUGUESA PROFUNDA - Zaldionline.com\" \/>\n<meta property=\"og:description\" content=\"Precio IVA incl.: 2379.50\u20ac MATERIALES:* Pieles europeas de crup\u00f3n y boxcalf especialmente seleccionadas.* Asiento de goma l\u00e1tex profundo.* Fald\u00f3n largo de doma.* Rodillera\/Taco exterior.* Baste relleno de lana.* Armadura fabricada en materiales especiales, con la tecnolog\u00eda m\u00e1s avanzada. Garant\u00eda de 10 a\u00f1os.* Estriberas inoxidables de seguridad.* Latiguillos largos en &quot;V&quot;.Medidas:* Jinete: 17&quot; - 17.5&quot; - 18&quot; y 19&quot;* Cruz del caballo: de 28 cm a 34 cm MEDIDAS:* Jinete 17.5&quot; (largo de 44.5 cm de la parte trasera del asiento al clavo Zaldi).* Cruz del caballo: de 28 cm a 34 cm* Peso: 8.000 Kg* Largo del fald\u00f3n desde la estribera: 42 cm* Largo del baste por debajo: 52 cm* \u00c1rea de apoyo del baste sobre el lomo del caballo: 47 cm* Rodillera: 26 cm x 6 cm x 3 cm \u00a1AVISO IMPORTANTE! COLORES DEL CUERO Es \u201cIMPOSIBLE\u201d conseguir que dos art\u00edculos en cuero de color avellana, tostado, marr\u00f3n o habana sean exactamente iguales. Ref. 00124\" \/>\n<meta property=\"og:url\" content=\"https:\/\/www.zaldionline.com\/es\/producto\/silla-zaldi-p-escola-portuguesa-profunda\/\" \/>\n<meta property=\"og:site_name\" content=\"Zaldionline.com\" \/>\n<meta property=\"article:modified_time\" content=\"2024-10-18T13:57:35+00:00\" \/>\n<meta property=\"og:image\" content=\"https:\/\/www.zaldionline.com\/es\/wp-content\/uploads\/sites\/2\/2020\/11\/Bild_2020-12-10_142022.png\" \/>\n\t<meta property=\"og:image:width\" content=\"503\" \/>\n\t<meta property=\"og:image:height\" content=\"513\" \/>\n\t<meta property=\"og:image:type\" content=\"image\/png\" \/>\n<meta name=\"twitter:card\" content=\"summary_large_image\" \/>\n<meta name=\"twitter:label1\" content=\"Tiempo de lectura\" \/>\n\t<meta name=\"twitter:data1\" content=\"2 minutos\" \/>\n<script type=\"application\/ld+json\" class=\"yoast-schema-graph\">{\"@context\":\"https:\\\/\\\/schema.org\",\"@graph\":[{\"@type\":\"WebPage\",\"@id\":\"https:\\\/\\\/www.zaldionline.com\\\/es\\\/producto\\\/silla-zaldi-p-escola-portuguesa-profunda\\\/\",\"url\":\"https:\\\/\\\/www.zaldionline.com\\\/es\\\/producto\\\/silla-zaldi-p-escola-portuguesa-profunda\\\/\",\"name\":\"SILLA ZALDI P. ESCOLA PORTUGUESA PROFUNDA - Zaldionline.com\",\"isPartOf\":{\"@id\":\"https:\\\/\\\/www.zaldionline.com\\\/es\\\/#website\"},\"primaryImageOfPage\":{\"@id\":\"https:\\\/\\\/www.zaldionline.com\\\/es\\\/producto\\\/silla-zaldi-p-escola-portuguesa-profunda\\\/#primaryimage\"},\"image\":{\"@id\":\"https:\\\/\\\/www.zaldionline.com\\\/es\\\/producto\\\/silla-zaldi-p-escola-portuguesa-profunda\\\/#primaryimage\"},\"thumbnailUrl\":\"https:\\\/\\\/www.zaldionline.com\\\/es\\\/wp-content\\\/uploads\\\/sites\\\/2\\\/2020\\\/11\\\/Bild_2020-12-10_142022.png\",\"datePublished\":\"2020-11-03T10:50:21+00:00\",\"dateModified\":\"2024-10-18T13:57:35+00:00\",\"description\":\"Precio IVA incl.: 2379.50\u20ac MATERIALES:* Pieles europeas de crup\u00f3n y boxcalf especialmente seleccionadas.* Asiento de goma l\u00e1tex profundo.* Fald\u00f3n largo de doma.* Rodillera\\\/Taco exterior.* Baste relleno de lana.* Armadura fabricada en materiales especiales, con la tecnolog\u00eda m\u00e1s avanzada. Garant\u00eda de 10 a\u00f1os.* Estriberas inoxidables de seguridad.* Latiguillos largos en \\\"V\\\".Medidas:* Jinete: 17\\\" - 17.5\\\" - 18\\\" y 19\\\"* Cruz del caballo: de 28 cm a 34 cm MEDIDAS:* Jinete 17.5\\\" (largo de 44.5 cm de la parte trasera del asiento al clavo Zaldi).* Cruz del caballo: de 28 cm a 34 cm* Peso: 8.000 Kg* Largo del fald\u00f3n desde la estribera: 42 cm* Largo del baste por debajo: 52 cm* \u00c1rea de apoyo del baste sobre el lomo del caballo: 47 cm* Rodillera: 26 cm x 6 cm x 3 cm \u00a1AVISO IMPORTANTE! COLORES DEL CUERO Es \u201cIMPOSIBLE\u201d conseguir que dos art\u00edculos en cuero de color avellana, tostado, marr\u00f3n o habana sean exactamente iguales. Ref. 00124\",\"breadcrumb\":{\"@id\":\"https:\\\/\\\/www.zaldionline.com\\\/es\\\/producto\\\/silla-zaldi-p-escola-portuguesa-profunda\\\/#breadcrumb\"},\"inLanguage\":\"es\",\"potentialAction\":[{\"@type\":\"ReadAction\",\"target\":[\"https:\\\/\\\/www.zaldionline.com\\\/es\\\/producto\\\/silla-zaldi-p-escola-portuguesa-profunda\\\/\"]}]},{\"@type\":\"ImageObject\",\"inLanguage\":\"es\",\"@id\":\"https:\\\/\\\/www.zaldionline.com\\\/es\\\/producto\\\/silla-zaldi-p-escola-portuguesa-profunda\\\/#primaryimage\",\"url\":\"https:\\\/\\\/www.zaldionline.com\\\/es\\\/wp-content\\\/uploads\\\/sites\\\/2\\\/2020\\\/11\\\/Bild_2020-12-10_142022.png\",\"contentUrl\":\"https:\\\/\\\/www.zaldionline.com\\\/es\\\/wp-content\\\/uploads\\\/sites\\\/2\\\/2020\\\/11\\\/Bild_2020-12-10_142022.png\",\"width\":503,\"height\":513},{\"@type\":\"BreadcrumbList\",\"@id\":\"https:\\\/\\\/www.zaldionline.com\\\/es\\\/producto\\\/silla-zaldi-p-escola-portuguesa-profunda\\\/#breadcrumb\",\"itemListElement\":[{\"@type\":\"ListItem\",\"position\":1,\"name\":\"Portada\",\"item\":\"https:\\\/\\\/www.zaldionline.com\\\/es\\\/\"},{\"@type\":\"ListItem\",\"position\":2,\"name\":\"Sillas y accesorios\",\"item\":\"https:\\\/\\\/www.zaldionline.com\\\/es\\\/sillas-y-accesorios\\\/\"},{\"@type\":\"ListItem\",\"position\":3,\"name\":\"SILLA ZALDI P. ESCOLA PORTUGUESA PROFUNDA\"}]},{\"@type\":\"WebSite\",\"@id\":\"https:\\\/\\\/www.zaldionline.com\\\/es\\\/#website\",\"url\":\"https:\\\/\\\/www.zaldionline.com\\\/es\\\/\",\"name\":\"Zaldionline.com\",\"description\":\"Los mejores productos para usted y su caballo\",\"potentialAction\":[{\"@type\":\"SearchAction\",\"target\":{\"@type\":\"EntryPoint\",\"urlTemplate\":\"https:\\\/\\\/www.zaldionline.com\\\/es\\\/?s={search_term_string}\"},\"query-input\":{\"@type\":\"PropertyValueSpecification\",\"valueRequired\":true,\"valueName\":\"search_term_string\"}}],\"inLanguage\":\"es\"}]}<\/script>\n<!-- \/ Yoast SEO plugin. -->","yoast_head_json":{"title":"SILLA ZALDI P. ESCOLA PORTUGUESA PROFUNDA - Zaldionline.com","description":"Precio IVA incl.: 2379.50\u20ac MATERIALES:* Pieles europeas de crup\u00f3n y boxcalf especialmente seleccionadas.* Asiento de goma l\u00e1tex profundo.* Fald\u00f3n largo de doma.* Rodillera\/Taco exterior.* Baste relleno de lana.* Armadura fabricada en materiales especiales, con la tecnolog\u00eda m\u00e1s avanzada. Garant\u00eda de 10 a\u00f1os.* Estriberas inoxidables de seguridad.* Latiguillos largos en \"V\".Medidas:* Jinete: 17\" - 17.5\" - 18\" y 19\"* Cruz del caballo: de 28 cm a 34 cm MEDIDAS:* Jinete 17.5\" (largo de 44.5 cm de la parte trasera del asiento al clavo Zaldi).* Cruz del caballo: de 28 cm a 34 cm* Peso: 8.000 Kg* Largo del fald\u00f3n desde la estribera: 42 cm* Largo del baste por debajo: 52 cm* \u00c1rea de apoyo del baste sobre el lomo del caballo: 47 cm* Rodillera: 26 cm x 6 cm x 3 cm \u00a1AVISO IMPORTANTE! COLORES DEL CUERO Es \u201cIMPOSIBLE\u201d conseguir que dos art\u00edculos en cuero de color avellana, tostado, marr\u00f3n o habana sean exactamente iguales. Ref. 00124","robots":{"index":"noindex","follow":"follow","max-snippet":"max-snippet:-1","max-image-preview":"max-image-preview:large","max-video-preview":"max-video-preview:-1"},"og_locale":"es_ES","og_type":"article","og_title":"SILLA ZALDI P. ESCOLA PORTUGUESA PROFUNDA - Zaldionline.com","og_description":"Precio IVA incl.: 2379.50\u20ac MATERIALES:* Pieles europeas de crup\u00f3n y boxcalf especialmente seleccionadas.* Asiento de goma l\u00e1tex profundo.* Fald\u00f3n largo de doma.* Rodillera\/Taco exterior.* Baste relleno de lana.* Armadura fabricada en materiales especiales, con la tecnolog\u00eda m\u00e1s avanzada. Garant\u00eda de 10 a\u00f1os.* Estriberas inoxidables de seguridad.* Latiguillos largos en \"V\".Medidas:* Jinete: 17\" - 17.5\" - 18\" y 19\"* Cruz del caballo: de 28 cm a 34 cm MEDIDAS:* Jinete 17.5\" (largo de 44.5 cm de la parte trasera del asiento al clavo Zaldi).* Cruz del caballo: de 28 cm a 34 cm* Peso: 8.000 Kg* Largo del fald\u00f3n desde la estribera: 42 cm* Largo del baste por debajo: 52 cm* \u00c1rea de apoyo del baste sobre el lomo del caballo: 47 cm* Rodillera: 26 cm x 6 cm x 3 cm \u00a1AVISO IMPORTANTE! COLORES DEL CUERO Es \u201cIMPOSIBLE\u201d conseguir que dos art\u00edculos en cuero de color avellana, tostado, marr\u00f3n o habana sean exactamente iguales. Ref. 00124","og_url":"https:\/\/www.zaldionline.com\/es\/producto\/silla-zaldi-p-escola-portuguesa-profunda\/","og_site_name":"Zaldionline.com","article_modified_time":"2024-10-18T13:57:35+00:00","og_image":[{"width":503,"height":513,"url":"https:\/\/www.zaldionline.com\/es\/wp-content\/uploads\/sites\/2\/2020\/11\/Bild_2020-12-10_142022.png","type":"image\/png"}],"twitter_card":"summary_large_image","twitter_misc":{"Tiempo de lectura":"2 minutos"},"schema":{"@context":"https:\/\/schema.org","@graph":[{"@type":"WebPage","@id":"https:\/\/www.zaldionline.com\/es\/producto\/silla-zaldi-p-escola-portuguesa-profunda\/","url":"https:\/\/www.zaldionline.com\/es\/producto\/silla-zaldi-p-escola-portuguesa-profunda\/","name":"SILLA ZALDI P. ESCOLA PORTUGUESA PROFUNDA - Zaldionline.com","isPartOf":{"@id":"https:\/\/www.zaldionline.com\/es\/#website"},"primaryImageOfPage":{"@id":"https:\/\/www.zaldionline.com\/es\/producto\/silla-zaldi-p-escola-portuguesa-profunda\/#primaryimage"},"image":{"@id":"https:\/\/www.zaldionline.com\/es\/producto\/silla-zaldi-p-escola-portuguesa-profunda\/#primaryimage"},"thumbnailUrl":"https:\/\/www.zaldionline.com\/es\/wp-content\/uploads\/sites\/2\/2020\/11\/Bild_2020-12-10_142022.png","datePublished":"2020-11-03T10:50:21+00:00","dateModified":"2024-10-18T13:57:35+00:00","description":"Precio IVA incl.: 2379.50\u20ac MATERIALES:* Pieles europeas de crup\u00f3n y boxcalf especialmente seleccionadas.* Asiento de goma l\u00e1tex profundo.* Fald\u00f3n largo de doma.* Rodillera\/Taco exterior.* Baste relleno de lana.* Armadura fabricada en materiales especiales, con la tecnolog\u00eda m\u00e1s avanzada. Garant\u00eda de 10 a\u00f1os.* Estriberas inoxidables de seguridad.* Latiguillos largos en \"V\".Medidas:* Jinete: 17\" - 17.5\" - 18\" y 19\"* Cruz del caballo: de 28 cm a 34 cm MEDIDAS:* Jinete 17.5\" (largo de 44.5 cm de la parte trasera del asiento al clavo Zaldi).* Cruz del caballo: de 28 cm a 34 cm* Peso: 8.000 Kg* Largo del fald\u00f3n desde la estribera: 42 cm* Largo del baste por debajo: 52 cm* \u00c1rea de apoyo del baste sobre el lomo del caballo: 47 cm* Rodillera: 26 cm x 6 cm x 3 cm \u00a1AVISO IMPORTANTE! COLORES DEL CUERO Es \u201cIMPOSIBLE\u201d conseguir que dos art\u00edculos en cuero de color avellana, tostado, marr\u00f3n o habana sean exactamente iguales. Ref. 00124","breadcrumb":{"@id":"https:\/\/www.zaldionline.com\/es\/producto\/silla-zaldi-p-escola-portuguesa-profunda\/#breadcrumb"},"inLanguage":"es","potentialAction":[{"@type":"ReadAction","target":["https:\/\/www.zaldionline.com\/es\/producto\/silla-zaldi-p-escola-portuguesa-profunda\/"]}]},{"@type":"ImageObject","inLanguage":"es","@id":"https:\/\/www.zaldionline.com\/es\/producto\/silla-zaldi-p-escola-portuguesa-profunda\/#primaryimage","url":"https:\/\/www.zaldionline.com\/es\/wp-content\/uploads\/sites\/2\/2020\/11\/Bild_2020-12-10_142022.png","contentUrl":"https:\/\/www.zaldionline.com\/es\/wp-content\/uploads\/sites\/2\/2020\/11\/Bild_2020-12-10_142022.png","width":503,"height":513},{"@type":"BreadcrumbList","@id":"https:\/\/www.zaldionline.com\/es\/producto\/silla-zaldi-p-escola-portuguesa-profunda\/#breadcrumb","itemListElement":[{"@type":"ListItem","position":1,"name":"Portada","item":"https:\/\/www.zaldionline.com\/es\/"},{"@type":"ListItem","position":2,"name":"Sillas y accesorios","item":"https:\/\/www.zaldionline.com\/es\/sillas-y-accesorios\/"},{"@type":"ListItem","position":3,"name":"SILLA ZALDI P. ESCOLA PORTUGUESA PROFUNDA"}]},{"@type":"WebSite","@id":"https:\/\/www.zaldionline.com\/es\/#website","url":"https:\/\/www.zaldionline.com\/es\/","name":"Zaldionline.com","description":"Los mejores productos para usted y su caballo","potentialAction":[{"@type":"SearchAction","target":{"@type":"EntryPoint","urlTemplate":"https:\/\/www.zaldionline.com\/es\/?s={search_term_string}"},"query-input":{"@type":"PropertyValueSpecification","valueRequired":true,"valueName":"search_term_string"}}],"inLanguage":"es"}]}},"_links":{"self":[{"href":"https:\/\/www.zaldionline.com\/es\/wp-json\/wp\/v2\/product\/14985","targetHints":{"allow":["GET"]}}],"collection":[{"href":"https:\/\/www.zaldionline.com\/es\/wp-json\/wp\/v2\/product"}],"about":[{"href":"https:\/\/www.zaldionline.com\/es\/wp-json\/wp\/v2\/types\/product"}],"replies":[{"embeddable":true,"href":"https:\/\/www.zaldionline.com\/es\/wp-json\/wp\/v2\/comments?post=14985"}],"version-history":[{"count":8,"href":"https:\/\/www.zaldionline.com\/es\/wp-json\/wp\/v2\/product\/14985\/revisions"}],"predecessor-version":[{"id":24137,"href":"https:\/\/www.zaldionline.com\/es\/wp-json\/wp\/v2\/product\/14985\/revisions\/24137"}],"wp:featuredmedia":[{"embeddable":true,"href":"https:\/\/www.zaldionline.com\/es\/wp-json\/wp\/v2\/media\/17352"}],"wp:attachment":[{"href":"https:\/\/www.zaldionline.com\/es\/wp-json\/wp\/v2\/media?parent=14985"}],"wp:term":[{"taxonomy":"product_brand","embeddable":true,"href":"https:\/\/www.zaldionline.com\/es\/wp-json\/wp\/v2\/product_brand?post=14985"},{"taxonomy":"product_cat","embeddable":true,"href":"https:\/\/www.zaldionline.com\/es\/wp-json\/wp\/v2\/product_cat?post=14985"},{"taxonomy":"product_tag","embeddable":true,"href":"https:\/\/www.zaldionline.com\/es\/wp-json\/wp\/v2\/product_tag?post=14985"}],"curies":[{"name":"wp","href":"https:\/\/api.w.org\/{rel}","templated":true}]}}