{"id":15205,"date":"2020-11-04T13:16:10","date_gmt":"2020-11-04T13:16:10","guid":{"rendered":"https:\/\/zaldionline.com\/?post_type=product&#038;p=15205"},"modified":"2025-02-11T11:45:21","modified_gmt":"2025-02-11T11:45:21","slug":"baste-extra-ancho-dropped-panel-opcion-silla-zaldi","status":"publish","type":"product","link":"https:\/\/www.zaldionline.com\/es\/producto\/baste-extra-ancho-dropped-panel-opcion-silla-zaldi\/","title":{"rendered":"BASTE EXTRA ANCHO DROPPED PANEL OPCI\u00d3N SILLA ZALDI"},"content":{"rendered":"\t\t<div data-elementor-type=\"wp-post\" data-elementor-id=\"15205\" class=\"elementor elementor-15205\">\n\t\t\t\t\t\t<section class=\"elementor-section elementor-top-section elementor-element elementor-element-1fa4a659 elementor-section-boxed elementor-section-height-default elementor-section-height-default\" data-id=\"1fa4a659\" data-element_type=\"section\" data-e-type=\"section\">\n\t\t\t\t\t\t<div class=\"elementor-container elementor-column-gap-default\">\n\t\t\t\t\t<div class=\"elementor-column elementor-col-100 elementor-top-column elementor-element elementor-element-6df7a04b\" data-id=\"6df7a04b\" data-element_type=\"column\" data-e-type=\"column\">\n\t\t\t<div class=\"elementor-widget-wrap elementor-element-populated\">\n\t\t\t\t\t\t<div class=\"elementor-element elementor-element-a06c316 elementor-widget elementor-widget-text-editor\" data-id=\"a06c316\" data-element_type=\"widget\" data-e-type=\"widget\" data-widget_type=\"text-editor.default\">\n\t\t\t\t<div class=\"elementor-widget-container\">\n\t\t\t\t\t\t\t\t\t<p>Zaldi presenta la opci\u00f3n de baste extra-ancho para sus sillas.<br \/><br \/>Aportando nuevas soluciones a los jinetes, ofrecemos la posibilidad de configurar la silla de montar con baste extra-ancho.<br \/><br \/>Normalmente cualquier silla utiliza un baste est\u00e1ndar de anchura aproximada de 15 cent\u00edmetros. Ahora, en caso de necesidad del caballo o por gusto del jinete, tenemos la posibilidad de pedir la silla con esta nueva opci\u00f3n de baste extra ancho, aumentando su anchura hasta 20 cent\u00edmetros.<br \/><br \/>Opci\u00f3n configurable solo para sillas de montar Zaldi.<br \/><br \/>Zaldi es Tradici\u00f3n + Tecnolog\u00eda, \u00a1siempre la \u00faltima tecnolog\u00eda!<\/p><p>Ref.: 00913<\/p>\t\t\t\t\t\t\t\t<\/div>\n\t\t\t\t<\/div>\n\t\t\t\t\t<\/div>\n\t\t<\/div>\n\t\t\t\t\t<\/div>\n\t\t<\/section>\n\t\t\t\t<\/div>\n\t\t","protected":false},"excerpt":{"rendered":"<p>Zaldi presenta la opci\u00f3n de baste extra-ancho para sus sillas. Aportando nuevas soluciones a los jinetes, ofrecemos la posibilidad de configurar la silla de montar con baste extra-ancho. Normalmente cualquier silla utiliza un baste est\u00e1ndar de anchura aproximada de 15 cent\u00edmetros. Ahora, en caso de necesidad del caballo o por gusto del jinete, tenemos la [&hellip;]<\/p>\n","protected":false},"featured_media":17389,"comment_status":"open","ping_status":"closed","template":"","meta":{"site-sidebar-layout":"default","site-content-layout":"default","ast-site-content-layout":"default","site-content-style":"default","site-sidebar-style":"default","ast-global-header-display":"","ast-banner-title-visibility":"","ast-main-header-display":"","ast-hfb-above-header-display":"","ast-hfb-below-header-display":"","ast-hfb-mobile-header-display":"","site-post-title":"","ast-breadcrumbs-content":"","ast-featured-img":"","footer-sml-layout":"","ast-disable-related-posts":"","theme-transparent-header-meta":"default","adv-header-id-meta":"","stick-header-meta":"","header-above-stick-meta":"","header-main-stick-meta":"","header-below-stick-meta":"","astra-migrate-meta-layouts":"set","ast-page-background-enabled":"default","ast-page-background-meta":{"desktop":{"background-color":"var(--ast-global-color-4)","background-image":"","background-repeat":"repeat","background-position":"center center","background-size":"auto","background-attachment":"scroll","background-type":"","background-media":"","overlay-type":"","overlay-color":"","overlay-opacity":"","overlay-gradient":""},"tablet":{"background-color":"","background-image":"","background-repeat":"repeat","background-position":"center center","background-size":"auto","background-attachment":"scroll","background-type":"","background-media":"","overlay-type":"","overlay-color":"","overlay-opacity":"","overlay-gradient":""},"mobile":{"background-color":"","background-image":"","background-repeat":"repeat","background-position":"center center","background-size":"auto","background-attachment":"scroll","background-type":"","background-media":"","overlay-type":"","overlay-color":"","overlay-opacity":"","overlay-gradient":""}},"ast-content-background-meta":{"desktop":{"background-color":"var(--ast-global-color-5)","background-image":"","background-repeat":"repeat","background-position":"center center","background-size":"auto","background-attachment":"scroll","background-type":"","background-media":"","overlay-type":"","overlay-color":"","overlay-opacity":"","overlay-gradient":""},"tablet":{"background-color":"var(--ast-global-color-5)","background-image":"","background-repeat":"repeat","background-position":"center center","background-size":"auto","background-attachment":"scroll","background-type":"","background-media":"","overlay-type":"","overlay-color":"","overlay-opacity":"","overlay-gradient":""},"mobile":{"background-color":"var(--ast-global-color-5)","background-image":"","background-repeat":"repeat","background-position":"center center","background-size":"auto","background-attachment":"scroll","background-type":"","background-media":"","overlay-type":"","overlay-color":"","overlay-opacity":"","overlay-gradient":""}},"ngg_post_thumbnail":0},"product_brand":[],"product_cat":[34,17],"product_tag":[969,968,765,337,338,339],"class_list":{"0":"post-15205","1":"product","2":"type-product","3":"status-publish","4":"has-post-thumbnail","6":"product_cat-extras-fabricacion-a-medida-rodilleras-tm-reparaciones","7":"product_cat-sillas","8":"product_tag-dropped-panel","9":"product_tag-extrabreites-sattelkissen","10":"product_tag-sattelkissen","11":"product_tag-zaldi","12":"product_tag-zaldi-deutschland","13":"product_tag-zaldi-online-com","14":"desktop-align-left","15":"tablet-align-left","16":"mobile-align-left","18":"first","19":"instock","20":"taxable","21":"shipping-taxable","22":"purchasable","23":"product-type-simple"},"yoast_head":"<!-- This site is optimized with the Yoast SEO plugin v27.4 - https:\/\/yoast.com\/product\/yoast-seo-wordpress\/ -->\n<title>BASTE EXTRA ANCHO DROPPED PANEL OPCI\u00d3N SILLA ZALDI - Zaldionline.com<\/title>\n<meta name=\"description\" content=\"Precio incl. IVA: 45.33\u20ac Zaldi presenta la opci\u00f3n de baste extra-ancho para sus sillas. Aportando nuevas soluciones a los jinetes, ofrecemos la posibilidad de configurar la silla de montar con baste extra-ancho. Normalmente cualquier silla utiliza un baste est\u00e1ndar de anchura aproximada de 15 cent\u00edmetros. Ahora, en caso de necesidad del caballo o por gusto del jinete, tenemos la posibilidad de pedir la silla con esta nueva opci\u00f3n de baste extra ancho, aumentando su anchura hasta 20 cent\u00edmetros. Opci\u00f3n configurable solo para sillas de montar Zaldi.Zaldi es Tradici\u00f3n + Tecnolog\u00eda, \u00a1siempre la \u00faltima tecnolog\u00eda! \u00a0Ref.: 00913\" \/>\n<meta name=\"robots\" content=\"noindex, follow, max-snippet:-1, max-image-preview:large, max-video-preview:-1\" \/>\n<meta property=\"og:locale\" content=\"es_ES\" \/>\n<meta property=\"og:type\" content=\"article\" \/>\n<meta property=\"og:title\" content=\"BASTE EXTRA ANCHO DROPPED PANEL OPCI\u00d3N SILLA ZALDI - Zaldionline.com\" \/>\n<meta property=\"og:description\" content=\"Precio incl. IVA: 45.33\u20ac Zaldi presenta la opci\u00f3n de baste extra-ancho para sus sillas. Aportando nuevas soluciones a los jinetes, ofrecemos la posibilidad de configurar la silla de montar con baste extra-ancho. Normalmente cualquier silla utiliza un baste est\u00e1ndar de anchura aproximada de 15 cent\u00edmetros. Ahora, en caso de necesidad del caballo o por gusto del jinete, tenemos la posibilidad de pedir la silla con esta nueva opci\u00f3n de baste extra ancho, aumentando su anchura hasta 20 cent\u00edmetros. Opci\u00f3n configurable solo para sillas de montar Zaldi.Zaldi es Tradici\u00f3n + Tecnolog\u00eda, \u00a1siempre la \u00faltima tecnolog\u00eda! \u00a0Ref.: 00913\" \/>\n<meta property=\"og:url\" content=\"https:\/\/www.zaldionline.com\/es\/producto\/baste-extra-ancho-dropped-panel-opcion-silla-zaldi\/\" \/>\n<meta property=\"og:site_name\" content=\"Zaldionline.com\" \/>\n<meta property=\"article:modified_time\" content=\"2025-02-11T11:45:21+00:00\" \/>\n<meta property=\"og:image\" content=\"https:\/\/www.zaldionline.com\/es\/wp-content\/uploads\/sites\/2\/2020\/11\/Bild_2020-12-10_150245.png\" \/>\n\t<meta property=\"og:image:width\" content=\"510\" \/>\n\t<meta property=\"og:image:height\" content=\"511\" \/>\n\t<meta property=\"og:image:type\" content=\"image\/png\" \/>\n<meta name=\"twitter:card\" content=\"summary_large_image\" \/>\n<meta name=\"twitter:label1\" content=\"Tiempo de lectura\" \/>\n\t<meta name=\"twitter:data1\" content=\"1 minuto\" \/>\n<script type=\"application\/ld+json\" class=\"yoast-schema-graph\">{\"@context\":\"https:\\\/\\\/schema.org\",\"@graph\":[{\"@type\":\"WebPage\",\"@id\":\"https:\\\/\\\/www.zaldionline.com\\\/es\\\/producto\\\/baste-extra-ancho-dropped-panel-opcion-silla-zaldi\\\/\",\"url\":\"https:\\\/\\\/www.zaldionline.com\\\/es\\\/producto\\\/baste-extra-ancho-dropped-panel-opcion-silla-zaldi\\\/\",\"name\":\"BASTE EXTRA ANCHO DROPPED PANEL OPCI\u00d3N SILLA ZALDI - Zaldionline.com\",\"isPartOf\":{\"@id\":\"https:\\\/\\\/www.zaldionline.com\\\/es\\\/#website\"},\"primaryImageOfPage\":{\"@id\":\"https:\\\/\\\/www.zaldionline.com\\\/es\\\/producto\\\/baste-extra-ancho-dropped-panel-opcion-silla-zaldi\\\/#primaryimage\"},\"image\":{\"@id\":\"https:\\\/\\\/www.zaldionline.com\\\/es\\\/producto\\\/baste-extra-ancho-dropped-panel-opcion-silla-zaldi\\\/#primaryimage\"},\"thumbnailUrl\":\"https:\\\/\\\/www.zaldionline.com\\\/es\\\/wp-content\\\/uploads\\\/sites\\\/2\\\/2020\\\/11\\\/Bild_2020-12-10_150245.png\",\"datePublished\":\"2020-11-04T13:16:10+00:00\",\"dateModified\":\"2025-02-11T11:45:21+00:00\",\"description\":\"Precio incl. IVA: 45.33\u20ac Zaldi presenta la opci\u00f3n de baste extra-ancho para sus sillas. Aportando nuevas soluciones a los jinetes, ofrecemos la posibilidad de configurar la silla de montar con baste extra-ancho. Normalmente cualquier silla utiliza un baste est\u00e1ndar de anchura aproximada de 15 cent\u00edmetros. Ahora, en caso de necesidad del caballo o por gusto del jinete, tenemos la posibilidad de pedir la silla con esta nueva opci\u00f3n de baste extra ancho, aumentando su anchura hasta 20 cent\u00edmetros. Opci\u00f3n configurable solo para sillas de montar Zaldi.Zaldi es Tradici\u00f3n + Tecnolog\u00eda, \u00a1siempre la \u00faltima tecnolog\u00eda! \u00a0Ref.: 00913\",\"breadcrumb\":{\"@id\":\"https:\\\/\\\/www.zaldionline.com\\\/es\\\/producto\\\/baste-extra-ancho-dropped-panel-opcion-silla-zaldi\\\/#breadcrumb\"},\"inLanguage\":\"es\",\"potentialAction\":[{\"@type\":\"ReadAction\",\"target\":[\"https:\\\/\\\/www.zaldionline.com\\\/es\\\/producto\\\/baste-extra-ancho-dropped-panel-opcion-silla-zaldi\\\/\"]}]},{\"@type\":\"ImageObject\",\"inLanguage\":\"es\",\"@id\":\"https:\\\/\\\/www.zaldionline.com\\\/es\\\/producto\\\/baste-extra-ancho-dropped-panel-opcion-silla-zaldi\\\/#primaryimage\",\"url\":\"https:\\\/\\\/www.zaldionline.com\\\/es\\\/wp-content\\\/uploads\\\/sites\\\/2\\\/2020\\\/11\\\/Bild_2020-12-10_150245.png\",\"contentUrl\":\"https:\\\/\\\/www.zaldionline.com\\\/es\\\/wp-content\\\/uploads\\\/sites\\\/2\\\/2020\\\/11\\\/Bild_2020-12-10_150245.png\",\"width\":510,\"height\":511},{\"@type\":\"BreadcrumbList\",\"@id\":\"https:\\\/\\\/www.zaldionline.com\\\/es\\\/producto\\\/baste-extra-ancho-dropped-panel-opcion-silla-zaldi\\\/#breadcrumb\",\"itemListElement\":[{\"@type\":\"ListItem\",\"position\":1,\"name\":\"Portada\",\"item\":\"https:\\\/\\\/www.zaldionline.com\\\/es\\\/\"},{\"@type\":\"ListItem\",\"position\":2,\"name\":\"Sillas y accesorios\",\"item\":\"https:\\\/\\\/www.zaldionline.com\\\/es\\\/sillas-y-accesorios\\\/\"},{\"@type\":\"ListItem\",\"position\":3,\"name\":\"BASTE EXTRA ANCHO DROPPED PANEL OPCI\u00d3N SILLA ZALDI\"}]},{\"@type\":\"WebSite\",\"@id\":\"https:\\\/\\\/www.zaldionline.com\\\/es\\\/#website\",\"url\":\"https:\\\/\\\/www.zaldionline.com\\\/es\\\/\",\"name\":\"Zaldionline.com\",\"description\":\"Los mejores productos para usted y su caballo\",\"potentialAction\":[{\"@type\":\"SearchAction\",\"target\":{\"@type\":\"EntryPoint\",\"urlTemplate\":\"https:\\\/\\\/www.zaldionline.com\\\/es\\\/?s={search_term_string}\"},\"query-input\":{\"@type\":\"PropertyValueSpecification\",\"valueRequired\":true,\"valueName\":\"search_term_string\"}}],\"inLanguage\":\"es\"}]}<\/script>\n<!-- \/ Yoast SEO plugin. -->","yoast_head_json":{"title":"BASTE EXTRA ANCHO DROPPED PANEL OPCI\u00d3N SILLA ZALDI - Zaldionline.com","description":"Precio incl. IVA: 45.33\u20ac Zaldi presenta la opci\u00f3n de baste extra-ancho para sus sillas. Aportando nuevas soluciones a los jinetes, ofrecemos la posibilidad de configurar la silla de montar con baste extra-ancho. Normalmente cualquier silla utiliza un baste est\u00e1ndar de anchura aproximada de 15 cent\u00edmetros. Ahora, en caso de necesidad del caballo o por gusto del jinete, tenemos la posibilidad de pedir la silla con esta nueva opci\u00f3n de baste extra ancho, aumentando su anchura hasta 20 cent\u00edmetros. Opci\u00f3n configurable solo para sillas de montar Zaldi.Zaldi es Tradici\u00f3n + Tecnolog\u00eda, \u00a1siempre la \u00faltima tecnolog\u00eda! \u00a0Ref.: 00913","robots":{"index":"noindex","follow":"follow","max-snippet":"max-snippet:-1","max-image-preview":"max-image-preview:large","max-video-preview":"max-video-preview:-1"},"og_locale":"es_ES","og_type":"article","og_title":"BASTE EXTRA ANCHO DROPPED PANEL OPCI\u00d3N SILLA ZALDI - Zaldionline.com","og_description":"Precio incl. IVA: 45.33\u20ac Zaldi presenta la opci\u00f3n de baste extra-ancho para sus sillas. Aportando nuevas soluciones a los jinetes, ofrecemos la posibilidad de configurar la silla de montar con baste extra-ancho. Normalmente cualquier silla utiliza un baste est\u00e1ndar de anchura aproximada de 15 cent\u00edmetros. Ahora, en caso de necesidad del caballo o por gusto del jinete, tenemos la posibilidad de pedir la silla con esta nueva opci\u00f3n de baste extra ancho, aumentando su anchura hasta 20 cent\u00edmetros. Opci\u00f3n configurable solo para sillas de montar Zaldi.Zaldi es Tradici\u00f3n + Tecnolog\u00eda, \u00a1siempre la \u00faltima tecnolog\u00eda! \u00a0Ref.: 00913","og_url":"https:\/\/www.zaldionline.com\/es\/producto\/baste-extra-ancho-dropped-panel-opcion-silla-zaldi\/","og_site_name":"Zaldionline.com","article_modified_time":"2025-02-11T11:45:21+00:00","og_image":[{"width":510,"height":511,"url":"https:\/\/www.zaldionline.com\/es\/wp-content\/uploads\/sites\/2\/2020\/11\/Bild_2020-12-10_150245.png","type":"image\/png"}],"twitter_card":"summary_large_image","twitter_misc":{"Tiempo de lectura":"1 minuto"},"schema":{"@context":"https:\/\/schema.org","@graph":[{"@type":"WebPage","@id":"https:\/\/www.zaldionline.com\/es\/producto\/baste-extra-ancho-dropped-panel-opcion-silla-zaldi\/","url":"https:\/\/www.zaldionline.com\/es\/producto\/baste-extra-ancho-dropped-panel-opcion-silla-zaldi\/","name":"BASTE EXTRA ANCHO DROPPED PANEL OPCI\u00d3N SILLA ZALDI - Zaldionline.com","isPartOf":{"@id":"https:\/\/www.zaldionline.com\/es\/#website"},"primaryImageOfPage":{"@id":"https:\/\/www.zaldionline.com\/es\/producto\/baste-extra-ancho-dropped-panel-opcion-silla-zaldi\/#primaryimage"},"image":{"@id":"https:\/\/www.zaldionline.com\/es\/producto\/baste-extra-ancho-dropped-panel-opcion-silla-zaldi\/#primaryimage"},"thumbnailUrl":"https:\/\/www.zaldionline.com\/es\/wp-content\/uploads\/sites\/2\/2020\/11\/Bild_2020-12-10_150245.png","datePublished":"2020-11-04T13:16:10+00:00","dateModified":"2025-02-11T11:45:21+00:00","description":"Precio incl. IVA: 45.33\u20ac Zaldi presenta la opci\u00f3n de baste extra-ancho para sus sillas. Aportando nuevas soluciones a los jinetes, ofrecemos la posibilidad de configurar la silla de montar con baste extra-ancho. Normalmente cualquier silla utiliza un baste est\u00e1ndar de anchura aproximada de 15 cent\u00edmetros. Ahora, en caso de necesidad del caballo o por gusto del jinete, tenemos la posibilidad de pedir la silla con esta nueva opci\u00f3n de baste extra ancho, aumentando su anchura hasta 20 cent\u00edmetros. Opci\u00f3n configurable solo para sillas de montar Zaldi.Zaldi es Tradici\u00f3n + Tecnolog\u00eda, \u00a1siempre la \u00faltima tecnolog\u00eda! \u00a0Ref.: 00913","breadcrumb":{"@id":"https:\/\/www.zaldionline.com\/es\/producto\/baste-extra-ancho-dropped-panel-opcion-silla-zaldi\/#breadcrumb"},"inLanguage":"es","potentialAction":[{"@type":"ReadAction","target":["https:\/\/www.zaldionline.com\/es\/producto\/baste-extra-ancho-dropped-panel-opcion-silla-zaldi\/"]}]},{"@type":"ImageObject","inLanguage":"es","@id":"https:\/\/www.zaldionline.com\/es\/producto\/baste-extra-ancho-dropped-panel-opcion-silla-zaldi\/#primaryimage","url":"https:\/\/www.zaldionline.com\/es\/wp-content\/uploads\/sites\/2\/2020\/11\/Bild_2020-12-10_150245.png","contentUrl":"https:\/\/www.zaldionline.com\/es\/wp-content\/uploads\/sites\/2\/2020\/11\/Bild_2020-12-10_150245.png","width":510,"height":511},{"@type":"BreadcrumbList","@id":"https:\/\/www.zaldionline.com\/es\/producto\/baste-extra-ancho-dropped-panel-opcion-silla-zaldi\/#breadcrumb","itemListElement":[{"@type":"ListItem","position":1,"name":"Portada","item":"https:\/\/www.zaldionline.com\/es\/"},{"@type":"ListItem","position":2,"name":"Sillas y accesorios","item":"https:\/\/www.zaldionline.com\/es\/sillas-y-accesorios\/"},{"@type":"ListItem","position":3,"name":"BASTE EXTRA ANCHO DROPPED PANEL OPCI\u00d3N SILLA ZALDI"}]},{"@type":"WebSite","@id":"https:\/\/www.zaldionline.com\/es\/#website","url":"https:\/\/www.zaldionline.com\/es\/","name":"Zaldionline.com","description":"Los mejores productos para usted y su caballo","potentialAction":[{"@type":"SearchAction","target":{"@type":"EntryPoint","urlTemplate":"https:\/\/www.zaldionline.com\/es\/?s={search_term_string}"},"query-input":{"@type":"PropertyValueSpecification","valueRequired":true,"valueName":"search_term_string"}}],"inLanguage":"es"}]}},"_links":{"self":[{"href":"https:\/\/www.zaldionline.com\/es\/wp-json\/wp\/v2\/product\/15205","targetHints":{"allow":["GET"]}}],"collection":[{"href":"https:\/\/www.zaldionline.com\/es\/wp-json\/wp\/v2\/product"}],"about":[{"href":"https:\/\/www.zaldionline.com\/es\/wp-json\/wp\/v2\/types\/product"}],"replies":[{"embeddable":true,"href":"https:\/\/www.zaldionline.com\/es\/wp-json\/wp\/v2\/comments?post=15205"}],"version-history":[{"count":10,"href":"https:\/\/www.zaldionline.com\/es\/wp-json\/wp\/v2\/product\/15205\/revisions"}],"predecessor-version":[{"id":24816,"href":"https:\/\/www.zaldionline.com\/es\/wp-json\/wp\/v2\/product\/15205\/revisions\/24816"}],"wp:featuredmedia":[{"embeddable":true,"href":"https:\/\/www.zaldionline.com\/es\/wp-json\/wp\/v2\/media\/17389"}],"wp:attachment":[{"href":"https:\/\/www.zaldionline.com\/es\/wp-json\/wp\/v2\/media?parent=15205"}],"wp:term":[{"taxonomy":"product_brand","embeddable":true,"href":"https:\/\/www.zaldionline.com\/es\/wp-json\/wp\/v2\/product_brand?post=15205"},{"taxonomy":"product_cat","embeddable":true,"href":"https:\/\/www.zaldionline.com\/es\/wp-json\/wp\/v2\/product_cat?post=15205"},{"taxonomy":"product_tag","embeddable":true,"href":"https:\/\/www.zaldionline.com\/es\/wp-json\/wp\/v2\/product_tag?post=15205"}],"curies":[{"name":"wp","href":"https:\/\/api.w.org\/{rel}","templated":true}]}}