{"id":15369,"date":"2020-11-04T14:55:13","date_gmt":"2020-11-04T14:55:13","guid":{"rendered":"https:\/\/zaldionline.com\/?post_type=product&#038;p=15369"},"modified":"2025-02-07T11:43:18","modified_gmt":"2025-02-07T11:43:18","slug":"zaldi-extra-joya-doppeltrense-strass","status":"publish","type":"product","link":"https:\/\/www.zaldionline.com\/es\/producto\/zaldi-extra-joya-doppeltrense-strass\/","title":{"rendered":"ZALDI EXTRA JOYA KANDARENTRENSE STRASS"},"content":{"rendered":"\t\t<div data-elementor-type=\"wp-post\" data-elementor-id=\"15369\" class=\"elementor elementor-15369\">\n\t\t\t\t\t\t<section class=\"elementor-section elementor-top-section elementor-element elementor-element-3f0822e3 elementor-section-boxed elementor-section-height-default elementor-section-height-default\" data-id=\"3f0822e3\" data-element_type=\"section\" data-e-type=\"section\">\n\t\t\t\t\t\t<div class=\"elementor-container elementor-column-gap-default\">\n\t\t\t\t\t<div class=\"elementor-column elementor-col-100 elementor-top-column elementor-element elementor-element-1658d73b\" data-id=\"1658d73b\" data-element_type=\"column\" data-e-type=\"column\">\n\t\t\t<div class=\"elementor-widget-wrap elementor-element-populated\">\n\t\t\t\t\t\t<div class=\"elementor-element elementor-element-2151bc21 elementor-widget elementor-widget-text-editor\" data-id=\"2151bc21\" data-element_type=\"widget\" data-e-type=\"widget\" data-widget_type=\"text-editor.default\">\n\t\t\t\t<div class=\"elementor-widget-container\">\n\t\t\t\t\t\t\t\t\t<p>Preis inkl. MwSt.: 305,55\u20ac<\/p><p><em>ZALDI<\/em> Extra Zaumzeug aus schwarzem Leder mit schwarzer Polsterung<\/p><p>Lederz\u00fcgel mit Schnalle<\/p><p>Stirnband mit gl\u00e4nzend wei\u00dfen Kristallen<\/p><p>Anatomisches, breites und Anti-Druck-Nasenband<\/p><p>Gepolsterter Nasen- und Stirnriemen<\/p><p>Aus hochwertigem Leder<\/p><p><span data-language-for-alternatives=\"de\" data-language-to-translate-into=\"es\" data-phrase-index=\"20\">Edelstahlschnalle<\/span><\/p><p>Gr\u00f6\u00dfe: Cob (Medium), Full (Large)<\/p><p>Farben: Schwarz mit schwarzem Futter, Schwarz mit wei\u00dfem Futter<\/p><p>Lieferzeit variabel<\/p><p>Ref. 21019202<\/p>\t\t\t\t\t\t\t\t<\/div>\n\t\t\t\t<\/div>\n\t\t\t\t\t<\/div>\n\t\t<\/div>\n\t\t\t\t\t<\/div>\n\t\t<\/section>\n\t\t\t\t<\/div>\n\t\t","protected":false},"excerpt":{"rendered":"<p>Preis inkl. MwSt.: 305,55\u20ac ZALDI Extra Zaumzeug aus schwarzem Leder mit schwarzer Polsterung Lederz\u00fcgel mit Schnalle Stirnband mit gl\u00e4nzend wei\u00dfen Kristallen Anatomisches, breites und Anti-Druck-Nasenband Gepolsterter Nasen- und Stirnriemen Aus hochwertigem Leder Edelstahlschnalle Gr\u00f6\u00dfe: Cob (Medium), Full (Large) Farben: Schwarz mit schwarzem Futter, Schwarz mit wei\u00dfem Futter Lieferzeit variabel Ref. 21019202<\/p>\n","protected":false},"featured_media":17385,"comment_status":"open","ping_status":"closed","template":"","meta":{"site-sidebar-layout":"default","site-content-layout":"default","ast-site-content-layout":"default","site-content-style":"default","site-sidebar-style":"default","ast-global-header-display":"","ast-banner-title-visibility":"","ast-main-header-display":"","ast-hfb-above-header-display":"","ast-hfb-below-header-display":"","ast-hfb-mobile-header-display":"","site-post-title":"","ast-breadcrumbs-content":"","ast-featured-img":"","footer-sml-layout":"","ast-disable-related-posts":"","theme-transparent-header-meta":"default","adv-header-id-meta":"","stick-header-meta":"","header-above-stick-meta":"","header-main-stick-meta":"","header-below-stick-meta":"","astra-migrate-meta-layouts":"set","ast-page-background-enabled":"default","ast-page-background-meta":{"desktop":{"background-color":"var(--ast-global-color-4)","background-image":"","background-repeat":"repeat","background-position":"center center","background-size":"auto","background-attachment":"scroll","background-type":"","background-media":"","overlay-type":"","overlay-color":"","overlay-opacity":"","overlay-gradient":""},"tablet":{"background-color":"","background-image":"","background-repeat":"repeat","background-position":"center center","background-size":"auto","background-attachment":"scroll","background-type":"","background-media":"","overlay-type":"","overlay-color":"","overlay-opacity":"","overlay-gradient":""},"mobile":{"background-color":"","background-image":"","background-repeat":"repeat","background-position":"center center","background-size":"auto","background-attachment":"scroll","background-type":"","background-media":"","overlay-type":"","overlay-color":"","overlay-opacity":"","overlay-gradient":""}},"ast-content-background-meta":{"desktop":{"background-color":"var(--ast-global-color-5)","background-image":"","background-repeat":"repeat","background-position":"center center","background-size":"auto","background-attachment":"scroll","background-type":"","background-media":"","overlay-type":"","overlay-color":"","overlay-opacity":"","overlay-gradient":""},"tablet":{"background-color":"var(--ast-global-color-5)","background-image":"","background-repeat":"repeat","background-position":"center center","background-size":"auto","background-attachment":"scroll","background-type":"","background-media":"","overlay-type":"","overlay-color":"","overlay-opacity":"","overlay-gradient":""},"mobile":{"background-color":"var(--ast-global-color-5)","background-image":"","background-repeat":"repeat","background-position":"center center","background-size":"auto","background-attachment":"scroll","background-type":"","background-media":"","overlay-type":"","overlay-color":"","overlay-opacity":"","overlay-gradient":""}},"ngg_post_thumbnail":0},"product_brand":[],"product_cat":[18,44],"product_tag":[962,946,939,963,337,338,339],"class_list":{"0":"post-15369","1":"product","2":"type-product","3":"status-publish","4":"has-post-thumbnail","6":"product_cat-accesorios","7":"product_cat-cabezadas-accesorios","8":"product_tag-anatomisches-anti-druck-nasenband","9":"product_tag-kandarentrense","10":"product_tag-lederzaumzeug","11":"product_tag-stirnband-mit-glaenzend-weissen-kristallen","12":"product_tag-zaldi","13":"product_tag-zaldi-deutschland","14":"product_tag-zaldi-online-com","15":"desktop-align-left","16":"tablet-align-left","17":"mobile-align-left","19":"first","20":"instock","21":"taxable","22":"shipping-taxable","23":"purchasable","24":"product-type-variable"},"yoast_head":"<!-- This site is optimized with the Yoast SEO plugin v27.4 - https:\/\/yoast.com\/product\/yoast-seo-wordpress\/ -->\n<title>ZALDI EXTRA JOYA KANDARENTRENSE STRASS - Zaldionline.com<\/title>\n<meta name=\"description\" content=\"Preis inkl. MwSt.: 316,24\u20ac ZALDI Extra Zaumzeug aus schwarzem Leder mit schwarzer Polsterung. Lederz\u00fcgel mit Schnalle. Stirnband mit gl\u00e4nzend wei\u00dfen Kristallen. Anatomisches, breites und Anti-Druck-Nasenband. Gepolsterter Nasen- und Stirnriemen. Aus hochwertigem Leder. Edelstahlschnalle. Gr\u00f6\u00dfe: Cob (Medium), Full (Large)Farben: Schwarz mit schwarzem Futter, Schwarz mit wei\u00dfem Futter. Lieferzeit variabel. Erh\u00e4ltlich \u00fcber Zaldionline.com Ref. 21019202\" \/>\n<meta name=\"robots\" content=\"noindex, follow, max-snippet:-1, max-image-preview:large, max-video-preview:-1\" \/>\n<meta property=\"og:locale\" content=\"es_ES\" \/>\n<meta property=\"og:type\" content=\"article\" \/>\n<meta property=\"og:title\" content=\"ZALDI EXTRA JOYA KANDARENTRENSE STRASS - Zaldionline.com\" \/>\n<meta property=\"og:description\" content=\"Preis inkl. MwSt.: 316,24\u20ac ZALDI Extra Zaumzeug aus schwarzem Leder mit schwarzer Polsterung. Lederz\u00fcgel mit Schnalle. Stirnband mit gl\u00e4nzend wei\u00dfen Kristallen. Anatomisches, breites und Anti-Druck-Nasenband. Gepolsterter Nasen- und Stirnriemen. Aus hochwertigem Leder. Edelstahlschnalle. Gr\u00f6\u00dfe: Cob (Medium), Full (Large)Farben: Schwarz mit schwarzem Futter, Schwarz mit wei\u00dfem Futter. Lieferzeit variabel. Erh\u00e4ltlich \u00fcber Zaldionline.com Ref. 21019202\" \/>\n<meta property=\"og:url\" content=\"https:\/\/www.zaldionline.com\/es\/producto\/zaldi-extra-joya-doppeltrense-strass\/\" \/>\n<meta property=\"og:site_name\" content=\"Zaldionline.com\" \/>\n<meta property=\"article:modified_time\" content=\"2025-02-07T11:43:18+00:00\" \/>\n<meta property=\"og:image\" content=\"https:\/\/www.zaldionline.com\/es\/wp-content\/uploads\/sites\/2\/2020\/11\/Bild_2020-12-10_145706.png\" \/>\n\t<meta property=\"og:image:width\" content=\"517\" \/>\n\t<meta property=\"og:image:height\" content=\"509\" \/>\n\t<meta property=\"og:image:type\" content=\"image\/png\" \/>\n<meta name=\"twitter:card\" content=\"summary_large_image\" \/>\n<meta name=\"twitter:label1\" content=\"Tiempo de lectura\" \/>\n\t<meta name=\"twitter:data1\" content=\"1 minuto\" \/>\n<script type=\"application\/ld+json\" class=\"yoast-schema-graph\">{\"@context\":\"https:\\\/\\\/schema.org\",\"@graph\":[{\"@type\":\"WebPage\",\"@id\":\"https:\\\/\\\/www.zaldionline.com\\\/es\\\/producto\\\/zaldi-extra-joya-doppeltrense-strass\\\/\",\"url\":\"https:\\\/\\\/www.zaldionline.com\\\/es\\\/producto\\\/zaldi-extra-joya-doppeltrense-strass\\\/\",\"name\":\"ZALDI EXTRA JOYA KANDARENTRENSE STRASS - Zaldionline.com\",\"isPartOf\":{\"@id\":\"https:\\\/\\\/www.zaldionline.com\\\/es\\\/#website\"},\"primaryImageOfPage\":{\"@id\":\"https:\\\/\\\/www.zaldionline.com\\\/es\\\/producto\\\/zaldi-extra-joya-doppeltrense-strass\\\/#primaryimage\"},\"image\":{\"@id\":\"https:\\\/\\\/www.zaldionline.com\\\/es\\\/producto\\\/zaldi-extra-joya-doppeltrense-strass\\\/#primaryimage\"},\"thumbnailUrl\":\"https:\\\/\\\/www.zaldionline.com\\\/es\\\/wp-content\\\/uploads\\\/sites\\\/2\\\/2020\\\/11\\\/Bild_2020-12-10_145706.png\",\"datePublished\":\"2020-11-04T14:55:13+00:00\",\"dateModified\":\"2025-02-07T11:43:18+00:00\",\"description\":\"Preis inkl. MwSt.: 316,24\u20ac ZALDI Extra Zaumzeug aus schwarzem Leder mit schwarzer Polsterung. Lederz\u00fcgel mit Schnalle. Stirnband mit gl\u00e4nzend wei\u00dfen Kristallen. Anatomisches, breites und Anti-Druck-Nasenband. Gepolsterter Nasen- und Stirnriemen. Aus hochwertigem Leder. Edelstahlschnalle. Gr\u00f6\u00dfe: Cob (Medium), Full (Large)Farben: Schwarz mit schwarzem Futter, Schwarz mit wei\u00dfem Futter. Lieferzeit variabel. Erh\u00e4ltlich \u00fcber Zaldionline.com Ref. 21019202\",\"breadcrumb\":{\"@id\":\"https:\\\/\\\/www.zaldionline.com\\\/es\\\/producto\\\/zaldi-extra-joya-doppeltrense-strass\\\/#breadcrumb\"},\"inLanguage\":\"es\",\"potentialAction\":[{\"@type\":\"ReadAction\",\"target\":[\"https:\\\/\\\/www.zaldionline.com\\\/es\\\/producto\\\/zaldi-extra-joya-doppeltrense-strass\\\/\"]}]},{\"@type\":\"ImageObject\",\"inLanguage\":\"es\",\"@id\":\"https:\\\/\\\/www.zaldionline.com\\\/es\\\/producto\\\/zaldi-extra-joya-doppeltrense-strass\\\/#primaryimage\",\"url\":\"https:\\\/\\\/www.zaldionline.com\\\/es\\\/wp-content\\\/uploads\\\/sites\\\/2\\\/2020\\\/11\\\/Bild_2020-12-10_145706.png\",\"contentUrl\":\"https:\\\/\\\/www.zaldionline.com\\\/es\\\/wp-content\\\/uploads\\\/sites\\\/2\\\/2020\\\/11\\\/Bild_2020-12-10_145706.png\",\"width\":517,\"height\":509},{\"@type\":\"BreadcrumbList\",\"@id\":\"https:\\\/\\\/www.zaldionline.com\\\/es\\\/producto\\\/zaldi-extra-joya-doppeltrense-strass\\\/#breadcrumb\",\"itemListElement\":[{\"@type\":\"ListItem\",\"position\":1,\"name\":\"Portada\",\"item\":\"https:\\\/\\\/www.zaldionline.com\\\/es\\\/\"},{\"@type\":\"ListItem\",\"position\":2,\"name\":\"Sillas y accesorios\",\"item\":\"https:\\\/\\\/www.zaldionline.com\\\/es\\\/sillas-y-accesorios\\\/\"},{\"@type\":\"ListItem\",\"position\":3,\"name\":\"ZALDI EXTRA JOYA KANDARENTRENSE STRASS\"}]},{\"@type\":\"WebSite\",\"@id\":\"https:\\\/\\\/www.zaldionline.com\\\/es\\\/#website\",\"url\":\"https:\\\/\\\/www.zaldionline.com\\\/es\\\/\",\"name\":\"Zaldionline.com\",\"description\":\"Los mejores productos para usted y su caballo\",\"potentialAction\":[{\"@type\":\"SearchAction\",\"target\":{\"@type\":\"EntryPoint\",\"urlTemplate\":\"https:\\\/\\\/www.zaldionline.com\\\/es\\\/?s={search_term_string}\"},\"query-input\":{\"@type\":\"PropertyValueSpecification\",\"valueRequired\":true,\"valueName\":\"search_term_string\"}}],\"inLanguage\":\"es\"}]}<\/script>\n<!-- \/ Yoast SEO plugin. -->","yoast_head_json":{"title":"ZALDI EXTRA JOYA KANDARENTRENSE STRASS - Zaldionline.com","description":"Preis inkl. MwSt.: 316,24\u20ac ZALDI Extra Zaumzeug aus schwarzem Leder mit schwarzer Polsterung. Lederz\u00fcgel mit Schnalle. Stirnband mit gl\u00e4nzend wei\u00dfen Kristallen. Anatomisches, breites und Anti-Druck-Nasenband. Gepolsterter Nasen- und Stirnriemen. Aus hochwertigem Leder. Edelstahlschnalle. Gr\u00f6\u00dfe: Cob (Medium), Full (Large)Farben: Schwarz mit schwarzem Futter, Schwarz mit wei\u00dfem Futter. Lieferzeit variabel. Erh\u00e4ltlich \u00fcber Zaldionline.com Ref. 21019202","robots":{"index":"noindex","follow":"follow","max-snippet":"max-snippet:-1","max-image-preview":"max-image-preview:large","max-video-preview":"max-video-preview:-1"},"og_locale":"es_ES","og_type":"article","og_title":"ZALDI EXTRA JOYA KANDARENTRENSE STRASS - Zaldionline.com","og_description":"Preis inkl. MwSt.: 316,24\u20ac ZALDI Extra Zaumzeug aus schwarzem Leder mit schwarzer Polsterung. Lederz\u00fcgel mit Schnalle. Stirnband mit gl\u00e4nzend wei\u00dfen Kristallen. Anatomisches, breites und Anti-Druck-Nasenband. Gepolsterter Nasen- und Stirnriemen. Aus hochwertigem Leder. Edelstahlschnalle. Gr\u00f6\u00dfe: Cob (Medium), Full (Large)Farben: Schwarz mit schwarzem Futter, Schwarz mit wei\u00dfem Futter. Lieferzeit variabel. Erh\u00e4ltlich \u00fcber Zaldionline.com Ref. 21019202","og_url":"https:\/\/www.zaldionline.com\/es\/producto\/zaldi-extra-joya-doppeltrense-strass\/","og_site_name":"Zaldionline.com","article_modified_time":"2025-02-07T11:43:18+00:00","og_image":[{"width":517,"height":509,"url":"https:\/\/www.zaldionline.com\/es\/wp-content\/uploads\/sites\/2\/2020\/11\/Bild_2020-12-10_145706.png","type":"image\/png"}],"twitter_card":"summary_large_image","twitter_misc":{"Tiempo de lectura":"1 minuto"},"schema":{"@context":"https:\/\/schema.org","@graph":[{"@type":"WebPage","@id":"https:\/\/www.zaldionline.com\/es\/producto\/zaldi-extra-joya-doppeltrense-strass\/","url":"https:\/\/www.zaldionline.com\/es\/producto\/zaldi-extra-joya-doppeltrense-strass\/","name":"ZALDI EXTRA JOYA KANDARENTRENSE STRASS - Zaldionline.com","isPartOf":{"@id":"https:\/\/www.zaldionline.com\/es\/#website"},"primaryImageOfPage":{"@id":"https:\/\/www.zaldionline.com\/es\/producto\/zaldi-extra-joya-doppeltrense-strass\/#primaryimage"},"image":{"@id":"https:\/\/www.zaldionline.com\/es\/producto\/zaldi-extra-joya-doppeltrense-strass\/#primaryimage"},"thumbnailUrl":"https:\/\/www.zaldionline.com\/es\/wp-content\/uploads\/sites\/2\/2020\/11\/Bild_2020-12-10_145706.png","datePublished":"2020-11-04T14:55:13+00:00","dateModified":"2025-02-07T11:43:18+00:00","description":"Preis inkl. MwSt.: 316,24\u20ac ZALDI Extra Zaumzeug aus schwarzem Leder mit schwarzer Polsterung. Lederz\u00fcgel mit Schnalle. Stirnband mit gl\u00e4nzend wei\u00dfen Kristallen. Anatomisches, breites und Anti-Druck-Nasenband. Gepolsterter Nasen- und Stirnriemen. Aus hochwertigem Leder. Edelstahlschnalle. Gr\u00f6\u00dfe: Cob (Medium), Full (Large)Farben: Schwarz mit schwarzem Futter, Schwarz mit wei\u00dfem Futter. Lieferzeit variabel. Erh\u00e4ltlich \u00fcber Zaldionline.com Ref. 21019202","breadcrumb":{"@id":"https:\/\/www.zaldionline.com\/es\/producto\/zaldi-extra-joya-doppeltrense-strass\/#breadcrumb"},"inLanguage":"es","potentialAction":[{"@type":"ReadAction","target":["https:\/\/www.zaldionline.com\/es\/producto\/zaldi-extra-joya-doppeltrense-strass\/"]}]},{"@type":"ImageObject","inLanguage":"es","@id":"https:\/\/www.zaldionline.com\/es\/producto\/zaldi-extra-joya-doppeltrense-strass\/#primaryimage","url":"https:\/\/www.zaldionline.com\/es\/wp-content\/uploads\/sites\/2\/2020\/11\/Bild_2020-12-10_145706.png","contentUrl":"https:\/\/www.zaldionline.com\/es\/wp-content\/uploads\/sites\/2\/2020\/11\/Bild_2020-12-10_145706.png","width":517,"height":509},{"@type":"BreadcrumbList","@id":"https:\/\/www.zaldionline.com\/es\/producto\/zaldi-extra-joya-doppeltrense-strass\/#breadcrumb","itemListElement":[{"@type":"ListItem","position":1,"name":"Portada","item":"https:\/\/www.zaldionline.com\/es\/"},{"@type":"ListItem","position":2,"name":"Sillas y accesorios","item":"https:\/\/www.zaldionline.com\/es\/sillas-y-accesorios\/"},{"@type":"ListItem","position":3,"name":"ZALDI EXTRA JOYA KANDARENTRENSE STRASS"}]},{"@type":"WebSite","@id":"https:\/\/www.zaldionline.com\/es\/#website","url":"https:\/\/www.zaldionline.com\/es\/","name":"Zaldionline.com","description":"Los mejores productos para usted y su caballo","potentialAction":[{"@type":"SearchAction","target":{"@type":"EntryPoint","urlTemplate":"https:\/\/www.zaldionline.com\/es\/?s={search_term_string}"},"query-input":{"@type":"PropertyValueSpecification","valueRequired":true,"valueName":"search_term_string"}}],"inLanguage":"es"}]}},"_links":{"self":[{"href":"https:\/\/www.zaldionline.com\/es\/wp-json\/wp\/v2\/product\/15369","targetHints":{"allow":["GET"]}}],"collection":[{"href":"https:\/\/www.zaldionline.com\/es\/wp-json\/wp\/v2\/product"}],"about":[{"href":"https:\/\/www.zaldionline.com\/es\/wp-json\/wp\/v2\/types\/product"}],"replies":[{"embeddable":true,"href":"https:\/\/www.zaldionline.com\/es\/wp-json\/wp\/v2\/comments?post=15369"}],"version-history":[{"count":1,"href":"https:\/\/www.zaldionline.com\/es\/wp-json\/wp\/v2\/product\/15369\/revisions"}],"predecessor-version":[{"id":23706,"href":"https:\/\/www.zaldionline.com\/es\/wp-json\/wp\/v2\/product\/15369\/revisions\/23706"}],"wp:featuredmedia":[{"embeddable":true,"href":"https:\/\/www.zaldionline.com\/es\/wp-json\/wp\/v2\/media\/17385"}],"wp:attachment":[{"href":"https:\/\/www.zaldionline.com\/es\/wp-json\/wp\/v2\/media?parent=15369"}],"wp:term":[{"taxonomy":"product_brand","embeddable":true,"href":"https:\/\/www.zaldionline.com\/es\/wp-json\/wp\/v2\/product_brand?post=15369"},{"taxonomy":"product_cat","embeddable":true,"href":"https:\/\/www.zaldionline.com\/es\/wp-json\/wp\/v2\/product_cat?post=15369"},{"taxonomy":"product_tag","embeddable":true,"href":"https:\/\/www.zaldionline.com\/es\/wp-json\/wp\/v2\/product_tag?post=15369"}],"curies":[{"name":"wp","href":"https:\/\/api.w.org\/{rel}","templated":true}]}}