{"id":15424,"date":"2020-11-04T15:32:43","date_gmt":"2020-11-04T15:32:43","guid":{"rendered":"https:\/\/zaldionline.com\/?post_type=product&#038;p=15424"},"modified":"2025-02-10T12:53:36","modified_gmt":"2025-02-10T12:53:36","slug":"zaldi-trense-artesana","status":"publish","type":"product","link":"https:\/\/www.zaldionline.com\/es\/producto\/zaldi-trense-artesana\/","title":{"rendered":"ZALDI TRENSE EXTRA ARTESANA MIT TASSEL"},"content":{"rendered":"\t\t<div data-elementor-type=\"wp-post\" data-elementor-id=\"15424\" class=\"elementor elementor-15424\">\n\t\t\t\t\t\t<section class=\"elementor-section elementor-top-section elementor-element elementor-element-503364d0 elementor-section-boxed elementor-section-height-default elementor-section-height-default\" data-id=\"503364d0\" data-element_type=\"section\" data-e-type=\"section\">\n\t\t\t\t\t\t<div class=\"elementor-container elementor-column-gap-default\">\n\t\t\t\t\t<div class=\"elementor-column elementor-col-100 elementor-top-column elementor-element elementor-element-1802e9c6\" data-id=\"1802e9c6\" data-element_type=\"column\" data-e-type=\"column\">\n\t\t\t<div class=\"elementor-widget-wrap elementor-element-populated\">\n\t\t\t\t\t\t<div class=\"elementor-element elementor-element-bdfbb67 elementor-widget elementor-widget-text-editor\" data-id=\"bdfbb67\" data-element_type=\"widget\" data-e-type=\"widget\" data-widget_type=\"text-editor.default\">\n\t\t\t\t<div class=\"elementor-widget-container\">\n\t\t\t\t\t\t\t\t\t<p>Preis inkl. MwSt.: 231,07\u20ac<\/p><p>Leder Zaumzeug<\/p><p>Gebl\u00e4ute Schnalle<\/p><p><span data-language-for-alternatives=\"de\" data-language-to-translate-into=\"es\" data-phrase-index=\"6\">Einheitsgr\u00f6\u00dfe.<\/span><\/p><p>Farbe: Havana, Tostado<\/p><p>Lieferzeit variabel<\/p><p>Ref. 21019177<\/p>\t\t\t\t\t\t\t\t<\/div>\n\t\t\t\t<\/div>\n\t\t\t\t\t<\/div>\n\t\t<\/div>\n\t\t\t\t\t<\/div>\n\t\t<\/section>\n\t\t\t\t<\/div>\n\t\t","protected":false},"excerpt":{"rendered":"<p>Preis inkl. MwSt.: 231,07\u20ac Leder Zaumzeug Gebl\u00e4ute Schnalle Einheitsgr\u00f6\u00dfe. Farbe: Havana, Tostado Lieferzeit variabel Ref. 21019177<\/p>\n","protected":false},"featured_media":17384,"comment_status":"open","ping_status":"closed","template":"","meta":{"site-sidebar-layout":"default","site-content-layout":"default","ast-site-content-layout":"default","site-content-style":"default","site-sidebar-style":"default","ast-global-header-display":"","ast-banner-title-visibility":"","ast-main-header-display":"","ast-hfb-above-header-display":"","ast-hfb-below-header-display":"","ast-hfb-mobile-header-display":"","site-post-title":"","ast-breadcrumbs-content":"","ast-featured-img":"","footer-sml-layout":"","ast-disable-related-posts":"","theme-transparent-header-meta":"default","adv-header-id-meta":"","stick-header-meta":"","header-above-stick-meta":"","header-main-stick-meta":"","header-below-stick-meta":"","astra-migrate-meta-layouts":"default","ast-page-background-enabled":"default","ast-page-background-meta":{"desktop":{"background-color":"var(--ast-global-color-4)","background-image":"","background-repeat":"repeat","background-position":"center center","background-size":"auto","background-attachment":"scroll","background-type":"","background-media":"","overlay-type":"","overlay-color":"","overlay-opacity":"","overlay-gradient":""},"tablet":{"background-color":"","background-image":"","background-repeat":"repeat","background-position":"center center","background-size":"auto","background-attachment":"scroll","background-type":"","background-media":"","overlay-type":"","overlay-color":"","overlay-opacity":"","overlay-gradient":""},"mobile":{"background-color":"","background-image":"","background-repeat":"repeat","background-position":"center center","background-size":"auto","background-attachment":"scroll","background-type":"","background-media":"","overlay-type":"","overlay-color":"","overlay-opacity":"","overlay-gradient":""}},"ast-content-background-meta":{"desktop":{"background-color":"var(--ast-global-color-5)","background-image":"","background-repeat":"repeat","background-position":"center center","background-size":"auto","background-attachment":"scroll","background-type":"","background-media":"","overlay-type":"","overlay-color":"","overlay-opacity":"","overlay-gradient":""},"tablet":{"background-color":"var(--ast-global-color-5)","background-image":"","background-repeat":"repeat","background-position":"center center","background-size":"auto","background-attachment":"scroll","background-type":"","background-media":"","overlay-type":"","overlay-color":"","overlay-opacity":"","overlay-gradient":""},"mobile":{"background-color":"var(--ast-global-color-5)","background-image":"","background-repeat":"repeat","background-position":"center center","background-size":"auto","background-attachment":"scroll","background-type":"","background-media":"","overlay-type":"","overlay-color":"","overlay-opacity":"","overlay-gradient":""}},"ngg_post_thumbnail":0},"product_brand":[],"product_cat":[18,44],"product_tag":[939,961,400,514],"class_list":{"0":"post-15424","1":"product","2":"type-product","3":"status-publish","4":"has-post-thumbnail","6":"product_cat-accesorios","7":"product_cat-cabezadas-accesorios","8":"product_tag-lederzaumzeug","9":"product_tag-lederzaumzeug-mit-tassel","10":"product_tag-trense","11":"product_tag-zaumzeug","12":"desktop-align-left","13":"tablet-align-left","14":"mobile-align-left","16":"first","17":"instock","18":"taxable","19":"shipping-taxable","20":"purchasable","21":"product-type-variable"},"yoast_head":"<!-- This site is optimized with the Yoast SEO plugin v27.4 - https:\/\/yoast.com\/product\/yoast-seo-wordpress\/ -->\n<title>ZALDI TRENSE EXTRA ARTESANA MIT TASSEL - Zaldionline.com<\/title>\n<meta name=\"description\" content=\"Preis inkl. MwSt.: 231,07\u20ac Leder Zaumzeug. Gebl\u00e4ute Schnalle. Einheitsgr\u00f6\u00dfe. Farbe: Havana, Tostado. Lieferzeit variabel. Erh\u00e4ltlich \u00fcber Zaldionline.com Ref. 21019177\" \/>\n<meta name=\"robots\" content=\"noindex, follow, max-snippet:-1, max-image-preview:large, max-video-preview:-1\" \/>\n<meta property=\"og:locale\" content=\"es_ES\" \/>\n<meta property=\"og:type\" content=\"article\" \/>\n<meta property=\"og:title\" content=\"ZALDI TRENSE EXTRA ARTESANA MIT TASSEL - Zaldionline.com\" \/>\n<meta property=\"og:description\" content=\"Preis inkl. MwSt.: 231,07\u20ac Leder Zaumzeug. Gebl\u00e4ute Schnalle. Einheitsgr\u00f6\u00dfe. Farbe: Havana, Tostado. Lieferzeit variabel. Erh\u00e4ltlich \u00fcber Zaldionline.com Ref. 21019177\" \/>\n<meta property=\"og:url\" content=\"https:\/\/www.zaldionline.com\/es\/producto\/zaldi-trense-artesana\/\" \/>\n<meta property=\"og:site_name\" content=\"Zaldionline.com\" \/>\n<meta property=\"article:modified_time\" content=\"2025-02-10T12:53:36+00:00\" \/>\n<meta property=\"og:image\" content=\"https:\/\/www.zaldionline.com\/es\/wp-content\/uploads\/sites\/2\/2020\/11\/Bild_2020-12-10_145611.png\" \/>\n\t<meta property=\"og:image:width\" content=\"514\" \/>\n\t<meta property=\"og:image:height\" content=\"507\" \/>\n\t<meta property=\"og:image:type\" content=\"image\/png\" \/>\n<meta name=\"twitter:card\" content=\"summary_large_image\" \/>\n<meta name=\"twitter:label1\" content=\"Tiempo de lectura\" \/>\n\t<meta name=\"twitter:data1\" content=\"1 minuto\" \/>\n<script type=\"application\/ld+json\" class=\"yoast-schema-graph\">{\"@context\":\"https:\\\/\\\/schema.org\",\"@graph\":[{\"@type\":\"WebPage\",\"@id\":\"https:\\\/\\\/www.zaldionline.com\\\/es\\\/producto\\\/zaldi-trense-artesana\\\/\",\"url\":\"https:\\\/\\\/www.zaldionline.com\\\/es\\\/producto\\\/zaldi-trense-artesana\\\/\",\"name\":\"ZALDI TRENSE EXTRA ARTESANA MIT TASSEL - Zaldionline.com\",\"isPartOf\":{\"@id\":\"https:\\\/\\\/www.zaldionline.com\\\/es\\\/#website\"},\"primaryImageOfPage\":{\"@id\":\"https:\\\/\\\/www.zaldionline.com\\\/es\\\/producto\\\/zaldi-trense-artesana\\\/#primaryimage\"},\"image\":{\"@id\":\"https:\\\/\\\/www.zaldionline.com\\\/es\\\/producto\\\/zaldi-trense-artesana\\\/#primaryimage\"},\"thumbnailUrl\":\"https:\\\/\\\/www.zaldionline.com\\\/es\\\/wp-content\\\/uploads\\\/sites\\\/2\\\/2020\\\/11\\\/Bild_2020-12-10_145611.png\",\"datePublished\":\"2020-11-04T15:32:43+00:00\",\"dateModified\":\"2025-02-10T12:53:36+00:00\",\"description\":\"Preis inkl. MwSt.: 231,07\u20ac Leder Zaumzeug. Gebl\u00e4ute Schnalle. Einheitsgr\u00f6\u00dfe. Farbe: Havana, Tostado. Lieferzeit variabel. Erh\u00e4ltlich \u00fcber Zaldionline.com Ref. 21019177\",\"breadcrumb\":{\"@id\":\"https:\\\/\\\/www.zaldionline.com\\\/es\\\/producto\\\/zaldi-trense-artesana\\\/#breadcrumb\"},\"inLanguage\":\"es\",\"potentialAction\":[{\"@type\":\"ReadAction\",\"target\":[\"https:\\\/\\\/www.zaldionline.com\\\/es\\\/producto\\\/zaldi-trense-artesana\\\/\"]}]},{\"@type\":\"ImageObject\",\"inLanguage\":\"es\",\"@id\":\"https:\\\/\\\/www.zaldionline.com\\\/es\\\/producto\\\/zaldi-trense-artesana\\\/#primaryimage\",\"url\":\"https:\\\/\\\/www.zaldionline.com\\\/es\\\/wp-content\\\/uploads\\\/sites\\\/2\\\/2020\\\/11\\\/Bild_2020-12-10_145611.png\",\"contentUrl\":\"https:\\\/\\\/www.zaldionline.com\\\/es\\\/wp-content\\\/uploads\\\/sites\\\/2\\\/2020\\\/11\\\/Bild_2020-12-10_145611.png\",\"width\":514,\"height\":507},{\"@type\":\"BreadcrumbList\",\"@id\":\"https:\\\/\\\/www.zaldionline.com\\\/es\\\/producto\\\/zaldi-trense-artesana\\\/#breadcrumb\",\"itemListElement\":[{\"@type\":\"ListItem\",\"position\":1,\"name\":\"Portada\",\"item\":\"https:\\\/\\\/www.zaldionline.com\\\/es\\\/\"},{\"@type\":\"ListItem\",\"position\":2,\"name\":\"Sillas y accesorios\",\"item\":\"https:\\\/\\\/www.zaldionline.com\\\/es\\\/sillas-y-accesorios\\\/\"},{\"@type\":\"ListItem\",\"position\":3,\"name\":\"ZALDI TRENSE EXTRA ARTESANA MIT TASSEL\"}]},{\"@type\":\"WebSite\",\"@id\":\"https:\\\/\\\/www.zaldionline.com\\\/es\\\/#website\",\"url\":\"https:\\\/\\\/www.zaldionline.com\\\/es\\\/\",\"name\":\"Zaldionline.com\",\"description\":\"Los mejores productos para usted y su caballo\",\"potentialAction\":[{\"@type\":\"SearchAction\",\"target\":{\"@type\":\"EntryPoint\",\"urlTemplate\":\"https:\\\/\\\/www.zaldionline.com\\\/es\\\/?s={search_term_string}\"},\"query-input\":{\"@type\":\"PropertyValueSpecification\",\"valueRequired\":true,\"valueName\":\"search_term_string\"}}],\"inLanguage\":\"es\"}]}<\/script>\n<!-- \/ Yoast SEO plugin. -->","yoast_head_json":{"title":"ZALDI TRENSE EXTRA ARTESANA MIT TASSEL - Zaldionline.com","description":"Preis inkl. MwSt.: 231,07\u20ac Leder Zaumzeug. Gebl\u00e4ute Schnalle. Einheitsgr\u00f6\u00dfe. Farbe: Havana, Tostado. Lieferzeit variabel. Erh\u00e4ltlich \u00fcber Zaldionline.com Ref. 21019177","robots":{"index":"noindex","follow":"follow","max-snippet":"max-snippet:-1","max-image-preview":"max-image-preview:large","max-video-preview":"max-video-preview:-1"},"og_locale":"es_ES","og_type":"article","og_title":"ZALDI TRENSE EXTRA ARTESANA MIT TASSEL - Zaldionline.com","og_description":"Preis inkl. MwSt.: 231,07\u20ac Leder Zaumzeug. Gebl\u00e4ute Schnalle. Einheitsgr\u00f6\u00dfe. Farbe: Havana, Tostado. Lieferzeit variabel. Erh\u00e4ltlich \u00fcber Zaldionline.com Ref. 21019177","og_url":"https:\/\/www.zaldionline.com\/es\/producto\/zaldi-trense-artesana\/","og_site_name":"Zaldionline.com","article_modified_time":"2025-02-10T12:53:36+00:00","og_image":[{"width":514,"height":507,"url":"https:\/\/www.zaldionline.com\/es\/wp-content\/uploads\/sites\/2\/2020\/11\/Bild_2020-12-10_145611.png","type":"image\/png"}],"twitter_card":"summary_large_image","twitter_misc":{"Tiempo de lectura":"1 minuto"},"schema":{"@context":"https:\/\/schema.org","@graph":[{"@type":"WebPage","@id":"https:\/\/www.zaldionline.com\/es\/producto\/zaldi-trense-artesana\/","url":"https:\/\/www.zaldionline.com\/es\/producto\/zaldi-trense-artesana\/","name":"ZALDI TRENSE EXTRA ARTESANA MIT TASSEL - Zaldionline.com","isPartOf":{"@id":"https:\/\/www.zaldionline.com\/es\/#website"},"primaryImageOfPage":{"@id":"https:\/\/www.zaldionline.com\/es\/producto\/zaldi-trense-artesana\/#primaryimage"},"image":{"@id":"https:\/\/www.zaldionline.com\/es\/producto\/zaldi-trense-artesana\/#primaryimage"},"thumbnailUrl":"https:\/\/www.zaldionline.com\/es\/wp-content\/uploads\/sites\/2\/2020\/11\/Bild_2020-12-10_145611.png","datePublished":"2020-11-04T15:32:43+00:00","dateModified":"2025-02-10T12:53:36+00:00","description":"Preis inkl. MwSt.: 231,07\u20ac Leder Zaumzeug. Gebl\u00e4ute Schnalle. Einheitsgr\u00f6\u00dfe. Farbe: Havana, Tostado. Lieferzeit variabel. Erh\u00e4ltlich \u00fcber Zaldionline.com Ref. 21019177","breadcrumb":{"@id":"https:\/\/www.zaldionline.com\/es\/producto\/zaldi-trense-artesana\/#breadcrumb"},"inLanguage":"es","potentialAction":[{"@type":"ReadAction","target":["https:\/\/www.zaldionline.com\/es\/producto\/zaldi-trense-artesana\/"]}]},{"@type":"ImageObject","inLanguage":"es","@id":"https:\/\/www.zaldionline.com\/es\/producto\/zaldi-trense-artesana\/#primaryimage","url":"https:\/\/www.zaldionline.com\/es\/wp-content\/uploads\/sites\/2\/2020\/11\/Bild_2020-12-10_145611.png","contentUrl":"https:\/\/www.zaldionline.com\/es\/wp-content\/uploads\/sites\/2\/2020\/11\/Bild_2020-12-10_145611.png","width":514,"height":507},{"@type":"BreadcrumbList","@id":"https:\/\/www.zaldionline.com\/es\/producto\/zaldi-trense-artesana\/#breadcrumb","itemListElement":[{"@type":"ListItem","position":1,"name":"Portada","item":"https:\/\/www.zaldionline.com\/es\/"},{"@type":"ListItem","position":2,"name":"Sillas y accesorios","item":"https:\/\/www.zaldionline.com\/es\/sillas-y-accesorios\/"},{"@type":"ListItem","position":3,"name":"ZALDI TRENSE EXTRA ARTESANA MIT TASSEL"}]},{"@type":"WebSite","@id":"https:\/\/www.zaldionline.com\/es\/#website","url":"https:\/\/www.zaldionline.com\/es\/","name":"Zaldionline.com","description":"Los mejores productos para usted y su caballo","potentialAction":[{"@type":"SearchAction","target":{"@type":"EntryPoint","urlTemplate":"https:\/\/www.zaldionline.com\/es\/?s={search_term_string}"},"query-input":{"@type":"PropertyValueSpecification","valueRequired":true,"valueName":"search_term_string"}}],"inLanguage":"es"}]}},"_links":{"self":[{"href":"https:\/\/www.zaldionline.com\/es\/wp-json\/wp\/v2\/product\/15424","targetHints":{"allow":["GET"]}}],"collection":[{"href":"https:\/\/www.zaldionline.com\/es\/wp-json\/wp\/v2\/product"}],"about":[{"href":"https:\/\/www.zaldionline.com\/es\/wp-json\/wp\/v2\/types\/product"}],"replies":[{"embeddable":true,"href":"https:\/\/www.zaldionline.com\/es\/wp-json\/wp\/v2\/comments?post=15424"}],"version-history":[{"count":1,"href":"https:\/\/www.zaldionline.com\/es\/wp-json\/wp\/v2\/product\/15424\/revisions"}],"predecessor-version":[{"id":23705,"href":"https:\/\/www.zaldionline.com\/es\/wp-json\/wp\/v2\/product\/15424\/revisions\/23705"}],"wp:featuredmedia":[{"embeddable":true,"href":"https:\/\/www.zaldionline.com\/es\/wp-json\/wp\/v2\/media\/17384"}],"wp:attachment":[{"href":"https:\/\/www.zaldionline.com\/es\/wp-json\/wp\/v2\/media?parent=15424"}],"wp:term":[{"taxonomy":"product_brand","embeddable":true,"href":"https:\/\/www.zaldionline.com\/es\/wp-json\/wp\/v2\/product_brand?post=15424"},{"taxonomy":"product_cat","embeddable":true,"href":"https:\/\/www.zaldionline.com\/es\/wp-json\/wp\/v2\/product_cat?post=15424"},{"taxonomy":"product_tag","embeddable":true,"href":"https:\/\/www.zaldionline.com\/es\/wp-json\/wp\/v2\/product_tag?post=15424"}],"curies":[{"name":"wp","href":"https:\/\/api.w.org\/{rel}","templated":true}]}}