{"id":15563,"date":"2020-11-05T17:20:28","date_gmt":"2020-11-05T17:20:28","guid":{"rendered":"https:\/\/zaldionline.com\/?post_type=product&#038;p=15563"},"modified":"2024-10-29T14:30:35","modified_gmt":"2024-10-29T14:30:35","slug":"silla-zaldi-p-lusitanus","status":"publish","type":"product","link":"https:\/\/www.zaldionline.com\/es\/producto\/silla-zaldi-p-lusitanus\/","title":{"rendered":"SILLA ZALDI P. LUSITANUS"},"content":{"rendered":"\t\t<div data-elementor-type=\"wp-post\" data-elementor-id=\"15563\" class=\"elementor elementor-15563\">\n\t\t\t\t\t\t<section class=\"elementor-section elementor-top-section elementor-element elementor-element-58ce14d elementor-section-boxed elementor-section-height-default elementor-section-height-default\" data-id=\"58ce14d\" data-element_type=\"section\" data-e-type=\"section\">\n\t\t\t\t\t\t<div class=\"elementor-container elementor-column-gap-default\">\n\t\t\t\t\t<div class=\"elementor-column elementor-col-100 elementor-top-column elementor-element elementor-element-1f32da53\" data-id=\"1f32da53\" data-element_type=\"column\" data-e-type=\"column\">\n\t\t\t<div class=\"elementor-widget-wrap elementor-element-populated\">\n\t\t\t\t\t\t<div class=\"elementor-element elementor-element-28b2ee67 elementor-widget elementor-widget-text-editor\" data-id=\"28b2ee67\" data-element_type=\"widget\" data-e-type=\"widget\" data-widget_type=\"text-editor.default\">\n\t\t\t\t<div class=\"elementor-widget-container\">\n\t\t\t\t\t\t\t\t\t<p>Precio inc. IVA.<\/p><p>Silla de doma con est\u00e9tica portuguesa y armadura semi-profunda.<br \/><br \/>Herrajes inoxidables.<br \/><br \/>Re\u00fane cualidades que marcan la diferencia en las sillas de Doma Portuguesa. Realizada en una nueva piel europea natural, m\u00e1s resistente y flexible. Armadura flexible y dise\u00f1o ergon\u00f3mico semi-plano. Libertad de movimiento y contacto con el caballo. El jinete encuentra en esta silla la expresi\u00f3n de s\u00ed mismo. Grandes jinetes y profesionales de Portugal y de todo el mundo apuestan por ella.<br \/><br \/>Actualmente adem\u00e1s de los cl\u00e1sicos colores; se pueden realizar m\u00faltiples combinaciones en colores de cuero, hilos, vivos, burletes\u2026 .<br \/><br \/>Sobre una nueva armadura muy c\u00f3moda, esta silla permite el m\u00e1ximo contacto jinete-caballo. Consigue una postura m\u00e1s correcta para el jinete. Nuevo dise\u00f1o ergon\u00f3mico del fald\u00f3n (largo de doma portuguesa). Baste de lana con tratamiento repelente agua-sudor que evita el balanceo sobre el dorso del caballo, consiguiendo un gran asiento y propiciando libertad al caballo.<br \/><br \/>Materiales:<br \/><br \/>* Pieles europeas de crup\u00f3n y boxcalf especialmente seleccionadas.<br \/>* Armadura de doma semi-profunda.<br \/>* Fald\u00f3n largo de doma.<br \/>* Rodillera\/Taco exterior.<br \/>* Baste relleno de lana.<br \/>* Armadura fabricada en materiales especiales, con la tecnolog\u00eda m\u00e1s avanzada. Garant\u00eda de 10 a\u00f1os.<br \/>* Estriberas inoxidables de seguridad.<br \/>* Latiguillos largos en &#8220;V&#8221;.<br \/><br \/>MEDIDAS:<br \/><br \/>* Jinete 17.5&#8243; (largo de 44.5 cm. desde la parte trasera del asiento al clavo Zaldi).<br \/>* Cruz del caballo: de 28 cm. a 34 cm.<br \/>* Peso: 7.700 Kg.<br \/>* Largo del fald\u00f3n desde la estribera: 42 cm.<br \/>* Largo del baste por debajo: 50 cm.<br \/>* \u00c1rea de apoyo del baste sobre el lomo del caballo: 45 cm.<br \/>* Rodillera: 38 cm. x 6 cm. x 4.5 cm.<\/p><p><strong>\u00a1AVISO IMPORTANTE!<\/strong><\/p><p><strong>COLORES DEL CUERO<\/strong><\/p><p><strong>Es \u201cIMPOSIBLE\u201d conseguir que dos art\u00edculos en cuero de color avellana, tostado, marr\u00f3n o habana sean exactamente iguales.<\/strong><\/p><p>Ref.: 00000122<\/p>\t\t\t\t\t\t\t\t<\/div>\n\t\t\t\t<\/div>\n\t\t\t\t\t<\/div>\n\t\t<\/div>\n\t\t\t\t\t<\/div>\n\t\t<\/section>\n\t\t\t\t<\/div>\n\t\t","protected":false},"excerpt":{"rendered":"<p>Precio inc. IVA. Silla de doma con est\u00e9tica portuguesa y armadura semi-profunda. Herrajes inoxidables. Re\u00fane cualidades que marcan la diferencia en las sillas de Doma Portuguesa. Realizada en una nueva piel europea natural, m\u00e1s resistente y flexible. Armadura flexible y dise\u00f1o ergon\u00f3mico semi-plano. Libertad de movimiento y contacto con el caballo. El jinete encuentra en [&hellip;]<\/p>\n","protected":false},"featured_media":17381,"comment_status":"open","ping_status":"closed","template":"","meta":{"site-sidebar-layout":"default","site-content-layout":"default","ast-site-content-layout":"default","site-content-style":"default","site-sidebar-style":"default","ast-global-header-display":"","ast-banner-title-visibility":"","ast-main-header-display":"","ast-hfb-above-header-display":"","ast-hfb-below-header-display":"","ast-hfb-mobile-header-display":"","site-post-title":"","ast-breadcrumbs-content":"","ast-featured-img":"","footer-sml-layout":"","ast-disable-related-posts":"","theme-transparent-header-meta":"default","adv-header-id-meta":"","stick-header-meta":"","header-above-stick-meta":"","header-main-stick-meta":"","header-below-stick-meta":"","astra-migrate-meta-layouts":"set","ast-page-background-enabled":"default","ast-page-background-meta":{"desktop":{"background-color":"var(--ast-global-color-4)","background-image":"","background-repeat":"repeat","background-position":"center center","background-size":"auto","background-attachment":"scroll","background-type":"","background-media":"","overlay-type":"","overlay-color":"","overlay-opacity":"","overlay-gradient":""},"tablet":{"background-color":"","background-image":"","background-repeat":"repeat","background-position":"center center","background-size":"auto","background-attachment":"scroll","background-type":"","background-media":"","overlay-type":"","overlay-color":"","overlay-opacity":"","overlay-gradient":""},"mobile":{"background-color":"","background-image":"","background-repeat":"repeat","background-position":"center center","background-size":"auto","background-attachment":"scroll","background-type":"","background-media":"","overlay-type":"","overlay-color":"","overlay-opacity":"","overlay-gradient":""}},"ast-content-background-meta":{"desktop":{"background-color":"var(--ast-global-color-5)","background-image":"","background-repeat":"repeat","background-position":"center center","background-size":"auto","background-attachment":"scroll","background-type":"","background-media":"","overlay-type":"","overlay-color":"","overlay-opacity":"","overlay-gradient":""},"tablet":{"background-color":"var(--ast-global-color-5)","background-image":"","background-repeat":"repeat","background-position":"center center","background-size":"auto","background-attachment":"scroll","background-type":"","background-media":"","overlay-type":"","overlay-color":"","overlay-opacity":"","overlay-gradient":""},"mobile":{"background-color":"var(--ast-global-color-5)","background-image":"","background-repeat":"repeat","background-position":"center center","background-size":"auto","background-attachment":"scroll","background-type":"","background-media":"","overlay-type":"","overlay-color":"","overlay-opacity":"","overlay-gradient":""}},"ngg_post_thumbnail":0},"product_brand":[],"product_cat":[25,17,32],"product_tag":[341,1056,1054,440,1050,202,340,337,991,338,339],"class_list":{"0":"post-15563","1":"product","2":"type-product","3":"status-publish","4":"has-post-thumbnail","6":"product_cat-camperas-espanolas-portuguesas","7":"product_cat-sillas","8":"product_cat-vaqueras-espanolas","9":"product_tag-bienestarcaballo","10":"product_tag-campera","11":"product_tag-cuero","12":"product_tag-silla","13":"product_tag-silla-de-montar-a-medida","14":"product_tag-sillas","15":"product_tag-susanne-nagel","16":"product_tag-zaldi","17":"product_tag-zaldi-alemania","18":"product_tag-zaldi-deutschland","19":"product_tag-zaldi-online-com","20":"desktop-align-left","21":"tablet-align-left","22":"mobile-align-left","24":"first","25":"instock","26":"taxable","27":"shipping-taxable","28":"purchasable","29":"product-type-variable"},"yoast_head":"<!-- This site is optimized with the Yoast SEO plugin v27.3 - https:\/\/yoast.com\/product\/yoast-seo-wordpress\/ -->\n<title>SILLA ZALDI P. LUSITANUS - Zaldionline.com<\/title>\n<meta name=\"description\" content=\"Precio inc. IVA: 1.73720\u20ac Materiales:* Pieles europeas de crup\u00f3n y boxcalf especialmente seleccionadas.* Armadura de doma semi-profunda.* Fald\u00f3n largo de doma.* Rodillera\/Taco exterior.* Baste relleno de lana.* Armadura fabricada en materiales especiales, con la tecnolog\u00eda m\u00e1s avanzada. Garant\u00eda de 10 a\u00f1os.* Estriberas inoxidables de seguridad.* Latiguillos largos en &quot;V&quot;.MEDIDAS:* Jinete 17.5&quot; (largo de 44.5 cm. desde la parte trasera del asiento al clavo Zaldi).* Cruz del caballo: de 28 cm. a 34 cm.* Peso: 7.700 Kg.* Largo del fald\u00f3n desde la estribera: 42 cm.* Largo del baste por debajo: 50 cm.* \u00c1rea de apoyo del baste sobre el lomo del caballo: 45 cm.* Rodillera: 38 cm. x 6 cm. x 4.5 cm. \u00a1AVISO IMPORTANTE! COLORES DEL CUERO Es \u201cIMPOSIBLE\u201d conseguir que dos art\u00edculos en cuero de color avellana, tostado, marr\u00f3n o habana sean exactamente iguales. Ref.: 00000122\" \/>\n<meta name=\"robots\" content=\"noindex, follow, max-snippet:-1, max-image-preview:large, max-video-preview:-1\" \/>\n<meta property=\"og:locale\" content=\"es_ES\" \/>\n<meta property=\"og:type\" content=\"article\" \/>\n<meta property=\"og:title\" content=\"SILLA ZALDI P. LUSITANUS - Zaldionline.com\" \/>\n<meta property=\"og:description\" content=\"Precio inc. IVA: 1.73720\u20ac Materiales:* Pieles europeas de crup\u00f3n y boxcalf especialmente seleccionadas.* Armadura de doma semi-profunda.* Fald\u00f3n largo de doma.* Rodillera\/Taco exterior.* Baste relleno de lana.* Armadura fabricada en materiales especiales, con la tecnolog\u00eda m\u00e1s avanzada. Garant\u00eda de 10 a\u00f1os.* Estriberas inoxidables de seguridad.* Latiguillos largos en &quot;V&quot;.MEDIDAS:* Jinete 17.5&quot; (largo de 44.5 cm. desde la parte trasera del asiento al clavo Zaldi).* Cruz del caballo: de 28 cm. a 34 cm.* Peso: 7.700 Kg.* Largo del fald\u00f3n desde la estribera: 42 cm.* Largo del baste por debajo: 50 cm.* \u00c1rea de apoyo del baste sobre el lomo del caballo: 45 cm.* Rodillera: 38 cm. x 6 cm. x 4.5 cm. \u00a1AVISO IMPORTANTE! COLORES DEL CUERO Es \u201cIMPOSIBLE\u201d conseguir que dos art\u00edculos en cuero de color avellana, tostado, marr\u00f3n o habana sean exactamente iguales. Ref.: 00000122\" \/>\n<meta property=\"og:url\" content=\"https:\/\/www.zaldionline.com\/es\/producto\/silla-zaldi-p-lusitanus\/\" \/>\n<meta property=\"og:site_name\" content=\"Zaldionline.com\" \/>\n<meta property=\"article:modified_time\" content=\"2024-10-29T14:30:35+00:00\" \/>\n<meta property=\"og:image\" content=\"https:\/\/www.zaldionline.com\/es\/wp-content\/uploads\/sites\/2\/2020\/11\/Bild_2020-12-10_145047.png\" \/>\n\t<meta property=\"og:image:width\" content=\"501\" \/>\n\t<meta property=\"og:image:height\" content=\"502\" \/>\n\t<meta property=\"og:image:type\" content=\"image\/png\" \/>\n<meta name=\"twitter:card\" content=\"summary_large_image\" \/>\n<meta name=\"twitter:label1\" content=\"Tiempo de lectura\" \/>\n\t<meta name=\"twitter:data1\" content=\"2 minutos\" \/>\n<script type=\"application\/ld+json\" class=\"yoast-schema-graph\">{\"@context\":\"https:\\\/\\\/schema.org\",\"@graph\":[{\"@type\":\"WebPage\",\"@id\":\"https:\\\/\\\/www.zaldionline.com\\\/es\\\/producto\\\/silla-zaldi-p-lusitanus\\\/\",\"url\":\"https:\\\/\\\/www.zaldionline.com\\\/es\\\/producto\\\/silla-zaldi-p-lusitanus\\\/\",\"name\":\"SILLA ZALDI P. LUSITANUS - Zaldionline.com\",\"isPartOf\":{\"@id\":\"https:\\\/\\\/www.zaldionline.com\\\/es\\\/#website\"},\"primaryImageOfPage\":{\"@id\":\"https:\\\/\\\/www.zaldionline.com\\\/es\\\/producto\\\/silla-zaldi-p-lusitanus\\\/#primaryimage\"},\"image\":{\"@id\":\"https:\\\/\\\/www.zaldionline.com\\\/es\\\/producto\\\/silla-zaldi-p-lusitanus\\\/#primaryimage\"},\"thumbnailUrl\":\"https:\\\/\\\/www.zaldionline.com\\\/es\\\/wp-content\\\/uploads\\\/sites\\\/2\\\/2020\\\/11\\\/Bild_2020-12-10_145047.png\",\"datePublished\":\"2020-11-05T17:20:28+00:00\",\"dateModified\":\"2024-10-29T14:30:35+00:00\",\"description\":\"Precio inc. IVA: 1.73720\u20ac Materiales:* Pieles europeas de crup\u00f3n y boxcalf especialmente seleccionadas.* Armadura de doma semi-profunda.* Fald\u00f3n largo de doma.* Rodillera\\\/Taco exterior.* Baste relleno de lana.* Armadura fabricada en materiales especiales, con la tecnolog\u00eda m\u00e1s avanzada. Garant\u00eda de 10 a\u00f1os.* Estriberas inoxidables de seguridad.* Latiguillos largos en \\\"V\\\".MEDIDAS:* Jinete 17.5\\\" (largo de 44.5 cm. desde la parte trasera del asiento al clavo Zaldi).* Cruz del caballo: de 28 cm. a 34 cm.* Peso: 7.700 Kg.* Largo del fald\u00f3n desde la estribera: 42 cm.* Largo del baste por debajo: 50 cm.* \u00c1rea de apoyo del baste sobre el lomo del caballo: 45 cm.* Rodillera: 38 cm. x 6 cm. x 4.5 cm. \u00a1AVISO IMPORTANTE! COLORES DEL CUERO Es \u201cIMPOSIBLE\u201d conseguir que dos art\u00edculos en cuero de color avellana, tostado, marr\u00f3n o habana sean exactamente iguales. Ref.: 00000122\",\"breadcrumb\":{\"@id\":\"https:\\\/\\\/www.zaldionline.com\\\/es\\\/producto\\\/silla-zaldi-p-lusitanus\\\/#breadcrumb\"},\"inLanguage\":\"es\",\"potentialAction\":[{\"@type\":\"ReadAction\",\"target\":[\"https:\\\/\\\/www.zaldionline.com\\\/es\\\/producto\\\/silla-zaldi-p-lusitanus\\\/\"]}]},{\"@type\":\"ImageObject\",\"inLanguage\":\"es\",\"@id\":\"https:\\\/\\\/www.zaldionline.com\\\/es\\\/producto\\\/silla-zaldi-p-lusitanus\\\/#primaryimage\",\"url\":\"https:\\\/\\\/www.zaldionline.com\\\/es\\\/wp-content\\\/uploads\\\/sites\\\/2\\\/2020\\\/11\\\/Bild_2020-12-10_145047.png\",\"contentUrl\":\"https:\\\/\\\/www.zaldionline.com\\\/es\\\/wp-content\\\/uploads\\\/sites\\\/2\\\/2020\\\/11\\\/Bild_2020-12-10_145047.png\",\"width\":501,\"height\":502},{\"@type\":\"BreadcrumbList\",\"@id\":\"https:\\\/\\\/www.zaldionline.com\\\/es\\\/producto\\\/silla-zaldi-p-lusitanus\\\/#breadcrumb\",\"itemListElement\":[{\"@type\":\"ListItem\",\"position\":1,\"name\":\"Portada\",\"item\":\"https:\\\/\\\/www.zaldionline.com\\\/es\\\/\"},{\"@type\":\"ListItem\",\"position\":2,\"name\":\"Sillas y accesorios\",\"item\":\"https:\\\/\\\/www.zaldionline.com\\\/es\\\/sillas-y-accesorios\\\/\"},{\"@type\":\"ListItem\",\"position\":3,\"name\":\"SILLA ZALDI P. LUSITANUS\"}]},{\"@type\":\"WebSite\",\"@id\":\"https:\\\/\\\/www.zaldionline.com\\\/es\\\/#website\",\"url\":\"https:\\\/\\\/www.zaldionline.com\\\/es\\\/\",\"name\":\"Zaldionline.com\",\"description\":\"Los mejores productos para usted y su caballo\",\"potentialAction\":[{\"@type\":\"SearchAction\",\"target\":{\"@type\":\"EntryPoint\",\"urlTemplate\":\"https:\\\/\\\/www.zaldionline.com\\\/es\\\/?s={search_term_string}\"},\"query-input\":{\"@type\":\"PropertyValueSpecification\",\"valueRequired\":true,\"valueName\":\"search_term_string\"}}],\"inLanguage\":\"es\"}]}<\/script>\n<!-- \/ Yoast SEO plugin. -->","yoast_head_json":{"title":"SILLA ZALDI P. LUSITANUS - Zaldionline.com","description":"Precio inc. IVA: 1.73720\u20ac Materiales:* Pieles europeas de crup\u00f3n y boxcalf especialmente seleccionadas.* Armadura de doma semi-profunda.* Fald\u00f3n largo de doma.* Rodillera\/Taco exterior.* Baste relleno de lana.* Armadura fabricada en materiales especiales, con la tecnolog\u00eda m\u00e1s avanzada. Garant\u00eda de 10 a\u00f1os.* Estriberas inoxidables de seguridad.* Latiguillos largos en \"V\".MEDIDAS:* Jinete 17.5\" (largo de 44.5 cm. desde la parte trasera del asiento al clavo Zaldi).* Cruz del caballo: de 28 cm. a 34 cm.* Peso: 7.700 Kg.* Largo del fald\u00f3n desde la estribera: 42 cm.* Largo del baste por debajo: 50 cm.* \u00c1rea de apoyo del baste sobre el lomo del caballo: 45 cm.* Rodillera: 38 cm. x 6 cm. x 4.5 cm. \u00a1AVISO IMPORTANTE! COLORES DEL CUERO Es \u201cIMPOSIBLE\u201d conseguir que dos art\u00edculos en cuero de color avellana, tostado, marr\u00f3n o habana sean exactamente iguales. Ref.: 00000122","robots":{"index":"noindex","follow":"follow","max-snippet":"max-snippet:-1","max-image-preview":"max-image-preview:large","max-video-preview":"max-video-preview:-1"},"og_locale":"es_ES","og_type":"article","og_title":"SILLA ZALDI P. LUSITANUS - Zaldionline.com","og_description":"Precio inc. IVA: 1.73720\u20ac Materiales:* Pieles europeas de crup\u00f3n y boxcalf especialmente seleccionadas.* Armadura de doma semi-profunda.* Fald\u00f3n largo de doma.* Rodillera\/Taco exterior.* Baste relleno de lana.* Armadura fabricada en materiales especiales, con la tecnolog\u00eda m\u00e1s avanzada. Garant\u00eda de 10 a\u00f1os.* Estriberas inoxidables de seguridad.* Latiguillos largos en \"V\".MEDIDAS:* Jinete 17.5\" (largo de 44.5 cm. desde la parte trasera del asiento al clavo Zaldi).* Cruz del caballo: de 28 cm. a 34 cm.* Peso: 7.700 Kg.* Largo del fald\u00f3n desde la estribera: 42 cm.* Largo del baste por debajo: 50 cm.* \u00c1rea de apoyo del baste sobre el lomo del caballo: 45 cm.* Rodillera: 38 cm. x 6 cm. x 4.5 cm. \u00a1AVISO IMPORTANTE! COLORES DEL CUERO Es \u201cIMPOSIBLE\u201d conseguir que dos art\u00edculos en cuero de color avellana, tostado, marr\u00f3n o habana sean exactamente iguales. Ref.: 00000122","og_url":"https:\/\/www.zaldionline.com\/es\/producto\/silla-zaldi-p-lusitanus\/","og_site_name":"Zaldionline.com","article_modified_time":"2024-10-29T14:30:35+00:00","og_image":[{"width":501,"height":502,"url":"https:\/\/www.zaldionline.com\/es\/wp-content\/uploads\/sites\/2\/2020\/11\/Bild_2020-12-10_145047.png","type":"image\/png"}],"twitter_card":"summary_large_image","twitter_misc":{"Tiempo de lectura":"2 minutos"},"schema":{"@context":"https:\/\/schema.org","@graph":[{"@type":"WebPage","@id":"https:\/\/www.zaldionline.com\/es\/producto\/silla-zaldi-p-lusitanus\/","url":"https:\/\/www.zaldionline.com\/es\/producto\/silla-zaldi-p-lusitanus\/","name":"SILLA ZALDI P. LUSITANUS - Zaldionline.com","isPartOf":{"@id":"https:\/\/www.zaldionline.com\/es\/#website"},"primaryImageOfPage":{"@id":"https:\/\/www.zaldionline.com\/es\/producto\/silla-zaldi-p-lusitanus\/#primaryimage"},"image":{"@id":"https:\/\/www.zaldionline.com\/es\/producto\/silla-zaldi-p-lusitanus\/#primaryimage"},"thumbnailUrl":"https:\/\/www.zaldionline.com\/es\/wp-content\/uploads\/sites\/2\/2020\/11\/Bild_2020-12-10_145047.png","datePublished":"2020-11-05T17:20:28+00:00","dateModified":"2024-10-29T14:30:35+00:00","description":"Precio inc. IVA: 1.73720\u20ac Materiales:* Pieles europeas de crup\u00f3n y boxcalf especialmente seleccionadas.* Armadura de doma semi-profunda.* Fald\u00f3n largo de doma.* Rodillera\/Taco exterior.* Baste relleno de lana.* Armadura fabricada en materiales especiales, con la tecnolog\u00eda m\u00e1s avanzada. Garant\u00eda de 10 a\u00f1os.* Estriberas inoxidables de seguridad.* Latiguillos largos en \"V\".MEDIDAS:* Jinete 17.5\" (largo de 44.5 cm. desde la parte trasera del asiento al clavo Zaldi).* Cruz del caballo: de 28 cm. a 34 cm.* Peso: 7.700 Kg.* Largo del fald\u00f3n desde la estribera: 42 cm.* Largo del baste por debajo: 50 cm.* \u00c1rea de apoyo del baste sobre el lomo del caballo: 45 cm.* Rodillera: 38 cm. x 6 cm. x 4.5 cm. \u00a1AVISO IMPORTANTE! COLORES DEL CUERO Es \u201cIMPOSIBLE\u201d conseguir que dos art\u00edculos en cuero de color avellana, tostado, marr\u00f3n o habana sean exactamente iguales. Ref.: 00000122","breadcrumb":{"@id":"https:\/\/www.zaldionline.com\/es\/producto\/silla-zaldi-p-lusitanus\/#breadcrumb"},"inLanguage":"es","potentialAction":[{"@type":"ReadAction","target":["https:\/\/www.zaldionline.com\/es\/producto\/silla-zaldi-p-lusitanus\/"]}]},{"@type":"ImageObject","inLanguage":"es","@id":"https:\/\/www.zaldionline.com\/es\/producto\/silla-zaldi-p-lusitanus\/#primaryimage","url":"https:\/\/www.zaldionline.com\/es\/wp-content\/uploads\/sites\/2\/2020\/11\/Bild_2020-12-10_145047.png","contentUrl":"https:\/\/www.zaldionline.com\/es\/wp-content\/uploads\/sites\/2\/2020\/11\/Bild_2020-12-10_145047.png","width":501,"height":502},{"@type":"BreadcrumbList","@id":"https:\/\/www.zaldionline.com\/es\/producto\/silla-zaldi-p-lusitanus\/#breadcrumb","itemListElement":[{"@type":"ListItem","position":1,"name":"Portada","item":"https:\/\/www.zaldionline.com\/es\/"},{"@type":"ListItem","position":2,"name":"Sillas y accesorios","item":"https:\/\/www.zaldionline.com\/es\/sillas-y-accesorios\/"},{"@type":"ListItem","position":3,"name":"SILLA ZALDI P. LUSITANUS"}]},{"@type":"WebSite","@id":"https:\/\/www.zaldionline.com\/es\/#website","url":"https:\/\/www.zaldionline.com\/es\/","name":"Zaldionline.com","description":"Los mejores productos para usted y su caballo","potentialAction":[{"@type":"SearchAction","target":{"@type":"EntryPoint","urlTemplate":"https:\/\/www.zaldionline.com\/es\/?s={search_term_string}"},"query-input":{"@type":"PropertyValueSpecification","valueRequired":true,"valueName":"search_term_string"}}],"inLanguage":"es"}]}},"_links":{"self":[{"href":"https:\/\/www.zaldionline.com\/es\/wp-json\/wp\/v2\/product\/15563","targetHints":{"allow":["GET"]}}],"collection":[{"href":"https:\/\/www.zaldionline.com\/es\/wp-json\/wp\/v2\/product"}],"about":[{"href":"https:\/\/www.zaldionline.com\/es\/wp-json\/wp\/v2\/types\/product"}],"replies":[{"embeddable":true,"href":"https:\/\/www.zaldionline.com\/es\/wp-json\/wp\/v2\/comments?post=15563"}],"version-history":[{"count":13,"href":"https:\/\/www.zaldionline.com\/es\/wp-json\/wp\/v2\/product\/15563\/revisions"}],"predecessor-version":[{"id":25557,"href":"https:\/\/www.zaldionline.com\/es\/wp-json\/wp\/v2\/product\/15563\/revisions\/25557"}],"wp:featuredmedia":[{"embeddable":true,"href":"https:\/\/www.zaldionline.com\/es\/wp-json\/wp\/v2\/media\/17381"}],"wp:attachment":[{"href":"https:\/\/www.zaldionline.com\/es\/wp-json\/wp\/v2\/media?parent=15563"}],"wp:term":[{"taxonomy":"product_brand","embeddable":true,"href":"https:\/\/www.zaldionline.com\/es\/wp-json\/wp\/v2\/product_brand?post=15563"},{"taxonomy":"product_cat","embeddable":true,"href":"https:\/\/www.zaldionline.com\/es\/wp-json\/wp\/v2\/product_cat?post=15563"},{"taxonomy":"product_tag","embeddable":true,"href":"https:\/\/www.zaldionline.com\/es\/wp-json\/wp\/v2\/product_tag?post=15563"}],"curies":[{"name":"wp","href":"https:\/\/api.w.org\/{rel}","templated":true}]}}