{"id":15698,"date":"2020-11-05T20:29:50","date_gmt":"2020-11-05T20:29:50","guid":{"rendered":"https:\/\/zaldionline.com\/?post_type=product&#038;p=15698"},"modified":"2023-04-24T14:12:44","modified_gmt":"2023-04-24T14:12:44","slug":"zaldi-extra-cabezada-reithalfter-sanjorge","status":"publish","type":"product","link":"https:\/\/www.zaldionline.com\/es\/producto\/zaldi-extra-cabezada-reithalfter-sanjorge\/","title":{"rendered":"ZALDI EXTRA CABEZADA REITHALFTER MIT LEDERZ\u00dcGEL SANJORGE"},"content":{"rendered":"\t\t<div data-elementor-type=\"wp-post\" data-elementor-id=\"15698\" class=\"elementor elementor-15698\">\n\t\t\t\t\t\t<section class=\"elementor-section elementor-top-section elementor-element elementor-element-277a5e72 elementor-section-boxed elementor-section-height-default elementor-section-height-default\" data-id=\"277a5e72\" data-element_type=\"section\" data-e-type=\"section\">\n\t\t\t\t\t\t<div class=\"elementor-container elementor-column-gap-default\">\n\t\t\t\t\t<div class=\"elementor-column elementor-col-100 elementor-top-column elementor-element elementor-element-778b8376\" data-id=\"778b8376\" data-element_type=\"column\" data-e-type=\"column\">\n\t\t\t<div class=\"elementor-widget-wrap elementor-element-populated\">\n\t\t\t\t\t\t<div class=\"elementor-element elementor-element-6da0a395 elementor-widget elementor-widget-text-editor\" data-id=\"6da0a395\" data-element_type=\"widget\" data-e-type=\"widget\" data-widget_type=\"text-editor.default\">\n\t\t\t\t<div class=\"elementor-widget-container\">\n\t\t\t\t\t\t\t\t\t<p>Preis inkl. MwSt.: 146,49\u20ac<\/p><p>Lederz\u00fcgel.<\/p><p>Mit Nasenriemen.<\/p><p>Breites Reithalfter.<\/p><p>Schnallen aus Edelstahl.<\/p><p>Paspel und Garn in verschiedenen Farben.<\/p><p>Goldene oder verchromte Schnallen<\/p><p>Eine Gr\u00f6\u00dfe verf\u00fcgbar (FULL)<\/p><p>Verschiedene Farben<\/p><p>Hergestellt von <em>ZALDI<\/em><\/p><p><a href=\"https:\/\/www.youtube.com\/watch?v=Ye5aFUWzNnw&amp;ab_channel=BIENESTARCABALLO%28bySusanneNagel%29\" target=\"_blank\" rel=\"noopener\">KLICK HIER F\u00dcR EIN VIDEO DER TRENSE<\/a><\/p><p>F\u00fcr weitere Informationen oder bei Anfragen zur Lieferdauer kontaktiere uns bitte.<\/p><p>Ref. 21019171<\/p>\t\t\t\t\t\t\t\t<\/div>\n\t\t\t\t<\/div>\n\t\t\t\t\t<\/div>\n\t\t<\/div>\n\t\t\t\t\t<\/div>\n\t\t<\/section>\n\t\t\t\t<\/div>\n\t\t","protected":false},"excerpt":{"rendered":"<p>Preis inkl. MwSt.: 146,49\u20ac Lederz\u00fcgel. Mit Nasenriemen. Breites Reithalfter. Schnallen aus Edelstahl. Paspel und Garn in verschiedenen Farben. Goldene oder verchromte Schnallen Eine Gr\u00f6\u00dfe verf\u00fcgbar (FULL) Verschiedene Farben Hergestellt von ZALDI KLICK HIER F\u00dcR EIN VIDEO DER TRENSE F\u00fcr weitere Informationen oder bei Anfragen zur Lieferdauer kontaktiere uns bitte. Ref. 21019171<\/p>\n","protected":false},"featured_media":17410,"comment_status":"open","ping_status":"closed","template":"","meta":{"site-sidebar-layout":"default","site-content-layout":"default","ast-site-content-layout":"default","site-content-style":"default","site-sidebar-style":"default","ast-global-header-display":"","ast-banner-title-visibility":"","ast-main-header-display":"","ast-hfb-above-header-display":"","ast-hfb-below-header-display":"","ast-hfb-mobile-header-display":"","site-post-title":"","ast-breadcrumbs-content":"","ast-featured-img":"","footer-sml-layout":"","ast-disable-related-posts":"","theme-transparent-header-meta":"default","adv-header-id-meta":"","stick-header-meta":"","header-above-stick-meta":"","header-main-stick-meta":"","header-below-stick-meta":"","astra-migrate-meta-layouts":"default","ast-page-background-enabled":"default","ast-page-background-meta":{"desktop":{"background-color":"var(--ast-global-color-4)","background-image":"","background-repeat":"repeat","background-position":"center center","background-size":"auto","background-attachment":"scroll","background-type":"","background-media":"","overlay-type":"","overlay-color":"","overlay-opacity":"","overlay-gradient":""},"tablet":{"background-color":"","background-image":"","background-repeat":"repeat","background-position":"center center","background-size":"auto","background-attachment":"scroll","background-type":"","background-media":"","overlay-type":"","overlay-color":"","overlay-opacity":"","overlay-gradient":""},"mobile":{"background-color":"","background-image":"","background-repeat":"repeat","background-position":"center center","background-size":"auto","background-attachment":"scroll","background-type":"","background-media":"","overlay-type":"","overlay-color":"","overlay-opacity":"","overlay-gradient":""}},"ast-content-background-meta":{"desktop":{"background-color":"var(--ast-global-color-5)","background-image":"","background-repeat":"repeat","background-position":"center center","background-size":"auto","background-attachment":"scroll","background-type":"","background-media":"","overlay-type":"","overlay-color":"","overlay-opacity":"","overlay-gradient":""},"tablet":{"background-color":"var(--ast-global-color-5)","background-image":"","background-repeat":"repeat","background-position":"center center","background-size":"auto","background-attachment":"scroll","background-type":"","background-media":"","overlay-type":"","overlay-color":"","overlay-opacity":"","overlay-gradient":""},"mobile":{"background-color":"var(--ast-global-color-5)","background-image":"","background-repeat":"repeat","background-position":"center center","background-size":"auto","background-attachment":"scroll","background-type":"","background-media":"","overlay-type":"","overlay-color":"","overlay-opacity":"","overlay-gradient":""}},"ngg_post_thumbnail":0},"product_brand":[],"product_cat":[18,44],"product_tag":[944,683,513,337,338,339],"class_list":{"0":"post-15698","1":"product","2":"type-product","3":"status-publish","4":"has-post-thumbnail","6":"product_cat-accesorios","7":"product_cat-cabezadas-accesorios","8":"product_tag-paspel-und-garn-in-verschiedenen-farben","9":"product_tag-reithalfter-mit-lederzuegel","10":"product_tag-trensen","11":"product_tag-zaldi","12":"product_tag-zaldi-deutschland","13":"product_tag-zaldi-online-com","14":"desktop-align-left","15":"tablet-align-left","16":"mobile-align-left","18":"first","19":"instock","20":"taxable","21":"shipping-taxable","22":"purchasable","23":"product-type-variable"},"yoast_head":"<!-- This site is optimized with the Yoast SEO plugin v27.4 - https:\/\/yoast.com\/product\/yoast-seo-wordpress\/ -->\n<title>ZALDI EXTRA CABEZADA REITHALFTER MIT LEDERZ\u00dcGEL SANJORGE - Zaldionline.com<\/title>\n<meta name=\"description\" content=\"Preis inkl. MwSt.: 146,49\u20ac Lederz\u00fcgel. Mit Nasenriemen. Breites Reithalfter. Schnallen aus Edelstahl. Paspel und Garn in verschiedenen Farben. Goldfarbene oder verchromte Schnallen. Eine Gr\u00f6\u00dfe verf\u00fcgbar (FULL). Verschiedene Farben. Erh\u00e4ltlich \u00fcber Zaldionline.com Ref. 21019171\" \/>\n<meta name=\"robots\" content=\"noindex, follow, max-snippet:-1, max-image-preview:large, max-video-preview:-1\" \/>\n<meta property=\"og:locale\" content=\"es_ES\" \/>\n<meta property=\"og:type\" content=\"article\" \/>\n<meta property=\"og:title\" content=\"ZALDI EXTRA CABEZADA REITHALFTER MIT LEDERZ\u00dcGEL SANJORGE - Zaldionline.com\" \/>\n<meta property=\"og:description\" content=\"Preis inkl. MwSt.: 146,49\u20ac Lederz\u00fcgel. Mit Nasenriemen. Breites Reithalfter. Schnallen aus Edelstahl. Paspel und Garn in verschiedenen Farben. Goldfarbene oder verchromte Schnallen. Eine Gr\u00f6\u00dfe verf\u00fcgbar (FULL). Verschiedene Farben. Erh\u00e4ltlich \u00fcber Zaldionline.com Ref. 21019171\" \/>\n<meta property=\"og:url\" content=\"https:\/\/www.zaldionline.com\/es\/producto\/zaldi-extra-cabezada-reithalfter-sanjorge\/\" \/>\n<meta property=\"og:site_name\" content=\"Zaldionline.com\" \/>\n<meta property=\"article:modified_time\" content=\"2023-04-24T14:12:44+00:00\" \/>\n<meta property=\"og:image\" content=\"https:\/\/www.zaldionline.com\/es\/wp-content\/uploads\/sites\/2\/2020\/11\/Bild_2020-12-10_153159.png\" \/>\n\t<meta property=\"og:image:width\" content=\"519\" \/>\n\t<meta property=\"og:image:height\" content=\"504\" \/>\n\t<meta property=\"og:image:type\" content=\"image\/png\" \/>\n<meta name=\"twitter:card\" content=\"summary_large_image\" \/>\n<meta name=\"twitter:label1\" content=\"Tiempo de lectura\" \/>\n\t<meta name=\"twitter:data1\" content=\"1 minuto\" \/>\n<script type=\"application\/ld+json\" class=\"yoast-schema-graph\">{\"@context\":\"https:\\\/\\\/schema.org\",\"@graph\":[{\"@type\":\"WebPage\",\"@id\":\"https:\\\/\\\/www.zaldionline.com\\\/es\\\/producto\\\/zaldi-extra-cabezada-reithalfter-sanjorge\\\/\",\"url\":\"https:\\\/\\\/www.zaldionline.com\\\/es\\\/producto\\\/zaldi-extra-cabezada-reithalfter-sanjorge\\\/\",\"name\":\"ZALDI EXTRA CABEZADA REITHALFTER MIT LEDERZ\u00dcGEL SANJORGE - Zaldionline.com\",\"isPartOf\":{\"@id\":\"https:\\\/\\\/www.zaldionline.com\\\/es\\\/#website\"},\"primaryImageOfPage\":{\"@id\":\"https:\\\/\\\/www.zaldionline.com\\\/es\\\/producto\\\/zaldi-extra-cabezada-reithalfter-sanjorge\\\/#primaryimage\"},\"image\":{\"@id\":\"https:\\\/\\\/www.zaldionline.com\\\/es\\\/producto\\\/zaldi-extra-cabezada-reithalfter-sanjorge\\\/#primaryimage\"},\"thumbnailUrl\":\"https:\\\/\\\/www.zaldionline.com\\\/es\\\/wp-content\\\/uploads\\\/sites\\\/2\\\/2020\\\/11\\\/Bild_2020-12-10_153159.png\",\"datePublished\":\"2020-11-05T20:29:50+00:00\",\"dateModified\":\"2023-04-24T14:12:44+00:00\",\"description\":\"Preis inkl. MwSt.: 146,49\u20ac Lederz\u00fcgel. Mit Nasenriemen. Breites Reithalfter. Schnallen aus Edelstahl. Paspel und Garn in verschiedenen Farben. Goldfarbene oder verchromte Schnallen. Eine Gr\u00f6\u00dfe verf\u00fcgbar (FULL). Verschiedene Farben. Erh\u00e4ltlich \u00fcber Zaldionline.com Ref. 21019171\",\"breadcrumb\":{\"@id\":\"https:\\\/\\\/www.zaldionline.com\\\/es\\\/producto\\\/zaldi-extra-cabezada-reithalfter-sanjorge\\\/#breadcrumb\"},\"inLanguage\":\"es\",\"potentialAction\":[{\"@type\":\"ReadAction\",\"target\":[\"https:\\\/\\\/www.zaldionline.com\\\/es\\\/producto\\\/zaldi-extra-cabezada-reithalfter-sanjorge\\\/\"]}]},{\"@type\":\"ImageObject\",\"inLanguage\":\"es\",\"@id\":\"https:\\\/\\\/www.zaldionline.com\\\/es\\\/producto\\\/zaldi-extra-cabezada-reithalfter-sanjorge\\\/#primaryimage\",\"url\":\"https:\\\/\\\/www.zaldionline.com\\\/es\\\/wp-content\\\/uploads\\\/sites\\\/2\\\/2020\\\/11\\\/Bild_2020-12-10_153159.png\",\"contentUrl\":\"https:\\\/\\\/www.zaldionline.com\\\/es\\\/wp-content\\\/uploads\\\/sites\\\/2\\\/2020\\\/11\\\/Bild_2020-12-10_153159.png\",\"width\":519,\"height\":504},{\"@type\":\"BreadcrumbList\",\"@id\":\"https:\\\/\\\/www.zaldionline.com\\\/es\\\/producto\\\/zaldi-extra-cabezada-reithalfter-sanjorge\\\/#breadcrumb\",\"itemListElement\":[{\"@type\":\"ListItem\",\"position\":1,\"name\":\"Portada\",\"item\":\"https:\\\/\\\/www.zaldionline.com\\\/es\\\/\"},{\"@type\":\"ListItem\",\"position\":2,\"name\":\"Sillas y accesorios\",\"item\":\"https:\\\/\\\/www.zaldionline.com\\\/es\\\/sillas-y-accesorios\\\/\"},{\"@type\":\"ListItem\",\"position\":3,\"name\":\"ZALDI EXTRA CABEZADA REITHALFTER MIT LEDERZ\u00dcGEL SANJORGE\"}]},{\"@type\":\"WebSite\",\"@id\":\"https:\\\/\\\/www.zaldionline.com\\\/es\\\/#website\",\"url\":\"https:\\\/\\\/www.zaldionline.com\\\/es\\\/\",\"name\":\"Zaldionline.com\",\"description\":\"Los mejores productos para usted y su caballo\",\"potentialAction\":[{\"@type\":\"SearchAction\",\"target\":{\"@type\":\"EntryPoint\",\"urlTemplate\":\"https:\\\/\\\/www.zaldionline.com\\\/es\\\/?s={search_term_string}\"},\"query-input\":{\"@type\":\"PropertyValueSpecification\",\"valueRequired\":true,\"valueName\":\"search_term_string\"}}],\"inLanguage\":\"es\"}]}<\/script>\n<!-- \/ Yoast SEO plugin. -->","yoast_head_json":{"title":"ZALDI EXTRA CABEZADA REITHALFTER MIT LEDERZ\u00dcGEL SANJORGE - Zaldionline.com","description":"Preis inkl. MwSt.: 146,49\u20ac Lederz\u00fcgel. Mit Nasenriemen. Breites Reithalfter. Schnallen aus Edelstahl. Paspel und Garn in verschiedenen Farben. Goldfarbene oder verchromte Schnallen. Eine Gr\u00f6\u00dfe verf\u00fcgbar (FULL). Verschiedene Farben. Erh\u00e4ltlich \u00fcber Zaldionline.com Ref. 21019171","robots":{"index":"noindex","follow":"follow","max-snippet":"max-snippet:-1","max-image-preview":"max-image-preview:large","max-video-preview":"max-video-preview:-1"},"og_locale":"es_ES","og_type":"article","og_title":"ZALDI EXTRA CABEZADA REITHALFTER MIT LEDERZ\u00dcGEL SANJORGE - Zaldionline.com","og_description":"Preis inkl. MwSt.: 146,49\u20ac Lederz\u00fcgel. Mit Nasenriemen. Breites Reithalfter. Schnallen aus Edelstahl. Paspel und Garn in verschiedenen Farben. Goldfarbene oder verchromte Schnallen. Eine Gr\u00f6\u00dfe verf\u00fcgbar (FULL). Verschiedene Farben. Erh\u00e4ltlich \u00fcber Zaldionline.com Ref. 21019171","og_url":"https:\/\/www.zaldionline.com\/es\/producto\/zaldi-extra-cabezada-reithalfter-sanjorge\/","og_site_name":"Zaldionline.com","article_modified_time":"2023-04-24T14:12:44+00:00","og_image":[{"width":519,"height":504,"url":"https:\/\/www.zaldionline.com\/es\/wp-content\/uploads\/sites\/2\/2020\/11\/Bild_2020-12-10_153159.png","type":"image\/png"}],"twitter_card":"summary_large_image","twitter_misc":{"Tiempo de lectura":"1 minuto"},"schema":{"@context":"https:\/\/schema.org","@graph":[{"@type":"WebPage","@id":"https:\/\/www.zaldionline.com\/es\/producto\/zaldi-extra-cabezada-reithalfter-sanjorge\/","url":"https:\/\/www.zaldionline.com\/es\/producto\/zaldi-extra-cabezada-reithalfter-sanjorge\/","name":"ZALDI EXTRA CABEZADA REITHALFTER MIT LEDERZ\u00dcGEL SANJORGE - Zaldionline.com","isPartOf":{"@id":"https:\/\/www.zaldionline.com\/es\/#website"},"primaryImageOfPage":{"@id":"https:\/\/www.zaldionline.com\/es\/producto\/zaldi-extra-cabezada-reithalfter-sanjorge\/#primaryimage"},"image":{"@id":"https:\/\/www.zaldionline.com\/es\/producto\/zaldi-extra-cabezada-reithalfter-sanjorge\/#primaryimage"},"thumbnailUrl":"https:\/\/www.zaldionline.com\/es\/wp-content\/uploads\/sites\/2\/2020\/11\/Bild_2020-12-10_153159.png","datePublished":"2020-11-05T20:29:50+00:00","dateModified":"2023-04-24T14:12:44+00:00","description":"Preis inkl. MwSt.: 146,49\u20ac Lederz\u00fcgel. Mit Nasenriemen. Breites Reithalfter. Schnallen aus Edelstahl. Paspel und Garn in verschiedenen Farben. Goldfarbene oder verchromte Schnallen. Eine Gr\u00f6\u00dfe verf\u00fcgbar (FULL). Verschiedene Farben. Erh\u00e4ltlich \u00fcber Zaldionline.com Ref. 21019171","breadcrumb":{"@id":"https:\/\/www.zaldionline.com\/es\/producto\/zaldi-extra-cabezada-reithalfter-sanjorge\/#breadcrumb"},"inLanguage":"es","potentialAction":[{"@type":"ReadAction","target":["https:\/\/www.zaldionline.com\/es\/producto\/zaldi-extra-cabezada-reithalfter-sanjorge\/"]}]},{"@type":"ImageObject","inLanguage":"es","@id":"https:\/\/www.zaldionline.com\/es\/producto\/zaldi-extra-cabezada-reithalfter-sanjorge\/#primaryimage","url":"https:\/\/www.zaldionline.com\/es\/wp-content\/uploads\/sites\/2\/2020\/11\/Bild_2020-12-10_153159.png","contentUrl":"https:\/\/www.zaldionline.com\/es\/wp-content\/uploads\/sites\/2\/2020\/11\/Bild_2020-12-10_153159.png","width":519,"height":504},{"@type":"BreadcrumbList","@id":"https:\/\/www.zaldionline.com\/es\/producto\/zaldi-extra-cabezada-reithalfter-sanjorge\/#breadcrumb","itemListElement":[{"@type":"ListItem","position":1,"name":"Portada","item":"https:\/\/www.zaldionline.com\/es\/"},{"@type":"ListItem","position":2,"name":"Sillas y accesorios","item":"https:\/\/www.zaldionline.com\/es\/sillas-y-accesorios\/"},{"@type":"ListItem","position":3,"name":"ZALDI EXTRA CABEZADA REITHALFTER MIT LEDERZ\u00dcGEL SANJORGE"}]},{"@type":"WebSite","@id":"https:\/\/www.zaldionline.com\/es\/#website","url":"https:\/\/www.zaldionline.com\/es\/","name":"Zaldionline.com","description":"Los mejores productos para usted y su caballo","potentialAction":[{"@type":"SearchAction","target":{"@type":"EntryPoint","urlTemplate":"https:\/\/www.zaldionline.com\/es\/?s={search_term_string}"},"query-input":{"@type":"PropertyValueSpecification","valueRequired":true,"valueName":"search_term_string"}}],"inLanguage":"es"}]}},"_links":{"self":[{"href":"https:\/\/www.zaldionline.com\/es\/wp-json\/wp\/v2\/product\/15698","targetHints":{"allow":["GET"]}}],"collection":[{"href":"https:\/\/www.zaldionline.com\/es\/wp-json\/wp\/v2\/product"}],"about":[{"href":"https:\/\/www.zaldionline.com\/es\/wp-json\/wp\/v2\/types\/product"}],"replies":[{"embeddable":true,"href":"https:\/\/www.zaldionline.com\/es\/wp-json\/wp\/v2\/comments?post=15698"}],"version-history":[{"count":6,"href":"https:\/\/www.zaldionline.com\/es\/wp-json\/wp\/v2\/product\/15698\/revisions"}],"predecessor-version":[{"id":23661,"href":"https:\/\/www.zaldionline.com\/es\/wp-json\/wp\/v2\/product\/15698\/revisions\/23661"}],"wp:featuredmedia":[{"embeddable":true,"href":"https:\/\/www.zaldionline.com\/es\/wp-json\/wp\/v2\/media\/17410"}],"wp:attachment":[{"href":"https:\/\/www.zaldionline.com\/es\/wp-json\/wp\/v2\/media?parent=15698"}],"wp:term":[{"taxonomy":"product_brand","embeddable":true,"href":"https:\/\/www.zaldionline.com\/es\/wp-json\/wp\/v2\/product_brand?post=15698"},{"taxonomy":"product_cat","embeddable":true,"href":"https:\/\/www.zaldionline.com\/es\/wp-json\/wp\/v2\/product_cat?post=15698"},{"taxonomy":"product_tag","embeddable":true,"href":"https:\/\/www.zaldionline.com\/es\/wp-json\/wp\/v2\/product_tag?post=15698"}],"curies":[{"name":"wp","href":"https:\/\/api.w.org\/{rel}","templated":true}]}}