{"id":15780,"date":"2020-11-07T10:01:35","date_gmt":"2020-11-07T10:01:35","guid":{"rendered":"https:\/\/zaldionline.com\/?post_type=product&#038;p=15780"},"modified":"2023-04-24T13:29:22","modified_gmt":"2023-04-24T13:29:22","slug":"vorderzeug-pechopetral","status":"publish","type":"product","link":"https:\/\/www.zaldionline.com\/es\/producto\/vorderzeug-pechopetral\/","title":{"rendered":"PECHOPETRAL VORDERZEUG PORTUGUESA ESCOLA"},"content":{"rendered":"<p>Preis inkl. MwSt.: 51,28\u20ac<\/p>\n<p>Portugiesischer Y-f\u00f6rmiger Brustgurt.<\/p>\n<p>Verchromte Schnalle und Zierleiste.<\/p>\n<p>Einheitsgr\u00f6\u00dfe<\/p>\n<p>Farbe: Schwarz<\/p>\n<p>Der Gurt kann mit dem portugiesischen Escola Bridle (Ref. 21019208) erg\u00e4nzt werden.<\/p>\n<p>Ref. 2107132<\/p>\n<p><strong>Wenn Du hier nicht gefunden hast wonach Du suchst,<\/strong><\/p>\n<p>schau bitte auf der&nbsp;<a href=\"http:\/\/tienda.zaldi.com\/en\/103-martingales-breastplates-accessories\">http:\/\/tienda.zaldi.com\/en\/103-martingales-breastplates-accessories<\/a> Seite. Dort sind noch weitere Artikel aufgef\u00fchrt.<\/p>\n<p>Suche die entsprechende Referenznummer und Beschreibung heraus und<\/p>\n<p>sende uns Deinen gesamten Auftrag per E-Mail zu.<\/p>\n","protected":false},"excerpt":{"rendered":"<p>Preis inkl. MwSt.: 51,28\u20ac Portugiesischer Y-f\u00f6rmiger Brustgurt. Verchromte Schnalle und Zierleiste. Einheitsgr\u00f6\u00dfe Farbe: Schwarz Der Gurt kann mit dem portugiesischen Escola Bridle (Ref. 21019208) erg\u00e4nzt werden. Ref. 2107132 Wenn Du hier nicht gefunden hast wonach Du suchst, schau bitte auf der&nbsp;http:\/\/tienda.zaldi.com\/en\/103-martingales-breastplates-accessories Seite. Dort sind noch weitere Artikel aufgef\u00fchrt. Suche die entsprechende Referenznummer und Beschreibung heraus [&hellip;]<\/p>\n","protected":false},"featured_media":17406,"comment_status":"open","ping_status":"closed","template":"","meta":{"site-sidebar-layout":"default","site-content-layout":"default","ast-site-content-layout":"default","site-content-style":"default","site-sidebar-style":"default","ast-global-header-display":"","ast-banner-title-visibility":"","ast-main-header-display":"","ast-hfb-above-header-display":"","ast-hfb-below-header-display":"","ast-hfb-mobile-header-display":"","site-post-title":"","ast-breadcrumbs-content":"","ast-featured-img":"","footer-sml-layout":"","ast-disable-related-posts":"","theme-transparent-header-meta":"default","adv-header-id-meta":"","stick-header-meta":"","header-above-stick-meta":"","header-main-stick-meta":"","header-below-stick-meta":"","astra-migrate-meta-layouts":"default","ast-page-background-enabled":"default","ast-page-background-meta":{"desktop":{"background-color":"var(--ast-global-color-4)","background-image":"","background-repeat":"repeat","background-position":"center center","background-size":"auto","background-attachment":"scroll","background-type":"","background-media":"","overlay-type":"","overlay-color":"","overlay-opacity":"","overlay-gradient":""},"tablet":{"background-color":"","background-image":"","background-repeat":"repeat","background-position":"center center","background-size":"auto","background-attachment":"scroll","background-type":"","background-media":"","overlay-type":"","overlay-color":"","overlay-opacity":"","overlay-gradient":""},"mobile":{"background-color":"","background-image":"","background-repeat":"repeat","background-position":"center center","background-size":"auto","background-attachment":"scroll","background-type":"","background-media":"","overlay-type":"","overlay-color":"","overlay-opacity":"","overlay-gradient":""}},"ast-content-background-meta":{"desktop":{"background-color":"var(--ast-global-color-5)","background-image":"","background-repeat":"repeat","background-position":"center center","background-size":"auto","background-attachment":"scroll","background-type":"","background-media":"","overlay-type":"","overlay-color":"","overlay-opacity":"","overlay-gradient":""},"tablet":{"background-color":"var(--ast-global-color-5)","background-image":"","background-repeat":"repeat","background-position":"center center","background-size":"auto","background-attachment":"scroll","background-type":"","background-media":"","overlay-type":"","overlay-color":"","overlay-opacity":"","overlay-gradient":""},"mobile":{"background-color":"var(--ast-global-color-5)","background-image":"","background-repeat":"repeat","background-position":"center center","background-size":"auto","background-attachment":"scroll","background-type":"","background-media":"","overlay-type":"","overlay-color":"","overlay-opacity":"","overlay-gradient":""}},"ngg_post_thumbnail":0},"product_brand":[],"product_cat":[18,57],"product_tag":[522,937,521,337,338,339],"class_list":{"0":"post-15780","1":"product","2":"type-product","3":"status-publish","4":"has-post-thumbnail","6":"product_cat-accesorios","7":"product_cat-martingalas-gamarras-pechopetrales-accesorios","8":"product_tag-martingale","9":"product_tag-portugiesicher-y-foermiger-brustgurt","10":"product_tag-vorderzeug","11":"product_tag-zaldi","12":"product_tag-zaldi-deutschland","13":"product_tag-zaldi-online-com","14":"desktop-align-left","15":"tablet-align-left","16":"mobile-align-left","18":"first","19":"instock","20":"taxable","21":"shipping-taxable","22":"purchasable","23":"product-type-variable"},"yoast_head":"<!-- This site is optimized with the Yoast SEO plugin v27.4 - https:\/\/yoast.com\/product\/yoast-seo-wordpress\/ -->\n<title>PECHOPETRAL VORDERZEUG PORTUGUESA ESCOLA - Zaldionline.com<\/title>\n<meta name=\"description\" content=\"Preis inkl. MwSt.: 51,28\u20ac Portugiesischer Y-f\u00f6rmiger Brustgurt. Verchromte Schnalle und Zierleiste. Einheitsgr\u00f6\u00dfe. Farbe: Schwarz. Der Gurt kann mit dem portugiesischen Escola Bridle (Ref. 21019208) erg\u00e4nzt werden. Erh\u00e4ltlich \u00fcber Zaldionline.com Ref. 2107132\" \/>\n<meta name=\"robots\" content=\"noindex, follow, max-snippet:-1, max-image-preview:large, max-video-preview:-1\" \/>\n<meta property=\"og:locale\" content=\"es_ES\" \/>\n<meta property=\"og:type\" content=\"article\" \/>\n<meta property=\"og:title\" content=\"PECHOPETRAL VORDERZEUG PORTUGUESA ESCOLA - Zaldionline.com\" \/>\n<meta property=\"og:description\" content=\"Preis inkl. MwSt.: 51,28\u20ac Portugiesischer Y-f\u00f6rmiger Brustgurt. Verchromte Schnalle und Zierleiste. Einheitsgr\u00f6\u00dfe. Farbe: Schwarz. Der Gurt kann mit dem portugiesischen Escola Bridle (Ref. 21019208) erg\u00e4nzt werden. Erh\u00e4ltlich \u00fcber Zaldionline.com Ref. 2107132\" \/>\n<meta property=\"og:url\" content=\"https:\/\/www.zaldionline.com\/es\/producto\/vorderzeug-pechopetral\/\" \/>\n<meta property=\"og:site_name\" content=\"Zaldionline.com\" \/>\n<meta property=\"article:modified_time\" content=\"2023-04-24T13:29:22+00:00\" \/>\n<meta property=\"og:image\" content=\"https:\/\/www.zaldionline.com\/es\/wp-content\/uploads\/sites\/2\/2020\/11\/Bild_2020-12-10_152741.png\" \/>\n\t<meta property=\"og:image:width\" content=\"512\" \/>\n\t<meta property=\"og:image:height\" content=\"506\" \/>\n\t<meta property=\"og:image:type\" content=\"image\/png\" \/>\n<meta name=\"twitter:card\" content=\"summary_large_image\" \/>\n<meta name=\"twitter:label1\" content=\"Tiempo de lectura\" \/>\n\t<meta name=\"twitter:data1\" content=\"1 minuto\" \/>\n<script type=\"application\/ld+json\" class=\"yoast-schema-graph\">{\"@context\":\"https:\\\/\\\/schema.org\",\"@graph\":[{\"@type\":\"WebPage\",\"@id\":\"https:\\\/\\\/www.zaldionline.com\\\/es\\\/producto\\\/vorderzeug-pechopetral\\\/\",\"url\":\"https:\\\/\\\/www.zaldionline.com\\\/es\\\/producto\\\/vorderzeug-pechopetral\\\/\",\"name\":\"PECHOPETRAL VORDERZEUG PORTUGUESA ESCOLA - Zaldionline.com\",\"isPartOf\":{\"@id\":\"https:\\\/\\\/www.zaldionline.com\\\/es\\\/#website\"},\"primaryImageOfPage\":{\"@id\":\"https:\\\/\\\/www.zaldionline.com\\\/es\\\/producto\\\/vorderzeug-pechopetral\\\/#primaryimage\"},\"image\":{\"@id\":\"https:\\\/\\\/www.zaldionline.com\\\/es\\\/producto\\\/vorderzeug-pechopetral\\\/#primaryimage\"},\"thumbnailUrl\":\"https:\\\/\\\/www.zaldionline.com\\\/es\\\/wp-content\\\/uploads\\\/sites\\\/2\\\/2020\\\/11\\\/Bild_2020-12-10_152741.png\",\"datePublished\":\"2020-11-07T10:01:35+00:00\",\"dateModified\":\"2023-04-24T13:29:22+00:00\",\"description\":\"Preis inkl. MwSt.: 51,28\u20ac Portugiesischer Y-f\u00f6rmiger Brustgurt. Verchromte Schnalle und Zierleiste. Einheitsgr\u00f6\u00dfe. Farbe: Schwarz. Der Gurt kann mit dem portugiesischen Escola Bridle (Ref. 21019208) erg\u00e4nzt werden. Erh\u00e4ltlich \u00fcber Zaldionline.com Ref. 2107132\",\"breadcrumb\":{\"@id\":\"https:\\\/\\\/www.zaldionline.com\\\/es\\\/producto\\\/vorderzeug-pechopetral\\\/#breadcrumb\"},\"inLanguage\":\"es\",\"potentialAction\":[{\"@type\":\"ReadAction\",\"target\":[\"https:\\\/\\\/www.zaldionline.com\\\/es\\\/producto\\\/vorderzeug-pechopetral\\\/\"]}]},{\"@type\":\"ImageObject\",\"inLanguage\":\"es\",\"@id\":\"https:\\\/\\\/www.zaldionline.com\\\/es\\\/producto\\\/vorderzeug-pechopetral\\\/#primaryimage\",\"url\":\"https:\\\/\\\/www.zaldionline.com\\\/es\\\/wp-content\\\/uploads\\\/sites\\\/2\\\/2020\\\/11\\\/Bild_2020-12-10_152741.png\",\"contentUrl\":\"https:\\\/\\\/www.zaldionline.com\\\/es\\\/wp-content\\\/uploads\\\/sites\\\/2\\\/2020\\\/11\\\/Bild_2020-12-10_152741.png\",\"width\":512,\"height\":506},{\"@type\":\"BreadcrumbList\",\"@id\":\"https:\\\/\\\/www.zaldionline.com\\\/es\\\/producto\\\/vorderzeug-pechopetral\\\/#breadcrumb\",\"itemListElement\":[{\"@type\":\"ListItem\",\"position\":1,\"name\":\"Portada\",\"item\":\"https:\\\/\\\/www.zaldionline.com\\\/es\\\/\"},{\"@type\":\"ListItem\",\"position\":2,\"name\":\"Sillas y accesorios\",\"item\":\"https:\\\/\\\/www.zaldionline.com\\\/es\\\/sillas-y-accesorios\\\/\"},{\"@type\":\"ListItem\",\"position\":3,\"name\":\"PECHOPETRAL VORDERZEUG PORTUGUESA ESCOLA\"}]},{\"@type\":\"WebSite\",\"@id\":\"https:\\\/\\\/www.zaldionline.com\\\/es\\\/#website\",\"url\":\"https:\\\/\\\/www.zaldionline.com\\\/es\\\/\",\"name\":\"Zaldionline.com\",\"description\":\"Los mejores productos para usted y su caballo\",\"potentialAction\":[{\"@type\":\"SearchAction\",\"target\":{\"@type\":\"EntryPoint\",\"urlTemplate\":\"https:\\\/\\\/www.zaldionline.com\\\/es\\\/?s={search_term_string}\"},\"query-input\":{\"@type\":\"PropertyValueSpecification\",\"valueRequired\":true,\"valueName\":\"search_term_string\"}}],\"inLanguage\":\"es\"}]}<\/script>\n<!-- \/ Yoast SEO plugin. -->","yoast_head_json":{"title":"PECHOPETRAL VORDERZEUG PORTUGUESA ESCOLA - Zaldionline.com","description":"Preis inkl. MwSt.: 51,28\u20ac Portugiesischer Y-f\u00f6rmiger Brustgurt. Verchromte Schnalle und Zierleiste. Einheitsgr\u00f6\u00dfe. Farbe: Schwarz. Der Gurt kann mit dem portugiesischen Escola Bridle (Ref. 21019208) erg\u00e4nzt werden. Erh\u00e4ltlich \u00fcber Zaldionline.com Ref. 2107132","robots":{"index":"noindex","follow":"follow","max-snippet":"max-snippet:-1","max-image-preview":"max-image-preview:large","max-video-preview":"max-video-preview:-1"},"og_locale":"es_ES","og_type":"article","og_title":"PECHOPETRAL VORDERZEUG PORTUGUESA ESCOLA - Zaldionline.com","og_description":"Preis inkl. MwSt.: 51,28\u20ac Portugiesischer Y-f\u00f6rmiger Brustgurt. Verchromte Schnalle und Zierleiste. Einheitsgr\u00f6\u00dfe. Farbe: Schwarz. Der Gurt kann mit dem portugiesischen Escola Bridle (Ref. 21019208) erg\u00e4nzt werden. Erh\u00e4ltlich \u00fcber Zaldionline.com Ref. 2107132","og_url":"https:\/\/www.zaldionline.com\/es\/producto\/vorderzeug-pechopetral\/","og_site_name":"Zaldionline.com","article_modified_time":"2023-04-24T13:29:22+00:00","og_image":[{"width":512,"height":506,"url":"https:\/\/www.zaldionline.com\/es\/wp-content\/uploads\/sites\/2\/2020\/11\/Bild_2020-12-10_152741.png","type":"image\/png"}],"twitter_card":"summary_large_image","twitter_misc":{"Tiempo de lectura":"1 minuto"},"schema":{"@context":"https:\/\/schema.org","@graph":[{"@type":"WebPage","@id":"https:\/\/www.zaldionline.com\/es\/producto\/vorderzeug-pechopetral\/","url":"https:\/\/www.zaldionline.com\/es\/producto\/vorderzeug-pechopetral\/","name":"PECHOPETRAL VORDERZEUG PORTUGUESA ESCOLA - Zaldionline.com","isPartOf":{"@id":"https:\/\/www.zaldionline.com\/es\/#website"},"primaryImageOfPage":{"@id":"https:\/\/www.zaldionline.com\/es\/producto\/vorderzeug-pechopetral\/#primaryimage"},"image":{"@id":"https:\/\/www.zaldionline.com\/es\/producto\/vorderzeug-pechopetral\/#primaryimage"},"thumbnailUrl":"https:\/\/www.zaldionline.com\/es\/wp-content\/uploads\/sites\/2\/2020\/11\/Bild_2020-12-10_152741.png","datePublished":"2020-11-07T10:01:35+00:00","dateModified":"2023-04-24T13:29:22+00:00","description":"Preis inkl. MwSt.: 51,28\u20ac Portugiesischer Y-f\u00f6rmiger Brustgurt. Verchromte Schnalle und Zierleiste. Einheitsgr\u00f6\u00dfe. Farbe: Schwarz. Der Gurt kann mit dem portugiesischen Escola Bridle (Ref. 21019208) erg\u00e4nzt werden. Erh\u00e4ltlich \u00fcber Zaldionline.com Ref. 2107132","breadcrumb":{"@id":"https:\/\/www.zaldionline.com\/es\/producto\/vorderzeug-pechopetral\/#breadcrumb"},"inLanguage":"es","potentialAction":[{"@type":"ReadAction","target":["https:\/\/www.zaldionline.com\/es\/producto\/vorderzeug-pechopetral\/"]}]},{"@type":"ImageObject","inLanguage":"es","@id":"https:\/\/www.zaldionline.com\/es\/producto\/vorderzeug-pechopetral\/#primaryimage","url":"https:\/\/www.zaldionline.com\/es\/wp-content\/uploads\/sites\/2\/2020\/11\/Bild_2020-12-10_152741.png","contentUrl":"https:\/\/www.zaldionline.com\/es\/wp-content\/uploads\/sites\/2\/2020\/11\/Bild_2020-12-10_152741.png","width":512,"height":506},{"@type":"BreadcrumbList","@id":"https:\/\/www.zaldionline.com\/es\/producto\/vorderzeug-pechopetral\/#breadcrumb","itemListElement":[{"@type":"ListItem","position":1,"name":"Portada","item":"https:\/\/www.zaldionline.com\/es\/"},{"@type":"ListItem","position":2,"name":"Sillas y accesorios","item":"https:\/\/www.zaldionline.com\/es\/sillas-y-accesorios\/"},{"@type":"ListItem","position":3,"name":"PECHOPETRAL VORDERZEUG PORTUGUESA ESCOLA"}]},{"@type":"WebSite","@id":"https:\/\/www.zaldionline.com\/es\/#website","url":"https:\/\/www.zaldionline.com\/es\/","name":"Zaldionline.com","description":"Los mejores productos para usted y su caballo","potentialAction":[{"@type":"SearchAction","target":{"@type":"EntryPoint","urlTemplate":"https:\/\/www.zaldionline.com\/es\/?s={search_term_string}"},"query-input":{"@type":"PropertyValueSpecification","valueRequired":true,"valueName":"search_term_string"}}],"inLanguage":"es"}]}},"_links":{"self":[{"href":"https:\/\/www.zaldionline.com\/es\/wp-json\/wp\/v2\/product\/15780","targetHints":{"allow":["GET"]}}],"collection":[{"href":"https:\/\/www.zaldionline.com\/es\/wp-json\/wp\/v2\/product"}],"about":[{"href":"https:\/\/www.zaldionline.com\/es\/wp-json\/wp\/v2\/types\/product"}],"replies":[{"embeddable":true,"href":"https:\/\/www.zaldionline.com\/es\/wp-json\/wp\/v2\/comments?post=15780"}],"version-history":[{"count":2,"href":"https:\/\/www.zaldionline.com\/es\/wp-json\/wp\/v2\/product\/15780\/revisions"}],"predecessor-version":[{"id":23635,"href":"https:\/\/www.zaldionline.com\/es\/wp-json\/wp\/v2\/product\/15780\/revisions\/23635"}],"wp:featuredmedia":[{"embeddable":true,"href":"https:\/\/www.zaldionline.com\/es\/wp-json\/wp\/v2\/media\/17406"}],"wp:attachment":[{"href":"https:\/\/www.zaldionline.com\/es\/wp-json\/wp\/v2\/media?parent=15780"}],"wp:term":[{"taxonomy":"product_brand","embeddable":true,"href":"https:\/\/www.zaldionline.com\/es\/wp-json\/wp\/v2\/product_brand?post=15780"},{"taxonomy":"product_cat","embeddable":true,"href":"https:\/\/www.zaldionline.com\/es\/wp-json\/wp\/v2\/product_cat?post=15780"},{"taxonomy":"product_tag","embeddable":true,"href":"https:\/\/www.zaldionline.com\/es\/wp-json\/wp\/v2\/product_tag?post=15780"}],"curies":[{"name":"wp","href":"https:\/\/api.w.org\/{rel}","templated":true}]}}