{"id":15854,"date":"2020-11-07T11:15:15","date_gmt":"2020-11-07T11:15:15","guid":{"rendered":"https:\/\/zaldionline.com\/?post_type=product&#038;p=15854"},"modified":"2023-04-24T12:52:32","modified_gmt":"2023-04-24T12:52:32","slug":"zaldi-extra-pechopetral-vaquero-borreguillo-lammfell","status":"publish","type":"product","link":"https:\/\/www.zaldionline.com\/es\/producto\/zaldi-extra-pechopetral-vaquero-borreguillo-lammfell\/","title":{"rendered":"DELUXE PECHOPETRAL VAQUERO BORREGUILLO LAMMFELL ZALDI EXTRA"},"content":{"rendered":"\t\t<div data-elementor-type=\"wp-post\" data-elementor-id=\"15854\" class=\"elementor elementor-15854\">\n\t\t\t\t\t\t<section class=\"elementor-section elementor-top-section elementor-element elementor-element-4dc9741f elementor-section-boxed elementor-section-height-default elementor-section-height-default\" data-id=\"4dc9741f\" data-element_type=\"section\" data-e-type=\"section\">\n\t\t\t\t\t\t<div class=\"elementor-container elementor-column-gap-default\">\n\t\t\t\t\t<div class=\"elementor-column elementor-col-100 elementor-top-column elementor-element elementor-element-775a7df9\" data-id=\"775a7df9\" data-element_type=\"column\" data-e-type=\"column\">\n\t\t\t<div class=\"elementor-widget-wrap elementor-element-populated\">\n\t\t\t\t\t\t<div class=\"elementor-element elementor-element-55971f49 elementor-widget elementor-widget-text-editor\" data-id=\"55971f49\" data-element_type=\"widget\" data-e-type=\"widget\" data-widget_type=\"text-editor.default\">\n\t\t\t\t<div class=\"elementor-widget-container\">\n\t\t\t\t\t\t\t\t\t<p>Preis inkl. MwSt.: 105,86\u20ac<\/p><p>Cowboy VORDERZEUG mit Lammfell<\/p><p>Nat\u00fcrliches Lammfell<\/p><p>Mit Riemen, der \u00fcber den Hals des Pferdes f\u00fchrt<\/p><p>Einheitsgr\u00f6\u00dfe<\/p><p>Farben: Schwarz, Haselnuss<\/p><p>Hergestellt von <em>ZALDI<\/em><\/p><p>Lieferzeit variabel<\/p><p>Ref. 0107101<\/p><p><strong>Wenn Du hier nicht gefunden hast wonach Du suchst,<\/strong><\/p><p>schau bitte auf der\u00a0<a href=\"http:\/\/tienda.zaldi.com\/en\/103-martingales-breastplates-accessories\">http:\/\/tienda.zaldi.com\/en\/103-martingales-breastplates-accessories<\/a> Seite. Dort sind noch weitere Artikel aufgef\u00fchrt.<\/p><p>Suche die entsprechende Referenznummer und Beschreibung heraus und<\/p><p>sende uns Deinen gesamten Auftrag per E-Mail zu.<\/p>\t\t\t\t\t\t\t\t<\/div>\n\t\t\t\t<\/div>\n\t\t\t\t\t<\/div>\n\t\t<\/div>\n\t\t\t\t\t<\/div>\n\t\t<\/section>\n\t\t\t\t<\/div>\n\t\t","protected":false},"excerpt":{"rendered":"<p>Preis inkl. MwSt.: 105,86\u20ac Cowboy VORDERZEUG mit Lammfell Nat\u00fcrliches Lammfell Mit Riemen, der \u00fcber den Hals des Pferdes f\u00fchrt Einheitsgr\u00f6\u00dfe Farben: Schwarz, Haselnuss Hergestellt von ZALDI Lieferzeit variabel Ref. 0107101 Wenn Du hier nicht gefunden hast wonach Du suchst, schau bitte auf der&nbsp;http:\/\/tienda.zaldi.com\/en\/103-martingales-breastplates-accessories Seite. Dort sind noch weitere Artikel aufgef\u00fchrt. Suche die entsprechende Referenznummer und [&hellip;]<\/p>\n","protected":false},"featured_media":17403,"comment_status":"open","ping_status":"closed","template":"","meta":{"site-sidebar-layout":"default","site-content-layout":"default","ast-site-content-layout":"default","site-content-style":"default","site-sidebar-style":"default","ast-global-header-display":"","ast-banner-title-visibility":"","ast-main-header-display":"","ast-hfb-above-header-display":"","ast-hfb-below-header-display":"","ast-hfb-mobile-header-display":"","site-post-title":"","ast-breadcrumbs-content":"","ast-featured-img":"","footer-sml-layout":"","ast-disable-related-posts":"","theme-transparent-header-meta":"default","adv-header-id-meta":"","stick-header-meta":"","header-above-stick-meta":"","header-main-stick-meta":"","header-below-stick-meta":"","astra-migrate-meta-layouts":"default","ast-page-background-enabled":"default","ast-page-background-meta":{"desktop":{"background-color":"var(--ast-global-color-4)","background-image":"","background-repeat":"repeat","background-position":"center center","background-size":"auto","background-attachment":"scroll","background-type":"","background-media":"","overlay-type":"","overlay-color":"","overlay-opacity":"","overlay-gradient":""},"tablet":{"background-color":"","background-image":"","background-repeat":"repeat","background-position":"center center","background-size":"auto","background-attachment":"scroll","background-type":"","background-media":"","overlay-type":"","overlay-color":"","overlay-opacity":"","overlay-gradient":""},"mobile":{"background-color":"","background-image":"","background-repeat":"repeat","background-position":"center center","background-size":"auto","background-attachment":"scroll","background-type":"","background-media":"","overlay-type":"","overlay-color":"","overlay-opacity":"","overlay-gradient":""}},"ast-content-background-meta":{"desktop":{"background-color":"var(--ast-global-color-5)","background-image":"","background-repeat":"repeat","background-position":"center center","background-size":"auto","background-attachment":"scroll","background-type":"","background-media":"","overlay-type":"","overlay-color":"","overlay-opacity":"","overlay-gradient":""},"tablet":{"background-color":"var(--ast-global-color-5)","background-image":"","background-repeat":"repeat","background-position":"center center","background-size":"auto","background-attachment":"scroll","background-type":"","background-media":"","overlay-type":"","overlay-color":"","overlay-opacity":"","overlay-gradient":""},"mobile":{"background-color":"var(--ast-global-color-5)","background-image":"","background-repeat":"repeat","background-position":"center center","background-size":"auto","background-attachment":"scroll","background-type":"","background-media":"","overlay-type":"","overlay-color":"","overlay-opacity":"","overlay-gradient":""}},"ngg_post_thumbnail":0},"product_brand":[],"product_cat":[18,57],"product_tag":[522,521,934,933,337,338,339],"class_list":{"0":"post-15854","1":"product","2":"type-product","3":"status-publish","4":"has-post-thumbnail","6":"product_cat-accesorios","7":"product_cat-martingalas-gamarras-pechopetrales-accesorios","8":"product_tag-martingale","9":"product_tag-vorderzeug","10":"product_tag-vorderzeug-in-einheitsgroesse","11":"product_tag-vorderzeug-mit-lammfell","12":"product_tag-zaldi","13":"product_tag-zaldi-deutschland","14":"product_tag-zaldi-online-com","15":"desktop-align-left","16":"tablet-align-left","17":"mobile-align-left","19":"first","20":"instock","21":"taxable","22":"shipping-taxable","23":"purchasable","24":"product-type-variable"},"yoast_head":"<!-- This site is optimized with the Yoast SEO plugin v27.4 - https:\/\/yoast.com\/product\/yoast-seo-wordpress\/ -->\n<title>DELUXE PECHOPETRAL VAQUERO BORREGUILLO LAMMFELL ZALDI EXTRA - Zaldionline.com<\/title>\n<meta name=\"description\" content=\"Preis inkl. MwSt.: 105,86\u20ac Cowboy VORDERZEUG mit Lammfell. Nat\u00fcrliches Lammfell. Mit Riemen, der \u00fcber den Hals des Pferdes f\u00fchrt. Einheitsgr\u00f6\u00dfe. Farben: Schwarz, Haselnuss. Lieferzeit variabel. Erh\u00e4ltlich \u00fcber Zaldionline.com Ref. 0107101\" \/>\n<meta name=\"robots\" content=\"noindex, follow, max-snippet:-1, max-image-preview:large, max-video-preview:-1\" \/>\n<meta property=\"og:locale\" content=\"es_ES\" \/>\n<meta property=\"og:type\" content=\"article\" \/>\n<meta property=\"og:title\" content=\"DELUXE PECHOPETRAL VAQUERO BORREGUILLO LAMMFELL ZALDI EXTRA - Zaldionline.com\" \/>\n<meta property=\"og:description\" content=\"Preis inkl. MwSt.: 105,86\u20ac Cowboy VORDERZEUG mit Lammfell. Nat\u00fcrliches Lammfell. Mit Riemen, der \u00fcber den Hals des Pferdes f\u00fchrt. Einheitsgr\u00f6\u00dfe. Farben: Schwarz, Haselnuss. Lieferzeit variabel. Erh\u00e4ltlich \u00fcber Zaldionline.com Ref. 0107101\" \/>\n<meta property=\"og:url\" content=\"https:\/\/www.zaldionline.com\/es\/producto\/zaldi-extra-pechopetral-vaquero-borreguillo-lammfell\/\" \/>\n<meta property=\"og:site_name\" content=\"Zaldionline.com\" \/>\n<meta property=\"article:modified_time\" content=\"2023-04-24T12:52:32+00:00\" \/>\n<meta property=\"og:image\" content=\"https:\/\/www.zaldionline.com\/es\/wp-content\/uploads\/sites\/2\/2020\/11\/Bild_2020-12-10_152314.png\" \/>\n\t<meta property=\"og:image:width\" content=\"513\" \/>\n\t<meta property=\"og:image:height\" content=\"505\" \/>\n\t<meta property=\"og:image:type\" content=\"image\/png\" \/>\n<meta name=\"twitter:card\" content=\"summary_large_image\" \/>\n<meta name=\"twitter:label1\" content=\"Tiempo de lectura\" \/>\n\t<meta name=\"twitter:data1\" content=\"1 minuto\" \/>\n<script type=\"application\/ld+json\" class=\"yoast-schema-graph\">{\"@context\":\"https:\\\/\\\/schema.org\",\"@graph\":[{\"@type\":\"WebPage\",\"@id\":\"https:\\\/\\\/www.zaldionline.com\\\/es\\\/producto\\\/zaldi-extra-pechopetral-vaquero-borreguillo-lammfell\\\/\",\"url\":\"https:\\\/\\\/www.zaldionline.com\\\/es\\\/producto\\\/zaldi-extra-pechopetral-vaquero-borreguillo-lammfell\\\/\",\"name\":\"DELUXE PECHOPETRAL VAQUERO BORREGUILLO LAMMFELL ZALDI EXTRA - Zaldionline.com\",\"isPartOf\":{\"@id\":\"https:\\\/\\\/www.zaldionline.com\\\/es\\\/#website\"},\"primaryImageOfPage\":{\"@id\":\"https:\\\/\\\/www.zaldionline.com\\\/es\\\/producto\\\/zaldi-extra-pechopetral-vaquero-borreguillo-lammfell\\\/#primaryimage\"},\"image\":{\"@id\":\"https:\\\/\\\/www.zaldionline.com\\\/es\\\/producto\\\/zaldi-extra-pechopetral-vaquero-borreguillo-lammfell\\\/#primaryimage\"},\"thumbnailUrl\":\"https:\\\/\\\/www.zaldionline.com\\\/es\\\/wp-content\\\/uploads\\\/sites\\\/2\\\/2020\\\/11\\\/Bild_2020-12-10_152314.png\",\"datePublished\":\"2020-11-07T11:15:15+00:00\",\"dateModified\":\"2023-04-24T12:52:32+00:00\",\"description\":\"Preis inkl. MwSt.: 105,86\u20ac Cowboy VORDERZEUG mit Lammfell. Nat\u00fcrliches Lammfell. Mit Riemen, der \u00fcber den Hals des Pferdes f\u00fchrt. Einheitsgr\u00f6\u00dfe. Farben: Schwarz, Haselnuss. Lieferzeit variabel. Erh\u00e4ltlich \u00fcber Zaldionline.com Ref. 0107101\",\"breadcrumb\":{\"@id\":\"https:\\\/\\\/www.zaldionline.com\\\/es\\\/producto\\\/zaldi-extra-pechopetral-vaquero-borreguillo-lammfell\\\/#breadcrumb\"},\"inLanguage\":\"es\",\"potentialAction\":[{\"@type\":\"ReadAction\",\"target\":[\"https:\\\/\\\/www.zaldionline.com\\\/es\\\/producto\\\/zaldi-extra-pechopetral-vaquero-borreguillo-lammfell\\\/\"]}]},{\"@type\":\"ImageObject\",\"inLanguage\":\"es\",\"@id\":\"https:\\\/\\\/www.zaldionline.com\\\/es\\\/producto\\\/zaldi-extra-pechopetral-vaquero-borreguillo-lammfell\\\/#primaryimage\",\"url\":\"https:\\\/\\\/www.zaldionline.com\\\/es\\\/wp-content\\\/uploads\\\/sites\\\/2\\\/2020\\\/11\\\/Bild_2020-12-10_152314.png\",\"contentUrl\":\"https:\\\/\\\/www.zaldionline.com\\\/es\\\/wp-content\\\/uploads\\\/sites\\\/2\\\/2020\\\/11\\\/Bild_2020-12-10_152314.png\",\"width\":513,\"height\":505},{\"@type\":\"BreadcrumbList\",\"@id\":\"https:\\\/\\\/www.zaldionline.com\\\/es\\\/producto\\\/zaldi-extra-pechopetral-vaquero-borreguillo-lammfell\\\/#breadcrumb\",\"itemListElement\":[{\"@type\":\"ListItem\",\"position\":1,\"name\":\"Portada\",\"item\":\"https:\\\/\\\/www.zaldionline.com\\\/es\\\/\"},{\"@type\":\"ListItem\",\"position\":2,\"name\":\"Sillas y accesorios\",\"item\":\"https:\\\/\\\/www.zaldionline.com\\\/es\\\/sillas-y-accesorios\\\/\"},{\"@type\":\"ListItem\",\"position\":3,\"name\":\"DELUXE PECHOPETRAL VAQUERO BORREGUILLO LAMMFELL ZALDI EXTRA\"}]},{\"@type\":\"WebSite\",\"@id\":\"https:\\\/\\\/www.zaldionline.com\\\/es\\\/#website\",\"url\":\"https:\\\/\\\/www.zaldionline.com\\\/es\\\/\",\"name\":\"Zaldionline.com\",\"description\":\"Los mejores productos para usted y su caballo\",\"potentialAction\":[{\"@type\":\"SearchAction\",\"target\":{\"@type\":\"EntryPoint\",\"urlTemplate\":\"https:\\\/\\\/www.zaldionline.com\\\/es\\\/?s={search_term_string}\"},\"query-input\":{\"@type\":\"PropertyValueSpecification\",\"valueRequired\":true,\"valueName\":\"search_term_string\"}}],\"inLanguage\":\"es\"}]}<\/script>\n<!-- \/ Yoast SEO plugin. -->","yoast_head_json":{"title":"DELUXE PECHOPETRAL VAQUERO BORREGUILLO LAMMFELL ZALDI EXTRA - Zaldionline.com","description":"Preis inkl. MwSt.: 105,86\u20ac Cowboy VORDERZEUG mit Lammfell. Nat\u00fcrliches Lammfell. Mit Riemen, der \u00fcber den Hals des Pferdes f\u00fchrt. Einheitsgr\u00f6\u00dfe. Farben: Schwarz, Haselnuss. Lieferzeit variabel. Erh\u00e4ltlich \u00fcber Zaldionline.com Ref. 0107101","robots":{"index":"noindex","follow":"follow","max-snippet":"max-snippet:-1","max-image-preview":"max-image-preview:large","max-video-preview":"max-video-preview:-1"},"og_locale":"es_ES","og_type":"article","og_title":"DELUXE PECHOPETRAL VAQUERO BORREGUILLO LAMMFELL ZALDI EXTRA - Zaldionline.com","og_description":"Preis inkl. MwSt.: 105,86\u20ac Cowboy VORDERZEUG mit Lammfell. Nat\u00fcrliches Lammfell. Mit Riemen, der \u00fcber den Hals des Pferdes f\u00fchrt. Einheitsgr\u00f6\u00dfe. Farben: Schwarz, Haselnuss. Lieferzeit variabel. Erh\u00e4ltlich \u00fcber Zaldionline.com Ref. 0107101","og_url":"https:\/\/www.zaldionline.com\/es\/producto\/zaldi-extra-pechopetral-vaquero-borreguillo-lammfell\/","og_site_name":"Zaldionline.com","article_modified_time":"2023-04-24T12:52:32+00:00","og_image":[{"width":513,"height":505,"url":"https:\/\/www.zaldionline.com\/es\/wp-content\/uploads\/sites\/2\/2020\/11\/Bild_2020-12-10_152314.png","type":"image\/png"}],"twitter_card":"summary_large_image","twitter_misc":{"Tiempo de lectura":"1 minuto"},"schema":{"@context":"https:\/\/schema.org","@graph":[{"@type":"WebPage","@id":"https:\/\/www.zaldionline.com\/es\/producto\/zaldi-extra-pechopetral-vaquero-borreguillo-lammfell\/","url":"https:\/\/www.zaldionline.com\/es\/producto\/zaldi-extra-pechopetral-vaquero-borreguillo-lammfell\/","name":"DELUXE PECHOPETRAL VAQUERO BORREGUILLO LAMMFELL ZALDI EXTRA - Zaldionline.com","isPartOf":{"@id":"https:\/\/www.zaldionline.com\/es\/#website"},"primaryImageOfPage":{"@id":"https:\/\/www.zaldionline.com\/es\/producto\/zaldi-extra-pechopetral-vaquero-borreguillo-lammfell\/#primaryimage"},"image":{"@id":"https:\/\/www.zaldionline.com\/es\/producto\/zaldi-extra-pechopetral-vaquero-borreguillo-lammfell\/#primaryimage"},"thumbnailUrl":"https:\/\/www.zaldionline.com\/es\/wp-content\/uploads\/sites\/2\/2020\/11\/Bild_2020-12-10_152314.png","datePublished":"2020-11-07T11:15:15+00:00","dateModified":"2023-04-24T12:52:32+00:00","description":"Preis inkl. MwSt.: 105,86\u20ac Cowboy VORDERZEUG mit Lammfell. Nat\u00fcrliches Lammfell. Mit Riemen, der \u00fcber den Hals des Pferdes f\u00fchrt. Einheitsgr\u00f6\u00dfe. Farben: Schwarz, Haselnuss. Lieferzeit variabel. Erh\u00e4ltlich \u00fcber Zaldionline.com Ref. 0107101","breadcrumb":{"@id":"https:\/\/www.zaldionline.com\/es\/producto\/zaldi-extra-pechopetral-vaquero-borreguillo-lammfell\/#breadcrumb"},"inLanguage":"es","potentialAction":[{"@type":"ReadAction","target":["https:\/\/www.zaldionline.com\/es\/producto\/zaldi-extra-pechopetral-vaquero-borreguillo-lammfell\/"]}]},{"@type":"ImageObject","inLanguage":"es","@id":"https:\/\/www.zaldionline.com\/es\/producto\/zaldi-extra-pechopetral-vaquero-borreguillo-lammfell\/#primaryimage","url":"https:\/\/www.zaldionline.com\/es\/wp-content\/uploads\/sites\/2\/2020\/11\/Bild_2020-12-10_152314.png","contentUrl":"https:\/\/www.zaldionline.com\/es\/wp-content\/uploads\/sites\/2\/2020\/11\/Bild_2020-12-10_152314.png","width":513,"height":505},{"@type":"BreadcrumbList","@id":"https:\/\/www.zaldionline.com\/es\/producto\/zaldi-extra-pechopetral-vaquero-borreguillo-lammfell\/#breadcrumb","itemListElement":[{"@type":"ListItem","position":1,"name":"Portada","item":"https:\/\/www.zaldionline.com\/es\/"},{"@type":"ListItem","position":2,"name":"Sillas y accesorios","item":"https:\/\/www.zaldionline.com\/es\/sillas-y-accesorios\/"},{"@type":"ListItem","position":3,"name":"DELUXE PECHOPETRAL VAQUERO BORREGUILLO LAMMFELL ZALDI EXTRA"}]},{"@type":"WebSite","@id":"https:\/\/www.zaldionline.com\/es\/#website","url":"https:\/\/www.zaldionline.com\/es\/","name":"Zaldionline.com","description":"Los mejores productos para usted y su caballo","potentialAction":[{"@type":"SearchAction","target":{"@type":"EntryPoint","urlTemplate":"https:\/\/www.zaldionline.com\/es\/?s={search_term_string}"},"query-input":{"@type":"PropertyValueSpecification","valueRequired":true,"valueName":"search_term_string"}}],"inLanguage":"es"}]}},"_links":{"self":[{"href":"https:\/\/www.zaldionline.com\/es\/wp-json\/wp\/v2\/product\/15854","targetHints":{"allow":["GET"]}}],"collection":[{"href":"https:\/\/www.zaldionline.com\/es\/wp-json\/wp\/v2\/product"}],"about":[{"href":"https:\/\/www.zaldionline.com\/es\/wp-json\/wp\/v2\/types\/product"}],"replies":[{"embeddable":true,"href":"https:\/\/www.zaldionline.com\/es\/wp-json\/wp\/v2\/comments?post=15854"}],"version-history":[{"count":4,"href":"https:\/\/www.zaldionline.com\/es\/wp-json\/wp\/v2\/product\/15854\/revisions"}],"predecessor-version":[{"id":23618,"href":"https:\/\/www.zaldionline.com\/es\/wp-json\/wp\/v2\/product\/15854\/revisions\/23618"}],"wp:featuredmedia":[{"embeddable":true,"href":"https:\/\/www.zaldionline.com\/es\/wp-json\/wp\/v2\/media\/17403"}],"wp:attachment":[{"href":"https:\/\/www.zaldionline.com\/es\/wp-json\/wp\/v2\/media?parent=15854"}],"wp:term":[{"taxonomy":"product_brand","embeddable":true,"href":"https:\/\/www.zaldionline.com\/es\/wp-json\/wp\/v2\/product_brand?post=15854"},{"taxonomy":"product_cat","embeddable":true,"href":"https:\/\/www.zaldionline.com\/es\/wp-json\/wp\/v2\/product_cat?post=15854"},{"taxonomy":"product_tag","embeddable":true,"href":"https:\/\/www.zaldionline.com\/es\/wp-json\/wp\/v2\/product_tag?post=15854"}],"curies":[{"name":"wp","href":"https:\/\/api.w.org\/{rel}","templated":true}]}}