{"id":15935,"date":"2020-11-07T13:17:19","date_gmt":"2020-11-07T13:17:19","guid":{"rendered":"https:\/\/zaldionline.com\/?post_type=product&#038;p=15935"},"modified":"2023-04-23T13:20:40","modified_gmt":"2023-04-23T13:20:40","slug":"cuadra-reit-u-stallhalfter-montar-y-cuero-mit-lederzugel","status":"publish","type":"product","link":"https:\/\/www.zaldionline.com\/es\/producto\/cuadra-reit-u-stallhalfter-montar-y-cuero-mit-lederzugel\/","title":{"rendered":"CUADRA REIT- u. STALLHALFTER MONTAR Y CUERO MIT LEDERZ\u00dcGEL"},"content":{"rendered":"\t\t<div data-elementor-type=\"wp-post\" data-elementor-id=\"15935\" class=\"elementor elementor-15935\">\n\t\t\t\t\t\t<section class=\"elementor-section elementor-top-section elementor-element elementor-element-80edf2d elementor-section-boxed elementor-section-height-default elementor-section-height-default\" data-id=\"80edf2d\" data-element_type=\"section\" data-e-type=\"section\">\n\t\t\t\t\t\t<div class=\"elementor-container elementor-column-gap-default\">\n\t\t\t\t\t<div class=\"elementor-column elementor-col-100 elementor-top-column elementor-element elementor-element-4c870f6c\" data-id=\"4c870f6c\" data-element_type=\"column\" data-e-type=\"column\">\n\t\t\t<div class=\"elementor-widget-wrap elementor-element-populated\">\n\t\t\t\t\t\t<div class=\"elementor-element elementor-element-7263f0fd elementor-widget elementor-widget-text-editor\" data-id=\"7263f0fd\" data-element_type=\"widget\" data-e-type=\"widget\" data-widget_type=\"text-editor.default\">\n\t\t\t\t<div class=\"elementor-widget-container\">\n\t\t\t\t\t\t\t\t\t<p>Preis inkl. MwSt.: 72,61\u20ac<\/p><p>Stabiles Reit- und Stallhalfter aus Leder<\/p><p>Goldfarbene Schnalle<\/p><p>Mit Karabinerhaken<\/p><p>Ohne Mundverschluss<\/p><p>Lederz\u00fcgel<\/p><p>Gr\u00f6\u00dfen: Cob (Medium), Full (Large)<\/p><p>Farben: Schwarz, Braun, Haselnuss<\/p><p>Ref. 21019145<\/p><p><strong>Wenn Du hier nicht gefunden hast wonach Du suchst<\/strong>, schau bitte auf der\u00a0<a href=\"https:\/\/tienda.zaldi.com\/en\/1510-stable-halters\">https:\/\/tienda.zaldi.com\/en\/1510-stable-halters<\/a> Seite. Dort sind noch weitere Artikel aufgef\u00fchrt.<\/p><p>Suche die entsprechende Referenznummer und Beschreibung heraus und<\/p><p>sende uns Deinen gesamten Auftrag per E-Mail zu.<\/p>\t\t\t\t\t\t\t\t<\/div>\n\t\t\t\t<\/div>\n\t\t\t\t\t<\/div>\n\t\t<\/div>\n\t\t\t\t\t<\/div>\n\t\t<\/section>\n\t\t\t\t<\/div>\n\t\t","protected":false},"excerpt":{"rendered":"<p>Preis inkl. MwSt.: 72,61\u20ac Stabiles Reit- und Stallhalfter aus Leder Goldfarbene Schnalle Mit Karabinerhaken Ohne Mundverschluss Lederz\u00fcgel Gr\u00f6\u00dfen: Cob (Medium), Full (Large) Farben: Schwarz, Braun, Haselnuss Ref. 21019145 Wenn Du hier nicht gefunden hast wonach Du suchst, schau bitte auf der&nbsp;https:\/\/tienda.zaldi.com\/en\/1510-stable-halters Seite. Dort sind noch weitere Artikel aufgef\u00fchrt. Suche die entsprechende Referenznummer und Beschreibung heraus [&hellip;]<\/p>\n","protected":false},"featured_media":17397,"comment_status":"open","ping_status":"closed","template":"","meta":{"site-sidebar-layout":"default","site-content-layout":"default","ast-site-content-layout":"default","site-content-style":"default","site-sidebar-style":"default","ast-global-header-display":"","ast-banner-title-visibility":"","ast-main-header-display":"","ast-hfb-above-header-display":"","ast-hfb-below-header-display":"","ast-hfb-mobile-header-display":"","site-post-title":"","ast-breadcrumbs-content":"","ast-featured-img":"","footer-sml-layout":"","ast-disable-related-posts":"","theme-transparent-header-meta":"default","adv-header-id-meta":"","stick-header-meta":"","header-above-stick-meta":"","header-main-stick-meta":"","header-below-stick-meta":"","astra-migrate-meta-layouts":"default","ast-page-background-enabled":"default","ast-page-background-meta":{"desktop":{"background-color":"var(--ast-global-color-4)","background-image":"","background-repeat":"repeat","background-position":"center center","background-size":"auto","background-attachment":"scroll","background-type":"","background-media":"","overlay-type":"","overlay-color":"","overlay-opacity":"","overlay-gradient":""},"tablet":{"background-color":"","background-image":"","background-repeat":"repeat","background-position":"center center","background-size":"auto","background-attachment":"scroll","background-type":"","background-media":"","overlay-type":"","overlay-color":"","overlay-opacity":"","overlay-gradient":""},"mobile":{"background-color":"","background-image":"","background-repeat":"repeat","background-position":"center center","background-size":"auto","background-attachment":"scroll","background-type":"","background-media":"","overlay-type":"","overlay-color":"","overlay-opacity":"","overlay-gradient":""}},"ast-content-background-meta":{"desktop":{"background-color":"var(--ast-global-color-5)","background-image":"","background-repeat":"repeat","background-position":"center center","background-size":"auto","background-attachment":"scroll","background-type":"","background-media":"","overlay-type":"","overlay-color":"","overlay-opacity":"","overlay-gradient":""},"tablet":{"background-color":"var(--ast-global-color-5)","background-image":"","background-repeat":"repeat","background-position":"center center","background-size":"auto","background-attachment":"scroll","background-type":"","background-media":"","overlay-type":"","overlay-color":"","overlay-opacity":"","overlay-gradient":""},"mobile":{"background-color":"var(--ast-global-color-5)","background-image":"","background-repeat":"repeat","background-position":"center center","background-size":"auto","background-attachment":"scroll","background-type":"","background-media":"","overlay-type":"","overlay-color":"","overlay-opacity":"","overlay-gradient":""}},"ngg_post_thumbnail":0},"product_brand":[],"product_cat":[18,21],"product_tag":[925,928,927,337,338,339],"class_list":{"0":"post-15935","1":"product","2":"type-product","3":"status-publish","4":"has-post-thumbnail","6":"product_cat-accesorios","7":"product_cat-establo-guardanes-pista","8":"product_tag-lederhalfter","9":"product_tag-stabiles-halfter","10":"product_tag-stabiles-reit-und-stallhalfter-aus-leder","11":"product_tag-zaldi","12":"product_tag-zaldi-deutschland","13":"product_tag-zaldi-online-com","14":"desktop-align-left","15":"tablet-align-left","16":"mobile-align-left","18":"first","19":"instock","20":"taxable","21":"shipping-taxable","22":"purchasable","23":"product-type-variable"},"yoast_head":"<!-- This site is optimized with the Yoast SEO plugin v27.4 - https:\/\/yoast.com\/product\/yoast-seo-wordpress\/ -->\n<title>CUADRA REIT- u. STALLHALFTER MONTAR Y CUERO MIT LEDERZ\u00dcGEL - Zaldionline.com<\/title>\n<meta name=\"description\" content=\"Preis inkl. MwSt.: 72,61\u20ac Stabiles Reit- und Stallhalfter aus Leder. Goldfarbene Schnalle. Mit Karabinerhaken. Ohne Mundverschluss. Z\u00fcgel aus Leder. Gr\u00f6\u00dfen: Cob (Medium), Full (Large)Farben: Schwarz, Braun, Haselnuss. Erh\u00e4ltlich \u00fcber Zaldionline.com Ref. 21019145\" \/>\n<meta name=\"robots\" content=\"noindex, follow, max-snippet:-1, max-image-preview:large, max-video-preview:-1\" \/>\n<meta property=\"og:locale\" content=\"es_ES\" \/>\n<meta property=\"og:type\" content=\"article\" \/>\n<meta property=\"og:title\" content=\"CUADRA REIT- u. STALLHALFTER MONTAR Y CUERO MIT LEDERZ\u00dcGEL - Zaldionline.com\" \/>\n<meta property=\"og:description\" content=\"Preis inkl. MwSt.: 72,61\u20ac Stabiles Reit- und Stallhalfter aus Leder. Goldfarbene Schnalle. Mit Karabinerhaken. Ohne Mundverschluss. Z\u00fcgel aus Leder. Gr\u00f6\u00dfen: Cob (Medium), Full (Large)Farben: Schwarz, Braun, Haselnuss. Erh\u00e4ltlich \u00fcber Zaldionline.com Ref. 21019145\" \/>\n<meta property=\"og:url\" content=\"https:\/\/www.zaldionline.com\/es\/producto\/cuadra-reit-u-stallhalfter-montar-y-cuero-mit-lederzugel\/\" \/>\n<meta property=\"og:site_name\" content=\"Zaldionline.com\" \/>\n<meta property=\"article:modified_time\" content=\"2023-04-23T13:20:40+00:00\" \/>\n<meta property=\"og:image\" content=\"https:\/\/www.zaldionline.com\/es\/wp-content\/uploads\/sites\/2\/2020\/11\/Bild_2020-12-10_151454.png\" \/>\n\t<meta property=\"og:image:width\" content=\"512\" \/>\n\t<meta property=\"og:image:height\" content=\"505\" \/>\n\t<meta property=\"og:image:type\" content=\"image\/png\" \/>\n<meta name=\"twitter:card\" content=\"summary_large_image\" \/>\n<meta name=\"twitter:label1\" content=\"Tiempo de lectura\" \/>\n\t<meta name=\"twitter:data1\" content=\"1 minuto\" \/>\n<script type=\"application\/ld+json\" class=\"yoast-schema-graph\">{\"@context\":\"https:\\\/\\\/schema.org\",\"@graph\":[{\"@type\":\"WebPage\",\"@id\":\"https:\\\/\\\/www.zaldionline.com\\\/es\\\/producto\\\/cuadra-reit-u-stallhalfter-montar-y-cuero-mit-lederzugel\\\/\",\"url\":\"https:\\\/\\\/www.zaldionline.com\\\/es\\\/producto\\\/cuadra-reit-u-stallhalfter-montar-y-cuero-mit-lederzugel\\\/\",\"name\":\"CUADRA REIT- u. STALLHALFTER MONTAR Y CUERO MIT LEDERZ\u00dcGEL - Zaldionline.com\",\"isPartOf\":{\"@id\":\"https:\\\/\\\/www.zaldionline.com\\\/es\\\/#website\"},\"primaryImageOfPage\":{\"@id\":\"https:\\\/\\\/www.zaldionline.com\\\/es\\\/producto\\\/cuadra-reit-u-stallhalfter-montar-y-cuero-mit-lederzugel\\\/#primaryimage\"},\"image\":{\"@id\":\"https:\\\/\\\/www.zaldionline.com\\\/es\\\/producto\\\/cuadra-reit-u-stallhalfter-montar-y-cuero-mit-lederzugel\\\/#primaryimage\"},\"thumbnailUrl\":\"https:\\\/\\\/www.zaldionline.com\\\/es\\\/wp-content\\\/uploads\\\/sites\\\/2\\\/2020\\\/11\\\/Bild_2020-12-10_151454.png\",\"datePublished\":\"2020-11-07T13:17:19+00:00\",\"dateModified\":\"2023-04-23T13:20:40+00:00\",\"description\":\"Preis inkl. MwSt.: 72,61\u20ac Stabiles Reit- und Stallhalfter aus Leder. Goldfarbene Schnalle. Mit Karabinerhaken. Ohne Mundverschluss. Z\u00fcgel aus Leder. Gr\u00f6\u00dfen: Cob (Medium), Full (Large)Farben: Schwarz, Braun, Haselnuss. Erh\u00e4ltlich \u00fcber Zaldionline.com Ref. 21019145\",\"breadcrumb\":{\"@id\":\"https:\\\/\\\/www.zaldionline.com\\\/es\\\/producto\\\/cuadra-reit-u-stallhalfter-montar-y-cuero-mit-lederzugel\\\/#breadcrumb\"},\"inLanguage\":\"es\",\"potentialAction\":[{\"@type\":\"ReadAction\",\"target\":[\"https:\\\/\\\/www.zaldionline.com\\\/es\\\/producto\\\/cuadra-reit-u-stallhalfter-montar-y-cuero-mit-lederzugel\\\/\"]}]},{\"@type\":\"ImageObject\",\"inLanguage\":\"es\",\"@id\":\"https:\\\/\\\/www.zaldionline.com\\\/es\\\/producto\\\/cuadra-reit-u-stallhalfter-montar-y-cuero-mit-lederzugel\\\/#primaryimage\",\"url\":\"https:\\\/\\\/www.zaldionline.com\\\/es\\\/wp-content\\\/uploads\\\/sites\\\/2\\\/2020\\\/11\\\/Bild_2020-12-10_151454.png\",\"contentUrl\":\"https:\\\/\\\/www.zaldionline.com\\\/es\\\/wp-content\\\/uploads\\\/sites\\\/2\\\/2020\\\/11\\\/Bild_2020-12-10_151454.png\",\"width\":512,\"height\":505},{\"@type\":\"BreadcrumbList\",\"@id\":\"https:\\\/\\\/www.zaldionline.com\\\/es\\\/producto\\\/cuadra-reit-u-stallhalfter-montar-y-cuero-mit-lederzugel\\\/#breadcrumb\",\"itemListElement\":[{\"@type\":\"ListItem\",\"position\":1,\"name\":\"Portada\",\"item\":\"https:\\\/\\\/www.zaldionline.com\\\/es\\\/\"},{\"@type\":\"ListItem\",\"position\":2,\"name\":\"Sillas y accesorios\",\"item\":\"https:\\\/\\\/www.zaldionline.com\\\/es\\\/sillas-y-accesorios\\\/\"},{\"@type\":\"ListItem\",\"position\":3,\"name\":\"CUADRA REIT- u. STALLHALFTER MONTAR Y CUERO MIT LEDERZ\u00dcGEL\"}]},{\"@type\":\"WebSite\",\"@id\":\"https:\\\/\\\/www.zaldionline.com\\\/es\\\/#website\",\"url\":\"https:\\\/\\\/www.zaldionline.com\\\/es\\\/\",\"name\":\"Zaldionline.com\",\"description\":\"Los mejores productos para usted y su caballo\",\"potentialAction\":[{\"@type\":\"SearchAction\",\"target\":{\"@type\":\"EntryPoint\",\"urlTemplate\":\"https:\\\/\\\/www.zaldionline.com\\\/es\\\/?s={search_term_string}\"},\"query-input\":{\"@type\":\"PropertyValueSpecification\",\"valueRequired\":true,\"valueName\":\"search_term_string\"}}],\"inLanguage\":\"es\"}]}<\/script>\n<!-- \/ Yoast SEO plugin. -->","yoast_head_json":{"title":"CUADRA REIT- u. STALLHALFTER MONTAR Y CUERO MIT LEDERZ\u00dcGEL - Zaldionline.com","description":"Preis inkl. MwSt.: 72,61\u20ac Stabiles Reit- und Stallhalfter aus Leder. Goldfarbene Schnalle. Mit Karabinerhaken. Ohne Mundverschluss. Z\u00fcgel aus Leder. Gr\u00f6\u00dfen: Cob (Medium), Full (Large)Farben: Schwarz, Braun, Haselnuss. Erh\u00e4ltlich \u00fcber Zaldionline.com Ref. 21019145","robots":{"index":"noindex","follow":"follow","max-snippet":"max-snippet:-1","max-image-preview":"max-image-preview:large","max-video-preview":"max-video-preview:-1"},"og_locale":"es_ES","og_type":"article","og_title":"CUADRA REIT- u. STALLHALFTER MONTAR Y CUERO MIT LEDERZ\u00dcGEL - Zaldionline.com","og_description":"Preis inkl. MwSt.: 72,61\u20ac Stabiles Reit- und Stallhalfter aus Leder. Goldfarbene Schnalle. Mit Karabinerhaken. Ohne Mundverschluss. Z\u00fcgel aus Leder. Gr\u00f6\u00dfen: Cob (Medium), Full (Large)Farben: Schwarz, Braun, Haselnuss. Erh\u00e4ltlich \u00fcber Zaldionline.com Ref. 21019145","og_url":"https:\/\/www.zaldionline.com\/es\/producto\/cuadra-reit-u-stallhalfter-montar-y-cuero-mit-lederzugel\/","og_site_name":"Zaldionline.com","article_modified_time":"2023-04-23T13:20:40+00:00","og_image":[{"width":512,"height":505,"url":"https:\/\/www.zaldionline.com\/es\/wp-content\/uploads\/sites\/2\/2020\/11\/Bild_2020-12-10_151454.png","type":"image\/png"}],"twitter_card":"summary_large_image","twitter_misc":{"Tiempo de lectura":"1 minuto"},"schema":{"@context":"https:\/\/schema.org","@graph":[{"@type":"WebPage","@id":"https:\/\/www.zaldionline.com\/es\/producto\/cuadra-reit-u-stallhalfter-montar-y-cuero-mit-lederzugel\/","url":"https:\/\/www.zaldionline.com\/es\/producto\/cuadra-reit-u-stallhalfter-montar-y-cuero-mit-lederzugel\/","name":"CUADRA REIT- u. STALLHALFTER MONTAR Y CUERO MIT LEDERZ\u00dcGEL - Zaldionline.com","isPartOf":{"@id":"https:\/\/www.zaldionline.com\/es\/#website"},"primaryImageOfPage":{"@id":"https:\/\/www.zaldionline.com\/es\/producto\/cuadra-reit-u-stallhalfter-montar-y-cuero-mit-lederzugel\/#primaryimage"},"image":{"@id":"https:\/\/www.zaldionline.com\/es\/producto\/cuadra-reit-u-stallhalfter-montar-y-cuero-mit-lederzugel\/#primaryimage"},"thumbnailUrl":"https:\/\/www.zaldionline.com\/es\/wp-content\/uploads\/sites\/2\/2020\/11\/Bild_2020-12-10_151454.png","datePublished":"2020-11-07T13:17:19+00:00","dateModified":"2023-04-23T13:20:40+00:00","description":"Preis inkl. MwSt.: 72,61\u20ac Stabiles Reit- und Stallhalfter aus Leder. Goldfarbene Schnalle. Mit Karabinerhaken. Ohne Mundverschluss. Z\u00fcgel aus Leder. Gr\u00f6\u00dfen: Cob (Medium), Full (Large)Farben: Schwarz, Braun, Haselnuss. Erh\u00e4ltlich \u00fcber Zaldionline.com Ref. 21019145","breadcrumb":{"@id":"https:\/\/www.zaldionline.com\/es\/producto\/cuadra-reit-u-stallhalfter-montar-y-cuero-mit-lederzugel\/#breadcrumb"},"inLanguage":"es","potentialAction":[{"@type":"ReadAction","target":["https:\/\/www.zaldionline.com\/es\/producto\/cuadra-reit-u-stallhalfter-montar-y-cuero-mit-lederzugel\/"]}]},{"@type":"ImageObject","inLanguage":"es","@id":"https:\/\/www.zaldionline.com\/es\/producto\/cuadra-reit-u-stallhalfter-montar-y-cuero-mit-lederzugel\/#primaryimage","url":"https:\/\/www.zaldionline.com\/es\/wp-content\/uploads\/sites\/2\/2020\/11\/Bild_2020-12-10_151454.png","contentUrl":"https:\/\/www.zaldionline.com\/es\/wp-content\/uploads\/sites\/2\/2020\/11\/Bild_2020-12-10_151454.png","width":512,"height":505},{"@type":"BreadcrumbList","@id":"https:\/\/www.zaldionline.com\/es\/producto\/cuadra-reit-u-stallhalfter-montar-y-cuero-mit-lederzugel\/#breadcrumb","itemListElement":[{"@type":"ListItem","position":1,"name":"Portada","item":"https:\/\/www.zaldionline.com\/es\/"},{"@type":"ListItem","position":2,"name":"Sillas y accesorios","item":"https:\/\/www.zaldionline.com\/es\/sillas-y-accesorios\/"},{"@type":"ListItem","position":3,"name":"CUADRA REIT- u. STALLHALFTER MONTAR Y CUERO MIT LEDERZ\u00dcGEL"}]},{"@type":"WebSite","@id":"https:\/\/www.zaldionline.com\/es\/#website","url":"https:\/\/www.zaldionline.com\/es\/","name":"Zaldionline.com","description":"Los mejores productos para usted y su caballo","potentialAction":[{"@type":"SearchAction","target":{"@type":"EntryPoint","urlTemplate":"https:\/\/www.zaldionline.com\/es\/?s={search_term_string}"},"query-input":{"@type":"PropertyValueSpecification","valueRequired":true,"valueName":"search_term_string"}}],"inLanguage":"es"}]}},"_links":{"self":[{"href":"https:\/\/www.zaldionline.com\/es\/wp-json\/wp\/v2\/product\/15935","targetHints":{"allow":["GET"]}}],"collection":[{"href":"https:\/\/www.zaldionline.com\/es\/wp-json\/wp\/v2\/product"}],"about":[{"href":"https:\/\/www.zaldionline.com\/es\/wp-json\/wp\/v2\/types\/product"}],"replies":[{"embeddable":true,"href":"https:\/\/www.zaldionline.com\/es\/wp-json\/wp\/v2\/comments?post=15935"}],"version-history":[{"count":4,"href":"https:\/\/www.zaldionline.com\/es\/wp-json\/wp\/v2\/product\/15935\/revisions"}],"predecessor-version":[{"id":23595,"href":"https:\/\/www.zaldionline.com\/es\/wp-json\/wp\/v2\/product\/15935\/revisions\/23595"}],"wp:featuredmedia":[{"embeddable":true,"href":"https:\/\/www.zaldionline.com\/es\/wp-json\/wp\/v2\/media\/17397"}],"wp:attachment":[{"href":"https:\/\/www.zaldionline.com\/es\/wp-json\/wp\/v2\/media?parent=15935"}],"wp:term":[{"taxonomy":"product_brand","embeddable":true,"href":"https:\/\/www.zaldionline.com\/es\/wp-json\/wp\/v2\/product_brand?post=15935"},{"taxonomy":"product_cat","embeddable":true,"href":"https:\/\/www.zaldionline.com\/es\/wp-json\/wp\/v2\/product_cat?post=15935"},{"taxonomy":"product_tag","embeddable":true,"href":"https:\/\/www.zaldionline.com\/es\/wp-json\/wp\/v2\/product_tag?post=15935"}],"curies":[{"name":"wp","href":"https:\/\/api.w.org\/{rel}","templated":true}]}}