{"id":15997,"date":"2020-11-07T14:11:29","date_gmt":"2020-11-07T14:11:29","guid":{"rendered":"https:\/\/zaldionline.com\/?post_type=product&#038;p=15997"},"modified":"2025-02-13T11:10:54","modified_gmt":"2025-02-13T11:10:54","slug":"aciones-steigbugelriemen-competicion-leder-zaldi-extra","status":"publish","type":"product","link":"https:\/\/www.zaldionline.com\/es\/producto\/aciones-steigbugelriemen-competicion-leder-zaldi-extra\/","title":{"rendered":"ZALDI EXTRA COMPETICION LEDER  ACIONES STEIGB\u00dcGELRIEMEN"},"content":{"rendered":"\t\t<div data-elementor-type=\"wp-post\" data-elementor-id=\"15997\" class=\"elementor elementor-15997\">\n\t\t\t\t\t\t<section class=\"elementor-section elementor-top-section elementor-element elementor-element-1cf775f5 elementor-section-boxed elementor-section-height-default elementor-section-height-default\" data-id=\"1cf775f5\" data-element_type=\"section\" data-e-type=\"section\">\n\t\t\t\t\t\t<div class=\"elementor-container elementor-column-gap-default\">\n\t\t\t\t\t<div class=\"elementor-column elementor-col-100 elementor-top-column elementor-element elementor-element-42b847\" data-id=\"42b847\" data-element_type=\"column\" data-e-type=\"column\">\n\t\t\t<div class=\"elementor-widget-wrap elementor-element-populated\">\n\t\t\t\t\t\t<div class=\"elementor-element elementor-element-3cf3b315 elementor-widget elementor-widget-text-editor\" data-id=\"3cf3b315\" data-element_type=\"widget\" data-e-type=\"widget\" data-widget_type=\"text-editor.default\">\n\t\t\t\t<div class=\"elementor-widget-container\">\n\t\t\t\t\t\t\t\t\t<p>Preis inkl. MwSt.: 118,31\u20ac<\/p><p>Steigb\u00fcgelriemen<\/p><p>Breite 29 mm<\/p><p>L\u00e4nge 145 cm (kann auch in anderen L\u00e4ngen bestellt werden)<\/p><p>Aus hochwertigem, doppelt gen\u00e4htem geschmeidigem Leder<\/p><p>Edelstahlschnalle<\/p><p>Farben: Schwarz, Havanna, Braun, Haselnuss, Hellbraun<\/p><p><span style=\"font-size: 12px;\"><a href=\"https:\/\/youtu.be\/AOcKx8xaYKE\">KLICK HIER F\u00dcR EIN VIDEO<\/a><\/span><\/p><p>Hergestellt von <em>ZALDI<\/em><\/p><p>Lieferzeit variabel<\/p><p>Ref. 0100105<\/p>\t\t\t\t\t\t\t\t<\/div>\n\t\t\t\t<\/div>\n\t\t\t\t\t<\/div>\n\t\t<\/div>\n\t\t\t\t\t<\/div>\n\t\t<\/section>\n\t\t\t\t<\/div>\n\t\t","protected":false},"excerpt":{"rendered":"<p>Preis inkl. MwSt.: 118,31\u20ac Steigb\u00fcgelriemen Breite 29 mm L\u00e4nge 145 cm (kann auch in anderen L\u00e4ngen bestellt werden) Aus hochwertigem, doppelt gen\u00e4htem geschmeidigem Leder Edelstahlschnalle Farben: Schwarz, Havanna, Braun, Haselnuss, Hellbraun KLICK HIER F\u00dcR EIN VIDEO Hergestellt von ZALDI Lieferzeit variabel Ref. 0100105<\/p>\n","protected":false},"featured_media":17427,"comment_status":"open","ping_status":"closed","template":"","meta":{"site-sidebar-layout":"default","site-content-layout":"default","ast-site-content-layout":"default","site-content-style":"default","site-sidebar-style":"default","ast-global-header-display":"","ast-banner-title-visibility":"","ast-main-header-display":"","ast-hfb-above-header-display":"","ast-hfb-below-header-display":"","ast-hfb-mobile-header-display":"","site-post-title":"","ast-breadcrumbs-content":"","ast-featured-img":"","footer-sml-layout":"","ast-disable-related-posts":"","theme-transparent-header-meta":"default","adv-header-id-meta":"","stick-header-meta":"","header-above-stick-meta":"","header-main-stick-meta":"","header-below-stick-meta":"","astra-migrate-meta-layouts":"set","ast-page-background-enabled":"default","ast-page-background-meta":{"desktop":{"background-color":"var(--ast-global-color-4)","background-image":"","background-repeat":"repeat","background-position":"center center","background-size":"auto","background-attachment":"scroll","background-type":"","background-media":"","overlay-type":"","overlay-color":"","overlay-opacity":"","overlay-gradient":""},"tablet":{"background-color":"","background-image":"","background-repeat":"repeat","background-position":"center center","background-size":"auto","background-attachment":"scroll","background-type":"","background-media":"","overlay-type":"","overlay-color":"","overlay-opacity":"","overlay-gradient":""},"mobile":{"background-color":"","background-image":"","background-repeat":"repeat","background-position":"center center","background-size":"auto","background-attachment":"scroll","background-type":"","background-media":"","overlay-type":"","overlay-color":"","overlay-opacity":"","overlay-gradient":""}},"ast-content-background-meta":{"desktop":{"background-color":"var(--ast-global-color-5)","background-image":"","background-repeat":"repeat","background-position":"center center","background-size":"auto","background-attachment":"scroll","background-type":"","background-media":"","overlay-type":"","overlay-color":"","overlay-opacity":"","overlay-gradient":""},"tablet":{"background-color":"var(--ast-global-color-5)","background-image":"","background-repeat":"repeat","background-position":"center center","background-size":"auto","background-attachment":"scroll","background-type":"","background-media":"","overlay-type":"","overlay-color":"","overlay-opacity":"","overlay-gradient":""},"mobile":{"background-color":"var(--ast-global-color-5)","background-image":"","background-repeat":"repeat","background-position":"center center","background-size":"auto","background-attachment":"scroll","background-type":"","background-media":"","overlay-type":"","overlay-color":"","overlay-opacity":"","overlay-gradient":""}},"ngg_post_thumbnail":0},"product_brand":[],"product_cat":[18,37],"product_tag":[633,687,920,337,338,339],"class_list":{"0":"post-15997","1":"product","2":"type-product","3":"status-publish","4":"has-post-thumbnail","6":"product_cat-accesorios","7":"product_cat-aciones","8":"product_tag-steigbuegelriemen","9":"product_tag-steigbuegelriemen-aus-leder","10":"product_tag-steigbuegelriemen-in-verschiedenen-laengen-erhaeltlich","11":"product_tag-zaldi","12":"product_tag-zaldi-deutschland","13":"product_tag-zaldi-online-com","14":"desktop-align-left","15":"tablet-align-left","16":"mobile-align-left","18":"first","19":"instock","20":"taxable","21":"shipping-taxable","22":"purchasable","23":"product-type-variable"},"yoast_head":"<!-- This site is optimized with the Yoast SEO plugin v27.4 - https:\/\/yoast.com\/product\/yoast-seo-wordpress\/ -->\n<title>ZALDI EXTRA COMPETICION LEDER ACIONES STEIGB\u00dcGELRIEMEN - Zaldionline.com<\/title>\n<meta name=\"description\" content=\"Preis inkl. MwSt.: 118,31\u20ac Steigb\u00fcgelriemen. Breite: 29 mm. L\u00e4nge: 145 cm (kann auch in anderen L\u00e4ngen bestellt werden). Aus hochwertigem, doppelt gen\u00e4htem geschmeidigem Leder. Edelstahlschnalle. Farben: Schwarz, Havanna, Braun, Haselnuss, Hellbraun. Lieferzeit variabel. Erh\u00e4ltlich \u00fcber Zaldionline.com Ref. 0100105\" \/>\n<meta name=\"robots\" content=\"noindex, follow, max-snippet:-1, max-image-preview:large, max-video-preview:-1\" \/>\n<meta property=\"og:locale\" content=\"es_ES\" \/>\n<meta property=\"og:type\" content=\"article\" \/>\n<meta property=\"og:title\" content=\"ZALDI EXTRA COMPETICION LEDER ACIONES STEIGB\u00dcGELRIEMEN - Zaldionline.com\" \/>\n<meta property=\"og:description\" content=\"Preis inkl. MwSt.: 118,31\u20ac Steigb\u00fcgelriemen. Breite: 29 mm. L\u00e4nge: 145 cm (kann auch in anderen L\u00e4ngen bestellt werden). Aus hochwertigem, doppelt gen\u00e4htem geschmeidigem Leder. Edelstahlschnalle. Farben: Schwarz, Havanna, Braun, Haselnuss, Hellbraun. Lieferzeit variabel. Erh\u00e4ltlich \u00fcber Zaldionline.com Ref. 0100105\" \/>\n<meta property=\"og:url\" content=\"https:\/\/www.zaldionline.com\/es\/producto\/aciones-steigbugelriemen-competicion-leder-zaldi-extra\/\" \/>\n<meta property=\"og:site_name\" content=\"Zaldionline.com\" \/>\n<meta property=\"article:modified_time\" content=\"2025-02-13T11:10:54+00:00\" \/>\n<meta property=\"og:image\" content=\"https:\/\/www.zaldionline.com\/es\/wp-content\/uploads\/sites\/2\/2020\/11\/Bild_2020-12-10_155508.png\" \/>\n\t<meta property=\"og:image:width\" content=\"509\" \/>\n\t<meta property=\"og:image:height\" content=\"506\" \/>\n\t<meta property=\"og:image:type\" content=\"image\/png\" \/>\n<meta name=\"twitter:card\" content=\"summary_large_image\" \/>\n<meta name=\"twitter:label1\" content=\"Tiempo de lectura\" \/>\n\t<meta name=\"twitter:data1\" content=\"1 minuto\" \/>\n<script type=\"application\/ld+json\" class=\"yoast-schema-graph\">{\"@context\":\"https:\\\/\\\/schema.org\",\"@graph\":[{\"@type\":\"WebPage\",\"@id\":\"https:\\\/\\\/www.zaldionline.com\\\/es\\\/producto\\\/aciones-steigbugelriemen-competicion-leder-zaldi-extra\\\/\",\"url\":\"https:\\\/\\\/www.zaldionline.com\\\/es\\\/producto\\\/aciones-steigbugelriemen-competicion-leder-zaldi-extra\\\/\",\"name\":\"ZALDI EXTRA COMPETICION LEDER ACIONES STEIGB\u00dcGELRIEMEN - Zaldionline.com\",\"isPartOf\":{\"@id\":\"https:\\\/\\\/www.zaldionline.com\\\/es\\\/#website\"},\"primaryImageOfPage\":{\"@id\":\"https:\\\/\\\/www.zaldionline.com\\\/es\\\/producto\\\/aciones-steigbugelriemen-competicion-leder-zaldi-extra\\\/#primaryimage\"},\"image\":{\"@id\":\"https:\\\/\\\/www.zaldionline.com\\\/es\\\/producto\\\/aciones-steigbugelriemen-competicion-leder-zaldi-extra\\\/#primaryimage\"},\"thumbnailUrl\":\"https:\\\/\\\/www.zaldionline.com\\\/es\\\/wp-content\\\/uploads\\\/sites\\\/2\\\/2020\\\/11\\\/Bild_2020-12-10_155508.png\",\"datePublished\":\"2020-11-07T14:11:29+00:00\",\"dateModified\":\"2025-02-13T11:10:54+00:00\",\"description\":\"Preis inkl. MwSt.: 118,31\u20ac Steigb\u00fcgelriemen. Breite: 29 mm. L\u00e4nge: 145 cm (kann auch in anderen L\u00e4ngen bestellt werden). Aus hochwertigem, doppelt gen\u00e4htem geschmeidigem Leder. Edelstahlschnalle. Farben: Schwarz, Havanna, Braun, Haselnuss, Hellbraun. Lieferzeit variabel. Erh\u00e4ltlich \u00fcber Zaldionline.com Ref. 0100105\",\"breadcrumb\":{\"@id\":\"https:\\\/\\\/www.zaldionline.com\\\/es\\\/producto\\\/aciones-steigbugelriemen-competicion-leder-zaldi-extra\\\/#breadcrumb\"},\"inLanguage\":\"es\",\"potentialAction\":[{\"@type\":\"ReadAction\",\"target\":[\"https:\\\/\\\/www.zaldionline.com\\\/es\\\/producto\\\/aciones-steigbugelriemen-competicion-leder-zaldi-extra\\\/\"]}]},{\"@type\":\"ImageObject\",\"inLanguage\":\"es\",\"@id\":\"https:\\\/\\\/www.zaldionline.com\\\/es\\\/producto\\\/aciones-steigbugelriemen-competicion-leder-zaldi-extra\\\/#primaryimage\",\"url\":\"https:\\\/\\\/www.zaldionline.com\\\/es\\\/wp-content\\\/uploads\\\/sites\\\/2\\\/2020\\\/11\\\/Bild_2020-12-10_155508.png\",\"contentUrl\":\"https:\\\/\\\/www.zaldionline.com\\\/es\\\/wp-content\\\/uploads\\\/sites\\\/2\\\/2020\\\/11\\\/Bild_2020-12-10_155508.png\",\"width\":509,\"height\":506},{\"@type\":\"BreadcrumbList\",\"@id\":\"https:\\\/\\\/www.zaldionline.com\\\/es\\\/producto\\\/aciones-steigbugelriemen-competicion-leder-zaldi-extra\\\/#breadcrumb\",\"itemListElement\":[{\"@type\":\"ListItem\",\"position\":1,\"name\":\"Portada\",\"item\":\"https:\\\/\\\/www.zaldionline.com\\\/es\\\/\"},{\"@type\":\"ListItem\",\"position\":2,\"name\":\"Sillas y accesorios\",\"item\":\"https:\\\/\\\/www.zaldionline.com\\\/es\\\/sillas-y-accesorios\\\/\"},{\"@type\":\"ListItem\",\"position\":3,\"name\":\"ZALDI EXTRA COMPETICION LEDER ACIONES STEIGB\u00dcGELRIEMEN\"}]},{\"@type\":\"WebSite\",\"@id\":\"https:\\\/\\\/www.zaldionline.com\\\/es\\\/#website\",\"url\":\"https:\\\/\\\/www.zaldionline.com\\\/es\\\/\",\"name\":\"Zaldionline.com\",\"description\":\"Los mejores productos para usted y su caballo\",\"potentialAction\":[{\"@type\":\"SearchAction\",\"target\":{\"@type\":\"EntryPoint\",\"urlTemplate\":\"https:\\\/\\\/www.zaldionline.com\\\/es\\\/?s={search_term_string}\"},\"query-input\":{\"@type\":\"PropertyValueSpecification\",\"valueRequired\":true,\"valueName\":\"search_term_string\"}}],\"inLanguage\":\"es\"}]}<\/script>\n<!-- \/ Yoast SEO plugin. -->","yoast_head_json":{"title":"ZALDI EXTRA COMPETICION LEDER ACIONES STEIGB\u00dcGELRIEMEN - Zaldionline.com","description":"Preis inkl. MwSt.: 118,31\u20ac Steigb\u00fcgelriemen. Breite: 29 mm. L\u00e4nge: 145 cm (kann auch in anderen L\u00e4ngen bestellt werden). Aus hochwertigem, doppelt gen\u00e4htem geschmeidigem Leder. Edelstahlschnalle. Farben: Schwarz, Havanna, Braun, Haselnuss, Hellbraun. Lieferzeit variabel. Erh\u00e4ltlich \u00fcber Zaldionline.com Ref. 0100105","robots":{"index":"noindex","follow":"follow","max-snippet":"max-snippet:-1","max-image-preview":"max-image-preview:large","max-video-preview":"max-video-preview:-1"},"og_locale":"es_ES","og_type":"article","og_title":"ZALDI EXTRA COMPETICION LEDER ACIONES STEIGB\u00dcGELRIEMEN - Zaldionline.com","og_description":"Preis inkl. MwSt.: 118,31\u20ac Steigb\u00fcgelriemen. Breite: 29 mm. L\u00e4nge: 145 cm (kann auch in anderen L\u00e4ngen bestellt werden). Aus hochwertigem, doppelt gen\u00e4htem geschmeidigem Leder. Edelstahlschnalle. Farben: Schwarz, Havanna, Braun, Haselnuss, Hellbraun. Lieferzeit variabel. Erh\u00e4ltlich \u00fcber Zaldionline.com Ref. 0100105","og_url":"https:\/\/www.zaldionline.com\/es\/producto\/aciones-steigbugelriemen-competicion-leder-zaldi-extra\/","og_site_name":"Zaldionline.com","article_modified_time":"2025-02-13T11:10:54+00:00","og_image":[{"width":509,"height":506,"url":"https:\/\/www.zaldionline.com\/es\/wp-content\/uploads\/sites\/2\/2020\/11\/Bild_2020-12-10_155508.png","type":"image\/png"}],"twitter_card":"summary_large_image","twitter_misc":{"Tiempo de lectura":"1 minuto"},"schema":{"@context":"https:\/\/schema.org","@graph":[{"@type":"WebPage","@id":"https:\/\/www.zaldionline.com\/es\/producto\/aciones-steigbugelriemen-competicion-leder-zaldi-extra\/","url":"https:\/\/www.zaldionline.com\/es\/producto\/aciones-steigbugelriemen-competicion-leder-zaldi-extra\/","name":"ZALDI EXTRA COMPETICION LEDER ACIONES STEIGB\u00dcGELRIEMEN - Zaldionline.com","isPartOf":{"@id":"https:\/\/www.zaldionline.com\/es\/#website"},"primaryImageOfPage":{"@id":"https:\/\/www.zaldionline.com\/es\/producto\/aciones-steigbugelriemen-competicion-leder-zaldi-extra\/#primaryimage"},"image":{"@id":"https:\/\/www.zaldionline.com\/es\/producto\/aciones-steigbugelriemen-competicion-leder-zaldi-extra\/#primaryimage"},"thumbnailUrl":"https:\/\/www.zaldionline.com\/es\/wp-content\/uploads\/sites\/2\/2020\/11\/Bild_2020-12-10_155508.png","datePublished":"2020-11-07T14:11:29+00:00","dateModified":"2025-02-13T11:10:54+00:00","description":"Preis inkl. MwSt.: 118,31\u20ac Steigb\u00fcgelriemen. Breite: 29 mm. L\u00e4nge: 145 cm (kann auch in anderen L\u00e4ngen bestellt werden). Aus hochwertigem, doppelt gen\u00e4htem geschmeidigem Leder. Edelstahlschnalle. Farben: Schwarz, Havanna, Braun, Haselnuss, Hellbraun. Lieferzeit variabel. Erh\u00e4ltlich \u00fcber Zaldionline.com Ref. 0100105","breadcrumb":{"@id":"https:\/\/www.zaldionline.com\/es\/producto\/aciones-steigbugelriemen-competicion-leder-zaldi-extra\/#breadcrumb"},"inLanguage":"es","potentialAction":[{"@type":"ReadAction","target":["https:\/\/www.zaldionline.com\/es\/producto\/aciones-steigbugelriemen-competicion-leder-zaldi-extra\/"]}]},{"@type":"ImageObject","inLanguage":"es","@id":"https:\/\/www.zaldionline.com\/es\/producto\/aciones-steigbugelriemen-competicion-leder-zaldi-extra\/#primaryimage","url":"https:\/\/www.zaldionline.com\/es\/wp-content\/uploads\/sites\/2\/2020\/11\/Bild_2020-12-10_155508.png","contentUrl":"https:\/\/www.zaldionline.com\/es\/wp-content\/uploads\/sites\/2\/2020\/11\/Bild_2020-12-10_155508.png","width":509,"height":506},{"@type":"BreadcrumbList","@id":"https:\/\/www.zaldionline.com\/es\/producto\/aciones-steigbugelriemen-competicion-leder-zaldi-extra\/#breadcrumb","itemListElement":[{"@type":"ListItem","position":1,"name":"Portada","item":"https:\/\/www.zaldionline.com\/es\/"},{"@type":"ListItem","position":2,"name":"Sillas y accesorios","item":"https:\/\/www.zaldionline.com\/es\/sillas-y-accesorios\/"},{"@type":"ListItem","position":3,"name":"ZALDI EXTRA COMPETICION LEDER ACIONES STEIGB\u00dcGELRIEMEN"}]},{"@type":"WebSite","@id":"https:\/\/www.zaldionline.com\/es\/#website","url":"https:\/\/www.zaldionline.com\/es\/","name":"Zaldionline.com","description":"Los mejores productos para usted y su caballo","potentialAction":[{"@type":"SearchAction","target":{"@type":"EntryPoint","urlTemplate":"https:\/\/www.zaldionline.com\/es\/?s={search_term_string}"},"query-input":{"@type":"PropertyValueSpecification","valueRequired":true,"valueName":"search_term_string"}}],"inLanguage":"es"}]}},"_links":{"self":[{"href":"https:\/\/www.zaldionline.com\/es\/wp-json\/wp\/v2\/product\/15997","targetHints":{"allow":["GET"]}}],"collection":[{"href":"https:\/\/www.zaldionline.com\/es\/wp-json\/wp\/v2\/product"}],"about":[{"href":"https:\/\/www.zaldionline.com\/es\/wp-json\/wp\/v2\/types\/product"}],"replies":[{"embeddable":true,"href":"https:\/\/www.zaldionline.com\/es\/wp-json\/wp\/v2\/comments?post=15997"}],"version-history":[{"count":8,"href":"https:\/\/www.zaldionline.com\/es\/wp-json\/wp\/v2\/product\/15997\/revisions"}],"predecessor-version":[{"id":25832,"href":"https:\/\/www.zaldionline.com\/es\/wp-json\/wp\/v2\/product\/15997\/revisions\/25832"}],"wp:featuredmedia":[{"embeddable":true,"href":"https:\/\/www.zaldionline.com\/es\/wp-json\/wp\/v2\/media\/17427"}],"wp:attachment":[{"href":"https:\/\/www.zaldionline.com\/es\/wp-json\/wp\/v2\/media?parent=15997"}],"wp:term":[{"taxonomy":"product_brand","embeddable":true,"href":"https:\/\/www.zaldionline.com\/es\/wp-json\/wp\/v2\/product_brand?post=15997"},{"taxonomy":"product_cat","embeddable":true,"href":"https:\/\/www.zaldionline.com\/es\/wp-json\/wp\/v2\/product_cat?post=15997"},{"taxonomy":"product_tag","embeddable":true,"href":"https:\/\/www.zaldionline.com\/es\/wp-json\/wp\/v2\/product_tag?post=15997"}],"curies":[{"name":"wp","href":"https:\/\/api.w.org\/{rel}","templated":true}]}}