{"id":16046,"date":"2020-11-07T14:54:57","date_gmt":"2020-11-07T14:54:57","guid":{"rendered":"https:\/\/zaldionline.com\/?post_type=product&#038;p=16046"},"modified":"2025-02-13T11:29:11","modified_gmt":"2025-02-13T11:29:11","slug":"zaldi-competicion-vorder-gamasche-protector","status":"publish","type":"product","link":"https:\/\/www.zaldionline.com\/es\/producto\/zaldi-competicion-vorder-gamasche-protector\/","title":{"rendered":"ZALDI COMPETICION  PROTECTOR GAMASCHEN VORNE"},"content":{"rendered":"\t\t<div data-elementor-type=\"wp-post\" data-elementor-id=\"16046\" class=\"elementor elementor-16046\">\n\t\t\t\t\t\t<section class=\"elementor-section elementor-top-section elementor-element elementor-element-57784fc2 elementor-section-boxed elementor-section-height-default elementor-section-height-default\" data-id=\"57784fc2\" data-element_type=\"section\" data-e-type=\"section\">\n\t\t\t\t\t\t<div class=\"elementor-container elementor-column-gap-default\">\n\t\t\t\t\t<div class=\"elementor-column elementor-col-100 elementor-top-column elementor-element elementor-element-2a6a21f2\" data-id=\"2a6a21f2\" data-element_type=\"column\" data-e-type=\"column\">\n\t\t\t<div class=\"elementor-widget-wrap elementor-element-populated\">\n\t\t\t\t\t\t<div class=\"elementor-element elementor-element-60f476db elementor-widget elementor-widget-text-editor\" data-id=\"60f476db\" data-element_type=\"widget\" data-e-type=\"widget\" data-widget_type=\"text-editor.default\">\n\t\t\t\t<div class=\"elementor-widget-container\">\n\t\t\t\t\t\t\t\t\t<p>Preis inkl. MwSt.: 133,00 \u20ac<\/p><p><span style=\"font-size: 12px; color: #ff0000;\"><a style=\"color: #ff0000;\" href=\"https:\/\/www.youtube.com\/watch?v=rvHq682c9Fc\">KLICK HIER F\u00dcR EIN VIDEO<\/a><\/span><\/p><p>Gamaschen aus Leder vorne<\/p><p>Nat\u00fcrliches Lammfellfutter<\/p><p>Schnallenverschluss mit drei Riemen<\/p><p>Einheitsgr\u00f6\u00dfe<\/p><p>Farben: Schwarz, Havanna, Braun, Haselnuss, Hellbraun<\/p><p>Es wird mit dem <em>ZALDI<\/em> Competition Giblet Protector (Ref. 0107703) kombiniert.<\/p><p>Ref: 0107701<\/p><p><span style=\"font-size: 12px;\"><a href=\"https:\/\/youtu.be\/HTNs2tWvCgk\">KLICK HIER F\u00dcR EIN VIDEO<\/a><\/span><\/p><p><strong>Wenn Du hier nicht gefunden hast wonach Du suchst,<\/strong><\/p><p>schau bitte auf der\u00a0<a href=\"https:\/\/zaldionline.com\/en\/104-bell-boots-bandages-leg-boots\">https:\/\/zaldionline.com\/en\/104-bell-boots-bandages-leg-boots<\/a> Seite.<\/p><p>Dort sind noch weitere Artikel aufgef\u00fchrt.<\/p><p>Suche die entsprechende Referenznummer und Beschreibung heraus und<\/p><p>sende uns Deinen gesamten Auftrag per E-Mail zu.<\/p>\t\t\t\t\t\t\t\t<\/div>\n\t\t\t\t<\/div>\n\t\t\t\t\t<\/div>\n\t\t<\/div>\n\t\t\t\t\t<\/div>\n\t\t<\/section>\n\t\t\t\t<\/div>\n\t\t","protected":false},"excerpt":{"rendered":"<p>Preis inkl. MwSt.: 133,00 \u20ac KLICK HIER F\u00dcR EIN VIDEO Gamaschen aus Leder vorne Nat\u00fcrliches Lammfellfutter Schnallenverschluss mit drei Riemen Einheitsgr\u00f6\u00dfe Farben: Schwarz, Havanna, Braun, Haselnuss, Hellbraun Es wird mit dem ZALDI Competition Giblet Protector (Ref. 0107703) kombiniert. Ref: 0107701 KLICK HIER F\u00dcR EIN VIDEO Wenn Du hier nicht gefunden hast wonach Du suchst, schau [&hellip;]<\/p>\n","protected":false},"featured_media":17424,"comment_status":"open","ping_status":"closed","template":"","meta":{"site-sidebar-layout":"default","site-content-layout":"default","ast-site-content-layout":"default","site-content-style":"default","site-sidebar-style":"default","ast-global-header-display":"","ast-banner-title-visibility":"","ast-main-header-display":"","ast-hfb-above-header-display":"","ast-hfb-below-header-display":"","ast-hfb-mobile-header-display":"","site-post-title":"","ast-breadcrumbs-content":"","ast-featured-img":"","footer-sml-layout":"","ast-disable-related-posts":"","theme-transparent-header-meta":"default","adv-header-id-meta":"","stick-header-meta":"","header-above-stick-meta":"","header-main-stick-meta":"","header-below-stick-meta":"","astra-migrate-meta-layouts":"set","ast-page-background-enabled":"default","ast-page-background-meta":{"desktop":{"background-color":"var(--ast-global-color-4)","background-image":"","background-repeat":"repeat","background-position":"center center","background-size":"auto","background-attachment":"scroll","background-type":"","background-media":"","overlay-type":"","overlay-color":"","overlay-opacity":"","overlay-gradient":""},"tablet":{"background-color":"","background-image":"","background-repeat":"repeat","background-position":"center center","background-size":"auto","background-attachment":"scroll","background-type":"","background-media":"","overlay-type":"","overlay-color":"","overlay-opacity":"","overlay-gradient":""},"mobile":{"background-color":"","background-image":"","background-repeat":"repeat","background-position":"center center","background-size":"auto","background-attachment":"scroll","background-type":"","background-media":"","overlay-type":"","overlay-color":"","overlay-opacity":"","overlay-gradient":""}},"ast-content-background-meta":{"desktop":{"background-color":"var(--ast-global-color-5)","background-image":"","background-repeat":"repeat","background-position":"center center","background-size":"auto","background-attachment":"scroll","background-type":"","background-media":"","overlay-type":"","overlay-color":"","overlay-opacity":"","overlay-gradient":""},"tablet":{"background-color":"var(--ast-global-color-5)","background-image":"","background-repeat":"repeat","background-position":"center center","background-size":"auto","background-attachment":"scroll","background-type":"","background-media":"","overlay-type":"","overlay-color":"","overlay-opacity":"","overlay-gradient":""},"mobile":{"background-color":"var(--ast-global-color-5)","background-image":"","background-repeat":"repeat","background-position":"center center","background-size":"auto","background-attachment":"scroll","background-type":"","background-media":"","overlay-type":"","overlay-color":"","overlay-opacity":"","overlay-gradient":""}},"ngg_post_thumbnail":0},"product_brand":[],"product_cat":[18,58],"product_tag":[608,915,913,837,337,338,339],"class_list":{"0":"post-16046","1":"product","2":"type-product","3":"status-publish","4":"has-post-thumbnail","6":"product_cat-accesorios","7":"product_cat-campanas-protectores-vendas","8":"product_tag-gamaschen","9":"product_tag-gamaschen-mit-lammfellfutter","10":"product_tag-ledergamaschen","11":"product_tag-protektoren","12":"product_tag-zaldi","13":"product_tag-zaldi-deutschland","14":"product_tag-zaldi-online-com","15":"desktop-align-left","16":"tablet-align-left","17":"mobile-align-left","19":"first","20":"instock","21":"taxable","22":"shipping-taxable","23":"purchasable","24":"product-type-variable"},"yoast_head":"<!-- This site is optimized with the Yoast SEO plugin v27.4 - https:\/\/yoast.com\/product\/yoast-seo-wordpress\/ -->\n<title>ZALDI COMPETICION PROTECTOR GAMASCHEN VORNE - Zaldionline.com<\/title>\n<meta name=\"description\" content=\"Preis inkl. MwSt.: 133,00\u20ac Gamaschen aus Leder vorne. Nat\u00fcrliches Lammfellfutter. Schnallenverschluss mit drei Riemen. Einheitsgr\u00f6\u00dfe. Farben: Schwarz, Havanna, Braun, Haselnuss, Hellbraun. Es wird mit dem ZALDI Competition Giblet Protector (Ref. 0107703) kombiniert. Erh\u00e4ltlich \u00fcber Zaldionline.com Ref: 0107701\" \/>\n<meta name=\"robots\" content=\"noindex, follow, max-snippet:-1, max-image-preview:large, max-video-preview:-1\" \/>\n<meta property=\"og:locale\" content=\"es_ES\" \/>\n<meta property=\"og:type\" content=\"article\" \/>\n<meta property=\"og:title\" content=\"ZALDI COMPETICION PROTECTOR GAMASCHEN VORNE - Zaldionline.com\" \/>\n<meta property=\"og:description\" content=\"Preis inkl. MwSt.: 133,00\u20ac Gamaschen aus Leder vorne. Nat\u00fcrliches Lammfellfutter. Schnallenverschluss mit drei Riemen. Einheitsgr\u00f6\u00dfe. Farben: Schwarz, Havanna, Braun, Haselnuss, Hellbraun. Es wird mit dem ZALDI Competition Giblet Protector (Ref. 0107703) kombiniert. Erh\u00e4ltlich \u00fcber Zaldionline.com Ref: 0107701\" \/>\n<meta property=\"og:url\" content=\"https:\/\/www.zaldionline.com\/es\/producto\/zaldi-competicion-vorder-gamasche-protector\/\" \/>\n<meta property=\"og:site_name\" content=\"Zaldionline.com\" \/>\n<meta property=\"article:modified_time\" content=\"2025-02-13T11:29:11+00:00\" \/>\n<meta property=\"og:image\" content=\"https:\/\/www.zaldionline.com\/es\/wp-content\/uploads\/sites\/2\/2020\/11\/Bild_2020-12-10_155120.png\" \/>\n\t<meta property=\"og:image:width\" content=\"509\" \/>\n\t<meta property=\"og:image:height\" content=\"499\" \/>\n\t<meta property=\"og:image:type\" content=\"image\/png\" \/>\n<meta name=\"twitter:card\" content=\"summary_large_image\" \/>\n<meta name=\"twitter:label1\" content=\"Tiempo de lectura\" \/>\n\t<meta name=\"twitter:data1\" content=\"1 minuto\" \/>\n<script type=\"application\/ld+json\" class=\"yoast-schema-graph\">{\"@context\":\"https:\\\/\\\/schema.org\",\"@graph\":[{\"@type\":\"WebPage\",\"@id\":\"https:\\\/\\\/www.zaldionline.com\\\/es\\\/producto\\\/zaldi-competicion-vorder-gamasche-protector\\\/\",\"url\":\"https:\\\/\\\/www.zaldionline.com\\\/es\\\/producto\\\/zaldi-competicion-vorder-gamasche-protector\\\/\",\"name\":\"ZALDI COMPETICION PROTECTOR GAMASCHEN VORNE - Zaldionline.com\",\"isPartOf\":{\"@id\":\"https:\\\/\\\/www.zaldionline.com\\\/es\\\/#website\"},\"primaryImageOfPage\":{\"@id\":\"https:\\\/\\\/www.zaldionline.com\\\/es\\\/producto\\\/zaldi-competicion-vorder-gamasche-protector\\\/#primaryimage\"},\"image\":{\"@id\":\"https:\\\/\\\/www.zaldionline.com\\\/es\\\/producto\\\/zaldi-competicion-vorder-gamasche-protector\\\/#primaryimage\"},\"thumbnailUrl\":\"https:\\\/\\\/www.zaldionline.com\\\/es\\\/wp-content\\\/uploads\\\/sites\\\/2\\\/2020\\\/11\\\/Bild_2020-12-10_155120.png\",\"datePublished\":\"2020-11-07T14:54:57+00:00\",\"dateModified\":\"2025-02-13T11:29:11+00:00\",\"description\":\"Preis inkl. MwSt.: 133,00\u20ac Gamaschen aus Leder vorne. Nat\u00fcrliches Lammfellfutter. Schnallenverschluss mit drei Riemen. Einheitsgr\u00f6\u00dfe. Farben: Schwarz, Havanna, Braun, Haselnuss, Hellbraun. Es wird mit dem ZALDI Competition Giblet Protector (Ref. 0107703) kombiniert. Erh\u00e4ltlich \u00fcber Zaldionline.com Ref: 0107701\",\"breadcrumb\":{\"@id\":\"https:\\\/\\\/www.zaldionline.com\\\/es\\\/producto\\\/zaldi-competicion-vorder-gamasche-protector\\\/#breadcrumb\"},\"inLanguage\":\"es\",\"potentialAction\":[{\"@type\":\"ReadAction\",\"target\":[\"https:\\\/\\\/www.zaldionline.com\\\/es\\\/producto\\\/zaldi-competicion-vorder-gamasche-protector\\\/\"]}]},{\"@type\":\"ImageObject\",\"inLanguage\":\"es\",\"@id\":\"https:\\\/\\\/www.zaldionline.com\\\/es\\\/producto\\\/zaldi-competicion-vorder-gamasche-protector\\\/#primaryimage\",\"url\":\"https:\\\/\\\/www.zaldionline.com\\\/es\\\/wp-content\\\/uploads\\\/sites\\\/2\\\/2020\\\/11\\\/Bild_2020-12-10_155120.png\",\"contentUrl\":\"https:\\\/\\\/www.zaldionline.com\\\/es\\\/wp-content\\\/uploads\\\/sites\\\/2\\\/2020\\\/11\\\/Bild_2020-12-10_155120.png\",\"width\":509,\"height\":499},{\"@type\":\"BreadcrumbList\",\"@id\":\"https:\\\/\\\/www.zaldionline.com\\\/es\\\/producto\\\/zaldi-competicion-vorder-gamasche-protector\\\/#breadcrumb\",\"itemListElement\":[{\"@type\":\"ListItem\",\"position\":1,\"name\":\"Portada\",\"item\":\"https:\\\/\\\/www.zaldionline.com\\\/es\\\/\"},{\"@type\":\"ListItem\",\"position\":2,\"name\":\"Sillas y accesorios\",\"item\":\"https:\\\/\\\/www.zaldionline.com\\\/es\\\/sillas-y-accesorios\\\/\"},{\"@type\":\"ListItem\",\"position\":3,\"name\":\"ZALDI COMPETICION PROTECTOR GAMASCHEN VORNE\"}]},{\"@type\":\"WebSite\",\"@id\":\"https:\\\/\\\/www.zaldionline.com\\\/es\\\/#website\",\"url\":\"https:\\\/\\\/www.zaldionline.com\\\/es\\\/\",\"name\":\"Zaldionline.com\",\"description\":\"Los mejores productos para usted y su caballo\",\"potentialAction\":[{\"@type\":\"SearchAction\",\"target\":{\"@type\":\"EntryPoint\",\"urlTemplate\":\"https:\\\/\\\/www.zaldionline.com\\\/es\\\/?s={search_term_string}\"},\"query-input\":{\"@type\":\"PropertyValueSpecification\",\"valueRequired\":true,\"valueName\":\"search_term_string\"}}],\"inLanguage\":\"es\"}]}<\/script>\n<!-- \/ Yoast SEO plugin. -->","yoast_head_json":{"title":"ZALDI COMPETICION PROTECTOR GAMASCHEN VORNE - Zaldionline.com","description":"Preis inkl. MwSt.: 133,00\u20ac Gamaschen aus Leder vorne. Nat\u00fcrliches Lammfellfutter. Schnallenverschluss mit drei Riemen. Einheitsgr\u00f6\u00dfe. Farben: Schwarz, Havanna, Braun, Haselnuss, Hellbraun. Es wird mit dem ZALDI Competition Giblet Protector (Ref. 0107703) kombiniert. Erh\u00e4ltlich \u00fcber Zaldionline.com Ref: 0107701","robots":{"index":"noindex","follow":"follow","max-snippet":"max-snippet:-1","max-image-preview":"max-image-preview:large","max-video-preview":"max-video-preview:-1"},"og_locale":"es_ES","og_type":"article","og_title":"ZALDI COMPETICION PROTECTOR GAMASCHEN VORNE - Zaldionline.com","og_description":"Preis inkl. MwSt.: 133,00\u20ac Gamaschen aus Leder vorne. Nat\u00fcrliches Lammfellfutter. Schnallenverschluss mit drei Riemen. Einheitsgr\u00f6\u00dfe. Farben: Schwarz, Havanna, Braun, Haselnuss, Hellbraun. Es wird mit dem ZALDI Competition Giblet Protector (Ref. 0107703) kombiniert. Erh\u00e4ltlich \u00fcber Zaldionline.com Ref: 0107701","og_url":"https:\/\/www.zaldionline.com\/es\/producto\/zaldi-competicion-vorder-gamasche-protector\/","og_site_name":"Zaldionline.com","article_modified_time":"2025-02-13T11:29:11+00:00","og_image":[{"width":509,"height":499,"url":"https:\/\/www.zaldionline.com\/es\/wp-content\/uploads\/sites\/2\/2020\/11\/Bild_2020-12-10_155120.png","type":"image\/png"}],"twitter_card":"summary_large_image","twitter_misc":{"Tiempo de lectura":"1 minuto"},"schema":{"@context":"https:\/\/schema.org","@graph":[{"@type":"WebPage","@id":"https:\/\/www.zaldionline.com\/es\/producto\/zaldi-competicion-vorder-gamasche-protector\/","url":"https:\/\/www.zaldionline.com\/es\/producto\/zaldi-competicion-vorder-gamasche-protector\/","name":"ZALDI COMPETICION PROTECTOR GAMASCHEN VORNE - Zaldionline.com","isPartOf":{"@id":"https:\/\/www.zaldionline.com\/es\/#website"},"primaryImageOfPage":{"@id":"https:\/\/www.zaldionline.com\/es\/producto\/zaldi-competicion-vorder-gamasche-protector\/#primaryimage"},"image":{"@id":"https:\/\/www.zaldionline.com\/es\/producto\/zaldi-competicion-vorder-gamasche-protector\/#primaryimage"},"thumbnailUrl":"https:\/\/www.zaldionline.com\/es\/wp-content\/uploads\/sites\/2\/2020\/11\/Bild_2020-12-10_155120.png","datePublished":"2020-11-07T14:54:57+00:00","dateModified":"2025-02-13T11:29:11+00:00","description":"Preis inkl. MwSt.: 133,00\u20ac Gamaschen aus Leder vorne. Nat\u00fcrliches Lammfellfutter. Schnallenverschluss mit drei Riemen. Einheitsgr\u00f6\u00dfe. Farben: Schwarz, Havanna, Braun, Haselnuss, Hellbraun. Es wird mit dem ZALDI Competition Giblet Protector (Ref. 0107703) kombiniert. Erh\u00e4ltlich \u00fcber Zaldionline.com Ref: 0107701","breadcrumb":{"@id":"https:\/\/www.zaldionline.com\/es\/producto\/zaldi-competicion-vorder-gamasche-protector\/#breadcrumb"},"inLanguage":"es","potentialAction":[{"@type":"ReadAction","target":["https:\/\/www.zaldionline.com\/es\/producto\/zaldi-competicion-vorder-gamasche-protector\/"]}]},{"@type":"ImageObject","inLanguage":"es","@id":"https:\/\/www.zaldionline.com\/es\/producto\/zaldi-competicion-vorder-gamasche-protector\/#primaryimage","url":"https:\/\/www.zaldionline.com\/es\/wp-content\/uploads\/sites\/2\/2020\/11\/Bild_2020-12-10_155120.png","contentUrl":"https:\/\/www.zaldionline.com\/es\/wp-content\/uploads\/sites\/2\/2020\/11\/Bild_2020-12-10_155120.png","width":509,"height":499},{"@type":"BreadcrumbList","@id":"https:\/\/www.zaldionline.com\/es\/producto\/zaldi-competicion-vorder-gamasche-protector\/#breadcrumb","itemListElement":[{"@type":"ListItem","position":1,"name":"Portada","item":"https:\/\/www.zaldionline.com\/es\/"},{"@type":"ListItem","position":2,"name":"Sillas y accesorios","item":"https:\/\/www.zaldionline.com\/es\/sillas-y-accesorios\/"},{"@type":"ListItem","position":3,"name":"ZALDI COMPETICION PROTECTOR GAMASCHEN VORNE"}]},{"@type":"WebSite","@id":"https:\/\/www.zaldionline.com\/es\/#website","url":"https:\/\/www.zaldionline.com\/es\/","name":"Zaldionline.com","description":"Los mejores productos para usted y su caballo","potentialAction":[{"@type":"SearchAction","target":{"@type":"EntryPoint","urlTemplate":"https:\/\/www.zaldionline.com\/es\/?s={search_term_string}"},"query-input":{"@type":"PropertyValueSpecification","valueRequired":true,"valueName":"search_term_string"}}],"inLanguage":"es"}]}},"_links":{"self":[{"href":"https:\/\/www.zaldionline.com\/es\/wp-json\/wp\/v2\/product\/16046","targetHints":{"allow":["GET"]}}],"collection":[{"href":"https:\/\/www.zaldionline.com\/es\/wp-json\/wp\/v2\/product"}],"about":[{"href":"https:\/\/www.zaldionline.com\/es\/wp-json\/wp\/v2\/types\/product"}],"replies":[{"embeddable":true,"href":"https:\/\/www.zaldionline.com\/es\/wp-json\/wp\/v2\/comments?post=16046"}],"version-history":[{"count":9,"href":"https:\/\/www.zaldionline.com\/es\/wp-json\/wp\/v2\/product\/16046\/revisions"}],"predecessor-version":[{"id":25854,"href":"https:\/\/www.zaldionline.com\/es\/wp-json\/wp\/v2\/product\/16046\/revisions\/25854"}],"wp:featuredmedia":[{"embeddable":true,"href":"https:\/\/www.zaldionline.com\/es\/wp-json\/wp\/v2\/media\/17424"}],"wp:attachment":[{"href":"https:\/\/www.zaldionline.com\/es\/wp-json\/wp\/v2\/media?parent=16046"}],"wp:term":[{"taxonomy":"product_brand","embeddable":true,"href":"https:\/\/www.zaldionline.com\/es\/wp-json\/wp\/v2\/product_brand?post=16046"},{"taxonomy":"product_cat","embeddable":true,"href":"https:\/\/www.zaldionline.com\/es\/wp-json\/wp\/v2\/product_cat?post=16046"},{"taxonomy":"product_tag","embeddable":true,"href":"https:\/\/www.zaldionline.com\/es\/wp-json\/wp\/v2\/product_tag?post=16046"}],"curies":[{"name":"wp","href":"https:\/\/api.w.org\/{rel}","templated":true}]}}