{"id":16166,"date":"2020-11-11T16:24:25","date_gmt":"2020-11-11T16:24:25","guid":{"rendered":"https:\/\/zaldionline.com\/?post_type=product&#038;p=16166"},"modified":"2023-04-23T12:14:35","modified_gmt":"2023-04-23T12:14:35","slug":"ridup-look-plus-safety-stirrup-steigbugel","status":"publish","type":"product","link":"https:\/\/www.zaldionline.com\/es\/producto\/ridup-look-plus-safety-stirrup-steigbugel\/","title":{"rendered":"SICHERHEITSSTEIGB\u00dcGEL RID&#8217;UP STIRRUP"},"content":{"rendered":"<p>Preis inkl. MwSt.: 335,35 \u20ac<\/p>\n<p>Innovativer Steigb\u00fcgel mit LOOK-Sicherheitssystem, bietet dem Reiter eine optimale Position zum Nutzen des Pferdes.<\/p>\n<p>Alle Vorteile in einem Steigb\u00fcgel.<\/p>\n<p>Die Steigb\u00fcgel bleiben senkrecht zum Pferd.<\/p>\n<p>Ideale Winkelung, Freiheit der Beinbewegung.<\/p>\n<p>Sicherheit, automatisches L\u00f6sen des Steigb\u00fcgels im Falle eines Sturzes.<\/p>\n<p>D\u00e4mpfung, mit Stahlstollen und Elastomersohle (Sohlenbreite: 12 cm).<\/p>\n<p>Franz\u00f6sische Spitzentechnologie. Innovation und Komfort.<\/p>\n<p>Rid&#8217;Up verbindet Eleganz mit innovativer Technologie. Rid&#8217;Up Steigb\u00fcgel sind f\u00fcr ihre Qualit\u00e4t garantiert.<\/p>\n<p>Farben: rot\/schwarz, blau\/schwarz, grau\/schwarz, schwarz\/schwarz, braun\/schwarz.<\/p>\n<p>Ref. 21039102<\/p>\n<p><strong>Wenn Du hier nicht gefunden hast wonach Du suchst<\/strong>,<\/p>\n<p>schau bitte auf der&nbsp;<a href=\"https:\/\/tienda.zaldi.com\/en\/98-stirrups-accessories\">https:\/\/tienda.zaldi.com\/en\/98-stirrups-accessories<\/a> Seite. Dort sind noch weitere Artikel aufgef\u00fchrt.<\/p>\n<p>Suche die entsprechende Referenznummer und Beschreibung heraus und<\/p>\n<p>sende uns Deinen gesamten Auftrag per E-Mail zu.<\/p>\n<p>&nbsp;<\/p>\n","protected":false},"excerpt":{"rendered":"<p>Preis inkl. MwSt.: 335,35 \u20ac Innovativer Steigb\u00fcgel mit LOOK-Sicherheitssystem, bietet dem Reiter eine optimale Position zum Nutzen des Pferdes. Alle Vorteile in einem Steigb\u00fcgel. Die Steigb\u00fcgel bleiben senkrecht zum Pferd. Ideale Winkelung, Freiheit der Beinbewegung. Sicherheit, automatisches L\u00f6sen des Steigb\u00fcgels im Falle eines Sturzes. D\u00e4mpfung, mit Stahlstollen und Elastomersohle (Sohlenbreite: 12 cm). Franz\u00f6sische Spitzentechnologie. Innovation [&hellip;]<\/p>\n","protected":false},"featured_media":17421,"comment_status":"open","ping_status":"closed","template":"","meta":{"site-sidebar-layout":"default","site-content-layout":"default","ast-site-content-layout":"default","site-content-style":"default","site-sidebar-style":"default","ast-global-header-display":"","ast-banner-title-visibility":"","ast-main-header-display":"","ast-hfb-above-header-display":"","ast-hfb-below-header-display":"","ast-hfb-mobile-header-display":"","site-post-title":"","ast-breadcrumbs-content":"","ast-featured-img":"","footer-sml-layout":"","ast-disable-related-posts":"","theme-transparent-header-meta":"default","adv-header-id-meta":"","stick-header-meta":"","header-above-stick-meta":"","header-main-stick-meta":"","header-below-stick-meta":"","astra-migrate-meta-layouts":"default","ast-page-background-enabled":"default","ast-page-background-meta":{"desktop":{"background-color":"var(--ast-global-color-4)","background-image":"","background-repeat":"repeat","background-position":"center center","background-size":"auto","background-attachment":"scroll","background-type":"","background-media":"","overlay-type":"","overlay-color":"","overlay-opacity":"","overlay-gradient":""},"tablet":{"background-color":"","background-image":"","background-repeat":"repeat","background-position":"center center","background-size":"auto","background-attachment":"scroll","background-type":"","background-media":"","overlay-type":"","overlay-color":"","overlay-opacity":"","overlay-gradient":""},"mobile":{"background-color":"","background-image":"","background-repeat":"repeat","background-position":"center center","background-size":"auto","background-attachment":"scroll","background-type":"","background-media":"","overlay-type":"","overlay-color":"","overlay-opacity":"","overlay-gradient":""}},"ast-content-background-meta":{"desktop":{"background-color":"var(--ast-global-color-5)","background-image":"","background-repeat":"repeat","background-position":"center center","background-size":"auto","background-attachment":"scroll","background-type":"","background-media":"","overlay-type":"","overlay-color":"","overlay-opacity":"","overlay-gradient":""},"tablet":{"background-color":"var(--ast-global-color-5)","background-image":"","background-repeat":"repeat","background-position":"center center","background-size":"auto","background-attachment":"scroll","background-type":"","background-media":"","overlay-type":"","overlay-color":"","overlay-opacity":"","overlay-gradient":""},"mobile":{"background-color":"var(--ast-global-color-5)","background-image":"","background-repeat":"repeat","background-position":"center center","background-size":"auto","background-attachment":"scroll","background-type":"","background-media":"","overlay-type":"","overlay-color":"","overlay-opacity":"","overlay-gradient":""}},"ngg_post_thumbnail":0},"product_brand":[],"product_cat":[18,51],"product_tag":[908,906,907,886,905,896,340,337,338,339],"class_list":{"0":"post-16166","1":"product","2":"type-product","3":"status-publish","4":"has-post-thumbnail","6":"product_cat-accesorios","7":"product_cat-estribos-accesorios","8":"product_tag-automatisches-loesen-des-steigbuegels-im-falle-eines-sturzes","9":"product_tag-innovativer-steigbuegel","10":"product_tag-ridup-steigbuegel","11":"product_tag-sicherheitssteigbuegel","12":"product_tag-steigbuegel-mit-look-sicherheitssystem","13":"product_tag-stirrup","14":"product_tag-susanne-nagel","15":"product_tag-zaldi","16":"product_tag-zaldi-deutschland","17":"product_tag-zaldi-online-com","18":"desktop-align-left","19":"tablet-align-left","20":"mobile-align-left","22":"first","23":"instock","24":"taxable","25":"shipping-taxable","26":"purchasable","27":"product-type-variable"},"yoast_head":"<!-- This site is optimized with the Yoast SEO plugin v27.5 - https:\/\/yoast.com\/product\/yoast-seo-wordpress\/ -->\n<title>SICHERHEITSSTEIGB\u00dcGEL RID&#039;UP STIRRUP - Zaldionline.com<\/title>\n<meta name=\"description\" content=\"Preis inkl. MwSt.: 335,35\u20ac Innovativer Steigb\u00fcgel mit LOOK-Sicherheitssystem, bietet dem Reiter eine optimale Position zum Nutzen des Pferdes. Alle Vorteile in einem Steigb\u00fcgel. Die Steigb\u00fcgel bleiben senkrecht zum Pferd. Ideale Winkelung, Freiheit der Beinbewegung. Sicherheit, automatisches L\u00f6sen des Steigb\u00fcgels im Falle eines Sturzes. D\u00e4mpfung, mit Stahlstollen und Elastomersohle (Sohlenbreite: 12 cm). Franz\u00f6sische Spitzentechnologie. Innovation und Komfort. Rid&#039;Up verbindet Eleganz mit innovativer Technologie. Rid&#039;Up Steigb\u00fcgel sind f\u00fcr ihre Qualit\u00e4t garantiert. Farben: rot\/schwarz, blau\/schwarz, grau\/schwarz, schwarz\/schwarz, braun\/schwarz. Erh\u00e4ltlich \u00fcber Zaldionline.com Ref. 21039102\" \/>\n<meta name=\"robots\" content=\"noindex, follow, max-snippet:-1, max-image-preview:large, max-video-preview:-1\" \/>\n<meta property=\"og:locale\" content=\"es_ES\" \/>\n<meta property=\"og:type\" content=\"article\" \/>\n<meta property=\"og:title\" content=\"SICHERHEITSSTEIGB\u00dcGEL RID&#039;UP STIRRUP - Zaldionline.com\" \/>\n<meta property=\"og:description\" content=\"Preis inkl. MwSt.: 335,35\u20ac Innovativer Steigb\u00fcgel mit LOOK-Sicherheitssystem, bietet dem Reiter eine optimale Position zum Nutzen des Pferdes. Alle Vorteile in einem Steigb\u00fcgel. Die Steigb\u00fcgel bleiben senkrecht zum Pferd. Ideale Winkelung, Freiheit der Beinbewegung. Sicherheit, automatisches L\u00f6sen des Steigb\u00fcgels im Falle eines Sturzes. D\u00e4mpfung, mit Stahlstollen und Elastomersohle (Sohlenbreite: 12 cm). Franz\u00f6sische Spitzentechnologie. Innovation und Komfort. Rid&#039;Up verbindet Eleganz mit innovativer Technologie. Rid&#039;Up Steigb\u00fcgel sind f\u00fcr ihre Qualit\u00e4t garantiert. Farben: rot\/schwarz, blau\/schwarz, grau\/schwarz, schwarz\/schwarz, braun\/schwarz. Erh\u00e4ltlich \u00fcber Zaldionline.com Ref. 21039102\" \/>\n<meta property=\"og:url\" content=\"https:\/\/www.zaldionline.com\/es\/producto\/ridup-look-plus-safety-stirrup-steigbugel\/\" \/>\n<meta property=\"og:site_name\" content=\"Zaldionline.com\" \/>\n<meta property=\"article:modified_time\" content=\"2023-04-23T12:14:35+00:00\" \/>\n<meta property=\"og:image\" content=\"https:\/\/www.zaldionline.com\/es\/wp-content\/uploads\/sites\/2\/2020\/11\/Bild_2020-12-10_154646.png\" \/>\n\t<meta property=\"og:image:width\" content=\"513\" \/>\n\t<meta property=\"og:image:height\" content=\"502\" \/>\n\t<meta property=\"og:image:type\" content=\"image\/png\" \/>\n<meta name=\"twitter:card\" content=\"summary_large_image\" \/>\n<meta name=\"twitter:label1\" content=\"Tiempo de lectura\" \/>\n\t<meta name=\"twitter:data1\" content=\"1 minuto\" \/>\n<script type=\"application\/ld+json\" class=\"yoast-schema-graph\">{\"@context\":\"https:\\\/\\\/schema.org\",\"@graph\":[{\"@type\":\"WebPage\",\"@id\":\"https:\\\/\\\/www.zaldionline.com\\\/es\\\/producto\\\/ridup-look-plus-safety-stirrup-steigbugel\\\/\",\"url\":\"https:\\\/\\\/www.zaldionline.com\\\/es\\\/producto\\\/ridup-look-plus-safety-stirrup-steigbugel\\\/\",\"name\":\"SICHERHEITSSTEIGB\u00dcGEL RID'UP STIRRUP - Zaldionline.com\",\"isPartOf\":{\"@id\":\"https:\\\/\\\/www.zaldionline.com\\\/es\\\/#website\"},\"primaryImageOfPage\":{\"@id\":\"https:\\\/\\\/www.zaldionline.com\\\/es\\\/producto\\\/ridup-look-plus-safety-stirrup-steigbugel\\\/#primaryimage\"},\"image\":{\"@id\":\"https:\\\/\\\/www.zaldionline.com\\\/es\\\/producto\\\/ridup-look-plus-safety-stirrup-steigbugel\\\/#primaryimage\"},\"thumbnailUrl\":\"https:\\\/\\\/www.zaldionline.com\\\/es\\\/wp-content\\\/uploads\\\/sites\\\/2\\\/2020\\\/11\\\/Bild_2020-12-10_154646.png\",\"datePublished\":\"2020-11-11T16:24:25+00:00\",\"dateModified\":\"2023-04-23T12:14:35+00:00\",\"description\":\"Preis inkl. MwSt.: 335,35\u20ac Innovativer Steigb\u00fcgel mit LOOK-Sicherheitssystem, bietet dem Reiter eine optimale Position zum Nutzen des Pferdes. Alle Vorteile in einem Steigb\u00fcgel. Die Steigb\u00fcgel bleiben senkrecht zum Pferd. Ideale Winkelung, Freiheit der Beinbewegung. Sicherheit, automatisches L\u00f6sen des Steigb\u00fcgels im Falle eines Sturzes. D\u00e4mpfung, mit Stahlstollen und Elastomersohle (Sohlenbreite: 12 cm). Franz\u00f6sische Spitzentechnologie. Innovation und Komfort. Rid'Up verbindet Eleganz mit innovativer Technologie. Rid'Up Steigb\u00fcgel sind f\u00fcr ihre Qualit\u00e4t garantiert. Farben: rot\\\/schwarz, blau\\\/schwarz, grau\\\/schwarz, schwarz\\\/schwarz, braun\\\/schwarz. Erh\u00e4ltlich \u00fcber Zaldionline.com Ref. 21039102\",\"breadcrumb\":{\"@id\":\"https:\\\/\\\/www.zaldionline.com\\\/es\\\/producto\\\/ridup-look-plus-safety-stirrup-steigbugel\\\/#breadcrumb\"},\"inLanguage\":\"es\",\"potentialAction\":[{\"@type\":\"ReadAction\",\"target\":[\"https:\\\/\\\/www.zaldionline.com\\\/es\\\/producto\\\/ridup-look-plus-safety-stirrup-steigbugel\\\/\"]}]},{\"@type\":\"ImageObject\",\"inLanguage\":\"es\",\"@id\":\"https:\\\/\\\/www.zaldionline.com\\\/es\\\/producto\\\/ridup-look-plus-safety-stirrup-steigbugel\\\/#primaryimage\",\"url\":\"https:\\\/\\\/www.zaldionline.com\\\/es\\\/wp-content\\\/uploads\\\/sites\\\/2\\\/2020\\\/11\\\/Bild_2020-12-10_154646.png\",\"contentUrl\":\"https:\\\/\\\/www.zaldionline.com\\\/es\\\/wp-content\\\/uploads\\\/sites\\\/2\\\/2020\\\/11\\\/Bild_2020-12-10_154646.png\",\"width\":513,\"height\":502},{\"@type\":\"BreadcrumbList\",\"@id\":\"https:\\\/\\\/www.zaldionline.com\\\/es\\\/producto\\\/ridup-look-plus-safety-stirrup-steigbugel\\\/#breadcrumb\",\"itemListElement\":[{\"@type\":\"ListItem\",\"position\":1,\"name\":\"Portada\",\"item\":\"https:\\\/\\\/www.zaldionline.com\\\/es\\\/\"},{\"@type\":\"ListItem\",\"position\":2,\"name\":\"Sillas y accesorios\",\"item\":\"https:\\\/\\\/www.zaldionline.com\\\/es\\\/sillas-y-accesorios\\\/\"},{\"@type\":\"ListItem\",\"position\":3,\"name\":\"SICHERHEITSSTEIGB\u00dcGEL RID&#8217;UP STIRRUP\"}]},{\"@type\":\"WebSite\",\"@id\":\"https:\\\/\\\/www.zaldionline.com\\\/es\\\/#website\",\"url\":\"https:\\\/\\\/www.zaldionline.com\\\/es\\\/\",\"name\":\"Zaldionline.com\",\"description\":\"Los mejores productos para usted y su caballo\",\"potentialAction\":[{\"@type\":\"SearchAction\",\"target\":{\"@type\":\"EntryPoint\",\"urlTemplate\":\"https:\\\/\\\/www.zaldionline.com\\\/es\\\/?s={search_term_string}\"},\"query-input\":{\"@type\":\"PropertyValueSpecification\",\"valueRequired\":true,\"valueName\":\"search_term_string\"}}],\"inLanguage\":\"es\"}]}<\/script>\n<!-- \/ Yoast SEO plugin. -->","yoast_head_json":{"title":"SICHERHEITSSTEIGB\u00dcGEL RID'UP STIRRUP - Zaldionline.com","description":"Preis inkl. MwSt.: 335,35\u20ac Innovativer Steigb\u00fcgel mit LOOK-Sicherheitssystem, bietet dem Reiter eine optimale Position zum Nutzen des Pferdes. Alle Vorteile in einem Steigb\u00fcgel. Die Steigb\u00fcgel bleiben senkrecht zum Pferd. Ideale Winkelung, Freiheit der Beinbewegung. Sicherheit, automatisches L\u00f6sen des Steigb\u00fcgels im Falle eines Sturzes. D\u00e4mpfung, mit Stahlstollen und Elastomersohle (Sohlenbreite: 12 cm). Franz\u00f6sische Spitzentechnologie. Innovation und Komfort. Rid'Up verbindet Eleganz mit innovativer Technologie. Rid'Up Steigb\u00fcgel sind f\u00fcr ihre Qualit\u00e4t garantiert. Farben: rot\/schwarz, blau\/schwarz, grau\/schwarz, schwarz\/schwarz, braun\/schwarz. Erh\u00e4ltlich \u00fcber Zaldionline.com Ref. 21039102","robots":{"index":"noindex","follow":"follow","max-snippet":"max-snippet:-1","max-image-preview":"max-image-preview:large","max-video-preview":"max-video-preview:-1"},"og_locale":"es_ES","og_type":"article","og_title":"SICHERHEITSSTEIGB\u00dcGEL RID'UP STIRRUP - Zaldionline.com","og_description":"Preis inkl. MwSt.: 335,35\u20ac Innovativer Steigb\u00fcgel mit LOOK-Sicherheitssystem, bietet dem Reiter eine optimale Position zum Nutzen des Pferdes. Alle Vorteile in einem Steigb\u00fcgel. Die Steigb\u00fcgel bleiben senkrecht zum Pferd. Ideale Winkelung, Freiheit der Beinbewegung. Sicherheit, automatisches L\u00f6sen des Steigb\u00fcgels im Falle eines Sturzes. D\u00e4mpfung, mit Stahlstollen und Elastomersohle (Sohlenbreite: 12 cm). Franz\u00f6sische Spitzentechnologie. Innovation und Komfort. Rid'Up verbindet Eleganz mit innovativer Technologie. Rid'Up Steigb\u00fcgel sind f\u00fcr ihre Qualit\u00e4t garantiert. Farben: rot\/schwarz, blau\/schwarz, grau\/schwarz, schwarz\/schwarz, braun\/schwarz. Erh\u00e4ltlich \u00fcber Zaldionline.com Ref. 21039102","og_url":"https:\/\/www.zaldionline.com\/es\/producto\/ridup-look-plus-safety-stirrup-steigbugel\/","og_site_name":"Zaldionline.com","article_modified_time":"2023-04-23T12:14:35+00:00","og_image":[{"width":513,"height":502,"url":"https:\/\/www.zaldionline.com\/es\/wp-content\/uploads\/sites\/2\/2020\/11\/Bild_2020-12-10_154646.png","type":"image\/png"}],"twitter_card":"summary_large_image","twitter_misc":{"Tiempo de lectura":"1 minuto"},"schema":{"@context":"https:\/\/schema.org","@graph":[{"@type":"WebPage","@id":"https:\/\/www.zaldionline.com\/es\/producto\/ridup-look-plus-safety-stirrup-steigbugel\/","url":"https:\/\/www.zaldionline.com\/es\/producto\/ridup-look-plus-safety-stirrup-steigbugel\/","name":"SICHERHEITSSTEIGB\u00dcGEL RID'UP STIRRUP - Zaldionline.com","isPartOf":{"@id":"https:\/\/www.zaldionline.com\/es\/#website"},"primaryImageOfPage":{"@id":"https:\/\/www.zaldionline.com\/es\/producto\/ridup-look-plus-safety-stirrup-steigbugel\/#primaryimage"},"image":{"@id":"https:\/\/www.zaldionline.com\/es\/producto\/ridup-look-plus-safety-stirrup-steigbugel\/#primaryimage"},"thumbnailUrl":"https:\/\/www.zaldionline.com\/es\/wp-content\/uploads\/sites\/2\/2020\/11\/Bild_2020-12-10_154646.png","datePublished":"2020-11-11T16:24:25+00:00","dateModified":"2023-04-23T12:14:35+00:00","description":"Preis inkl. MwSt.: 335,35\u20ac Innovativer Steigb\u00fcgel mit LOOK-Sicherheitssystem, bietet dem Reiter eine optimale Position zum Nutzen des Pferdes. Alle Vorteile in einem Steigb\u00fcgel. Die Steigb\u00fcgel bleiben senkrecht zum Pferd. Ideale Winkelung, Freiheit der Beinbewegung. Sicherheit, automatisches L\u00f6sen des Steigb\u00fcgels im Falle eines Sturzes. D\u00e4mpfung, mit Stahlstollen und Elastomersohle (Sohlenbreite: 12 cm). Franz\u00f6sische Spitzentechnologie. Innovation und Komfort. Rid'Up verbindet Eleganz mit innovativer Technologie. Rid'Up Steigb\u00fcgel sind f\u00fcr ihre Qualit\u00e4t garantiert. Farben: rot\/schwarz, blau\/schwarz, grau\/schwarz, schwarz\/schwarz, braun\/schwarz. Erh\u00e4ltlich \u00fcber Zaldionline.com Ref. 21039102","breadcrumb":{"@id":"https:\/\/www.zaldionline.com\/es\/producto\/ridup-look-plus-safety-stirrup-steigbugel\/#breadcrumb"},"inLanguage":"es","potentialAction":[{"@type":"ReadAction","target":["https:\/\/www.zaldionline.com\/es\/producto\/ridup-look-plus-safety-stirrup-steigbugel\/"]}]},{"@type":"ImageObject","inLanguage":"es","@id":"https:\/\/www.zaldionline.com\/es\/producto\/ridup-look-plus-safety-stirrup-steigbugel\/#primaryimage","url":"https:\/\/www.zaldionline.com\/es\/wp-content\/uploads\/sites\/2\/2020\/11\/Bild_2020-12-10_154646.png","contentUrl":"https:\/\/www.zaldionline.com\/es\/wp-content\/uploads\/sites\/2\/2020\/11\/Bild_2020-12-10_154646.png","width":513,"height":502},{"@type":"BreadcrumbList","@id":"https:\/\/www.zaldionline.com\/es\/producto\/ridup-look-plus-safety-stirrup-steigbugel\/#breadcrumb","itemListElement":[{"@type":"ListItem","position":1,"name":"Portada","item":"https:\/\/www.zaldionline.com\/es\/"},{"@type":"ListItem","position":2,"name":"Sillas y accesorios","item":"https:\/\/www.zaldionline.com\/es\/sillas-y-accesorios\/"},{"@type":"ListItem","position":3,"name":"SICHERHEITSSTEIGB\u00dcGEL RID&#8217;UP STIRRUP"}]},{"@type":"WebSite","@id":"https:\/\/www.zaldionline.com\/es\/#website","url":"https:\/\/www.zaldionline.com\/es\/","name":"Zaldionline.com","description":"Los mejores productos para usted y su caballo","potentialAction":[{"@type":"SearchAction","target":{"@type":"EntryPoint","urlTemplate":"https:\/\/www.zaldionline.com\/es\/?s={search_term_string}"},"query-input":{"@type":"PropertyValueSpecification","valueRequired":true,"valueName":"search_term_string"}}],"inLanguage":"es"}]}},"_links":{"self":[{"href":"https:\/\/www.zaldionline.com\/es\/wp-json\/wp\/v2\/product\/16166","targetHints":{"allow":["GET"]}}],"collection":[{"href":"https:\/\/www.zaldionline.com\/es\/wp-json\/wp\/v2\/product"}],"about":[{"href":"https:\/\/www.zaldionline.com\/es\/wp-json\/wp\/v2\/types\/product"}],"replies":[{"embeddable":true,"href":"https:\/\/www.zaldionline.com\/es\/wp-json\/wp\/v2\/comments?post=16166"}],"version-history":[{"count":2,"href":"https:\/\/www.zaldionline.com\/es\/wp-json\/wp\/v2\/product\/16166\/revisions"}],"predecessor-version":[{"id":23558,"href":"https:\/\/www.zaldionline.com\/es\/wp-json\/wp\/v2\/product\/16166\/revisions\/23558"}],"wp:featuredmedia":[{"embeddable":true,"href":"https:\/\/www.zaldionline.com\/es\/wp-json\/wp\/v2\/media\/17421"}],"wp:attachment":[{"href":"https:\/\/www.zaldionline.com\/es\/wp-json\/wp\/v2\/media?parent=16166"}],"wp:term":[{"taxonomy":"product_brand","embeddable":true,"href":"https:\/\/www.zaldionline.com\/es\/wp-json\/wp\/v2\/product_brand?post=16166"},{"taxonomy":"product_cat","embeddable":true,"href":"https:\/\/www.zaldionline.com\/es\/wp-json\/wp\/v2\/product_cat?post=16166"},{"taxonomy":"product_tag","embeddable":true,"href":"https:\/\/www.zaldionline.com\/es\/wp-json\/wp\/v2\/product_tag?post=16166"}],"curies":[{"name":"wp","href":"https:\/\/api.w.org\/{rel}","templated":true}]}}