{"id":16173,"date":"2020-11-11T17:00:31","date_gmt":"2020-11-11T17:00:31","guid":{"rendered":"https:\/\/zaldionline.com\/?post_type=product&#038;p=16173"},"modified":"2023-04-23T11:56:58","modified_gmt":"2023-04-23T11:56:58","slug":"hs-security-stirrup-flexcite-hs-44288-122-55-steigbuegel","status":"publish","type":"product","link":"https:\/\/www.zaldionline.com\/es\/producto\/hs-security-stirrup-flexcite-hs-44288-122-55-steigbuegel\/","title":{"rendered":"SICHERHEITSSTEIGB\u00dcGEL FLEXCITE HS-44288-122-55 STEIGB\u00dcGEL STIRRUP"},"content":{"rendered":"<p>Preis inkl. MwSt.: 243,41\u20ac<\/p>\n<p>FLEXCITE STIRRUPS<\/p>\n<p>Ein flexibles Gelenk f\u00fcr eine aufregende Leistung<\/p>\n<p>Die neueste Generation von Steigb\u00fcgeln.<\/p>\n<p><span data-language-for-alternatives=\"de\" data-language-to-translate-into=\"es\" data-phrase-index=\"5\">In perfekter Balance, um Ihr Bein in die richtige Position zu bringen.<\/span> <span data-language-for-alternatives=\"de\" data-language-to-translate-into=\"es\" data-phrase-index=\"6\">Sto\u00dfd\u00e4mpfend und extrem sanft zu B\u00e4ndern und Gelenken.<\/span> <span data-language-for-alternatives=\"de\" data-language-to-translate-into=\"es\" data-phrase-index=\"7\">Unterst\u00fctzt die Freigabe des Fu\u00dfes bei einem Unfall.<\/span> <span data-language-for-alternatives=\"de\" data-language-to-translate-into=\"es\" data-phrase-index=\"8\">Modernes Design, Topmodell von Steigb\u00fcgeln in elegantem Silber \/ Schwarz.<\/span><\/p>\n<p>Die Steigb\u00fcgel sind mit &#8220;R&#8221; f\u00fcr rechts und &#8220;L&#8221; f\u00fcr links versehen &#8211; f\u00fcr die korrekte Montage am Sattel.<\/p>\n<p>Ref. 2103946<\/p>\n<p><strong>Wenn Du hier nicht gefunden hast wonach Du suchst,<\/strong><\/p>\n<p>schau bitte auf der&nbsp;<a href=\"https:\/\/tienda.zaldi.com\/en\/98-stirrups-accessories\">https:\/\/tienda.zaldi.com\/en\/98-stirrups-accessories<\/a> Seite. Dort sind noch weitere Artikel aufgef\u00fchrt.<\/p>\n<p>Suche die entsprechende Referenznummer und Beschreibung heraus und<\/p>\n<p>sende uns Deinen gesamten Auftrag per E-Mail zu.<\/p>\n","protected":false},"excerpt":{"rendered":"<p>Preis inkl. MwSt.: 243,41\u20ac FLEXCITE STIRRUPS Ein flexibles Gelenk f\u00fcr eine aufregende Leistung Die neueste Generation von Steigb\u00fcgeln. In perfekter Balance, um Ihr Bein in die richtige Position zu bringen. Sto\u00dfd\u00e4mpfend und extrem sanft zu B\u00e4ndern und Gelenken. Unterst\u00fctzt die Freigabe des Fu\u00dfes bei einem Unfall. Modernes Design, Topmodell von Steigb\u00fcgeln in elegantem Silber \/ [&hellip;]<\/p>\n","protected":false},"featured_media":17420,"comment_status":"open","ping_status":"closed","template":"","meta":{"site-sidebar-layout":"default","site-content-layout":"default","ast-site-content-layout":"default","site-content-style":"default","site-sidebar-style":"default","ast-global-header-display":"","ast-banner-title-visibility":"","ast-main-header-display":"","ast-hfb-above-header-display":"","ast-hfb-below-header-display":"","ast-hfb-mobile-header-display":"","site-post-title":"","ast-breadcrumbs-content":"","ast-featured-img":"","footer-sml-layout":"","ast-disable-related-posts":"","theme-transparent-header-meta":"default","adv-header-id-meta":"","stick-header-meta":"","header-above-stick-meta":"","header-main-stick-meta":"","header-below-stick-meta":"","astra-migrate-meta-layouts":"default","ast-page-background-enabled":"default","ast-page-background-meta":{"desktop":{"background-color":"var(--ast-global-color-4)","background-image":"","background-repeat":"repeat","background-position":"center center","background-size":"auto","background-attachment":"scroll","background-type":"","background-media":"","overlay-type":"","overlay-color":"","overlay-opacity":"","overlay-gradient":""},"tablet":{"background-color":"","background-image":"","background-repeat":"repeat","background-position":"center center","background-size":"auto","background-attachment":"scroll","background-type":"","background-media":"","overlay-type":"","overlay-color":"","overlay-opacity":"","overlay-gradient":""},"mobile":{"background-color":"","background-image":"","background-repeat":"repeat","background-position":"center center","background-size":"auto","background-attachment":"scroll","background-type":"","background-media":"","overlay-type":"","overlay-color":"","overlay-opacity":"","overlay-gradient":""}},"ast-content-background-meta":{"desktop":{"background-color":"var(--ast-global-color-5)","background-image":"","background-repeat":"repeat","background-position":"center center","background-size":"auto","background-attachment":"scroll","background-type":"","background-media":"","overlay-type":"","overlay-color":"","overlay-opacity":"","overlay-gradient":""},"tablet":{"background-color":"var(--ast-global-color-5)","background-image":"","background-repeat":"repeat","background-position":"center center","background-size":"auto","background-attachment":"scroll","background-type":"","background-media":"","overlay-type":"","overlay-color":"","overlay-opacity":"","overlay-gradient":""},"mobile":{"background-color":"var(--ast-global-color-5)","background-image":"","background-repeat":"repeat","background-position":"center center","background-size":"auto","background-attachment":"scroll","background-type":"","background-media":"","overlay-type":"","overlay-color":"","overlay-opacity":"","overlay-gradient":""}},"ngg_post_thumbnail":0},"product_brand":[],"product_cat":[18,51],"product_tag":[904,886,634,896,340,337,338,339],"class_list":{"0":"post-16173","1":"product","2":"type-product","3":"status-publish","4":"has-post-thumbnail","6":"product_cat-accesorios","7":"product_cat-estribos-accesorios","8":"product_tag-flexible-steigbuegel","9":"product_tag-sicherheitssteigbuegel","10":"product_tag-steigbuegel","11":"product_tag-stirrup","12":"product_tag-susanne-nagel","13":"product_tag-zaldi","14":"product_tag-zaldi-deutschland","15":"product_tag-zaldi-online-com","16":"desktop-align-left","17":"tablet-align-left","18":"mobile-align-left","20":"first","21":"instock","22":"taxable","23":"shipping-taxable","24":"purchasable","25":"product-type-simple"},"yoast_head":"<!-- This site is optimized with the Yoast SEO plugin v27.4 - https:\/\/yoast.com\/product\/yoast-seo-wordpress\/ -->\n<title>SICHERHEITSSTEIGB\u00dcGEL FLEXCITE HS-44288-122-55 STEIGB\u00dcGEL STIRRUP - Zaldionline.com<\/title>\n<meta name=\"description\" content=\"Preis inkl. MwSt.: 243,41\u20ac FLEXCITE STIRRUPS. Ein flexibles Gelenk f\u00fcr eine aufregende Leistung. Die neueste Generation von Steigb\u00fcgeln. In perfekter Balance, um Ihr Bein in die richtige Position zu bringen. Sto\u00dfd\u00e4mpfend und extrem sanft zu B\u00e4ndern und Gelenken. Unterst\u00fctzt die Freigabe des Fu\u00dfes bei einem Unfall. Modernes Design, Topmodell von Steigb\u00fcgeln in elegantem Silber\/ Schwarz. Die Steigb\u00fcgel sind mit &quot;R&quot; f\u00fcr rechts und &quot;L&quot; f\u00fcr links versehen - f\u00fcr die korrekte Montage am Sattel. Erh\u00e4ltlich \u00fcber Zaldionline.com Ref. 2103946\" \/>\n<meta name=\"robots\" content=\"noindex, follow, max-snippet:-1, max-image-preview:large, max-video-preview:-1\" \/>\n<meta property=\"og:locale\" content=\"es_ES\" \/>\n<meta property=\"og:type\" content=\"article\" \/>\n<meta property=\"og:title\" content=\"SICHERHEITSSTEIGB\u00dcGEL FLEXCITE HS-44288-122-55 STEIGB\u00dcGEL STIRRUP - Zaldionline.com\" \/>\n<meta property=\"og:description\" content=\"Preis inkl. MwSt.: 243,41\u20ac FLEXCITE STIRRUPS. Ein flexibles Gelenk f\u00fcr eine aufregende Leistung. Die neueste Generation von Steigb\u00fcgeln. In perfekter Balance, um Ihr Bein in die richtige Position zu bringen. Sto\u00dfd\u00e4mpfend und extrem sanft zu B\u00e4ndern und Gelenken. Unterst\u00fctzt die Freigabe des Fu\u00dfes bei einem Unfall. Modernes Design, Topmodell von Steigb\u00fcgeln in elegantem Silber\/ Schwarz. Die Steigb\u00fcgel sind mit &quot;R&quot; f\u00fcr rechts und &quot;L&quot; f\u00fcr links versehen - f\u00fcr die korrekte Montage am Sattel. Erh\u00e4ltlich \u00fcber Zaldionline.com Ref. 2103946\" \/>\n<meta property=\"og:url\" content=\"https:\/\/www.zaldionline.com\/es\/producto\/hs-security-stirrup-flexcite-hs-44288-122-55-steigbuegel\/\" \/>\n<meta property=\"og:site_name\" content=\"Zaldionline.com\" \/>\n<meta property=\"article:modified_time\" content=\"2023-04-23T11:56:58+00:00\" \/>\n<meta property=\"og:image\" content=\"https:\/\/www.zaldionline.com\/es\/wp-content\/uploads\/sites\/2\/2020\/11\/Bild_2020-12-10_154506.png\" \/>\n\t<meta property=\"og:image:width\" content=\"523\" \/>\n\t<meta property=\"og:image:height\" content=\"509\" \/>\n\t<meta property=\"og:image:type\" content=\"image\/png\" \/>\n<meta name=\"twitter:card\" content=\"summary_large_image\" \/>\n<meta name=\"twitter:label1\" content=\"Tiempo de lectura\" \/>\n\t<meta name=\"twitter:data1\" content=\"1 minuto\" \/>\n<script type=\"application\/ld+json\" class=\"yoast-schema-graph\">{\"@context\":\"https:\\\/\\\/schema.org\",\"@graph\":[{\"@type\":\"WebPage\",\"@id\":\"https:\\\/\\\/www.zaldionline.com\\\/es\\\/producto\\\/hs-security-stirrup-flexcite-hs-44288-122-55-steigbuegel\\\/\",\"url\":\"https:\\\/\\\/www.zaldionline.com\\\/es\\\/producto\\\/hs-security-stirrup-flexcite-hs-44288-122-55-steigbuegel\\\/\",\"name\":\"SICHERHEITSSTEIGB\u00dcGEL FLEXCITE HS-44288-122-55 STEIGB\u00dcGEL STIRRUP - Zaldionline.com\",\"isPartOf\":{\"@id\":\"https:\\\/\\\/www.zaldionline.com\\\/es\\\/#website\"},\"primaryImageOfPage\":{\"@id\":\"https:\\\/\\\/www.zaldionline.com\\\/es\\\/producto\\\/hs-security-stirrup-flexcite-hs-44288-122-55-steigbuegel\\\/#primaryimage\"},\"image\":{\"@id\":\"https:\\\/\\\/www.zaldionline.com\\\/es\\\/producto\\\/hs-security-stirrup-flexcite-hs-44288-122-55-steigbuegel\\\/#primaryimage\"},\"thumbnailUrl\":\"https:\\\/\\\/www.zaldionline.com\\\/es\\\/wp-content\\\/uploads\\\/sites\\\/2\\\/2020\\\/11\\\/Bild_2020-12-10_154506.png\",\"datePublished\":\"2020-11-11T17:00:31+00:00\",\"dateModified\":\"2023-04-23T11:56:58+00:00\",\"description\":\"Preis inkl. MwSt.: 243,41\u20ac FLEXCITE STIRRUPS. Ein flexibles Gelenk f\u00fcr eine aufregende Leistung. Die neueste Generation von Steigb\u00fcgeln. In perfekter Balance, um Ihr Bein in die richtige Position zu bringen. Sto\u00dfd\u00e4mpfend und extrem sanft zu B\u00e4ndern und Gelenken. Unterst\u00fctzt die Freigabe des Fu\u00dfes bei einem Unfall. Modernes Design, Topmodell von Steigb\u00fcgeln in elegantem Silber\\\/ Schwarz. Die Steigb\u00fcgel sind mit \\\"R\\\" f\u00fcr rechts und \\\"L\\\" f\u00fcr links versehen - f\u00fcr die korrekte Montage am Sattel. Erh\u00e4ltlich \u00fcber Zaldionline.com Ref. 2103946\",\"breadcrumb\":{\"@id\":\"https:\\\/\\\/www.zaldionline.com\\\/es\\\/producto\\\/hs-security-stirrup-flexcite-hs-44288-122-55-steigbuegel\\\/#breadcrumb\"},\"inLanguage\":\"es\",\"potentialAction\":[{\"@type\":\"ReadAction\",\"target\":[\"https:\\\/\\\/www.zaldionline.com\\\/es\\\/producto\\\/hs-security-stirrup-flexcite-hs-44288-122-55-steigbuegel\\\/\"]}]},{\"@type\":\"ImageObject\",\"inLanguage\":\"es\",\"@id\":\"https:\\\/\\\/www.zaldionline.com\\\/es\\\/producto\\\/hs-security-stirrup-flexcite-hs-44288-122-55-steigbuegel\\\/#primaryimage\",\"url\":\"https:\\\/\\\/www.zaldionline.com\\\/es\\\/wp-content\\\/uploads\\\/sites\\\/2\\\/2020\\\/11\\\/Bild_2020-12-10_154506.png\",\"contentUrl\":\"https:\\\/\\\/www.zaldionline.com\\\/es\\\/wp-content\\\/uploads\\\/sites\\\/2\\\/2020\\\/11\\\/Bild_2020-12-10_154506.png\",\"width\":523,\"height\":509},{\"@type\":\"BreadcrumbList\",\"@id\":\"https:\\\/\\\/www.zaldionline.com\\\/es\\\/producto\\\/hs-security-stirrup-flexcite-hs-44288-122-55-steigbuegel\\\/#breadcrumb\",\"itemListElement\":[{\"@type\":\"ListItem\",\"position\":1,\"name\":\"Portada\",\"item\":\"https:\\\/\\\/www.zaldionline.com\\\/es\\\/\"},{\"@type\":\"ListItem\",\"position\":2,\"name\":\"Sillas y accesorios\",\"item\":\"https:\\\/\\\/www.zaldionline.com\\\/es\\\/sillas-y-accesorios\\\/\"},{\"@type\":\"ListItem\",\"position\":3,\"name\":\"SICHERHEITSSTEIGB\u00dcGEL FLEXCITE HS-44288-122-55 STEIGB\u00dcGEL STIRRUP\"}]},{\"@type\":\"WebSite\",\"@id\":\"https:\\\/\\\/www.zaldionline.com\\\/es\\\/#website\",\"url\":\"https:\\\/\\\/www.zaldionline.com\\\/es\\\/\",\"name\":\"Zaldionline.com\",\"description\":\"Los mejores productos para usted y su caballo\",\"potentialAction\":[{\"@type\":\"SearchAction\",\"target\":{\"@type\":\"EntryPoint\",\"urlTemplate\":\"https:\\\/\\\/www.zaldionline.com\\\/es\\\/?s={search_term_string}\"},\"query-input\":{\"@type\":\"PropertyValueSpecification\",\"valueRequired\":true,\"valueName\":\"search_term_string\"}}],\"inLanguage\":\"es\"}]}<\/script>\n<!-- \/ Yoast SEO plugin. -->","yoast_head_json":{"title":"SICHERHEITSSTEIGB\u00dcGEL FLEXCITE HS-44288-122-55 STEIGB\u00dcGEL STIRRUP - Zaldionline.com","description":"Preis inkl. MwSt.: 243,41\u20ac FLEXCITE STIRRUPS. Ein flexibles Gelenk f\u00fcr eine aufregende Leistung. Die neueste Generation von Steigb\u00fcgeln. In perfekter Balance, um Ihr Bein in die richtige Position zu bringen. Sto\u00dfd\u00e4mpfend und extrem sanft zu B\u00e4ndern und Gelenken. Unterst\u00fctzt die Freigabe des Fu\u00dfes bei einem Unfall. Modernes Design, Topmodell von Steigb\u00fcgeln in elegantem Silber\/ Schwarz. Die Steigb\u00fcgel sind mit \"R\" f\u00fcr rechts und \"L\" f\u00fcr links versehen - f\u00fcr die korrekte Montage am Sattel. Erh\u00e4ltlich \u00fcber Zaldionline.com Ref. 2103946","robots":{"index":"noindex","follow":"follow","max-snippet":"max-snippet:-1","max-image-preview":"max-image-preview:large","max-video-preview":"max-video-preview:-1"},"og_locale":"es_ES","og_type":"article","og_title":"SICHERHEITSSTEIGB\u00dcGEL FLEXCITE HS-44288-122-55 STEIGB\u00dcGEL STIRRUP - Zaldionline.com","og_description":"Preis inkl. MwSt.: 243,41\u20ac FLEXCITE STIRRUPS. Ein flexibles Gelenk f\u00fcr eine aufregende Leistung. Die neueste Generation von Steigb\u00fcgeln. In perfekter Balance, um Ihr Bein in die richtige Position zu bringen. Sto\u00dfd\u00e4mpfend und extrem sanft zu B\u00e4ndern und Gelenken. Unterst\u00fctzt die Freigabe des Fu\u00dfes bei einem Unfall. Modernes Design, Topmodell von Steigb\u00fcgeln in elegantem Silber\/ Schwarz. Die Steigb\u00fcgel sind mit \"R\" f\u00fcr rechts und \"L\" f\u00fcr links versehen - f\u00fcr die korrekte Montage am Sattel. Erh\u00e4ltlich \u00fcber Zaldionline.com Ref. 2103946","og_url":"https:\/\/www.zaldionline.com\/es\/producto\/hs-security-stirrup-flexcite-hs-44288-122-55-steigbuegel\/","og_site_name":"Zaldionline.com","article_modified_time":"2023-04-23T11:56:58+00:00","og_image":[{"width":523,"height":509,"url":"https:\/\/www.zaldionline.com\/es\/wp-content\/uploads\/sites\/2\/2020\/11\/Bild_2020-12-10_154506.png","type":"image\/png"}],"twitter_card":"summary_large_image","twitter_misc":{"Tiempo de lectura":"1 minuto"},"schema":{"@context":"https:\/\/schema.org","@graph":[{"@type":"WebPage","@id":"https:\/\/www.zaldionline.com\/es\/producto\/hs-security-stirrup-flexcite-hs-44288-122-55-steigbuegel\/","url":"https:\/\/www.zaldionline.com\/es\/producto\/hs-security-stirrup-flexcite-hs-44288-122-55-steigbuegel\/","name":"SICHERHEITSSTEIGB\u00dcGEL FLEXCITE HS-44288-122-55 STEIGB\u00dcGEL STIRRUP - Zaldionline.com","isPartOf":{"@id":"https:\/\/www.zaldionline.com\/es\/#website"},"primaryImageOfPage":{"@id":"https:\/\/www.zaldionline.com\/es\/producto\/hs-security-stirrup-flexcite-hs-44288-122-55-steigbuegel\/#primaryimage"},"image":{"@id":"https:\/\/www.zaldionline.com\/es\/producto\/hs-security-stirrup-flexcite-hs-44288-122-55-steigbuegel\/#primaryimage"},"thumbnailUrl":"https:\/\/www.zaldionline.com\/es\/wp-content\/uploads\/sites\/2\/2020\/11\/Bild_2020-12-10_154506.png","datePublished":"2020-11-11T17:00:31+00:00","dateModified":"2023-04-23T11:56:58+00:00","description":"Preis inkl. MwSt.: 243,41\u20ac FLEXCITE STIRRUPS. Ein flexibles Gelenk f\u00fcr eine aufregende Leistung. Die neueste Generation von Steigb\u00fcgeln. In perfekter Balance, um Ihr Bein in die richtige Position zu bringen. Sto\u00dfd\u00e4mpfend und extrem sanft zu B\u00e4ndern und Gelenken. Unterst\u00fctzt die Freigabe des Fu\u00dfes bei einem Unfall. Modernes Design, Topmodell von Steigb\u00fcgeln in elegantem Silber\/ Schwarz. Die Steigb\u00fcgel sind mit \"R\" f\u00fcr rechts und \"L\" f\u00fcr links versehen - f\u00fcr die korrekte Montage am Sattel. Erh\u00e4ltlich \u00fcber Zaldionline.com Ref. 2103946","breadcrumb":{"@id":"https:\/\/www.zaldionline.com\/es\/producto\/hs-security-stirrup-flexcite-hs-44288-122-55-steigbuegel\/#breadcrumb"},"inLanguage":"es","potentialAction":[{"@type":"ReadAction","target":["https:\/\/www.zaldionline.com\/es\/producto\/hs-security-stirrup-flexcite-hs-44288-122-55-steigbuegel\/"]}]},{"@type":"ImageObject","inLanguage":"es","@id":"https:\/\/www.zaldionline.com\/es\/producto\/hs-security-stirrup-flexcite-hs-44288-122-55-steigbuegel\/#primaryimage","url":"https:\/\/www.zaldionline.com\/es\/wp-content\/uploads\/sites\/2\/2020\/11\/Bild_2020-12-10_154506.png","contentUrl":"https:\/\/www.zaldionline.com\/es\/wp-content\/uploads\/sites\/2\/2020\/11\/Bild_2020-12-10_154506.png","width":523,"height":509},{"@type":"BreadcrumbList","@id":"https:\/\/www.zaldionline.com\/es\/producto\/hs-security-stirrup-flexcite-hs-44288-122-55-steigbuegel\/#breadcrumb","itemListElement":[{"@type":"ListItem","position":1,"name":"Portada","item":"https:\/\/www.zaldionline.com\/es\/"},{"@type":"ListItem","position":2,"name":"Sillas y accesorios","item":"https:\/\/www.zaldionline.com\/es\/sillas-y-accesorios\/"},{"@type":"ListItem","position":3,"name":"SICHERHEITSSTEIGB\u00dcGEL FLEXCITE HS-44288-122-55 STEIGB\u00dcGEL STIRRUP"}]},{"@type":"WebSite","@id":"https:\/\/www.zaldionline.com\/es\/#website","url":"https:\/\/www.zaldionline.com\/es\/","name":"Zaldionline.com","description":"Los mejores productos para usted y su caballo","potentialAction":[{"@type":"SearchAction","target":{"@type":"EntryPoint","urlTemplate":"https:\/\/www.zaldionline.com\/es\/?s={search_term_string}"},"query-input":{"@type":"PropertyValueSpecification","valueRequired":true,"valueName":"search_term_string"}}],"inLanguage":"es"}]}},"_links":{"self":[{"href":"https:\/\/www.zaldionline.com\/es\/wp-json\/wp\/v2\/product\/16173","targetHints":{"allow":["GET"]}}],"collection":[{"href":"https:\/\/www.zaldionline.com\/es\/wp-json\/wp\/v2\/product"}],"about":[{"href":"https:\/\/www.zaldionline.com\/es\/wp-json\/wp\/v2\/types\/product"}],"replies":[{"embeddable":true,"href":"https:\/\/www.zaldionline.com\/es\/wp-json\/wp\/v2\/comments?post=16173"}],"version-history":[{"count":2,"href":"https:\/\/www.zaldionline.com\/es\/wp-json\/wp\/v2\/product\/16173\/revisions"}],"predecessor-version":[{"id":23556,"href":"https:\/\/www.zaldionline.com\/es\/wp-json\/wp\/v2\/product\/16173\/revisions\/23556"}],"wp:featuredmedia":[{"embeddable":true,"href":"https:\/\/www.zaldionline.com\/es\/wp-json\/wp\/v2\/media\/17420"}],"wp:attachment":[{"href":"https:\/\/www.zaldionline.com\/es\/wp-json\/wp\/v2\/media?parent=16173"}],"wp:term":[{"taxonomy":"product_brand","embeddable":true,"href":"https:\/\/www.zaldionline.com\/es\/wp-json\/wp\/v2\/product_brand?post=16173"},{"taxonomy":"product_cat","embeddable":true,"href":"https:\/\/www.zaldionline.com\/es\/wp-json\/wp\/v2\/product_cat?post=16173"},{"taxonomy":"product_tag","embeddable":true,"href":"https:\/\/www.zaldionline.com\/es\/wp-json\/wp\/v2\/product_tag?post=16173"}],"curies":[{"name":"wp","href":"https:\/\/api.w.org\/{rel}","templated":true}]}}