{"id":16189,"date":"2020-11-11T17:21:08","date_gmt":"2020-11-11T17:21:08","guid":{"rendered":"https:\/\/zaldionline.com\/?post_type=product&#038;p=16189"},"modified":"2023-04-23T11:33:08","modified_gmt":"2023-04-23T11:33:08","slug":"hs-safety-with-offset-eye-stirrup-hs-44234-122-55-steigbuegel","status":"publish","type":"product","link":"https:\/\/www.zaldionline.com\/es\/producto\/hs-safety-with-offset-eye-stirrup-hs-44234-122-55-steigbuegel\/","title":{"rendered":"SICHERHEITSSTEIGB\u00dcGEL HS SPRENGER STIRRUP"},"content":{"rendered":"<p>Preis inkl. MwSt.: 209,36\u20ac<\/p>\n<p>Gedrehter Sicherheitssteigb\u00fcgel.<\/p>\n<p>Drehbarer Steigb\u00fcgel.<\/p>\n<p>Gummipuffer.<\/p>\n<p>Auch erh\u00e4ltlich in Kindergr\u00f6\u00dfe (Ref. 2103910)<\/p>\n<p>Hergestellt von HS Sprenger<\/p>\n<p>Ref. 2103909<\/p>\n<p><strong>Wenn Du hier nicht gefunden hast wonach Du suchst,<\/strong><\/p>\n<p>schau bitte auf der&nbsp;<a href=\"https:\/\/tienda.zaldi.com\/en\/98-stirrups-accessories\">https:\/\/tienda.zaldi.com\/en\/98-stirrups-accessories<\/a> Seite. Dort sind noch weitere Artikel aufgef\u00fchrt.<\/p>\n<p>Suche die entsprechende Referenznummer und Beschreibung heraus und<\/p>\n<p>sende uns Deinen gesamten Auftrag per E-Mail zu.<\/p>\n","protected":false},"excerpt":{"rendered":"<p>Preis inkl. MwSt.: 209,36\u20ac Gedrehter Sicherheitssteigb\u00fcgel. Drehbarer Steigb\u00fcgel. Gummipuffer. Auch erh\u00e4ltlich in Kindergr\u00f6\u00dfe (Ref. 2103910) Hergestellt von HS Sprenger Ref. 2103909 Wenn Du hier nicht gefunden hast wonach Du suchst, schau bitte auf der&nbsp;https:\/\/tienda.zaldi.com\/en\/98-stirrups-accessories Seite. Dort sind noch weitere Artikel aufgef\u00fchrt. Suche die entsprechende Referenznummer und Beschreibung heraus und sende uns Deinen gesamten Auftrag per [&hellip;]<\/p>\n","protected":false},"featured_media":16203,"comment_status":"open","ping_status":"closed","template":"","meta":{"site-sidebar-layout":"default","site-content-layout":"default","ast-site-content-layout":"default","site-content-style":"default","site-sidebar-style":"default","ast-global-header-display":"","ast-banner-title-visibility":"","ast-main-header-display":"","ast-hfb-above-header-display":"","ast-hfb-below-header-display":"","ast-hfb-mobile-header-display":"","site-post-title":"","ast-breadcrumbs-content":"","ast-featured-img":"","footer-sml-layout":"","ast-disable-related-posts":"","theme-transparent-header-meta":"default","adv-header-id-meta":"","stick-header-meta":"","header-above-stick-meta":"","header-main-stick-meta":"","header-below-stick-meta":"","astra-migrate-meta-layouts":"default","ast-page-background-enabled":"default","ast-page-background-meta":{"desktop":{"background-color":"var(--ast-global-color-4)","background-image":"","background-repeat":"repeat","background-position":"center center","background-size":"auto","background-attachment":"scroll","background-type":"","background-media":"","overlay-type":"","overlay-color":"","overlay-opacity":"","overlay-gradient":""},"tablet":{"background-color":"","background-image":"","background-repeat":"repeat","background-position":"center center","background-size":"auto","background-attachment":"scroll","background-type":"","background-media":"","overlay-type":"","overlay-color":"","overlay-opacity":"","overlay-gradient":""},"mobile":{"background-color":"","background-image":"","background-repeat":"repeat","background-position":"center center","background-size":"auto","background-attachment":"scroll","background-type":"","background-media":"","overlay-type":"","overlay-color":"","overlay-opacity":"","overlay-gradient":""}},"ast-content-background-meta":{"desktop":{"background-color":"var(--ast-global-color-5)","background-image":"","background-repeat":"repeat","background-position":"center center","background-size":"auto","background-attachment":"scroll","background-type":"","background-media":"","overlay-type":"","overlay-color":"","overlay-opacity":"","overlay-gradient":""},"tablet":{"background-color":"var(--ast-global-color-5)","background-image":"","background-repeat":"repeat","background-position":"center center","background-size":"auto","background-attachment":"scroll","background-type":"","background-media":"","overlay-type":"","overlay-color":"","overlay-opacity":"","overlay-gradient":""},"mobile":{"background-color":"var(--ast-global-color-5)","background-image":"","background-repeat":"repeat","background-position":"center center","background-size":"auto","background-attachment":"scroll","background-type":"","background-media":"","overlay-type":"","overlay-color":"","overlay-opacity":"","overlay-gradient":""}},"ngg_post_thumbnail":0},"product_brand":[],"product_cat":[18,51],"product_tag":[900,886,634,896,340,337,338,339],"class_list":{"0":"post-16189","1":"product","2":"type-product","3":"status-publish","4":"has-post-thumbnail","6":"product_cat-accesorios","7":"product_cat-estribos-accesorios","8":"product_tag-drehbarer-sicherheitssteigbuegel","9":"product_tag-sicherheitssteigbuegel","10":"product_tag-steigbuegel","11":"product_tag-stirrup","12":"product_tag-susanne-nagel","13":"product_tag-zaldi","14":"product_tag-zaldi-deutschland","15":"product_tag-zaldi-online-com","16":"desktop-align-left","17":"tablet-align-left","18":"mobile-align-left","20":"first","21":"instock","22":"taxable","23":"shipping-taxable","24":"purchasable","25":"product-type-simple"},"yoast_head":"<!-- This site is optimized with the Yoast SEO plugin v27.4 - https:\/\/yoast.com\/product\/yoast-seo-wordpress\/ -->\n<title>SICHERHEITSSTEIGB\u00dcGEL HS SPRENGER STIRRUP - Zaldionline.com<\/title>\n<meta name=\"description\" content=\"Preis inkl. MwSt.: 209,36\u20ac Gedrehter Sicherheitssteigb\u00fcgel. Drehbarer Steigb\u00fcgel. Gummipuffer. Auch erh\u00e4ltlich in Kindergr\u00f6\u00dfe (Ref. 2103910. ).Hergestellt von HS Sprenger. Erh\u00e4ltlich \u00fcber Zaldionline.com Ref. 2103909\" \/>\n<meta name=\"robots\" content=\"noindex, follow, max-snippet:-1, max-image-preview:large, max-video-preview:-1\" \/>\n<meta property=\"og:locale\" content=\"es_ES\" \/>\n<meta property=\"og:type\" content=\"article\" \/>\n<meta property=\"og:title\" content=\"SICHERHEITSSTEIGB\u00dcGEL HS SPRENGER STIRRUP - Zaldionline.com\" \/>\n<meta property=\"og:description\" content=\"Preis inkl. MwSt.: 209,36\u20ac Gedrehter Sicherheitssteigb\u00fcgel. Drehbarer Steigb\u00fcgel. Gummipuffer. Auch erh\u00e4ltlich in Kindergr\u00f6\u00dfe (Ref. 2103910. ).Hergestellt von HS Sprenger. Erh\u00e4ltlich \u00fcber Zaldionline.com Ref. 2103909\" \/>\n<meta property=\"og:url\" content=\"https:\/\/www.zaldionline.com\/es\/producto\/hs-safety-with-offset-eye-stirrup-hs-44234-122-55-steigbuegel\/\" \/>\n<meta property=\"og:site_name\" content=\"Zaldionline.com\" \/>\n<meta property=\"article:modified_time\" content=\"2023-04-23T11:33:08+00:00\" \/>\n<meta property=\"og:image\" content=\"https:\/\/www.zaldionline.com\/es\/wp-content\/uploads\/sites\/2\/2020\/11\/Bild_2020-11-11_184035.png\" \/>\n\t<meta property=\"og:image:width\" content=\"314\" \/>\n\t<meta property=\"og:image:height\" content=\"323\" \/>\n\t<meta property=\"og:image:type\" content=\"image\/png\" \/>\n<meta name=\"twitter:card\" content=\"summary_large_image\" \/>\n<meta name=\"twitter:label1\" content=\"Tiempo de lectura\" \/>\n\t<meta name=\"twitter:data1\" content=\"1 minuto\" \/>\n<script type=\"application\/ld+json\" class=\"yoast-schema-graph\">{\"@context\":\"https:\\\/\\\/schema.org\",\"@graph\":[{\"@type\":\"WebPage\",\"@id\":\"https:\\\/\\\/www.zaldionline.com\\\/es\\\/producto\\\/hs-safety-with-offset-eye-stirrup-hs-44234-122-55-steigbuegel\\\/\",\"url\":\"https:\\\/\\\/www.zaldionline.com\\\/es\\\/producto\\\/hs-safety-with-offset-eye-stirrup-hs-44234-122-55-steigbuegel\\\/\",\"name\":\"SICHERHEITSSTEIGB\u00dcGEL HS SPRENGER STIRRUP - Zaldionline.com\",\"isPartOf\":{\"@id\":\"https:\\\/\\\/www.zaldionline.com\\\/es\\\/#website\"},\"primaryImageOfPage\":{\"@id\":\"https:\\\/\\\/www.zaldionline.com\\\/es\\\/producto\\\/hs-safety-with-offset-eye-stirrup-hs-44234-122-55-steigbuegel\\\/#primaryimage\"},\"image\":{\"@id\":\"https:\\\/\\\/www.zaldionline.com\\\/es\\\/producto\\\/hs-safety-with-offset-eye-stirrup-hs-44234-122-55-steigbuegel\\\/#primaryimage\"},\"thumbnailUrl\":\"https:\\\/\\\/www.zaldionline.com\\\/es\\\/wp-content\\\/uploads\\\/sites\\\/2\\\/2020\\\/11\\\/Bild_2020-11-11_184035.png\",\"datePublished\":\"2020-11-11T17:21:08+00:00\",\"dateModified\":\"2023-04-23T11:33:08+00:00\",\"description\":\"Preis inkl. MwSt.: 209,36\u20ac Gedrehter Sicherheitssteigb\u00fcgel. Drehbarer Steigb\u00fcgel. Gummipuffer. Auch erh\u00e4ltlich in Kindergr\u00f6\u00dfe (Ref. 2103910. ).Hergestellt von HS Sprenger. Erh\u00e4ltlich \u00fcber Zaldionline.com Ref. 2103909\",\"breadcrumb\":{\"@id\":\"https:\\\/\\\/www.zaldionline.com\\\/es\\\/producto\\\/hs-safety-with-offset-eye-stirrup-hs-44234-122-55-steigbuegel\\\/#breadcrumb\"},\"inLanguage\":\"es\",\"potentialAction\":[{\"@type\":\"ReadAction\",\"target\":[\"https:\\\/\\\/www.zaldionline.com\\\/es\\\/producto\\\/hs-safety-with-offset-eye-stirrup-hs-44234-122-55-steigbuegel\\\/\"]}]},{\"@type\":\"ImageObject\",\"inLanguage\":\"es\",\"@id\":\"https:\\\/\\\/www.zaldionline.com\\\/es\\\/producto\\\/hs-safety-with-offset-eye-stirrup-hs-44234-122-55-steigbuegel\\\/#primaryimage\",\"url\":\"https:\\\/\\\/www.zaldionline.com\\\/es\\\/wp-content\\\/uploads\\\/sites\\\/2\\\/2020\\\/11\\\/Bild_2020-11-11_184035.png\",\"contentUrl\":\"https:\\\/\\\/www.zaldionline.com\\\/es\\\/wp-content\\\/uploads\\\/sites\\\/2\\\/2020\\\/11\\\/Bild_2020-11-11_184035.png\",\"width\":314,\"height\":323},{\"@type\":\"BreadcrumbList\",\"@id\":\"https:\\\/\\\/www.zaldionline.com\\\/es\\\/producto\\\/hs-safety-with-offset-eye-stirrup-hs-44234-122-55-steigbuegel\\\/#breadcrumb\",\"itemListElement\":[{\"@type\":\"ListItem\",\"position\":1,\"name\":\"Portada\",\"item\":\"https:\\\/\\\/www.zaldionline.com\\\/es\\\/\"},{\"@type\":\"ListItem\",\"position\":2,\"name\":\"Sillas y accesorios\",\"item\":\"https:\\\/\\\/www.zaldionline.com\\\/es\\\/sillas-y-accesorios\\\/\"},{\"@type\":\"ListItem\",\"position\":3,\"name\":\"SICHERHEITSSTEIGB\u00dcGEL HS SPRENGER STIRRUP\"}]},{\"@type\":\"WebSite\",\"@id\":\"https:\\\/\\\/www.zaldionline.com\\\/es\\\/#website\",\"url\":\"https:\\\/\\\/www.zaldionline.com\\\/es\\\/\",\"name\":\"Zaldionline.com\",\"description\":\"Los mejores productos para usted y su caballo\",\"potentialAction\":[{\"@type\":\"SearchAction\",\"target\":{\"@type\":\"EntryPoint\",\"urlTemplate\":\"https:\\\/\\\/www.zaldionline.com\\\/es\\\/?s={search_term_string}\"},\"query-input\":{\"@type\":\"PropertyValueSpecification\",\"valueRequired\":true,\"valueName\":\"search_term_string\"}}],\"inLanguage\":\"es\"}]}<\/script>\n<!-- \/ Yoast SEO plugin. -->","yoast_head_json":{"title":"SICHERHEITSSTEIGB\u00dcGEL HS SPRENGER STIRRUP - Zaldionline.com","description":"Preis inkl. MwSt.: 209,36\u20ac Gedrehter Sicherheitssteigb\u00fcgel. Drehbarer Steigb\u00fcgel. Gummipuffer. Auch erh\u00e4ltlich in Kindergr\u00f6\u00dfe (Ref. 2103910. ).Hergestellt von HS Sprenger. Erh\u00e4ltlich \u00fcber Zaldionline.com Ref. 2103909","robots":{"index":"noindex","follow":"follow","max-snippet":"max-snippet:-1","max-image-preview":"max-image-preview:large","max-video-preview":"max-video-preview:-1"},"og_locale":"es_ES","og_type":"article","og_title":"SICHERHEITSSTEIGB\u00dcGEL HS SPRENGER STIRRUP - Zaldionline.com","og_description":"Preis inkl. MwSt.: 209,36\u20ac Gedrehter Sicherheitssteigb\u00fcgel. Drehbarer Steigb\u00fcgel. Gummipuffer. Auch erh\u00e4ltlich in Kindergr\u00f6\u00dfe (Ref. 2103910. ).Hergestellt von HS Sprenger. Erh\u00e4ltlich \u00fcber Zaldionline.com Ref. 2103909","og_url":"https:\/\/www.zaldionline.com\/es\/producto\/hs-safety-with-offset-eye-stirrup-hs-44234-122-55-steigbuegel\/","og_site_name":"Zaldionline.com","article_modified_time":"2023-04-23T11:33:08+00:00","og_image":[{"width":314,"height":323,"url":"https:\/\/www.zaldionline.com\/es\/wp-content\/uploads\/sites\/2\/2020\/11\/Bild_2020-11-11_184035.png","type":"image\/png"}],"twitter_card":"summary_large_image","twitter_misc":{"Tiempo de lectura":"1 minuto"},"schema":{"@context":"https:\/\/schema.org","@graph":[{"@type":"WebPage","@id":"https:\/\/www.zaldionline.com\/es\/producto\/hs-safety-with-offset-eye-stirrup-hs-44234-122-55-steigbuegel\/","url":"https:\/\/www.zaldionline.com\/es\/producto\/hs-safety-with-offset-eye-stirrup-hs-44234-122-55-steigbuegel\/","name":"SICHERHEITSSTEIGB\u00dcGEL HS SPRENGER STIRRUP - Zaldionline.com","isPartOf":{"@id":"https:\/\/www.zaldionline.com\/es\/#website"},"primaryImageOfPage":{"@id":"https:\/\/www.zaldionline.com\/es\/producto\/hs-safety-with-offset-eye-stirrup-hs-44234-122-55-steigbuegel\/#primaryimage"},"image":{"@id":"https:\/\/www.zaldionline.com\/es\/producto\/hs-safety-with-offset-eye-stirrup-hs-44234-122-55-steigbuegel\/#primaryimage"},"thumbnailUrl":"https:\/\/www.zaldionline.com\/es\/wp-content\/uploads\/sites\/2\/2020\/11\/Bild_2020-11-11_184035.png","datePublished":"2020-11-11T17:21:08+00:00","dateModified":"2023-04-23T11:33:08+00:00","description":"Preis inkl. MwSt.: 209,36\u20ac Gedrehter Sicherheitssteigb\u00fcgel. Drehbarer Steigb\u00fcgel. Gummipuffer. Auch erh\u00e4ltlich in Kindergr\u00f6\u00dfe (Ref. 2103910. ).Hergestellt von HS Sprenger. Erh\u00e4ltlich \u00fcber Zaldionline.com Ref. 2103909","breadcrumb":{"@id":"https:\/\/www.zaldionline.com\/es\/producto\/hs-safety-with-offset-eye-stirrup-hs-44234-122-55-steigbuegel\/#breadcrumb"},"inLanguage":"es","potentialAction":[{"@type":"ReadAction","target":["https:\/\/www.zaldionline.com\/es\/producto\/hs-safety-with-offset-eye-stirrup-hs-44234-122-55-steigbuegel\/"]}]},{"@type":"ImageObject","inLanguage":"es","@id":"https:\/\/www.zaldionline.com\/es\/producto\/hs-safety-with-offset-eye-stirrup-hs-44234-122-55-steigbuegel\/#primaryimage","url":"https:\/\/www.zaldionline.com\/es\/wp-content\/uploads\/sites\/2\/2020\/11\/Bild_2020-11-11_184035.png","contentUrl":"https:\/\/www.zaldionline.com\/es\/wp-content\/uploads\/sites\/2\/2020\/11\/Bild_2020-11-11_184035.png","width":314,"height":323},{"@type":"BreadcrumbList","@id":"https:\/\/www.zaldionline.com\/es\/producto\/hs-safety-with-offset-eye-stirrup-hs-44234-122-55-steigbuegel\/#breadcrumb","itemListElement":[{"@type":"ListItem","position":1,"name":"Portada","item":"https:\/\/www.zaldionline.com\/es\/"},{"@type":"ListItem","position":2,"name":"Sillas y accesorios","item":"https:\/\/www.zaldionline.com\/es\/sillas-y-accesorios\/"},{"@type":"ListItem","position":3,"name":"SICHERHEITSSTEIGB\u00dcGEL HS SPRENGER STIRRUP"}]},{"@type":"WebSite","@id":"https:\/\/www.zaldionline.com\/es\/#website","url":"https:\/\/www.zaldionline.com\/es\/","name":"Zaldionline.com","description":"Los mejores productos para usted y su caballo","potentialAction":[{"@type":"SearchAction","target":{"@type":"EntryPoint","urlTemplate":"https:\/\/www.zaldionline.com\/es\/?s={search_term_string}"},"query-input":{"@type":"PropertyValueSpecification","valueRequired":true,"valueName":"search_term_string"}}],"inLanguage":"es"}]}},"_links":{"self":[{"href":"https:\/\/www.zaldionline.com\/es\/wp-json\/wp\/v2\/product\/16189","targetHints":{"allow":["GET"]}}],"collection":[{"href":"https:\/\/www.zaldionline.com\/es\/wp-json\/wp\/v2\/product"}],"about":[{"href":"https:\/\/www.zaldionline.com\/es\/wp-json\/wp\/v2\/types\/product"}],"replies":[{"embeddable":true,"href":"https:\/\/www.zaldionline.com\/es\/wp-json\/wp\/v2\/comments?post=16189"}],"version-history":[{"count":3,"href":"https:\/\/www.zaldionline.com\/es\/wp-json\/wp\/v2\/product\/16189\/revisions"}],"predecessor-version":[{"id":23551,"href":"https:\/\/www.zaldionline.com\/es\/wp-json\/wp\/v2\/product\/16189\/revisions\/23551"}],"wp:featuredmedia":[{"embeddable":true,"href":"https:\/\/www.zaldionline.com\/es\/wp-json\/wp\/v2\/media\/16203"}],"wp:attachment":[{"href":"https:\/\/www.zaldionline.com\/es\/wp-json\/wp\/v2\/media?parent=16189"}],"wp:term":[{"taxonomy":"product_brand","embeddable":true,"href":"https:\/\/www.zaldionline.com\/es\/wp-json\/wp\/v2\/product_brand?post=16189"},{"taxonomy":"product_cat","embeddable":true,"href":"https:\/\/www.zaldionline.com\/es\/wp-json\/wp\/v2\/product_cat?post=16189"},{"taxonomy":"product_tag","embeddable":true,"href":"https:\/\/www.zaldionline.com\/es\/wp-json\/wp\/v2\/product_tag?post=16189"}],"curies":[{"name":"wp","href":"https:\/\/api.w.org\/{rel}","templated":true}]}}