{"id":16196,"date":"2020-11-11T17:27:53","date_gmt":"2020-11-11T17:27:53","guid":{"rendered":"https:\/\/zaldionline.com\/?post_type=product&#038;p=16196"},"modified":"2023-04-23T11:19:22","modified_gmt":"2023-04-23T11:19:22","slug":"equitaly-aluminium-stirrup-eq00010-dressage-grey-steigbuegel","status":"publish","type":"product","link":"https:\/\/www.zaldionline.com\/es\/producto\/equitaly-aluminium-stirrup-eq00010-dressage-grey-steigbuegel\/","title":{"rendered":"LEICHTE DRESSURSTEIGB\u00dcGEL AUS ALUMINIUM STIRRUP"},"content":{"rendered":"<p>Preis inkl. MwSt.: 187,83\u20ac<\/p>\n<p>Kompensierter englischer Dressurb\u00fcgel f\u00fcr mehr Komfort<\/p>\n<p>Hergestellt aus Aluminium f\u00fcr gro\u00dfe Leichtigkeit (980 Gramm pro Paar)<\/p>\n<p>Anatomisches Anti-Rutsch-Pad aus Aluminium<\/p>\n<p>Er hat eine H\u00f6he von 17 cm <span data-language-for-alternatives=\"de\" data-language-to-translate-into=\"es\" data-phrase-index=\"7\">und eine Breite von 14 cm (Schritt des Fu\u00dfes von 12 cm.)<\/span><\/p>\n<p>Silberfarben<\/p>\n<p>Die Steigb\u00fcgel werden getestet, um dem Kunden hervorragende Leistungen zu bieten. Sie werden statischen Belastungstests unterzogen, um hervorragende Ergebnisse zu erzielen<\/p>\n<p>Ref. 2103958<\/p>\n<p><strong>Wenn Du hier nicht gefunden hast wonach Du suchst,<\/strong><\/p>\n<p>schau bitte auf der&nbsp;<a href=\"https:\/\/tienda.zaldi.com\/en\/98-stirrups-accessories\">https:\/\/tienda.zaldi.com\/en\/98-stirrups-accessories<\/a> Seite. Dort sind noch weitere Artikel aufgef\u00fchrt.<\/p>\n<p>Suche die entsprechende Referenznummer und Beschreibung heraus und<\/p>\n<p>sende uns Deinen gesamten Auftrag per E-Mail zu.<\/p>\n","protected":false},"excerpt":{"rendered":"<p>Preis inkl. MwSt.: 187,83\u20ac Kompensierter englischer Dressurb\u00fcgel f\u00fcr mehr Komfort Hergestellt aus Aluminium f\u00fcr gro\u00dfe Leichtigkeit (980 Gramm pro Paar) Anatomisches Anti-Rutsch-Pad aus Aluminium Er hat eine H\u00f6he von 17 cm und eine Breite von 14 cm (Schritt des Fu\u00dfes von 12 cm.) Silberfarben Die Steigb\u00fcgel werden getestet, um dem Kunden hervorragende Leistungen zu bieten. [&hellip;]<\/p>\n","protected":false},"featured_media":17417,"comment_status":"open","ping_status":"closed","template":"","meta":{"site-sidebar-layout":"default","site-content-layout":"default","ast-site-content-layout":"default","site-content-style":"default","site-sidebar-style":"default","ast-global-header-display":"","ast-banner-title-visibility":"","ast-main-header-display":"","ast-hfb-above-header-display":"","ast-hfb-below-header-display":"","ast-hfb-mobile-header-display":"","site-post-title":"","ast-breadcrumbs-content":"","ast-featured-img":"","footer-sml-layout":"","ast-disable-related-posts":"","theme-transparent-header-meta":"default","adv-header-id-meta":"","stick-header-meta":"","header-above-stick-meta":"","header-main-stick-meta":"","header-below-stick-meta":"","astra-migrate-meta-layouts":"default","ast-page-background-enabled":"default","ast-page-background-meta":{"desktop":{"background-color":"var(--ast-global-color-4)","background-image":"","background-repeat":"repeat","background-position":"center center","background-size":"auto","background-attachment":"scroll","background-type":"","background-media":"","overlay-type":"","overlay-color":"","overlay-opacity":"","overlay-gradient":""},"tablet":{"background-color":"","background-image":"","background-repeat":"repeat","background-position":"center center","background-size":"auto","background-attachment":"scroll","background-type":"","background-media":"","overlay-type":"","overlay-color":"","overlay-opacity":"","overlay-gradient":""},"mobile":{"background-color":"","background-image":"","background-repeat":"repeat","background-position":"center center","background-size":"auto","background-attachment":"scroll","background-type":"","background-media":"","overlay-type":"","overlay-color":"","overlay-opacity":"","overlay-gradient":""}},"ast-content-background-meta":{"desktop":{"background-color":"var(--ast-global-color-5)","background-image":"","background-repeat":"repeat","background-position":"center center","background-size":"auto","background-attachment":"scroll","background-type":"","background-media":"","overlay-type":"","overlay-color":"","overlay-opacity":"","overlay-gradient":""},"tablet":{"background-color":"var(--ast-global-color-5)","background-image":"","background-repeat":"repeat","background-position":"center center","background-size":"auto","background-attachment":"scroll","background-type":"","background-media":"","overlay-type":"","overlay-color":"","overlay-opacity":"","overlay-gradient":""},"mobile":{"background-color":"var(--ast-global-color-5)","background-image":"","background-repeat":"repeat","background-position":"center center","background-size":"auto","background-attachment":"scroll","background-type":"","background-media":"","overlay-type":"","overlay-color":"","overlay-opacity":"","overlay-gradient":""}},"ngg_post_thumbnail":0},"product_brand":[],"product_cat":[18,51],"product_tag":[898,664,899,634,340,337,338,339],"class_list":{"0":"post-16196","1":"product","2":"type-product","3":"status-publish","4":"has-post-thumbnail","6":"product_cat-accesorios","7":"product_cat-estribos-accesorios","8":"product_tag-alu-steigbuegel","9":"product_tag-aluminium-steigbuegel","10":"product_tag-dressursteigbuegel","11":"product_tag-steigbuegel","12":"product_tag-susanne-nagel","13":"product_tag-zaldi","14":"product_tag-zaldi-deutschland","15":"product_tag-zaldi-online-com","16":"desktop-align-left","17":"tablet-align-left","18":"mobile-align-left","20":"first","21":"instock","22":"taxable","23":"shipping-taxable","24":"purchasable","25":"product-type-simple"},"yoast_head":"<!-- This site is optimized with the Yoast SEO plugin v27.5 - https:\/\/yoast.com\/product\/yoast-seo-wordpress\/ -->\n<title>LEICHTE DRESSURSTEIGB\u00dcGEL AUS ALUMINIUM STIRRUP - Zaldionline.com<\/title>\n<meta name=\"description\" content=\"Preis inkl. MwSt.: 187,83\u20ac Kompensierter englischer Dressurb\u00fcgel f\u00fcr mehr Komfort. Hergestellt aus Aluminium f\u00fcr gro\u00dfe Leichtigkeit (980 Gramm pro Paar). Anatomisches Anti-Rutsch-Pad aus Aluminium. Er hat eine H\u00f6he von 17 cm und eine Breite von 14 cm (Schritt des Fu\u00dfes von 12 cm.). Silberfarben. Die Steigb\u00fcgel werden getestet, um dem Kunden hervorragende Leistungen zu bieten. Sie werden statischen Belastungstests unterzogen, um hervorragende Ergebnisse zu erzielen. Erh\u00e4ltlich \u00fcber Zaldionline.com Ref. 2103958\" \/>\n<meta name=\"robots\" content=\"noindex, follow, max-snippet:-1, max-image-preview:large, max-video-preview:-1\" \/>\n<meta property=\"og:locale\" content=\"es_ES\" \/>\n<meta property=\"og:type\" content=\"article\" \/>\n<meta property=\"og:title\" content=\"LEICHTE DRESSURSTEIGB\u00dcGEL AUS ALUMINIUM STIRRUP - Zaldionline.com\" \/>\n<meta property=\"og:description\" content=\"Preis inkl. MwSt.: 187,83\u20ac Kompensierter englischer Dressurb\u00fcgel f\u00fcr mehr Komfort. Hergestellt aus Aluminium f\u00fcr gro\u00dfe Leichtigkeit (980 Gramm pro Paar). Anatomisches Anti-Rutsch-Pad aus Aluminium. Er hat eine H\u00f6he von 17 cm und eine Breite von 14 cm (Schritt des Fu\u00dfes von 12 cm.). Silberfarben. Die Steigb\u00fcgel werden getestet, um dem Kunden hervorragende Leistungen zu bieten. Sie werden statischen Belastungstests unterzogen, um hervorragende Ergebnisse zu erzielen. Erh\u00e4ltlich \u00fcber Zaldionline.com Ref. 2103958\" \/>\n<meta property=\"og:url\" content=\"https:\/\/www.zaldionline.com\/es\/producto\/equitaly-aluminium-stirrup-eq00010-dressage-grey-steigbuegel\/\" \/>\n<meta property=\"og:site_name\" content=\"Zaldionline.com\" \/>\n<meta property=\"article:modified_time\" content=\"2023-04-23T11:19:22+00:00\" \/>\n<meta property=\"og:image\" content=\"https:\/\/www.zaldionline.com\/es\/wp-content\/uploads\/sites\/2\/2020\/11\/Bild_2020-12-10_154132.png\" \/>\n\t<meta property=\"og:image:width\" content=\"517\" \/>\n\t<meta property=\"og:image:height\" content=\"507\" \/>\n\t<meta property=\"og:image:type\" content=\"image\/png\" \/>\n<meta name=\"twitter:card\" content=\"summary_large_image\" \/>\n<meta name=\"twitter:label1\" content=\"Tiempo de lectura\" \/>\n\t<meta name=\"twitter:data1\" content=\"1 minuto\" \/>\n<script type=\"application\/ld+json\" class=\"yoast-schema-graph\">{\"@context\":\"https:\\\/\\\/schema.org\",\"@graph\":[{\"@type\":\"WebPage\",\"@id\":\"https:\\\/\\\/www.zaldionline.com\\\/es\\\/producto\\\/equitaly-aluminium-stirrup-eq00010-dressage-grey-steigbuegel\\\/\",\"url\":\"https:\\\/\\\/www.zaldionline.com\\\/es\\\/producto\\\/equitaly-aluminium-stirrup-eq00010-dressage-grey-steigbuegel\\\/\",\"name\":\"LEICHTE DRESSURSTEIGB\u00dcGEL AUS ALUMINIUM STIRRUP - Zaldionline.com\",\"isPartOf\":{\"@id\":\"https:\\\/\\\/www.zaldionline.com\\\/es\\\/#website\"},\"primaryImageOfPage\":{\"@id\":\"https:\\\/\\\/www.zaldionline.com\\\/es\\\/producto\\\/equitaly-aluminium-stirrup-eq00010-dressage-grey-steigbuegel\\\/#primaryimage\"},\"image\":{\"@id\":\"https:\\\/\\\/www.zaldionline.com\\\/es\\\/producto\\\/equitaly-aluminium-stirrup-eq00010-dressage-grey-steigbuegel\\\/#primaryimage\"},\"thumbnailUrl\":\"https:\\\/\\\/www.zaldionline.com\\\/es\\\/wp-content\\\/uploads\\\/sites\\\/2\\\/2020\\\/11\\\/Bild_2020-12-10_154132.png\",\"datePublished\":\"2020-11-11T17:27:53+00:00\",\"dateModified\":\"2023-04-23T11:19:22+00:00\",\"description\":\"Preis inkl. MwSt.: 187,83\u20ac Kompensierter englischer Dressurb\u00fcgel f\u00fcr mehr Komfort. Hergestellt aus Aluminium f\u00fcr gro\u00dfe Leichtigkeit (980 Gramm pro Paar). Anatomisches Anti-Rutsch-Pad aus Aluminium. Er hat eine H\u00f6he von 17 cm und eine Breite von 14 cm (Schritt des Fu\u00dfes von 12 cm.). Silberfarben. Die Steigb\u00fcgel werden getestet, um dem Kunden hervorragende Leistungen zu bieten. Sie werden statischen Belastungstests unterzogen, um hervorragende Ergebnisse zu erzielen. Erh\u00e4ltlich \u00fcber Zaldionline.com Ref. 2103958\",\"breadcrumb\":{\"@id\":\"https:\\\/\\\/www.zaldionline.com\\\/es\\\/producto\\\/equitaly-aluminium-stirrup-eq00010-dressage-grey-steigbuegel\\\/#breadcrumb\"},\"inLanguage\":\"es\",\"potentialAction\":[{\"@type\":\"ReadAction\",\"target\":[\"https:\\\/\\\/www.zaldionline.com\\\/es\\\/producto\\\/equitaly-aluminium-stirrup-eq00010-dressage-grey-steigbuegel\\\/\"]}]},{\"@type\":\"ImageObject\",\"inLanguage\":\"es\",\"@id\":\"https:\\\/\\\/www.zaldionline.com\\\/es\\\/producto\\\/equitaly-aluminium-stirrup-eq00010-dressage-grey-steigbuegel\\\/#primaryimage\",\"url\":\"https:\\\/\\\/www.zaldionline.com\\\/es\\\/wp-content\\\/uploads\\\/sites\\\/2\\\/2020\\\/11\\\/Bild_2020-12-10_154132.png\",\"contentUrl\":\"https:\\\/\\\/www.zaldionline.com\\\/es\\\/wp-content\\\/uploads\\\/sites\\\/2\\\/2020\\\/11\\\/Bild_2020-12-10_154132.png\",\"width\":517,\"height\":507},{\"@type\":\"BreadcrumbList\",\"@id\":\"https:\\\/\\\/www.zaldionline.com\\\/es\\\/producto\\\/equitaly-aluminium-stirrup-eq00010-dressage-grey-steigbuegel\\\/#breadcrumb\",\"itemListElement\":[{\"@type\":\"ListItem\",\"position\":1,\"name\":\"Portada\",\"item\":\"https:\\\/\\\/www.zaldionline.com\\\/es\\\/\"},{\"@type\":\"ListItem\",\"position\":2,\"name\":\"Sillas y accesorios\",\"item\":\"https:\\\/\\\/www.zaldionline.com\\\/es\\\/sillas-y-accesorios\\\/\"},{\"@type\":\"ListItem\",\"position\":3,\"name\":\"LEICHTE DRESSURSTEIGB\u00dcGEL AUS ALUMINIUM STIRRUP\"}]},{\"@type\":\"WebSite\",\"@id\":\"https:\\\/\\\/www.zaldionline.com\\\/es\\\/#website\",\"url\":\"https:\\\/\\\/www.zaldionline.com\\\/es\\\/\",\"name\":\"Zaldionline.com\",\"description\":\"Los mejores productos para usted y su caballo\",\"potentialAction\":[{\"@type\":\"SearchAction\",\"target\":{\"@type\":\"EntryPoint\",\"urlTemplate\":\"https:\\\/\\\/www.zaldionline.com\\\/es\\\/?s={search_term_string}\"},\"query-input\":{\"@type\":\"PropertyValueSpecification\",\"valueRequired\":true,\"valueName\":\"search_term_string\"}}],\"inLanguage\":\"es\"}]}<\/script>\n<!-- \/ Yoast SEO plugin. -->","yoast_head_json":{"title":"LEICHTE DRESSURSTEIGB\u00dcGEL AUS ALUMINIUM STIRRUP - Zaldionline.com","description":"Preis inkl. MwSt.: 187,83\u20ac Kompensierter englischer Dressurb\u00fcgel f\u00fcr mehr Komfort. Hergestellt aus Aluminium f\u00fcr gro\u00dfe Leichtigkeit (980 Gramm pro Paar). Anatomisches Anti-Rutsch-Pad aus Aluminium. Er hat eine H\u00f6he von 17 cm und eine Breite von 14 cm (Schritt des Fu\u00dfes von 12 cm.). Silberfarben. Die Steigb\u00fcgel werden getestet, um dem Kunden hervorragende Leistungen zu bieten. Sie werden statischen Belastungstests unterzogen, um hervorragende Ergebnisse zu erzielen. Erh\u00e4ltlich \u00fcber Zaldionline.com Ref. 2103958","robots":{"index":"noindex","follow":"follow","max-snippet":"max-snippet:-1","max-image-preview":"max-image-preview:large","max-video-preview":"max-video-preview:-1"},"og_locale":"es_ES","og_type":"article","og_title":"LEICHTE DRESSURSTEIGB\u00dcGEL AUS ALUMINIUM STIRRUP - Zaldionline.com","og_description":"Preis inkl. MwSt.: 187,83\u20ac Kompensierter englischer Dressurb\u00fcgel f\u00fcr mehr Komfort. Hergestellt aus Aluminium f\u00fcr gro\u00dfe Leichtigkeit (980 Gramm pro Paar). Anatomisches Anti-Rutsch-Pad aus Aluminium. Er hat eine H\u00f6he von 17 cm und eine Breite von 14 cm (Schritt des Fu\u00dfes von 12 cm.). Silberfarben. Die Steigb\u00fcgel werden getestet, um dem Kunden hervorragende Leistungen zu bieten. Sie werden statischen Belastungstests unterzogen, um hervorragende Ergebnisse zu erzielen. Erh\u00e4ltlich \u00fcber Zaldionline.com Ref. 2103958","og_url":"https:\/\/www.zaldionline.com\/es\/producto\/equitaly-aluminium-stirrup-eq00010-dressage-grey-steigbuegel\/","og_site_name":"Zaldionline.com","article_modified_time":"2023-04-23T11:19:22+00:00","og_image":[{"width":517,"height":507,"url":"https:\/\/www.zaldionline.com\/es\/wp-content\/uploads\/sites\/2\/2020\/11\/Bild_2020-12-10_154132.png","type":"image\/png"}],"twitter_card":"summary_large_image","twitter_misc":{"Tiempo de lectura":"1 minuto"},"schema":{"@context":"https:\/\/schema.org","@graph":[{"@type":"WebPage","@id":"https:\/\/www.zaldionline.com\/es\/producto\/equitaly-aluminium-stirrup-eq00010-dressage-grey-steigbuegel\/","url":"https:\/\/www.zaldionline.com\/es\/producto\/equitaly-aluminium-stirrup-eq00010-dressage-grey-steigbuegel\/","name":"LEICHTE DRESSURSTEIGB\u00dcGEL AUS ALUMINIUM STIRRUP - Zaldionline.com","isPartOf":{"@id":"https:\/\/www.zaldionline.com\/es\/#website"},"primaryImageOfPage":{"@id":"https:\/\/www.zaldionline.com\/es\/producto\/equitaly-aluminium-stirrup-eq00010-dressage-grey-steigbuegel\/#primaryimage"},"image":{"@id":"https:\/\/www.zaldionline.com\/es\/producto\/equitaly-aluminium-stirrup-eq00010-dressage-grey-steigbuegel\/#primaryimage"},"thumbnailUrl":"https:\/\/www.zaldionline.com\/es\/wp-content\/uploads\/sites\/2\/2020\/11\/Bild_2020-12-10_154132.png","datePublished":"2020-11-11T17:27:53+00:00","dateModified":"2023-04-23T11:19:22+00:00","description":"Preis inkl. MwSt.: 187,83\u20ac Kompensierter englischer Dressurb\u00fcgel f\u00fcr mehr Komfort. Hergestellt aus Aluminium f\u00fcr gro\u00dfe Leichtigkeit (980 Gramm pro Paar). Anatomisches Anti-Rutsch-Pad aus Aluminium. Er hat eine H\u00f6he von 17 cm und eine Breite von 14 cm (Schritt des Fu\u00dfes von 12 cm.). Silberfarben. Die Steigb\u00fcgel werden getestet, um dem Kunden hervorragende Leistungen zu bieten. Sie werden statischen Belastungstests unterzogen, um hervorragende Ergebnisse zu erzielen. Erh\u00e4ltlich \u00fcber Zaldionline.com Ref. 2103958","breadcrumb":{"@id":"https:\/\/www.zaldionline.com\/es\/producto\/equitaly-aluminium-stirrup-eq00010-dressage-grey-steigbuegel\/#breadcrumb"},"inLanguage":"es","potentialAction":[{"@type":"ReadAction","target":["https:\/\/www.zaldionline.com\/es\/producto\/equitaly-aluminium-stirrup-eq00010-dressage-grey-steigbuegel\/"]}]},{"@type":"ImageObject","inLanguage":"es","@id":"https:\/\/www.zaldionline.com\/es\/producto\/equitaly-aluminium-stirrup-eq00010-dressage-grey-steigbuegel\/#primaryimage","url":"https:\/\/www.zaldionline.com\/es\/wp-content\/uploads\/sites\/2\/2020\/11\/Bild_2020-12-10_154132.png","contentUrl":"https:\/\/www.zaldionline.com\/es\/wp-content\/uploads\/sites\/2\/2020\/11\/Bild_2020-12-10_154132.png","width":517,"height":507},{"@type":"BreadcrumbList","@id":"https:\/\/www.zaldionline.com\/es\/producto\/equitaly-aluminium-stirrup-eq00010-dressage-grey-steigbuegel\/#breadcrumb","itemListElement":[{"@type":"ListItem","position":1,"name":"Portada","item":"https:\/\/www.zaldionline.com\/es\/"},{"@type":"ListItem","position":2,"name":"Sillas y accesorios","item":"https:\/\/www.zaldionline.com\/es\/sillas-y-accesorios\/"},{"@type":"ListItem","position":3,"name":"LEICHTE DRESSURSTEIGB\u00dcGEL AUS ALUMINIUM STIRRUP"}]},{"@type":"WebSite","@id":"https:\/\/www.zaldionline.com\/es\/#website","url":"https:\/\/www.zaldionline.com\/es\/","name":"Zaldionline.com","description":"Los mejores productos para usted y su caballo","potentialAction":[{"@type":"SearchAction","target":{"@type":"EntryPoint","urlTemplate":"https:\/\/www.zaldionline.com\/es\/?s={search_term_string}"},"query-input":{"@type":"PropertyValueSpecification","valueRequired":true,"valueName":"search_term_string"}}],"inLanguage":"es"}]}},"_links":{"self":[{"href":"https:\/\/www.zaldionline.com\/es\/wp-json\/wp\/v2\/product\/16196","targetHints":{"allow":["GET"]}}],"collection":[{"href":"https:\/\/www.zaldionline.com\/es\/wp-json\/wp\/v2\/product"}],"about":[{"href":"https:\/\/www.zaldionline.com\/es\/wp-json\/wp\/v2\/types\/product"}],"replies":[{"embeddable":true,"href":"https:\/\/www.zaldionline.com\/es\/wp-json\/wp\/v2\/comments?post=16196"}],"version-history":[{"count":2,"href":"https:\/\/www.zaldionline.com\/es\/wp-json\/wp\/v2\/product\/16196\/revisions"}],"predecessor-version":[{"id":23548,"href":"https:\/\/www.zaldionline.com\/es\/wp-json\/wp\/v2\/product\/16196\/revisions\/23548"}],"wp:featuredmedia":[{"embeddable":true,"href":"https:\/\/www.zaldionline.com\/es\/wp-json\/wp\/v2\/media\/17417"}],"wp:attachment":[{"href":"https:\/\/www.zaldionline.com\/es\/wp-json\/wp\/v2\/media?parent=16196"}],"wp:term":[{"taxonomy":"product_brand","embeddable":true,"href":"https:\/\/www.zaldionline.com\/es\/wp-json\/wp\/v2\/product_brand?post=16196"},{"taxonomy":"product_cat","embeddable":true,"href":"https:\/\/www.zaldionline.com\/es\/wp-json\/wp\/v2\/product_cat?post=16196"},{"taxonomy":"product_tag","embeddable":true,"href":"https:\/\/www.zaldionline.com\/es\/wp-json\/wp\/v2\/product_tag?post=16196"}],"curies":[{"name":"wp","href":"https:\/\/api.w.org\/{rel}","templated":true}]}}